{"id":10672,"date":"2021-08-02T09:27:47","date_gmt":"2021-08-02T09:27:47","guid":{"rendered":"https:\/\/biodynamizer.spleen-creation.be\/?page_id=10672"},"modified":"2024-04-26T08:17:33","modified_gmt":"2024-04-26T08:17:33","slug":"oberflaechenspannung","status":"publish","type":"page","link":"https:\/\/biodynamizer.com\/de\/wissenschaftliche-analyse\/oberflaechenspannung\/","title":{"rendered":"Oberfl\u00e4chenspannung"},"content":{"rendered":"<section class=\"l-section wpb_row us_custom_916fdabd height_auto\"><div class=\"l-section-h i-cf\"><div class=\"g-cols vc_row via_flex valign_top type_default stacking_default\"><div class=\"vc_col-sm-12 wpb_column vc_column_container\"><div class=\"vc_column-inner\"><div class=\"wpb_wrapper\"><nav class=\"g-breadcrumbs separator_icon align_none\" itemscope itemtype=\"http:\/\/schema.org\/BreadcrumbList\"><div class=\"g-breadcrumbs-item\" itemscope itemprop=\"itemListElement\" itemtype=\"http:\/\/schema.org\/ListItem\"><a itemprop=\"item\" href=\"https:\/\/biodynamizer.com\/de\/\"><span itemprop=\"name\">Start<\/span><\/a><meta itemprop=\"position\" content=\"1\"\/><\/div><div class=\"g-breadcrumbs-separator\"><i class=\"far fa-angle-right\"><\/i><\/div><div class=\"g-breadcrumbs-item\">Seiten<\/div><\/nav><\/div><\/div><\/div><\/div><\/div><\/section><section class=\"l-section wpb_row us_custom_70df02f3 height_huge width_full with_img\"><div class=\"l-section-img\" role=\"img\" aria-label=\"Tension superficielle de l&#039;eau\" data-img-width=\"2560\" data-img-height=\"1440\" style=\"background-image: url(https:\/\/biodynamizer.com\/wp-content\/uploads\/2021\/07\/03679080b0dbdf0a006588eb83ad869313738318-shutterstock_270793961-scaled.jpg);\"><\/div><div class=\"l-section-h i-cf\"><div class=\"g-cols vc_row via_flex valign_top type_default stacking_default\"><div class=\"vc_col-sm-12 wpb_column vc_column_container\"><div class=\"vc_column-inner\"><div class=\"wpb_wrapper\"><div class=\"wpb_text_column us_custom_6df4bc3a has_text_color\"><div class=\"wpb_wrapper\"><h3 style=\"text-align: center;\">Die Oberfl\u00e4chenspannung von dynamisiertem Wasser<\/h3>\n<\/div><\/div><\/div><\/div><\/div><\/div><\/div><\/section><section class=\"l-section wpb_row height_auto\"><div class=\"l-section-h i-cf\"><div class=\"g-cols vc_row via_flex valign_top type_default stacking_default\"><div class=\"vc_col-sm-12 wpb_column vc_column_container\"><div class=\"vc_column-inner\"><div class=\"wpb_wrapper\"><div class=\"w-separator size_medium\"><\/div><\/div><\/div><\/div><\/div><\/div><\/section><section class=\"l-section wpb_row height_auto\"><div class=\"l-section-h i-cf\"><div class=\"g-cols vc_row via_flex valign_top type_default stacking_default\"><div class=\"vc_col-sm-12 wpb_column vc_column_container\"><div class=\"vc_column-inner\"><div class=\"wpb_wrapper\"><div class=\"w-separator size_medium\"><\/div><div class=\"wpb_text_column\"><div class=\"wpb_wrapper\"><p><strong>Analyse nach internationalen Standards im Juli 2021 durch das SGS-Labor in Rotterdam, Niederlande (Kr\u00fcss Easy Dyne Ger\u00e4t). Die Ringabrei\u00dfmethode misst die Oberfl\u00e4chenspannung von Wasser: Der Platinring wird eingetaucht und dann nach oben gezogen, bis er die Fl\u00fcssigkeitsoberfl\u00e4che \u00fcberquert. Die Lamelle wird bis zum Bruch \u00fcberdehnt und gibt das Ma\u00df f\u00fcr die Oberfl\u00e4chenspannung des Wassers an.<\/strong><\/p>\n<p>Vergleich der Oberfl\u00e4chenspannung von dynamisiertem und nicht dynamisiertem Leitungswasser aus Rhode Saint Gen\u00e8se (Belgien)<br \/>\nNach Analyse stellt sich heraus, dass das durch den Biodynamizer dynamisierte Wasser <strong>eine geringere Oberfl\u00e4chenspannung von -15%<\/strong> im Vergleich zu nicht dynamisiertem Wasser aufweist (66 Dynes\/cm -&gt; 56 Dynes\/cm bzw. mN\/m bei 20\u00b0C und gemessen nach ASTM D1331).<\/p>\n<p>Zu wissen, dass eine niedrigere Oberfl\u00e4chenspannung eine \u201e<em>mehr Benetzungskraft<\/em>\u201c hat, die das Eindringen von Wasser in die Zellen optimiert und somit eine <a href=\"https:\/\/biodynamizer.com\/de\/die-vorteile\/wasser-feuchtigkeitsspender\/\"><span style=\"text-decoration: underline;\"><strong>bessere Zellhydratation<\/strong><\/span><\/a> erm\u00f6glicht (dies geschieht \u00fcber Aquaporine, durch die pro Sekunde +\/- 1 Milliarde Molek\u00fcle Wasser in die Zelle gelangen ).<\/p>\n<p>Diese bessere Fl\u00fcssigkeitszufuhr w\u00fcrde dazu beitragen, Giftstoffe und Stoffwechselschlacken zu beseitigen und somit den K\u00f6rper zu entgiften.<br \/>\n&#8222;<em>Wenn N\u00e4hrstoffe aufgrund der hohen Oberfl\u00e4chenspannung des Wassers nicht in die Zellen gelangen k\u00f6nnen, dehydrieren die Zellen und sterben an der Ansammlung ihrer eigenen Abf\u00e4lle<\/em>&#8222;, sagte Nobelpreistr\u00e4ger Alexis Carrel.<\/p>\n<p>Diese zellul\u00e4re Entgiftung wird daher verst\u00e4rkt durch:<\/p>\n<ul>\n<li>Eine geringere Oberfl\u00e4chenspannung des Wassers (da das Wasser dann \u00fcber Aquaporine besser in die Zellen eindringt),<\/li>\n<li>Eine Ver\u00e4nderung der <strong><a href=\"https:\/\/biodynamizer.com\/de\/wasser\/#voltage\"><span style=\"text-decoration: underline;\">Membranspannung der Zelle<\/span><\/a><\/strong>, die die Ionenkan\u00e4le aktiviert (Wasser mit einer elektronegativen Ladung f\u00f6rdert das negative Potential der Membran und damit das \u00d6ffnen\/Schlie\u00dfen der Ionenkan\u00e4le)<\/li>\n<\/ul>\n<p>Dieser Abfall der Oberfl\u00e4chenspannung des dynamisierten Wassers wurde auch beobachtet durch:<\/p>\n<ul>\n<li><a href=\"https:\/\/biodynamizer.com\/de\/wissenschaftliche-analyse\/la-kamera-elektrophotonische-coramp-loesungen\/\"><span style=\"text-decoration: underline;\"><strong>Elektrophotonische Analyse<\/strong><\/span><\/a> (Ausbreitung des dynamisierten Wassertropfens)<\/li>\n<li>Studien zum <a href=\"https:\/\/biodynamizer.com\/de\/wasser\/studien-zum-einfluss-von-magnetismus-auf-wasser-dynamized-technologies\/\"><span style=\"text-decoration: underline;\"><strong>Einfluss des Magnetismus auf Wasser<\/strong><\/span><\/a><\/li>\n<\/ul>\n<\/div><\/div><div class=\"w-separator size_small\"><\/div><\/div><\/div><\/div><\/div><\/div><\/section><section class=\"l-section wpb_row height_auto\"><div class=\"l-section-h i-cf\"><div class=\"g-cols vc_row via_flex valign_top type_default stacking_default\"><div class=\"vc_col-sm-4 wpb_column vc_column_container\"><div class=\"vc_column-inner\"><div class=\"wpb_wrapper\"><div class=\"w-image align_none\"><div class=\"w-image-h\"><img decoding=\"async\" width=\"600\" height=\"600\" src=\"https:\/\/biodynamizer.com\/wp-content\/uploads\/2021\/07\/IMG_7926-600x600.jpg\" class=\"attachment-us_600_600_crop size-us_600_600_crop\" alt=\"Tension superficielle de l&#039;eau\" loading=\"lazy\" srcset=\"https:\/\/biodynamizer.com\/wp-content\/uploads\/2021\/07\/IMG_7926-600x600.jpg 600w, https:\/\/biodynamizer.com\/wp-content\/uploads\/2021\/07\/IMG_7926-150x150.jpg 150w, https:\/\/biodynamizer.com\/wp-content\/uploads\/2021\/07\/IMG_7926-350x350.jpg 350w, https:\/\/biodynamizer.com\/wp-content\/uploads\/2021\/07\/IMG_7926-400x400.jpg 400w, https:\/\/biodynamizer.com\/wp-content\/uploads\/2021\/07\/IMG_7926-200x200.jpg 200w\" sizes=\"auto, (max-width: 600px) 100vw, 600px\" \/><\/div><\/div><\/div><\/div><\/div><div class=\"vc_col-sm-4 wpb_column vc_column_container\"><div class=\"vc_column-inner\"><div class=\"wpb_wrapper\"><div class=\"w-image align_none\"><div class=\"w-image-h\"><img decoding=\"async\" width=\"600\" height=\"600\" src=\"https:\/\/biodynamizer.com\/wp-content\/uploads\/2021\/07\/IMG_7913-1-600x600.jpg\" class=\"attachment-us_600_600_crop size-us_600_600_crop\" alt=\"Tension superficielle de l&#039;eau\" loading=\"lazy\" srcset=\"https:\/\/biodynamizer.com\/wp-content\/uploads\/2021\/07\/IMG_7913-1-600x600.jpg 600w, https:\/\/biodynamizer.com\/wp-content\/uploads\/2021\/07\/IMG_7913-1-150x150.jpg 150w, https:\/\/biodynamizer.com\/wp-content\/uploads\/2021\/07\/IMG_7913-1-350x350.jpg 350w, https:\/\/biodynamizer.com\/wp-content\/uploads\/2021\/07\/IMG_7913-1-400x400.jpg 400w, https:\/\/biodynamizer.com\/wp-content\/uploads\/2021\/07\/IMG_7913-1-200x200.jpg 200w\" sizes=\"auto, (max-width: 600px) 100vw, 600px\" \/><\/div><\/div><\/div><\/div><\/div><div class=\"vc_col-sm-4 wpb_column vc_column_container\"><div class=\"vc_column-inner\"><div class=\"wpb_wrapper\"><div class=\"w-image align_none\"><a title=\"Aquaporines\" target=\"_blank\" rel=\"nofollow\" href=\"https:\/\/youtu.be\/GQaU09Ddv4U \" aria-label=\"Aquaporine site web\" class=\"w-image-h\"><img decoding=\"async\" width=\"350\" height=\"350\" src=\"https:\/\/biodynamizer.com\/wp-content\/uploads\/2021\/07\/Aquaporine-site-web-350x350.png\" class=\"attachment-us_350_350_crop size-us_350_350_crop\" alt=\"Aquaporine illustration\" loading=\"lazy\" srcset=\"https:\/\/biodynamizer.com\/wp-content\/uploads\/2021\/07\/Aquaporine-site-web-350x350.png 350w, https:\/\/biodynamizer.com\/wp-content\/uploads\/2021\/07\/Aquaporine-site-web-150x150.png 150w, https:\/\/biodynamizer.com\/wp-content\/uploads\/2021\/07\/Aquaporine-site-web-400x400.png 400w, https:\/\/biodynamizer.com\/wp-content\/uploads\/2021\/07\/Aquaporine-site-web-200x200.png 200w\" sizes=\"auto, (max-width: 350px) 100vw, 350px\" \/><\/a><\/div><div class=\"wpb_text_column\"><div class=\"wpb_wrapper\"><p><strong>Aquaporine lassen jede Sekunde +\/- 1 Milliarde Wassermolek\u00fcle nacheinander in die Zelle gelangen! (Visualisiert auf dem Video durch das kleine gelbe Molek\u00fcl); Dabei spielt die Oberfl\u00e4chenspannung des Wassers eine wichtige Rolle!<\/strong><\/p>\n<\/div><\/div><div class=\"wpb_text_column us_custom_1b04de86\"><div class=\"wpb_wrapper\"><p>Copyright NIH Center for Macromolecular Modeling and Bioinformatics at the Beckman Institute, University of Illinois (http:\/\/www.ks.uiuc.edu\/)<\/p>\n<\/div><\/div><\/div><\/div><\/div><\/div><\/div><\/section><section class=\"l-section wpb_row height_auto\"><div class=\"l-section-h i-cf\"><div class=\"g-cols vc_row via_flex valign_top type_default stacking_default\"><div class=\"vc_col-sm-6 wpb_column vc_column_container\"><div class=\"vc_column-inner\"><div class=\"wpb_wrapper\"><\/div><\/div><\/div><div class=\"vc_col-sm-6 wpb_column vc_column_container\"><div class=\"vc_column-inner\"><div class=\"wpb_wrapper\"><\/div><\/div><\/div><\/div><\/div><\/section>\n","protected":false},"excerpt":{"rendered":"StartSeitenDie Oberfl\u00e4chenspannung von dynamisiertem Wasser Analyse nach internationalen Standards im Juli 2021 durch das SGS-Labor in Rotterdam, Niederlande (Kr\u00fcss Easy Dyne Ger\u00e4t). Die Ringabrei\u00dfmethode misst die Oberfl\u00e4chenspannung von Wasser: Der Platinring wird eingetaucht und dann nach oben gezogen, bis er die Fl\u00fcssigkeitsoberfl\u00e4che \u00fcberquert. Die Lamelle wird bis zum Bruch \u00fcberdehnt und gibt das Ma\u00df f\u00fcr...","protected":false},"author":3,"featured_media":0,"parent":5816,"menu_order":6,"comment_status":"closed","ping_status":"closed","template":"","meta":{"_monsterinsights_skip_tracking":false,"_monsterinsights_sitenote_active":false,"_monsterinsights_sitenote_note":"","_monsterinsights_sitenote_category":0,"footnotes":""},"class_list":["post-10672","page","type-page","status-publish","hentry"],"yoast_head":"<!-- This site is optimized with the Yoast SEO plugin v27.3 - https:\/\/yoast.com\/product\/yoast-seo-wordpress\/ -->\n<title>Oberfl\u00e4chenspannung - Biodynamizer<\/title>\n<meta name=\"description\" content=\"Biodynamizer - Oberfl\u00e4chenspannung - En savoir plus sur le biodynamizer et le biofiltre\" \/>\n<meta name=\"robots\" content=\"index, follow, max-snippet:-1, max-image-preview:large, max-video-preview:-1\" \/>\n<link rel=\"canonical\" href=\"https:\/\/biodynamizer.com\/de\/wissenschaftliche-analyse\/oberflaechenspannung\/\" \/>\n<meta property=\"og:locale\" content=\"de_DE\" \/>\n<meta property=\"og:type\" content=\"article\" \/>\n<meta property=\"og:title\" content=\"Oberfl\u00e4chenspannung - Biodynamizer\" \/>\n<meta property=\"og:description\" content=\"Biodynamizer - Oberfl\u00e4chenspannung - En savoir plus sur le biodynamizer et le biofiltre\" \/>\n<meta property=\"og:url\" content=\"https:\/\/biodynamizer.com\/de\/wissenschaftliche-analyse\/oberflaechenspannung\/\" \/>\n<meta property=\"og:site_name\" content=\"Biodynamizer\" \/>\n<meta property=\"article:modified_time\" content=\"2024-04-26T08:17:33+00:00\" \/>\n<meta property=\"og:image\" content=\"https:\/\/biodynamizer.com\/wp-content\/uploads\/2019\/11\/Depositphotos_15742931_xl-2015.jpg\" \/>\n\t<meta property=\"og:image:width\" content=\"2000\" \/>\n\t<meta property=\"og:image:height\" content=\"1333\" \/>\n\t<meta property=\"og:image:type\" content=\"image\/jpeg\" \/>\n<meta name=\"twitter:card\" content=\"summary_large_image\" \/>\n<meta name=\"twitter:label1\" content=\"Gesch\u00e4tzte Lesezeit\" \/>\n\t<meta name=\"twitter:data1\" content=\"2\u00a0Minuten\" \/>\n<script type=\"application\/ld+json\" class=\"yoast-schema-graph\">{\"@context\":\"https:\\\/\\\/schema.org\",\"@graph\":[{\"@type\":\"WebPage\",\"@id\":\"https:\\\/\\\/biodynamizer.com\\\/de\\\/wissenschaftliche-analyse\\\/oberflaechenspannung\\\/\",\"url\":\"https:\\\/\\\/biodynamizer.com\\\/de\\\/wissenschaftliche-analyse\\\/oberflaechenspannung\\\/\",\"name\":\"Oberfl\u00e4chenspannung - Biodynamizer\",\"isPartOf\":{\"@id\":\"https:\\\/\\\/biodynamizer.com\\\/de\\\/#website\"},\"datePublished\":\"2021-08-02T09:27:47+00:00\",\"dateModified\":\"2024-04-26T08:17:33+00:00\",\"description\":\"Biodynamizer - Oberfl\u00e4chenspannung - En savoir plus sur le biodynamizer et le biofiltre\",\"breadcrumb\":{\"@id\":\"https:\\\/\\\/biodynamizer.com\\\/de\\\/wissenschaftliche-analyse\\\/oberflaechenspannung\\\/#breadcrumb\"},\"inLanguage\":\"de\",\"potentialAction\":[{\"@type\":\"ReadAction\",\"target\":[\"https:\\\/\\\/biodynamizer.com\\\/de\\\/wissenschaftliche-analyse\\\/oberflaechenspannung\\\/\"]}]},{\"@type\":\"BreadcrumbList\",\"@id\":\"https:\\\/\\\/biodynamizer.com\\\/de\\\/wissenschaftliche-analyse\\\/oberflaechenspannung\\\/#breadcrumb\",\"itemListElement\":[{\"@type\":\"ListItem\",\"position\":1,\"name\":\"Home\",\"item\":\"https:\\\/\\\/biodynamizer.com\\\/de\\\/\"},{\"@type\":\"ListItem\",\"position\":2,\"name\":\"Analyse\",\"item\":\"https:\\\/\\\/biodynamizer.com\\\/de\\\/wissenschaftliche-analyse\\\/\"},{\"@type\":\"ListItem\",\"position\":3,\"name\":\"Oberfl\u00e4chenspannung\"}]},{\"@type\":\"WebSite\",\"@id\":\"https:\\\/\\\/biodynamizer.com\\\/de\\\/#website\",\"url\":\"https:\\\/\\\/biodynamizer.com\\\/de\\\/\",\"name\":\"Biodynamizer\",\"description\":\"Filtrez et dynamisez votre eau\",\"potentialAction\":[{\"@type\":\"SearchAction\",\"target\":{\"@type\":\"EntryPoint\",\"urlTemplate\":\"https:\\\/\\\/biodynamizer.com\\\/de\\\/?s={search_term_string}\"},\"query-input\":{\"@type\":\"PropertyValueSpecification\",\"valueRequired\":true,\"valueName\":\"search_term_string\"}}],\"inLanguage\":\"de\"}]}<\/script>\n<!-- \/ Yoast SEO plugin. -->","yoast_head_json":{"title":"Oberfl\u00e4chenspannung - Biodynamizer","description":"Biodynamizer - Oberfl\u00e4chenspannung - En savoir plus sur le biodynamizer et le biofiltre","robots":{"index":"index","follow":"follow","max-snippet":"max-snippet:-1","max-image-preview":"max-image-preview:large","max-video-preview":"max-video-preview:-1"},"canonical":"https:\/\/biodynamizer.com\/de\/wissenschaftliche-analyse\/oberflaechenspannung\/","og_locale":"de_DE","og_type":"article","og_title":"Oberfl\u00e4chenspannung - Biodynamizer","og_description":"Biodynamizer - Oberfl\u00e4chenspannung - En savoir plus sur le biodynamizer et le biofiltre","og_url":"https:\/\/biodynamizer.com\/de\/wissenschaftliche-analyse\/oberflaechenspannung\/","og_site_name":"Biodynamizer","article_modified_time":"2024-04-26T08:17:33+00:00","og_image":[{"width":2000,"height":1333,"url":"https:\/\/biodynamizer.com\/wp-content\/uploads\/2019\/11\/Depositphotos_15742931_xl-2015.jpg","type":"image\/jpeg"}],"twitter_card":"summary_large_image","twitter_misc":{"Gesch\u00e4tzte Lesezeit":"2\u00a0Minuten"},"schema":{"@context":"https:\/\/schema.org","@graph":[{"@type":"WebPage","@id":"https:\/\/biodynamizer.com\/de\/wissenschaftliche-analyse\/oberflaechenspannung\/","url":"https:\/\/biodynamizer.com\/de\/wissenschaftliche-analyse\/oberflaechenspannung\/","name":"Oberfl\u00e4chenspannung - Biodynamizer","isPartOf":{"@id":"https:\/\/biodynamizer.com\/de\/#website"},"datePublished":"2021-08-02T09:27:47+00:00","dateModified":"2024-04-26T08:17:33+00:00","description":"Biodynamizer - Oberfl\u00e4chenspannung - En savoir plus sur le biodynamizer et le biofiltre","breadcrumb":{"@id":"https:\/\/biodynamizer.com\/de\/wissenschaftliche-analyse\/oberflaechenspannung\/#breadcrumb"},"inLanguage":"de","potentialAction":[{"@type":"ReadAction","target":["https:\/\/biodynamizer.com\/de\/wissenschaftliche-analyse\/oberflaechenspannung\/"]}]},{"@type":"BreadcrumbList","@id":"https:\/\/biodynamizer.com\/de\/wissenschaftliche-analyse\/oberflaechenspannung\/#breadcrumb","itemListElement":[{"@type":"ListItem","position":1,"name":"Home","item":"https:\/\/biodynamizer.com\/de\/"},{"@type":"ListItem","position":2,"name":"Analyse","item":"https:\/\/biodynamizer.com\/de\/wissenschaftliche-analyse\/"},{"@type":"ListItem","position":3,"name":"Oberfl\u00e4chenspannung"}]},{"@type":"WebSite","@id":"https:\/\/biodynamizer.com\/de\/#website","url":"https:\/\/biodynamizer.com\/de\/","name":"Biodynamizer","description":"Filtrez et dynamisez votre eau","potentialAction":[{"@type":"SearchAction","target":{"@type":"EntryPoint","urlTemplate":"https:\/\/biodynamizer.com\/de\/?s={search_term_string}"},"query-input":{"@type":"PropertyValueSpecification","valueRequired":true,"valueName":"search_term_string"}}],"inLanguage":"de"}]}},"_links":{"self":[{"href":"https:\/\/biodynamizer.com\/de\/wp-json\/wp\/v2\/pages\/10672","targetHints":{"allow":["GET"]}}],"collection":[{"href":"https:\/\/biodynamizer.com\/de\/wp-json\/wp\/v2\/pages"}],"about":[{"href":"https:\/\/biodynamizer.com\/de\/wp-json\/wp\/v2\/types\/page"}],"author":[{"embeddable":true,"href":"https:\/\/biodynamizer.com\/de\/wp-json\/wp\/v2\/users\/3"}],"replies":[{"embeddable":true,"href":"https:\/\/biodynamizer.com\/de\/wp-json\/wp\/v2\/comments?post=10672"}],"version-history":[{"count":12,"href":"https:\/\/biodynamizer.com\/de\/wp-json\/wp\/v2\/pages\/10672\/revisions"}],"predecessor-version":[{"id":21903,"href":"https:\/\/biodynamizer.com\/de\/wp-json\/wp\/v2\/pages\/10672\/revisions\/21903"}],"up":[{"embeddable":true,"href":"https:\/\/biodynamizer.com\/de\/wp-json\/wp\/v2\/pages\/5816"}],"wp:attachment":[{"href":"https:\/\/biodynamizer.com\/de\/wp-json\/wp\/v2\/media?parent=10672"}],"curies":[{"name":"wp","href":"https:\/\/api.w.org\/{rel}","templated":true}]}}