{"id":12227,"date":"2021-09-13T06:26:03","date_gmt":"2021-09-13T06:26:03","guid":{"rendered":"https:\/\/biodynamizer.spleen-creation.be\/documents\/"},"modified":"2026-04-08T14:37:39","modified_gmt":"2026-04-08T14:37:39","slug":"bibliothek","status":"publish","type":"page","link":"https:\/\/biodynamizer.com\/de\/bibliothek\/","title":{"rendered":"Bibliothek"},"content":{"rendered":"<section class=\"l-section wpb_row us_custom_916fdabd height_small\"><div class=\"l-section-h i-cf\"><div class=\"g-cols vc_row via_flex valign_top type_default stacking_default\"><div class=\"vc_col-sm-12 wpb_column vc_column_container\"><div class=\"vc_column-inner\"><div class=\"wpb_wrapper\"><nav class=\"g-breadcrumbs separator_custom align_none\" itemscope itemtype=\"http:\/\/schema.org\/BreadcrumbList\"><div class=\"g-breadcrumbs-item\" itemscope itemprop=\"itemListElement\" itemtype=\"http:\/\/schema.org\/ListItem\"><a itemprop=\"item\" href=\"https:\/\/biodynamizer.com\/de\/\"><span itemprop=\"name\">Start<\/span><\/a><meta itemprop=\"position\" content=\"1\"\/><\/div><div class=\"g-breadcrumbs-separator\">\/<\/div><div class=\"g-breadcrumbs-item\">Seiten<\/div><\/nav><\/div><\/div><\/div><\/div><\/div><\/section><section class=\"l-section wpb_row height_medium width_full\"><div class=\"l-section-h i-cf\"><div class=\"g-cols vc_row via_flex valign_middle type_default stacking_default\"><div class=\"vc_col-sm-6 wpb_column vc_column_container imagesideblock has_text_color has_bg_color\"><div class=\"vc_column-inner us_custom_3adc9908\"><div class=\"wpb_wrapper\"><\/div><\/div><\/div><div class=\"vc_col-sm-6 wpb_column vc_column_container tekstsideblock\"><div class=\"vc_column-inner\"><div class=\"wpb_wrapper\"><div class=\"w-separator size_medium\"><\/div><div class=\"wpb_text_column\"><div class=\"wpb_wrapper\"><h1>Bibliothek<\/h1>\n<\/div><\/div><div class=\"w-separator size_large\"><\/div><div class=\"w-btn-wrapper align_none\"><a class=\"w-btn us-btn-style_1\" target=\"_blank\" rel=\"nofollow\" href=\"https:\/\/biodynamizer.com\/wp-content\/uploads\/2026\/02\/Zusammenfassung-4-Seiten-Prinzipien-und-Vorteile-Filtration-Dynamisierung-DE-2026.02.pdf\"><span class=\"w-btn-label\">Zusammenfassung Filtration &amp; Dynamisierung (4 Seiten)<\/span><\/a><\/div><div class=\"w-separator size_large\"><\/div><div class=\"w-btn-wrapper align_none\"><a class=\"w-btn us-btn-style_1\" target=\"_blank\" rel=\"nofollow\" href=\"https:\/\/biodynamizer.com\/wp-content\/uploads\/2026\/03\/Biodynamizer-Flyer_V7_DE_DT.pdf\"><span class=\"w-btn-label\">Brosch\u00fcre Biodynamizer &amp; Biofilter (4 Seiten)<\/span><\/a><\/div><div class=\"w-separator size_medium\"><\/div><div class=\"w-btn-wrapper align_none\"><a class=\"w-btn us-btn-style_1 us_custom_1f257949\" target=\"_blank\" rel=\"nofollow\" href=\"https:\/\/biodynamizer.com\/wp-content\/uploads\/2026\/04\/E-BOOK-DE-68-Seiten.-2026.04-2.pdf\"><span class=\"w-btn-label\">E-BOOK (68 Seiten)<\/span><\/a><\/div><div class=\"w-separator size_medium\"><\/div><div class=\"w-btn-wrapper align_none\"><a class=\"w-btn us-btn-style_1\" target=\"_blank\" rel=\"nofollow\" href=\"https:\/\/biodynamizer.com\/wp-content\/uploads\/2026\/01\/Kundenpreisliste-DE-web-EU-ohne-Transport-2026.01.pdf\"><span class=\"w-btn-label\">Kunden preisliste<\/span><\/a><\/div><div class=\"w-separator size_medium\"><\/div><div class=\"w-btn-wrapper align_none\"><a class=\"w-btn us-btn-style_1\" target=\"_blank\" rel=\"nofollow\" href=\"https:\/\/biodynamizer.com\/wp-content\/uploads\/2023\/12\/Anleitung-zum-Ersatz-der-Bio-Pro-kartusche-Biofilter-DE-\u2013-2024.01.pdf\"><span class=\"w-btn-label\">Anleitung zum Ersatz der Bio Pro kartusche f\u00fcr die Biofilter<\/span><\/a><\/div><div class=\"w-separator size_medium\"><\/div><div class=\"w-btn-wrapper align_none\"><a class=\"w-btn us-btn-style_1\" target=\"_blank\" rel=\"nofollow\" href=\"https:\/\/biodynamizer.com\/wp-content\/uploads\/2025\/07\/Platzierungsanleitung-Biofilter-Biodynamizer-DE-2025.07.pdf\"><span class=\"w-btn-label\">Platzierungsanleitung Ger\u00e4te (Biofilter + Biodynamizer)<\/span><\/a><\/div><div class=\"w-separator size_medium\"><\/div><div class=\"w-btn-wrapper align_none\"><a class=\"w-btn us-btn-style_1\" target=\"_blank\" rel=\"nofollow\" href=\"https:\/\/biodynamizer.com\/wp-content\/uploads\/2022\/11\/Wartungsempfehlungen-fur-Haushaltsgerate-DE-2022.11.pdf\"><span class=\"w-btn-label\">Wartungsempfehlungen f\u00fcr Haushaltsger\u00e4te<\/span><\/a><\/div><div class=\"w-separator size_medium\"><\/div><div class=\"w-btn-wrapper align_none\"><a class=\"w-btn us-btn-style_1\" target=\"_blank\" rel=\"nofollow\" href=\"https:\/\/biodynamizer.com\/wp-content\/uploads\/2024\/07\/Declaration-of-Conformity-Biodynamizer-EN-2023.11.02-scaled.jpg\"><span class=\"w-btn-label\">Biodynamizer-Zertifizierungen<\/span><\/a><\/div><div class=\"w-separator size_medium\"><\/div><div class=\"w-btn-wrapper align_none\"><a class=\"w-btn us-btn-style_1\" target=\"_blank\" rel=\"nofollow\" href=\"https:\/\/biodynamizer.com\/wp-content\/uploads\/2023\/02\/AV-DE-Dynamized-Technologies-2023.02.02.pdf\"><span class=\"w-btn-label\">Allgemeine Verkaufsbedingungen<\/span><\/a><\/div><\/div><\/div><\/div><\/div><\/div><\/section>\n","protected":false},"excerpt":{"rendered":"Start\/SeitenBibliothek Zusammenfassung Filtration &amp; Dynamisierung (4 Seiten)Brosch\u00fcre Biodynamizer &amp; Biofilter (4 Seiten)E-BOOK (68 Seiten)Kunden preislisteAnleitung zum Ersatz der Bio Pro kartusche f\u00fcr die BiofilterPlatzierungsanleitung Ger\u00e4te (Biofilter + Biodynamizer)Wartungsempfehlungen f\u00fcr Haushaltsger\u00e4teBiodynamizer-ZertifizierungenAllgemeine Verkaufsbedingungen","protected":false},"author":3,"featured_media":0,"parent":0,"menu_order":18,"comment_status":"closed","ping_status":"closed","template":"","meta":{"_monsterinsights_skip_tracking":false,"_monsterinsights_sitenote_active":false,"_monsterinsights_sitenote_note":"","_monsterinsights_sitenote_category":0,"footnotes":""},"class_list":["post-12227","page","type-page","status-publish","hentry"],"yoast_head":"<!-- This site is optimized with the Yoast SEO plugin v27.3 - https:\/\/yoast.com\/product\/yoast-seo-wordpress\/ -->\n<title>Bibliothek - Biodynamizer<\/title>\n<meta name=\"description\" content=\"Biodynamizer - Bibliothek - En savoir plus sur le biodynamizer et le biofiltre\" \/>\n<meta name=\"robots\" content=\"index, follow, max-snippet:-1, max-image-preview:large, max-video-preview:-1\" \/>\n<link rel=\"canonical\" href=\"https:\/\/biodynamizer.com\/de\/bibliothek\/\" \/>\n<meta property=\"og:locale\" content=\"de_DE\" \/>\n<meta property=\"og:type\" content=\"article\" \/>\n<meta property=\"og:title\" content=\"Bibliothek - Biodynamizer\" \/>\n<meta property=\"og:description\" content=\"Biodynamizer - Bibliothek - En savoir plus sur le biodynamizer et le biofiltre\" \/>\n<meta property=\"og:url\" content=\"https:\/\/biodynamizer.com\/de\/bibliothek\/\" \/>\n<meta property=\"og:site_name\" content=\"Biodynamizer\" \/>\n<meta property=\"article:modified_time\" content=\"2026-04-08T14:37:39+00:00\" \/>\n<meta property=\"og:image\" content=\"https:\/\/biodynamizer.com\/wp-content\/uploads\/2019\/11\/Depositphotos_15742931_xl-2015.jpg\" \/>\n\t<meta property=\"og:image:width\" content=\"2000\" \/>\n\t<meta property=\"og:image:height\" content=\"1333\" \/>\n\t<meta property=\"og:image:type\" content=\"image\/jpeg\" \/>\n<meta name=\"twitter:card\" content=\"summary_large_image\" \/>\n<meta name=\"twitter:label1\" content=\"Gesch\u00e4tzte Lesezeit\" \/>\n\t<meta name=\"twitter:data1\" content=\"1\u00a0Minute\" \/>\n<script type=\"application\/ld+json\" class=\"yoast-schema-graph\">{\"@context\":\"https:\\\/\\\/schema.org\",\"@graph\":[{\"@type\":\"WebPage\",\"@id\":\"https:\\\/\\\/biodynamizer.com\\\/de\\\/bibliothek\\\/\",\"url\":\"https:\\\/\\\/biodynamizer.com\\\/de\\\/bibliothek\\\/\",\"name\":\"Bibliothek - Biodynamizer\",\"isPartOf\":{\"@id\":\"https:\\\/\\\/biodynamizer.com\\\/de\\\/#website\"},\"datePublished\":\"2021-09-13T06:26:03+00:00\",\"dateModified\":\"2026-04-08T14:37:39+00:00\",\"description\":\"Biodynamizer - Bibliothek - En savoir plus sur le biodynamizer et le biofiltre\",\"breadcrumb\":{\"@id\":\"https:\\\/\\\/biodynamizer.com\\\/de\\\/bibliothek\\\/#breadcrumb\"},\"inLanguage\":\"de\",\"potentialAction\":[{\"@type\":\"ReadAction\",\"target\":[\"https:\\\/\\\/biodynamizer.com\\\/de\\\/bibliothek\\\/\"]}]},{\"@type\":\"BreadcrumbList\",\"@id\":\"https:\\\/\\\/biodynamizer.com\\\/de\\\/bibliothek\\\/#breadcrumb\",\"itemListElement\":[{\"@type\":\"ListItem\",\"position\":1,\"name\":\"Home\",\"item\":\"https:\\\/\\\/biodynamizer.com\\\/de\\\/\"},{\"@type\":\"ListItem\",\"position\":2,\"name\":\"Bibliothek\"}]},{\"@type\":\"WebSite\",\"@id\":\"https:\\\/\\\/biodynamizer.com\\\/de\\\/#website\",\"url\":\"https:\\\/\\\/biodynamizer.com\\\/de\\\/\",\"name\":\"Biodynamizer\",\"description\":\"Filtrez et dynamisez votre eau\",\"potentialAction\":[{\"@type\":\"SearchAction\",\"target\":{\"@type\":\"EntryPoint\",\"urlTemplate\":\"https:\\\/\\\/biodynamizer.com\\\/de\\\/?s={search_term_string}\"},\"query-input\":{\"@type\":\"PropertyValueSpecification\",\"valueRequired\":true,\"valueName\":\"search_term_string\"}}],\"inLanguage\":\"de\"}]}<\/script>\n<!-- \/ Yoast SEO plugin. -->","yoast_head_json":{"title":"Bibliothek - Biodynamizer","description":"Biodynamizer - Bibliothek - En savoir plus sur le biodynamizer et le biofiltre","robots":{"index":"index","follow":"follow","max-snippet":"max-snippet:-1","max-image-preview":"max-image-preview:large","max-video-preview":"max-video-preview:-1"},"canonical":"https:\/\/biodynamizer.com\/de\/bibliothek\/","og_locale":"de_DE","og_type":"article","og_title":"Bibliothek - Biodynamizer","og_description":"Biodynamizer - Bibliothek - En savoir plus sur le biodynamizer et le biofiltre","og_url":"https:\/\/biodynamizer.com\/de\/bibliothek\/","og_site_name":"Biodynamizer","article_modified_time":"2026-04-08T14:37:39+00:00","og_image":[{"width":2000,"height":1333,"url":"https:\/\/biodynamizer.com\/wp-content\/uploads\/2019\/11\/Depositphotos_15742931_xl-2015.jpg","type":"image\/jpeg"}],"twitter_card":"summary_large_image","twitter_misc":{"Gesch\u00e4tzte Lesezeit":"1\u00a0Minute"},"schema":{"@context":"https:\/\/schema.org","@graph":[{"@type":"WebPage","@id":"https:\/\/biodynamizer.com\/de\/bibliothek\/","url":"https:\/\/biodynamizer.com\/de\/bibliothek\/","name":"Bibliothek - Biodynamizer","isPartOf":{"@id":"https:\/\/biodynamizer.com\/de\/#website"},"datePublished":"2021-09-13T06:26:03+00:00","dateModified":"2026-04-08T14:37:39+00:00","description":"Biodynamizer - Bibliothek - En savoir plus sur le biodynamizer et le biofiltre","breadcrumb":{"@id":"https:\/\/biodynamizer.com\/de\/bibliothek\/#breadcrumb"},"inLanguage":"de","potentialAction":[{"@type":"ReadAction","target":["https:\/\/biodynamizer.com\/de\/bibliothek\/"]}]},{"@type":"BreadcrumbList","@id":"https:\/\/biodynamizer.com\/de\/bibliothek\/#breadcrumb","itemListElement":[{"@type":"ListItem","position":1,"name":"Home","item":"https:\/\/biodynamizer.com\/de\/"},{"@type":"ListItem","position":2,"name":"Bibliothek"}]},{"@type":"WebSite","@id":"https:\/\/biodynamizer.com\/de\/#website","url":"https:\/\/biodynamizer.com\/de\/","name":"Biodynamizer","description":"Filtrez et dynamisez votre eau","potentialAction":[{"@type":"SearchAction","target":{"@type":"EntryPoint","urlTemplate":"https:\/\/biodynamizer.com\/de\/?s={search_term_string}"},"query-input":{"@type":"PropertyValueSpecification","valueRequired":true,"valueName":"search_term_string"}}],"inLanguage":"de"}]}},"_links":{"self":[{"href":"https:\/\/biodynamizer.com\/de\/wp-json\/wp\/v2\/pages\/12227","targetHints":{"allow":["GET"]}}],"collection":[{"href":"https:\/\/biodynamizer.com\/de\/wp-json\/wp\/v2\/pages"}],"about":[{"href":"https:\/\/biodynamizer.com\/de\/wp-json\/wp\/v2\/types\/page"}],"author":[{"embeddable":true,"href":"https:\/\/biodynamizer.com\/de\/wp-json\/wp\/v2\/users\/3"}],"replies":[{"embeddable":true,"href":"https:\/\/biodynamizer.com\/de\/wp-json\/wp\/v2\/comments?post=12227"}],"version-history":[{"count":177,"href":"https:\/\/biodynamizer.com\/de\/wp-json\/wp\/v2\/pages\/12227\/revisions"}],"predecessor-version":[{"id":32680,"href":"https:\/\/biodynamizer.com\/de\/wp-json\/wp\/v2\/pages\/12227\/revisions\/32680"}],"wp:attachment":[{"href":"https:\/\/biodynamizer.com\/de\/wp-json\/wp\/v2\/media?parent=12227"}],"curies":[{"name":"wp","href":"https:\/\/api.w.org\/{rel}","templated":true}]}}