{"id":24696,"date":"2024-06-05T09:38:08","date_gmt":"2024-06-05T09:38:08","guid":{"rendered":"https:\/\/biodynamizer.spleen-creation.be\/?page_id=24696"},"modified":"2026-02-16T14:02:39","modified_gmt":"2026-02-16T14:02:39","slug":"firma","status":"publish","type":"page","link":"https:\/\/biodynamizer.com\/de\/firma\/","title":{"rendered":"Firma"},"content":{"rendered":"<section class=\"l-section wpb_row height_auto\"><div class=\"l-section-h i-cf\"><div class=\"g-cols vc_row via_flex valign_top type_default stacking_default\"><div class=\"vc_col-sm-12 wpb_column vc_column_container\"><div class=\"vc_column-inner\"><div class=\"wpb_wrapper\"><\/div><\/div><\/div><\/div><\/div><\/section><section class=\"l-section wpb_row height_medium\"><div class=\"l-section-h i-cf\"><div class=\"g-cols vc_row via_flex valign_top type_default stacking_default\"><div class=\"vc_col-sm-12 wpb_column vc_column_container\"><div class=\"vc_column-inner\"><div class=\"wpb_wrapper\"><div class=\"wpb_text_column us_custom_ba205bf8 titre-societe\"><div class=\"wpb_wrapper\"><h2 style=\"text-align: center;\"><b>Unsere ADN<\/b><\/h2>\n<\/div><\/div><div class=\"w-image align_center\"><div class=\"w-image-h\"><img decoding=\"async\" width=\"1024\" height=\"493\" src=\"https:\/\/biodynamizer.com\/wp-content\/uploads\/2020\/03\/DNA-1024x493.jpg\" class=\"attachment-large size-large\" alt=\"\" loading=\"lazy\" srcset=\"https:\/\/biodynamizer.com\/wp-content\/uploads\/2020\/03\/DNA-1024x493.jpg 1024w, https:\/\/biodynamizer.com\/wp-content\/uploads\/2020\/03\/DNA-300x144.jpg 300w, https:\/\/biodynamizer.com\/wp-content\/uploads\/2020\/03\/DNA.jpg 1456w\" sizes=\"auto, (max-width: 1024px) 100vw, 1024px\" \/><\/div><\/div><\/div><\/div><\/div><\/div><\/div><\/section><section class=\"l-section wpb_row height_auto\"><div class=\"l-section-h i-cf\"><div class=\"g-cols vc_row via_flex valign_top type_default stacking_default\"><div class=\"vc_col-sm-12 wpb_column vc_column_container\"><div class=\"vc_column-inner\"><div class=\"wpb_wrapper\"><div class=\"wpb_text_column titre-societe\"><div class=\"wpb_wrapper\"><h2 style=\"text-align: center;\"><b>Unsere<\/b><b> Vision<\/b><\/h2>\n<\/div><\/div><div class=\"wpb_text_column\"><div class=\"wpb_wrapper\"><ul>\n<li><strong>BIOMIMIKRY<\/strong>: als Inspirationsquelle, um die Natur des Wassers neu zu entdecken<\/li>\n<li><strong>L\u00d6SUNGEN<\/strong>: Globale Filterung und Dynamisierung des Wassers, damit es seine urspr\u00fcnglichen Eigenschaften wiedererlangen kann!<\/li>\n<li><strong>GEBEN SIE ZUGANG<\/strong>: M\u00f6glichst vielen Menschen wie m\u00f6glich Zugang zu Wasser in gleichwertiger Qualit\u00e4t wie Bergwasser.<\/li>\n<li><strong>TEILNEHMEN<\/strong>: an einer nachhaltigen, lokalen und umweltfreundlichen Wirtschaft.<\/li>\n<li><strong>KUMMUNIZIEREN<\/strong>: wissenschaftlicher Entdeckungen und Analysen zur Wasserfiltration und -Dynamisierung.<\/li>\n<li><strong>NATUR<\/strong>: Sch\u00fctzen Sie es, indem Sie die Umweltverschmutzung und den CO2-Fu\u00dfabdruck vermeiden, die durch Plastikwasserflaschen und Salzaussto\u00df aus Enth\u00e4rtern entstehen.<\/li>\n<\/ul>\n<\/div><\/div><\/div><\/div><\/div><\/div><\/div><\/section><section class=\"l-section wpb_row us_custom_58994493 height_auto\"><div class=\"l-section-h i-cf\"><div class=\"g-cols vc_row via_flex valign_top type_default stacking_default\"><div class=\"vc_col-sm-12 wpb_column vc_column_container\"><div class=\"vc_column-inner\"><div class=\"wpb_wrapper\"><div class=\"wpb_text_column titre-societe\"><div class=\"wpb_wrapper\"><h2 style=\"text-align: center;\"><b>Ein komplement\u00e4res und erfahrenes Team<\/b><\/h2>\n<\/div><\/div><div class=\"g-cols wpb_row via_flex valign_top type_default stacking_default\"><div class=\"vc_col-sm-2\/5 wpb_column vc_column_container\"><div class=\"vc_column-inner\"><div class=\"wpb_wrapper\"><div class=\"w-image align_center\"><div class=\"w-image-h\"><img decoding=\"async\" width=\"600\" height=\"600\" src=\"https:\/\/biodynamizer.com\/wp-content\/uploads\/2024\/10\/IMG_6865-600x600.jpeg\" class=\"attachment-us_600_600_crop size-us_600_600_crop\" alt=\"photo Christophe Carrette\" loading=\"lazy\" srcset=\"https:\/\/biodynamizer.com\/wp-content\/uploads\/2024\/10\/IMG_6865-600x600.jpeg 600w, https:\/\/biodynamizer.com\/wp-content\/uploads\/2024\/10\/IMG_6865-150x150.jpeg 150w, https:\/\/biodynamizer.com\/wp-content\/uploads\/2024\/10\/IMG_6865-350x350.jpeg 350w, https:\/\/biodynamizer.com\/wp-content\/uploads\/2024\/10\/IMG_6865-400x400.jpeg 400w, https:\/\/biodynamizer.com\/wp-content\/uploads\/2024\/10\/IMG_6865-200x200.jpeg 200w\" sizes=\"auto, (max-width: 600px) 100vw, 600px\" \/><\/div><\/div><\/div><\/div><\/div><div class=\"vc_col-sm-3\/5 wpb_column vc_column_container\"><div class=\"vc_column-inner\"><div class=\"wpb_wrapper\"><div class=\"wpb_text_column\"><div class=\"wpb_wrapper\"><h4><b>CHRISTOPHE CARRETTE &#8211; Managing Partner &#8211; Gr\u00fcnder &#8211; christophe.carrette@biodynamizer.com\u00a0<\/b><\/h4>\n<p>Naturforscher, Philosoph und Forscher. Mit juristischem Hintergrund war er 25 Jahre lang in den Bereichen Finanzen, Banken und Versicherungen t\u00e4tig. Im Jahr 2012 vollzog er eine berufliche Kehrtwende und verlie\u00df seine \u201e<em>klassische Karriere<\/em>\u201c, um ein philosophisches Buch \u00fcber den Sinn des Lebens zu schreiben (\u201e<strong>Ainsi va la vie<\/strong>\u201c). Im Jahr <strong>2014<\/strong>, nach einer Konferenz \u00fcber die Dynamisierung von Wasser, die f\u00fcr ihn eine Offenbarung war, wurde dieses Thema zu seiner Leidenschaft und zu seiner Mission, n\u00e4mlich Entdeckungen \u00fcber die Dynamisierung von Wasser zu objektivieren, zu strukturieren und zu teilen. Gemeinsam mit europ\u00e4ischen Wissenschaftlern und Forschern beteiligt er sich aktiv an der Untersuchung und Analyse von dynamisiertem Wasser. Er ist der Erfinder des Wasserdynamisierungsger\u00e4ts \u201e<strong>Biodynamizer<\/strong>\u201c, mit dessen Entwicklung er 2014 begann und das Anfang 2020 kommerziell auf den Markt kam. Er hat sein ganzes Wissen, seine \u00dcberzeugungen, seine Intuitionen und sein ganzes Herzblut hineingesteckt, um m\u00f6glichst vielen Menschen Wasser in Bergwasserqualit\u00e4t zur Verf\u00fcgung zu stellen. Der Biodynamizer umfasst 21 Dynamisierungsprinzipien und gilt als das bislang umfassendste und am h\u00e4ufigsten analysierte Ger\u00e4t zur Wasserdynamisierung. Er fasst sein Verst\u00e4ndnis von Wasser mit dem folgenden Satz zusammen: \u201e<strong>Energie kodiert, Wasser enkodiert, der Mensch dekodiert<\/strong>.\u201c<\/p>\n<\/div><\/div><\/div><\/div><\/div><\/div><div class=\"w-separator size_medium\"><\/div><div class=\"g-cols wpb_row via_flex valign_top type_default stacking_default\"><div class=\"vc_col-sm-2\/5 wpb_column vc_column_container\"><div class=\"vc_column-inner\"><div class=\"wpb_wrapper\"><div class=\"w-image align_center\"><div class=\"w-image-h\"><img decoding=\"async\" width=\"600\" height=\"600\" src=\"https:\/\/biodynamizer.com\/wp-content\/uploads\/2025\/04\/4D374DF0-B3EA-4E2C-87B2-0B1333605881-600x600.jpeg\" class=\"attachment-us_600_600_crop size-us_600_600_crop\" alt=\"Arnaud Decrombrugghe\" loading=\"lazy\" srcset=\"https:\/\/biodynamizer.com\/wp-content\/uploads\/2025\/04\/4D374DF0-B3EA-4E2C-87B2-0B1333605881-600x600.jpeg 600w, https:\/\/biodynamizer.com\/wp-content\/uploads\/2025\/04\/4D374DF0-B3EA-4E2C-87B2-0B1333605881-150x150.jpeg 150w, https:\/\/biodynamizer.com\/wp-content\/uploads\/2025\/04\/4D374DF0-B3EA-4E2C-87B2-0B1333605881-350x350.jpeg 350w, https:\/\/biodynamizer.com\/wp-content\/uploads\/2025\/04\/4D374DF0-B3EA-4E2C-87B2-0B1333605881-400x400.jpeg 400w, https:\/\/biodynamizer.com\/wp-content\/uploads\/2025\/04\/4D374DF0-B3EA-4E2C-87B2-0B1333605881-200x200.jpeg 200w\" sizes=\"auto, (max-width: 600px) 100vw, 600px\" \/><\/div><\/div><\/div><\/div><\/div><div class=\"vc_col-sm-3\/5 wpb_column vc_column_container\"><div class=\"vc_column-inner\"><div class=\"wpb_wrapper\"><div class=\"wpb_text_column\"><div class=\"wpb_wrapper\"><h4><b>ARNAUD Decrombrugghe \u2013 Commercial Director &#8211;<\/b><b>\u00a0<\/b>arnaud@biodynamizer.com<\/h4>\n<p>Nach meinem Studium der Au\u00dfenwirtschaft habe ich meine Fachkenntnisse in den Bereichen Management und Gesch\u00e4ftsentwicklung durch Unternehmertum, Immobilien und technologische Innovation ausgebaut. Im Jahr 2021 trieb mich ein Bed\u00fcrfnis nach Neuorientierung dazu, zu reisen und mich in Projekten zu engagieren, die sich auf \u00d6kologie und Regeneration konzentrierten. Wasser wurde schnell zum roten Faden dieser Suche und offenbarte seine wesentliche Rolle f\u00fcr die menschliche Gesundheit und die Umwelt. Meine Begegnung mit Christophe im Jahr 2024 war ein Wendepunkt. Bei Biodynamizer einzusteigen ist eine einzigartige Gelegenheit, meine F\u00e4higkeiten in den Dienst eines sinnstiftenden Projekts zu stellen.<\/p>\n<\/div><\/div><\/div><\/div><\/div><\/div><\/div><\/div><\/div><\/div><\/div><\/section><section class=\"l-section wpb_row height_medium\"><div class=\"l-section-h i-cf\"><div class=\"g-cols vc_row via_flex valign_top type_default stacking_default\"><div class=\"vc_col-sm-12 wpb_column vc_column_container\"><div class=\"vc_column-inner\"><div class=\"wpb_wrapper\"><div class=\"wpb_text_column titre-societe\"><div class=\"wpb_wrapper\"><h2 style=\"text-align: center;\"><strong>Die Gesellschaft Dynamized Technologies<\/strong><\/h2>\n<\/div><\/div><div class=\"wpb_text_column\"><div class=\"wpb_wrapper\"><p>Dynamized Technologies wurde <strong>2016<\/strong> von Christophe Carrette gegr\u00fcndet. Im Jahr <strong>2020<\/strong> wurde nach 6 Jahren Forschung und Entwicklung das Wasserdynamisierungsger\u00e4t Biodynamizer auf den Markt gebracht. Das Unternehmen vermarktet einen <strong>Aktivkohlefilter (den Biofilter) und einen Wasserdynamisierer (den Biodynamizer)<\/strong> an Privatkunden (<strong>BtoC<\/strong>) und professionelle Kunden (<strong>BtoB<\/strong>).<\/p>\n<p>Das Unternehmen bietet auch biodynamisiertes Wasserfont\u00e4nen an, die f\u00fcr Einzelhandelsketten, Unternehmen, das Gastgewerbe (Hotels, Restaurants, Caf\u00e9s) oder f\u00fcr den Einsatz bei Sportveranstaltungen oder anderen Veranstaltungen bestimmt sind.<\/p>\n<p>Die L\u00f6sungen von Dynamized Technologies stehen im Mittelpunkt einer kostbaren und begrenzten Ressource: Wasser. Diese innovative Technologie zur Wasserbelebung wurde <strong>2014<\/strong> von Christophe Carrette ins Leben gerufen, der sich von Forschern und Denkern wie Viktor Schauberger, Felix Hediger, Ernst Braun, Yann Olivaux, Pier Rubesa, aber auch von Laboratorien und Wissenschaftlern wie Marc Henry, Konstantin Korotkov und Bernard Berthet inspirieren lie\u00df , Sylvie Henry R\u00e9ant, Georges Vieildent und Raymond Herren sowie empirische und W\u00fcnschelruteng\u00e4ngeranalysen, die seine Forschungen und \u00dcberlegungen \u00fcber die richtige Art und Weise, Wasser mit Energie zu versorgen, befeuerten.<\/p>\n<p>Dynamized Technologies ist auf die Aufbereitung von Stadtwasser spezialisiert, das zun\u00e4chst gefiltert und anschlie\u00dfend dynamisiert wird. Die Filterung erfolgt durch den Biofilter, um eventuell noch im Stadtwasser vorhandene Schadstoffe zu entfernen und es noch reiner zu machen. Die Wasseraufbereitungsger\u00e4te (Biofilter und Biodynamizer) k\u00f6nnen von <strong>jedem Klempner einfach installiert werden und bieten eine umfassende L\u00f6sung f\u00fcr das gesamte Haus<\/strong>. Sie werden nach dem Wasserz\u00e4hler im \u00f6rtlichen st\u00e4dtischen Wassernetz platziert, wodurch dieser Wasserverteilungskanal modernisiert werden kann. Durch die Reinigung und Regenerierung erm\u00f6glichen sie Ihnen, dieses Qualit\u00e4tswasser an allen Wasserh\u00e4hnen im Haus (Getr\u00e4nke, B\u00e4der, Duschen usw.) zu genie\u00dfen. Der Biodynamizer ist wartungsfrei und verf\u00fcgt \u00fcber keine Ersatzteile. Die Biofilterkartusche muss einmal im Jahr ausgetauscht werden.<\/p>\n<p>Der im Biodynamizer angewandte Dynamisierungsprozess ist von den Prinzipien der <strong>Biomimikry<\/strong> (d. h. den von Viktor Schauberger propagierten Prinzipien \u201e<em>die Natur beobachten, verstehen und nachahmen<\/em>\u201c) inspiriert, um Wasser zu regenerieren und seine nat\u00fcrliche Kraft wiederherzustellen. Diese L\u00f6sung ist 100 % nat\u00fcrlich (der Biodynamizer ist ein hydrodynamisches und magnetisches Ger\u00e4t, das den Wasserkreislauf beschleunigt reproduziert, indem es die nat\u00fcrlichen Bewegungen des frei in der Natur flie\u00dfenden Wassers entweder durch Wirbelbewegungen nachahmt). Der Biodynamizer enth\u00e4lt 21 Prinzipien der Wasserdynamisierung und ist damit das umfassendste und effizienteste Ger\u00e4t auf dem Markt. Der Biodynamizer wird in Belgien zusammengebaut. Die St\u00fccke werden in Belgien und Frankreich hergestellt. Seine Seltenerd-Permanentmagnete stammen aus China.<\/p>\n<p>Die Belebung des Wassers erm\u00f6glicht es, die urspr\u00fcnglichen Eigenschaften des <em>lebendigen<\/em> Wassers wiederzuentdecken, um es dem Bergwasser, also dem Wasser, gleichzusetzen:<\/p>\n<ul>\n<li>Enth\u00e4lt mehr Energie (Photonik),<\/li>\n<li>Was feuchtigkeitsspendender ist (Zellhydratation),<\/li>\n<li>Was weniger oxidierend ist (Redoxpotential)<\/li>\n<\/ul>\n<p>Die <strong>Vorteile<\/strong> des so gefilterten und dynamisierten Wassers waren Gegenstand mehrerer <span style=\"text-decoration: underline;\"><a href=\"https:\/\/biodynamizer.com\/de\/wissenschaftliche-analyse\/\"><strong>Analysen<\/strong><\/a><\/span>, die im website\u00a0verf\u00fcgbar sind. Das Unternehmen Dynamized Technologies m\u00f6chte die gesamte wissenschaftliche Genauigkeit, Objektivit\u00e4t, Verbreitung und Strukturierung von Informationen \u00fcber dynamisiertes Wasser gew\u00e4hrleisten. Die im Rahmen dieser Forschung erzielten Ergebnisse stammen aus Studien, an denen Dynamized Technologies beteiligt ist, oder aus Analysen, die das Unternehmen von Laboren durchgef\u00fchrt hat. Obwohl diese Analysen teilweise sind, liefern sie eine Reihe konsistenter Informationen, die tendenziell die Vorteile von dynamisiertem Wasser f\u00fcr die lebende Welt, zu der wir geh\u00f6ren, belegen.<\/p>\n<p>Dynamized Technologies verfolgt einen nachhaltigen und <strong>umweltfreundlichen Ansatz zur Reduzierung des unangemessenen Einsatzes von Kunststoffbeh\u00e4ltern<\/strong>. Tats\u00e4chlich wird das gesamte Stadtwasser, das durch alle Wasserh\u00e4hne eines Hauses flie\u00dft, durch die angebotenen Ger\u00e4te gereinigt und regeneriert. Keine Notwendigkeit mehr f\u00fcr Beh\u00e4lter oder den Transport von Flaschen (was eine starke Umweltbelastung im Hinblick auf den CO2-Fu\u00dfabdruck mit sich bringt, d. h. 150 kg CO2\/Jahr\/Person), keine Sortierung und Wiederverwertung dieses Plastikm\u00fclls mehr. Dar\u00fcber hinaus wird die allgemeine Platzierung in Wohnh\u00e4usern die Qualit\u00e4t des von Haushalten in die Kanalisation eingeleiteten Wassers verbessern und zur Verbesserung der Gesamtqualit\u00e4t des so eingeleiteten Wassers beitragen. Jedes Haus wird dann zu einer Mini-Kl\u00e4ranlage zum Wohle der Umwelt und aller.<\/p>\n<p>Dynamized Technologies bietet dank Biodynamizer auch die <strong>\u00f6kologische Bewirtschaftung<\/strong> <strong>des im Stadtwasser vorhandenen Kalksteins an<\/strong>, indem die kristalline Struktur des Kalksteins von Calcit in Aragonit umgewandelt wird. Dadurch kann die Installation eines Wasserenth\u00e4rters vermieden werden, der sch\u00e4dliche Folgen f\u00fcr die Umwelt hat, n\u00e4mlich die Einleitung von Salz (Sole) in die Kanalisation (150 kg\/Jahr\/Haushalt!) und einen hohen Wasserverbrauch bei jeder Regeneration (100 l Wasser). pro Regeneration, die alle 5 Tage stattfindet!), sondern beinhaltet auch die Verwendung von Harzdesinfektionsprodukten, die bei jeder Wartung an die Umgebung abgegeben werden.<\/p>\n<\/div><\/div><\/div><\/div><\/div><\/div><\/div><\/section>\n","protected":false},"excerpt":{"rendered":"Unsere ADN Unsere Vision BIOMIMIKRY: als Inspirationsquelle, um die Natur des Wassers neu zu entdecken L\u00d6SUNGEN: Globale Filterung und Dynamisierung des Wassers, damit es seine urspr\u00fcnglichen Eigenschaften wiedererlangen kann! GEBEN SIE ZUGANG: M\u00f6glichst vielen Menschen wie m\u00f6glich Zugang zu Wasser in gleichwertiger Qualit\u00e4t wie Bergwasser. TEILNEHMEN: an einer nachhaltigen, lokalen und umweltfreundlichen Wirtschaft. KUMMUNIZIEREN: wissenschaftlicher...","protected":false},"author":3,"featured_media":0,"parent":0,"menu_order":9,"comment_status":"closed","ping_status":"closed","template":"","meta":{"_monsterinsights_skip_tracking":false,"_monsterinsights_sitenote_active":false,"_monsterinsights_sitenote_note":"","_monsterinsights_sitenote_category":0,"footnotes":""},"class_list":["post-24696","page","type-page","status-publish","hentry"],"yoast_head":"<!-- This site is optimized with the Yoast SEO plugin v27.4 - https:\/\/yoast.com\/product\/yoast-seo-wordpress\/ -->\n<title>Firma - Biodynamizer<\/title>\n<meta name=\"description\" content=\"Biodynamizer - Firma - En savoir plus sur le biodynamizer et le biofiltre\" \/>\n<meta name=\"robots\" content=\"index, follow, max-snippet:-1, max-image-preview:large, max-video-preview:-1\" \/>\n<link rel=\"canonical\" href=\"https:\/\/biodynamizer.com\/de\/firma\/\" \/>\n<meta property=\"og:locale\" content=\"de_DE\" \/>\n<meta property=\"og:type\" content=\"article\" \/>\n<meta property=\"og:title\" content=\"Firma - Biodynamizer\" \/>\n<meta property=\"og:description\" content=\"Biodynamizer - Firma - En savoir plus sur le biodynamizer et le biofiltre\" \/>\n<meta property=\"og:url\" content=\"https:\/\/biodynamizer.com\/de\/firma\/\" \/>\n<meta property=\"og:site_name\" content=\"Biodynamizer\" \/>\n<meta property=\"article:modified_time\" content=\"2026-02-16T14:02:39+00:00\" \/>\n<meta property=\"og:image\" content=\"https:\/\/biodynamizer.com\/wp-content\/uploads\/2019\/11\/Depositphotos_15742931_xl-2015.jpg\" \/>\n\t<meta property=\"og:image:width\" content=\"2000\" \/>\n\t<meta property=\"og:image:height\" content=\"1333\" \/>\n\t<meta property=\"og:image:type\" content=\"image\/jpeg\" \/>\n<meta name=\"twitter:card\" content=\"summary_large_image\" \/>\n<meta name=\"twitter:label1\" content=\"Gesch\u00e4tzte Lesezeit\" \/>\n\t<meta name=\"twitter:data1\" content=\"6\u00a0Minuten\" \/>\n<script type=\"application\/ld+json\" class=\"yoast-schema-graph\">{\"@context\":\"https:\\\/\\\/schema.org\",\"@graph\":[{\"@type\":\"WebPage\",\"@id\":\"https:\\\/\\\/biodynamizer.com\\\/de\\\/firma\\\/\",\"url\":\"https:\\\/\\\/biodynamizer.com\\\/de\\\/firma\\\/\",\"name\":\"Firma - Biodynamizer\",\"isPartOf\":{\"@id\":\"https:\\\/\\\/biodynamizer.com\\\/de\\\/#website\"},\"datePublished\":\"2024-06-05T09:38:08+00:00\",\"dateModified\":\"2026-02-16T14:02:39+00:00\",\"description\":\"Biodynamizer - Firma - En savoir plus sur le biodynamizer et le biofiltre\",\"breadcrumb\":{\"@id\":\"https:\\\/\\\/biodynamizer.com\\\/de\\\/firma\\\/#breadcrumb\"},\"inLanguage\":\"de\",\"potentialAction\":[{\"@type\":\"ReadAction\",\"target\":[\"https:\\\/\\\/biodynamizer.com\\\/de\\\/firma\\\/\"]}]},{\"@type\":\"BreadcrumbList\",\"@id\":\"https:\\\/\\\/biodynamizer.com\\\/de\\\/firma\\\/#breadcrumb\",\"itemListElement\":[{\"@type\":\"ListItem\",\"position\":1,\"name\":\"Home\",\"item\":\"https:\\\/\\\/biodynamizer.com\\\/de\\\/\"},{\"@type\":\"ListItem\",\"position\":2,\"name\":\"Firma\"}]},{\"@type\":\"WebSite\",\"@id\":\"https:\\\/\\\/biodynamizer.com\\\/de\\\/#website\",\"url\":\"https:\\\/\\\/biodynamizer.com\\\/de\\\/\",\"name\":\"Biodynamizer\",\"description\":\"Filtrez et dynamisez votre eau\",\"potentialAction\":[{\"@type\":\"SearchAction\",\"target\":{\"@type\":\"EntryPoint\",\"urlTemplate\":\"https:\\\/\\\/biodynamizer.com\\\/de\\\/?s={search_term_string}\"},\"query-input\":{\"@type\":\"PropertyValueSpecification\",\"valueRequired\":true,\"valueName\":\"search_term_string\"}}],\"inLanguage\":\"de\"}]}<\/script>\n<!-- \/ Yoast SEO plugin. -->","yoast_head_json":{"title":"Firma - Biodynamizer","description":"Biodynamizer - Firma - En savoir plus sur le biodynamizer et le biofiltre","robots":{"index":"index","follow":"follow","max-snippet":"max-snippet:-1","max-image-preview":"max-image-preview:large","max-video-preview":"max-video-preview:-1"},"canonical":"https:\/\/biodynamizer.com\/de\/firma\/","og_locale":"de_DE","og_type":"article","og_title":"Firma - Biodynamizer","og_description":"Biodynamizer - Firma - En savoir plus sur le biodynamizer et le biofiltre","og_url":"https:\/\/biodynamizer.com\/de\/firma\/","og_site_name":"Biodynamizer","article_modified_time":"2026-02-16T14:02:39+00:00","og_image":[{"width":2000,"height":1333,"url":"https:\/\/biodynamizer.com\/wp-content\/uploads\/2019\/11\/Depositphotos_15742931_xl-2015.jpg","type":"image\/jpeg"}],"twitter_card":"summary_large_image","twitter_misc":{"Gesch\u00e4tzte Lesezeit":"6\u00a0Minuten"},"schema":{"@context":"https:\/\/schema.org","@graph":[{"@type":"WebPage","@id":"https:\/\/biodynamizer.com\/de\/firma\/","url":"https:\/\/biodynamizer.com\/de\/firma\/","name":"Firma - Biodynamizer","isPartOf":{"@id":"https:\/\/biodynamizer.com\/de\/#website"},"datePublished":"2024-06-05T09:38:08+00:00","dateModified":"2026-02-16T14:02:39+00:00","description":"Biodynamizer - Firma - En savoir plus sur le biodynamizer et le biofiltre","breadcrumb":{"@id":"https:\/\/biodynamizer.com\/de\/firma\/#breadcrumb"},"inLanguage":"de","potentialAction":[{"@type":"ReadAction","target":["https:\/\/biodynamizer.com\/de\/firma\/"]}]},{"@type":"BreadcrumbList","@id":"https:\/\/biodynamizer.com\/de\/firma\/#breadcrumb","itemListElement":[{"@type":"ListItem","position":1,"name":"Home","item":"https:\/\/biodynamizer.com\/de\/"},{"@type":"ListItem","position":2,"name":"Firma"}]},{"@type":"WebSite","@id":"https:\/\/biodynamizer.com\/de\/#website","url":"https:\/\/biodynamizer.com\/de\/","name":"Biodynamizer","description":"Filtrez et dynamisez votre eau","potentialAction":[{"@type":"SearchAction","target":{"@type":"EntryPoint","urlTemplate":"https:\/\/biodynamizer.com\/de\/?s={search_term_string}"},"query-input":{"@type":"PropertyValueSpecification","valueRequired":true,"valueName":"search_term_string"}}],"inLanguage":"de"}]}},"_links":{"self":[{"href":"https:\/\/biodynamizer.com\/de\/wp-json\/wp\/v2\/pages\/24696","targetHints":{"allow":["GET"]}}],"collection":[{"href":"https:\/\/biodynamizer.com\/de\/wp-json\/wp\/v2\/pages"}],"about":[{"href":"https:\/\/biodynamizer.com\/de\/wp-json\/wp\/v2\/types\/page"}],"author":[{"embeddable":true,"href":"https:\/\/biodynamizer.com\/de\/wp-json\/wp\/v2\/users\/3"}],"replies":[{"embeddable":true,"href":"https:\/\/biodynamizer.com\/de\/wp-json\/wp\/v2\/comments?post=24696"}],"version-history":[{"count":16,"href":"https:\/\/biodynamizer.com\/de\/wp-json\/wp\/v2\/pages\/24696\/revisions"}],"predecessor-version":[{"id":31318,"href":"https:\/\/biodynamizer.com\/de\/wp-json\/wp\/v2\/pages\/24696\/revisions\/31318"}],"wp:attachment":[{"href":"https:\/\/biodynamizer.com\/de\/wp-json\/wp\/v2\/media?parent=24696"}],"curies":[{"name":"wp","href":"https:\/\/api.w.org\/{rel}","templated":true}]}}