{"id":28559,"date":"2025-09-03T15:47:48","date_gmt":"2025-09-03T15:47:48","guid":{"rendered":"https:\/\/biodynamizer.spleen-creation.be\/?page_id=28559"},"modified":"2026-04-17T07:31:23","modified_gmt":"2026-04-17T07:31:23","slug":"lanalyse-de-sang","status":"publish","type":"page","link":"https:\/\/biodynamizer.com\/de\/wissenschaftliche-analyse\/lanalyse-de-sang\/","title":{"rendered":"Analyse der roten Blutk\u00f6rperchen"},"content":{"rendered":"<section class=\"l-section wpb_row us_custom_916fdabd height_small\"><div class=\"l-section-h i-cf\"><div class=\"g-cols vc_row via_flex valign_top type_default stacking_default\"><div class=\"vc_col-sm-12 wpb_column vc_column_container\"><div class=\"vc_column-inner\"><div class=\"wpb_wrapper\"><nav class=\"g-breadcrumbs separator_custom align_none\" itemscope itemtype=\"http:\/\/schema.org\/BreadcrumbList\"><div class=\"g-breadcrumbs-item\" itemscope itemprop=\"itemListElement\" itemtype=\"http:\/\/schema.org\/ListItem\"><a itemprop=\"item\" href=\"https:\/\/biodynamizer.com\/de\/\"><span itemprop=\"name\">Start<\/span><\/a><meta itemprop=\"position\" content=\"1\"\/><\/div><div class=\"g-breadcrumbs-separator\">\/<\/div><div class=\"g-breadcrumbs-item\">Seiten<\/div><\/nav><\/div><\/div><\/div><\/div><\/div><\/section><section class=\"l-section wpb_row height_large with_img\"><div class=\"l-section-img\" role=\"img\" aria-label=\"Rouleau globules rouges\" data-img-width=\"1536\" data-img-height=\"864\" style=\"background-image: url(https:\/\/biodynamizer.com\/wp-content\/uploads\/2025\/09\/Globule-rouge-rouleau-16.9.png);\"><\/div><div class=\"l-section-h i-cf\"><div class=\"g-cols vc_row via_flex valign_top type_default stacking_default\"><div class=\"vc_col-sm-12 wpb_column vc_column_container\"><div class=\"vc_column-inner\"><div class=\"wpb_wrapper\"><div class=\"wpb_text_column us_custom_836f727b has_text_color\"><div class=\"wpb_wrapper\"><h3 style=\"text-align: center;\"><b>Blutanalyse\u00a0<\/b><\/h3>\n<\/div><\/div><\/div><\/div><\/div><\/div><\/div><\/section><section class=\"l-section wpb_row height_auto\"><div class=\"l-section-h i-cf\"><div class=\"g-cols vc_row via_flex valign_top type_default stacking_default\"><div class=\"vc_col-sm-12 wpb_column vc_column_container\"><div class=\"vc_column-inner\"><div class=\"wpb_wrapper\"><div class=\"w-separator size_medium\"><\/div><div class=\"wpb_text_column\"><div class=\"wpb_wrapper\"><h2 style=\"text-align: center;\"><b>Blutanalyse \u2013 Biodynamisches Wasser f\u00f6rdert eine bessere Sauerstoffdiffusion im K\u00f6rper durch das Blut!<\/b><\/h2>\n<\/div><\/div><div class=\"wpb_text_column\"><div class=\"wpb_wrapper\"><p style=\"text-align: center;\"><em>Analyse, durchgef\u00fchrt mit einem Leitz Dialux 20EB-Mikroskop, Vergr\u00f6\u00dferungen x 100, x 250, x 400, mit Hellfeld und Phasenkontrast, am 25.07.2025 von Dr. JC Lebel, Schweiz. Diese Analysen wurden mit einem Zeiss-Mikroskop mit Hellfeld, Vergr\u00f6\u00dferung x 200, x 400, vom IPR-Labor (Institut de Pathologie Romand) von Dr. Seelentag, Lonay, Schweiz, am 10.09.2025 best\u00e4tigt<\/em><\/p>\n<\/div><\/div><\/div><\/div><\/div><\/div><\/div><\/section><section class=\"l-section wpb_row height_auto\"><div class=\"l-section-h i-cf\"><div class=\"g-cols vc_row via_flex valign_top type_default stacking_default\"><div class=\"vc_col-sm-6 wpb_column vc_column_container\"><div class=\"vc_column-inner\"><div class=\"wpb_wrapper\"><div class=\"w-separator size_medium\"><\/div><div class=\"w-image align_none\"><div class=\"w-image-h\"><img decoding=\"async\" width=\"1024\" height=\"576\" src=\"https:\/\/biodynamizer.com\/wp-content\/uploads\/2025\/09\/Globule-rouge-rouleau-16.9-1024x576.png\" class=\"attachment-large size-large\" alt=\"Rouleau globules rouges\" loading=\"lazy\" srcset=\"https:\/\/biodynamizer.com\/wp-content\/uploads\/2025\/09\/Globule-rouge-rouleau-16.9-1024x576.png 1024w, https:\/\/biodynamizer.com\/wp-content\/uploads\/2025\/09\/Globule-rouge-rouleau-16.9-300x169.png 300w, https:\/\/biodynamizer.com\/wp-content\/uploads\/2025\/09\/Globule-rouge-rouleau-16.9-600x338.png 600w, https:\/\/biodynamizer.com\/wp-content\/uploads\/2025\/09\/Globule-rouge-rouleau-16.9-640x360.png 640w, https:\/\/biodynamizer.com\/wp-content\/uploads\/2025\/09\/Globule-rouge-rouleau-16.9.png 1536w\" sizes=\"auto, (max-width: 1024px) 100vw, 1024px\" \/><\/div><\/div><div class=\"wpb_text_column\"><div class=\"wpb_wrapper\"><p><em>Die roten Blutk\u00f6rperchen stauen sich, das Blut zirkuliert weniger reibungslos und diffundiert weniger Sauerstoff in den K\u00f6rper<\/em><\/p>\n<\/div><\/div><\/div><\/div><\/div><div class=\"vc_col-sm-6 wpb_column vc_column_container\"><div class=\"vc_column-inner\"><div class=\"wpb_wrapper\"><div class=\"w-separator size_medium\"><\/div><div class=\"w-image align_none\"><div class=\"w-image-h\"><img decoding=\"async\" width=\"723\" height=\"406\" src=\"https:\/\/biodynamizer.com\/wp-content\/uploads\/2025\/09\/Globule-rouge-Libre-16.9.jpg\" class=\"attachment-large size-large\" alt=\"Capillaire avec des globules rouges en file indienne, endoth\u00e9lium, cuir chevelu humain, grossissement 400x \u00e0 35 mm\" loading=\"lazy\" srcset=\"https:\/\/biodynamizer.com\/wp-content\/uploads\/2025\/09\/Globule-rouge-Libre-16.9.jpg 723w, https:\/\/biodynamizer.com\/wp-content\/uploads\/2025\/09\/Globule-rouge-Libre-16.9-300x168.jpg 300w, https:\/\/biodynamizer.com\/wp-content\/uploads\/2025\/09\/Globule-rouge-Libre-16.9-600x337.jpg 600w, https:\/\/biodynamizer.com\/wp-content\/uploads\/2025\/09\/Globule-rouge-Libre-16.9-640x359.jpg 640w\" sizes=\"auto, (max-width: 723px) 100vw, 723px\" \/><\/div><\/div><div class=\"wpb_text_column\"><div class=\"wpb_wrapper\"><p><em><b>Durch die Abl\u00f6sung der roten Blutk\u00f6rperchen nimmt das Blut mehr Sauerstoff auf, zirkuliert besser und verteilt mehr Sauerstoff im K\u00f6rper<\/b><\/em><\/p>\n<\/div><\/div><\/div><\/div><\/div><\/div><\/div><\/section><section class=\"l-section wpb_row height_large\"><div class=\"l-section-overlay\" style=\"background:rgba(172,172,172,0.2)\"><\/div><div class=\"l-section-h i-cf\"><div class=\"g-cols vc_row via_flex valign_top type_default stacking_default\"><div class=\"vc_col-sm-12 wpb_column vc_column_container\"><div class=\"vc_column-inner\"><div class=\"wpb_wrapper\"><div class=\"wpb_text_column\"><div class=\"wpb_wrapper\"><p>Ein mikroskopisches Experiment wurde an <b>2 Gruppen mit je 20 Teilnehmern<\/b> durchgef\u00fchrt (20 tranken Leitungswasser aus dem Kanton Wallis, 20 tranken Biodynamisiertes Leitungswasser aus dem Kanton Wallis: gefiltert durch Aktivkohle und dynamisiert mit einem Biodynamizer). Pro Patienten wurden zwei Proben entnommen, sodass insgesamt <b>80 Bilder <\/b>entstanden. Die Z\u00e4hlung der roten Blutk\u00f6rperchen (Erythrozyten) erfolgte manuell.<\/p>\n<p>Ziel der Analyse: Feststellung, ob sich die Verteilung der Erythrozyten nach dem Konsum von <b>0,5 l Leitungswasser &gt;&lt; Biodynamisiertes Leitungswasser &gt; 1 Stunde<\/b>.<\/p>\n<ul>\n<li>Phase 1 der Studie: 29. Januar 2026, Teilnehmer 1 bis 18<\/li>\n<li>Phase 2: 12. und 13. Februar 2026, Teilnehmer 19 bis 32<\/li>\n<li>Phase 3: 19. M\u00e4rz 2026, Teilnehmer 33 bis 40<\/li>\n<\/ul>\n<p><b>Ergebnisse: Entpackung der roten Blutk\u00f6rperchen um 67,5 % &gt; 1 Stunde nach dem Trinken von 50 cl Biodynamisiertem Leitungswasser &gt;&lt; 0 % f\u00fcr Leitungswasser.<\/b><\/p>\n<\/div><\/div><div class=\"w-separator size_medium\"><\/div><div class=\"w-image align_center\"><div class=\"w-image-h\"><img decoding=\"async\" width=\"1024\" height=\"633\" src=\"https:\/\/biodynamizer.com\/wp-content\/uploads\/2026\/04\/Unstacking-of-red-blood-cells-EN-1-1024x633.png\" class=\"attachment-large size-large\" alt=\"Graphique du d\u00e9sempilement des globules rouges.\" loading=\"lazy\" srcset=\"https:\/\/biodynamizer.com\/wp-content\/uploads\/2026\/04\/Unstacking-of-red-blood-cells-EN-1-1024x633.png 1024w, https:\/\/biodynamizer.com\/wp-content\/uploads\/2026\/04\/Unstacking-of-red-blood-cells-EN-1-300x185.png 300w, https:\/\/biodynamizer.com\/wp-content\/uploads\/2026\/04\/Unstacking-of-red-blood-cells-EN-1-600x371.png 600w\" sizes=\"auto, (max-width: 1024px) 100vw, 1024px\" \/><\/div><\/div><\/div><\/div><\/div><\/div><\/div><\/section><section class=\"l-section wpb_row height_auto\"><div class=\"l-section-h i-cf\"><div class=\"g-cols vc_row via_flex valign_top type_default stacking_default\"><div class=\"vc_col-sm-12 wpb_column vc_column_container\"><div class=\"vc_column-inner\"><div class=\"wpb_wrapper\"><div class=\"w-separator size_medium\"><\/div><div class=\"wpb_text_column\"><div class=\"wpb_wrapper\"><h2 style=\"text-align: center;\">Zusammenfassung der Ergebnisse, die zwischen dem 25.07.2025 und dem 13.03.2026 erzielt wurden<\/h2>\n<\/div><\/div><div class=\"w-image align_center\"><div class=\"w-image-h\"><img decoding=\"async\" width=\"1024\" height=\"303\" src=\"https:\/\/biodynamizer.com\/wp-content\/uploads\/2026\/04\/Sang-Globules-Rouges-desempilement-1-1024x303.png\" class=\"attachment-large size-large\" alt=\"Comparaison du sang avant et apr\u00e8s biodynamisation avec d\u00e9sempilement des globules rouges.\" loading=\"lazy\" srcset=\"https:\/\/biodynamizer.com\/wp-content\/uploads\/2026\/04\/Sang-Globules-Rouges-desempilement-1-1024x303.png 1024w, https:\/\/biodynamizer.com\/wp-content\/uploads\/2026\/04\/Sang-Globules-Rouges-desempilement-1-300x89.png 300w, https:\/\/biodynamizer.com\/wp-content\/uploads\/2026\/04\/Sang-Globules-Rouges-desempilement-1-600x178.png 600w\" sizes=\"auto, (max-width: 1024px) 100vw, 1024px\" \/><\/div><\/div><div class=\"w-separator size_medium\"><\/div><div class=\"w-image align_center\"><div class=\"w-image-h\"><img decoding=\"async\" width=\"1024\" height=\"496\" src=\"https:\/\/biodynamizer.com\/wp-content\/uploads\/2026\/04\/Summary-energy-water-blood-EN-1-1024x496.png\" class=\"attachment-large size-large\" alt=\"\" loading=\"lazy\" srcset=\"https:\/\/biodynamizer.com\/wp-content\/uploads\/2026\/04\/Summary-energy-water-blood-EN-1-1024x496.png 1024w, https:\/\/biodynamizer.com\/wp-content\/uploads\/2026\/04\/Summary-energy-water-blood-EN-1-300x145.png 300w, https:\/\/biodynamizer.com\/wp-content\/uploads\/2026\/04\/Summary-energy-water-blood-EN-1-600x290.png 600w\" sizes=\"auto, (max-width: 1024px) 100vw, 1024px\" \/><\/div><\/div><div class=\"wpb_text_column\"><div class=\"wpb_wrapper\"><p style=\"text-align: center;\"><strong>Siehe in diesem Zusammenhang auch unsere <a href=\"https:\/\/biodynamizer.com\/de\/wissenschaftliche-analyse\/lanalyse-biophotonique\/\"><span style=\"text-decoration: underline;\">biophotonische Analyse<\/span><\/a>, die f\u00fcr die Hypothese der Entstapelung roter Blutk\u00f6rperchen argumentiert!<\/strong><\/p>\n<\/div><\/div><div class=\"w-separator size_medium\"><\/div><div class=\"w-image align_center\"><div class=\"w-image-h\"><img decoding=\"async\" width=\"1024\" height=\"517\" src=\"https:\/\/biodynamizer.com\/wp-content\/uploads\/2026\/04\/Rote-Blutkorperchen-Entstapelung-DE-1024x517.png\" class=\"attachment-large size-large\" alt=\"Illustration de la d\u00e9sagr\u00e9gation des globules rouges.\" loading=\"lazy\" srcset=\"https:\/\/biodynamizer.com\/wp-content\/uploads\/2026\/04\/Rote-Blutkorperchen-Entstapelung-DE-1024x517.png 1024w, https:\/\/biodynamizer.com\/wp-content\/uploads\/2026\/04\/Rote-Blutkorperchen-Entstapelung-DE-300x151.png 300w, https:\/\/biodynamizer.com\/wp-content\/uploads\/2026\/04\/Rote-Blutkorperchen-Entstapelung-DE-600x303.png 600w\" sizes=\"auto, (max-width: 1024px) 100vw, 1024px\" \/><\/div><\/div><div class=\"w-separator size_medium\"><\/div><div class=\"w-image align_center\"><div class=\"w-image-h\"><img decoding=\"async\" width=\"1024\" height=\"575\" src=\"https:\/\/biodynamizer.com\/wp-content\/uploads\/2026\/04\/Entstapelung-roter-Blutkorperchen-DE-1024x575.png\" class=\"attachment-large size-large\" alt=\"Illustration de la d\u00e9sagr\u00e9gation des globules rouges.\" loading=\"lazy\" srcset=\"https:\/\/biodynamizer.com\/wp-content\/uploads\/2026\/04\/Entstapelung-roter-Blutkorperchen-DE-1024x575.png 1024w, https:\/\/biodynamizer.com\/wp-content\/uploads\/2026\/04\/Entstapelung-roter-Blutkorperchen-DE-300x169.png 300w, https:\/\/biodynamizer.com\/wp-content\/uploads\/2026\/04\/Entstapelung-roter-Blutkorperchen-DE-600x337.png 600w\" sizes=\"auto, (max-width: 1024px) 100vw, 1024px\" \/><\/div><\/div><div class=\"w-separator size_medium\"><\/div><div class=\"w-image align_center\"><div class=\"w-image-h\"><img decoding=\"async\" width=\"1024\" height=\"570\" src=\"https:\/\/biodynamizer.com\/wp-content\/uploads\/2026\/04\/Roten-Blutkorperchen-Sauerstoff-DE-1024x570.png\" class=\"attachment-large size-large\" alt=\"Illustration des globules rouges transportant l\u2019oxyg\u00e8ne.\" loading=\"lazy\" srcset=\"https:\/\/biodynamizer.com\/wp-content\/uploads\/2026\/04\/Roten-Blutkorperchen-Sauerstoff-DE-1024x570.png 1024w, https:\/\/biodynamizer.com\/wp-content\/uploads\/2026\/04\/Roten-Blutkorperchen-Sauerstoff-DE-300x167.png 300w, https:\/\/biodynamizer.com\/wp-content\/uploads\/2026\/04\/Roten-Blutkorperchen-Sauerstoff-DE-600x334.png 600w\" sizes=\"auto, (max-width: 1024px) 100vw, 1024px\" \/><\/div><\/div><div class=\"w-separator size_medium\"><\/div><div class=\"w-image align_center\"><div class=\"w-image-h\"><img decoding=\"async\" width=\"1024\" height=\"635\" src=\"https:\/\/biodynamizer.com\/wp-content\/uploads\/2026\/04\/Oxygen-blood-EN-1024x635.png\" class=\"attachment-large size-large\" alt=\"Graphique de l\u2019oxyg\u00e9nation du sang avec d\u00e9sempilement des globules rouges.\" loading=\"lazy\" srcset=\"https:\/\/biodynamizer.com\/wp-content\/uploads\/2026\/04\/Oxygen-blood-EN-1024x635.png 1024w, https:\/\/biodynamizer.com\/wp-content\/uploads\/2026\/04\/Oxygen-blood-EN-300x186.png 300w, https:\/\/biodynamizer.com\/wp-content\/uploads\/2026\/04\/Oxygen-blood-EN-600x372.png 600w\" sizes=\"auto, (max-width: 1024px) 100vw, 1024px\" \/><\/div><\/div><\/div><\/div><\/div><\/div><\/div><\/section><section class=\"l-section wpb_row height_auto\"><div class=\"l-section-h i-cf\"><div class=\"g-cols vc_row via_flex valign_top type_default stacking_default\"><div class=\"vc_col-sm-12 wpb_column vc_column_container\"><div class=\"vc_column-inner\"><div class=\"wpb_wrapper\"><div class=\"w-separator size_medium\"><\/div><div class=\"w-video align_none ratio_16x9 has_iframe\"><div class=\"w-video-h\"><iframe title=\"Youtube video player\" src=\"\/\/www.youtube.com\/embed\/MN6eZ-qYk-s?autoplay=0&controls=1&origin=https:\/\/biodynamizer.com\/de\/&loop=0&mute=0\" allowfullscreen=\"1\" loading=\"lazy\"><\/iframe><\/div><\/div><div class=\"w-separator size_medium\"><\/div><\/div><\/div><\/div><\/div><\/div><\/section>\n","protected":false},"excerpt":{"rendered":"Start\/SeitenBlutanalyse\u00a0 Blutanalyse \u2013 Biodynamisches Wasser f\u00f6rdert eine bessere Sauerstoffdiffusion im K\u00f6rper durch das Blut! Analyse, durchgef\u00fchrt mit einem Leitz Dialux 20EB-Mikroskop, Vergr\u00f6\u00dferungen x 100, x 250, x 400, mit Hellfeld und Phasenkontrast, am 25.07.2025 von Dr. JC Lebel, Schweiz. Diese Analysen wurden mit einem Zeiss-Mikroskop mit Hellfeld, Vergr\u00f6\u00dferung x 200, x 400, vom IPR-Labor (Institut...","protected":false},"author":9,"featured_media":0,"parent":5816,"menu_order":9,"comment_status":"closed","ping_status":"closed","template":"","meta":{"_monsterinsights_skip_tracking":false,"_monsterinsights_sitenote_active":false,"_monsterinsights_sitenote_note":"","_monsterinsights_sitenote_category":0,"footnotes":""},"class_list":["post-28559","page","type-page","status-publish","hentry"],"yoast_head":"<!-- This site is optimized with the Yoast SEO plugin v27.4 - https:\/\/yoast.com\/product\/yoast-seo-wordpress\/ -->\n<title>Analyse der roten Blutk\u00f6rperchen - Biodynamizer<\/title>\n<meta name=\"description\" content=\"Biodynamizer - Analyse der roten Blutk\u00f6rperchen - En savoir plus sur le biodynamizer et le biofiltre\" \/>\n<meta name=\"robots\" content=\"index, follow, max-snippet:-1, max-image-preview:large, max-video-preview:-1\" \/>\n<link rel=\"canonical\" href=\"https:\/\/biodynamizer.com\/de\/wissenschaftliche-analyse\/lanalyse-de-sang\/\" \/>\n<meta property=\"og:locale\" content=\"de_DE\" \/>\n<meta property=\"og:type\" content=\"article\" \/>\n<meta property=\"og:title\" content=\"Analyse der roten Blutk\u00f6rperchen - Biodynamizer\" \/>\n<meta property=\"og:description\" content=\"Biodynamizer - Analyse der roten Blutk\u00f6rperchen - En savoir plus sur le biodynamizer et le biofiltre\" \/>\n<meta property=\"og:url\" content=\"https:\/\/biodynamizer.com\/de\/wissenschaftliche-analyse\/lanalyse-de-sang\/\" \/>\n<meta property=\"og:site_name\" content=\"Biodynamizer\" \/>\n<meta property=\"article:modified_time\" content=\"2026-04-17T07:31:23+00:00\" \/>\n<meta property=\"og:image\" content=\"https:\/\/biodynamizer.com\/wp-content\/uploads\/2019\/11\/Depositphotos_15742931_xl-2015.jpg\" \/>\n\t<meta property=\"og:image:width\" content=\"2000\" \/>\n\t<meta property=\"og:image:height\" content=\"1333\" \/>\n\t<meta property=\"og:image:type\" content=\"image\/jpeg\" \/>\n<meta name=\"twitter:card\" content=\"summary_large_image\" \/>\n<meta name=\"twitter:label1\" content=\"Gesch\u00e4tzte Lesezeit\" \/>\n\t<meta name=\"twitter:data1\" content=\"2\u00a0Minuten\" \/>\n<script type=\"application\/ld+json\" class=\"yoast-schema-graph\">{\"@context\":\"https:\\\/\\\/schema.org\",\"@graph\":[{\"@type\":\"WebPage\",\"@id\":\"https:\\\/\\\/biodynamizer.com\\\/de\\\/wissenschaftliche-analyse\\\/lanalyse-de-sang\\\/\",\"url\":\"https:\\\/\\\/biodynamizer.com\\\/de\\\/wissenschaftliche-analyse\\\/lanalyse-de-sang\\\/\",\"name\":\"Analyse der roten Blutk\u00f6rperchen - Biodynamizer\",\"isPartOf\":{\"@id\":\"https:\\\/\\\/biodynamizer.com\\\/de\\\/#website\"},\"datePublished\":\"2025-09-03T15:47:48+00:00\",\"dateModified\":\"2026-04-17T07:31:23+00:00\",\"description\":\"Biodynamizer - Analyse der roten Blutk\u00f6rperchen - En savoir plus sur le biodynamizer et le biofiltre\",\"breadcrumb\":{\"@id\":\"https:\\\/\\\/biodynamizer.com\\\/de\\\/wissenschaftliche-analyse\\\/lanalyse-de-sang\\\/#breadcrumb\"},\"inLanguage\":\"de\",\"potentialAction\":[{\"@type\":\"ReadAction\",\"target\":[\"https:\\\/\\\/biodynamizer.com\\\/de\\\/wissenschaftliche-analyse\\\/lanalyse-de-sang\\\/\"]}]},{\"@type\":\"BreadcrumbList\",\"@id\":\"https:\\\/\\\/biodynamizer.com\\\/de\\\/wissenschaftliche-analyse\\\/lanalyse-de-sang\\\/#breadcrumb\",\"itemListElement\":[{\"@type\":\"ListItem\",\"position\":1,\"name\":\"Home\",\"item\":\"https:\\\/\\\/biodynamizer.com\\\/de\\\/\"},{\"@type\":\"ListItem\",\"position\":2,\"name\":\"Analyse\",\"item\":\"https:\\\/\\\/biodynamizer.com\\\/de\\\/wissenschaftliche-analyse\\\/\"},{\"@type\":\"ListItem\",\"position\":3,\"name\":\"Analyse der roten Blutk\u00f6rperchen\"}]},{\"@type\":\"WebSite\",\"@id\":\"https:\\\/\\\/biodynamizer.com\\\/de\\\/#website\",\"url\":\"https:\\\/\\\/biodynamizer.com\\\/de\\\/\",\"name\":\"Biodynamizer\",\"description\":\"Filtrez et dynamisez votre eau\",\"potentialAction\":[{\"@type\":\"SearchAction\",\"target\":{\"@type\":\"EntryPoint\",\"urlTemplate\":\"https:\\\/\\\/biodynamizer.com\\\/de\\\/?s={search_term_string}\"},\"query-input\":{\"@type\":\"PropertyValueSpecification\",\"valueRequired\":true,\"valueName\":\"search_term_string\"}}],\"inLanguage\":\"de\"}]}<\/script>\n<!-- \/ Yoast SEO plugin. -->","yoast_head_json":{"title":"Analyse der roten Blutk\u00f6rperchen - Biodynamizer","description":"Biodynamizer - Analyse der roten Blutk\u00f6rperchen - En savoir plus sur le biodynamizer et le biofiltre","robots":{"index":"index","follow":"follow","max-snippet":"max-snippet:-1","max-image-preview":"max-image-preview:large","max-video-preview":"max-video-preview:-1"},"canonical":"https:\/\/biodynamizer.com\/de\/wissenschaftliche-analyse\/lanalyse-de-sang\/","og_locale":"de_DE","og_type":"article","og_title":"Analyse der roten Blutk\u00f6rperchen - Biodynamizer","og_description":"Biodynamizer - Analyse der roten Blutk\u00f6rperchen - En savoir plus sur le biodynamizer et le biofiltre","og_url":"https:\/\/biodynamizer.com\/de\/wissenschaftliche-analyse\/lanalyse-de-sang\/","og_site_name":"Biodynamizer","article_modified_time":"2026-04-17T07:31:23+00:00","og_image":[{"width":2000,"height":1333,"url":"https:\/\/biodynamizer.com\/wp-content\/uploads\/2019\/11\/Depositphotos_15742931_xl-2015.jpg","type":"image\/jpeg"}],"twitter_card":"summary_large_image","twitter_misc":{"Gesch\u00e4tzte Lesezeit":"2\u00a0Minuten"},"schema":{"@context":"https:\/\/schema.org","@graph":[{"@type":"WebPage","@id":"https:\/\/biodynamizer.com\/de\/wissenschaftliche-analyse\/lanalyse-de-sang\/","url":"https:\/\/biodynamizer.com\/de\/wissenschaftliche-analyse\/lanalyse-de-sang\/","name":"Analyse der roten Blutk\u00f6rperchen - Biodynamizer","isPartOf":{"@id":"https:\/\/biodynamizer.com\/de\/#website"},"datePublished":"2025-09-03T15:47:48+00:00","dateModified":"2026-04-17T07:31:23+00:00","description":"Biodynamizer - Analyse der roten Blutk\u00f6rperchen - En savoir plus sur le biodynamizer et le biofiltre","breadcrumb":{"@id":"https:\/\/biodynamizer.com\/de\/wissenschaftliche-analyse\/lanalyse-de-sang\/#breadcrumb"},"inLanguage":"de","potentialAction":[{"@type":"ReadAction","target":["https:\/\/biodynamizer.com\/de\/wissenschaftliche-analyse\/lanalyse-de-sang\/"]}]},{"@type":"BreadcrumbList","@id":"https:\/\/biodynamizer.com\/de\/wissenschaftliche-analyse\/lanalyse-de-sang\/#breadcrumb","itemListElement":[{"@type":"ListItem","position":1,"name":"Home","item":"https:\/\/biodynamizer.com\/de\/"},{"@type":"ListItem","position":2,"name":"Analyse","item":"https:\/\/biodynamizer.com\/de\/wissenschaftliche-analyse\/"},{"@type":"ListItem","position":3,"name":"Analyse der roten Blutk\u00f6rperchen"}]},{"@type":"WebSite","@id":"https:\/\/biodynamizer.com\/de\/#website","url":"https:\/\/biodynamizer.com\/de\/","name":"Biodynamizer","description":"Filtrez et dynamisez votre eau","potentialAction":[{"@type":"SearchAction","target":{"@type":"EntryPoint","urlTemplate":"https:\/\/biodynamizer.com\/de\/?s={search_term_string}"},"query-input":{"@type":"PropertyValueSpecification","valueRequired":true,"valueName":"search_term_string"}}],"inLanguage":"de"}]}},"_links":{"self":[{"href":"https:\/\/biodynamizer.com\/de\/wp-json\/wp\/v2\/pages\/28559","targetHints":{"allow":["GET"]}}],"collection":[{"href":"https:\/\/biodynamizer.com\/de\/wp-json\/wp\/v2\/pages"}],"about":[{"href":"https:\/\/biodynamizer.com\/de\/wp-json\/wp\/v2\/types\/page"}],"author":[{"embeddable":true,"href":"https:\/\/biodynamizer.com\/de\/wp-json\/wp\/v2\/users\/9"}],"replies":[{"embeddable":true,"href":"https:\/\/biodynamizer.com\/de\/wp-json\/wp\/v2\/comments?post=28559"}],"version-history":[{"count":34,"href":"https:\/\/biodynamizer.com\/de\/wp-json\/wp\/v2\/pages\/28559\/revisions"}],"predecessor-version":[{"id":32746,"href":"https:\/\/biodynamizer.com\/de\/wp-json\/wp\/v2\/pages\/28559\/revisions\/32746"}],"up":[{"embeddable":true,"href":"https:\/\/biodynamizer.com\/de\/wp-json\/wp\/v2\/pages\/5816"}],"wp:attachment":[{"href":"https:\/\/biodynamizer.com\/de\/wp-json\/wp\/v2\/media?parent=28559"}],"curies":[{"name":"wp","href":"https:\/\/api.w.org\/{rel}","templated":true}]}}