{"id":28641,"date":"2025-09-03T16:53:18","date_gmt":"2025-09-03T16:53:18","guid":{"rendered":"https:\/\/biodynamizer.spleen-creation.be\/?page_id=28641"},"modified":"2025-09-09T16:22:59","modified_gmt":"2025-09-09T16:22:59","slug":"le-flacon-ohmere","status":"publish","type":"page","link":"https:\/\/biodynamizer.com\/de\/unsere-loesungen\/der-biodynamizer\/le-flacon-ohmere\/","title":{"rendered":"Die Ohm\u00e8re-Flasche"},"content":{"rendered":"<section class=\"l-section wpb_row us_custom_916fdabd height_small\"><div class=\"l-section-h i-cf\"><div class=\"g-cols vc_row via_flex valign_top type_default stacking_default\"><div class=\"vc_col-sm-12 wpb_column vc_column_container\"><div class=\"vc_column-inner\"><div class=\"wpb_wrapper\"><nav class=\"g-breadcrumbs separator_custom align_none\" itemscope itemtype=\"http:\/\/schema.org\/BreadcrumbList\"><div class=\"g-breadcrumbs-item\" itemscope itemprop=\"itemListElement\" itemtype=\"http:\/\/schema.org\/ListItem\"><a itemprop=\"item\" href=\"https:\/\/biodynamizer.com\/de\/\"><span itemprop=\"name\">Start<\/span><\/a><meta itemprop=\"position\" content=\"1\"\/><\/div><div class=\"g-breadcrumbs-separator\">\/<\/div><div class=\"g-breadcrumbs-item\">Seiten<\/div><\/nav><\/div><\/div><\/div><\/div><\/div><\/section><section class=\"l-section wpb_row fullheader height_huge with_img\"><div class=\"l-section-img\" role=\"img\" aria-label=\"Onde Scalaire\" data-img-width=\"1563\" data-img-height=\"1563\" style=\"background-image: url(https:\/\/biodynamizer.com\/wp-content\/uploads\/2025\/09\/Onde-Scalaire-Ohmere.png);background-repeat: no-repeat;\"><\/div><div class=\"l-section-h i-cf\"><div class=\"g-cols vc_row via_flex valign_top type_default stacking_default\"><div class=\"vc_col-sm-12 wpb_column vc_column_container has_text_color\"><div class=\"vc_column-inner us_custom_6df4bc3a\"><div class=\"wpb_wrapper\"><div class=\"wpb_text_column us_custom_49627313\"><div class=\"wpb_wrapper\"><h3 style=\"text-align: center; text-shadow: 2px 2px 0 #000000;\">Die Ohm\u00e8re-Flasche &#8211; eine universelle Energie, die Wasser informiert<\/h3>\n<\/div><\/div><\/div><\/div><\/div><\/div><\/div><\/section><section class=\"l-section wpb_row height_medium\"><div class=\"l-section-h i-cf\"><div class=\"g-cols vc_row via_flex valign_top type_default stacking_default\"><div class=\"vc_col-sm-8 wpb_column vc_column_container\"><div class=\"vc_column-inner\"><div class=\"wpb_wrapper\"><div class=\"wpb_text_column us_custom_a574d586 imagesideblock has_text_color\"><div class=\"wpb_wrapper\"><h1 style=\"text-align: center;\"><b>Biodynamisiertes Wasser aus der Ohm\u00e8re-Flasche<\/b><\/h1>\n<\/div><\/div><div class=\"wpb_text_column us_custom_a574d586 has_text_color\"><div class=\"wpb_wrapper\"><p>Die Ohm\u00e8re-Flasche, ist das <b>21<\/b><b>e<\/b><b> Dynamisierungsprinzip<\/b> des Biodynamizer. Sie enth\u00e4lt <b>universelle, stabile und anhaltende Lebensenergie<\/b>, die auf das biodynamisierte Wasser \u00fcbertragen wird. Die dynamisierenden Prinzipien und Mineralien der Ohm\u00e8re-Flasche fangen alle in der Flasche enthaltenen Energien ein, \u201epr\u00e4gen\u201c sie in das dynamisierte Wasser ein und \u00fcbertragen sie auf diejenigen, die es trinken oder darin baden! Wir bewegen uns von der Energie des Wassers zum Geist des Wassers, <b>von einem energetischen Ger\u00e4t zu einem Quantenger\u00e4t<\/b>.<\/p>\n<p>Hergestellt aus hochreinem <b>Meerwasser <\/b>(aus Tiefen von \u00fcber 300 m, das beim Aufsteigen auf Licht und Plankton trifft) mit <b>78 Meeresmineralien<\/b>.<\/p>\n<p>Wir haben ihr mithilfe eines geheimen, aber nat\u00fcrlichen Prozesses ein <i>Potenzial<\/i> universeller Lebensenergien \u00fcbertragen, zusammen mit einem <b>Himalaya-Bergkristall <\/b>und einem gediegenen <b>Goldnugget<\/b>. Die Ohm\u00e8re-Flasche enth\u00e4lt somit die Trilogie aus Mineral, Metall und Kristall.<\/p>\n<p>Diese \u201euniverselle Energie\u201c enth\u00e4lt ein breites Spektrum lebensf\u00f6rdernder Wellenl\u00e4ngen. Die Ohmer-Flasche ist ein Sender dieser Lebensfrequenzen, die beim Durchlaufen des Biodynamizer auf das dynamisierte Wasser \u00fcbertragen werden. Es enth\u00e4lt ein <i>Potenzial<\/i> an Energien, denn diese stehen denen zur Verf\u00fcgung, die <b>frei mit ihnen in Resonanz <\/b>treten m\u00f6chten!<\/p>\n<\/div><\/div><div class=\"w-image align_left\"><div class=\"w-image-h\"><img decoding=\"async\" width=\"300\" height=\"225\" src=\"https:\/\/biodynamizer.com\/wp-content\/uploads\/2025\/09\/Depositphotos_53733651_xl-2015-300x225.jpg\" class=\"attachment-medium size-medium\" alt=\"Illustration abstraite d\u2019une t\u00eate humaine en fil de fer m\u00eal\u00e9e \u00e0 des formes fractales, \u00e9voquant le cerveau, la pens\u00e9e, l\u2019intuition et la conscience mystique.\" loading=\"lazy\" srcset=\"https:\/\/biodynamizer.com\/wp-content\/uploads\/2025\/09\/Depositphotos_53733651_xl-2015-300x225.jpg 300w, https:\/\/biodynamizer.com\/wp-content\/uploads\/2025\/09\/Depositphotos_53733651_xl-2015-1024x768.jpg 1024w, https:\/\/biodynamizer.com\/wp-content\/uploads\/2025\/09\/Depositphotos_53733651_xl-2015-533x400.jpg 533w, https:\/\/biodynamizer.com\/wp-content\/uploads\/2025\/09\/Depositphotos_53733651_xl-2015-640x480.jpg 640w\" sizes=\"auto, (max-width: 300px) 100vw, 300px\" \/><\/div><\/div><div class=\"w-separator size_small\"><\/div><div class=\"wpb_text_column\"><div class=\"wpb_wrapper\"><p><strong><i>\u00ab\u00a0<\/i><i>Energie kodiert, Wasser enkodiert, Mensch dekodiert <\/i><i>\u00bb<\/i><\/strong><\/p>\n<p>Christophe Carrette<\/p>\n<\/div><\/div><\/div><\/div><\/div><div class=\"vc_col-sm-4 wpb_column vc_column_container\"><div class=\"vc_column-inner\"><div class=\"wpb_wrapper\"><div class=\"w-image align_center\"><div class=\"w-image-h\"><img decoding=\"async\" width=\"1024\" height=\"796\" src=\"https:\/\/biodynamizer.com\/wp-content\/uploads\/2025\/09\/Ohmere-BIG-1024x796.png\" class=\"attachment-large size-large\" alt=\"logo Ohm\u00e8re\" loading=\"lazy\" srcset=\"https:\/\/biodynamizer.com\/wp-content\/uploads\/2025\/09\/Ohmere-BIG-1024x796.png 1024w, https:\/\/biodynamizer.com\/wp-content\/uploads\/2025\/09\/Ohmere-BIG-300x233.png 300w, https:\/\/biodynamizer.com\/wp-content\/uploads\/2025\/09\/Ohmere-BIG-515x400.png 515w, https:\/\/biodynamizer.com\/wp-content\/uploads\/2025\/09\/Ohmere-BIG-640x497.png 640w, https:\/\/biodynamizer.com\/wp-content\/uploads\/2025\/09\/Ohmere-BIG.png 1887w\" sizes=\"auto, (max-width: 1024px) 100vw, 1024px\" \/><\/div><\/div><div class=\"w-separator size_small\"><\/div><div class=\"w-image us_custom_2d0e0edc has_height align_center\"><div class=\"w-image-h\"><img decoding=\"async\" width=\"428\" height=\"1024\" src=\"https:\/\/biodynamizer.com\/wp-content\/uploads\/2025\/09\/Biodynamizer-Ohmere-site-web-428x1024.png\" class=\"attachment-large size-large\" alt=\"\" loading=\"lazy\" srcset=\"https:\/\/biodynamizer.com\/wp-content\/uploads\/2025\/09\/Biodynamizer-Ohmere-site-web-428x1024.png 428w, https:\/\/biodynamizer.com\/wp-content\/uploads\/2025\/09\/Biodynamizer-Ohmere-site-web-125x300.png 125w, https:\/\/biodynamizer.com\/wp-content\/uploads\/2025\/09\/Biodynamizer-Ohmere-site-web-167x400.png 167w, https:\/\/biodynamizer.com\/wp-content\/uploads\/2025\/09\/Biodynamizer-Ohmere-site-web-640x1530.png 640w, https:\/\/biodynamizer.com\/wp-content\/uploads\/2025\/09\/Biodynamizer-Ohmere-site-web.png 1035w\" sizes=\"auto, (max-width: 428px) 100vw, 428px\" \/><\/div><\/div><\/div><\/div><\/div><\/div><\/div><\/section>\n","protected":false},"excerpt":{"rendered":"Start\/SeitenDie Ohm\u00e8re-Flasche &#8211; eine universelle Energie, die Wasser informiert Biodynamisiertes Wasser aus der Ohm\u00e8re-Flasche Die Ohm\u00e8re-Flasche, ist das 21e Dynamisierungsprinzip des Biodynamizer. Sie enth\u00e4lt universelle, stabile und anhaltende Lebensenergie, die auf das biodynamisierte Wasser \u00fcbertragen wird. Die dynamisierenden Prinzipien und Mineralien der Ohm\u00e8re-Flasche fangen alle in der Flasche enthaltenen Energien ein, \u201epr\u00e4gen\u201c sie in das...","protected":false},"author":9,"featured_media":0,"parent":5977,"menu_order":8,"comment_status":"closed","ping_status":"closed","template":"","meta":{"_monsterinsights_skip_tracking":false,"_monsterinsights_sitenote_active":false,"_monsterinsights_sitenote_note":"","_monsterinsights_sitenote_category":0,"footnotes":""},"class_list":["post-28641","page","type-page","status-publish","hentry"],"yoast_head":"<!-- This site is optimized with the Yoast SEO plugin v27.4 - https:\/\/yoast.com\/product\/yoast-seo-wordpress\/ -->\n<title>Die Ohm\u00e8re-Flasche - Biodynamizer<\/title>\n<meta name=\"description\" content=\"Biodynamizer - Die Ohm\u00e8re-Flasche - En savoir plus sur le biodynamizer et le biofiltre\" \/>\n<meta name=\"robots\" content=\"index, follow, max-snippet:-1, max-image-preview:large, max-video-preview:-1\" \/>\n<link rel=\"canonical\" href=\"https:\/\/biodynamizer.com\/de\/unsere-loesungen\/der-biodynamizer\/le-flacon-ohmere\/\" \/>\n<meta property=\"og:locale\" content=\"de_DE\" \/>\n<meta property=\"og:type\" content=\"article\" \/>\n<meta property=\"og:title\" content=\"Die Ohm\u00e8re-Flasche - Biodynamizer\" \/>\n<meta property=\"og:description\" content=\"Biodynamizer - Die Ohm\u00e8re-Flasche - En savoir plus sur le biodynamizer et le biofiltre\" \/>\n<meta property=\"og:url\" content=\"https:\/\/biodynamizer.com\/de\/unsere-loesungen\/der-biodynamizer\/le-flacon-ohmere\/\" \/>\n<meta property=\"og:site_name\" content=\"Biodynamizer\" \/>\n<meta property=\"article:modified_time\" content=\"2025-09-09T16:22:59+00:00\" \/>\n<meta property=\"og:image\" content=\"https:\/\/biodynamizer.com\/wp-content\/uploads\/2019\/11\/Depositphotos_15742931_xl-2015.jpg\" \/>\n\t<meta property=\"og:image:width\" content=\"2000\" \/>\n\t<meta property=\"og:image:height\" content=\"1333\" \/>\n\t<meta property=\"og:image:type\" content=\"image\/jpeg\" \/>\n<meta name=\"twitter:card\" content=\"summary_large_image\" \/>\n<meta name=\"twitter:label1\" content=\"Gesch\u00e4tzte Lesezeit\" \/>\n\t<meta name=\"twitter:data1\" content=\"2\u00a0Minuten\" \/>\n<script type=\"application\/ld+json\" class=\"yoast-schema-graph\">{\"@context\":\"https:\\\/\\\/schema.org\",\"@graph\":[{\"@type\":\"WebPage\",\"@id\":\"https:\\\/\\\/biodynamizer.com\\\/de\\\/unsere-loesungen\\\/der-biodynamizer\\\/le-flacon-ohmere\\\/\",\"url\":\"https:\\\/\\\/biodynamizer.com\\\/de\\\/unsere-loesungen\\\/der-biodynamizer\\\/le-flacon-ohmere\\\/\",\"name\":\"Die Ohm\u00e8re-Flasche - Biodynamizer\",\"isPartOf\":{\"@id\":\"https:\\\/\\\/biodynamizer.com\\\/de\\\/#website\"},\"datePublished\":\"2025-09-03T16:53:18+00:00\",\"dateModified\":\"2025-09-09T16:22:59+00:00\",\"description\":\"Biodynamizer - Die Ohm\u00e8re-Flasche - En savoir plus sur le biodynamizer et le biofiltre\",\"breadcrumb\":{\"@id\":\"https:\\\/\\\/biodynamizer.com\\\/de\\\/unsere-loesungen\\\/der-biodynamizer\\\/le-flacon-ohmere\\\/#breadcrumb\"},\"inLanguage\":\"de\",\"potentialAction\":[{\"@type\":\"ReadAction\",\"target\":[\"https:\\\/\\\/biodynamizer.com\\\/de\\\/unsere-loesungen\\\/der-biodynamizer\\\/le-flacon-ohmere\\\/\"]}]},{\"@type\":\"BreadcrumbList\",\"@id\":\"https:\\\/\\\/biodynamizer.com\\\/de\\\/unsere-loesungen\\\/der-biodynamizer\\\/le-flacon-ohmere\\\/#breadcrumb\",\"itemListElement\":[{\"@type\":\"ListItem\",\"position\":1,\"name\":\"Home\",\"item\":\"https:\\\/\\\/biodynamizer.com\\\/de\\\/\"},{\"@type\":\"ListItem\",\"position\":2,\"name\":\"Unsere L\u00f6sungen\",\"item\":\"https:\\\/\\\/biodynamizer.com\\\/de\\\/unsere-loesungen\\\/\"},{\"@type\":\"ListItem\",\"position\":3,\"name\":\"Der Biodynamizer\",\"item\":\"https:\\\/\\\/biodynamizer.com\\\/de\\\/unsere-loesungen\\\/der-biodynamizer\\\/\"},{\"@type\":\"ListItem\",\"position\":4,\"name\":\"Die Ohm\u00e8re-Flasche\"}]},{\"@type\":\"WebSite\",\"@id\":\"https:\\\/\\\/biodynamizer.com\\\/de\\\/#website\",\"url\":\"https:\\\/\\\/biodynamizer.com\\\/de\\\/\",\"name\":\"Biodynamizer\",\"description\":\"Filtrez et dynamisez votre eau\",\"potentialAction\":[{\"@type\":\"SearchAction\",\"target\":{\"@type\":\"EntryPoint\",\"urlTemplate\":\"https:\\\/\\\/biodynamizer.com\\\/de\\\/?s={search_term_string}\"},\"query-input\":{\"@type\":\"PropertyValueSpecification\",\"valueRequired\":true,\"valueName\":\"search_term_string\"}}],\"inLanguage\":\"de\"}]}<\/script>\n<!-- \/ Yoast SEO plugin. -->","yoast_head_json":{"title":"Die Ohm\u00e8re-Flasche - Biodynamizer","description":"Biodynamizer - Die Ohm\u00e8re-Flasche - En savoir plus sur le biodynamizer et le biofiltre","robots":{"index":"index","follow":"follow","max-snippet":"max-snippet:-1","max-image-preview":"max-image-preview:large","max-video-preview":"max-video-preview:-1"},"canonical":"https:\/\/biodynamizer.com\/de\/unsere-loesungen\/der-biodynamizer\/le-flacon-ohmere\/","og_locale":"de_DE","og_type":"article","og_title":"Die Ohm\u00e8re-Flasche - Biodynamizer","og_description":"Biodynamizer - Die Ohm\u00e8re-Flasche - En savoir plus sur le biodynamizer et le biofiltre","og_url":"https:\/\/biodynamizer.com\/de\/unsere-loesungen\/der-biodynamizer\/le-flacon-ohmere\/","og_site_name":"Biodynamizer","article_modified_time":"2025-09-09T16:22:59+00:00","og_image":[{"width":2000,"height":1333,"url":"https:\/\/biodynamizer.com\/wp-content\/uploads\/2019\/11\/Depositphotos_15742931_xl-2015.jpg","type":"image\/jpeg"}],"twitter_card":"summary_large_image","twitter_misc":{"Gesch\u00e4tzte Lesezeit":"2\u00a0Minuten"},"schema":{"@context":"https:\/\/schema.org","@graph":[{"@type":"WebPage","@id":"https:\/\/biodynamizer.com\/de\/unsere-loesungen\/der-biodynamizer\/le-flacon-ohmere\/","url":"https:\/\/biodynamizer.com\/de\/unsere-loesungen\/der-biodynamizer\/le-flacon-ohmere\/","name":"Die Ohm\u00e8re-Flasche - Biodynamizer","isPartOf":{"@id":"https:\/\/biodynamizer.com\/de\/#website"},"datePublished":"2025-09-03T16:53:18+00:00","dateModified":"2025-09-09T16:22:59+00:00","description":"Biodynamizer - Die Ohm\u00e8re-Flasche - En savoir plus sur le biodynamizer et le biofiltre","breadcrumb":{"@id":"https:\/\/biodynamizer.com\/de\/unsere-loesungen\/der-biodynamizer\/le-flacon-ohmere\/#breadcrumb"},"inLanguage":"de","potentialAction":[{"@type":"ReadAction","target":["https:\/\/biodynamizer.com\/de\/unsere-loesungen\/der-biodynamizer\/le-flacon-ohmere\/"]}]},{"@type":"BreadcrumbList","@id":"https:\/\/biodynamizer.com\/de\/unsere-loesungen\/der-biodynamizer\/le-flacon-ohmere\/#breadcrumb","itemListElement":[{"@type":"ListItem","position":1,"name":"Home","item":"https:\/\/biodynamizer.com\/de\/"},{"@type":"ListItem","position":2,"name":"Unsere L\u00f6sungen","item":"https:\/\/biodynamizer.com\/de\/unsere-loesungen\/"},{"@type":"ListItem","position":3,"name":"Der Biodynamizer","item":"https:\/\/biodynamizer.com\/de\/unsere-loesungen\/der-biodynamizer\/"},{"@type":"ListItem","position":4,"name":"Die Ohm\u00e8re-Flasche"}]},{"@type":"WebSite","@id":"https:\/\/biodynamizer.com\/de\/#website","url":"https:\/\/biodynamizer.com\/de\/","name":"Biodynamizer","description":"Filtrez et dynamisez votre eau","potentialAction":[{"@type":"SearchAction","target":{"@type":"EntryPoint","urlTemplate":"https:\/\/biodynamizer.com\/de\/?s={search_term_string}"},"query-input":{"@type":"PropertyValueSpecification","valueRequired":true,"valueName":"search_term_string"}}],"inLanguage":"de"}]}},"_links":{"self":[{"href":"https:\/\/biodynamizer.com\/de\/wp-json\/wp\/v2\/pages\/28641","targetHints":{"allow":["GET"]}}],"collection":[{"href":"https:\/\/biodynamizer.com\/de\/wp-json\/wp\/v2\/pages"}],"about":[{"href":"https:\/\/biodynamizer.com\/de\/wp-json\/wp\/v2\/types\/page"}],"author":[{"embeddable":true,"href":"https:\/\/biodynamizer.com\/de\/wp-json\/wp\/v2\/users\/9"}],"replies":[{"embeddable":true,"href":"https:\/\/biodynamizer.com\/de\/wp-json\/wp\/v2\/comments?post=28641"}],"version-history":[{"count":7,"href":"https:\/\/biodynamizer.com\/de\/wp-json\/wp\/v2\/pages\/28641\/revisions"}],"predecessor-version":[{"id":28909,"href":"https:\/\/biodynamizer.com\/de\/wp-json\/wp\/v2\/pages\/28641\/revisions\/28909"}],"up":[{"embeddable":true,"href":"https:\/\/biodynamizer.com\/de\/wp-json\/wp\/v2\/pages\/5977"}],"wp:attachment":[{"href":"https:\/\/biodynamizer.com\/de\/wp-json\/wp\/v2\/media?parent=28641"}],"curies":[{"name":"wp","href":"https:\/\/api.w.org\/{rel}","templated":true}]}}