{"id":5802,"date":"2020-11-09T14:52:36","date_gmt":"2020-11-09T14:52:36","guid":{"rendered":"https:\/\/biodynamizer.spleen-creation.be\/le-biolimescaler\/"},"modified":"2026-01-12T16:29:33","modified_gmt":"2026-01-12T16:29:33","slug":"der-biolimescaler","status":"publish","type":"page","link":"https:\/\/biodynamizer.com\/de\/unsere-loesungen\/der-biolimescaler\/","title":{"rendered":"Biolimescaler\u00ae"},"content":{"rendered":"<section class=\"l-section wpb_row us_custom_916fdabd height_small\"><div class=\"l-section-h i-cf\"><div class=\"g-cols vc_row via_flex valign_top type_default stacking_default\"><div class=\"vc_col-sm-12 wpb_column vc_column_container\"><div class=\"vc_column-inner\"><div class=\"wpb_wrapper\"><nav class=\"g-breadcrumbs separator_custom align_none\" itemscope itemtype=\"http:\/\/schema.org\/BreadcrumbList\"><div class=\"g-breadcrumbs-item\" itemscope itemprop=\"itemListElement\" itemtype=\"http:\/\/schema.org\/ListItem\"><a itemprop=\"item\" href=\"https:\/\/biodynamizer.com\/de\/\"><span itemprop=\"name\">Start<\/span><\/a><meta itemprop=\"position\" content=\"1\"\/><\/div><div class=\"g-breadcrumbs-separator\">\/<\/div><div class=\"g-breadcrumbs-item\">Seiten<\/div><\/nav><\/div><\/div><\/div><\/div><\/div><\/section><section class=\"l-section wpb_row us_custom_72fc42ef height_auto width_full\"><div class=\"l-section-h i-cf\"><div class=\"g-cols vc_row via_flex valign_top type_default stacking_default\"><div class=\"vc_col-sm-6 wpb_column vc_column_container max500 has_text_color\"><div class=\"vc_column-inner us_custom_4dcae655\"><div class=\"wpb_wrapper\"><div class=\"w-image align_center\"><div class=\"w-image-h\"><img decoding=\"async\" width=\"1024\" height=\"684\" src=\"https:\/\/biodynamizer.com\/wp-content\/uploads\/2020\/10\/Depositphotos_93095260_xl-2015-1024x684.jpg\" class=\"attachment-large size-large\" alt=\"\" loading=\"lazy\" srcset=\"https:\/\/biodynamizer.com\/wp-content\/uploads\/2020\/10\/Depositphotos_93095260_xl-2015-1024x684.jpg 1024w, https:\/\/biodynamizer.com\/wp-content\/uploads\/2020\/10\/Depositphotos_93095260_xl-2015-300x200.jpg 300w, https:\/\/biodynamizer.com\/wp-content\/uploads\/2020\/10\/Depositphotos_93095260_xl-2015-1536x1025.jpg 1536w, https:\/\/biodynamizer.com\/wp-content\/uploads\/2020\/10\/Depositphotos_93095260_xl-2015-2048x1367.jpg 2048w, https:\/\/biodynamizer.com\/wp-content\/uploads\/2020\/10\/Depositphotos_93095260_xl-2015-600x400.jpg 600w\" sizes=\"auto, (max-width: 1024px) 100vw, 1024px\" \/><\/div><\/div><\/div><\/div><\/div><div class=\"vc_col-sm-6 wpb_column vc_column_container tekstsideblock\"><div class=\"vc_column-inner\"><div class=\"wpb_wrapper\"><div class=\"wpb_text_column\"><div class=\"wpb_wrapper\"><h2>Biolimescaler\u00ae: Zus\u00e4tzliche Kalksteinaufbereitungsanlage f\u00fcr sehr hartes Wasser (\u00fcber 40\u00b0 f, franz\u00f6sische Grade)<\/h2>\n<\/div><\/div><div class=\"wpb_text_column\"><div class=\"wpb_wrapper\"><ul>\n<li>Jedes mineralisierte Wasser (einschlie\u00dflich Leitungswasser) enth\u00e4lt <strong>Kalkstein, der sich unter der Einwirkung von W\u00e4rme<\/strong> in Kalk umwandelt, zun\u00e4chst in Form von <strong>Aragonit<\/strong> (weicherer, l\u00f6slicher Kalk), der sich schlie\u00dflich in <strong>Kalzit<\/strong> (harter, kompakter Kalk, der sich in den Sanit\u00e4rleitungen absetzt und aush\u00e4rtet) umwandelt.<\/li>\n<li>Dieser Kalkstein wird sich um die <strong>Widerst\u00e4nde des Wasserkessel-Heizers<\/strong> (der das Wasser auf max. 55\u00b0C erhitzt) herum niederschlagen und sich in Kesselstein verwandeln, was seine Energieeffizienz verringert, aber er wird langfristig auch im Inneren der <strong>Sanit\u00e4rleitungen<\/strong> verkrusten, mit der Gefahr, diese zu verstopfen!<\/li>\n<li>Um diese Unannehmlichkeiten zu vermeiden, ist es <strong>daher ratsam<\/strong>, diesen Kalkstein zu behandeln, indem man seine mineralogische Struktur umwandelt, um ihn l\u00f6slicher zu machen, wodurch seine Einbettung verhindert wird. Der Kalk bleibt also im Wasser vorhanden, aber er hat keine Nachteile mehr.<\/li>\n<\/ul>\n<\/div><\/div><\/div><\/div><\/div><\/div><\/div><\/section><section class=\"l-section wpb_row height_medium\"><div class=\"l-section-h i-cf\"><div class=\"g-cols vc_row via_flex valign_top type_default stacking_default\"><div class=\"vc_col-sm-12 wpb_column vc_column_container\"><div class=\"vc_column-inner\"><div class=\"wpb_wrapper\"><div class=\"wpb_text_column\"><div class=\"wpb_wrapper\"><ul>\n<li>Dank seiner Permanentmagnete und der erzeugten Magnetfelder behandelt der Biodynamisator Kalk f\u00fcr alle Arten von Leitungswasser mit einer H\u00e4rte von bis zu 40\u00b0 f (franz\u00f6sischer Grad).<\/li>\n<li><b>Bei einem H\u00e4rtegrad \u00fcber 40 \u00b0f <\/b>des Stadtwassers (sehr hartes Wasser) empfehlen wir daher, zus\u00e4tzlich zum Biodynamizer\u00ae ein weiteres Ger\u00e4t zur Behandlung von Kalkstein, den Biolimescaler\u00ae, zu installieren. Es behandelt den Kalk, indem es seine mineralogische Struktur in Form von Aragonit daran hindert, sich in Kalzit umzuwandeln, sowie die Morphologie der Kalkkristalle (ihre Gr\u00f6\u00dfe nimmt zu = fr\u00fches Aufkeimen von Kalk). Dar\u00fcber hinaus hilft der Biolimescaler\u00ae, vorhandene Verkrustungen in den Rohren zu entfernen.<\/li>\n<li>Der Biolimescaler\u00ae besteht aus 12 nat\u00fcrlichen Magneten aus einer Samarium-Kobaltlegierung, die von lebensmittelechtem Teflon umgeben sind und ein intensives magnetisches Wechselfeld (NS\/SN) von 10.000 Gauss (1 T) erzeugen. Ergebnis:\n<ul>\n<li><strong>Es gibt keine Kalkablagerungen mehr in den Sanit\u00e4rleitungen.<\/strong><\/li>\n<li><strong>Die alten Kalksteineinlagen verschwinden&#8230;<\/strong><\/li>\n<li><strong>Die um die Widerst\u00e4nde und im Boden des Kessels verbleibende Zunderschichtmasse nimmt sehr deutlich ab.<\/strong><\/li>\n<li><strong>Der Biolimescaler\u00ae ben\u00f6tigt keine Wartung, keine Verbrauchsmaterialien, keinen Strom, keine Evakuierung und hat eine lebenslange Garantie!<\/strong><\/li>\n<\/ul>\n<\/li>\n<\/ul>\n<\/div><\/div><\/div><\/div><\/div><\/div><\/div><\/section><section class=\"l-section wpb_row height_auto width_full\"><div class=\"l-section-h i-cf\"><div class=\"g-cols vc_row via_flex valign_middle type_default reversed stacking_default\"><div class=\"vc_col-sm-6 wpb_column vc_column_container tekstsideblock\"><div class=\"vc_column-inner\"><div class=\"wpb_wrapper\"><div class=\"wpb_text_column\"><div class=\"wpb_wrapper\"><h2><b>Die Vorteile des Biolimescaler\u00ae: <\/b><\/h2>\n<\/div><\/div><div class=\"wpb_text_column\"><div class=\"wpb_wrapper\"><p><b>Die Vorteile des Biolimescaler\u00ae:<\/b><\/p>\n<ul>\n<li>Erfordert keine Wartung<\/li>\n<li>Erfordert keinen elektrischen Anschluss<\/li>\n<li>Ben\u00f6tigt kein Salz oder andere Chemikalien<\/li>\n<li>100% \u00f6kologisch und gut f\u00fcr die Umwelt<\/li>\n<li>Verl\u00e4ngert die Lebensdauer Ihrer Installationen<\/li>\n<li>Behandlung von Kalkablagerungen entlang der gesamten L\u00e4nge der Sanit\u00e4rleitungen des Geb\u00e4udes (unabh\u00e4ngig von deren L\u00e4nge)<\/li>\n<li>Ist lebenslang garantiert<\/li>\n<\/ul>\n<p><strong>Technische Eigenschaften des Biolimescaler\u00ae:<\/strong><\/p>\n<ul>\n<li>Anschl\u00fcsse: Durchmesser \u00be m\u00e4nnlich Zoll (die Platzierung kann in beide Richtungen erfolgen)<\/li>\n<li>Abmessungen: 60 x 135 mm<\/li>\n<li>Gewicht: 1,7 Kg<\/li>\n<li>Kapazit\u00e4t (Durchflussrate): 60 Liter\/Minute<\/li>\n<li>Nur im Kaltwasserkreislauf bei max. 35\u00b0C verwenden !<\/li>\n<\/ul>\n<\/div><\/div><\/div><\/div><\/div><div class=\"vc_col-sm-6 wpb_column vc_column_container\"><div class=\"vc_column-inner\"><div class=\"wpb_wrapper\"><div class=\"w-image align_center\"><div class=\"w-image-h\"><img decoding=\"async\" width=\"521\" height=\"650\" src=\"https:\/\/biodynamizer.com\/wp-content\/uploads\/2023\/07\/New-ARA-incline\u0301-sans-logo.png\" class=\"attachment-large size-large\" alt=\"New ARA incline\u0301\" loading=\"lazy\" srcset=\"https:\/\/biodynamizer.com\/wp-content\/uploads\/2023\/07\/New-ARA-incline\u0301-sans-logo.png 521w, https:\/\/biodynamizer.com\/wp-content\/uploads\/2023\/07\/New-ARA-incline\u0301-sans-logo-240x300.png 240w, https:\/\/biodynamizer.com\/wp-content\/uploads\/2023\/07\/New-ARA-incline\u0301-sans-logo-321x400.png 321w\" sizes=\"auto, (max-width: 521px) 100vw, 521px\" \/><\/div><\/div><\/div><\/div><\/div><\/div><\/div><\/section>\n","protected":false},"excerpt":{"rendered":"Start\/SeitenBiolimescaler\u00ae: Zus\u00e4tzliche Kalksteinaufbereitungsanlage f\u00fcr sehr hartes Wasser (\u00fcber 40\u00b0 f, franz\u00f6sische Grade) Jedes mineralisierte Wasser (einschlie\u00dflich Leitungswasser) enth\u00e4lt Kalkstein, der sich unter der Einwirkung von W\u00e4rme in Kalk umwandelt, zun\u00e4chst in Form von Aragonit (weicherer, l\u00f6slicher Kalk), der sich schlie\u00dflich in Kalzit (harter, kompakter Kalk, der sich in den Sanit\u00e4rleitungen absetzt und aush\u00e4rtet) umwandelt. Dieser...","protected":false},"author":3,"featured_media":0,"parent":5961,"menu_order":2,"comment_status":"closed","ping_status":"closed","template":"","meta":{"_monsterinsights_skip_tracking":false,"_monsterinsights_sitenote_active":false,"_monsterinsights_sitenote_note":"","_monsterinsights_sitenote_category":0,"footnotes":""},"class_list":["post-5802","page","type-page","status-publish","hentry"],"yoast_head":"<!-- This site is optimized with the Yoast SEO plugin v27.3 - https:\/\/yoast.com\/product\/yoast-seo-wordpress\/ -->\n<title>Biolimescaler\u00ae - Biodynamizer<\/title>\n<meta name=\"description\" content=\"Biodynamizer - Biolimescaler\u00ae - En savoir plus sur le biodynamizer et le biofiltre\" \/>\n<meta name=\"robots\" content=\"index, follow, max-snippet:-1, max-image-preview:large, max-video-preview:-1\" \/>\n<link rel=\"canonical\" href=\"https:\/\/biodynamizer.com\/de\/unsere-loesungen\/der-biolimescaler\/\" \/>\n<meta property=\"og:locale\" content=\"de_DE\" \/>\n<meta property=\"og:type\" content=\"article\" \/>\n<meta property=\"og:title\" content=\"Biolimescaler\u00ae - Biodynamizer\" \/>\n<meta property=\"og:description\" content=\"Biodynamizer - Biolimescaler\u00ae - En savoir plus sur le biodynamizer et le biofiltre\" \/>\n<meta property=\"og:url\" content=\"https:\/\/biodynamizer.com\/de\/unsere-loesungen\/der-biolimescaler\/\" \/>\n<meta property=\"og:site_name\" content=\"Biodynamizer\" \/>\n<meta property=\"article:modified_time\" content=\"2026-01-12T16:29:33+00:00\" \/>\n<meta property=\"og:image\" content=\"https:\/\/biodynamizer.com\/wp-content\/uploads\/2019\/11\/Depositphotos_15742931_xl-2015.jpg\" \/>\n\t<meta property=\"og:image:width\" content=\"2000\" \/>\n\t<meta property=\"og:image:height\" content=\"1333\" \/>\n\t<meta property=\"og:image:type\" content=\"image\/jpeg\" \/>\n<meta name=\"twitter:card\" content=\"summary_large_image\" \/>\n<meta name=\"twitter:label1\" content=\"Gesch\u00e4tzte Lesezeit\" \/>\n\t<meta name=\"twitter:data1\" content=\"3\u00a0Minuten\" \/>\n<script type=\"application\/ld+json\" class=\"yoast-schema-graph\">{\"@context\":\"https:\\\/\\\/schema.org\",\"@graph\":[{\"@type\":\"WebPage\",\"@id\":\"https:\\\/\\\/biodynamizer.com\\\/de\\\/unsere-loesungen\\\/der-biolimescaler\\\/\",\"url\":\"https:\\\/\\\/biodynamizer.com\\\/de\\\/unsere-loesungen\\\/der-biolimescaler\\\/\",\"name\":\"Biolimescaler\u00ae - Biodynamizer\",\"isPartOf\":{\"@id\":\"https:\\\/\\\/biodynamizer.com\\\/de\\\/#website\"},\"datePublished\":\"2020-11-09T14:52:36+00:00\",\"dateModified\":\"2026-01-12T16:29:33+00:00\",\"description\":\"Biodynamizer - Biolimescaler\u00ae - En savoir plus sur le biodynamizer et le biofiltre\",\"breadcrumb\":{\"@id\":\"https:\\\/\\\/biodynamizer.com\\\/de\\\/unsere-loesungen\\\/der-biolimescaler\\\/#breadcrumb\"},\"inLanguage\":\"de\",\"potentialAction\":[{\"@type\":\"ReadAction\",\"target\":[\"https:\\\/\\\/biodynamizer.com\\\/de\\\/unsere-loesungen\\\/der-biolimescaler\\\/\"]}]},{\"@type\":\"BreadcrumbList\",\"@id\":\"https:\\\/\\\/biodynamizer.com\\\/de\\\/unsere-loesungen\\\/der-biolimescaler\\\/#breadcrumb\",\"itemListElement\":[{\"@type\":\"ListItem\",\"position\":1,\"name\":\"Home\",\"item\":\"https:\\\/\\\/biodynamizer.com\\\/de\\\/\"},{\"@type\":\"ListItem\",\"position\":2,\"name\":\"Unsere L\u00f6sungen\",\"item\":\"https:\\\/\\\/biodynamizer.com\\\/de\\\/unsere-loesungen\\\/\"},{\"@type\":\"ListItem\",\"position\":3,\"name\":\"Biolimescaler\u00ae\"}]},{\"@type\":\"WebSite\",\"@id\":\"https:\\\/\\\/biodynamizer.com\\\/de\\\/#website\",\"url\":\"https:\\\/\\\/biodynamizer.com\\\/de\\\/\",\"name\":\"Biodynamizer\",\"description\":\"Filtrez et dynamisez votre eau\",\"potentialAction\":[{\"@type\":\"SearchAction\",\"target\":{\"@type\":\"EntryPoint\",\"urlTemplate\":\"https:\\\/\\\/biodynamizer.com\\\/de\\\/?s={search_term_string}\"},\"query-input\":{\"@type\":\"PropertyValueSpecification\",\"valueRequired\":true,\"valueName\":\"search_term_string\"}}],\"inLanguage\":\"de\"}]}<\/script>\n<!-- \/ Yoast SEO plugin. -->","yoast_head_json":{"title":"Biolimescaler\u00ae - Biodynamizer","description":"Biodynamizer - Biolimescaler\u00ae - En savoir plus sur le biodynamizer et le biofiltre","robots":{"index":"index","follow":"follow","max-snippet":"max-snippet:-1","max-image-preview":"max-image-preview:large","max-video-preview":"max-video-preview:-1"},"canonical":"https:\/\/biodynamizer.com\/de\/unsere-loesungen\/der-biolimescaler\/","og_locale":"de_DE","og_type":"article","og_title":"Biolimescaler\u00ae - Biodynamizer","og_description":"Biodynamizer - Biolimescaler\u00ae - En savoir plus sur le biodynamizer et le biofiltre","og_url":"https:\/\/biodynamizer.com\/de\/unsere-loesungen\/der-biolimescaler\/","og_site_name":"Biodynamizer","article_modified_time":"2026-01-12T16:29:33+00:00","og_image":[{"width":2000,"height":1333,"url":"https:\/\/biodynamizer.com\/wp-content\/uploads\/2019\/11\/Depositphotos_15742931_xl-2015.jpg","type":"image\/jpeg"}],"twitter_card":"summary_large_image","twitter_misc":{"Gesch\u00e4tzte Lesezeit":"3\u00a0Minuten"},"schema":{"@context":"https:\/\/schema.org","@graph":[{"@type":"WebPage","@id":"https:\/\/biodynamizer.com\/de\/unsere-loesungen\/der-biolimescaler\/","url":"https:\/\/biodynamizer.com\/de\/unsere-loesungen\/der-biolimescaler\/","name":"Biolimescaler\u00ae - Biodynamizer","isPartOf":{"@id":"https:\/\/biodynamizer.com\/de\/#website"},"datePublished":"2020-11-09T14:52:36+00:00","dateModified":"2026-01-12T16:29:33+00:00","description":"Biodynamizer - Biolimescaler\u00ae - En savoir plus sur le biodynamizer et le biofiltre","breadcrumb":{"@id":"https:\/\/biodynamizer.com\/de\/unsere-loesungen\/der-biolimescaler\/#breadcrumb"},"inLanguage":"de","potentialAction":[{"@type":"ReadAction","target":["https:\/\/biodynamizer.com\/de\/unsere-loesungen\/der-biolimescaler\/"]}]},{"@type":"BreadcrumbList","@id":"https:\/\/biodynamizer.com\/de\/unsere-loesungen\/der-biolimescaler\/#breadcrumb","itemListElement":[{"@type":"ListItem","position":1,"name":"Home","item":"https:\/\/biodynamizer.com\/de\/"},{"@type":"ListItem","position":2,"name":"Unsere L\u00f6sungen","item":"https:\/\/biodynamizer.com\/de\/unsere-loesungen\/"},{"@type":"ListItem","position":3,"name":"Biolimescaler\u00ae"}]},{"@type":"WebSite","@id":"https:\/\/biodynamizer.com\/de\/#website","url":"https:\/\/biodynamizer.com\/de\/","name":"Biodynamizer","description":"Filtrez et dynamisez votre eau","potentialAction":[{"@type":"SearchAction","target":{"@type":"EntryPoint","urlTemplate":"https:\/\/biodynamizer.com\/de\/?s={search_term_string}"},"query-input":{"@type":"PropertyValueSpecification","valueRequired":true,"valueName":"search_term_string"}}],"inLanguage":"de"}]}},"_links":{"self":[{"href":"https:\/\/biodynamizer.com\/de\/wp-json\/wp\/v2\/pages\/5802","targetHints":{"allow":["GET"]}}],"collection":[{"href":"https:\/\/biodynamizer.com\/de\/wp-json\/wp\/v2\/pages"}],"about":[{"href":"https:\/\/biodynamizer.com\/de\/wp-json\/wp\/v2\/types\/page"}],"author":[{"embeddable":true,"href":"https:\/\/biodynamizer.com\/de\/wp-json\/wp\/v2\/users\/3"}],"replies":[{"embeddable":true,"href":"https:\/\/biodynamizer.com\/de\/wp-json\/wp\/v2\/comments?post=5802"}],"version-history":[{"count":11,"href":"https:\/\/biodynamizer.com\/de\/wp-json\/wp\/v2\/pages\/5802\/revisions"}],"predecessor-version":[{"id":30848,"href":"https:\/\/biodynamizer.com\/de\/wp-json\/wp\/v2\/pages\/5802\/revisions\/30848"}],"up":[{"embeddable":true,"href":"https:\/\/biodynamizer.com\/de\/wp-json\/wp\/v2\/pages\/5961"}],"wp:attachment":[{"href":"https:\/\/biodynamizer.com\/de\/wp-json\/wp\/v2\/media?parent=5802"}],"curies":[{"name":"wp","href":"https:\/\/api.w.org\/{rel}","templated":true}]}}