{"id":5816,"date":"2020-01-20T12:30:33","date_gmt":"2020-01-20T12:30:33","guid":{"rendered":"https:\/\/biodynamizer.spleen-creation.be\/analyses-scientifiques\/"},"modified":"2026-04-07T11:45:29","modified_gmt":"2026-04-07T11:45:29","slug":"wissenschaftliche-analyse","status":"publish","type":"page","link":"https:\/\/biodynamizer.com\/de\/wissenschaftliche-analyse\/","title":{"rendered":"Analyse"},"content":{"rendered":"<section class=\"l-section wpb_row us_custom_916fdabd height_small\"><div class=\"l-section-h i-cf\"><div class=\"g-cols vc_row via_flex valign_top type_default stacking_default\"><div class=\"vc_col-sm-12 wpb_column vc_column_container\"><div class=\"vc_column-inner\"><div class=\"wpb_wrapper\"><nav class=\"g-breadcrumbs separator_custom align_none\" itemscope itemtype=\"http:\/\/schema.org\/BreadcrumbList\"><div class=\"g-breadcrumbs-item\" itemscope itemprop=\"itemListElement\" itemtype=\"http:\/\/schema.org\/ListItem\"><a itemprop=\"item\" href=\"https:\/\/biodynamizer.com\/de\/\"><span itemprop=\"name\">Start<\/span><\/a><meta itemprop=\"position\" content=\"1\"\/><\/div><div class=\"g-breadcrumbs-separator\">\/<\/div><div class=\"g-breadcrumbs-item\">Seiten<\/div><\/nav><\/div><\/div><\/div><\/div><\/div><\/section><section class=\"l-section wpb_row fullheader height_huge with_img\"><div class=\"l-section-img\" role=\"img\" aria-label=\"Bild\" data-img-width=\"2000\" data-img-height=\"807\" style=\"background-image: url(https:\/\/biodynamizer.com\/wp-content\/uploads\/2020\/01\/nosanalyse.jpg);background-repeat: no-repeat;\"><\/div><div class=\"l-section-h i-cf\"><div class=\"g-cols vc_row via_flex valign_top type_default stacking_default\"><div class=\"vc_col-sm-12 wpb_column vc_column_container has_text_color\"><div class=\"vc_column-inner us_custom_6df4bc3a\"><div class=\"wpb_wrapper\"><div class=\"wpb_text_column\"><div class=\"wpb_wrapper\"><h3 data-ccp-props=\"{&quot;335551550&quot;:1,&quot;335551620&quot;:1,&quot;335559683&quot;:0,&quot;335559685&quot;:0,&quot;335559731&quot;:0,&quot;335559737&quot;:0,&quot;335562764&quot;:2,&quot;335562765&quot;:1,&quot;335562766&quot;:4,&quot;335562767&quot;:0,&quot;335562768&quot;:4,&quot;335562769&quot;:0}\">Unsere neuesten Analysen &amp; Beobachtungen von dynamisiertem Wasser<\/h3>\n<\/div><\/div><\/div><\/div><\/div><\/div><\/div><\/section><section class=\"l-section wpb_row height_medium\"><div class=\"l-section-h i-cf\"><div class=\"g-cols vc_row via_flex valign_top type_default stacking_default\"><div class=\"vc_col-sm-6 wpb_column vc_column_container\"><div class=\"vc_column-inner\"><div class=\"wpb_wrapper\"><div class=\"wpb_text_column\"><div class=\"wpb_wrapper\"><h2>Unsere Analyse<\/h2>\n<\/div><\/div><div class=\"wpb_text_column\"><div class=\"wpb_wrapper\"><ol>\n<li><a href=\"https:\/\/biodynamizer.com\/de\/zusatzinformationen\/biofilterwirkung\/\"><strong>Biofiltereffizienz<\/strong>, Eurofins-Analyse 2023<\/a><\/li>\n<li><strong><a href=\"https:\/\/biodynamizer.com\/de\/wissenschaftliche-analyse\/die-kristalle-des-wassers\/\">Wasserkristalle<\/a> <\/strong><a href=\"https:\/\/biodynamizer.com\/de\/wissenschaftliche-analyse\/die-kristalle-des-wassers\/\">Ernst Braun-Analyse durchgef\u00fchrt am 04.08.2016 &amp; 11.07.2019<\/a><\/li>\n<li><a href=\"https:\/\/biodynamizer.com\/de\/wissenschaftliche-analyse\/lanalyse-biophotonique\/\"><strong>Biophotonische Analysen<\/strong>, durchgef\u00fchrt vom Enerlab-Labor am 04.11.2025 &amp; 02.12.2025 &amp; 23.02.2026<\/a><\/li>\n<li>Die <strong><a href=\"https:\/\/biodynamizer.com\/de\/wissenschaftliche-analyse\/la-kamera-elektrophotonische-coramp-loesungen\/\">Elektrophotonische Analyse<\/a><\/strong><a href=\"https:\/\/biodynamizer.com\/de\/wissenschaftliche-analyse\/la-kamera-elektrophotonische-coramp-loesungen\/\"> hergestellt in 12.09.2017 + 09.07.2019<\/a><\/li>\n<li><a href=\"https:\/\/biodynamizer.com\/de\/wissenschaftliche-analyse\/elektrophotonik-expertise\/\"><strong>Expertise zur<\/strong> <strong>elektrophotonischen Analyse<\/strong> von Prof. Marc Henry am 29.08.2019 &amp; <strong>z<\/strong><b>us\u00e4tzliche statistische Analyse der <\/b><b>elektrophotonischen<\/b><b> Fotos <\/b>durch Dr. M. van Wassenhoven im M\u00e4rz 2025<\/a><\/li>\n<li><a href=\"https:\/\/biodynamizer.com\/de\/wissenschaftliche-analyse\/oberflaechenspannung\/\" target=\"_blank\" rel=\"noopener\"><strong>Analyse der Oberfl\u00e4chenspannung v<\/strong>on dynamisiertem Wasser durchgef\u00fchrt vom SGS-Labor in Rotterdam, Niederlande am 22.07.2021<\/a><\/li>\n<li><a href=\"https:\/\/biodynamizer.com\/de\/wissenschaftliche-analyse\/la-camera-gdv-gas-entladungsvisualisierung\/\">Die <strong>GDV-Kamera<\/strong> von Konstantin Korotkow unter der Regie von Dr. Mich\u00e8le Lauwers Kamera Pro V2 09.09.2014<\/a><\/li>\n<li><a href=\"https:\/\/biodynamizer.com\/de\/wissenschaftliche-analyse\/bioskop-spektrometer\/\"><strong>Mikrotoxikologische Analyse<\/strong> von Dr. Bernard Berthet \/ Yann Olivaux durchgef\u00fchrt am 26.05.2017<\/a><\/li>\n<li><a href=\"http:\/\/Blutanalyse\"><b>Blutanalyse <\/b>von Dr JC Lebel 2025.07.25<\/a><\/li>\n<li><a href=\"https:\/\/biodynamizer.com\/de\/wissenschaftliche-analyse\/bioskop-spektrometer\/\"><strong>Spektralanalyse Analyse (Bioskop)<\/strong> von Pier Rubesa durchgef\u00fchrt am 23.07.2025 &amp; 13.09.2016<\/a><\/li>\n<li><a href=\"https:\/\/biodynamizer.com\/de\/wissenschaftliche-analyse\/analyse-bev-bio-elektronik-von-vinzen-beobachtet-ein-dynamisiertes-wasser-antioxidantien-charakter-analysee\/\"><strong>Bioelektronische Analyse des LC Vincent<\/strong> von Sylvie Henry R\u00e9ant am 19.05.2020<\/a><\/li>\n<li><a href=\"https:\/\/biodynamizer.com\/de\/wissenschaftliche-analyse\/kalkbehandlung\/\">Beobachtungen und Analysen zur Behandlung von <strong>Kalkstein<\/strong> (April 2024)<\/a><\/li>\n<li><a href=\"https:\/\/biodynamizer.com\/de\/wasser\/studien-zum-einfluss-von-magnetismus-auf-wasser-dynamized-technologies\/\">Analysen \u00fcber die <strong>Magnetisierung von turbulentem Wasser<\/strong> (etwa hundert Studien, die 2019 gekauft wurden).<\/a><\/li>\n<li><a href=\"https:\/\/biodynamizer.com\/de\/wissenschaftliche-analyse\/geobiologische-messung-der-aehnlichen-schwingungsraten-zwischen-quellen-und-biodynamischem-wasser\/\">Mehrere <strong>geobiologische Analysen<\/strong> durch verschiedene Geobiologen, Magnetisierer etc.<\/a><\/li>\n<\/ol>\n<\/div><\/div><div class=\"wpb_text_column\"><div class=\"wpb_wrapper\"><h2>Unsere empirischen Analysen zu dynamisiertes Wasser<\/h2>\n<\/div><\/div><div class=\"wpb_text_column\"><div class=\"wpb_wrapper\"><ol>\n<li><a href=\"https:\/\/biodynamizer.com\/de\/b2b\/wasser-dynamisiert-im-backwaren-teig\/\">Dynamisiertes Wasser in<\/a><strong><a href=\"https:\/\/biodynamizer.com\/de\/b2b\/wasser-dynamisiert-im-backwaren-teig\/\"> B\u00e4ckereien und Konditoreien<\/a><\/strong><\/li>\n<li><a href=\"https:\/\/biodynamizer.com\/de\/b2b\/wasser-biodynamisiert-im-bier\/\">Dynamisiertes Wasser in<\/a><strong><a href=\"https:\/\/biodynamizer.com\/de\/b2b\/wasser-biodynamisiert-im-bier\/\"> Bier<\/a><\/strong><\/li>\n<li><a href=\"https:\/\/biodynamizer.com\/de\/b2b\/wasser-dynamisiert-im-milchviehbetrieben\/\">Dynamisiertes Wasser im <strong>Milchbetrieben<\/strong><\/a><\/li>\n<li><a href=\"https:\/\/biodynamizer.com\/de\/wissenschaftliche-analyse\/keimtest\/\"><strong>Keimtest<\/strong><\/a><\/li>\n<\/ol>\n<\/div><\/div><\/div><\/div><\/div><div class=\"vc_col-sm-6 wpb_column vc_column_container\"><div class=\"vc_column-inner\"><div class=\"wpb_wrapper\"><div class=\"w-separator size_large\"><\/div><div class=\"w-image align_none\"><div class=\"w-image-h\"><img decoding=\"async\" width=\"930\" height=\"1024\" src=\"https:\/\/biodynamizer.com\/wp-content\/uploads\/2024\/10\/Analyses-scientifiques-Biodynamizer-930x1024.png\" class=\"attachment-large size-large\" alt=\"Analyses scientifiques Biodynamizer\" loading=\"lazy\" srcset=\"https:\/\/biodynamizer.com\/wp-content\/uploads\/2024\/10\/Analyses-scientifiques-Biodynamizer-930x1024.png 930w, https:\/\/biodynamizer.com\/wp-content\/uploads\/2024\/10\/Analyses-scientifiques-Biodynamizer-272x300.png 272w, https:\/\/biodynamizer.com\/wp-content\/uploads\/2024\/10\/Analyses-scientifiques-Biodynamizer-363x400.png 363w, https:\/\/biodynamizer.com\/wp-content\/uploads\/2024\/10\/Analyses-scientifiques-Biodynamizer-640x705.png 640w, https:\/\/biodynamizer.com\/wp-content\/uploads\/2024\/10\/Analyses-scientifiques-Biodynamizer.png 945w\" sizes=\"auto, (max-width: 930px) 100vw, 930px\" \/><\/div><\/div><div class=\"wpb_text_column\"><div class=\"wpb_wrapper\"><p>\u201e<em>Das Messbare kann, wenn es richtig durchgef\u00fchrt wird, nicht bestritten werden<\/em>.\u201c LC Vincent<\/p>\n<\/div><\/div><\/div><\/div><\/div><\/div><\/div><\/section><section class=\"l-section wpb_row height_auto\"><div class=\"l-section-overlay\" style=\"background:rgba(172,172,172,0.2)\"><\/div><div class=\"l-section-h i-cf\"><div class=\"g-cols vc_row via_flex valign_top type_default stacking_default\"><div class=\"vc_col-sm-12 wpb_column vc_column_container\"><div class=\"vc_column-inner\"><div class=\"wpb_wrapper\"><div class=\"w-separator size_medium\"><\/div><div class=\"wpb_text_column\"><div class=\"wpb_wrapper\"><h2>Weitergabe von Informationen zur Analyse von dynamisiertem Wasser<\/h2>\n<\/div><\/div><div class=\"wpb_text_column\"><div class=\"wpb_wrapper\"><p>Eine der Priorit\u00e4ten von Dynamized Technologies, dem Hersteller des Biodynamizers, ist die Popularisierung und Verbreitung neuester Erkenntnisse und Messungen zur Wasserdynamisierung. Wir m\u00f6chten Analysen, gewonnene Erkenntnisse und Beobachtungen zur Wasserdynamisierung teilen, die mit wissenschaftlichen Instrumenten durchgef\u00fchrt und von Dynamized Technologies SA in Auftrag gegeben oder auch unabh\u00e4ngig davon durchgef\u00fchrt wurden. Die Ergebnisse dieser Analysen und Forschungen stammen aus Studien, an denen wir beteiligt sind, aus von uns in Auftrag gegebenen Laboranalysen oder aus akquirierten akademischen (universit\u00e4ren) Analysen. Unser Ziel ist es, die Geheimnisse dynamisierten oder revitalisierten Wassers zu ergr\u00fcnden und unser Verst\u00e4ndnis von Wasser als Energie- und Informationstr\u00e4ger zu erweitern.<\/p>\n<p><strong>Diese \u00fcber mehr als 12 Jahre durchgef\u00fchrten Analysen sind zwar teilweise, nicht immer reproduzierbar und nicht unumst\u00f6\u00dflich, liefern aber dennoch eine solide Grundlage an wissenschaftlichen und empirischen Belegen, die Unterschiede jeglicher Art zwischen dynamisiertem und nicht-Dynamisiertem Wasser best\u00e4tigen und auf verschiedene Vorteile der Wasserenergetisierung hinweisen. Dar\u00fcber hinaus wurden mehrere auf dieser Website pr\u00e4sentierte Analysen in Fachzeitschriften mit Peer-Review-Verfahren ver\u00f6ffentlicht<\/strong> (d. h. wissenschaftliche Artikel, die vor der Ver\u00f6ffentlichung von unabh\u00e4ngigen Experten des jeweiligen Fachgebiets begutachtet werden, um ihre wissenschaftliche Qualit\u00e4t, methodische Strenge und Relevanz f\u00fcr Fachkollegen zu gew\u00e4hrleisten \u2013 ein wesentlicher Prozess zur Validierung von Forschungsergebnissen). <strong>Folgende Analysen wurden ver\u00f6ffentlicht: die Biophotonische Analyse und die Elektrophotonische Analysemethode, wobei letztere von Professor Marc Henry von der Universit\u00e4t Stra\u00dfburg begutachtet wurde. Zus\u00e4tzlich ver\u00f6ffentlichen wir auf der Website empirische Daten und Ergebnisse sensitiver Ans\u00e4tze (z. B. Radi\u00e4sthesie), deren Ergebnisse f\u00fcr einen realen Effekt der Wasserdynamisierung sprechen.<\/strong><\/p>\n<p>Es erscheint daher unerl\u00e4sslich, all diese Informationen zu teilen, so wie sie von Pionierforschern verschiedener wissenschaftlicher Disziplinen zusammengetragen wurden. Diese Forscher entwickelten Beobachtungsvorrichtungen oder nutzten wissenschaftliche Instrumente, um ihre Ergebnisse zu objektivieren und ein neues Verst\u00e4ndnis von Wasser zu gewinnen.<\/p>\n<\/div><\/div><\/div><\/div><\/div><\/div><\/div><\/section>\n","protected":false},"excerpt":{"rendered":"Start\/SeitenUnsere neuesten Analysen &amp; Beobachtungen von dynamisiertem Wasser Unsere Analyse Biofiltereffizienz, Eurofins-Analyse 2023 Wasserkristalle Ernst Braun-Analyse durchgef\u00fchrt am 04.08.2016 &amp; 11.07.2019 Biophotonische Analysen, durchgef\u00fchrt vom Enerlab-Labor am 04.11.2025 &amp; 02.12.2025 &amp; 23.02.2026 Die Elektrophotonische Analyse hergestellt in 12.09.2017 + 09.07.2019 Expertise zur elektrophotonischen Analyse von Prof. Marc Henry am 29.08.2019 &amp; zus\u00e4tzliche statistische Analyse der...","protected":false},"author":3,"featured_media":0,"parent":0,"menu_order":12,"comment_status":"closed","ping_status":"closed","template":"","meta":{"_monsterinsights_skip_tracking":false,"_monsterinsights_sitenote_active":false,"_monsterinsights_sitenote_note":"","_monsterinsights_sitenote_category":0,"footnotes":""},"class_list":["post-5816","page","type-page","status-publish","hentry"],"yoast_head":"<!-- This site is optimized with the Yoast SEO plugin v27.4 - https:\/\/yoast.com\/product\/yoast-seo-wordpress\/ -->\n<title>Analyse - Biodynamizer<\/title>\n<meta name=\"description\" content=\"Ces analyses, bien que partielles, apportent un faisceau d\u2019indications concordantes qui tendent \u00e0 prouver les bienfaits de l\u2019eau dynamis\u00e9e sur le vivant dont nous faisons partie. Ils nous confirment que\u00a0l\u2019eau dynamis\u00e9e s&#039;approche au plus pr\u00e8s d&#039;une eau comparable \u00e0 celle qui jaillit naturellement d\u2019une source ou d&#039;un torrent de montagne.\" \/>\n<meta name=\"robots\" content=\"index, follow, max-snippet:-1, max-image-preview:large, max-video-preview:-1\" \/>\n<link rel=\"canonical\" href=\"https:\/\/biodynamizer.com\/de\/wissenschaftliche-analyse\/\" \/>\n<meta property=\"og:locale\" content=\"de_DE\" \/>\n<meta property=\"og:type\" content=\"article\" \/>\n<meta property=\"og:title\" content=\"Analyse - Biodynamizer\" \/>\n<meta property=\"og:description\" content=\"Ces analyses, bien que partielles, apportent un faisceau d\u2019indications concordantes qui tendent \u00e0 prouver les bienfaits de l\u2019eau dynamis\u00e9e sur le vivant dont nous faisons partie. Ils nous confirment que\u00a0l\u2019eau dynamis\u00e9e s&#039;approche au plus pr\u00e8s d&#039;une eau comparable \u00e0 celle qui jaillit naturellement d\u2019une source ou d&#039;un torrent de montagne.\" \/>\n<meta property=\"og:url\" content=\"https:\/\/biodynamizer.com\/de\/wissenschaftliche-analyse\/\" \/>\n<meta property=\"og:site_name\" content=\"Biodynamizer\" \/>\n<meta property=\"article:modified_time\" content=\"2026-04-07T11:45:29+00:00\" \/>\n<meta property=\"og:image\" content=\"https:\/\/biodynamizer.com\/wp-content\/uploads\/2019\/11\/Depositphotos_15742931_xl-2015.jpg\" \/>\n\t<meta property=\"og:image:width\" content=\"2000\" \/>\n\t<meta property=\"og:image:height\" content=\"1333\" \/>\n\t<meta property=\"og:image:type\" content=\"image\/jpeg\" \/>\n<meta name=\"twitter:card\" content=\"summary_large_image\" \/>\n<meta name=\"twitter:label1\" content=\"Gesch\u00e4tzte Lesezeit\" \/>\n\t<meta name=\"twitter:data1\" content=\"3\u00a0Minuten\" \/>\n<script type=\"application\/ld+json\" class=\"yoast-schema-graph\">{\"@context\":\"https:\\\/\\\/schema.org\",\"@graph\":[{\"@type\":\"WebPage\",\"@id\":\"https:\\\/\\\/biodynamizer.com\\\/de\\\/wissenschaftliche-analyse\\\/\",\"url\":\"https:\\\/\\\/biodynamizer.com\\\/de\\\/wissenschaftliche-analyse\\\/\",\"name\":\"Analyse - Biodynamizer\",\"isPartOf\":{\"@id\":\"https:\\\/\\\/biodynamizer.com\\\/de\\\/#website\"},\"datePublished\":\"2020-01-20T12:30:33+00:00\",\"dateModified\":\"2026-04-07T11:45:29+00:00\",\"description\":\"Ces analyses, bien que partielles, apportent un faisceau d\u2019indications concordantes qui tendent \u00e0 prouver les bienfaits de l\u2019eau dynamis\u00e9e sur le vivant dont nous faisons partie. Ils nous confirment que\u00a0l\u2019eau dynamis\u00e9e s'approche au plus pr\u00e8s d'une eau comparable \u00e0 celle qui jaillit naturellement d\u2019une source ou d'un torrent de montagne.\",\"breadcrumb\":{\"@id\":\"https:\\\/\\\/biodynamizer.com\\\/de\\\/wissenschaftliche-analyse\\\/#breadcrumb\"},\"inLanguage\":\"de\",\"potentialAction\":[{\"@type\":\"ReadAction\",\"target\":[\"https:\\\/\\\/biodynamizer.com\\\/de\\\/wissenschaftliche-analyse\\\/\"]}]},{\"@type\":\"BreadcrumbList\",\"@id\":\"https:\\\/\\\/biodynamizer.com\\\/de\\\/wissenschaftliche-analyse\\\/#breadcrumb\",\"itemListElement\":[{\"@type\":\"ListItem\",\"position\":1,\"name\":\"Home\",\"item\":\"https:\\\/\\\/biodynamizer.com\\\/de\\\/\"},{\"@type\":\"ListItem\",\"position\":2,\"name\":\"Analyse\"}]},{\"@type\":\"WebSite\",\"@id\":\"https:\\\/\\\/biodynamizer.com\\\/de\\\/#website\",\"url\":\"https:\\\/\\\/biodynamizer.com\\\/de\\\/\",\"name\":\"Biodynamizer\",\"description\":\"Filtrez et dynamisez votre eau\",\"potentialAction\":[{\"@type\":\"SearchAction\",\"target\":{\"@type\":\"EntryPoint\",\"urlTemplate\":\"https:\\\/\\\/biodynamizer.com\\\/de\\\/?s={search_term_string}\"},\"query-input\":{\"@type\":\"PropertyValueSpecification\",\"valueRequired\":true,\"valueName\":\"search_term_string\"}}],\"inLanguage\":\"de\"}]}<\/script>\n<!-- \/ Yoast SEO plugin. -->","yoast_head_json":{"title":"Analyse - Biodynamizer","description":"Ces analyses, bien que partielles, apportent un faisceau d\u2019indications concordantes qui tendent \u00e0 prouver les bienfaits de l\u2019eau dynamis\u00e9e sur le vivant dont nous faisons partie. Ils nous confirment que\u00a0l\u2019eau dynamis\u00e9e s'approche au plus pr\u00e8s d'une eau comparable \u00e0 celle qui jaillit naturellement d\u2019une source ou d'un torrent de montagne.","robots":{"index":"index","follow":"follow","max-snippet":"max-snippet:-1","max-image-preview":"max-image-preview:large","max-video-preview":"max-video-preview:-1"},"canonical":"https:\/\/biodynamizer.com\/de\/wissenschaftliche-analyse\/","og_locale":"de_DE","og_type":"article","og_title":"Analyse - Biodynamizer","og_description":"Ces analyses, bien que partielles, apportent un faisceau d\u2019indications concordantes qui tendent \u00e0 prouver les bienfaits de l\u2019eau dynamis\u00e9e sur le vivant dont nous faisons partie. Ils nous confirment que\u00a0l\u2019eau dynamis\u00e9e s'approche au plus pr\u00e8s d'une eau comparable \u00e0 celle qui jaillit naturellement d\u2019une source ou d'un torrent de montagne.","og_url":"https:\/\/biodynamizer.com\/de\/wissenschaftliche-analyse\/","og_site_name":"Biodynamizer","article_modified_time":"2026-04-07T11:45:29+00:00","og_image":[{"width":2000,"height":1333,"url":"https:\/\/biodynamizer.com\/wp-content\/uploads\/2019\/11\/Depositphotos_15742931_xl-2015.jpg","type":"image\/jpeg"}],"twitter_card":"summary_large_image","twitter_misc":{"Gesch\u00e4tzte Lesezeit":"3\u00a0Minuten"},"schema":{"@context":"https:\/\/schema.org","@graph":[{"@type":"WebPage","@id":"https:\/\/biodynamizer.com\/de\/wissenschaftliche-analyse\/","url":"https:\/\/biodynamizer.com\/de\/wissenschaftliche-analyse\/","name":"Analyse - Biodynamizer","isPartOf":{"@id":"https:\/\/biodynamizer.com\/de\/#website"},"datePublished":"2020-01-20T12:30:33+00:00","dateModified":"2026-04-07T11:45:29+00:00","description":"Ces analyses, bien que partielles, apportent un faisceau d\u2019indications concordantes qui tendent \u00e0 prouver les bienfaits de l\u2019eau dynamis\u00e9e sur le vivant dont nous faisons partie. Ils nous confirment que\u00a0l\u2019eau dynamis\u00e9e s'approche au plus pr\u00e8s d'une eau comparable \u00e0 celle qui jaillit naturellement d\u2019une source ou d'un torrent de montagne.","breadcrumb":{"@id":"https:\/\/biodynamizer.com\/de\/wissenschaftliche-analyse\/#breadcrumb"},"inLanguage":"de","potentialAction":[{"@type":"ReadAction","target":["https:\/\/biodynamizer.com\/de\/wissenschaftliche-analyse\/"]}]},{"@type":"BreadcrumbList","@id":"https:\/\/biodynamizer.com\/de\/wissenschaftliche-analyse\/#breadcrumb","itemListElement":[{"@type":"ListItem","position":1,"name":"Home","item":"https:\/\/biodynamizer.com\/de\/"},{"@type":"ListItem","position":2,"name":"Analyse"}]},{"@type":"WebSite","@id":"https:\/\/biodynamizer.com\/de\/#website","url":"https:\/\/biodynamizer.com\/de\/","name":"Biodynamizer","description":"Filtrez et dynamisez votre eau","potentialAction":[{"@type":"SearchAction","target":{"@type":"EntryPoint","urlTemplate":"https:\/\/biodynamizer.com\/de\/?s={search_term_string}"},"query-input":{"@type":"PropertyValueSpecification","valueRequired":true,"valueName":"search_term_string"}}],"inLanguage":"de"}]}},"_links":{"self":[{"href":"https:\/\/biodynamizer.com\/de\/wp-json\/wp\/v2\/pages\/5816","targetHints":{"allow":["GET"]}}],"collection":[{"href":"https:\/\/biodynamizer.com\/de\/wp-json\/wp\/v2\/pages"}],"about":[{"href":"https:\/\/biodynamizer.com\/de\/wp-json\/wp\/v2\/types\/page"}],"author":[{"embeddable":true,"href":"https:\/\/biodynamizer.com\/de\/wp-json\/wp\/v2\/users\/3"}],"replies":[{"embeddable":true,"href":"https:\/\/biodynamizer.com\/de\/wp-json\/wp\/v2\/comments?post=5816"}],"version-history":[{"count":46,"href":"https:\/\/biodynamizer.com\/de\/wp-json\/wp\/v2\/pages\/5816\/revisions"}],"predecessor-version":[{"id":32407,"href":"https:\/\/biodynamizer.com\/de\/wp-json\/wp\/v2\/pages\/5816\/revisions\/32407"}],"wp:attachment":[{"href":"https:\/\/biodynamizer.com\/de\/wp-json\/wp\/v2\/media?parent=5816"}],"curies":[{"name":"wp","href":"https:\/\/api.w.org\/{rel}","templated":true}]}}