{"id":5925,"date":"2020-01-14T07:49:57","date_gmt":"2020-01-14T07:49:57","guid":{"rendered":"https:\/\/biodynamizer.spleen-creation.be\/leau\/lenergie\/"},"modified":"2025-09-04T06:25:33","modified_gmt":"2025-09-04T06:25:33","slug":"energie","status":"publish","type":"page","link":"https:\/\/biodynamizer.com\/de\/wasser\/energie\/","title":{"rendered":"Energie"},"content":{"rendered":"<section class=\"l-section wpb_row us_custom_916fdabd height_small\"><div class=\"l-section-h i-cf\"><div class=\"g-cols vc_row via_flex valign_top type_default stacking_default\"><div class=\"vc_col-sm-12 wpb_column vc_column_container\"><div class=\"vc_column-inner\"><div class=\"wpb_wrapper\"><nav class=\"g-breadcrumbs separator_custom align_none\" itemscope itemtype=\"http:\/\/schema.org\/BreadcrumbList\"><div class=\"g-breadcrumbs-item\" itemscope itemprop=\"itemListElement\" itemtype=\"http:\/\/schema.org\/ListItem\"><a itemprop=\"item\" href=\"https:\/\/biodynamizer.com\/de\/\"><span itemprop=\"name\">Start<\/span><\/a><meta itemprop=\"position\" content=\"1\"\/><\/div><div class=\"g-breadcrumbs-separator\">\/<\/div><div class=\"g-breadcrumbs-item\">Seiten<\/div><\/nav><\/div><\/div><\/div><\/div><\/div><\/section><section class=\"l-section wpb_row height_auto width_full\"><div class=\"l-section-h i-cf\"><div class=\"g-cols vc_row via_flex valign_bottom type_default stacking_default\"><div class=\"vc_col-sm-6 wpb_column vc_column_container imagesideblock has_text_color has_bg_color\"><div class=\"vc_column-inner us_custom_18eb2254\"><div class=\"wpb_wrapper\"><\/div><\/div><\/div><div class=\"vc_col-sm-6 wpb_column vc_column_container tekstsideblock\"><div class=\"vc_column-inner\"><div class=\"wpb_wrapper\"><div class=\"w-separator size_medium\"><\/div><div class=\"wpb_text_column\"><div class=\"wpb_wrapper\"><h1>Energie strahlt in der Natur<\/h1>\n<\/div><\/div><div class=\"wpb_text_column\"><div class=\"wpb_wrapper\"><p>Wasser ist eine Energieschnittstelle, die Energie aus nat\u00fcrlichen Quellen einf\u00e4ngt, speichert und \u00fcbertr\u00e4gt:<\/p>\n<ul>\n<li>magnetisch = Erde<\/li>\n<li>elektromagnetisch = Sonne (Stern)<\/li>\n<li>skalar = Weltraum (Vakuum)<\/li>\n<\/ul>\n<\/div><\/div><div class=\"wpb_text_column\"><div class=\"wpb_wrapper\"><h2><b>Energie, ein wesentliches Element der Wasserrestrukturierung<\/b><\/h2>\n<\/div><\/div><div class=\"wpb_text_column\"><div class=\"wpb_wrapper\"><p>Wasser ist eine Energieschnittstelle, die Energie nat\u00fcrlichen Ursprungs einf\u00e4ngt, speichert und \u00fcbertr\u00e4gt.<\/p>\n<p>W\u00e4hrend seines Kreislaufs wird Wasser sichtbare und unsichtbare nat\u00fcrliche Energie speichern. Diese Energie wird in die folgenden Energien unterteilt.<\/p>\n<\/div><\/div><div class=\"w-separator size_medium\"><\/div><\/div><\/div><\/div><\/div><\/div><\/section><section class=\"l-section wpb_row us_custom_08bb3bac has_text_color height_medium\"><div class=\"l-section-h i-cf\"><div class=\"g-cols vc_row via_flex valign_top type_default stacking_default\"><div class=\"vc_col-sm-4 vc_hidden-lg vc_hidden-md wpb_column vc_column_container\"><div class=\"vc_column-inner\"><div class=\"wpb_wrapper\"><div class=\"wpb_text_column\"><div class=\"wpb_wrapper\"><p style=\"text-align: center;\"><strong><span class=\"TextRun MacChromeBold SCXP25253073 BCX0\" lang=\"FR-BE\" xml:lang=\"FR-BE\" data-usefontface=\"true\" data-contrast=\"none\"><span class=\"NormalTextRun SCXP25253073 BCX0\">magn\u00e9tique = terrestre<\/span><\/span><span class=\"EOP SCXP25253073 BCX0\">\u200b<\/span><\/strong><\/p>\n<\/div><\/div><div class=\"w-image align_center\"><div class=\"w-image-h\"><img decoding=\"async\" width=\"1024\" height=\"768\" src=\"https:\/\/biodynamizer.com\/wp-content\/uploads\/2025\/09\/Depositphotos_2014299_xl-2015-1024x768.jpg\" class=\"attachment-large size-large\" alt=\"illustration du champ magn\u00e9tique de la terre\" loading=\"lazy\" srcset=\"https:\/\/biodynamizer.com\/wp-content\/uploads\/2025\/09\/Depositphotos_2014299_xl-2015-1024x768.jpg 1024w, https:\/\/biodynamizer.com\/wp-content\/uploads\/2025\/09\/Depositphotos_2014299_xl-2015-300x225.jpg 300w, https:\/\/biodynamizer.com\/wp-content\/uploads\/2025\/09\/Depositphotos_2014299_xl-2015-533x400.jpg 533w, https:\/\/biodynamizer.com\/wp-content\/uploads\/2025\/09\/Depositphotos_2014299_xl-2015-640x480.jpg 640w\" sizes=\"auto, (max-width: 1024px) 100vw, 1024px\" \/><\/div><\/div><\/div><\/div><\/div><div class=\"vc_col-sm-4 vc_hidden-lg vc_hidden-md wpb_column vc_column_container\"><div class=\"vc_column-inner\"><div class=\"wpb_wrapper\"><div class=\"wpb_text_column\"><div class=\"wpb_wrapper\"><p style=\"text-align: center;\"><strong><span class=\"TextRun MacChromeBold SCXP168119548 BCX0\" lang=\"FR-BE\" xml:lang=\"FR-BE\" data-usefontface=\"true\" data-contrast=\"none\"><span class=\"NormalTextRun SCXP168119548 BCX0\">\u00e9lectromagn\u00e9tique = soleil (\u00e9toile)<\/span><\/span><span class=\"EOP SCXP168119548 BCX0\">\u200b<\/span><\/strong><\/p>\n<\/div><\/div><div class=\"w-image align_center\"><div class=\"w-image-h\"><img decoding=\"async\" width=\"1024\" height=\"591\" src=\"https:\/\/biodynamizer.com\/wp-content\/uploads\/2020\/01\/Depositphotos_5510312_xl-2015-1-e1578991502115-1024x591.jpg\" class=\"attachment-large size-large\" alt=\"magnetische velden van de zon\" loading=\"lazy\" srcset=\"https:\/\/biodynamizer.com\/wp-content\/uploads\/2020\/01\/Depositphotos_5510312_xl-2015-1-e1578991502115-1024x591.jpg 1024w, https:\/\/biodynamizer.com\/wp-content\/uploads\/2020\/01\/Depositphotos_5510312_xl-2015-1-e1578991502115-300x173.jpg 300w, https:\/\/biodynamizer.com\/wp-content\/uploads\/2020\/01\/Depositphotos_5510312_xl-2015-1-e1578991502115-1536x887.jpg 1536w, https:\/\/biodynamizer.com\/wp-content\/uploads\/2020\/01\/Depositphotos_5510312_xl-2015-1-e1578991502115.jpg 2000w\" sizes=\"auto, (max-width: 1024px) 100vw, 1024px\" \/><\/div><\/div><\/div><\/div><\/div><div class=\"vc_col-sm-4 vc_hidden-lg vc_hidden-md wpb_column vc_column_container\"><div class=\"vc_column-inner\"><div class=\"wpb_wrapper\"><div class=\"wpb_text_column\"><div class=\"wpb_wrapper\"><p style=\"text-align: center;\"><strong><span class=\"TextRun MacChromeBold SCXP25253073 BCX0\" lang=\"FR-BE\" xml:lang=\"FR-BE\" data-usefontface=\"true\" data-contrast=\"none\"><span class=\"NormalTextRun SCXP25253073 BCX0\">magn\u00e9tique = terrestre<\/span><\/span><span class=\"EOP SCXP25253073 BCX0\">\u200b<\/span><\/strong><\/p>\n<\/div><\/div><div class=\"w-image align_center\"><div class=\"w-image-h\"><img decoding=\"async\" width=\"631\" height=\"327\" src=\"https:\/\/biodynamizer.com\/wp-content\/uploads\/2020\/01\/espace.png\" class=\"attachment-large size-large\" alt=\"\" loading=\"lazy\" srcset=\"https:\/\/biodynamizer.com\/wp-content\/uploads\/2020\/01\/espace.png 631w, https:\/\/biodynamizer.com\/wp-content\/uploads\/2020\/01\/espace-300x155.png 300w\" sizes=\"auto, (max-width: 631px) 100vw, 631px\" \/><\/div><\/div><\/div><\/div><\/div><div class=\"vc_col-sm-12 vc_hidden-sm vc_hidden-xs wpb_column vc_column_container\"><div class=\"vc_column-inner\"><div class=\"wpb_wrapper\"><div class=\"w-grid us_grid type_grid layout_1552 cols_3 preload_style_spinner ratio_1x1\" id=\"us_grid_1\" style=\"--columns:3;--gap:1.5rem;--item-ratio:1;\" data-filterable=\"true\"><style>@media (max-width:1024px){#us_grid_1{--columns:2!important}}@media (max-width:600px){#us_grid_1{--columns:1!important}}.layout_1552 .w-grid-item-h{}.layout_1552 .usg_post_image_1{transition-duration:0.3s;transform-origin:50% 50%;transform:scale(1) translate(0,0)}.layout_1552 .w-grid-item-h:focus-within .usg_post_image_1,.layout_1552 .w-grid-item-h:hover .usg_post_image_1{transform:scale(1) translate(0,0);opacity:0.1}.layout_1552 .usg_vwrapper_1{transition-duration:0.3s;transform-origin:50% 50%;transform:scale(1.5) translate(0,0);opacity:0}.layout_1552 .w-grid-item-h:focus-within .usg_vwrapper_1,.layout_1552 .w-grid-item-h:hover .usg_vwrapper_1{transform:scale(1) translate(0,0);opacity:1}.layout_1552 .usg_post_image_1{position:absolute!important;top:0!important;right:0!important;bottom:0!important;left:0!important}.layout_1552 .usg_vwrapper_1{position:absolute!important;top:0!important;right:0!important;bottom:0!important;left:0!important;padding:2rem!important}.layout_1552 .usg_post_title_1{color:inherit!important;font-size:1.4rem!important}<\/style><div class=\"w-grid-list\">\t<article class=\"w-grid-item size_1x1 post-5931 attachment type-attachment status-inherit hentry\" data-id=\"5931\">\r\n\t\t<div class=\"w-grid-item-h\">\r\n\t\t\t\t\t\t\t<a ref=\"magnificPopupGrid\" href=\"https:\/\/biodynamizer.com\/wp-content\/uploads\/2020\/01\/espace.png\" class=\"w-grid-item-anchor\" aria-label=\"Onde scalaire\"><\/a>\r\n\t\t\t\t\t\t<div class=\"w-post-elm post_image usg_post_image_1 stretched\"><img loading=\"lazy\" decoding=\"async\" width=\"631\" height=\"327\" src=\"https:\/\/biodynamizer.com\/wp-content\/uploads\/2020\/01\/espace.png\" class=\"attachment-large size-large\" alt=\"\" srcset=\"https:\/\/biodynamizer.com\/wp-content\/uploads\/2020\/01\/espace.png 631w, https:\/\/biodynamizer.com\/wp-content\/uploads\/2020\/01\/espace-300x155.png 300w\" sizes=\"auto, (max-width: 631px) 100vw, 631px\" \/><\/div><div class=\"w-vwrapper usg_vwrapper_1 align_center valign_middle\"><h2 class=\"w-post-elm post_title usg_post_title_1 has_text_color entry-title color_link_inherit\">Onde scalaire<\/h2><\/div>\t\t<\/div>\r\n\t\t\t<\/article>\r\n\t<article class=\"w-grid-item size_1x1 post-5930 attachment type-attachment status-inherit hentry\" data-id=\"5930\">\r\n\t\t<div class=\"w-grid-item-h\">\r\n\t\t\t\t\t\t\t<a ref=\"magnificPopupGrid\" href=\"https:\/\/biodynamizer.com\/wp-content\/uploads\/2020\/01\/Depositphotos_5510312_xl-2015-1-e1578991502115.jpg\" class=\"w-grid-item-anchor\" aria-label=\"magnetische velden van de zon\"><\/a>\r\n\t\t\t\t\t\t<div class=\"w-post-elm post_image usg_post_image_1 stretched\"><img loading=\"lazy\" decoding=\"async\" width=\"1024\" height=\"591\" src=\"https:\/\/biodynamizer.com\/wp-content\/uploads\/2020\/01\/Depositphotos_5510312_xl-2015-1-e1578991502115-1024x591.jpg\" class=\"attachment-large size-large\" alt=\"magnetische velden van de zon\" srcset=\"https:\/\/biodynamizer.com\/wp-content\/uploads\/2020\/01\/Depositphotos_5510312_xl-2015-1-e1578991502115-1024x591.jpg 1024w, https:\/\/biodynamizer.com\/wp-content\/uploads\/2020\/01\/Depositphotos_5510312_xl-2015-1-e1578991502115-300x173.jpg 300w, https:\/\/biodynamizer.com\/wp-content\/uploads\/2020\/01\/Depositphotos_5510312_xl-2015-1-e1578991502115-1536x887.jpg 1536w, https:\/\/biodynamizer.com\/wp-content\/uploads\/2020\/01\/Depositphotos_5510312_xl-2015-1-e1578991502115.jpg 2000w\" sizes=\"auto, (max-width: 1024px) 100vw, 1024px\" \/><\/div><div class=\"w-vwrapper usg_vwrapper_1 align_center valign_middle\"><h2 class=\"w-post-elm post_title usg_post_title_1 has_text_color entry-title color_link_inherit\">champs magn\u00e9tique du soleil<\/h2><\/div>\t\t<\/div>\r\n\t\t\t<\/article>\r\n\t<article class=\"w-grid-item size_1x1 post-5932 attachment type-attachment status-inherit hentry\" data-id=\"5932\">\r\n\t\t<div class=\"w-grid-item-h\">\r\n\t\t\t\t\t\t\t<a ref=\"magnificPopupGrid\" href=\"https:\/\/biodynamizer.com\/wp-content\/uploads\/2020\/03\/spacewaves.png\" class=\"w-grid-item-anchor\" aria-label=\"Champs magn\u00e9tiques terrestres 01\"><\/a>\r\n\t\t\t\t\t\t<div class=\"w-post-elm post_image usg_post_image_1 stretched\"><img loading=\"lazy\" decoding=\"async\" width=\"1024\" height=\"578\" src=\"https:\/\/biodynamizer.com\/wp-content\/uploads\/2020\/03\/spacewaves-1024x578.png\" class=\"attachment-large size-large\" alt=\"\" srcset=\"https:\/\/biodynamizer.com\/wp-content\/uploads\/2020\/03\/spacewaves-1024x578.png 1024w, https:\/\/biodynamizer.com\/wp-content\/uploads\/2020\/03\/spacewaves-300x169.png 300w, https:\/\/biodynamizer.com\/wp-content\/uploads\/2020\/03\/spacewaves.png 1029w\" sizes=\"auto, (max-width: 1024px) 100vw, 1024px\" \/><\/div><div class=\"w-vwrapper usg_vwrapper_1 align_center valign_middle\"><h2 class=\"w-post-elm post_title usg_post_title_1 has_text_color entry-title color_link_inherit\">Champs magn\u00e9tiques terrestres 01<\/h2><\/div>\t\t<\/div>\r\n\t\t\t<\/article>\r\n<\/div>\t<div class=\"w-grid-preloader\">\r\n\t\t<div class=\"g-preloader type_1\">\r\n\t\t\t<div><\/div>\r\n\t\t<\/div>\r\n\t<\/div>\r\n\t\t<div class=\"w-grid-json hidden\" onclick='return {&quot;action&quot;:&quot;us_ajax_grid&quot;,&quot;infinite_scroll&quot;:0,&quot;max_num_pages&quot;:1,&quot;pagination&quot;:&quot;none&quot;,&quot;template_vars&quot;:{&quot;columns&quot;:&quot;3&quot;,&quot;exclude_items&quot;:&quot;none&quot;,&quot;img_size&quot;:&quot;default&quot;,&quot;ignore_items_size&quot;:0,&quot;items_layout&quot;:&quot;1552&quot;,&quot;items_offset&quot;:&quot;1&quot;,&quot;load_animation&quot;:&quot;none&quot;,&quot;overriding_link&quot;:&quot;%7B%22type%22%3A%22popup_image%22%7D&quot;,&quot;post_id&quot;:0,&quot;query_args&quot;:{&quot;post_type&quot;:[&quot;attachment&quot;],&quot;post__in&quot;:[&quot;433&quot;,&quot;429&quot;,&quot;2318&quot;],&quot;post_status&quot;:&quot;inherit&quot;,&quot;post_mime_type&quot;:&quot;image&quot;,&quot;posts_per_page&quot;:&quot;10&quot;},&quot;orderby_query_args&quot;:{&quot;orderby&quot;:{&quot;post__in&quot;:&quot;ASC&quot;},&quot;order&quot;:&quot;ASC&quot;},&quot;type&quot;:&quot;grid&quot;,&quot;us_grid_post_type&quot;:&quot;attachment&quot;,&quot;us_grid_ajax_index&quot;:1,&quot;us_grid_filter_query_string&quot;:null,&quot;us_grid_index&quot;:1,&quot;page_args&quot;:[],&quot;lang&quot;:&quot;de&quot;}}'><\/div>\r\n\t<\/div><\/div><\/div><\/div><div class=\"vc_col-sm-4 wpb_column vc_column_container\"><div class=\"vc_column-inner\"><div class=\"wpb_wrapper\"><\/div><\/div><\/div><div class=\"vc_col-sm-4 wpb_column vc_column_container\"><div class=\"vc_column-inner\"><div class=\"wpb_wrapper\"><\/div><\/div><\/div><div class=\"vc_col-sm-4 wpb_column vc_column_container has_text_color\"><div class=\"vc_column-inner us_custom_6df4bc3a\"><div class=\"wpb_wrapper\"><\/div><\/div><\/div><div class=\"vc_col-sm-12 wpb_column vc_column_container\"><div class=\"vc_column-inner\"><div class=\"wpb_wrapper\"><div class=\"w-separator size_medium\"><\/div><div class=\"wpb_text_column\"><div class=\"wpb_wrapper\"><h2>Mehr erfahren<\/h2>\n<\/div><\/div><div class=\"wpb_text_column wittetekst\"><div class=\"wpb_wrapper\"><p><span style=\"text-decoration: underline;\"><strong><a href=\"https:\/\/biodynamizer.com\/de\/unsere-loesungen\/der-biodynamizer\/energetisierung\/\">Energie im Biodynamisierer<\/a><\/strong><\/span><\/p>\n<p><span style=\"text-decoration: underline;\"><strong><a href=\"https:\/\/biodynamizer.com\/de\/wasser\/energie\/energie-magnetisierung-einer-energie-unter-den-fuessen-wasser-energetisierung\/\">Magnetische Energie, eine nat\u00fcrliche Energie unter unseren F\u00fc\u00dfen, die das Wasser energetisiert<\/a><\/strong><\/span><\/p>\n<p><span style=\"text-decoration: underline;\"><strong><a href=\"https:\/\/biodynamizer.com\/de\/wasser\/energie\/elektromagnetische-energie-solar-licht-beleuchtung-schall-wasser-energie\/\">Elektromagnetische Energie, Sonnenlicht beleuchtet das Wasser mit seiner<\/a><\/strong><\/span><\/p>\n<p><span style=\"text-decoration: underline;\"><strong><a href=\"https:\/\/biodynamizer.com\/de\/wasser\/energie\/skalarwellen-eine-energie-was-ist-aus-der-welt\/\">Der Mensch ist vor allem eine bewusste Schwingung<\/a><\/strong><\/span><\/p>\n<p><span style=\"text-decoration: underline;\"><strong><a href=\"https:\/\/biodynamizer.com\/de\/wasser\/energie\/mensch-ist-alles-bewusst-schwingung\/\">Skalare Wellen, eine Energie, die aus dem Universum kommt<\/a><\/strong><\/span><\/p>\n<\/div><\/div><\/div><\/div><\/div><\/div><\/div><\/section>\n","protected":false},"excerpt":{"rendered":"","protected":false},"author":3,"featured_media":0,"parent":5844,"menu_order":1,"comment_status":"closed","ping_status":"closed","template":"","meta":{"_monsterinsights_skip_tracking":false,"_monsterinsights_sitenote_active":false,"_monsterinsights_sitenote_note":"","_monsterinsights_sitenote_category":0,"footnotes":""},"class_list":["post-5925","page","type-page","status-publish","hentry"],"yoast_head":"<!-- This site is optimized with the Yoast SEO plugin v27.3 - https:\/\/yoast.com\/product\/yoast-seo-wordpress\/ -->\n<title>Energie - Biodynamizer<\/title>\n<meta name=\"description\" content=\"Biodynamizer - Energie - En savoir plus sur le biodynamizer et le biofiltre\" \/>\n<meta name=\"robots\" content=\"index, follow, max-snippet:-1, max-image-preview:large, max-video-preview:-1\" \/>\n<link rel=\"canonical\" href=\"https:\/\/biodynamizer.com\/de\/wasser\/energie\/\" \/>\n<meta property=\"og:locale\" content=\"de_DE\" \/>\n<meta property=\"og:type\" content=\"article\" \/>\n<meta property=\"og:title\" content=\"Energie - Biodynamizer\" \/>\n<meta property=\"og:description\" content=\"Biodynamizer - Energie - En savoir plus sur le biodynamizer et le biofiltre\" \/>\n<meta property=\"og:url\" content=\"https:\/\/biodynamizer.com\/de\/wasser\/energie\/\" \/>\n<meta property=\"og:site_name\" content=\"Biodynamizer\" \/>\n<meta property=\"article:modified_time\" content=\"2025-09-04T06:25:33+00:00\" \/>\n<meta property=\"og:image\" content=\"https:\/\/biodynamizer.com\/wp-content\/uploads\/2019\/11\/Depositphotos_15742931_xl-2015.jpg\" \/>\n\t<meta property=\"og:image:width\" content=\"2000\" \/>\n\t<meta property=\"og:image:height\" content=\"1333\" \/>\n\t<meta property=\"og:image:type\" content=\"image\/jpeg\" \/>\n<meta name=\"twitter:card\" content=\"summary_large_image\" \/>\n<meta name=\"twitter:label1\" content=\"Gesch\u00e4tzte Lesezeit\" \/>\n\t<meta name=\"twitter:data1\" content=\"1\u00a0Minute\" \/>\n<script type=\"application\/ld+json\" class=\"yoast-schema-graph\">{\"@context\":\"https:\\\/\\\/schema.org\",\"@graph\":[{\"@type\":\"WebPage\",\"@id\":\"https:\\\/\\\/biodynamizer.com\\\/de\\\/wasser\\\/energie\\\/\",\"url\":\"https:\\\/\\\/biodynamizer.com\\\/de\\\/wasser\\\/energie\\\/\",\"name\":\"Energie - Biodynamizer\",\"isPartOf\":{\"@id\":\"https:\\\/\\\/biodynamizer.com\\\/de\\\/#website\"},\"datePublished\":\"2020-01-14T07:49:57+00:00\",\"dateModified\":\"2025-09-04T06:25:33+00:00\",\"description\":\"Biodynamizer - Energie - En savoir plus sur le biodynamizer et le biofiltre\",\"breadcrumb\":{\"@id\":\"https:\\\/\\\/biodynamizer.com\\\/de\\\/wasser\\\/energie\\\/#breadcrumb\"},\"inLanguage\":\"de\",\"potentialAction\":[{\"@type\":\"ReadAction\",\"target\":[\"https:\\\/\\\/biodynamizer.com\\\/de\\\/wasser\\\/energie\\\/\"]}]},{\"@type\":\"BreadcrumbList\",\"@id\":\"https:\\\/\\\/biodynamizer.com\\\/de\\\/wasser\\\/energie\\\/#breadcrumb\",\"itemListElement\":[{\"@type\":\"ListItem\",\"position\":1,\"name\":\"Home\",\"item\":\"https:\\\/\\\/biodynamizer.com\\\/de\\\/\"},{\"@type\":\"ListItem\",\"position\":2,\"name\":\"Wasser\",\"item\":\"https:\\\/\\\/biodynamizer.com\\\/de\\\/leau\\\/\"},{\"@type\":\"ListItem\",\"position\":3,\"name\":\"Energie\"}]},{\"@type\":\"WebSite\",\"@id\":\"https:\\\/\\\/biodynamizer.com\\\/de\\\/#website\",\"url\":\"https:\\\/\\\/biodynamizer.com\\\/de\\\/\",\"name\":\"Biodynamizer\",\"description\":\"Filtrez et dynamisez votre eau\",\"potentialAction\":[{\"@type\":\"SearchAction\",\"target\":{\"@type\":\"EntryPoint\",\"urlTemplate\":\"https:\\\/\\\/biodynamizer.com\\\/de\\\/?s={search_term_string}\"},\"query-input\":{\"@type\":\"PropertyValueSpecification\",\"valueRequired\":true,\"valueName\":\"search_term_string\"}}],\"inLanguage\":\"de\"}]}<\/script>\n<!-- \/ Yoast SEO plugin. -->","yoast_head_json":{"title":"Energie - Biodynamizer","description":"Biodynamizer - Energie - En savoir plus sur le biodynamizer et le biofiltre","robots":{"index":"index","follow":"follow","max-snippet":"max-snippet:-1","max-image-preview":"max-image-preview:large","max-video-preview":"max-video-preview:-1"},"canonical":"https:\/\/biodynamizer.com\/de\/wasser\/energie\/","og_locale":"de_DE","og_type":"article","og_title":"Energie - Biodynamizer","og_description":"Biodynamizer - Energie - En savoir plus sur le biodynamizer et le biofiltre","og_url":"https:\/\/biodynamizer.com\/de\/wasser\/energie\/","og_site_name":"Biodynamizer","article_modified_time":"2025-09-04T06:25:33+00:00","og_image":[{"width":2000,"height":1333,"url":"https:\/\/biodynamizer.com\/wp-content\/uploads\/2019\/11\/Depositphotos_15742931_xl-2015.jpg","type":"image\/jpeg"}],"twitter_card":"summary_large_image","twitter_misc":{"Gesch\u00e4tzte Lesezeit":"1\u00a0Minute"},"schema":{"@context":"https:\/\/schema.org","@graph":[{"@type":"WebPage","@id":"https:\/\/biodynamizer.com\/de\/wasser\/energie\/","url":"https:\/\/biodynamizer.com\/de\/wasser\/energie\/","name":"Energie - Biodynamizer","isPartOf":{"@id":"https:\/\/biodynamizer.com\/de\/#website"},"datePublished":"2020-01-14T07:49:57+00:00","dateModified":"2025-09-04T06:25:33+00:00","description":"Biodynamizer - Energie - En savoir plus sur le biodynamizer et le biofiltre","breadcrumb":{"@id":"https:\/\/biodynamizer.com\/de\/wasser\/energie\/#breadcrumb"},"inLanguage":"de","potentialAction":[{"@type":"ReadAction","target":["https:\/\/biodynamizer.com\/de\/wasser\/energie\/"]}]},{"@type":"BreadcrumbList","@id":"https:\/\/biodynamizer.com\/de\/wasser\/energie\/#breadcrumb","itemListElement":[{"@type":"ListItem","position":1,"name":"Home","item":"https:\/\/biodynamizer.com\/de\/"},{"@type":"ListItem","position":2,"name":"Wasser","item":"https:\/\/biodynamizer.com\/de\/leau\/"},{"@type":"ListItem","position":3,"name":"Energie"}]},{"@type":"WebSite","@id":"https:\/\/biodynamizer.com\/de\/#website","url":"https:\/\/biodynamizer.com\/de\/","name":"Biodynamizer","description":"Filtrez et dynamisez votre eau","potentialAction":[{"@type":"SearchAction","target":{"@type":"EntryPoint","urlTemplate":"https:\/\/biodynamizer.com\/de\/?s={search_term_string}"},"query-input":{"@type":"PropertyValueSpecification","valueRequired":true,"valueName":"search_term_string"}}],"inLanguage":"de"}]}},"_links":{"self":[{"href":"https:\/\/biodynamizer.com\/de\/wp-json\/wp\/v2\/pages\/5925","targetHints":{"allow":["GET"]}}],"collection":[{"href":"https:\/\/biodynamizer.com\/de\/wp-json\/wp\/v2\/pages"}],"about":[{"href":"https:\/\/biodynamizer.com\/de\/wp-json\/wp\/v2\/types\/page"}],"author":[{"embeddable":true,"href":"https:\/\/biodynamizer.com\/de\/wp-json\/wp\/v2\/users\/3"}],"replies":[{"embeddable":true,"href":"https:\/\/biodynamizer.com\/de\/wp-json\/wp\/v2\/comments?post=5925"}],"version-history":[{"count":6,"href":"https:\/\/biodynamizer.com\/de\/wp-json\/wp\/v2\/pages\/5925\/revisions"}],"predecessor-version":[{"id":28721,"href":"https:\/\/biodynamizer.com\/de\/wp-json\/wp\/v2\/pages\/5925\/revisions\/28721"}],"up":[{"embeddable":true,"href":"https:\/\/biodynamizer.com\/de\/wp-json\/wp\/v2\/pages\/5844"}],"wp:attachment":[{"href":"https:\/\/biodynamizer.com\/de\/wp-json\/wp\/v2\/media?parent=5925"}],"curies":[{"name":"wp","href":"https:\/\/api.w.org\/{rel}","templated":true}]}}