{"id":5943,"date":"2020-01-24T12:45:17","date_gmt":"2020-01-24T12:45:17","guid":{"rendered":"https:\/\/biodynamizer.spleen-creation.be\/leau\/lenergie\/lhumain-est-avant-tout-une-vibration-consciente\/"},"modified":"2025-11-13T12:00:02","modified_gmt":"2025-11-13T12:00:02","slug":"mensch-ist-alles-bewusst-schwingung","status":"publish","type":"page","link":"https:\/\/biodynamizer.com\/de\/wasser\/energie\/mensch-ist-alles-bewusst-schwingung\/","title":{"rendered":"Der Mensch ist vor allem eine bewusste Schwingung!"},"content":{"rendered":"<section class=\"l-section wpb_row us_custom_916fdabd height_small\"><div class=\"l-section-h i-cf\"><div class=\"g-cols vc_row via_flex valign_top type_default stacking_default\"><div class=\"vc_col-sm-12 wpb_column vc_column_container\"><div class=\"vc_column-inner\"><div class=\"wpb_wrapper\"><nav class=\"g-breadcrumbs separator_custom align_none\" itemscope itemtype=\"http:\/\/schema.org\/BreadcrumbList\"><div class=\"g-breadcrumbs-item\" itemscope itemprop=\"itemListElement\" itemtype=\"http:\/\/schema.org\/ListItem\"><a itemprop=\"item\" href=\"https:\/\/biodynamizer.com\/de\/\"><span itemprop=\"name\">Start<\/span><\/a><meta itemprop=\"position\" content=\"1\"\/><\/div><div class=\"g-breadcrumbs-separator\">\/<\/div><div class=\"g-breadcrumbs-item\">Seiten<\/div><\/nav><\/div><\/div><\/div><\/div><\/div><\/section><section class=\"l-section wpb_row fullheader height_huge with_img\"><div class=\"l-section-img\" role=\"img\" aria-label=\"Bild\" data-img-width=\"1519\" data-img-height=\"371\" style=\"background-image: url(https:\/\/biodynamizer.com\/wp-content\/uploads\/2020\/03\/New-Project-29.jpg);background-repeat: no-repeat;\"><\/div><div class=\"l-section-h i-cf\"><div class=\"g-cols vc_row via_flex valign_top type_default stacking_default\"><div class=\"vc_col-sm-12 wpb_column vc_column_container has_text_color\"><div class=\"vc_column-inner us_custom_6df4bc3a\"><div class=\"wpb_wrapper\"><div class=\"wpb_text_column\"><div class=\"wpb_wrapper\"><h3><b>Der Mensch ist vor allem eine bewusste Schwingung!<\/b><\/h3>\n<\/div><\/div><\/div><\/div><\/div><\/div><\/div><\/section><section class=\"l-section wpb_row max500 height_large\"><div class=\"l-section-h i-cf\"><div class=\"g-cols vc_row via_flex valign_top type_default stacking_default\"><div class=\"vc_col-sm-8 wpb_column vc_column_container\"><div class=\"vc_column-inner\"><div class=\"wpb_wrapper\"><div class=\"wpb_text_column\"><div class=\"wpb_wrapper\"><p>Wasser ist vor allem eine energetische Schnittstelle, die unseren Schwingungsk\u00f6rper und unser Bewusstsein &#8222;n\u00e4hrt&#8220;. Daher ist es wichtig, lebendiges Wasser zu trinken, das mit dem in der Natur vorkommenden vergleichbar ist und das die Menschheit seit Jahrtausenden trinkt!<\/p>\n<p><b>Der Mensch besteht aus bewusster Energie! <\/b><\/p>\n<p>Die physische Welt ist ein riesiges Meer von Energie, nichts ist fest, alles ist Energie. In diesem Meer ist der Mensch ein Fl\u00fcssigkristall, in dem Energie pulsiert.<\/p>\n<p><b>Tats\u00e4chlich lehrt uns die Wissenschaft, dass ein Mensch zu 0,01% seines Volumens aus Atomen und zu 99,99% <\/b>aus &#8222;magnetischem\/quantiellem&#8220; Vakuum besteht! Die verdichtete Atommaterie von 3 Personen ist nicht mehr als der Kopf einer Haarnadel! Zum Vergleich :<\/p>\n<ul>\n<li>1 Wasserstoffatom (Materie) = Orange (Frucht)<\/li>\n<li>1 Elektron (Energie), das um das Wasserstoffatom gravitiert = Sandkorn in 5 km Entfernung vom orangenen Atom<\/li>\n<li><\/li>\n<\/ul>\n<p>Einige Wissenschaftler setzen Energie und Information sogar gleich. Tats\u00e4chlich ist Energie eine Schwingung, also eine Frequenz, die auf eine Anzahl (von Wellenl\u00e4ngen pro Sekunde <span class=\"Y2IQFc\" lang=\"de\">= Frequenz)<\/span> reduziert werden kann, was als ein Code = Information, die das Bewusstsein n\u00e4hrt, interpretiert werden kann! \u201e<strong>Energie kodiert, Wasser enkodiert, der Mensch dekodiert<\/strong>.\u201c Und diese Dekodierung w\u00fcrde durch Phasenkoh\u00e4renzdom\u00e4nen erfolgen: +\/- 10 M &#8211; 30 M fl\u00fcssige Wassermolek\u00fcle, die durch Wasserstoffbr\u00fccken verbunden sind, w\u00fcrden mit der gleichen Frequenz (synchronisiert) schwingen wie die Energie, die durch sie hindurchgeht. Diese Informationen w\u00fcrden &#8222;eingefangen&#8220; und an unsere DNA &amp; Proteine &#8222;weitergeleitet&#8220;, was die zellul\u00e4re Kommunikation erm\u00f6glichen und biochemische Reaktionen im Organismus ausl\u00f6sen w\u00fcrde.<\/p>\n<\/div><\/div><\/div><\/div><\/div><div class=\"vc_col-sm-4 wpb_column vc_column_container\"><div class=\"vc_column-inner\"><div class=\"wpb_wrapper\"><div class=\"w-image align_center\"><div class=\"w-image-h\"><img decoding=\"async\" width=\"433\" height=\"343\" src=\"https:\/\/biodynamizer.com\/wp-content\/uploads\/2020\/01\/vibration2.png\" class=\"attachment-large size-large\" alt=\"bulles d&#039;eau\" loading=\"lazy\" srcset=\"https:\/\/biodynamizer.com\/wp-content\/uploads\/2020\/01\/vibration2.png 433w, https:\/\/biodynamizer.com\/wp-content\/uploads\/2020\/01\/vibration2-300x238.png 300w\" sizes=\"auto, (max-width: 433px) 100vw, 433px\" \/><\/div><\/div><div class=\"wpb_text_column\"><div class=\"wpb_wrapper\"><p style=\"text-align: center;\">Illustration d\u2019une mol\u00e9cule d\u2019eau<\/p>\n<\/div><\/div><div class=\"w-image align_center\"><div class=\"w-image-h\"><img decoding=\"async\" width=\"360\" height=\"568\" src=\"https:\/\/biodynamizer.com\/wp-content\/uploads\/2020\/01\/vibration.png\" class=\"attachment-large size-large\" alt=\"\" loading=\"lazy\" srcset=\"https:\/\/biodynamizer.com\/wp-content\/uploads\/2020\/01\/vibration.png 360w, https:\/\/biodynamizer.com\/wp-content\/uploads\/2020\/01\/vibration-190x300.png 190w\" sizes=\"auto, (max-width: 360px) 100vw, 360px\" \/><\/div><\/div><div class=\"w-separator size_medium\"><\/div><\/div><\/div><\/div><\/div><\/div><\/section><section class=\"l-section wpb_row height_medium\"><div class=\"l-section-overlay\" style=\"background:rgba(172,172,172,0.2)\"><\/div><div class=\"l-section-h i-cf\"><div class=\"g-cols vc_row via_flex valign_top type_default stacking_default\"><div class=\"vc_col-sm-12 wpb_column vc_column_container\"><div class=\"vc_column-inner\"><div class=\"wpb_wrapper\"><div class=\"wpb_text_column\"><div class=\"wpb_wrapper\"><h2><strong>Fazit<\/strong><\/h2>\n<p>Wir haben also gesehen, dass Wasser eine Lebenskraft in sich birgt, die durch seine nat\u00fcrliche Dynamik und durch die Energie, die durch es flie\u00dft, <a href=\"https:\/\/biodynamizer.com\/de\/nos-solutions\/le-biodynamizer\/la-restructuration\/\">strukturiert<\/a> ist und als Energiequelle f\u00fcr lebende biologische Systeme dient! Wasser w\u00e4re eine Schnittstelle zum Auffangen, Speichern und \u00dcbertragen:<\/p>\n<ol>\n<li>\u00a0 magnetische Energie terrestrischen Ursprungs (Magnet- und Gravitationsfelder),<\/li>\n<li>\u00a0 elektromagnetische Energie solaren Ursprungs (Elektronen-Photonen-Protonen),<\/li>\n<li>\u00a0 Vakuumenergie aus Skalarwellen oder Torsionsfeldern, die Informationen tragen w\u00fcrden.\u00a0\u00a0\u00a0\u00a0\u00a0\u00a0\u00a0\u00a0\u00a0\u00a0\u00a0\u00a0\u00a0 Es scheint, dass \u00a0 jede Masse oder Fl\u00fcssigkeit in Drehbewegung = Spin = Wirbel (dynamisiertes Wasser!) aktive Torsionsfelder erzeugt. \u00a0 Dar\u00fcber hinaus w\u00e4re jedes Objekt, dessen geometrische Formen den Proportionen der Goldenen Zahl Phi (1,618) \u00a0 entsprechen, ebenfalls ein Generator von Torsionsfeldern, jedoch passiv (Formwellen). Diese w\u00fcrden in \u00a0 strukturiertem Wasser gespeichert werden, insbesondere in Wasser, das ionisierte Salze (<a href=\"https:\/\/biodynamizer.com\/de\/leau\/lenergie\/lhumain-est-avant-tout-une-vibration-consciente\/composition-de-leau\/\">Mineralien<\/a>) enth\u00e4lt.<\/li>\n<\/ol>\n<p>Diese Energie w\u00fcrde in elektrische Energie umgewandelt werden, die biochemische Reaktionen im menschlichen K\u00f6rper ausl\u00f6sen w\u00fcrde. Diese Energie w\u00fcrde zum Funktionieren unseres Stoffwechsels beitragen (Aktivierung der Zellkommunikation).<\/p>\n<p>Wasser w\u00e4re also eine Schnittstelle (Empf\u00e4nger-Sender) zwischen der energetischen Strahlung aus der Natur und der Materie, wodurch das Funktionieren biologischer Prozesse aktiviert werden k\u00f6nnte. Wasser ist Leben!<\/p>\n<p>Biodynamisiertes Wasser scheint eine molekulare Struktur zu haben, die eine gr\u00f6\u00dfere Empf\u00e4nglichkeit f\u00fcr kosmische und irdische Energien erlaubt, die es verst\u00e4rken und an unseren Energiek\u00f6rper (Aura) weitergeben w\u00fcrde. Siehe die <span style=\"text-decoration: underline;\"><strong><a href=\"https:\/\/biodynamizer.com\/de\/wissenschaftliche-analyse\/lanalyse-biophotonique\/\">Biophotonische Analyse<\/a><\/strong><\/span> und die <a href=\"https:\/\/biodynamizer.com\/de\/analyses-scientifiques\/la-camera-electrophotonique-de-coramp-solutions\/\"><strong>elektrophotonischen Analysen<\/strong><\/a> zu diesem Thema.<\/p>\n<\/div><\/div><\/div><\/div><\/div><\/div><\/div><\/section>\n","protected":false},"excerpt":{"rendered":"Start\/SeitenDer Mensch ist vor allem eine bewusste Schwingung! Wasser ist vor allem eine energetische Schnittstelle, die unseren Schwingungsk\u00f6rper und unser Bewusstsein &#8222;n\u00e4hrt&#8220;. Daher ist es wichtig, lebendiges Wasser zu trinken, das mit dem in der Natur vorkommenden vergleichbar ist und das die Menschheit seit Jahrtausenden trinkt! Der Mensch besteht aus bewusster Energie! Die physische Welt...","protected":false},"author":3,"featured_media":0,"parent":5925,"menu_order":3,"comment_status":"closed","ping_status":"closed","template":"","meta":{"_monsterinsights_skip_tracking":false,"_monsterinsights_sitenote_active":false,"_monsterinsights_sitenote_note":"","_monsterinsights_sitenote_category":0,"footnotes":""},"class_list":["post-5943","page","type-page","status-publish","hentry"],"yoast_head":"<!-- This site is optimized with the Yoast SEO plugin v27.3 - https:\/\/yoast.com\/product\/yoast-seo-wordpress\/ -->\n<title>Der Mensch ist vor allem eine bewusste Schwingung! - Biodynamizer<\/title>\n<meta name=\"description\" content=\"Biodynamizer - Der Mensch ist vor allem eine bewusste Schwingung! - En savoir plus sur le biodynamizer et le biofiltre\" \/>\n<meta name=\"robots\" content=\"index, follow, max-snippet:-1, max-image-preview:large, max-video-preview:-1\" \/>\n<link rel=\"canonical\" href=\"https:\/\/biodynamizer.com\/de\/wasser\/energie\/mensch-ist-alles-bewusst-schwingung\/\" \/>\n<meta property=\"og:locale\" content=\"de_DE\" \/>\n<meta property=\"og:type\" content=\"article\" \/>\n<meta property=\"og:title\" content=\"Der Mensch ist vor allem eine bewusste Schwingung! - Biodynamizer\" \/>\n<meta property=\"og:description\" content=\"Biodynamizer - Der Mensch ist vor allem eine bewusste Schwingung! - En savoir plus sur le biodynamizer et le biofiltre\" \/>\n<meta property=\"og:url\" content=\"https:\/\/biodynamizer.com\/de\/wasser\/energie\/mensch-ist-alles-bewusst-schwingung\/\" \/>\n<meta property=\"og:site_name\" content=\"Biodynamizer\" \/>\n<meta property=\"article:modified_time\" content=\"2025-11-13T12:00:02+00:00\" \/>\n<meta property=\"og:image\" content=\"https:\/\/biodynamizer.com\/wp-content\/uploads\/2019\/11\/Depositphotos_15742931_xl-2015.jpg\" \/>\n\t<meta property=\"og:image:width\" content=\"2000\" \/>\n\t<meta property=\"og:image:height\" content=\"1333\" \/>\n\t<meta property=\"og:image:type\" content=\"image\/jpeg\" \/>\n<meta name=\"twitter:card\" content=\"summary_large_image\" \/>\n<meta name=\"twitter:label1\" content=\"Gesch\u00e4tzte Lesezeit\" \/>\n\t<meta name=\"twitter:data1\" content=\"3\u00a0Minuten\" \/>\n<script type=\"application\/ld+json\" class=\"yoast-schema-graph\">{\"@context\":\"https:\\\/\\\/schema.org\",\"@graph\":[{\"@type\":\"WebPage\",\"@id\":\"https:\\\/\\\/biodynamizer.com\\\/de\\\/wasser\\\/energie\\\/mensch-ist-alles-bewusst-schwingung\\\/\",\"url\":\"https:\\\/\\\/biodynamizer.com\\\/de\\\/wasser\\\/energie\\\/mensch-ist-alles-bewusst-schwingung\\\/\",\"name\":\"Der Mensch ist vor allem eine bewusste Schwingung! - Biodynamizer\",\"isPartOf\":{\"@id\":\"https:\\\/\\\/biodynamizer.com\\\/de\\\/#website\"},\"datePublished\":\"2020-01-24T12:45:17+00:00\",\"dateModified\":\"2025-11-13T12:00:02+00:00\",\"description\":\"Biodynamizer - Der Mensch ist vor allem eine bewusste Schwingung! - En savoir plus sur le biodynamizer et le biofiltre\",\"breadcrumb\":{\"@id\":\"https:\\\/\\\/biodynamizer.com\\\/de\\\/wasser\\\/energie\\\/mensch-ist-alles-bewusst-schwingung\\\/#breadcrumb\"},\"inLanguage\":\"de\",\"potentialAction\":[{\"@type\":\"ReadAction\",\"target\":[\"https:\\\/\\\/biodynamizer.com\\\/de\\\/wasser\\\/energie\\\/mensch-ist-alles-bewusst-schwingung\\\/\"]}]},{\"@type\":\"BreadcrumbList\",\"@id\":\"https:\\\/\\\/biodynamizer.com\\\/de\\\/wasser\\\/energie\\\/mensch-ist-alles-bewusst-schwingung\\\/#breadcrumb\",\"itemListElement\":[{\"@type\":\"ListItem\",\"position\":1,\"name\":\"Home\",\"item\":\"https:\\\/\\\/biodynamizer.com\\\/de\\\/\"},{\"@type\":\"ListItem\",\"position\":2,\"name\":\"Wasser\",\"item\":\"https:\\\/\\\/biodynamizer.com\\\/de\\\/leau\\\/\"},{\"@type\":\"ListItem\",\"position\":3,\"name\":\"Energie\",\"item\":\"https:\\\/\\\/biodynamizer.com\\\/de\\\/leau\\\/lenergie\\\/\"},{\"@type\":\"ListItem\",\"position\":4,\"name\":\"Der Mensch ist vor allem eine bewusste Schwingung!\"}]},{\"@type\":\"WebSite\",\"@id\":\"https:\\\/\\\/biodynamizer.com\\\/de\\\/#website\",\"url\":\"https:\\\/\\\/biodynamizer.com\\\/de\\\/\",\"name\":\"Biodynamizer\",\"description\":\"Filtrez et dynamisez votre eau\",\"potentialAction\":[{\"@type\":\"SearchAction\",\"target\":{\"@type\":\"EntryPoint\",\"urlTemplate\":\"https:\\\/\\\/biodynamizer.com\\\/de\\\/?s={search_term_string}\"},\"query-input\":{\"@type\":\"PropertyValueSpecification\",\"valueRequired\":true,\"valueName\":\"search_term_string\"}}],\"inLanguage\":\"de\"}]}<\/script>\n<!-- \/ Yoast SEO plugin. -->","yoast_head_json":{"title":"Der Mensch ist vor allem eine bewusste Schwingung! - Biodynamizer","description":"Biodynamizer - Der Mensch ist vor allem eine bewusste Schwingung! - En savoir plus sur le biodynamizer et le biofiltre","robots":{"index":"index","follow":"follow","max-snippet":"max-snippet:-1","max-image-preview":"max-image-preview:large","max-video-preview":"max-video-preview:-1"},"canonical":"https:\/\/biodynamizer.com\/de\/wasser\/energie\/mensch-ist-alles-bewusst-schwingung\/","og_locale":"de_DE","og_type":"article","og_title":"Der Mensch ist vor allem eine bewusste Schwingung! - Biodynamizer","og_description":"Biodynamizer - Der Mensch ist vor allem eine bewusste Schwingung! - En savoir plus sur le biodynamizer et le biofiltre","og_url":"https:\/\/biodynamizer.com\/de\/wasser\/energie\/mensch-ist-alles-bewusst-schwingung\/","og_site_name":"Biodynamizer","article_modified_time":"2025-11-13T12:00:02+00:00","og_image":[{"width":2000,"height":1333,"url":"https:\/\/biodynamizer.com\/wp-content\/uploads\/2019\/11\/Depositphotos_15742931_xl-2015.jpg","type":"image\/jpeg"}],"twitter_card":"summary_large_image","twitter_misc":{"Gesch\u00e4tzte Lesezeit":"3\u00a0Minuten"},"schema":{"@context":"https:\/\/schema.org","@graph":[{"@type":"WebPage","@id":"https:\/\/biodynamizer.com\/de\/wasser\/energie\/mensch-ist-alles-bewusst-schwingung\/","url":"https:\/\/biodynamizer.com\/de\/wasser\/energie\/mensch-ist-alles-bewusst-schwingung\/","name":"Der Mensch ist vor allem eine bewusste Schwingung! - Biodynamizer","isPartOf":{"@id":"https:\/\/biodynamizer.com\/de\/#website"},"datePublished":"2020-01-24T12:45:17+00:00","dateModified":"2025-11-13T12:00:02+00:00","description":"Biodynamizer - Der Mensch ist vor allem eine bewusste Schwingung! - En savoir plus sur le biodynamizer et le biofiltre","breadcrumb":{"@id":"https:\/\/biodynamizer.com\/de\/wasser\/energie\/mensch-ist-alles-bewusst-schwingung\/#breadcrumb"},"inLanguage":"de","potentialAction":[{"@type":"ReadAction","target":["https:\/\/biodynamizer.com\/de\/wasser\/energie\/mensch-ist-alles-bewusst-schwingung\/"]}]},{"@type":"BreadcrumbList","@id":"https:\/\/biodynamizer.com\/de\/wasser\/energie\/mensch-ist-alles-bewusst-schwingung\/#breadcrumb","itemListElement":[{"@type":"ListItem","position":1,"name":"Home","item":"https:\/\/biodynamizer.com\/de\/"},{"@type":"ListItem","position":2,"name":"Wasser","item":"https:\/\/biodynamizer.com\/de\/leau\/"},{"@type":"ListItem","position":3,"name":"Energie","item":"https:\/\/biodynamizer.com\/de\/leau\/lenergie\/"},{"@type":"ListItem","position":4,"name":"Der Mensch ist vor allem eine bewusste Schwingung!"}]},{"@type":"WebSite","@id":"https:\/\/biodynamizer.com\/de\/#website","url":"https:\/\/biodynamizer.com\/de\/","name":"Biodynamizer","description":"Filtrez et dynamisez votre eau","potentialAction":[{"@type":"SearchAction","target":{"@type":"EntryPoint","urlTemplate":"https:\/\/biodynamizer.com\/de\/?s={search_term_string}"},"query-input":{"@type":"PropertyValueSpecification","valueRequired":true,"valueName":"search_term_string"}}],"inLanguage":"de"}]}},"_links":{"self":[{"href":"https:\/\/biodynamizer.com\/de\/wp-json\/wp\/v2\/pages\/5943","targetHints":{"allow":["GET"]}}],"collection":[{"href":"https:\/\/biodynamizer.com\/de\/wp-json\/wp\/v2\/pages"}],"about":[{"href":"https:\/\/biodynamizer.com\/de\/wp-json\/wp\/v2\/types\/page"}],"author":[{"embeddable":true,"href":"https:\/\/biodynamizer.com\/de\/wp-json\/wp\/v2\/users\/3"}],"replies":[{"embeddable":true,"href":"https:\/\/biodynamizer.com\/de\/wp-json\/wp\/v2\/comments?post=5943"}],"version-history":[{"count":9,"href":"https:\/\/biodynamizer.com\/de\/wp-json\/wp\/v2\/pages\/5943\/revisions"}],"predecessor-version":[{"id":29929,"href":"https:\/\/biodynamizer.com\/de\/wp-json\/wp\/v2\/pages\/5943\/revisions\/29929"}],"up":[{"embeddable":true,"href":"https:\/\/biodynamizer.com\/de\/wp-json\/wp\/v2\/pages\/5925"}],"wp:attachment":[{"href":"https:\/\/biodynamizer.com\/de\/wp-json\/wp\/v2\/media?parent=5943"}],"curies":[{"name":"wp","href":"https:\/\/api.w.org\/{rel}","templated":true}]}}