{"id":5955,"date":"2020-01-21T12:19:48","date_gmt":"2020-01-21T12:19:48","guid":{"rendered":"https:\/\/biodynamizer.spleen-creation.be\/partenaire-agree\/"},"modified":"2021-04-21T08:47:31","modified_gmt":"2021-04-21T08:47:31","slug":"partner-einverstanden","status":"publish","type":"page","link":"https:\/\/biodynamizer.com\/de\/partner-einverstanden\/","title":{"rendered":"Anerkannter Partner"},"content":{"rendered":"<section class=\"l-section wpb_row us_custom_916fdabd height_small\"><div class=\"l-section-h i-cf\"><div class=\"g-cols vc_row via_flex valign_top type_default stacking_default\"><div class=\"vc_col-sm-12 wpb_column vc_column_container\"><div class=\"vc_column-inner\"><div class=\"wpb_wrapper\"><nav class=\"g-breadcrumbs separator_custom align_none\" itemscope itemtype=\"http:\/\/schema.org\/BreadcrumbList\"><div class=\"g-breadcrumbs-item\" itemscope itemprop=\"itemListElement\" itemtype=\"http:\/\/schema.org\/ListItem\"><a itemprop=\"item\" href=\"https:\/\/biodynamizer.com\/de\/\"><span itemprop=\"name\">Start<\/span><\/a><meta itemprop=\"position\" content=\"1\"\/><\/div><div class=\"g-breadcrumbs-separator\">\/<\/div><div class=\"g-breadcrumbs-item\">Seiten<\/div><\/nav><\/div><\/div><\/div><\/div><\/div><\/section><section class=\"l-section wpb_row height_medium width_full\"><div class=\"l-section-h i-cf\"><div class=\"g-cols vc_row via_flex valign_middle type_default stacking_default\"><div class=\"vc_col-sm-6 wpb_column vc_column_container imagesideblock has_text_color has_bg_color\"><div class=\"vc_column-inner us_custom_6c89630c\"><div class=\"wpb_wrapper\"><\/div><\/div><\/div><div class=\"vc_col-sm-6 wpb_column vc_column_container tekstsideblock\"><div class=\"vc_column-inner\"><div class=\"wpb_wrapper\"><div class=\"w-separator size_large\"><\/div><div class=\"wpb_text_column\"><div class=\"wpb_wrapper\"><h1><b>Werden Sie Partner der Biodynamizer\u00ae-Gemeinschaft<\/b><\/h1>\n<\/div><\/div><div class=\"wpb_text_column\"><div class=\"wpb_wrapper\"><p>Teilen Sie unsere Werte und \u00dcberzeugungen voll und ganz und m\u00f6chten Sie sich f\u00fcr die Belebung\/Dynamisierung von Wasser, den Schutz unserer Umwelt und unserer Gesundheit einsetzen?<\/p>\n<p>Schlie\u00dfen Sie sich uns als Gesch\u00e4ftsmitarbeiter, Vertriebspartner, Installateur oder Referent an.<\/p>\n<p>Seien Sie Akteur des Wandels, der sich vollzieht!<\/p>\n<p>Kontaktieren Sie uns unverbindlich, indem Sie uns Ihre Anfrage und Ihren Lebenslauf (Curriculum Vitae) an <span style=\"text-decoration: underline;\"><a href=\"mailto:team@biodynamizer.com\">team@biodynamizer.com<\/a><\/span> senden.<\/p>\n<\/div><\/div><div class=\"w-separator size_large\"><\/div><div class=\"wpb_text_column\"><div class=\"wpb_wrapper\"><h2>Lesen Sie mehr:<\/h2>\n<\/div><\/div><div class=\"wpb_text_column\"><div class=\"wpb_wrapper\"><p><a href=\"https:\/\/biodynamizer.com\/de\/partner-einverstanden\/vorteile-fuer-partner\/\"><strong>Vorteile f\u00fcr Partner<\/strong><\/a><\/p>\n<p><a href=\"https:\/\/biodynamizer.com\/de\/partner-einverstanden\/beitreten-dem-biodynamizer-botschafter-programm\/\"><b>Nehmen Sie am Biodynamizer\u00ae-Botschafter-Programm teil<\/b><\/a><\/p>\n<\/div><\/div><\/div><\/div><\/div><\/div><\/div><\/section>\n","protected":false},"excerpt":{"rendered":"Start\/SeitenWerden Sie Partner der Biodynamizer\u00ae-Gemeinschaft Teilen Sie unsere Werte und \u00dcberzeugungen voll und ganz und m\u00f6chten Sie sich f\u00fcr die Belebung\/Dynamisierung von Wasser, den Schutz unserer Umwelt und unserer Gesundheit einsetzen? Schlie\u00dfen Sie sich uns als Gesch\u00e4ftsmitarbeiter, Vertriebspartner, Installateur oder Referent an. Seien Sie Akteur des Wandels, der sich vollzieht! Kontaktieren Sie uns unverbindlich, indem...","protected":false},"author":3,"featured_media":0,"parent":0,"menu_order":17,"comment_status":"closed","ping_status":"closed","template":"","meta":{"_monsterinsights_skip_tracking":false,"_monsterinsights_sitenote_active":false,"_monsterinsights_sitenote_note":"","_monsterinsights_sitenote_category":0,"footnotes":""},"class_list":["post-5955","page","type-page","status-publish","hentry"],"yoast_head":"<!-- This site is optimized with the Yoast SEO plugin v27.4 - https:\/\/yoast.com\/product\/yoast-seo-wordpress\/ -->\n<title>Anerkannter Partner - Biodynamizer<\/title>\n<meta name=\"description\" content=\"Biodynamizer - Anerkannter Partner - En savoir plus sur le biodynamizer et le biofiltre\" \/>\n<meta name=\"robots\" content=\"index, follow, max-snippet:-1, max-image-preview:large, max-video-preview:-1\" \/>\n<link rel=\"canonical\" href=\"https:\/\/biodynamizer.com\/de\/partner-einverstanden\/\" \/>\n<meta property=\"og:locale\" content=\"de_DE\" \/>\n<meta property=\"og:type\" content=\"article\" \/>\n<meta property=\"og:title\" content=\"Anerkannter Partner - Biodynamizer\" \/>\n<meta property=\"og:description\" content=\"Biodynamizer - Anerkannter Partner - En savoir plus sur le biodynamizer et le biofiltre\" \/>\n<meta property=\"og:url\" content=\"https:\/\/biodynamizer.com\/de\/partner-einverstanden\/\" \/>\n<meta property=\"og:site_name\" content=\"Biodynamizer\" \/>\n<meta property=\"article:modified_time\" content=\"2021-04-21T08:47:31+00:00\" \/>\n<meta property=\"og:image\" content=\"https:\/\/biodynamizer.com\/wp-content\/uploads\/2019\/11\/Depositphotos_15742931_xl-2015.jpg\" \/>\n\t<meta property=\"og:image:width\" content=\"2000\" \/>\n\t<meta property=\"og:image:height\" content=\"1333\" \/>\n\t<meta property=\"og:image:type\" content=\"image\/jpeg\" \/>\n<meta name=\"twitter:card\" content=\"summary_large_image\" \/>\n<meta name=\"twitter:label1\" content=\"Gesch\u00e4tzte Lesezeit\" \/>\n\t<meta name=\"twitter:data1\" content=\"1\u00a0Minute\" \/>\n<script type=\"application\/ld+json\" class=\"yoast-schema-graph\">{\"@context\":\"https:\\\/\\\/schema.org\",\"@graph\":[{\"@type\":\"WebPage\",\"@id\":\"https:\\\/\\\/biodynamizer.com\\\/de\\\/partner-einverstanden\\\/\",\"url\":\"https:\\\/\\\/biodynamizer.com\\\/de\\\/partner-einverstanden\\\/\",\"name\":\"Anerkannter Partner - Biodynamizer\",\"isPartOf\":{\"@id\":\"https:\\\/\\\/biodynamizer.com\\\/de\\\/#website\"},\"datePublished\":\"2020-01-21T12:19:48+00:00\",\"dateModified\":\"2021-04-21T08:47:31+00:00\",\"description\":\"Biodynamizer - Anerkannter Partner - En savoir plus sur le biodynamizer et le biofiltre\",\"breadcrumb\":{\"@id\":\"https:\\\/\\\/biodynamizer.com\\\/de\\\/partner-einverstanden\\\/#breadcrumb\"},\"inLanguage\":\"de\",\"potentialAction\":[{\"@type\":\"ReadAction\",\"target\":[\"https:\\\/\\\/biodynamizer.com\\\/de\\\/partner-einverstanden\\\/\"]}]},{\"@type\":\"BreadcrumbList\",\"@id\":\"https:\\\/\\\/biodynamizer.com\\\/de\\\/partner-einverstanden\\\/#breadcrumb\",\"itemListElement\":[{\"@type\":\"ListItem\",\"position\":1,\"name\":\"Home\",\"item\":\"https:\\\/\\\/biodynamizer.com\\\/de\\\/\"},{\"@type\":\"ListItem\",\"position\":2,\"name\":\"Anerkannter Partner\"}]},{\"@type\":\"WebSite\",\"@id\":\"https:\\\/\\\/biodynamizer.com\\\/de\\\/#website\",\"url\":\"https:\\\/\\\/biodynamizer.com\\\/de\\\/\",\"name\":\"Biodynamizer\",\"description\":\"Filtrez et dynamisez votre eau\",\"potentialAction\":[{\"@type\":\"SearchAction\",\"target\":{\"@type\":\"EntryPoint\",\"urlTemplate\":\"https:\\\/\\\/biodynamizer.com\\\/de\\\/?s={search_term_string}\"},\"query-input\":{\"@type\":\"PropertyValueSpecification\",\"valueRequired\":true,\"valueName\":\"search_term_string\"}}],\"inLanguage\":\"de\"}]}<\/script>\n<!-- \/ Yoast SEO plugin. -->","yoast_head_json":{"title":"Anerkannter Partner - Biodynamizer","description":"Biodynamizer - Anerkannter Partner - En savoir plus sur le biodynamizer et le biofiltre","robots":{"index":"index","follow":"follow","max-snippet":"max-snippet:-1","max-image-preview":"max-image-preview:large","max-video-preview":"max-video-preview:-1"},"canonical":"https:\/\/biodynamizer.com\/de\/partner-einverstanden\/","og_locale":"de_DE","og_type":"article","og_title":"Anerkannter Partner - Biodynamizer","og_description":"Biodynamizer - Anerkannter Partner - En savoir plus sur le biodynamizer et le biofiltre","og_url":"https:\/\/biodynamizer.com\/de\/partner-einverstanden\/","og_site_name":"Biodynamizer","article_modified_time":"2021-04-21T08:47:31+00:00","og_image":[{"width":2000,"height":1333,"url":"https:\/\/biodynamizer.com\/wp-content\/uploads\/2019\/11\/Depositphotos_15742931_xl-2015.jpg","type":"image\/jpeg"}],"twitter_card":"summary_large_image","twitter_misc":{"Gesch\u00e4tzte Lesezeit":"1\u00a0Minute"},"schema":{"@context":"https:\/\/schema.org","@graph":[{"@type":"WebPage","@id":"https:\/\/biodynamizer.com\/de\/partner-einverstanden\/","url":"https:\/\/biodynamizer.com\/de\/partner-einverstanden\/","name":"Anerkannter Partner - Biodynamizer","isPartOf":{"@id":"https:\/\/biodynamizer.com\/de\/#website"},"datePublished":"2020-01-21T12:19:48+00:00","dateModified":"2021-04-21T08:47:31+00:00","description":"Biodynamizer - Anerkannter Partner - En savoir plus sur le biodynamizer et le biofiltre","breadcrumb":{"@id":"https:\/\/biodynamizer.com\/de\/partner-einverstanden\/#breadcrumb"},"inLanguage":"de","potentialAction":[{"@type":"ReadAction","target":["https:\/\/biodynamizer.com\/de\/partner-einverstanden\/"]}]},{"@type":"BreadcrumbList","@id":"https:\/\/biodynamizer.com\/de\/partner-einverstanden\/#breadcrumb","itemListElement":[{"@type":"ListItem","position":1,"name":"Home","item":"https:\/\/biodynamizer.com\/de\/"},{"@type":"ListItem","position":2,"name":"Anerkannter Partner"}]},{"@type":"WebSite","@id":"https:\/\/biodynamizer.com\/de\/#website","url":"https:\/\/biodynamizer.com\/de\/","name":"Biodynamizer","description":"Filtrez et dynamisez votre eau","potentialAction":[{"@type":"SearchAction","target":{"@type":"EntryPoint","urlTemplate":"https:\/\/biodynamizer.com\/de\/?s={search_term_string}"},"query-input":{"@type":"PropertyValueSpecification","valueRequired":true,"valueName":"search_term_string"}}],"inLanguage":"de"}]}},"_links":{"self":[{"href":"https:\/\/biodynamizer.com\/de\/wp-json\/wp\/v2\/pages\/5955","targetHints":{"allow":["GET"]}}],"collection":[{"href":"https:\/\/biodynamizer.com\/de\/wp-json\/wp\/v2\/pages"}],"about":[{"href":"https:\/\/biodynamizer.com\/de\/wp-json\/wp\/v2\/types\/page"}],"author":[{"embeddable":true,"href":"https:\/\/biodynamizer.com\/de\/wp-json\/wp\/v2\/users\/3"}],"replies":[{"embeddable":true,"href":"https:\/\/biodynamizer.com\/de\/wp-json\/wp\/v2\/comments?post=5955"}],"version-history":[{"count":4,"href":"https:\/\/biodynamizer.com\/de\/wp-json\/wp\/v2\/pages\/5955\/revisions"}],"predecessor-version":[{"id":9956,"href":"https:\/\/biodynamizer.com\/de\/wp-json\/wp\/v2\/pages\/5955\/revisions\/9956"}],"wp:attachment":[{"href":"https:\/\/biodynamizer.com\/de\/wp-json\/wp\/v2\/media?parent=5955"}],"curies":[{"name":"wp","href":"https:\/\/api.w.org\/{rel}","templated":true}]}}