{"id":5961,"date":"2020-01-14T09:50:01","date_gmt":"2020-01-14T09:50:01","guid":{"rendered":"https:\/\/biodynamizer.spleen-creation.be\/nos-solutions\/"},"modified":"2026-04-20T15:25:52","modified_gmt":"2026-04-20T15:25:52","slug":"unsere-loesungen","status":"publish","type":"page","link":"https:\/\/biodynamizer.com\/de\/unsere-loesungen\/","title":{"rendered":"Unsere L\u00f6sungen"},"content":{"rendered":"<section class=\"l-section wpb_row us_custom_916fdabd height_small\"><div class=\"l-section-h i-cf\"><div class=\"g-cols vc_row via_flex valign_top type_default stacking_default\"><div class=\"vc_col-sm-12 wpb_column vc_column_container\"><div class=\"vc_column-inner\"><div class=\"wpb_wrapper\"><nav class=\"g-breadcrumbs separator_custom align_none\" itemscope itemtype=\"http:\/\/schema.org\/BreadcrumbList\"><div class=\"g-breadcrumbs-item\" itemscope itemprop=\"itemListElement\" itemtype=\"http:\/\/schema.org\/ListItem\"><a itemprop=\"item\" href=\"https:\/\/biodynamizer.com\/de\/\"><span itemprop=\"name\">Start<\/span><\/a><meta itemprop=\"position\" content=\"1\"\/><\/div><div class=\"g-breadcrumbs-separator\">\/<\/div><div class=\"g-breadcrumbs-item\">Seiten<\/div><\/nav><\/div><\/div><\/div><\/div><\/div><\/section><section class=\"l-section wpb_row fullheader height_huge with_img\"><div class=\"l-section-img\" role=\"img\" aria-label=\"Bild\" data-img-width=\"2000\" data-img-height=\"1333\" style=\"background-image: url(https:\/\/biodynamizer.com\/wp-content\/uploads\/2019\/11\/Depositphotos_25642859_xl-2015.jpg);background-repeat: no-repeat;\"><\/div><div class=\"l-section-h i-cf\"><div class=\"g-cols vc_row via_flex valign_top type_default stacking_default\"><div class=\"vc_col-sm-12 wpb_column vc_column_container has_text_color\"><div class=\"vc_column-inner us_custom_6df4bc3a\"><div class=\"wpb_wrapper\"><div class=\"wpb_text_column\"><div class=\"wpb_wrapper\"><h3>Unsere L\u00f6sungen<\/h3>\n<\/div><\/div><\/div><\/div><\/div><\/div><\/div><\/section><section class=\"l-section wpb_row height_medium\"><div class=\"l-section-h i-cf\"><div class=\"g-cols vc_row via_flex valign_top type_default stacking_default\"><div class=\"vc_col-sm-12 wpb_column vc_column_container\"><div class=\"vc_column-inner\"><div class=\"wpb_wrapper\"><div class=\"wpb_text_column\"><div class=\"wpb_wrapper\"><h1><span class=\"LineBreakBlob BlobObject BCX0 SCXP230710090\">Unsere L\u00f6sungen: Gefiltertes (Filtration) und Biodynamisiertes (Restrukturierung &#8211; energetisierendes) <\/span><span class=\"LineBreakBlob BlobObject BCX0 SCXP230710090\">Wasser <\/span><\/h1>\n<\/div><\/div><div class=\"wpb_text_column\"><div class=\"wpb_wrapper\"><p>Um von lebendem Wasser, wie es in der Natur vorkommt, zu profitieren, sollte es <strong>gefiltert <\/strong>(<a href=\"https:\/\/biodynamizer.com\/de\/unsere-loesungen\/der-biofilter\/\"><strong>Biofilter<\/strong><\/a>), dann <strong>umstrukturiert<\/strong> (<a href=\"https:\/\/biodynamizer.com\/de\/unsere-loesungen\/der-biodynamizer\/die-restrukturierung\/\"><strong>Biodynamizer<\/strong><\/a>) und <strong>energetisiert<\/strong> (<a href=\"https:\/\/biodynamizer.com\/de\/unsere-loesungen\/der-biodynamizer\/energetisierung\/\">Biodynamizer<\/a>) werden. Diese 3 Stufen, die den Prozess der Energieversorgung (oder Revitalisierung) von Wasser darstellen, erm\u00f6glichen die Regeneration auf das \u00c4quivalent von Bergwasser.<\/p>\n<\/div><\/div><div class=\"w-image align_none\"><div class=\"w-image-h\"><img decoding=\"async\" width=\"1024\" height=\"336\" src=\"https:\/\/biodynamizer.com\/wp-content\/uploads\/2026\/04\/Biodynamizer-tableau_DE-1024x336.jpg\" class=\"attachment-large size-large\" alt=\"\" loading=\"lazy\" srcset=\"https:\/\/biodynamizer.com\/wp-content\/uploads\/2026\/04\/Biodynamizer-tableau_DE-1024x336.jpg 1024w, https:\/\/biodynamizer.com\/wp-content\/uploads\/2026\/04\/Biodynamizer-tableau_DE-300x98.jpg 300w, https:\/\/biodynamizer.com\/wp-content\/uploads\/2026\/04\/Biodynamizer-tableau_DE-600x197.jpg 600w, https:\/\/biodynamizer.com\/wp-content\/uploads\/2026\/04\/Biodynamizer-tableau_DE.jpg 1748w\" sizes=\"auto, (max-width: 1024px) 100vw, 1024px\" \/><\/div><\/div><\/div><\/div><\/div><\/div><\/div><\/section><section class=\"l-section wpb_row us_custom_7704f25f height_medium\"><div class=\"l-section-h i-cf\"><div class=\"g-cols vc_row via_flex valign_top type_default stacking_default\"><div class=\"vc_col-sm-12 wpb_column vc_column_container\"><div class=\"vc_column-inner\"><div class=\"wpb_wrapper\"><div class=\"wpb_text_column\"><div class=\"wpb_wrapper\"><p>Ihre Wasser dynamisiert heisst :<\/p>\n<\/div><\/div><div class=\"w-separator size_small\"><\/div><\/div><\/div><\/div><div class=\"vc_col-sm-4 wpb_column vc_column_container\"><div class=\"vc_column-inner\"><div class=\"wpb_wrapper\"><div class=\"w-image align_center\"><a ref=\"magnificPopup\" href=\"https:\/\/biodynamizer.com\/wp-content\/uploads\/2020\/03\/New-Project-4-4.jpg\" aria-label=\"New Project (4)\" class=\"w-image-h\"><img decoding=\"async\" width=\"348\" height=\"195\" src=\"https:\/\/biodynamizer.com\/wp-content\/uploads\/2020\/03\/New-Project-4-4.jpg\" class=\"attachment-large size-large\" alt=\"\" loading=\"lazy\" srcset=\"https:\/\/biodynamizer.com\/wp-content\/uploads\/2020\/03\/New-Project-4-4.jpg 348w, https:\/\/biodynamizer.com\/wp-content\/uploads\/2020\/03\/New-Project-4-4-300x168.jpg 300w\" sizes=\"auto, (max-width: 348px) 100vw, 348px\" \/><\/a><\/div><div class=\"w-separator size_small\"><\/div><div class=\"wpb_text_column blauwtekst\"><div class=\"wpb_wrapper\"><h4 style=\"text-align: center;\"><strong>1\/ <a href=\"https:\/\/biodynamizer.com\/de\/unsere-loesungen\/der-biofilter\/\">Filter<\/a><\/strong><\/h4>\n<\/div><\/div><div class=\"wpb_text_column\"><div class=\"wpb_wrapper\"><p style=\"text-align: center;\">Filter des Wassers von Schadstoffen, die es enthalten kann.<\/p>\n<\/div><\/div><\/div><\/div><\/div><div class=\"vc_col-sm-4 wpb_column vc_column_container\"><div class=\"vc_column-inner\"><div class=\"wpb_wrapper\"><div class=\"w-image align_center\"><a ref=\"magnificPopup\" href=\"https:\/\/biodynamizer.com\/wp-content\/uploads\/2020\/01\/Depositphotos_150563222_xl-2015.jpg\" aria-label=\"3d illustration of molecule model. Science background with molecules chemical formulas\" class=\"w-image-h\"><img decoding=\"async\" width=\"1024\" height=\"575\" src=\"https:\/\/biodynamizer.com\/wp-content\/uploads\/2020\/01\/Depositphotos_150563222_xl-2015-1024x575.jpg\" class=\"attachment-large size-large\" alt=\"\" loading=\"lazy\" srcset=\"https:\/\/biodynamizer.com\/wp-content\/uploads\/2020\/01\/Depositphotos_150563222_xl-2015-1024x575.jpg 1024w, https:\/\/biodynamizer.com\/wp-content\/uploads\/2020\/01\/Depositphotos_150563222_xl-2015-300x169.jpg 300w, https:\/\/biodynamizer.com\/wp-content\/uploads\/2020\/01\/Depositphotos_150563222_xl-2015-1536x863.jpg 1536w, https:\/\/biodynamizer.com\/wp-content\/uploads\/2020\/01\/Depositphotos_150563222_xl-2015.jpg 2000w\" sizes=\"auto, (max-width: 1024px) 100vw, 1024px\" \/><\/a><\/div><div class=\"w-separator size_small\"><\/div><div class=\"wpb_text_column blauwtekst\"><div class=\"wpb_wrapper\"><h4 style=\"text-align: center;\"><strong>2\/ <a href=\"https:\/\/biodynamizer.com\/de\/unsere-loesungen\/der-biodynamizer\/die-restrukturierung\/\">Strukturieren\u00a0<\/a><\/strong><\/h4>\n<\/div><\/div><div class=\"wpb_text_column\"><div class=\"wpb_wrapper\"><p style=\"text-align: center;\">Strukturieren des Wassers (wodurch es Energie besser einfangen kann).<\/p>\n<\/div><\/div><\/div><\/div><\/div><div class=\"vc_col-sm-4 wpb_column vc_column_container\"><div class=\"vc_column-inner\"><div class=\"wpb_wrapper\"><div class=\"w-image align_center\"><a ref=\"magnificPopup\" href=\"https:\/\/biodynamizer.com\/wp-content\/uploads\/2020\/01\/Depositphotos_148206681_xl-2015.jpg\" aria-label=\"3d illustration of glass molecules. Atoms connection concept. Abstract science background\" class=\"w-image-h\"><img decoding=\"async\" width=\"1024\" height=\"575\" src=\"https:\/\/biodynamizer.com\/wp-content\/uploads\/2020\/01\/Depositphotos_148206681_xl-2015-1024x575.jpg\" class=\"attachment-large size-large\" alt=\"\" loading=\"lazy\" srcset=\"https:\/\/biodynamizer.com\/wp-content\/uploads\/2020\/01\/Depositphotos_148206681_xl-2015-1024x575.jpg 1024w, https:\/\/biodynamizer.com\/wp-content\/uploads\/2020\/01\/Depositphotos_148206681_xl-2015-300x169.jpg 300w, https:\/\/biodynamizer.com\/wp-content\/uploads\/2020\/01\/Depositphotos_148206681_xl-2015-1536x863.jpg 1536w, https:\/\/biodynamizer.com\/wp-content\/uploads\/2020\/01\/Depositphotos_148206681_xl-2015.jpg 2000w\" sizes=\"auto, (max-width: 1024px) 100vw, 1024px\" \/><\/a><\/div><div class=\"w-separator size_small\"><\/div><div class=\"wpb_text_column blauwtekst\"><div class=\"wpb_wrapper\"><h4 style=\"text-align: center;\"><strong>3\/ <a href=\"https:\/\/biodynamizer.com\/de\/unsere-loesungen\/der-biodynamizer\/energetisierung\/\">Verst\u00e4rken der Energie\u00a0<\/a><\/strong><\/h4>\n<\/div><\/div><div class=\"wpb_text_column\"><div class=\"wpb_wrapper\"><p style=\"text-align: center;\">Verst\u00e4rken der Energie im Wasser, so dass es wieder zu lebendigem Wasser wird, das dem Bergwasser entspricht.<\/p>\n<\/div><\/div><\/div><\/div><\/div><\/div><\/div><\/section><section class=\"l-section wpb_row height_medium\"><div class=\"l-section-h i-cf\"><div class=\"g-cols vc_row via_flex valign_top type_default stacking_default\"><div class=\"vc_col-sm-12 wpb_column vc_column_container\"><div class=\"vc_column-inner\"><div class=\"wpb_wrapper\"><div class=\"wpb_text_column\"><div class=\"wpb_wrapper\"><h2 style=\"text-align: center;\">Unsere L\u00f6sungen: Filtration &amp; Dynamisierung von Stadtwasser<\/h2>\n<\/div><\/div><\/div><\/div><\/div><\/div><\/div><\/section><section class=\"l-section wpb_row max500 height_medium\"><div class=\"l-section-h i-cf\"><div class=\"g-cols vc_row via_flex valign_middle type_default stacking_default\"><div class=\"vc_col-sm-4 wpb_column vc_column_container prebutton\"><div class=\"vc_column-inner\"><div class=\"wpb_wrapper\"><div class=\"w-image max300 align_center\"><div class=\"w-image-h\"><img decoding=\"async\" width=\"688\" height=\"1024\" src=\"https:\/\/biodynamizer.com\/wp-content\/uploads\/2024\/01\/Biofiltre-bleu-cartouche-Bio-Pro-transparent-1-688x1024.png\" class=\"attachment-large size-large\" alt=\"Placement filtre Biodynamizer et un biofiltre PVC bleu\" loading=\"lazy\" srcset=\"https:\/\/biodynamizer.com\/wp-content\/uploads\/2024\/01\/Biofiltre-bleu-cartouche-Bio-Pro-transparent-1-688x1024.png 688w, https:\/\/biodynamizer.com\/wp-content\/uploads\/2024\/01\/Biofiltre-bleu-cartouche-Bio-Pro-transparent-1-202x300.png 202w, https:\/\/biodynamizer.com\/wp-content\/uploads\/2024\/01\/Biofiltre-bleu-cartouche-Bio-Pro-transparent-1-269x400.png 269w, https:\/\/biodynamizer.com\/wp-content\/uploads\/2024\/01\/Biofiltre-bleu-cartouche-Bio-Pro-transparent-1.png 1195w\" sizes=\"auto, (max-width: 688px) 100vw, 688px\" \/><\/div><\/div><div class=\"w-separator size_medium\"><\/div><\/div><\/div><\/div><div class=\"vc_col-sm-4 wpb_column vc_column_container\"><div class=\"vc_column-inner\"><div class=\"wpb_wrapper\"><div class=\"w-iconbox iconpos_top style_default color_custom align_center no_text no_title\"><div class=\"w-iconbox-icon\" style=\"font-size:50px;--icon-color:#005a89;\"><i class=\"fas fa-plus\"><\/i><\/div><div class=\"w-iconbox-meta\"><\/div><\/div><\/div><\/div><\/div><div class=\"vc_col-sm-4 wpb_column vc_column_container prebutton\"><div class=\"vc_column-inner\"><div class=\"wpb_wrapper\"><div class=\"w-image align_center\"><div class=\"w-image-h\"><img decoding=\"async\" width=\"520\" height=\"1024\" src=\"https:\/\/biodynamizer.com\/wp-content\/uploads\/2025\/08\/Sleeve-Biodynamizer-3.0-520x1024.png\" class=\"attachment-large size-large\" alt=\"\" loading=\"lazy\" srcset=\"https:\/\/biodynamizer.com\/wp-content\/uploads\/2025\/08\/Sleeve-Biodynamizer-3.0-520x1024.png 520w, https:\/\/biodynamizer.com\/wp-content\/uploads\/2025\/08\/Sleeve-Biodynamizer-3.0-152x300.png 152w, https:\/\/biodynamizer.com\/wp-content\/uploads\/2025\/08\/Sleeve-Biodynamizer-3.0-203x400.png 203w, https:\/\/biodynamizer.com\/wp-content\/uploads\/2025\/08\/Sleeve-Biodynamizer-3.0.png 556w\" sizes=\"auto, (max-width: 520px) 100vw, 520px\" \/><\/div><\/div><div class=\"w-separator size_medium\"><\/div><\/div><\/div><\/div><div class=\"vc_col-sm-4 wpb_column vc_column_container\"><div class=\"vc_column-inner\"><div class=\"wpb_wrapper\"><div class=\"w-btn-wrapper align_center\"><a class=\"w-btn us-btn-style_4 buttonicoon\" title=\"Le Biofiltre\" href=\"https:\/\/biodynamizer.com\/de\/unsere-loesungen\/der-biofilter\/\"><span class=\"w-btn-label\">Weitere Infos zum Biofilter<\/span><\/a><\/div><\/div><\/div><\/div><div class=\"vc_col-sm-4 wpb_column vc_column_container\"><div class=\"vc_column-inner\"><div class=\"wpb_wrapper\"><\/div><\/div><\/div><div class=\"vc_col-sm-4 wpb_column vc_column_container\"><div class=\"vc_column-inner\"><div class=\"wpb_wrapper\"><div class=\"w-btn-wrapper align_center\"><a class=\"w-btn us-btn-style_4 buttonicoon\" title=\"Le Biodynamizer\" href=\"https:\/\/biodynamizer.com\/de\/unsere-loesungen\/der-biodynamizer\/\"><span class=\"w-btn-label\">Weitere Infos zum Biodynamizer\u00ae<\/span><\/a><\/div><\/div><\/div><\/div><\/div><\/div><\/section><section class=\"l-section wpb_row height_auto\"><div class=\"l-section-h i-cf\"><div class=\"g-cols vc_row via_flex valign_top type_default stacking_default\"><div class=\"vc_col-sm-12 wpb_column vc_column_container\"><div class=\"vc_column-inner\"><div class=\"wpb_wrapper\"><div class=\"w-image align_center\"><div class=\"w-image-h\"><img decoding=\"async\" width=\"753\" height=\"548\" src=\"https:\/\/biodynamizer.com\/wp-content\/uploads\/2025\/05\/TOP-Losungen-DE.png\" class=\"attachment-large size-large\" alt=\"\" loading=\"lazy\" srcset=\"https:\/\/biodynamizer.com\/wp-content\/uploads\/2025\/05\/TOP-Losungen-DE.png 753w, https:\/\/biodynamizer.com\/wp-content\/uploads\/2025\/05\/TOP-Losungen-DE-300x218.png 300w, https:\/\/biodynamizer.com\/wp-content\/uploads\/2025\/05\/TOP-Losungen-DE-550x400.png 550w, https:\/\/biodynamizer.com\/wp-content\/uploads\/2025\/05\/TOP-Losungen-DE-640x466.png 640w\" sizes=\"auto, (max-width: 753px) 100vw, 753px\" \/><\/div><\/div><\/div><\/div><\/div><\/div><\/div><\/section>\n","protected":false},"excerpt":{"rendered":"Start\/SeitenUnsere L\u00f6sungen Unsere L\u00f6sungen: Gefiltertes (Filtration) und Biodynamisiertes (Restrukturierung &#8211; energetisierendes) Wasser Um von lebendem Wasser, wie es in der Natur vorkommt, zu profitieren, sollte es gefiltert (Biofilter), dann umstrukturiert (Biodynamizer) und energetisiert (Biodynamizer) werden. Diese 3 Stufen, die den Prozess der Energieversorgung (oder Revitalisierung) von Wasser darstellen, erm\u00f6glichen die Regeneration auf das \u00c4quivalent von...","protected":false},"author":3,"featured_media":0,"parent":0,"menu_order":21,"comment_status":"closed","ping_status":"closed","template":"","meta":{"_monsterinsights_skip_tracking":false,"_monsterinsights_sitenote_active":false,"_monsterinsights_sitenote_note":"","_monsterinsights_sitenote_category":0,"footnotes":""},"class_list":["post-5961","page","type-page","status-publish","hentry"],"yoast_head":"<!-- This site is optimized with the Yoast SEO plugin v27.4 - https:\/\/yoast.com\/product\/yoast-seo-wordpress\/ -->\n<title>Unsere L\u00f6sungen - Biodynamizer<\/title>\n<meta name=\"description\" content=\"une eau purifi\u00e9e (filtr\u00e9e) et dynamis\u00e9e (restructur\u00e9e \u2013 \u00e9nerg\u00e9tis\u00e9e) afin de convertir votre eau du robinet en eau \u00e9quivalente \u00e0 une eau de source ou de montagne !\" \/>\n<meta name=\"robots\" content=\"index, follow, max-snippet:-1, max-image-preview:large, max-video-preview:-1\" \/>\n<link rel=\"canonical\" href=\"https:\/\/biodynamizer.com\/de\/unsere-loesungen\/\" \/>\n<meta property=\"og:locale\" content=\"de_DE\" \/>\n<meta property=\"og:type\" content=\"article\" \/>\n<meta property=\"og:title\" content=\"Unsere L\u00f6sungen - Biodynamizer\" \/>\n<meta property=\"og:description\" content=\"une eau purifi\u00e9e (filtr\u00e9e) et dynamis\u00e9e (restructur\u00e9e \u2013 \u00e9nerg\u00e9tis\u00e9e) afin de convertir votre eau du robinet en eau \u00e9quivalente \u00e0 une eau de source ou de montagne !\" \/>\n<meta property=\"og:url\" content=\"https:\/\/biodynamizer.com\/de\/unsere-loesungen\/\" \/>\n<meta property=\"og:site_name\" content=\"Biodynamizer\" \/>\n<meta property=\"article:modified_time\" content=\"2026-04-20T15:25:52+00:00\" \/>\n<meta property=\"og:image\" content=\"https:\/\/biodynamizer.com\/wp-content\/uploads\/2019\/11\/Depositphotos_15742931_xl-2015.jpg\" \/>\n\t<meta property=\"og:image:width\" content=\"2000\" \/>\n\t<meta property=\"og:image:height\" content=\"1333\" \/>\n\t<meta property=\"og:image:type\" content=\"image\/jpeg\" \/>\n<meta name=\"twitter:card\" content=\"summary_large_image\" \/>\n<meta name=\"twitter:label1\" content=\"Gesch\u00e4tzte Lesezeit\" \/>\n\t<meta name=\"twitter:data1\" content=\"1\u00a0Minute\" \/>\n<script type=\"application\/ld+json\" class=\"yoast-schema-graph\">{\"@context\":\"https:\\\/\\\/schema.org\",\"@graph\":[{\"@type\":\"WebPage\",\"@id\":\"https:\\\/\\\/biodynamizer.com\\\/de\\\/unsere-loesungen\\\/\",\"url\":\"https:\\\/\\\/biodynamizer.com\\\/de\\\/unsere-loesungen\\\/\",\"name\":\"Unsere L\u00f6sungen - Biodynamizer\",\"isPartOf\":{\"@id\":\"https:\\\/\\\/biodynamizer.com\\\/de\\\/#website\"},\"datePublished\":\"2020-01-14T09:50:01+00:00\",\"dateModified\":\"2026-04-20T15:25:52+00:00\",\"description\":\"une eau purifi\u00e9e (filtr\u00e9e) et dynamis\u00e9e (restructur\u00e9e \u2013 \u00e9nerg\u00e9tis\u00e9e) afin de convertir votre eau du robinet en eau \u00e9quivalente \u00e0 une eau de source ou de montagne !\",\"breadcrumb\":{\"@id\":\"https:\\\/\\\/biodynamizer.com\\\/de\\\/unsere-loesungen\\\/#breadcrumb\"},\"inLanguage\":\"de\",\"potentialAction\":[{\"@type\":\"ReadAction\",\"target\":[\"https:\\\/\\\/biodynamizer.com\\\/de\\\/unsere-loesungen\\\/\"]}]},{\"@type\":\"BreadcrumbList\",\"@id\":\"https:\\\/\\\/biodynamizer.com\\\/de\\\/unsere-loesungen\\\/#breadcrumb\",\"itemListElement\":[{\"@type\":\"ListItem\",\"position\":1,\"name\":\"Home\",\"item\":\"https:\\\/\\\/biodynamizer.com\\\/de\\\/\"},{\"@type\":\"ListItem\",\"position\":2,\"name\":\"Unsere L\u00f6sungen\"}]},{\"@type\":\"WebSite\",\"@id\":\"https:\\\/\\\/biodynamizer.com\\\/de\\\/#website\",\"url\":\"https:\\\/\\\/biodynamizer.com\\\/de\\\/\",\"name\":\"Biodynamizer\",\"description\":\"Filtrez et dynamisez votre eau\",\"potentialAction\":[{\"@type\":\"SearchAction\",\"target\":{\"@type\":\"EntryPoint\",\"urlTemplate\":\"https:\\\/\\\/biodynamizer.com\\\/de\\\/?s={search_term_string}\"},\"query-input\":{\"@type\":\"PropertyValueSpecification\",\"valueRequired\":true,\"valueName\":\"search_term_string\"}}],\"inLanguage\":\"de\"}]}<\/script>\n<!-- \/ Yoast SEO plugin. -->","yoast_head_json":{"title":"Unsere L\u00f6sungen - Biodynamizer","description":"une eau purifi\u00e9e (filtr\u00e9e) et dynamis\u00e9e (restructur\u00e9e \u2013 \u00e9nerg\u00e9tis\u00e9e) afin de convertir votre eau du robinet en eau \u00e9quivalente \u00e0 une eau de source ou de montagne !","robots":{"index":"index","follow":"follow","max-snippet":"max-snippet:-1","max-image-preview":"max-image-preview:large","max-video-preview":"max-video-preview:-1"},"canonical":"https:\/\/biodynamizer.com\/de\/unsere-loesungen\/","og_locale":"de_DE","og_type":"article","og_title":"Unsere L\u00f6sungen - Biodynamizer","og_description":"une eau purifi\u00e9e (filtr\u00e9e) et dynamis\u00e9e (restructur\u00e9e \u2013 \u00e9nerg\u00e9tis\u00e9e) afin de convertir votre eau du robinet en eau \u00e9quivalente \u00e0 une eau de source ou de montagne !","og_url":"https:\/\/biodynamizer.com\/de\/unsere-loesungen\/","og_site_name":"Biodynamizer","article_modified_time":"2026-04-20T15:25:52+00:00","og_image":[{"width":2000,"height":1333,"url":"https:\/\/biodynamizer.com\/wp-content\/uploads\/2019\/11\/Depositphotos_15742931_xl-2015.jpg","type":"image\/jpeg"}],"twitter_card":"summary_large_image","twitter_misc":{"Gesch\u00e4tzte Lesezeit":"1\u00a0Minute"},"schema":{"@context":"https:\/\/schema.org","@graph":[{"@type":"WebPage","@id":"https:\/\/biodynamizer.com\/de\/unsere-loesungen\/","url":"https:\/\/biodynamizer.com\/de\/unsere-loesungen\/","name":"Unsere L\u00f6sungen - Biodynamizer","isPartOf":{"@id":"https:\/\/biodynamizer.com\/de\/#website"},"datePublished":"2020-01-14T09:50:01+00:00","dateModified":"2026-04-20T15:25:52+00:00","description":"une eau purifi\u00e9e (filtr\u00e9e) et dynamis\u00e9e (restructur\u00e9e \u2013 \u00e9nerg\u00e9tis\u00e9e) afin de convertir votre eau du robinet en eau \u00e9quivalente \u00e0 une eau de source ou de montagne !","breadcrumb":{"@id":"https:\/\/biodynamizer.com\/de\/unsere-loesungen\/#breadcrumb"},"inLanguage":"de","potentialAction":[{"@type":"ReadAction","target":["https:\/\/biodynamizer.com\/de\/unsere-loesungen\/"]}]},{"@type":"BreadcrumbList","@id":"https:\/\/biodynamizer.com\/de\/unsere-loesungen\/#breadcrumb","itemListElement":[{"@type":"ListItem","position":1,"name":"Home","item":"https:\/\/biodynamizer.com\/de\/"},{"@type":"ListItem","position":2,"name":"Unsere L\u00f6sungen"}]},{"@type":"WebSite","@id":"https:\/\/biodynamizer.com\/de\/#website","url":"https:\/\/biodynamizer.com\/de\/","name":"Biodynamizer","description":"Filtrez et dynamisez votre eau","potentialAction":[{"@type":"SearchAction","target":{"@type":"EntryPoint","urlTemplate":"https:\/\/biodynamizer.com\/de\/?s={search_term_string}"},"query-input":{"@type":"PropertyValueSpecification","valueRequired":true,"valueName":"search_term_string"}}],"inLanguage":"de"}]}},"_links":{"self":[{"href":"https:\/\/biodynamizer.com\/de\/wp-json\/wp\/v2\/pages\/5961","targetHints":{"allow":["GET"]}}],"collection":[{"href":"https:\/\/biodynamizer.com\/de\/wp-json\/wp\/v2\/pages"}],"about":[{"href":"https:\/\/biodynamizer.com\/de\/wp-json\/wp\/v2\/types\/page"}],"author":[{"embeddable":true,"href":"https:\/\/biodynamizer.com\/de\/wp-json\/wp\/v2\/users\/3"}],"replies":[{"embeddable":true,"href":"https:\/\/biodynamizer.com\/de\/wp-json\/wp\/v2\/comments?post=5961"}],"version-history":[{"count":30,"href":"https:\/\/biodynamizer.com\/de\/wp-json\/wp\/v2\/pages\/5961\/revisions"}],"predecessor-version":[{"id":32908,"href":"https:\/\/biodynamizer.com\/de\/wp-json\/wp\/v2\/pages\/5961\/revisions\/32908"}],"wp:attachment":[{"href":"https:\/\/biodynamizer.com\/de\/wp-json\/wp\/v2\/media?parent=5961"}],"curies":[{"name":"wp","href":"https:\/\/api.w.org\/{rel}","templated":true}]}}