{"id":6003,"date":"2020-10-02T14:51:58","date_gmt":"2020-10-02T14:51:58","guid":{"rendered":"https:\/\/biodynamizer.spleen-creation.be\/nos-solutions\/le-biodynamizer\/eau-purifiee\/"},"modified":"2025-07-11T08:47:05","modified_gmt":"2025-07-11T08:47:05","slug":"wasser-reinigung","status":"publish","type":"page","link":"https:\/\/biodynamizer.com\/de\/unsere-loesungen\/der-biodynamizer\/wasser-reinigung\/","title":{"rendered":"Gereinigtes Wasser"},"content":{"rendered":"<section class=\"l-section wpb_row us_custom_916fdabd height_small\"><div class=\"l-section-h i-cf\"><div class=\"g-cols vc_row via_flex valign_top type_default stacking_default\"><div class=\"vc_col-sm-12 wpb_column vc_column_container\"><div class=\"vc_column-inner\"><div class=\"wpb_wrapper\"><nav class=\"g-breadcrumbs separator_custom align_none\" itemscope itemtype=\"http:\/\/schema.org\/BreadcrumbList\"><div class=\"g-breadcrumbs-item\" itemscope itemprop=\"itemListElement\" itemtype=\"http:\/\/schema.org\/ListItem\"><a itemprop=\"item\" href=\"https:\/\/biodynamizer.com\/de\/\"><span itemprop=\"name\">Start<\/span><\/a><meta itemprop=\"position\" content=\"1\"\/><\/div><div class=\"g-breadcrumbs-separator\">\/<\/div><div class=\"g-breadcrumbs-item\">Seiten<\/div><\/nav><\/div><\/div><\/div><\/div><\/div><\/section><section class=\"l-section wpb_row us_custom_79a6436d height_auto width_full\"><div class=\"l-section-h i-cf\"><div class=\"g-cols vc_row via_flex valign_top type_default stacking_default\"><div class=\"vc_col-sm-6 wpb_column vc_column_container max500 has_text_color\"><div class=\"vc_column-inner us_custom_4dcae655\"><div class=\"wpb_wrapper\"><div class=\"w-image align_right\"><div class=\"w-image-h\"><img decoding=\"async\" width=\"1024\" height=\"683\" src=\"https:\/\/biodynamizer.com\/wp-content\/uploads\/2024\/07\/Depositphotos_436130524_XL-1024x683.jpg\" class=\"attachment-large size-large\" alt=\"Femme versant de l\u2019eau dans un verre dans une cuisine, gros plan sur les mains et le verre.\" loading=\"lazy\" srcset=\"https:\/\/biodynamizer.com\/wp-content\/uploads\/2024\/07\/Depositphotos_436130524_XL-1024x683.jpg 1024w, https:\/\/biodynamizer.com\/wp-content\/uploads\/2024\/07\/Depositphotos_436130524_XL-300x200.jpg 300w, https:\/\/biodynamizer.com\/wp-content\/uploads\/2024\/07\/Depositphotos_436130524_XL-600x400.jpg 600w\" sizes=\"auto, (max-width: 1024px) 100vw, 1024px\" \/><\/div><\/div><\/div><\/div><\/div><div class=\"vc_col-sm-6 wpb_column vc_column_container\"><div class=\"vc_column-inner\"><div class=\"wpb_wrapper\"><div class=\"wpb_text_column\"><div class=\"wpb_wrapper\"><p><strong>Warum Leitungswasser filtern?<\/strong><\/p>\n<p>Vor der Biodynamisierung von Leitungswasser ist es wichtig, die restlichen Schadstoffe vorher zu entfernen, da sie sonst aktiviert werden. Dazu bieten wir eine Hochleistungsfiltration mit einer neuen Technologie an, bei der Aktivkohle in einer Hohlfaser komprimiert und mit ionisiertem Silber versetzt wird.Der <span style=\"text-decoration: underline;\"><strong><a href=\"https:\/\/biodynamizer.com\/de\/unsere-loesungen\/der-biofilter\/\">Biofilter <\/a><\/strong><\/span>ist der wahrscheinlich effizienteste und effektivste Aktivkohlefilter mit hoher Kapazit\u00e4t* auf dem Markt.<\/p>\n<p>*Filtrationspatrone g\u00fcltig +\/- 1 Jahr f\u00fcr eine Familie mit 4 Personen.<\/p>\n<p>Der Biofilter entfernt einen gro\u00dfen Teil der Schadstoffe, die im Stadtwasser noch vorhanden w\u00e4ren (d.h. Chlor, schlechter Geschmack und Geruch, Rohrkorrosion, Bakterien, Chemikalien, Nitrate &amp; Nitrite, Sulfate, Schwermetalle&#8230;), w\u00e4hrend die Spurenelemente und Mineralien, die gut f\u00fcr unsere Gesundheit sind, erhalten bleiben.<\/p>\n<p>Der <a href=\"https:\/\/biodynamizer.com\/de\/unsere-loesungen\/der-biodynamizer\/der-kalkstein\/\"><strong><span style=\"text-decoration: underline;\">Kalkstein<\/span><\/strong><\/a> wird also nicht vom Biofilter zur\u00fcckgehalten, wie es ein Enth\u00e4rter tun w\u00fcrde (der &#8222;funktionales&#8220; Wasser produziert und nur Ihre Haushaltsger\u00e4te sch\u00fctzt), sondern wird vom Biodynamizer umstrukturiert (von Calcit zu Aragonit).<\/p>\n<p>Die <span style=\"text-decoration: underline;\"><a href=\"https:\/\/biodynamizer.com\/de\/unsere-loesungen\/der-biodynamizer\/mineralienentfernung\/\"><strong>Mineralien<\/strong><\/a><\/span> werden durch den Biodynamizer konserviert und umstrukturiert (in kolloidaler Form), um ihre Aufnahme und Ausscheidung zu erleichtern.<\/p>\n<\/div><\/div><\/div><\/div><\/div><\/div><\/div><\/section>\n","protected":false},"excerpt":{"rendered":"Start\/SeitenWarum Leitungswasser filtern? Vor der Biodynamisierung von Leitungswasser ist es wichtig, die restlichen Schadstoffe vorher zu entfernen, da sie sonst aktiviert werden. Dazu bieten wir eine Hochleistungsfiltration mit einer neuen Technologie an, bei der Aktivkohle in einer Hohlfaser komprimiert und mit ionisiertem Silber versetzt wird.Der Biofilter ist der wahrscheinlich effizienteste und effektivste Aktivkohlefilter mit hoher...","protected":false},"author":3,"featured_media":0,"parent":5977,"menu_order":1,"comment_status":"closed","ping_status":"closed","template":"","meta":{"_monsterinsights_skip_tracking":false,"_monsterinsights_sitenote_active":false,"_monsterinsights_sitenote_note":"","_monsterinsights_sitenote_category":0,"footnotes":""},"class_list":["post-6003","page","type-page","status-publish","hentry"],"yoast_head":"<!-- This site is optimized with the Yoast SEO plugin v27.4 - https:\/\/yoast.com\/product\/yoast-seo-wordpress\/ -->\n<title>Gereinigtes Wasser - Biodynamizer<\/title>\n<meta name=\"description\" content=\"Biodynamizer - Gereinigtes Wasser - En savoir plus sur le biodynamizer et le biofiltre\" \/>\n<meta name=\"robots\" content=\"index, follow, max-snippet:-1, max-image-preview:large, max-video-preview:-1\" \/>\n<link rel=\"canonical\" href=\"https:\/\/biodynamizer.com\/de\/unsere-loesungen\/der-biodynamizer\/wasser-reinigung\/\" \/>\n<meta property=\"og:locale\" content=\"de_DE\" \/>\n<meta property=\"og:type\" content=\"article\" \/>\n<meta property=\"og:title\" content=\"Gereinigtes Wasser - Biodynamizer\" \/>\n<meta property=\"og:description\" content=\"Biodynamizer - Gereinigtes Wasser - En savoir plus sur le biodynamizer et le biofiltre\" \/>\n<meta property=\"og:url\" content=\"https:\/\/biodynamizer.com\/de\/unsere-loesungen\/der-biodynamizer\/wasser-reinigung\/\" \/>\n<meta property=\"og:site_name\" content=\"Biodynamizer\" \/>\n<meta property=\"article:modified_time\" content=\"2025-07-11T08:47:05+00:00\" \/>\n<meta property=\"og:image\" content=\"https:\/\/biodynamizer.com\/wp-content\/uploads\/2019\/11\/Depositphotos_15742931_xl-2015.jpg\" \/>\n\t<meta property=\"og:image:width\" content=\"2000\" \/>\n\t<meta property=\"og:image:height\" content=\"1333\" \/>\n\t<meta property=\"og:image:type\" content=\"image\/jpeg\" \/>\n<meta name=\"twitter:card\" content=\"summary_large_image\" \/>\n<meta name=\"twitter:label1\" content=\"Gesch\u00e4tzte Lesezeit\" \/>\n\t<meta name=\"twitter:data1\" content=\"1\u00a0Minute\" \/>\n<script type=\"application\/ld+json\" class=\"yoast-schema-graph\">{\"@context\":\"https:\\\/\\\/schema.org\",\"@graph\":[{\"@type\":\"WebPage\",\"@id\":\"https:\\\/\\\/biodynamizer.com\\\/de\\\/unsere-loesungen\\\/der-biodynamizer\\\/wasser-reinigung\\\/\",\"url\":\"https:\\\/\\\/biodynamizer.com\\\/de\\\/unsere-loesungen\\\/der-biodynamizer\\\/wasser-reinigung\\\/\",\"name\":\"Gereinigtes Wasser - Biodynamizer\",\"isPartOf\":{\"@id\":\"https:\\\/\\\/biodynamizer.com\\\/de\\\/#website\"},\"datePublished\":\"2020-10-02T14:51:58+00:00\",\"dateModified\":\"2025-07-11T08:47:05+00:00\",\"description\":\"Biodynamizer - Gereinigtes Wasser - En savoir plus sur le biodynamizer et le biofiltre\",\"breadcrumb\":{\"@id\":\"https:\\\/\\\/biodynamizer.com\\\/de\\\/unsere-loesungen\\\/der-biodynamizer\\\/wasser-reinigung\\\/#breadcrumb\"},\"inLanguage\":\"de\",\"potentialAction\":[{\"@type\":\"ReadAction\",\"target\":[\"https:\\\/\\\/biodynamizer.com\\\/de\\\/unsere-loesungen\\\/der-biodynamizer\\\/wasser-reinigung\\\/\"]}]},{\"@type\":\"BreadcrumbList\",\"@id\":\"https:\\\/\\\/biodynamizer.com\\\/de\\\/unsere-loesungen\\\/der-biodynamizer\\\/wasser-reinigung\\\/#breadcrumb\",\"itemListElement\":[{\"@type\":\"ListItem\",\"position\":1,\"name\":\"Home\",\"item\":\"https:\\\/\\\/biodynamizer.com\\\/de\\\/\"},{\"@type\":\"ListItem\",\"position\":2,\"name\":\"Unsere L\u00f6sungen\",\"item\":\"https:\\\/\\\/biodynamizer.com\\\/de\\\/unsere-loesungen\\\/\"},{\"@type\":\"ListItem\",\"position\":3,\"name\":\"Der Biodynamizer\",\"item\":\"https:\\\/\\\/biodynamizer.com\\\/de\\\/unsere-loesungen\\\/der-biodynamizer\\\/\"},{\"@type\":\"ListItem\",\"position\":4,\"name\":\"Gereinigtes Wasser\"}]},{\"@type\":\"WebSite\",\"@id\":\"https:\\\/\\\/biodynamizer.com\\\/de\\\/#website\",\"url\":\"https:\\\/\\\/biodynamizer.com\\\/de\\\/\",\"name\":\"Biodynamizer\",\"description\":\"Filtrez et dynamisez votre eau\",\"potentialAction\":[{\"@type\":\"SearchAction\",\"target\":{\"@type\":\"EntryPoint\",\"urlTemplate\":\"https:\\\/\\\/biodynamizer.com\\\/de\\\/?s={search_term_string}\"},\"query-input\":{\"@type\":\"PropertyValueSpecification\",\"valueRequired\":true,\"valueName\":\"search_term_string\"}}],\"inLanguage\":\"de\"}]}<\/script>\n<!-- \/ Yoast SEO plugin. -->","yoast_head_json":{"title":"Gereinigtes Wasser - Biodynamizer","description":"Biodynamizer - Gereinigtes Wasser - En savoir plus sur le biodynamizer et le biofiltre","robots":{"index":"index","follow":"follow","max-snippet":"max-snippet:-1","max-image-preview":"max-image-preview:large","max-video-preview":"max-video-preview:-1"},"canonical":"https:\/\/biodynamizer.com\/de\/unsere-loesungen\/der-biodynamizer\/wasser-reinigung\/","og_locale":"de_DE","og_type":"article","og_title":"Gereinigtes Wasser - Biodynamizer","og_description":"Biodynamizer - Gereinigtes Wasser - En savoir plus sur le biodynamizer et le biofiltre","og_url":"https:\/\/biodynamizer.com\/de\/unsere-loesungen\/der-biodynamizer\/wasser-reinigung\/","og_site_name":"Biodynamizer","article_modified_time":"2025-07-11T08:47:05+00:00","og_image":[{"width":2000,"height":1333,"url":"https:\/\/biodynamizer.com\/wp-content\/uploads\/2019\/11\/Depositphotos_15742931_xl-2015.jpg","type":"image\/jpeg"}],"twitter_card":"summary_large_image","twitter_misc":{"Gesch\u00e4tzte Lesezeit":"1\u00a0Minute"},"schema":{"@context":"https:\/\/schema.org","@graph":[{"@type":"WebPage","@id":"https:\/\/biodynamizer.com\/de\/unsere-loesungen\/der-biodynamizer\/wasser-reinigung\/","url":"https:\/\/biodynamizer.com\/de\/unsere-loesungen\/der-biodynamizer\/wasser-reinigung\/","name":"Gereinigtes Wasser - Biodynamizer","isPartOf":{"@id":"https:\/\/biodynamizer.com\/de\/#website"},"datePublished":"2020-10-02T14:51:58+00:00","dateModified":"2025-07-11T08:47:05+00:00","description":"Biodynamizer - Gereinigtes Wasser - En savoir plus sur le biodynamizer et le biofiltre","breadcrumb":{"@id":"https:\/\/biodynamizer.com\/de\/unsere-loesungen\/der-biodynamizer\/wasser-reinigung\/#breadcrumb"},"inLanguage":"de","potentialAction":[{"@type":"ReadAction","target":["https:\/\/biodynamizer.com\/de\/unsere-loesungen\/der-biodynamizer\/wasser-reinigung\/"]}]},{"@type":"BreadcrumbList","@id":"https:\/\/biodynamizer.com\/de\/unsere-loesungen\/der-biodynamizer\/wasser-reinigung\/#breadcrumb","itemListElement":[{"@type":"ListItem","position":1,"name":"Home","item":"https:\/\/biodynamizer.com\/de\/"},{"@type":"ListItem","position":2,"name":"Unsere L\u00f6sungen","item":"https:\/\/biodynamizer.com\/de\/unsere-loesungen\/"},{"@type":"ListItem","position":3,"name":"Der Biodynamizer","item":"https:\/\/biodynamizer.com\/de\/unsere-loesungen\/der-biodynamizer\/"},{"@type":"ListItem","position":4,"name":"Gereinigtes Wasser"}]},{"@type":"WebSite","@id":"https:\/\/biodynamizer.com\/de\/#website","url":"https:\/\/biodynamizer.com\/de\/","name":"Biodynamizer","description":"Filtrez et dynamisez votre eau","potentialAction":[{"@type":"SearchAction","target":{"@type":"EntryPoint","urlTemplate":"https:\/\/biodynamizer.com\/de\/?s={search_term_string}"},"query-input":{"@type":"PropertyValueSpecification","valueRequired":true,"valueName":"search_term_string"}}],"inLanguage":"de"}]}},"_links":{"self":[{"href":"https:\/\/biodynamizer.com\/de\/wp-json\/wp\/v2\/pages\/6003","targetHints":{"allow":["GET"]}}],"collection":[{"href":"https:\/\/biodynamizer.com\/de\/wp-json\/wp\/v2\/pages"}],"about":[{"href":"https:\/\/biodynamizer.com\/de\/wp-json\/wp\/v2\/types\/page"}],"author":[{"embeddable":true,"href":"https:\/\/biodynamizer.com\/de\/wp-json\/wp\/v2\/users\/3"}],"replies":[{"embeddable":true,"href":"https:\/\/biodynamizer.com\/de\/wp-json\/wp\/v2\/comments?post=6003"}],"version-history":[{"count":10,"href":"https:\/\/biodynamizer.com\/de\/wp-json\/wp\/v2\/pages\/6003\/revisions"}],"predecessor-version":[{"id":27544,"href":"https:\/\/biodynamizer.com\/de\/wp-json\/wp\/v2\/pages\/6003\/revisions\/27544"}],"up":[{"embeddable":true,"href":"https:\/\/biodynamizer.com\/de\/wp-json\/wp\/v2\/pages\/5977"}],"wp:attachment":[{"href":"https:\/\/biodynamizer.com\/de\/wp-json\/wp\/v2\/media?parent=6003"}],"curies":[{"name":"wp","href":"https:\/\/api.w.org\/{rel}","templated":true}]}}