{"id":6007,"date":"2020-10-02T14:47:09","date_gmt":"2020-10-02T14:47:09","guid":{"rendered":"https:\/\/biodynamizer.spleen-creation.be\/nos-solutions\/le-biodynamizer\/dynamisation-eau-dynamisee\/"},"modified":"2025-09-02T14:39:13","modified_gmt":"2025-09-02T14:39:13","slug":"dynamisierung-wasserdynamisiert","status":"publish","type":"page","link":"https:\/\/biodynamizer.com\/de\/unsere-loesungen\/der-biodynamizer\/dynamisierung-wasserdynamisiert\/","title":{"rendered":"Wasserdynamisierung"},"content":{"rendered":"<section class=\"l-section wpb_row us_custom_916fdabd height_small\"><div class=\"l-section-h i-cf\"><div class=\"g-cols vc_row via_flex valign_top type_default stacking_default\"><div class=\"vc_col-sm-12 wpb_column vc_column_container\"><div class=\"vc_column-inner\"><div class=\"wpb_wrapper\"><nav class=\"g-breadcrumbs separator_custom align_none\" itemscope itemtype=\"http:\/\/schema.org\/BreadcrumbList\"><div class=\"g-breadcrumbs-item\" itemscope itemprop=\"itemListElement\" itemtype=\"http:\/\/schema.org\/ListItem\"><a itemprop=\"item\" href=\"https:\/\/biodynamizer.com\/de\/\"><span itemprop=\"name\">Start<\/span><\/a><meta itemprop=\"position\" content=\"1\"\/><\/div><div class=\"g-breadcrumbs-separator\">\/<\/div><div class=\"g-breadcrumbs-item\">Seiten<\/div><\/nav><\/div><\/div><\/div><\/div><\/div><\/section><section class=\"l-section wpb_row us_custom_79a6436d height_auto\"><div class=\"l-section-h i-cf\"><div class=\"g-cols vc_row via_flex valign_top type_default stacking_default\"><div class=\"vc_col-sm-12 wpb_column vc_column_container\"><div class=\"vc_column-inner\"><div class=\"wpb_wrapper\"><div class=\"wpb_text_column blauwtekst\"><div class=\"wpb_wrapper\"><h2 style=\"text-align: center;\"><b>Erh\u00f6hen Sie Ihr Stadtwasser, um es mit Bergwasser vergleichbar zu machen<\/b><\/h2>\n<\/div><\/div><\/div><\/div><\/div><\/div><\/div><\/section><section class=\"l-section wpb_row us_custom_79a6436d height_auto\"><div class=\"l-section-h i-cf\"><div class=\"g-cols vc_row via_flex valign_top type_default stacking_default\"><div class=\"vc_col-sm-6 wpb_column vc_column_container\"><div class=\"vc_column-inner\"><div class=\"wpb_wrapper\"><div class=\"w-separator size_large\"><\/div><div class=\"wpb_text_column\"><div class=\"wpb_wrapper\"><p>Wasser zu energetisieren bedeutet, ihm seine ganze nat\u00fcrliche Energie und seine urspr\u00fcngliche Struktur zur\u00fcckzugeben. Dies wird mit dem<a href=\"https:\/\/biodynamizer.com\/de\/unsere-loesungen\/der-biodynamizer\/\"> <strong>Biodynamizer\u00ae<\/strong><\/a><strong>-Wasserdynamisierer<\/strong> erreicht. Sie reproduziert durch Biomimikry augenblicklich die Bewegungen des in der Natur frei flie\u00dfenden Wassers. Diese zu 100% nat\u00fcrliche Technologie erm\u00f6glicht es, das Wasser aus allen Wasserh\u00e4hnen eines Hauses zu regenerieren, um es mit Bergwasser vergleichbar zu machen. Das Wasser wird dank der 3 Grundprinzipien der Wasserbiodynamisierung energetisiert, belebt, regeneriert oder belebt.<\/p>\n<\/div><\/div><\/div><\/div><\/div><div class=\"vc_col-sm-6 wpb_column vc_column_container\"><div class=\"vc_column-inner\"><div class=\"wpb_wrapper\"><div class=\"w-image align_none\"><a target=\"_blank\" rel=\"nofollow\" href=\"https:\/\/youtu.be\/ByUM8KJi_9s\" aria-label=\"YouTube_Biodynamizer_femme LD\" class=\"w-image-h\"><img decoding=\"async\" width=\"1024\" height=\"576\" src=\"https:\/\/biodynamizer.com\/wp-content\/uploads\/2024\/10\/YouTube_Biodynamizer_femme-LD-1024x576.jpg\" class=\"attachment-large size-large\" alt=\"\" loading=\"lazy\" srcset=\"https:\/\/biodynamizer.com\/wp-content\/uploads\/2024\/10\/YouTube_Biodynamizer_femme-LD-1024x576.jpg 1024w, https:\/\/biodynamizer.com\/wp-content\/uploads\/2024\/10\/YouTube_Biodynamizer_femme-LD-300x169.jpg 300w, https:\/\/biodynamizer.com\/wp-content\/uploads\/2024\/10\/YouTube_Biodynamizer_femme-LD-600x338.jpg 600w, https:\/\/biodynamizer.com\/wp-content\/uploads\/2024\/10\/YouTube_Biodynamizer_femme-LD-640x360.jpg 640w\" sizes=\"auto, (max-width: 1024px) 100vw, 1024px\" \/><\/a><\/div><\/div><\/div><\/div><\/div><\/div><\/section><section class=\"l-section wpb_row us_custom_7704f25f height_medium\"><div class=\"l-section-h i-cf\"><div class=\"g-cols vc_row via_flex valign_top type_default stacking_default\"><div class=\"vc_col-sm-12 wpb_column vc_column_container\"><div class=\"vc_column-inner\"><div class=\"wpb_wrapper\"><div class=\"wpb_text_column blauwtekst\"><div class=\"wpb_wrapper\"><h2 style=\"text-align: center;\"><b>Die 3 Grundprinzipien der Wasserbiodynamisierung angewandt im Biodynamizer: Biomimikry <\/b><\/h2>\n<\/div><\/div><div class=\"w-separator size_medium\"><\/div><\/div><\/div><\/div><div class=\"vc_col-sm-4 wpb_column vc_column_container\"><div class=\"vc_column-inner\"><div class=\"wpb_wrapper\"><div class=\"w-image align_center\"><div class=\"w-image-h\"><img decoding=\"async\" width=\"1024\" height=\"681\" src=\"https:\/\/biodynamizer.com\/wp-content\/uploads\/2020\/01\/visu-vortex-2-1-1024x681.jpg\" class=\"attachment-large size-large\" alt=\"\" loading=\"lazy\" srcset=\"https:\/\/biodynamizer.com\/wp-content\/uploads\/2020\/01\/visu-vortex-2-1-1024x681.jpg 1024w, https:\/\/biodynamizer.com\/wp-content\/uploads\/2020\/01\/visu-vortex-2-1-300x200.jpg 300w, https:\/\/biodynamizer.com\/wp-content\/uploads\/2020\/01\/visu-vortex-2-1-1536x1021.jpg 1536w, https:\/\/biodynamizer.com\/wp-content\/uploads\/2020\/01\/visu-vortex-2-1.jpg 2000w\" sizes=\"auto, (max-width: 1024px) 100vw, 1024px\" \/><\/div><\/div><div class=\"w-separator size_small\"><\/div><div class=\"wpb_text_column blauwtekst\"><div class=\"wpb_wrapper\"><h4 style=\"text-align: center;\">1\/ <a href=\"https:\/\/biodynamizer.com\/de\/unsere-loesungen\/der-biodynamizer\/die-bewegungen\/\"><b>Der vortex<\/b><\/a><\/h4>\n<\/div><\/div><div class=\"wpb_text_column\"><div class=\"wpb_wrapper\"><p style=\"text-align: center;\">Die nat\u00fcrliche Bewegung des Wassers in der Natur ist der Wirbel; es besteht eine starke Wechselwirkung zwischen der kinetischen Energie des Wirbels und der magnetischen Energie, die von Permanentmagneten abgegeben wird.<\/p>\n<\/div><\/div><\/div><\/div><\/div><div class=\"vc_col-sm-4 wpb_column vc_column_container\"><div class=\"vc_column-inner\"><div class=\"wpb_wrapper\"><div class=\"w-image align_center\"><div class=\"w-image-h\"><img decoding=\"async\" width=\"1024\" height=\"686\" src=\"https:\/\/biodynamizer.com\/wp-content\/uploads\/2020\/01\/Depositphotos_2014299_xl-2015-1024x768-1-e1580457940652.jpg\" class=\"attachment-large size-large\" alt=\"\" loading=\"lazy\" srcset=\"https:\/\/biodynamizer.com\/wp-content\/uploads\/2020\/01\/Depositphotos_2014299_xl-2015-1024x768-1-e1580457940652.jpg 1024w, https:\/\/biodynamizer.com\/wp-content\/uploads\/2020\/01\/Depositphotos_2014299_xl-2015-1024x768-1-e1580457940652-300x201.jpg 300w\" sizes=\"auto, (max-width: 1024px) 100vw, 1024px\" \/><\/div><\/div><div class=\"w-separator size_small\"><\/div><div class=\"wpb_text_column blauwtekst\"><div class=\"wpb_wrapper\"><h4 style=\"text-align: center;\"><strong>2\/ <a href=\"https:\/\/biodynamizer.com\/de\/unsere-loesungen\/der-biodynamizer\/der-magnetismus\/\">Der magnetismus<\/a><\/strong><\/h4>\n<\/div><\/div><div class=\"wpb_text_column\"><div class=\"wpb_wrapper\"><p style=\"text-align: center;\">Die Erde ist eine Magnetosph\u00e4re, deren Magnetismus auf Wasser und Mineralien \u00fcbertragen wird.<\/p>\n<\/div><\/div><\/div><\/div><\/div><div class=\"vc_col-sm-4 wpb_column vc_column_container\"><div class=\"vc_column-inner\"><div class=\"wpb_wrapper\"><div class=\"w-image align_center\"><div class=\"w-image-h\"><img decoding=\"async\" width=\"695\" height=\"468\" src=\"https:\/\/biodynamizer.com\/wp-content\/uploads\/2020\/05\/5-terres-ile-Maurice-3.png\" class=\"attachment-large size-large\" alt=\"une vue sur les montagnes depuis le sommet d&#039;une colline\" loading=\"lazy\" srcset=\"https:\/\/biodynamizer.com\/wp-content\/uploads\/2020\/05\/5-terres-ile-Maurice-3.png 695w, https:\/\/biodynamizer.com\/wp-content\/uploads\/2020\/05\/5-terres-ile-Maurice-3-300x202.png 300w\" sizes=\"auto, (max-width: 695px) 100vw, 695px\" \/><\/div><\/div><div class=\"w-separator size_small\"><\/div><div class=\"wpb_text_column blauwtekst\"><div class=\"wpb_wrapper\"><h4 style=\"text-align: center;\"><strong>3\/ <a href=\"https:\/\/biodynamizer.com\/de\/unsere-loesungen\/der-biodynamizer\/die-frequenzen\/\">Eigenfrequenzen<\/a><\/strong><\/h4>\n<\/div><\/div><div class=\"wpb_text_column\"><div class=\"wpb_wrapper\"><p style=\"text-align: center;\">Wasser f\u00e4ngt die Energien von Mineralien und Edelmetallen ein (Carrara-Marmor, Lavagestein, informierte Keramik &amp; Kupfer, Gold, Silber)<\/p>\n<\/div><\/div><\/div><\/div><\/div><\/div><\/div><\/section><section class=\"l-section wpb_row height_auto\"><div class=\"l-section-h i-cf\"><div class=\"g-cols vc_row via_flex valign_top type_default stacking_default\"><div class=\"vc_col-sm-12 wpb_column vc_column_container\"><div class=\"vc_column-inner\"><div class=\"wpb_wrapper\"><div class=\"w-image align_none\"><div class=\"w-image-h\"><img decoding=\"async\" width=\"1024\" height=\"615\" src=\"https:\/\/biodynamizer.com\/wp-content\/uploads\/2025\/09\/Biomimikry-DE-1024x615.png\" class=\"attachment-large size-large\" alt=\"Biomim\u00e9tisme\" loading=\"lazy\" srcset=\"https:\/\/biodynamizer.com\/wp-content\/uploads\/2025\/09\/Biomimikry-DE-1024x615.png 1024w, https:\/\/biodynamizer.com\/wp-content\/uploads\/2025\/09\/Biomimikry-DE-300x180.png 300w, https:\/\/biodynamizer.com\/wp-content\/uploads\/2025\/09\/Biomimikry-DE-600x360.png 600w, https:\/\/biodynamizer.com\/wp-content\/uploads\/2025\/09\/Biomimikry-DE-640x384.png 640w\" sizes=\"auto, (max-width: 1024px) 100vw, 1024px\" \/><\/div><\/div><\/div><\/div><\/div><\/div><\/div><\/section><section class=\"l-section wpb_row height_auto\"><div class=\"l-section-h i-cf\"><div class=\"g-cols vc_row via_flex valign_top type_default stacking_default\"><div class=\"vc_col-sm-12 wpb_column vc_column_container\"><div class=\"vc_column-inner\"><div class=\"wpb_wrapper\"><div class=\"wpb_text_column\"><div class=\"wpb_wrapper\"><ul>\n<li>Durch die <a href=\"https:\/\/biodynamizer.com\/de\/wasser\/der-wirbel\/\"><span style=\"text-decoration: underline;\"><b>Vortex<\/b><\/span><\/a> ist es m\u00f6glich, <b>kinetische Energie <\/b>auf das Wasser zu \u00fcbertragen (Rotationsgeschwindigkeit\/Spin =&gt; Energiekaskade) und den im Wasser <b>gel\u00f6sten Sauerstoff <\/b>zu erh\u00f6hen (Bakterizid)<\/li>\n<li><a href=\"https:\/\/biodynamizer.com\/de\/unsere-loesungen\/der-biodynamizer\/der-magnetismus\/\"><span style=\"text-decoration: underline;\"><b>Magnetismus<\/b><\/span><\/a> erm\u00f6glicht die \u00dcbertragung von <b>Photonenenergie<\/b> auf Wasser (im Sinne von Elektron\/Photonen), wodurch die Amplitude der Lichtstrahlung im Wasser erh\u00f6ht wird<\/li>\n<li><a href=\"https:\/\/biodynamizer.com\/de\/unsere-loesungen\/der-biodynamizer\/die-frequenzen\/\"><span style=\"text-decoration: underline;\"><b>Mineralien<\/b><\/span><\/a> erm\u00f6glichen die \u00dcbertragung <b>nat\u00fcrlicher Frequenzen <\/b>auf Wasser<\/li>\n<\/ul>\n<\/div><\/div><div class=\"w-separator size_medium\"><\/div><div class=\"w-btn-wrapper align_center\"><a class=\"w-btn us-btn-style_1 us_custom_bd32fe69 has_text_color\" href=\"https:\/\/shop.biodynamizer.com\/de\/shop\"><span class=\"w-btn-label\">Jetzt bestellen<\/span><\/a><\/div><\/div><\/div><\/div><\/div><\/div><\/section><section class=\"l-section wpb_row us_custom_58994493 height_auto\"><div class=\"l-section-h i-cf\"><div class=\"g-cols vc_row via_flex valign_top type_default stacking_default\"><div class=\"vc_col-sm-12 wpb_column vc_column_container\"><div class=\"vc_column-inner\"><div class=\"wpb_wrapper\"><div class=\"wpb_text_column us_custom_1e289caa\"><div class=\"wpb_wrapper\"><h2 style=\"text-align: center;\">Der Biodynamizer, Goldmedaille auf der Internationalen Erfinderausstellung in Genf<\/h2>\n<\/div><\/div><div class=\"g-cols wpb_row via_flex valign_top type_default stacking_default\"><div class=\"vc_col-sm-12 wpb_column vc_column_container\"><div class=\"vc_column-inner\"><div class=\"wpb_wrapper\"><div class=\"w-image align_center\"><div class=\"w-image-h\"><img decoding=\"async\" width=\"1748\" height=\"1240\" src=\"https:\/\/biodynamizer.com\/wp-content\/uploads\/2025\/04\/Visuel_Mailing_Biodynamizer_Prix_Montage.png\" class=\"attachment-full size-full\" alt=\"Diplome du salon international des inventions de gen\u00e8ve\" loading=\"lazy\" srcset=\"https:\/\/biodynamizer.com\/wp-content\/uploads\/2025\/04\/Visuel_Mailing_Biodynamizer_Prix_Montage.png 1748w, https:\/\/biodynamizer.com\/wp-content\/uploads\/2025\/04\/Visuel_Mailing_Biodynamizer_Prix_Montage-300x213.png 300w, https:\/\/biodynamizer.com\/wp-content\/uploads\/2025\/04\/Visuel_Mailing_Biodynamizer_Prix_Montage-1024x726.png 1024w, https:\/\/biodynamizer.com\/wp-content\/uploads\/2025\/04\/Visuel_Mailing_Biodynamizer_Prix_Montage-564x400.png 564w, https:\/\/biodynamizer.com\/wp-content\/uploads\/2025\/04\/Visuel_Mailing_Biodynamizer_Prix_Montage-640x454.png 640w\" sizes=\"auto, (max-width: 1748px) 100vw, 1748px\" \/><\/div><\/div><\/div><\/div><\/div><\/div><div class=\"w-separator size_large\"><\/div><\/div><\/div><\/div><div class=\"vc_col-sm-12 wpb_column vc_column_container\"><div class=\"vc_column-inner\"><div class=\"wpb_wrapper\"><\/div><\/div><\/div><\/div><\/div><\/section>\n","protected":false},"excerpt":{"rendered":"Start\/SeitenErh\u00f6hen Sie Ihr Stadtwasser, um es mit Bergwasser vergleichbar zu machen Wasser zu energetisieren bedeutet, ihm seine ganze nat\u00fcrliche Energie und seine urspr\u00fcngliche Struktur zur\u00fcckzugeben. Dies wird mit dem Biodynamizer\u00ae-Wasserdynamisierer erreicht. Sie reproduziert durch Biomimikry augenblicklich die Bewegungen des in der Natur frei flie\u00dfenden Wassers. Diese zu 100% nat\u00fcrliche Technologie erm\u00f6glicht es, das Wasser aus...","protected":false},"author":3,"featured_media":0,"parent":5977,"menu_order":2,"comment_status":"closed","ping_status":"closed","template":"","meta":{"_monsterinsights_skip_tracking":false,"_monsterinsights_sitenote_active":false,"_monsterinsights_sitenote_note":"","_monsterinsights_sitenote_category":0,"footnotes":""},"class_list":["post-6007","page","type-page","status-publish","hentry"],"yoast_head":"<!-- This site is optimized with the Yoast SEO plugin v27.3 - https:\/\/yoast.com\/product\/yoast-seo-wordpress\/ -->\n<title>Wasserdynamisierung - Biodynamizer<\/title>\n<meta name=\"description\" content=\"Biodynamizer - Wasserdynamisierung - En savoir plus sur le biodynamizer et le biofiltre\" \/>\n<meta name=\"robots\" content=\"index, follow, max-snippet:-1, max-image-preview:large, max-video-preview:-1\" \/>\n<link rel=\"canonical\" href=\"https:\/\/biodynamizer.com\/de\/unsere-loesungen\/der-biodynamizer\/dynamisierung-wasserdynamisiert\/\" \/>\n<meta property=\"og:locale\" content=\"de_DE\" \/>\n<meta property=\"og:type\" content=\"article\" \/>\n<meta property=\"og:title\" content=\"Wasserdynamisierung - Biodynamizer\" \/>\n<meta property=\"og:description\" content=\"Biodynamizer - Wasserdynamisierung - En savoir plus sur le biodynamizer et le biofiltre\" \/>\n<meta property=\"og:url\" content=\"https:\/\/biodynamizer.com\/de\/unsere-loesungen\/der-biodynamizer\/dynamisierung-wasserdynamisiert\/\" \/>\n<meta property=\"og:site_name\" content=\"Biodynamizer\" \/>\n<meta property=\"article:modified_time\" content=\"2025-09-02T14:39:13+00:00\" \/>\n<meta property=\"og:image\" content=\"https:\/\/biodynamizer.com\/wp-content\/uploads\/2019\/11\/Depositphotos_15742931_xl-2015.jpg\" \/>\n\t<meta property=\"og:image:width\" content=\"2000\" \/>\n\t<meta property=\"og:image:height\" content=\"1333\" \/>\n\t<meta property=\"og:image:type\" content=\"image\/jpeg\" \/>\n<meta name=\"twitter:card\" content=\"summary_large_image\" \/>\n<meta name=\"twitter:label1\" content=\"Gesch\u00e4tzte Lesezeit\" \/>\n\t<meta name=\"twitter:data1\" content=\"2\u00a0Minuten\" \/>\n<script type=\"application\/ld+json\" class=\"yoast-schema-graph\">{\"@context\":\"https:\\\/\\\/schema.org\",\"@graph\":[{\"@type\":\"WebPage\",\"@id\":\"https:\\\/\\\/biodynamizer.com\\\/de\\\/unsere-loesungen\\\/der-biodynamizer\\\/dynamisierung-wasserdynamisiert\\\/\",\"url\":\"https:\\\/\\\/biodynamizer.com\\\/de\\\/unsere-loesungen\\\/der-biodynamizer\\\/dynamisierung-wasserdynamisiert\\\/\",\"name\":\"Wasserdynamisierung - Biodynamizer\",\"isPartOf\":{\"@id\":\"https:\\\/\\\/biodynamizer.com\\\/de\\\/#website\"},\"datePublished\":\"2020-10-02T14:47:09+00:00\",\"dateModified\":\"2025-09-02T14:39:13+00:00\",\"description\":\"Biodynamizer - Wasserdynamisierung - En savoir plus sur le biodynamizer et le biofiltre\",\"breadcrumb\":{\"@id\":\"https:\\\/\\\/biodynamizer.com\\\/de\\\/unsere-loesungen\\\/der-biodynamizer\\\/dynamisierung-wasserdynamisiert\\\/#breadcrumb\"},\"inLanguage\":\"de\",\"potentialAction\":[{\"@type\":\"ReadAction\",\"target\":[\"https:\\\/\\\/biodynamizer.com\\\/de\\\/unsere-loesungen\\\/der-biodynamizer\\\/dynamisierung-wasserdynamisiert\\\/\"]}]},{\"@type\":\"BreadcrumbList\",\"@id\":\"https:\\\/\\\/biodynamizer.com\\\/de\\\/unsere-loesungen\\\/der-biodynamizer\\\/dynamisierung-wasserdynamisiert\\\/#breadcrumb\",\"itemListElement\":[{\"@type\":\"ListItem\",\"position\":1,\"name\":\"Home\",\"item\":\"https:\\\/\\\/biodynamizer.com\\\/de\\\/\"},{\"@type\":\"ListItem\",\"position\":2,\"name\":\"Unsere L\u00f6sungen\",\"item\":\"https:\\\/\\\/biodynamizer.com\\\/de\\\/unsere-loesungen\\\/\"},{\"@type\":\"ListItem\",\"position\":3,\"name\":\"Der Biodynamizer\",\"item\":\"https:\\\/\\\/biodynamizer.com\\\/de\\\/unsere-loesungen\\\/der-biodynamizer\\\/\"},{\"@type\":\"ListItem\",\"position\":4,\"name\":\"Wasserdynamisierung\"}]},{\"@type\":\"WebSite\",\"@id\":\"https:\\\/\\\/biodynamizer.com\\\/de\\\/#website\",\"url\":\"https:\\\/\\\/biodynamizer.com\\\/de\\\/\",\"name\":\"Biodynamizer\",\"description\":\"Filtrez et dynamisez votre eau\",\"potentialAction\":[{\"@type\":\"SearchAction\",\"target\":{\"@type\":\"EntryPoint\",\"urlTemplate\":\"https:\\\/\\\/biodynamizer.com\\\/de\\\/?s={search_term_string}\"},\"query-input\":{\"@type\":\"PropertyValueSpecification\",\"valueRequired\":true,\"valueName\":\"search_term_string\"}}],\"inLanguage\":\"de\"}]}<\/script>\n<!-- \/ Yoast SEO plugin. -->","yoast_head_json":{"title":"Wasserdynamisierung - Biodynamizer","description":"Biodynamizer - Wasserdynamisierung - En savoir plus sur le biodynamizer et le biofiltre","robots":{"index":"index","follow":"follow","max-snippet":"max-snippet:-1","max-image-preview":"max-image-preview:large","max-video-preview":"max-video-preview:-1"},"canonical":"https:\/\/biodynamizer.com\/de\/unsere-loesungen\/der-biodynamizer\/dynamisierung-wasserdynamisiert\/","og_locale":"de_DE","og_type":"article","og_title":"Wasserdynamisierung - Biodynamizer","og_description":"Biodynamizer - Wasserdynamisierung - En savoir plus sur le biodynamizer et le biofiltre","og_url":"https:\/\/biodynamizer.com\/de\/unsere-loesungen\/der-biodynamizer\/dynamisierung-wasserdynamisiert\/","og_site_name":"Biodynamizer","article_modified_time":"2025-09-02T14:39:13+00:00","og_image":[{"width":2000,"height":1333,"url":"https:\/\/biodynamizer.com\/wp-content\/uploads\/2019\/11\/Depositphotos_15742931_xl-2015.jpg","type":"image\/jpeg"}],"twitter_card":"summary_large_image","twitter_misc":{"Gesch\u00e4tzte Lesezeit":"2\u00a0Minuten"},"schema":{"@context":"https:\/\/schema.org","@graph":[{"@type":"WebPage","@id":"https:\/\/biodynamizer.com\/de\/unsere-loesungen\/der-biodynamizer\/dynamisierung-wasserdynamisiert\/","url":"https:\/\/biodynamizer.com\/de\/unsere-loesungen\/der-biodynamizer\/dynamisierung-wasserdynamisiert\/","name":"Wasserdynamisierung - Biodynamizer","isPartOf":{"@id":"https:\/\/biodynamizer.com\/de\/#website"},"datePublished":"2020-10-02T14:47:09+00:00","dateModified":"2025-09-02T14:39:13+00:00","description":"Biodynamizer - Wasserdynamisierung - En savoir plus sur le biodynamizer et le biofiltre","breadcrumb":{"@id":"https:\/\/biodynamizer.com\/de\/unsere-loesungen\/der-biodynamizer\/dynamisierung-wasserdynamisiert\/#breadcrumb"},"inLanguage":"de","potentialAction":[{"@type":"ReadAction","target":["https:\/\/biodynamizer.com\/de\/unsere-loesungen\/der-biodynamizer\/dynamisierung-wasserdynamisiert\/"]}]},{"@type":"BreadcrumbList","@id":"https:\/\/biodynamizer.com\/de\/unsere-loesungen\/der-biodynamizer\/dynamisierung-wasserdynamisiert\/#breadcrumb","itemListElement":[{"@type":"ListItem","position":1,"name":"Home","item":"https:\/\/biodynamizer.com\/de\/"},{"@type":"ListItem","position":2,"name":"Unsere L\u00f6sungen","item":"https:\/\/biodynamizer.com\/de\/unsere-loesungen\/"},{"@type":"ListItem","position":3,"name":"Der Biodynamizer","item":"https:\/\/biodynamizer.com\/de\/unsere-loesungen\/der-biodynamizer\/"},{"@type":"ListItem","position":4,"name":"Wasserdynamisierung"}]},{"@type":"WebSite","@id":"https:\/\/biodynamizer.com\/de\/#website","url":"https:\/\/biodynamizer.com\/de\/","name":"Biodynamizer","description":"Filtrez et dynamisez votre eau","potentialAction":[{"@type":"SearchAction","target":{"@type":"EntryPoint","urlTemplate":"https:\/\/biodynamizer.com\/de\/?s={search_term_string}"},"query-input":{"@type":"PropertyValueSpecification","valueRequired":true,"valueName":"search_term_string"}}],"inLanguage":"de"}]}},"_links":{"self":[{"href":"https:\/\/biodynamizer.com\/de\/wp-json\/wp\/v2\/pages\/6007","targetHints":{"allow":["GET"]}}],"collection":[{"href":"https:\/\/biodynamizer.com\/de\/wp-json\/wp\/v2\/pages"}],"about":[{"href":"https:\/\/biodynamizer.com\/de\/wp-json\/wp\/v2\/types\/page"}],"author":[{"embeddable":true,"href":"https:\/\/biodynamizer.com\/de\/wp-json\/wp\/v2\/users\/3"}],"replies":[{"embeddable":true,"href":"https:\/\/biodynamizer.com\/de\/wp-json\/wp\/v2\/comments?post=6007"}],"version-history":[{"count":26,"href":"https:\/\/biodynamizer.com\/de\/wp-json\/wp\/v2\/pages\/6007\/revisions"}],"predecessor-version":[{"id":28306,"href":"https:\/\/biodynamizer.com\/de\/wp-json\/wp\/v2\/pages\/6007\/revisions\/28306"}],"up":[{"embeddable":true,"href":"https:\/\/biodynamizer.com\/de\/wp-json\/wp\/v2\/pages\/5977"}],"wp:attachment":[{"href":"https:\/\/biodynamizer.com\/de\/wp-json\/wp\/v2\/media?parent=6007"}],"curies":[{"name":"wp","href":"https:\/\/api.w.org\/{rel}","templated":true}]}}