{"id":6011,"date":"2020-07-08T13:07:46","date_gmt":"2020-07-08T13:07:46","guid":{"rendered":"https:\/\/biodynamizer.spleen-creation.be\/une-eau-restructuree-energetique\/"},"modified":"2025-11-13T11:49:44","modified_gmt":"2025-11-13T11:49:44","slug":"eine-wasser-mit-struktur-energie","status":"publish","type":"page","link":"https:\/\/biodynamizer.com\/de\/eine-wasser-mit-struktur-energie\/","title":{"rendered":"Wasser und Energie &#038; strukturiert"},"content":{"rendered":"<section class=\"l-section wpb_row us_custom_916fdabd height_small\"><div class=\"l-section-h i-cf\"><div class=\"g-cols vc_row via_flex valign_top type_default stacking_default\"><div class=\"vc_col-sm-12 wpb_column vc_column_container\"><div class=\"vc_column-inner\"><div class=\"wpb_wrapper\"><nav class=\"g-breadcrumbs separator_custom align_none\" itemscope itemtype=\"http:\/\/schema.org\/BreadcrumbList\"><div class=\"g-breadcrumbs-item\" itemscope itemprop=\"itemListElement\" itemtype=\"http:\/\/schema.org\/ListItem\"><a itemprop=\"item\" href=\"https:\/\/biodynamizer.com\/de\/\"><span itemprop=\"name\">Start<\/span><\/a><meta itemprop=\"position\" content=\"1\"\/><\/div><div class=\"g-breadcrumbs-separator\">\/<\/div><div class=\"g-breadcrumbs-item\">Seiten<\/div><\/nav><\/div><\/div><\/div><\/div><\/div><\/section><section class=\"l-section wpb_row height_auto\"><div class=\"l-section-h i-cf\"><div class=\"g-cols vc_row via_flex valign_top type_default stacking_default\"><div class=\"vc_col-sm-12 wpb_column vc_column_container\"><div class=\"vc_column-inner\"><div class=\"wpb_wrapper\"><div class=\"wpb_text_column\"><div class=\"wpb_wrapper\"><\/div><\/div><\/div><\/div><\/div><\/div><\/div><\/section><section class=\"l-section wpb_row height_medium\" id=\"uneeaurestructuree\"><div class=\"l-section-overlay\" style=\"background:rgba(172,172,172,0.2)\"><\/div><div class=\"l-section-h i-cf\"><div class=\"g-cols vc_row via_flex valign_middle type_default stacking_default\"><div class=\"vc_col-sm-6 wpb_column vc_column_container\"><div class=\"vc_column-inner\"><div class=\"wpb_wrapper\"><div class=\"wpb_text_column\"><div class=\"wpb_wrapper\"><h2><b>Restrukturiertes<\/b> <b>Wasser<\/b><\/h2>\n<p>Biodynamisiertes Wasser ist <a href=\"https:\/\/biodynamizer.com\/de\/unsere-loesungen\/der-biodynamizer\/die-restrukturierung\/\"><span style=\"text-decoration: underline;\"><strong>umstrukturiertes<\/strong><\/span><\/a> Wasser, vergleichbar mit nat\u00fcrlichem Wasser, das spontan aus seiner Quelle entspringt (diese Umstrukturierung kommt von der <strong><a href=\"https:\/\/biodynamizer.com\/de\/unsere-loesungen\/der-biodynamizer\/die-bewegungen\/\">Bewegung<\/a> <\/strong>und dem <strong><a href=\"https:\/\/biodynamizer.com\/de\/unsere-loesungen\/der-biodynamizer\/der-magnetismus\/\">Magnetismus<\/a><\/strong>, die im Biodynamizer vorhanden sind).<\/p>\n<p>Siehe hierzu auch unsere Analyse zu <a href=\"https:\/\/biodynamizer.com\/de\/wissenschaftliche-analyse\/die-kristalle-des-wassers\/\">Wasserkristallen<\/a>.<\/p>\n<p><!--more--><\/p>\n<p>Diese molekulare Struktur des Wassers ist eine Schnittstelle, ein &#8222;Informationsleser&#8220; und ein &#8222;<strong><a href=\"https:\/\/biodynamizer.com\/de\/wasser\/energie\/mensch-ist-alles-bewusst-schwingung\/\">\u00dcbertr\u00e4ger<\/a><\/strong>&#8220; der nat\u00fcrlichen Energie, die uns umgibt.<\/p>\n<\/div><\/div><\/div><\/div><\/div><div class=\"vc_col-sm-6 wpb_column vc_column_container\"><div class=\"vc_column-inner\"><div class=\"wpb_wrapper\"><div class=\"g-cols wpb_row via_flex valign_top type_default stacking_default\"><div class=\"vc_col-sm-6 vc_col-xs-6 wpb_column vc_column_container\"><div class=\"vc_column-inner\"><div class=\"wpb_wrapper\"><div class=\"w-image align_none\"><div class=\"w-image-h\"><img decoding=\"async\" width=\"1024\" height=\"1024\" src=\"https:\/\/biodynamizer.com\/wp-content\/uploads\/2020\/01\/Depositphotos_130041254_xl-2015-1024x1024.jpg\" class=\"attachment-large size-large\" alt=\"\" loading=\"lazy\" srcset=\"https:\/\/biodynamizer.com\/wp-content\/uploads\/2020\/01\/Depositphotos_130041254_xl-2015-1024x1024.jpg 1024w, https:\/\/biodynamizer.com\/wp-content\/uploads\/2020\/01\/Depositphotos_130041254_xl-2015-300x300.jpg 300w, https:\/\/biodynamizer.com\/wp-content\/uploads\/2020\/01\/Depositphotos_130041254_xl-2015-150x150.jpg 150w, https:\/\/biodynamizer.com\/wp-content\/uploads\/2020\/01\/Depositphotos_130041254_xl-2015.jpg 1295w\" sizes=\"auto, (max-width: 1024px) 100vw, 1024px\" \/><\/div><\/div><div class=\"wpb_text_column\"><div class=\"wpb_wrapper\"><p style=\"text-align: center;\"><em>Illustration der Wasserstruktur<\/em><\/p>\n<\/div><\/div><\/div><\/div><\/div><div class=\"vc_col-sm-6 vc_col-xs-6 wpb_column vc_column_container\"><div class=\"vc_column-inner\"><div class=\"wpb_wrapper\"><div class=\"w-image align_none\"><div class=\"w-image-h\"><img decoding=\"async\" width=\"1024\" height=\"1024\" src=\"https:\/\/biodynamizer.com\/wp-content\/uploads\/2024\/05\/19-BRENS-Biodynamized-1024x1024.jpg\" class=\"attachment-large size-large\" alt=\"\" loading=\"lazy\" srcset=\"https:\/\/biodynamizer.com\/wp-content\/uploads\/2024\/05\/19-BRENS-Biodynamized-1024x1024.jpg 1024w, https:\/\/biodynamizer.com\/wp-content\/uploads\/2024\/05\/19-BRENS-Biodynamized-300x300.jpg 300w, https:\/\/biodynamizer.com\/wp-content\/uploads\/2024\/05\/19-BRENS-Biodynamized-150x150.jpg 150w, https:\/\/biodynamizer.com\/wp-content\/uploads\/2024\/05\/19-BRENS-Biodynamized-600x600.jpg 600w, https:\/\/biodynamizer.com\/wp-content\/uploads\/2024\/05\/19-BRENS-Biodynamized-350x350.jpg 350w, https:\/\/biodynamizer.com\/wp-content\/uploads\/2024\/05\/19-BRENS-Biodynamized-400x400.jpg 400w, https:\/\/biodynamizer.com\/wp-content\/uploads\/2024\/05\/19-BRENS-Biodynamized-200x200.jpg 200w, https:\/\/biodynamizer.com\/wp-content\/uploads\/2024\/05\/19-BRENS-Biodynamized.jpg 1772w\" sizes=\"auto, (max-width: 1024px) 100vw, 1024px\" \/><\/div><\/div><\/div><\/div><\/div><\/div><\/div><\/div><\/div><\/div><\/div><\/section><section class=\"l-section wpb_row max500 height_large\"><div class=\"l-section-h i-cf\"><div class=\"g-cols vc_row via_flex valign_top type_default stacking_default\"><div class=\"vc_col-sm-6 wpb_column vc_column_container\"><div class=\"vc_column-inner\"><div class=\"wpb_wrapper\"><div class=\"g-cols wpb_row via_flex valign_top type_default stacking_default\"><div class=\"vc_col-sm-12 vc_col-xs-6 wpb_column vc_column_container\"><div class=\"vc_column-inner\"><div class=\"wpb_wrapper\"><div class=\"w-image align_none\"><div class=\"w-image-h\"><img decoding=\"async\" width=\"489\" height=\"431\" src=\"https:\/\/biodynamizer.com\/wp-content\/uploads\/2020\/01\/remplie2.png\" class=\"attachment-large size-large\" alt=\"\" loading=\"lazy\" srcset=\"https:\/\/biodynamizer.com\/wp-content\/uploads\/2020\/01\/remplie2.png 489w, https:\/\/biodynamizer.com\/wp-content\/uploads\/2020\/01\/remplie2-300x264.png 300w\" sizes=\"auto, (max-width: 489px) 100vw, 489px\" \/><\/div><\/div><div class=\"wpb_text_column\"><div class=\"wpb_wrapper\"><p style=\"text-align: left;\">Illustration eines Wassermolek\u00fcls<\/p>\n<\/div><\/div><\/div><\/div><\/div><\/div><\/div><\/div><\/div><div class=\"vc_col-sm-6 wpb_column vc_column_container\"><div class=\"vc_column-inner\"><div class=\"wpb_wrapper\"><div class=\"wpb_text_column\"><div class=\"wpb_wrapper\"><h2><b>Wasser<\/b> <b>voller<\/b><b> Energie<\/b><\/h2>\n<ul>\n<li>Biodynamisiertes Wasser enth\u00e4lt <strong>mehr Energie<\/strong> (<a href=\"https:\/\/biodynamizer.com\/de\/wissenschaftliche-analyse\/lanalyse-biophotonique\/\"><strong><span style=\"text-decoration: underline;\">in Form von<\/span> des Lichts (Biophotonen)<\/strong><\/a> <a href=\"https:\/\/biodynamizer.com\/de\/unsere-loesungen\/der-biodynamizer\/energetisierung\/\"><span style=\"text-decoration: underline;\"><strong>oder Photonenenergie<\/strong><\/span><\/a>) wie Berg- oder Wasserfallwasser. Dies ist umso wichtiger, als unser K\u00f6rper diese Energie ben\u00f6tigt, um die Zellkommunikation und den Stoffwechsel zu betreiben!<\/li>\n<li>Die Energie von biodynamisiertem Wasser verf\u00fcgt zudem \u00fcber eine <a href=\"https:\/\/biodynamizer.com\/de\/wissenschaftliche-analyse\/elektrophotonik-expertise\/\"><span style=\"text-decoration: underline;\"><strong>gr\u00f6\u00dfere Photodiversit\u00e4t<\/strong><\/span><\/a> (in Bezug auf Quantit\u00e4t, Qualit\u00e4t und Stabilit\u00e4t), also einen Informationsreichtum. Wir glauben, dass diese reichhaltigere Energie mehr Informationen an das Schwingungswesen \u00fcbermittelt, das wir gem\u00e4\u00df der derzeit akzeptierten wissenschaftlichen Gleichung sind: Energie = Schwingungen = Frequenzen = Zahl = Code = Information = Bewusstsein.<\/li>\n<\/ul>\n<p>Sehen Sie sich hierzu unsere beiden Analysen an:<\/p>\n<ul>\n<li><a href=\"https:\/\/biodynamizer.com\/de\/wissenschaftliche-analyse\/lanalyse-biophotonique\/\"><span style=\"text-decoration: underline;\">Biophotonische Analyse<\/span><\/a><\/li>\n<li><a href=\"https:\/\/biodynamizer.com\/de\/wissenschaftliche-analyse\/la-kamera-elektrophotonische-coramp-loesungen\/\">Elektrophotonische Analyse<\/a><\/li>\n<li><a href=\"https:\/\/biodynamizer.com\/de\/wissenschaftliche-analyse\/elektrophotonik-expertise\/\">Expertise in elektrophotonischer Analyse<\/a> von Professor Marc Henry<\/li>\n<\/ul>\n<\/div><\/div><\/div><\/div><\/div><\/div><\/div><\/section>\n","protected":false},"excerpt":{"rendered":"<p>Restrukturiertes Wasser Biodynamisiertes Wasser ist umstrukturiertes Wasser, vergleichbar mit nat\u00fcrlichem Wasser, das spontan aus seiner Quelle entspringt (diese Umstrukturierung kommt von der Bewegung und dem Magnetismus, die im Biodynamizer vorhanden sind). Siehe hierzu auch unsere Analyse zu Wasserkristallen.<\/p>\n","protected":false},"author":3,"featured_media":0,"parent":0,"menu_order":5,"comment_status":"closed","ping_status":"closed","template":"","meta":{"_monsterinsights_skip_tracking":false,"_monsterinsights_sitenote_active":false,"_monsterinsights_sitenote_note":"","_monsterinsights_sitenote_category":0,"footnotes":""},"class_list":["post-6011","page","type-page","status-publish","hentry"],"yoast_head":"<!-- This site is optimized with the Yoast SEO plugin v27.4 - https:\/\/yoast.com\/product\/yoast-seo-wordpress\/ -->\n<title>Wasser und Energie &amp; strukturiert - Biodynamizer<\/title>\n<meta name=\"description\" content=\"Biodynamizer - Wasser und Energie &amp; strukturiert - En savoir plus sur le biodynamizer et le biofiltre\" \/>\n<meta name=\"robots\" content=\"index, follow, max-snippet:-1, max-image-preview:large, max-video-preview:-1\" \/>\n<link rel=\"canonical\" href=\"https:\/\/biodynamizer.com\/de\/eine-wasser-mit-struktur-energie\/\" \/>\n<meta property=\"og:locale\" content=\"de_DE\" \/>\n<meta property=\"og:type\" content=\"article\" \/>\n<meta property=\"og:title\" content=\"Wasser und Energie &amp; strukturiert - Biodynamizer\" \/>\n<meta property=\"og:description\" content=\"Biodynamizer - Wasser und Energie &amp; strukturiert - En savoir plus sur le biodynamizer et le biofiltre\" \/>\n<meta property=\"og:url\" content=\"https:\/\/biodynamizer.com\/de\/eine-wasser-mit-struktur-energie\/\" \/>\n<meta property=\"og:site_name\" content=\"Biodynamizer\" \/>\n<meta property=\"article:modified_time\" content=\"2025-11-13T11:49:44+00:00\" \/>\n<meta property=\"og:image\" content=\"https:\/\/biodynamizer.com\/wp-content\/uploads\/2019\/11\/Depositphotos_15742931_xl-2015.jpg\" \/>\n\t<meta property=\"og:image:width\" content=\"2000\" \/>\n\t<meta property=\"og:image:height\" content=\"1333\" \/>\n\t<meta property=\"og:image:type\" content=\"image\/jpeg\" \/>\n<meta name=\"twitter:card\" content=\"summary_large_image\" \/>\n<meta name=\"twitter:label1\" content=\"Gesch\u00e4tzte Lesezeit\" \/>\n\t<meta name=\"twitter:data1\" content=\"2\u00a0Minuten\" \/>\n<script type=\"application\/ld+json\" class=\"yoast-schema-graph\">{\"@context\":\"https:\\\/\\\/schema.org\",\"@graph\":[{\"@type\":\"WebPage\",\"@id\":\"https:\\\/\\\/biodynamizer.com\\\/de\\\/eine-wasser-mit-struktur-energie\\\/\",\"url\":\"https:\\\/\\\/biodynamizer.com\\\/de\\\/eine-wasser-mit-struktur-energie\\\/\",\"name\":\"Wasser und Energie & strukturiert - Biodynamizer\",\"isPartOf\":{\"@id\":\"https:\\\/\\\/biodynamizer.com\\\/de\\\/#website\"},\"datePublished\":\"2020-07-08T13:07:46+00:00\",\"dateModified\":\"2025-11-13T11:49:44+00:00\",\"description\":\"Biodynamizer - Wasser und Energie & strukturiert - En savoir plus sur le biodynamizer et le biofiltre\",\"breadcrumb\":{\"@id\":\"https:\\\/\\\/biodynamizer.com\\\/de\\\/eine-wasser-mit-struktur-energie\\\/#breadcrumb\"},\"inLanguage\":\"de\",\"potentialAction\":[{\"@type\":\"ReadAction\",\"target\":[\"https:\\\/\\\/biodynamizer.com\\\/de\\\/eine-wasser-mit-struktur-energie\\\/\"]}]},{\"@type\":\"BreadcrumbList\",\"@id\":\"https:\\\/\\\/biodynamizer.com\\\/de\\\/eine-wasser-mit-struktur-energie\\\/#breadcrumb\",\"itemListElement\":[{\"@type\":\"ListItem\",\"position\":1,\"name\":\"Home\",\"item\":\"https:\\\/\\\/biodynamizer.com\\\/de\\\/\"},{\"@type\":\"ListItem\",\"position\":2,\"name\":\"Wasser und Energie &#038; strukturiert\"}]},{\"@type\":\"WebSite\",\"@id\":\"https:\\\/\\\/biodynamizer.com\\\/de\\\/#website\",\"url\":\"https:\\\/\\\/biodynamizer.com\\\/de\\\/\",\"name\":\"Biodynamizer\",\"description\":\"Filtrez et dynamisez votre eau\",\"potentialAction\":[{\"@type\":\"SearchAction\",\"target\":{\"@type\":\"EntryPoint\",\"urlTemplate\":\"https:\\\/\\\/biodynamizer.com\\\/de\\\/?s={search_term_string}\"},\"query-input\":{\"@type\":\"PropertyValueSpecification\",\"valueRequired\":true,\"valueName\":\"search_term_string\"}}],\"inLanguage\":\"de\"}]}<\/script>\n<!-- \/ Yoast SEO plugin. -->","yoast_head_json":{"title":"Wasser und Energie & strukturiert - Biodynamizer","description":"Biodynamizer - Wasser und Energie & strukturiert - En savoir plus sur le biodynamizer et le biofiltre","robots":{"index":"index","follow":"follow","max-snippet":"max-snippet:-1","max-image-preview":"max-image-preview:large","max-video-preview":"max-video-preview:-1"},"canonical":"https:\/\/biodynamizer.com\/de\/eine-wasser-mit-struktur-energie\/","og_locale":"de_DE","og_type":"article","og_title":"Wasser und Energie & strukturiert - Biodynamizer","og_description":"Biodynamizer - Wasser und Energie & strukturiert - En savoir plus sur le biodynamizer et le biofiltre","og_url":"https:\/\/biodynamizer.com\/de\/eine-wasser-mit-struktur-energie\/","og_site_name":"Biodynamizer","article_modified_time":"2025-11-13T11:49:44+00:00","og_image":[{"width":2000,"height":1333,"url":"https:\/\/biodynamizer.com\/wp-content\/uploads\/2019\/11\/Depositphotos_15742931_xl-2015.jpg","type":"image\/jpeg"}],"twitter_card":"summary_large_image","twitter_misc":{"Gesch\u00e4tzte Lesezeit":"2\u00a0Minuten"},"schema":{"@context":"https:\/\/schema.org","@graph":[{"@type":"WebPage","@id":"https:\/\/biodynamizer.com\/de\/eine-wasser-mit-struktur-energie\/","url":"https:\/\/biodynamizer.com\/de\/eine-wasser-mit-struktur-energie\/","name":"Wasser und Energie & strukturiert - Biodynamizer","isPartOf":{"@id":"https:\/\/biodynamizer.com\/de\/#website"},"datePublished":"2020-07-08T13:07:46+00:00","dateModified":"2025-11-13T11:49:44+00:00","description":"Biodynamizer - Wasser und Energie & strukturiert - En savoir plus sur le biodynamizer et le biofiltre","breadcrumb":{"@id":"https:\/\/biodynamizer.com\/de\/eine-wasser-mit-struktur-energie\/#breadcrumb"},"inLanguage":"de","potentialAction":[{"@type":"ReadAction","target":["https:\/\/biodynamizer.com\/de\/eine-wasser-mit-struktur-energie\/"]}]},{"@type":"BreadcrumbList","@id":"https:\/\/biodynamizer.com\/de\/eine-wasser-mit-struktur-energie\/#breadcrumb","itemListElement":[{"@type":"ListItem","position":1,"name":"Home","item":"https:\/\/biodynamizer.com\/de\/"},{"@type":"ListItem","position":2,"name":"Wasser und Energie &#038; strukturiert"}]},{"@type":"WebSite","@id":"https:\/\/biodynamizer.com\/de\/#website","url":"https:\/\/biodynamizer.com\/de\/","name":"Biodynamizer","description":"Filtrez et dynamisez votre eau","potentialAction":[{"@type":"SearchAction","target":{"@type":"EntryPoint","urlTemplate":"https:\/\/biodynamizer.com\/de\/?s={search_term_string}"},"query-input":{"@type":"PropertyValueSpecification","valueRequired":true,"valueName":"search_term_string"}}],"inLanguage":"de"}]}},"_links":{"self":[{"href":"https:\/\/biodynamizer.com\/de\/wp-json\/wp\/v2\/pages\/6011","targetHints":{"allow":["GET"]}}],"collection":[{"href":"https:\/\/biodynamizer.com\/de\/wp-json\/wp\/v2\/pages"}],"about":[{"href":"https:\/\/biodynamizer.com\/de\/wp-json\/wp\/v2\/types\/page"}],"author":[{"embeddable":true,"href":"https:\/\/biodynamizer.com\/de\/wp-json\/wp\/v2\/users\/3"}],"replies":[{"embeddable":true,"href":"https:\/\/biodynamizer.com\/de\/wp-json\/wp\/v2\/comments?post=6011"}],"version-history":[{"count":16,"href":"https:\/\/biodynamizer.com\/de\/wp-json\/wp\/v2\/pages\/6011\/revisions"}],"predecessor-version":[{"id":29917,"href":"https:\/\/biodynamizer.com\/de\/wp-json\/wp\/v2\/pages\/6011\/revisions\/29917"}],"wp:attachment":[{"href":"https:\/\/biodynamizer.com\/de\/wp-json\/wp\/v2\/media?parent=6011"}],"curies":[{"name":"wp","href":"https:\/\/api.w.org\/{rel}","templated":true}]}}