{"id":6020,"date":"2020-07-06T15:02:34","date_gmt":"2020-07-06T15:02:34","guid":{"rendered":"https:\/\/biodynamizer.spleen-creation.be\/les-bienfaits\/une-eau-hydratante%e2%80%8b\/"},"modified":"2024-07-18T07:08:09","modified_gmt":"2024-07-18T07:08:09","slug":"wasser-feuchtigkeitsspender","status":"publish","type":"page","link":"https:\/\/biodynamizer.com\/de\/die-vorteile\/wasser-feuchtigkeitsspender\/","title":{"rendered":"Mehr feuchtigkeitsspendendes und weniger oxidiertes Wasser"},"content":{"rendered":"<section class=\"l-section wpb_row us_custom_916fdabd height_small\"><div class=\"l-section-h i-cf\"><div class=\"g-cols vc_row via_flex valign_top type_default stacking_default\"><div class=\"vc_col-sm-12 wpb_column vc_column_container\"><div class=\"vc_column-inner\"><div class=\"wpb_wrapper\"><nav class=\"g-breadcrumbs separator_custom align_none\" itemscope itemtype=\"http:\/\/schema.org\/BreadcrumbList\"><div class=\"g-breadcrumbs-item\" itemscope itemprop=\"itemListElement\" itemtype=\"http:\/\/schema.org\/ListItem\"><a itemprop=\"item\" href=\"https:\/\/biodynamizer.com\/de\/\"><span itemprop=\"name\">Start<\/span><\/a><meta itemprop=\"position\" content=\"1\"\/><\/div><div class=\"g-breadcrumbs-separator\">\/<\/div><div class=\"g-breadcrumbs-item\">Seiten<\/div><\/nav><\/div><\/div><\/div><\/div><\/div><\/section><section class=\"l-section wpb_row max500 height_auto width_full\"><div class=\"l-section-h i-cf\"><div class=\"g-cols vc_row via_flex valign_top type_default reversed stacking_default\"><div class=\"vc_col-sm-6 wpb_column vc_column_container tekstsideblock\"><div class=\"vc_column-inner\"><div class=\"wpb_wrapper\"><div class=\"w-separator size_medium\"><\/div><div class=\"w-image align_center\"><div class=\"w-image-h\"><img decoding=\"async\" width=\"600\" height=\"400\" src=\"https:\/\/biodynamizer.com\/wp-content\/uploads\/2024\/07\/Depositphotos_95016836_xl-2015-600x400.jpg\" class=\"attachment-us_600_400_crop size-us_600_400_crop\" alt=\"Jeune femme avec le visage et les mains au-dessus d\u2019\u00e9claboussures d\u2019eau, illustrant les soins de la peau, l\u2019hydratation et la sant\u00e9.\" loading=\"lazy\" \/><\/div><\/div><div class=\"w-separator size_medium\"><\/div><div class=\"w-image align_center\"><div class=\"w-image-h\"><img decoding=\"async\" width=\"600\" height=\"400\" src=\"https:\/\/biodynamizer.com\/wp-content\/uploads\/2024\/05\/Depositphotos_55901251_XL-1-600x400.jpg\" class=\"attachment-us_600_400_crop size-us_600_400_crop\" alt=\"Concept de beaut\u00e9 illustrant le rajeunissement de la peau du visage, avec des proc\u00e9dures anti-\u00e2ge, lifting, raffermissement et r\u00e9duction des rides.\" loading=\"lazy\" srcset=\"https:\/\/biodynamizer.com\/wp-content\/uploads\/2024\/05\/Depositphotos_55901251_XL-1-600x400.jpg 600w, https:\/\/biodynamizer.com\/wp-content\/uploads\/2024\/05\/Depositphotos_55901251_XL-1-300x199.jpg 300w\" sizes=\"auto, (max-width: 600px) 100vw, 600px\" \/><\/div><\/div><\/div><\/div><\/div><div class=\"vc_col-sm-6 wpb_column vc_column_container imagesideblock\"><div class=\"vc_column-inner\"><div class=\"wpb_wrapper\"><div class=\"wpb_text_column\"><div class=\"wpb_wrapper\"><h2><b><a href=\"https:\/\/biodynamizer.com\/de\/wasser\/\"><span style=\"text-decoration: underline;\">Mehr hydratisierendes<\/span><\/a> und viel <span style=\"text-decoration: underline;\"><a href=\"https:\/\/biodynamizer.com\/de\/wissenschaftliche-analyse\/analyse-bev-bio-elektronik-von-vinzen-beobachtet-ein-dynamisiertes-wasser-antioxidantien-charakter-analysee\/\">weniger oxidiertes Wasser<\/a><\/span>\u00a0 \u00a0 \u00a0 \u00a0 \u00a0 \u00a0 \u00a0 \u00a0 \u00a0 \u00a0 \u00a0 \u00a0 \u00a0\u00a0<\/b><\/h2>\n<\/div><\/div><div class=\"wpb_text_column\"><div class=\"wpb_wrapper\"><ul>\n<li>Das getrunkene Wasser hat eine geringere <strong><a href=\"https:\/\/biodynamizer.com\/de\/wissenschaftliche-analyse\/la-kamera-elektrophotonische-coramp-loesungen\/\">Oberfl\u00e4chenspannung<\/a><\/strong> was f\u00fcr unsere Zellen feuchtigkeitsspendender soll es machen ! Es hat eine &#8222;st\u00e4rkere Benetzungskraft&#8220;, die das Eindringen von Wasser in die Zellen (\u00fcber Aquaporine) optimiert und insbesondere die korrekte Beseitigung von Toxinen erm\u00f6glicht. &#8222;Wenn N\u00e4hrstoffe aufgrund der hohen Oberfl\u00e4chenspannung des Wassers nicht in die Zellen gelangen k\u00f6nnen, werden die Zellen dehydriert und sterben an der Ansammlung ihrer eigenen Abf\u00e4lle&#8220; Nobelpreis Alexis Carrel<\/li>\n<li>Dies ist absolut nicht der Fall bei W\u00e4ssern mit einer hohen Oberfl\u00e4chenspannung, die die Zellen austrocknen und vorzeitig altern lassen!<\/li>\n<li>Es ist interessant zu wissen, dass Wasser die Haut nicht direkt mit Feuchtigkeit versorgt! In der Tat stellt die Epidermis eine Barriere dar, die durch den ber\u00fchmten &#8222;Hydrolipidfilm&#8220; gesch\u00fctzt ist, der verhindert, dass Wasser in Ihren K\u00f6rper eindringt.<\/li>\n<li>Wenn Leitungswasser jedoch nicht gefiltert wird, enth\u00e4lt es Schadstoffe. Diese k\u00f6nnen dann in den K\u00f6rper gelangen! Auf diese Weise werden im Leitungswasser vorhandene Chlorierungsr\u00fcckst\u00e4nde beim Baden oder Duschen durch die Haut oder beim Einatmen absorbiert. Diese Route repr\u00e4sentiert 70% dieser Art von Kontamination! Die restlichen 30% werden durch Trinken erledigt. Das gefilterte und mit Energie versorgte Wasser sch\u00fctzt Sie vor dieser Art von Verunreinigung!<\/li>\n<li>Dynamisiertes Wasser reduziert sehr deutlich die <strong><a href=\"https:\/\/biodynamizer.com\/de\/wissenschaftliche-analyse\/analyse-bev-bio-elektronik-von-vinzen-beobachtet-ein-dynamisiertes-wasser-antioxidantien-charakter-analysee\/\">Wasseroxidation<\/a><\/strong> (indem es das Wasser reduzierend oder physiologisch vertr\u00e4glich macht) und beteiligt sich an der Zellregeneration (indem es die elektronische Aktivit\u00e4t des Wassers erh\u00f6ht, hilft es, freie Radikale zu bek\u00e4mpfen).<\/li>\n<\/ul>\n<\/div><\/div><\/div><\/div><\/div><\/div><\/div><\/section><section class=\"l-section wpb_row height_auto\"><div class=\"l-section-h i-cf\"><div class=\"g-cols vc_row via_flex valign_top type_default stacking_default\"><div class=\"vc_col-sm-12 wpb_column vc_column_container\"><div class=\"vc_column-inner\"><div class=\"wpb_wrapper\"><\/div><\/div><\/div><\/div><\/div><\/section>\n","protected":false},"excerpt":{"rendered":"Start\/SeitenMehr hydratisierendes und viel weniger oxidiertes Wasser\u00a0 \u00a0 \u00a0 \u00a0 \u00a0 \u00a0 \u00a0 \u00a0 \u00a0 \u00a0 \u00a0 \u00a0 \u00a0\u00a0 Das getrunkene Wasser hat eine geringere Oberfl\u00e4chenspannung was f\u00fcr unsere Zellen feuchtigkeitsspendender soll es machen ! Es hat eine &#8222;st\u00e4rkere Benetzungskraft&#8220;, die das Eindringen von Wasser in die Zellen (\u00fcber Aquaporine) optimiert und insbesondere die korrekte...","protected":false},"author":3,"featured_media":0,"parent":5828,"menu_order":1,"comment_status":"closed","ping_status":"closed","template":"","meta":{"_monsterinsights_skip_tracking":false,"_monsterinsights_sitenote_active":false,"_monsterinsights_sitenote_note":"","_monsterinsights_sitenote_category":0,"footnotes":""},"class_list":["post-6020","page","type-page","status-publish","hentry"],"yoast_head":"<!-- This site is optimized with the Yoast SEO plugin v27.3 - https:\/\/yoast.com\/product\/yoast-seo-wordpress\/ -->\n<title>Mehr feuchtigkeitsspendendes und weniger oxidiertes Wasser - Biodynamizer<\/title>\n<meta name=\"description\" content=\"Biodynamizer - Mehr feuchtigkeitsspendendes und weniger oxidiertes Wasser - En savoir plus sur le biodynamizer et le biofiltre\" \/>\n<meta name=\"robots\" content=\"index, follow, max-snippet:-1, max-image-preview:large, max-video-preview:-1\" \/>\n<link rel=\"canonical\" href=\"https:\/\/biodynamizer.com\/de\/die-vorteile\/wasser-feuchtigkeitsspender\/\" \/>\n<meta property=\"og:locale\" content=\"de_DE\" \/>\n<meta property=\"og:type\" content=\"article\" \/>\n<meta property=\"og:title\" content=\"Mehr feuchtigkeitsspendendes und weniger oxidiertes Wasser - Biodynamizer\" \/>\n<meta property=\"og:description\" content=\"Biodynamizer - Mehr feuchtigkeitsspendendes und weniger oxidiertes Wasser - En savoir plus sur le biodynamizer et le biofiltre\" \/>\n<meta property=\"og:url\" content=\"https:\/\/biodynamizer.com\/de\/die-vorteile\/wasser-feuchtigkeitsspender\/\" \/>\n<meta property=\"og:site_name\" content=\"Biodynamizer\" \/>\n<meta property=\"article:modified_time\" content=\"2024-07-18T07:08:09+00:00\" \/>\n<meta property=\"og:image\" content=\"https:\/\/biodynamizer.com\/wp-content\/uploads\/2019\/11\/Depositphotos_15742931_xl-2015.jpg\" \/>\n\t<meta property=\"og:image:width\" content=\"2000\" \/>\n\t<meta property=\"og:image:height\" content=\"1333\" \/>\n\t<meta property=\"og:image:type\" content=\"image\/jpeg\" \/>\n<meta name=\"twitter:card\" content=\"summary_large_image\" \/>\n<meta name=\"twitter:label1\" content=\"Gesch\u00e4tzte Lesezeit\" \/>\n\t<meta name=\"twitter:data1\" content=\"2\u00a0Minuten\" \/>\n<script type=\"application\/ld+json\" class=\"yoast-schema-graph\">{\"@context\":\"https:\\\/\\\/schema.org\",\"@graph\":[{\"@type\":\"WebPage\",\"@id\":\"https:\\\/\\\/biodynamizer.com\\\/de\\\/die-vorteile\\\/wasser-feuchtigkeitsspender\\\/\",\"url\":\"https:\\\/\\\/biodynamizer.com\\\/de\\\/die-vorteile\\\/wasser-feuchtigkeitsspender\\\/\",\"name\":\"Mehr feuchtigkeitsspendendes und weniger oxidiertes Wasser - Biodynamizer\",\"isPartOf\":{\"@id\":\"https:\\\/\\\/biodynamizer.com\\\/de\\\/#website\"},\"datePublished\":\"2020-07-06T15:02:34+00:00\",\"dateModified\":\"2024-07-18T07:08:09+00:00\",\"description\":\"Biodynamizer - Mehr feuchtigkeitsspendendes und weniger oxidiertes Wasser - En savoir plus sur le biodynamizer et le biofiltre\",\"breadcrumb\":{\"@id\":\"https:\\\/\\\/biodynamizer.com\\\/de\\\/die-vorteile\\\/wasser-feuchtigkeitsspender\\\/#breadcrumb\"},\"inLanguage\":\"de\",\"potentialAction\":[{\"@type\":\"ReadAction\",\"target\":[\"https:\\\/\\\/biodynamizer.com\\\/de\\\/die-vorteile\\\/wasser-feuchtigkeitsspender\\\/\"]}]},{\"@type\":\"BreadcrumbList\",\"@id\":\"https:\\\/\\\/biodynamizer.com\\\/de\\\/die-vorteile\\\/wasser-feuchtigkeitsspender\\\/#breadcrumb\",\"itemListElement\":[{\"@type\":\"ListItem\",\"position\":1,\"name\":\"Home\",\"item\":\"https:\\\/\\\/biodynamizer.com\\\/de\\\/\"},{\"@type\":\"ListItem\",\"position\":2,\"name\":\"Die Vorteile\",\"item\":\"https:\\\/\\\/biodynamizer.com\\\/de\\\/die-vorteile\\\/\"},{\"@type\":\"ListItem\",\"position\":3,\"name\":\"Mehr feuchtigkeitsspendendes und weniger oxidiertes Wasser\"}]},{\"@type\":\"WebSite\",\"@id\":\"https:\\\/\\\/biodynamizer.com\\\/de\\\/#website\",\"url\":\"https:\\\/\\\/biodynamizer.com\\\/de\\\/\",\"name\":\"Biodynamizer\",\"description\":\"Filtrez et dynamisez votre eau\",\"potentialAction\":[{\"@type\":\"SearchAction\",\"target\":{\"@type\":\"EntryPoint\",\"urlTemplate\":\"https:\\\/\\\/biodynamizer.com\\\/de\\\/?s={search_term_string}\"},\"query-input\":{\"@type\":\"PropertyValueSpecification\",\"valueRequired\":true,\"valueName\":\"search_term_string\"}}],\"inLanguage\":\"de\"}]}<\/script>\n<!-- \/ Yoast SEO plugin. -->","yoast_head_json":{"title":"Mehr feuchtigkeitsspendendes und weniger oxidiertes Wasser - Biodynamizer","description":"Biodynamizer - Mehr feuchtigkeitsspendendes und weniger oxidiertes Wasser - En savoir plus sur le biodynamizer et le biofiltre","robots":{"index":"index","follow":"follow","max-snippet":"max-snippet:-1","max-image-preview":"max-image-preview:large","max-video-preview":"max-video-preview:-1"},"canonical":"https:\/\/biodynamizer.com\/de\/die-vorteile\/wasser-feuchtigkeitsspender\/","og_locale":"de_DE","og_type":"article","og_title":"Mehr feuchtigkeitsspendendes und weniger oxidiertes Wasser - Biodynamizer","og_description":"Biodynamizer - Mehr feuchtigkeitsspendendes und weniger oxidiertes Wasser - En savoir plus sur le biodynamizer et le biofiltre","og_url":"https:\/\/biodynamizer.com\/de\/die-vorteile\/wasser-feuchtigkeitsspender\/","og_site_name":"Biodynamizer","article_modified_time":"2024-07-18T07:08:09+00:00","og_image":[{"width":2000,"height":1333,"url":"https:\/\/biodynamizer.com\/wp-content\/uploads\/2019\/11\/Depositphotos_15742931_xl-2015.jpg","type":"image\/jpeg"}],"twitter_card":"summary_large_image","twitter_misc":{"Gesch\u00e4tzte Lesezeit":"2\u00a0Minuten"},"schema":{"@context":"https:\/\/schema.org","@graph":[{"@type":"WebPage","@id":"https:\/\/biodynamizer.com\/de\/die-vorteile\/wasser-feuchtigkeitsspender\/","url":"https:\/\/biodynamizer.com\/de\/die-vorteile\/wasser-feuchtigkeitsspender\/","name":"Mehr feuchtigkeitsspendendes und weniger oxidiertes Wasser - Biodynamizer","isPartOf":{"@id":"https:\/\/biodynamizer.com\/de\/#website"},"datePublished":"2020-07-06T15:02:34+00:00","dateModified":"2024-07-18T07:08:09+00:00","description":"Biodynamizer - Mehr feuchtigkeitsspendendes und weniger oxidiertes Wasser - En savoir plus sur le biodynamizer et le biofiltre","breadcrumb":{"@id":"https:\/\/biodynamizer.com\/de\/die-vorteile\/wasser-feuchtigkeitsspender\/#breadcrumb"},"inLanguage":"de","potentialAction":[{"@type":"ReadAction","target":["https:\/\/biodynamizer.com\/de\/die-vorteile\/wasser-feuchtigkeitsspender\/"]}]},{"@type":"BreadcrumbList","@id":"https:\/\/biodynamizer.com\/de\/die-vorteile\/wasser-feuchtigkeitsspender\/#breadcrumb","itemListElement":[{"@type":"ListItem","position":1,"name":"Home","item":"https:\/\/biodynamizer.com\/de\/"},{"@type":"ListItem","position":2,"name":"Die Vorteile","item":"https:\/\/biodynamizer.com\/de\/die-vorteile\/"},{"@type":"ListItem","position":3,"name":"Mehr feuchtigkeitsspendendes und weniger oxidiertes Wasser"}]},{"@type":"WebSite","@id":"https:\/\/biodynamizer.com\/de\/#website","url":"https:\/\/biodynamizer.com\/de\/","name":"Biodynamizer","description":"Filtrez et dynamisez votre eau","potentialAction":[{"@type":"SearchAction","target":{"@type":"EntryPoint","urlTemplate":"https:\/\/biodynamizer.com\/de\/?s={search_term_string}"},"query-input":{"@type":"PropertyValueSpecification","valueRequired":true,"valueName":"search_term_string"}}],"inLanguage":"de"}]}},"_links":{"self":[{"href":"https:\/\/biodynamizer.com\/de\/wp-json\/wp\/v2\/pages\/6020","targetHints":{"allow":["GET"]}}],"collection":[{"href":"https:\/\/biodynamizer.com\/de\/wp-json\/wp\/v2\/pages"}],"about":[{"href":"https:\/\/biodynamizer.com\/de\/wp-json\/wp\/v2\/types\/page"}],"author":[{"embeddable":true,"href":"https:\/\/biodynamizer.com\/de\/wp-json\/wp\/v2\/users\/3"}],"replies":[{"embeddable":true,"href":"https:\/\/biodynamizer.com\/de\/wp-json\/wp\/v2\/comments?post=6020"}],"version-history":[{"count":17,"href":"https:\/\/biodynamizer.com\/de\/wp-json\/wp\/v2\/pages\/6020\/revisions"}],"predecessor-version":[{"id":24913,"href":"https:\/\/biodynamizer.com\/de\/wp-json\/wp\/v2\/pages\/6020\/revisions\/24913"}],"up":[{"embeddable":true,"href":"https:\/\/biodynamizer.com\/de\/wp-json\/wp\/v2\/pages\/5828"}],"wp:attachment":[{"href":"https:\/\/biodynamizer.com\/de\/wp-json\/wp\/v2\/media?parent=6020"}],"curies":[{"name":"wp","href":"https:\/\/api.w.org\/{rel}","templated":true}]}}