{"id":6029,"date":"2020-01-29T09:02:15","date_gmt":"2020-01-29T09:02:15","guid":{"rendered":"https:\/\/biodynamizer.spleen-creation.be\/les-bienfaits\/une-eau-remplie-denergie\/"},"modified":"2022-11-03T11:09:57","modified_gmt":"2022-11-03T11:09:57","slug":"wasser-feuchtigkeitsspender-2","status":"publish","type":"page","link":"https:\/\/biodynamizer.com\/de\/die-vorteile\/wasser-feuchtigkeitsspender-2\/","title":{"rendered":"Wasser gef\u00fcllt mit Energie"},"content":{"rendered":"<section class=\"l-section wpb_row us_custom_916fdabd height_small\"><div class=\"l-section-h i-cf\"><div class=\"g-cols vc_row via_flex valign_top type_default stacking_default\"><div class=\"vc_col-sm-12 wpb_column vc_column_container\"><div class=\"vc_column-inner\"><div class=\"wpb_wrapper\"><nav class=\"g-breadcrumbs separator_custom align_none\" itemscope itemtype=\"http:\/\/schema.org\/BreadcrumbList\"><div class=\"g-breadcrumbs-item\" itemscope itemprop=\"itemListElement\" itemtype=\"http:\/\/schema.org\/ListItem\"><a itemprop=\"item\" href=\"https:\/\/biodynamizer.com\/de\/\"><span itemprop=\"name\">Start<\/span><\/a><meta itemprop=\"position\" content=\"1\"\/><\/div><div class=\"g-breadcrumbs-separator\">\/<\/div><div class=\"g-breadcrumbs-item\">Seiten<\/div><\/nav><\/div><\/div><\/div><\/div><\/div><\/section><section class=\"l-section wpb_row fullheader height_huge with_img\"><div class=\"l-section-img\" role=\"img\" aria-label=\"ocean wave\" data-img-width=\"1519\" data-img-height=\"371\" style=\"background-image: url(https:\/\/biodynamizer.com\/wp-content\/uploads\/2020\/03\/New-Project-42.jpg);background-repeat: no-repeat;\"><\/div><div class=\"l-section-h i-cf\"><div class=\"g-cols vc_row via_flex valign_top type_default stacking_default\"><div class=\"vc_col-sm-12 wpb_column vc_column_container has_text_color\"><div class=\"vc_column-inner us_custom_6df4bc3a\"><div class=\"wpb_wrapper\"><div class=\"wpb_text_column\"><div class=\"wpb_wrapper\"><h3>Wasser gef\u00fcllt mit Energie<\/h3>\n<\/div><\/div><\/div><\/div><\/div><\/div><\/div><\/section><section class=\"l-section wpb_row max500 height_large\"><div class=\"l-section-h i-cf\"><div class=\"g-cols vc_row via_flex valign_top type_default stacking_default\"><div class=\"vc_col-sm-6 wpb_column vc_column_container\"><div class=\"vc_column-inner\"><div class=\"wpb_wrapper\"><div class=\"wpb_text_column\"><div class=\"wpb_wrapper\"><ul>\n<li>Dynamisiertes Wasser ist mit Energie gef\u00fclltes Wasser (in photonischer Hinsicht) \u00e4hnlich wie Berg- oder Kaskadenwasser. All diese <span style=\"text-decoration: underline;\"><strong><a href=\"https:\/\/biodynamizer.com\/de\/unsere-loesungen\/der-biodynamizer\/energetisierung\/\">Energie<\/a><\/strong><\/span> wird f\u00fcr die <span style=\"text-decoration: underline;\"><strong><a href=\"https:\/\/biodynamizer.com\/analyses-scientifiques\/le-bioscope-spectrometre\/\">Zellkommunikation<\/a><\/strong><\/span> und die Stoffwechselfunktion verwendet!<\/li>\n<li>Die Energie von dynamisiertem Wasser hat eine gr\u00f6\u00dfere Photodiversit\u00e4t (in Bezug auf Qualit\u00e4t und Stabilit\u00e4t). Wir glauben, dass dadurch dynamisches Wasser besser mit Lebewesen vertr\u00e4glicher wird.<\/li>\n<\/ul>\n<\/div><\/div><\/div><\/div><\/div><div class=\"vc_col-sm-6 wpb_column vc_column_container\"><div class=\"vc_column-inner\"><div class=\"wpb_wrapper\"><div class=\"g-cols wpb_row via_flex valign_top type_default stacking_default\"><div class=\"vc_col-sm-6 wpb_column vc_column_container\"><div class=\"vc_column-inner\"><div class=\"wpb_wrapper\"><div class=\"w-image align_center\"><div class=\"w-image-h\"><img decoding=\"async\" width=\"489\" height=\"466\" src=\"https:\/\/biodynamizer.com\/wp-content\/uploads\/2020\/01\/remplie.png\" class=\"attachment-large size-large\" alt=\"\" loading=\"lazy\" srcset=\"https:\/\/biodynamizer.com\/wp-content\/uploads\/2020\/01\/remplie.png 489w, https:\/\/biodynamizer.com\/wp-content\/uploads\/2020\/01\/remplie-300x286.png 300w\" sizes=\"auto, (max-width: 489px) 100vw, 489px\" \/><\/div><\/div><\/div><\/div><\/div><div class=\"vc_col-sm-6 wpb_column vc_column_container\"><div class=\"vc_column-inner\"><div class=\"wpb_wrapper\"><div class=\"w-image align_center\"><div class=\"w-image-h\"><img decoding=\"async\" width=\"250\" height=\"240\" src=\"https:\/\/biodynamizer.com\/wp-content\/uploads\/2020\/03\/New-Project-43.jpg\" class=\"attachment-large size-large\" alt=\"\" loading=\"lazy\" \/><\/div><\/div><\/div><\/div><\/div><\/div><div class=\"wpb_text_column\"><div class=\"wpb_wrapper\"><p style=\"text-align: left;\"><em>Abbildung eines Wassermolek\u00fcls<\/em><\/p>\n<\/div><\/div><\/div><\/div><\/div><\/div><\/div><\/section>\n","protected":false},"excerpt":{"rendered":"Start\/Seiten Wasser gef\u00fcllt mit Energie Dynamisiertes Wasser ist mit Energie gef\u00fclltes Wasser (in photonischer Hinsicht) \u00e4hnlich wie Berg- oder Kaskadenwasser. All diese Energie wird f\u00fcr die Zellkommunikation und die Stoffwechselfunktion verwendet! Die Energie von dynamisiertem Wasser hat eine gr\u00f6\u00dfere Photodiversit\u00e4t (in Bezug auf Qualit\u00e4t und Stabilit\u00e4t). Wir glauben, dass dadurch dynamisches Wasser besser mit Lebewesen...","protected":false},"author":3,"featured_media":0,"parent":5828,"menu_order":3,"comment_status":"closed","ping_status":"closed","template":"","meta":{"_monsterinsights_skip_tracking":false,"_monsterinsights_sitenote_active":false,"_monsterinsights_sitenote_note":"","_monsterinsights_sitenote_category":0,"footnotes":""},"class_list":["post-6029","page","type-page","status-publish","hentry"],"yoast_head":"<!-- This site is optimized with the Yoast SEO plugin v27.3 - https:\/\/yoast.com\/product\/yoast-seo-wordpress\/ -->\n<title>Wasser gef\u00fcllt mit Energie - Biodynamizer<\/title>\n<meta name=\"description\" content=\"Biodynamizer - Wasser gef\u00fcllt mit Energie - En savoir plus sur le biodynamizer et le biofiltre\" \/>\n<meta name=\"robots\" content=\"index, follow, max-snippet:-1, max-image-preview:large, max-video-preview:-1\" \/>\n<link rel=\"canonical\" href=\"https:\/\/biodynamizer.com\/de\/die-vorteile\/wasser-feuchtigkeitsspender-2\/\" \/>\n<meta property=\"og:locale\" content=\"de_DE\" \/>\n<meta property=\"og:type\" content=\"article\" \/>\n<meta property=\"og:title\" content=\"Wasser gef\u00fcllt mit Energie - Biodynamizer\" \/>\n<meta property=\"og:description\" content=\"Biodynamizer - Wasser gef\u00fcllt mit Energie - En savoir plus sur le biodynamizer et le biofiltre\" \/>\n<meta property=\"og:url\" content=\"https:\/\/biodynamizer.com\/de\/die-vorteile\/wasser-feuchtigkeitsspender-2\/\" \/>\n<meta property=\"og:site_name\" content=\"Biodynamizer\" \/>\n<meta property=\"article:modified_time\" content=\"2022-11-03T11:09:57+00:00\" \/>\n<meta property=\"og:image\" content=\"https:\/\/biodynamizer.com\/wp-content\/uploads\/2019\/11\/Depositphotos_15742931_xl-2015.jpg\" \/>\n\t<meta property=\"og:image:width\" content=\"2000\" \/>\n\t<meta property=\"og:image:height\" content=\"1333\" \/>\n\t<meta property=\"og:image:type\" content=\"image\/jpeg\" \/>\n<meta name=\"twitter:card\" content=\"summary_large_image\" \/>\n<meta name=\"twitter:label1\" content=\"Gesch\u00e4tzte Lesezeit\" \/>\n\t<meta name=\"twitter:data1\" content=\"1\u00a0Minute\" \/>\n<script type=\"application\/ld+json\" class=\"yoast-schema-graph\">{\"@context\":\"https:\\\/\\\/schema.org\",\"@graph\":[{\"@type\":\"WebPage\",\"@id\":\"https:\\\/\\\/biodynamizer.com\\\/de\\\/die-vorteile\\\/wasser-feuchtigkeitsspender-2\\\/\",\"url\":\"https:\\\/\\\/biodynamizer.com\\\/de\\\/die-vorteile\\\/wasser-feuchtigkeitsspender-2\\\/\",\"name\":\"Wasser gef\u00fcllt mit Energie - Biodynamizer\",\"isPartOf\":{\"@id\":\"https:\\\/\\\/biodynamizer.com\\\/de\\\/#website\"},\"datePublished\":\"2020-01-29T09:02:15+00:00\",\"dateModified\":\"2022-11-03T11:09:57+00:00\",\"description\":\"Biodynamizer - Wasser gef\u00fcllt mit Energie - En savoir plus sur le biodynamizer et le biofiltre\",\"breadcrumb\":{\"@id\":\"https:\\\/\\\/biodynamizer.com\\\/de\\\/die-vorteile\\\/wasser-feuchtigkeitsspender-2\\\/#breadcrumb\"},\"inLanguage\":\"de\",\"potentialAction\":[{\"@type\":\"ReadAction\",\"target\":[\"https:\\\/\\\/biodynamizer.com\\\/de\\\/die-vorteile\\\/wasser-feuchtigkeitsspender-2\\\/\"]}]},{\"@type\":\"BreadcrumbList\",\"@id\":\"https:\\\/\\\/biodynamizer.com\\\/de\\\/die-vorteile\\\/wasser-feuchtigkeitsspender-2\\\/#breadcrumb\",\"itemListElement\":[{\"@type\":\"ListItem\",\"position\":1,\"name\":\"Home\",\"item\":\"https:\\\/\\\/biodynamizer.com\\\/de\\\/\"},{\"@type\":\"ListItem\",\"position\":2,\"name\":\"Die Vorteile\",\"item\":\"https:\\\/\\\/biodynamizer.com\\\/de\\\/die-vorteile\\\/\"},{\"@type\":\"ListItem\",\"position\":3,\"name\":\"Wasser gef\u00fcllt mit Energie\"}]},{\"@type\":\"WebSite\",\"@id\":\"https:\\\/\\\/biodynamizer.com\\\/de\\\/#website\",\"url\":\"https:\\\/\\\/biodynamizer.com\\\/de\\\/\",\"name\":\"Biodynamizer\",\"description\":\"Filtrez et dynamisez votre eau\",\"potentialAction\":[{\"@type\":\"SearchAction\",\"target\":{\"@type\":\"EntryPoint\",\"urlTemplate\":\"https:\\\/\\\/biodynamizer.com\\\/de\\\/?s={search_term_string}\"},\"query-input\":{\"@type\":\"PropertyValueSpecification\",\"valueRequired\":true,\"valueName\":\"search_term_string\"}}],\"inLanguage\":\"de\"}]}<\/script>\n<!-- \/ Yoast SEO plugin. -->","yoast_head_json":{"title":"Wasser gef\u00fcllt mit Energie - Biodynamizer","description":"Biodynamizer - Wasser gef\u00fcllt mit Energie - En savoir plus sur le biodynamizer et le biofiltre","robots":{"index":"index","follow":"follow","max-snippet":"max-snippet:-1","max-image-preview":"max-image-preview:large","max-video-preview":"max-video-preview:-1"},"canonical":"https:\/\/biodynamizer.com\/de\/die-vorteile\/wasser-feuchtigkeitsspender-2\/","og_locale":"de_DE","og_type":"article","og_title":"Wasser gef\u00fcllt mit Energie - Biodynamizer","og_description":"Biodynamizer - Wasser gef\u00fcllt mit Energie - En savoir plus sur le biodynamizer et le biofiltre","og_url":"https:\/\/biodynamizer.com\/de\/die-vorteile\/wasser-feuchtigkeitsspender-2\/","og_site_name":"Biodynamizer","article_modified_time":"2022-11-03T11:09:57+00:00","og_image":[{"width":2000,"height":1333,"url":"https:\/\/biodynamizer.com\/wp-content\/uploads\/2019\/11\/Depositphotos_15742931_xl-2015.jpg","type":"image\/jpeg"}],"twitter_card":"summary_large_image","twitter_misc":{"Gesch\u00e4tzte Lesezeit":"1\u00a0Minute"},"schema":{"@context":"https:\/\/schema.org","@graph":[{"@type":"WebPage","@id":"https:\/\/biodynamizer.com\/de\/die-vorteile\/wasser-feuchtigkeitsspender-2\/","url":"https:\/\/biodynamizer.com\/de\/die-vorteile\/wasser-feuchtigkeitsspender-2\/","name":"Wasser gef\u00fcllt mit Energie - Biodynamizer","isPartOf":{"@id":"https:\/\/biodynamizer.com\/de\/#website"},"datePublished":"2020-01-29T09:02:15+00:00","dateModified":"2022-11-03T11:09:57+00:00","description":"Biodynamizer - Wasser gef\u00fcllt mit Energie - En savoir plus sur le biodynamizer et le biofiltre","breadcrumb":{"@id":"https:\/\/biodynamizer.com\/de\/die-vorteile\/wasser-feuchtigkeitsspender-2\/#breadcrumb"},"inLanguage":"de","potentialAction":[{"@type":"ReadAction","target":["https:\/\/biodynamizer.com\/de\/die-vorteile\/wasser-feuchtigkeitsspender-2\/"]}]},{"@type":"BreadcrumbList","@id":"https:\/\/biodynamizer.com\/de\/die-vorteile\/wasser-feuchtigkeitsspender-2\/#breadcrumb","itemListElement":[{"@type":"ListItem","position":1,"name":"Home","item":"https:\/\/biodynamizer.com\/de\/"},{"@type":"ListItem","position":2,"name":"Die Vorteile","item":"https:\/\/biodynamizer.com\/de\/die-vorteile\/"},{"@type":"ListItem","position":3,"name":"Wasser gef\u00fcllt mit Energie"}]},{"@type":"WebSite","@id":"https:\/\/biodynamizer.com\/de\/#website","url":"https:\/\/biodynamizer.com\/de\/","name":"Biodynamizer","description":"Filtrez et dynamisez votre eau","potentialAction":[{"@type":"SearchAction","target":{"@type":"EntryPoint","urlTemplate":"https:\/\/biodynamizer.com\/de\/?s={search_term_string}"},"query-input":{"@type":"PropertyValueSpecification","valueRequired":true,"valueName":"search_term_string"}}],"inLanguage":"de"}]}},"_links":{"self":[{"href":"https:\/\/biodynamizer.com\/de\/wp-json\/wp\/v2\/pages\/6029","targetHints":{"allow":["GET"]}}],"collection":[{"href":"https:\/\/biodynamizer.com\/de\/wp-json\/wp\/v2\/pages"}],"about":[{"href":"https:\/\/biodynamizer.com\/de\/wp-json\/wp\/v2\/types\/page"}],"author":[{"embeddable":true,"href":"https:\/\/biodynamizer.com\/de\/wp-json\/wp\/v2\/users\/3"}],"replies":[{"embeddable":true,"href":"https:\/\/biodynamizer.com\/de\/wp-json\/wp\/v2\/comments?post=6029"}],"version-history":[{"count":6,"href":"https:\/\/biodynamizer.com\/de\/wp-json\/wp\/v2\/pages\/6029\/revisions"}],"predecessor-version":[{"id":17359,"href":"https:\/\/biodynamizer.com\/de\/wp-json\/wp\/v2\/pages\/6029\/revisions\/17359"}],"up":[{"embeddable":true,"href":"https:\/\/biodynamizer.com\/de\/wp-json\/wp\/v2\/pages\/5828"}],"wp:attachment":[{"href":"https:\/\/biodynamizer.com\/de\/wp-json\/wp\/v2\/media?parent=6029"}],"curies":[{"name":"wp","href":"https:\/\/api.w.org\/{rel}","templated":true}]}}