{"id":6033,"date":"2020-01-28T12:22:59","date_gmt":"2020-01-28T12:22:59","guid":{"rendered":"https:\/\/biodynamizer.spleen-creation.be\/partenaire-agree\/rejoignez-le-programme-ambassadeur-du-biodynamizer\/"},"modified":"2021-03-15T17:48:50","modified_gmt":"2021-03-15T17:48:50","slug":"beitreten-dem-biodynamizer-botschafter-programm","status":"publish","type":"page","link":"https:\/\/biodynamizer.com\/de\/partner-einverstanden\/beitreten-dem-biodynamizer-botschafter-programm\/","title":{"rendered":"Treten Sie dem Biodynamizer-Botschafter-Programm bei"},"content":{"rendered":"<section class=\"l-section wpb_row us_custom_916fdabd height_small\"><div class=\"l-section-h i-cf\"><div class=\"g-cols vc_row via_flex valign_top type_default stacking_default\"><div class=\"vc_col-sm-12 wpb_column vc_column_container\"><div class=\"vc_column-inner\"><div class=\"wpb_wrapper\"><nav class=\"g-breadcrumbs separator_custom align_none\" itemscope itemtype=\"http:\/\/schema.org\/BreadcrumbList\"><div class=\"g-breadcrumbs-item\" itemscope itemprop=\"itemListElement\" itemtype=\"http:\/\/schema.org\/ListItem\"><a itemprop=\"item\" href=\"https:\/\/biodynamizer.com\/de\/\"><span itemprop=\"name\">Start<\/span><\/a><meta itemprop=\"position\" content=\"1\"\/><\/div><div class=\"g-breadcrumbs-separator\">\/<\/div><div class=\"g-breadcrumbs-item\">Seiten<\/div><\/nav><\/div><\/div><\/div><\/div><\/div><\/section><section class=\"l-section wpb_row height_large\"><div class=\"l-section-h i-cf\"><div class=\"g-cols vc_row via_flex valign_top type_default stacking_default\"><div class=\"vc_col-sm-12 wpb_column vc_column_container\"><div class=\"vc_column-inner\"><div class=\"wpb_wrapper\"><div class=\"wpb_text_column\"><div class=\"wpb_wrapper\"><h1>Treten Sie dem Biodynamizer-Botschafter-Programm bei<\/h1>\n<\/div><\/div><div class=\"wpb_text_column\"><div class=\"wpb_wrapper\"><p>Sie sind Ingenieur, Wissenschaftler, Forscher, Biologe, Arzt, Heilpraktiker, Ern\u00e4hrungsberater, Therapeut, Di\u00e4tassistent, Mediziner (im Ruhestand oder nicht)&#8230; und Sie m\u00f6chten in Ihrer Region Konferenzen organisieren, um das Prinzip der Wasserdynamisierung zu verbreiten und von zus\u00e4tzlichen Einnahmen zu profitieren?<\/p>\n<\/div><\/div><div class=\"w-btn-wrapper align_none\"><a class=\"w-btn us-btn-style_1\" title=\"Contact\" href=\"https:\/\/biodynamizer.com\/de\/kontakt\/\"><span class=\"w-btn-label\">Kontakt<\/span><\/a><\/div><div class=\"w-separator size_medium\"><\/div><div class=\"wpb_text_column\"><div class=\"wpb_wrapper\"><ul>\n<li>Das &#8222;Botschafter&#8220;-Programm steht jedem offen, der sich Gedanken \u00fcber die Wasserqualit\u00e4t in seinem Haus macht.<\/li>\n<li>Sie bauen ein Kundenportfolio in Ihrer Region auf.<\/li>\n<li>Sie konsolidieren ein zus\u00e4tzliches Einkommen, das mit Ihren Dienstleistungen verbunden ist.<\/li>\n<li>Sie bringen eine alternative und faire L\u00f6sung f\u00fcr Menschen, die kein Salz in ihrem Trinkwasser haben wollen und ihren \u00f6kologischen Fu\u00dfabdruck reduzieren m\u00f6chten<\/li>\n<\/ul>\n<p>Seien Sie Teil des Wandels, der sich vollzieht!<\/p>\n<\/div><\/div><\/div><\/div><\/div><\/div><\/div><\/section>\n","protected":false},"excerpt":{"rendered":"Start\/SeitenTreten Sie dem Biodynamizer-Botschafter-Programm bei Sie sind Ingenieur, Wissenschaftler, Forscher, Biologe, Arzt, Heilpraktiker, Ern\u00e4hrungsberater, Therapeut, Di\u00e4tassistent, Mediziner (im Ruhestand oder nicht)&#8230; und Sie m\u00f6chten in Ihrer Region Konferenzen organisieren, um das Prinzip der Wasserdynamisierung zu verbreiten und von zus\u00e4tzlichen Einnahmen zu profitieren? Kontakt Das &#8222;Botschafter&#8220;-Programm steht jedem offen, der sich Gedanken \u00fcber die Wasserqualit\u00e4t in...","protected":false},"author":3,"featured_media":0,"parent":5955,"menu_order":1,"comment_status":"closed","ping_status":"closed","template":"","meta":{"_monsterinsights_skip_tracking":false,"_monsterinsights_sitenote_active":false,"_monsterinsights_sitenote_note":"","_monsterinsights_sitenote_category":0,"footnotes":""},"class_list":["post-6033","page","type-page","status-publish","hentry"],"yoast_head":"<!-- This site is optimized with the Yoast SEO plugin v27.4 - https:\/\/yoast.com\/product\/yoast-seo-wordpress\/ -->\n<title>Treten Sie dem Biodynamizer-Botschafter-Programm bei - Biodynamizer<\/title>\n<meta name=\"description\" content=\"Biodynamizer - Treten Sie dem Biodynamizer-Botschafter-Programm bei - En savoir plus sur le biodynamizer et le biofiltre\" \/>\n<meta name=\"robots\" content=\"index, follow, max-snippet:-1, max-image-preview:large, max-video-preview:-1\" \/>\n<link rel=\"canonical\" href=\"https:\/\/biodynamizer.com\/de\/partner-einverstanden\/beitreten-dem-biodynamizer-botschafter-programm\/\" \/>\n<meta property=\"og:locale\" content=\"de_DE\" \/>\n<meta property=\"og:type\" content=\"article\" \/>\n<meta property=\"og:title\" content=\"Treten Sie dem Biodynamizer-Botschafter-Programm bei - Biodynamizer\" \/>\n<meta property=\"og:description\" content=\"Biodynamizer - Treten Sie dem Biodynamizer-Botschafter-Programm bei - En savoir plus sur le biodynamizer et le biofiltre\" \/>\n<meta property=\"og:url\" content=\"https:\/\/biodynamizer.com\/de\/partner-einverstanden\/beitreten-dem-biodynamizer-botschafter-programm\/\" \/>\n<meta property=\"og:site_name\" content=\"Biodynamizer\" \/>\n<meta property=\"article:modified_time\" content=\"2021-03-15T17:48:50+00:00\" \/>\n<meta property=\"og:image\" content=\"https:\/\/biodynamizer.com\/wp-content\/uploads\/2019\/11\/Depositphotos_15742931_xl-2015.jpg\" \/>\n\t<meta property=\"og:image:width\" content=\"2000\" \/>\n\t<meta property=\"og:image:height\" content=\"1333\" \/>\n\t<meta property=\"og:image:type\" content=\"image\/jpeg\" \/>\n<meta name=\"twitter:card\" content=\"summary_large_image\" \/>\n<meta name=\"twitter:label1\" content=\"Gesch\u00e4tzte Lesezeit\" \/>\n\t<meta name=\"twitter:data1\" content=\"1\u00a0Minute\" \/>\n<script type=\"application\/ld+json\" class=\"yoast-schema-graph\">{\"@context\":\"https:\\\/\\\/schema.org\",\"@graph\":[{\"@type\":\"WebPage\",\"@id\":\"https:\\\/\\\/biodynamizer.com\\\/de\\\/partner-einverstanden\\\/beitreten-dem-biodynamizer-botschafter-programm\\\/\",\"url\":\"https:\\\/\\\/biodynamizer.com\\\/de\\\/partner-einverstanden\\\/beitreten-dem-biodynamizer-botschafter-programm\\\/\",\"name\":\"Treten Sie dem Biodynamizer-Botschafter-Programm bei - Biodynamizer\",\"isPartOf\":{\"@id\":\"https:\\\/\\\/biodynamizer.com\\\/de\\\/#website\"},\"datePublished\":\"2020-01-28T12:22:59+00:00\",\"dateModified\":\"2021-03-15T17:48:50+00:00\",\"description\":\"Biodynamizer - Treten Sie dem Biodynamizer-Botschafter-Programm bei - En savoir plus sur le biodynamizer et le biofiltre\",\"breadcrumb\":{\"@id\":\"https:\\\/\\\/biodynamizer.com\\\/de\\\/partner-einverstanden\\\/beitreten-dem-biodynamizer-botschafter-programm\\\/#breadcrumb\"},\"inLanguage\":\"de\",\"potentialAction\":[{\"@type\":\"ReadAction\",\"target\":[\"https:\\\/\\\/biodynamizer.com\\\/de\\\/partner-einverstanden\\\/beitreten-dem-biodynamizer-botschafter-programm\\\/\"]}]},{\"@type\":\"BreadcrumbList\",\"@id\":\"https:\\\/\\\/biodynamizer.com\\\/de\\\/partner-einverstanden\\\/beitreten-dem-biodynamizer-botschafter-programm\\\/#breadcrumb\",\"itemListElement\":[{\"@type\":\"ListItem\",\"position\":1,\"name\":\"Home\",\"item\":\"https:\\\/\\\/biodynamizer.com\\\/de\\\/\"},{\"@type\":\"ListItem\",\"position\":2,\"name\":\"Anerkannter Partner\",\"item\":\"https:\\\/\\\/biodynamizer.com\\\/de\\\/partenaire-agree\\\/\"},{\"@type\":\"ListItem\",\"position\":3,\"name\":\"Treten Sie dem Biodynamizer-Botschafter-Programm bei\"}]},{\"@type\":\"WebSite\",\"@id\":\"https:\\\/\\\/biodynamizer.com\\\/de\\\/#website\",\"url\":\"https:\\\/\\\/biodynamizer.com\\\/de\\\/\",\"name\":\"Biodynamizer\",\"description\":\"Filtrez et dynamisez votre eau\",\"potentialAction\":[{\"@type\":\"SearchAction\",\"target\":{\"@type\":\"EntryPoint\",\"urlTemplate\":\"https:\\\/\\\/biodynamizer.com\\\/de\\\/?s={search_term_string}\"},\"query-input\":{\"@type\":\"PropertyValueSpecification\",\"valueRequired\":true,\"valueName\":\"search_term_string\"}}],\"inLanguage\":\"de\"}]}<\/script>\n<!-- \/ Yoast SEO plugin. -->","yoast_head_json":{"title":"Treten Sie dem Biodynamizer-Botschafter-Programm bei - Biodynamizer","description":"Biodynamizer - Treten Sie dem Biodynamizer-Botschafter-Programm bei - En savoir plus sur le biodynamizer et le biofiltre","robots":{"index":"index","follow":"follow","max-snippet":"max-snippet:-1","max-image-preview":"max-image-preview:large","max-video-preview":"max-video-preview:-1"},"canonical":"https:\/\/biodynamizer.com\/de\/partner-einverstanden\/beitreten-dem-biodynamizer-botschafter-programm\/","og_locale":"de_DE","og_type":"article","og_title":"Treten Sie dem Biodynamizer-Botschafter-Programm bei - Biodynamizer","og_description":"Biodynamizer - Treten Sie dem Biodynamizer-Botschafter-Programm bei - En savoir plus sur le biodynamizer et le biofiltre","og_url":"https:\/\/biodynamizer.com\/de\/partner-einverstanden\/beitreten-dem-biodynamizer-botschafter-programm\/","og_site_name":"Biodynamizer","article_modified_time":"2021-03-15T17:48:50+00:00","og_image":[{"width":2000,"height":1333,"url":"https:\/\/biodynamizer.com\/wp-content\/uploads\/2019\/11\/Depositphotos_15742931_xl-2015.jpg","type":"image\/jpeg"}],"twitter_card":"summary_large_image","twitter_misc":{"Gesch\u00e4tzte Lesezeit":"1\u00a0Minute"},"schema":{"@context":"https:\/\/schema.org","@graph":[{"@type":"WebPage","@id":"https:\/\/biodynamizer.com\/de\/partner-einverstanden\/beitreten-dem-biodynamizer-botschafter-programm\/","url":"https:\/\/biodynamizer.com\/de\/partner-einverstanden\/beitreten-dem-biodynamizer-botschafter-programm\/","name":"Treten Sie dem Biodynamizer-Botschafter-Programm bei - Biodynamizer","isPartOf":{"@id":"https:\/\/biodynamizer.com\/de\/#website"},"datePublished":"2020-01-28T12:22:59+00:00","dateModified":"2021-03-15T17:48:50+00:00","description":"Biodynamizer - Treten Sie dem Biodynamizer-Botschafter-Programm bei - En savoir plus sur le biodynamizer et le biofiltre","breadcrumb":{"@id":"https:\/\/biodynamizer.com\/de\/partner-einverstanden\/beitreten-dem-biodynamizer-botschafter-programm\/#breadcrumb"},"inLanguage":"de","potentialAction":[{"@type":"ReadAction","target":["https:\/\/biodynamizer.com\/de\/partner-einverstanden\/beitreten-dem-biodynamizer-botschafter-programm\/"]}]},{"@type":"BreadcrumbList","@id":"https:\/\/biodynamizer.com\/de\/partner-einverstanden\/beitreten-dem-biodynamizer-botschafter-programm\/#breadcrumb","itemListElement":[{"@type":"ListItem","position":1,"name":"Home","item":"https:\/\/biodynamizer.com\/de\/"},{"@type":"ListItem","position":2,"name":"Anerkannter Partner","item":"https:\/\/biodynamizer.com\/de\/partenaire-agree\/"},{"@type":"ListItem","position":3,"name":"Treten Sie dem Biodynamizer-Botschafter-Programm bei"}]},{"@type":"WebSite","@id":"https:\/\/biodynamizer.com\/de\/#website","url":"https:\/\/biodynamizer.com\/de\/","name":"Biodynamizer","description":"Filtrez et dynamisez votre eau","potentialAction":[{"@type":"SearchAction","target":{"@type":"EntryPoint","urlTemplate":"https:\/\/biodynamizer.com\/de\/?s={search_term_string}"},"query-input":{"@type":"PropertyValueSpecification","valueRequired":true,"valueName":"search_term_string"}}],"inLanguage":"de"}]}},"_links":{"self":[{"href":"https:\/\/biodynamizer.com\/de\/wp-json\/wp\/v2\/pages\/6033","targetHints":{"allow":["GET"]}}],"collection":[{"href":"https:\/\/biodynamizer.com\/de\/wp-json\/wp\/v2\/pages"}],"about":[{"href":"https:\/\/biodynamizer.com\/de\/wp-json\/wp\/v2\/types\/page"}],"author":[{"embeddable":true,"href":"https:\/\/biodynamizer.com\/de\/wp-json\/wp\/v2\/users\/3"}],"replies":[{"embeddable":true,"href":"https:\/\/biodynamizer.com\/de\/wp-json\/wp\/v2\/comments?post=6033"}],"version-history":[{"count":3,"href":"https:\/\/biodynamizer.com\/de\/wp-json\/wp\/v2\/pages\/6033\/revisions"}],"predecessor-version":[{"id":8942,"href":"https:\/\/biodynamizer.com\/de\/wp-json\/wp\/v2\/pages\/6033\/revisions\/8942"}],"up":[{"embeddable":true,"href":"https:\/\/biodynamizer.com\/de\/wp-json\/wp\/v2\/pages\/5955"}],"wp:attachment":[{"href":"https:\/\/biodynamizer.com\/de\/wp-json\/wp\/v2\/media?parent=6033"}],"curies":[{"name":"wp","href":"https:\/\/api.w.org\/{rel}","templated":true}]}}