{"id":6048,"date":"2020-01-28T12:18:27","date_gmt":"2020-01-28T12:18:27","guid":{"rendered":"https:\/\/biodynamizer.spleen-creation.be\/partenaire-agree\/avantages-pour-les-partenaires\/"},"modified":"2021-04-21T09:27:30","modified_gmt":"2021-04-21T09:27:30","slug":"vorteile-fuer-partner","status":"publish","type":"page","link":"https:\/\/biodynamizer.com\/de\/partner-einverstanden\/vorteile-fuer-partner\/","title":{"rendered":"Vorteile f\u00fcr Partner"},"content":{"rendered":"<section class=\"l-section wpb_row us_custom_916fdabd height_small\"><div class=\"l-section-h i-cf\"><div class=\"g-cols vc_row via_flex valign_top type_default stacking_default\"><div class=\"vc_col-sm-12 wpb_column vc_column_container\"><div class=\"vc_column-inner\"><div class=\"wpb_wrapper\"><nav class=\"g-breadcrumbs separator_custom align_none\" itemscope itemtype=\"http:\/\/schema.org\/BreadcrumbList\"><div class=\"g-breadcrumbs-item\" itemscope itemprop=\"itemListElement\" itemtype=\"http:\/\/schema.org\/ListItem\"><a itemprop=\"item\" href=\"https:\/\/biodynamizer.com\/de\/\"><span itemprop=\"name\">Start<\/span><\/a><meta itemprop=\"position\" content=\"1\"\/><\/div><div class=\"g-breadcrumbs-separator\">\/<\/div><div class=\"g-breadcrumbs-item\">Seiten<\/div><\/nav><\/div><\/div><\/div><\/div><\/div><\/section><section class=\"l-section wpb_row height_large\"><div class=\"l-section-h i-cf\"><div class=\"g-cols vc_row via_flex valign_top type_default stacking_default\"><div class=\"vc_col-sm-12 wpb_column vc_column_container\"><div class=\"vc_column-inner\"><div class=\"wpb_wrapper\"><div class=\"wpb_text_column\"><div class=\"wpb_wrapper\"><h1>Vorteile f\u00fcr Partner<\/h1>\n<\/div><\/div><div class=\"wpb_text_column\"><div class=\"wpb_wrapper\"><ul>\n<li>Sie bieten ein differenziertes Produkt an, das den Kunden sofortige und echte Zufriedenheit bietet<\/li>\n<li>Sie bieten eine globale und umweltvertr\u00e4gliche L\u00f6sung<\/li>\n<li>Sie profitieren von zus\u00e4tzlichen Einnahmen aus dem Verkauf der Ger\u00e4te &amp;, wenn Sie Installateur sind, von der Einbau der Ger\u00e4te. Dies k\u00f6nnte zus\u00e4tzliche Arbeit generieren, wie z. B. die Wartung von Kesseln oder anderes.<\/li>\n<li>Der Biodynamizer\u00ae ist einfach zu installieren (Standardanschl\u00fcsse). Sie erweitern Ihr Kundenportfolio in Ihrem Gebiet.<\/li>\n<\/ul>\n<p>Seien Sie Teil des Wandels, der sich vollzieht!<\/p>\n<\/div><\/div><\/div><\/div><\/div><\/div><\/div><\/section>\n","protected":false},"excerpt":{"rendered":"Start\/SeitenVorteile f\u00fcr Partner Sie bieten ein differenziertes Produkt an, das den Kunden sofortige und echte Zufriedenheit bietet Sie bieten eine globale und umweltvertr\u00e4gliche L\u00f6sung Sie profitieren von zus\u00e4tzlichen Einnahmen aus dem Verkauf der Ger\u00e4te &amp;, wenn Sie Installateur sind, von der Einbau der Ger\u00e4te. Dies k\u00f6nnte zus\u00e4tzliche Arbeit generieren, wie z. B. die Wartung von...","protected":false},"author":3,"featured_media":0,"parent":5955,"menu_order":0,"comment_status":"closed","ping_status":"closed","template":"","meta":{"_monsterinsights_skip_tracking":false,"_monsterinsights_sitenote_active":false,"_monsterinsights_sitenote_note":"","_monsterinsights_sitenote_category":0,"footnotes":""},"class_list":["post-6048","page","type-page","status-publish","hentry"],"yoast_head":"<!-- This site is optimized with the Yoast SEO plugin v27.4 - https:\/\/yoast.com\/product\/yoast-seo-wordpress\/ -->\n<title>Vorteile f\u00fcr Partner - Biodynamizer<\/title>\n<meta name=\"description\" content=\"Biodynamizer - Vorteile f\u00fcr Partner - En savoir plus sur le biodynamizer et le biofiltre\" \/>\n<meta name=\"robots\" content=\"index, follow, max-snippet:-1, max-image-preview:large, max-video-preview:-1\" \/>\n<link rel=\"canonical\" href=\"https:\/\/biodynamizer.com\/de\/partner-einverstanden\/vorteile-fuer-partner\/\" \/>\n<meta property=\"og:locale\" content=\"de_DE\" \/>\n<meta property=\"og:type\" content=\"article\" \/>\n<meta property=\"og:title\" content=\"Vorteile f\u00fcr Partner - Biodynamizer\" \/>\n<meta property=\"og:description\" content=\"Biodynamizer - Vorteile f\u00fcr Partner - En savoir plus sur le biodynamizer et le biofiltre\" \/>\n<meta property=\"og:url\" content=\"https:\/\/biodynamizer.com\/de\/partner-einverstanden\/vorteile-fuer-partner\/\" \/>\n<meta property=\"og:site_name\" content=\"Biodynamizer\" \/>\n<meta property=\"article:modified_time\" content=\"2021-04-21T09:27:30+00:00\" \/>\n<meta property=\"og:image\" content=\"https:\/\/biodynamizer.com\/wp-content\/uploads\/2019\/11\/Depositphotos_15742931_xl-2015.jpg\" \/>\n\t<meta property=\"og:image:width\" content=\"2000\" \/>\n\t<meta property=\"og:image:height\" content=\"1333\" \/>\n\t<meta property=\"og:image:type\" content=\"image\/jpeg\" \/>\n<meta name=\"twitter:card\" content=\"summary_large_image\" \/>\n<meta name=\"twitter:label1\" content=\"Gesch\u00e4tzte Lesezeit\" \/>\n\t<meta name=\"twitter:data1\" content=\"1\u00a0Minute\" \/>\n<script type=\"application\/ld+json\" class=\"yoast-schema-graph\">{\"@context\":\"https:\\\/\\\/schema.org\",\"@graph\":[{\"@type\":\"WebPage\",\"@id\":\"https:\\\/\\\/biodynamizer.com\\\/de\\\/partner-einverstanden\\\/vorteile-fuer-partner\\\/\",\"url\":\"https:\\\/\\\/biodynamizer.com\\\/de\\\/partner-einverstanden\\\/vorteile-fuer-partner\\\/\",\"name\":\"Vorteile f\u00fcr Partner - Biodynamizer\",\"isPartOf\":{\"@id\":\"https:\\\/\\\/biodynamizer.com\\\/de\\\/#website\"},\"datePublished\":\"2020-01-28T12:18:27+00:00\",\"dateModified\":\"2021-04-21T09:27:30+00:00\",\"description\":\"Biodynamizer - Vorteile f\u00fcr Partner - En savoir plus sur le biodynamizer et le biofiltre\",\"breadcrumb\":{\"@id\":\"https:\\\/\\\/biodynamizer.com\\\/de\\\/partner-einverstanden\\\/vorteile-fuer-partner\\\/#breadcrumb\"},\"inLanguage\":\"de\",\"potentialAction\":[{\"@type\":\"ReadAction\",\"target\":[\"https:\\\/\\\/biodynamizer.com\\\/de\\\/partner-einverstanden\\\/vorteile-fuer-partner\\\/\"]}]},{\"@type\":\"BreadcrumbList\",\"@id\":\"https:\\\/\\\/biodynamizer.com\\\/de\\\/partner-einverstanden\\\/vorteile-fuer-partner\\\/#breadcrumb\",\"itemListElement\":[{\"@type\":\"ListItem\",\"position\":1,\"name\":\"Home\",\"item\":\"https:\\\/\\\/biodynamizer.com\\\/de\\\/\"},{\"@type\":\"ListItem\",\"position\":2,\"name\":\"Anerkannter Partner\",\"item\":\"https:\\\/\\\/biodynamizer.com\\\/de\\\/partenaire-agree\\\/\"},{\"@type\":\"ListItem\",\"position\":3,\"name\":\"Vorteile f\u00fcr Partner\"}]},{\"@type\":\"WebSite\",\"@id\":\"https:\\\/\\\/biodynamizer.com\\\/de\\\/#website\",\"url\":\"https:\\\/\\\/biodynamizer.com\\\/de\\\/\",\"name\":\"Biodynamizer\",\"description\":\"Filtrez et dynamisez votre eau\",\"potentialAction\":[{\"@type\":\"SearchAction\",\"target\":{\"@type\":\"EntryPoint\",\"urlTemplate\":\"https:\\\/\\\/biodynamizer.com\\\/de\\\/?s={search_term_string}\"},\"query-input\":{\"@type\":\"PropertyValueSpecification\",\"valueRequired\":true,\"valueName\":\"search_term_string\"}}],\"inLanguage\":\"de\"}]}<\/script>\n<!-- \/ Yoast SEO plugin. -->","yoast_head_json":{"title":"Vorteile f\u00fcr Partner - Biodynamizer","description":"Biodynamizer - Vorteile f\u00fcr Partner - En savoir plus sur le biodynamizer et le biofiltre","robots":{"index":"index","follow":"follow","max-snippet":"max-snippet:-1","max-image-preview":"max-image-preview:large","max-video-preview":"max-video-preview:-1"},"canonical":"https:\/\/biodynamizer.com\/de\/partner-einverstanden\/vorteile-fuer-partner\/","og_locale":"de_DE","og_type":"article","og_title":"Vorteile f\u00fcr Partner - Biodynamizer","og_description":"Biodynamizer - Vorteile f\u00fcr Partner - En savoir plus sur le biodynamizer et le biofiltre","og_url":"https:\/\/biodynamizer.com\/de\/partner-einverstanden\/vorteile-fuer-partner\/","og_site_name":"Biodynamizer","article_modified_time":"2021-04-21T09:27:30+00:00","og_image":[{"width":2000,"height":1333,"url":"https:\/\/biodynamizer.com\/wp-content\/uploads\/2019\/11\/Depositphotos_15742931_xl-2015.jpg","type":"image\/jpeg"}],"twitter_card":"summary_large_image","twitter_misc":{"Gesch\u00e4tzte Lesezeit":"1\u00a0Minute"},"schema":{"@context":"https:\/\/schema.org","@graph":[{"@type":"WebPage","@id":"https:\/\/biodynamizer.com\/de\/partner-einverstanden\/vorteile-fuer-partner\/","url":"https:\/\/biodynamizer.com\/de\/partner-einverstanden\/vorteile-fuer-partner\/","name":"Vorteile f\u00fcr Partner - Biodynamizer","isPartOf":{"@id":"https:\/\/biodynamizer.com\/de\/#website"},"datePublished":"2020-01-28T12:18:27+00:00","dateModified":"2021-04-21T09:27:30+00:00","description":"Biodynamizer - Vorteile f\u00fcr Partner - En savoir plus sur le biodynamizer et le biofiltre","breadcrumb":{"@id":"https:\/\/biodynamizer.com\/de\/partner-einverstanden\/vorteile-fuer-partner\/#breadcrumb"},"inLanguage":"de","potentialAction":[{"@type":"ReadAction","target":["https:\/\/biodynamizer.com\/de\/partner-einverstanden\/vorteile-fuer-partner\/"]}]},{"@type":"BreadcrumbList","@id":"https:\/\/biodynamizer.com\/de\/partner-einverstanden\/vorteile-fuer-partner\/#breadcrumb","itemListElement":[{"@type":"ListItem","position":1,"name":"Home","item":"https:\/\/biodynamizer.com\/de\/"},{"@type":"ListItem","position":2,"name":"Anerkannter Partner","item":"https:\/\/biodynamizer.com\/de\/partenaire-agree\/"},{"@type":"ListItem","position":3,"name":"Vorteile f\u00fcr Partner"}]},{"@type":"WebSite","@id":"https:\/\/biodynamizer.com\/de\/#website","url":"https:\/\/biodynamizer.com\/de\/","name":"Biodynamizer","description":"Filtrez et dynamisez votre eau","potentialAction":[{"@type":"SearchAction","target":{"@type":"EntryPoint","urlTemplate":"https:\/\/biodynamizer.com\/de\/?s={search_term_string}"},"query-input":{"@type":"PropertyValueSpecification","valueRequired":true,"valueName":"search_term_string"}}],"inLanguage":"de"}]}},"_links":{"self":[{"href":"https:\/\/biodynamizer.com\/de\/wp-json\/wp\/v2\/pages\/6048","targetHints":{"allow":["GET"]}}],"collection":[{"href":"https:\/\/biodynamizer.com\/de\/wp-json\/wp\/v2\/pages"}],"about":[{"href":"https:\/\/biodynamizer.com\/de\/wp-json\/wp\/v2\/types\/page"}],"author":[{"embeddable":true,"href":"https:\/\/biodynamizer.com\/de\/wp-json\/wp\/v2\/users\/3"}],"replies":[{"embeddable":true,"href":"https:\/\/biodynamizer.com\/de\/wp-json\/wp\/v2\/comments?post=6048"}],"version-history":[{"count":4,"href":"https:\/\/biodynamizer.com\/de\/wp-json\/wp\/v2\/pages\/6048\/revisions"}],"predecessor-version":[{"id":9966,"href":"https:\/\/biodynamizer.com\/de\/wp-json\/wp\/v2\/pages\/6048\/revisions\/9966"}],"up":[{"embeddable":true,"href":"https:\/\/biodynamizer.com\/de\/wp-json\/wp\/v2\/pages\/5955"}],"wp:attachment":[{"href":"https:\/\/biodynamizer.com\/de\/wp-json\/wp\/v2\/media?parent=6048"}],"curies":[{"name":"wp","href":"https:\/\/api.w.org\/{rel}","templated":true}]}}