{"id":6057,"date":"2020-01-28T12:02:54","date_gmt":"2020-01-28T12:02:54","guid":{"rendered":"https:\/\/biodynamizer.spleen-creation.be\/b2b\/leau-biodynamisee-dans-la-biere\/"},"modified":"2024-06-01T10:00:23","modified_gmt":"2024-06-01T10:00:23","slug":"wasser-biodynamisiert-im-bier","status":"publish","type":"page","link":"https:\/\/biodynamizer.com\/de\/b2b\/wasser-biodynamisiert-im-bier\/","title":{"rendered":"Dynamisiertes Wasser in Bier"},"content":{"rendered":"<section class=\"l-section wpb_row us_custom_916fdabd height_small\"><div class=\"l-section-h i-cf\"><div class=\"g-cols vc_row via_flex valign_top type_default stacking_default\"><div class=\"vc_col-sm-12 wpb_column vc_column_container\"><div class=\"vc_column-inner\"><div class=\"wpb_wrapper\"><nav class=\"g-breadcrumbs separator_custom align_none\" itemscope itemtype=\"http:\/\/schema.org\/BreadcrumbList\"><div class=\"g-breadcrumbs-item\" itemscope itemprop=\"itemListElement\" itemtype=\"http:\/\/schema.org\/ListItem\"><a itemprop=\"item\" href=\"https:\/\/biodynamizer.com\/de\/\"><span itemprop=\"name\">Start<\/span><\/a><meta itemprop=\"position\" content=\"1\"\/><\/div><div class=\"g-breadcrumbs-separator\">\/<\/div><div class=\"g-breadcrumbs-item\">Seiten<\/div><\/nav><\/div><\/div><\/div><\/div><\/div><\/section><section class=\"l-section wpb_row max500 height_small width_full\"><div class=\"l-section-h i-cf\"><div class=\"g-cols vc_row via_flex valign_middle type_default stacking_default\"><div class=\"vc_col-sm-6 wpb_column vc_column_container tekstsideblock\"><div class=\"vc_column-inner\"><div class=\"wpb_wrapper\"><div class=\"wpb_text_column\"><div class=\"wpb_wrapper\"><h2><b>Dynamisiertes<\/b> <b>Wasser<\/b><b> in <\/b><b>Bier<\/b><\/h2>\n<\/div><\/div><div class=\"w-image align_none\"><div class=\"w-image-h\"><img decoding=\"async\" width=\"1024\" height=\"323\" src=\"https:\/\/biodynamizer.com\/wp-content\/uploads\/2024\/06\/HOUBLONDE-H_coul-1024x323.png\" class=\"attachment-large size-large\" alt=\"logo houblonde\" loading=\"lazy\" srcset=\"https:\/\/biodynamizer.com\/wp-content\/uploads\/2024\/06\/HOUBLONDE-H_coul-1024x323.png 1024w, https:\/\/biodynamizer.com\/wp-content\/uploads\/2024\/06\/HOUBLONDE-H_coul-300x95.png 300w, https:\/\/biodynamizer.com\/wp-content\/uploads\/2024\/06\/HOUBLONDE-H_coul-600x190.png 600w, https:\/\/biodynamizer.com\/wp-content\/uploads\/2024\/06\/HOUBLONDE-H_coul.png 1181w\" sizes=\"auto, (max-width: 1024px) 100vw, 1024px\" \/><\/div><\/div><div class=\"wpb_text_column\"><div class=\"wpb_wrapper\"><p>Houblonde 1 belgisches Bier, biologisch &amp; dynamisiert:<\/p>\n<ul>\n<li>Houblonde ist <b>das erste Bio- und dynamisierte Bier der Welt<\/b>, das in Zusammenarbeit mit der UCL entwickelt wurde. Das Wasser, aus dem es sich zusammensetzt, wurde durch Dynamisierung optimiert (d.h. das Wasser wurde durch den Biodynamizer\u00ae geleitet, so dass es seine urspr\u00fcnglichen, mit reinem Bergwasser vergleichbaren Eigenschaften wiedererlangt), um seine bemerkenswerten Geschmacks- und Geruchsqualit\u00e4ten so gut wie m\u00f6glich zur Geltung zu bringen;<\/li>\n<li>Bio Blonde Hopfen gewann den Preis f\u00fcr das innovativste Bier bei den World Beer Awards in London; aber auch 3 goldene Sterne beim &#8222;Superior Taste Award 2018 &amp; 19 &amp; 20&#8220; (iTQI), der von 200 europ\u00e4ischen K\u00fcchenchefs und Sternsommeliers vergeben wird;<\/li>\n<li>Der Bio-Triple-Hop gewann die Goldmedaille beim Wettbewerb ITA 2020 in Italien.<\/li>\n<li>Houblonde wurde in Zusammenarbeit mit der Universit\u00e4tsfakult\u00e4t f\u00fcr Brautechnologie von L\u00f6wen in Belgien (UCL) entwickelt.<\/li>\n<\/ul>\n<p>F\u00fcr weitere Informationen: <span style=\"text-decoration: underline;\"> <a href=\"http:\/\/www.houblonde.com\/\">www.houblonde.com<\/a><\/span><\/p>\n<\/div><\/div><\/div><\/div><\/div><div class=\"vc_col-sm-6 wpb_column vc_column_container\"><div class=\"vc_column-inner us_custom_68ec3198\"><div class=\"wpb_wrapper\"><div class=\"w-image align_center\"><div class=\"w-image-h\"><img decoding=\"async\" width=\"1014\" height=\"630\" src=\"https:\/\/biodynamizer.com\/wp-content\/uploads\/2024\/06\/Blonde-White-Triple.jpg\" class=\"attachment-large size-large\" alt=\"3 bi\u00e8res blondes\" loading=\"lazy\" srcset=\"https:\/\/biodynamizer.com\/wp-content\/uploads\/2024\/06\/Blonde-White-Triple.jpg 1014w, https:\/\/biodynamizer.com\/wp-content\/uploads\/2024\/06\/Blonde-White-Triple-300x186.jpg 300w, https:\/\/biodynamizer.com\/wp-content\/uploads\/2024\/06\/Blonde-White-Triple-600x373.jpg 600w\" sizes=\"auto, (max-width: 1014px) 100vw, 1014px\" \/><\/div><\/div><\/div><\/div><\/div><\/div><\/div><\/section><section class=\"l-section wpb_row height_medium\"><div class=\"l-section-h i-cf\"><div class=\"g-cols vc_row via_flex valign_top type_default stacking_default\"><div class=\"vc_col-sm-12 wpb_column vc_column_container\"><div class=\"vc_column-inner\"><div class=\"wpb_wrapper\"><div class=\"wpb_text_column\"><div class=\"wpb_wrapper\"><h2>Vergleich der Biolumineszenz und Kristallographie von biodynamisiertem Hopfenbier und einem bekannten Bier<\/h2>\n<\/div><\/div><div class=\"w-image align_none\"><a ref=\"magnificPopup\" href=\"https:\/\/biodynamizer.com\/wp-content\/uploads\/2020\/08\/Energetic-comparison-Houblonde-EN-bis.png\" aria-label=\"Bi\u00e8re belge bio et dynamis\u00e9e\" class=\"w-image-h\"><img decoding=\"async\" width=\"1024\" height=\"576\" src=\"https:\/\/biodynamizer.com\/wp-content\/uploads\/2020\/08\/Energetic-comparison-Houblonde-EN-bis-1024x576.png\" class=\"attachment-large size-large\" alt=\"\" loading=\"lazy\" srcset=\"https:\/\/biodynamizer.com\/wp-content\/uploads\/2020\/08\/Energetic-comparison-Houblonde-EN-bis-1024x576.png 1024w, https:\/\/biodynamizer.com\/wp-content\/uploads\/2020\/08\/Energetic-comparison-Houblonde-EN-bis-300x169.png 300w, https:\/\/biodynamizer.com\/wp-content\/uploads\/2020\/08\/Energetic-comparison-Houblonde-EN-bis.png 1280w\" sizes=\"auto, (max-width: 1024px) 100vw, 1024px\" \/><\/a><\/div><\/div><\/div><\/div><\/div><\/div><\/section>\n","protected":false},"excerpt":{"rendered":"Start\/SeitenDynamisiertes Wasser in Bier Houblonde 1 belgisches Bier, biologisch &amp; dynamisiert: Houblonde ist das erste Bio- und dynamisierte Bier der Welt, das in Zusammenarbeit mit der UCL entwickelt wurde. Das Wasser, aus dem es sich zusammensetzt, wurde durch Dynamisierung optimiert (d.h. das Wasser wurde durch den Biodynamizer\u00ae geleitet, so dass es seine urspr\u00fcnglichen, mit reinem...","protected":false},"author":3,"featured_media":0,"parent":5837,"menu_order":0,"comment_status":"closed","ping_status":"closed","template":"","meta":{"_monsterinsights_skip_tracking":false,"_monsterinsights_sitenote_active":false,"_monsterinsights_sitenote_note":"","_monsterinsights_sitenote_category":0,"footnotes":""},"class_list":["post-6057","page","type-page","status-publish","hentry"],"yoast_head":"<!-- This site is optimized with the Yoast SEO plugin v27.4 - https:\/\/yoast.com\/product\/yoast-seo-wordpress\/ -->\n<title>Dynamisiertes Wasser in Bier - Biodynamizer<\/title>\n<meta name=\"description\" content=\"La bi\u00e8re Houblonde est la premi\u00e8re bi\u00e8re dynamis\u00e9e du monde !\" \/>\n<meta name=\"robots\" content=\"index, follow, max-snippet:-1, max-image-preview:large, max-video-preview:-1\" \/>\n<link rel=\"canonical\" href=\"https:\/\/biodynamizer.com\/de\/b2b\/wasser-biodynamisiert-im-bier\/\" \/>\n<meta property=\"og:locale\" content=\"de_DE\" \/>\n<meta property=\"og:type\" content=\"article\" \/>\n<meta property=\"og:title\" content=\"Dynamisiertes Wasser in Bier - Biodynamizer\" \/>\n<meta property=\"og:description\" content=\"La bi\u00e8re Houblonde est la premi\u00e8re bi\u00e8re dynamis\u00e9e du monde !\" \/>\n<meta property=\"og:url\" content=\"https:\/\/biodynamizer.com\/de\/b2b\/wasser-biodynamisiert-im-bier\/\" \/>\n<meta property=\"og:site_name\" content=\"Biodynamizer\" \/>\n<meta property=\"article:modified_time\" content=\"2024-06-01T10:00:23+00:00\" \/>\n<meta property=\"og:image\" content=\"https:\/\/biodynamizer.com\/wp-content\/uploads\/2019\/11\/Depositphotos_15742931_xl-2015.jpg\" \/>\n\t<meta property=\"og:image:width\" content=\"2000\" \/>\n\t<meta property=\"og:image:height\" content=\"1333\" \/>\n\t<meta property=\"og:image:type\" content=\"image\/jpeg\" \/>\n<meta name=\"twitter:card\" content=\"summary_large_image\" \/>\n<meta name=\"twitter:label1\" content=\"Gesch\u00e4tzte Lesezeit\" \/>\n\t<meta name=\"twitter:data1\" content=\"1\u00a0Minute\" \/>\n<script type=\"application\/ld+json\" class=\"yoast-schema-graph\">{\"@context\":\"https:\\\/\\\/schema.org\",\"@graph\":[{\"@type\":\"WebPage\",\"@id\":\"https:\\\/\\\/biodynamizer.com\\\/de\\\/b2b\\\/wasser-biodynamisiert-im-bier\\\/\",\"url\":\"https:\\\/\\\/biodynamizer.com\\\/de\\\/b2b\\\/wasser-biodynamisiert-im-bier\\\/\",\"name\":\"Dynamisiertes Wasser in Bier - Biodynamizer\",\"isPartOf\":{\"@id\":\"https:\\\/\\\/biodynamizer.com\\\/de\\\/#website\"},\"datePublished\":\"2020-01-28T12:02:54+00:00\",\"dateModified\":\"2024-06-01T10:00:23+00:00\",\"description\":\"La bi\u00e8re Houblonde est la premi\u00e8re bi\u00e8re dynamis\u00e9e du monde !\",\"breadcrumb\":{\"@id\":\"https:\\\/\\\/biodynamizer.com\\\/de\\\/b2b\\\/wasser-biodynamisiert-im-bier\\\/#breadcrumb\"},\"inLanguage\":\"de\",\"potentialAction\":[{\"@type\":\"ReadAction\",\"target\":[\"https:\\\/\\\/biodynamizer.com\\\/de\\\/b2b\\\/wasser-biodynamisiert-im-bier\\\/\"]}]},{\"@type\":\"BreadcrumbList\",\"@id\":\"https:\\\/\\\/biodynamizer.com\\\/de\\\/b2b\\\/wasser-biodynamisiert-im-bier\\\/#breadcrumb\",\"itemListElement\":[{\"@type\":\"ListItem\",\"position\":1,\"name\":\"Home\",\"item\":\"https:\\\/\\\/biodynamizer.com\\\/de\\\/\"},{\"@type\":\"ListItem\",\"position\":2,\"name\":\"B2B Sektoren\",\"item\":\"https:\\\/\\\/biodynamizer.com\\\/de\\\/b2b\\\/\"},{\"@type\":\"ListItem\",\"position\":3,\"name\":\"Dynamisiertes Wasser in Bier\"}]},{\"@type\":\"WebSite\",\"@id\":\"https:\\\/\\\/biodynamizer.com\\\/de\\\/#website\",\"url\":\"https:\\\/\\\/biodynamizer.com\\\/de\\\/\",\"name\":\"Biodynamizer\",\"description\":\"Filtrez et dynamisez votre eau\",\"potentialAction\":[{\"@type\":\"SearchAction\",\"target\":{\"@type\":\"EntryPoint\",\"urlTemplate\":\"https:\\\/\\\/biodynamizer.com\\\/de\\\/?s={search_term_string}\"},\"query-input\":{\"@type\":\"PropertyValueSpecification\",\"valueRequired\":true,\"valueName\":\"search_term_string\"}}],\"inLanguage\":\"de\"}]}<\/script>\n<!-- \/ Yoast SEO plugin. -->","yoast_head_json":{"title":"Dynamisiertes Wasser in Bier - Biodynamizer","description":"La bi\u00e8re Houblonde est la premi\u00e8re bi\u00e8re dynamis\u00e9e du monde !","robots":{"index":"index","follow":"follow","max-snippet":"max-snippet:-1","max-image-preview":"max-image-preview:large","max-video-preview":"max-video-preview:-1"},"canonical":"https:\/\/biodynamizer.com\/de\/b2b\/wasser-biodynamisiert-im-bier\/","og_locale":"de_DE","og_type":"article","og_title":"Dynamisiertes Wasser in Bier - Biodynamizer","og_description":"La bi\u00e8re Houblonde est la premi\u00e8re bi\u00e8re dynamis\u00e9e du monde !","og_url":"https:\/\/biodynamizer.com\/de\/b2b\/wasser-biodynamisiert-im-bier\/","og_site_name":"Biodynamizer","article_modified_time":"2024-06-01T10:00:23+00:00","og_image":[{"width":2000,"height":1333,"url":"https:\/\/biodynamizer.com\/wp-content\/uploads\/2019\/11\/Depositphotos_15742931_xl-2015.jpg","type":"image\/jpeg"}],"twitter_card":"summary_large_image","twitter_misc":{"Gesch\u00e4tzte Lesezeit":"1\u00a0Minute"},"schema":{"@context":"https:\/\/schema.org","@graph":[{"@type":"WebPage","@id":"https:\/\/biodynamizer.com\/de\/b2b\/wasser-biodynamisiert-im-bier\/","url":"https:\/\/biodynamizer.com\/de\/b2b\/wasser-biodynamisiert-im-bier\/","name":"Dynamisiertes Wasser in Bier - Biodynamizer","isPartOf":{"@id":"https:\/\/biodynamizer.com\/de\/#website"},"datePublished":"2020-01-28T12:02:54+00:00","dateModified":"2024-06-01T10:00:23+00:00","description":"La bi\u00e8re Houblonde est la premi\u00e8re bi\u00e8re dynamis\u00e9e du monde !","breadcrumb":{"@id":"https:\/\/biodynamizer.com\/de\/b2b\/wasser-biodynamisiert-im-bier\/#breadcrumb"},"inLanguage":"de","potentialAction":[{"@type":"ReadAction","target":["https:\/\/biodynamizer.com\/de\/b2b\/wasser-biodynamisiert-im-bier\/"]}]},{"@type":"BreadcrumbList","@id":"https:\/\/biodynamizer.com\/de\/b2b\/wasser-biodynamisiert-im-bier\/#breadcrumb","itemListElement":[{"@type":"ListItem","position":1,"name":"Home","item":"https:\/\/biodynamizer.com\/de\/"},{"@type":"ListItem","position":2,"name":"B2B Sektoren","item":"https:\/\/biodynamizer.com\/de\/b2b\/"},{"@type":"ListItem","position":3,"name":"Dynamisiertes Wasser in Bier"}]},{"@type":"WebSite","@id":"https:\/\/biodynamizer.com\/de\/#website","url":"https:\/\/biodynamizer.com\/de\/","name":"Biodynamizer","description":"Filtrez et dynamisez votre eau","potentialAction":[{"@type":"SearchAction","target":{"@type":"EntryPoint","urlTemplate":"https:\/\/biodynamizer.com\/de\/?s={search_term_string}"},"query-input":{"@type":"PropertyValueSpecification","valueRequired":true,"valueName":"search_term_string"}}],"inLanguage":"de"}]}},"_links":{"self":[{"href":"https:\/\/biodynamizer.com\/de\/wp-json\/wp\/v2\/pages\/6057","targetHints":{"allow":["GET"]}}],"collection":[{"href":"https:\/\/biodynamizer.com\/de\/wp-json\/wp\/v2\/pages"}],"about":[{"href":"https:\/\/biodynamizer.com\/de\/wp-json\/wp\/v2\/types\/page"}],"author":[{"embeddable":true,"href":"https:\/\/biodynamizer.com\/de\/wp-json\/wp\/v2\/users\/3"}],"replies":[{"embeddable":true,"href":"https:\/\/biodynamizer.com\/de\/wp-json\/wp\/v2\/comments?post=6057"}],"version-history":[{"count":9,"href":"https:\/\/biodynamizer.com\/de\/wp-json\/wp\/v2\/pages\/6057\/revisions"}],"predecessor-version":[{"id":24651,"href":"https:\/\/biodynamizer.com\/de\/wp-json\/wp\/v2\/pages\/6057\/revisions\/24651"}],"up":[{"embeddable":true,"href":"https:\/\/biodynamizer.com\/de\/wp-json\/wp\/v2\/pages\/5837"}],"wp:attachment":[{"href":"https:\/\/biodynamizer.com\/de\/wp-json\/wp\/v2\/media?parent=6057"}],"curies":[{"name":"wp","href":"https:\/\/api.w.org\/{rel}","templated":true}]}}