{"id":6065,"date":"2024-05-29T14:52:46","date_gmt":"2020-01-28T11:51:45","guid":{"rendered":"https:\/\/biodynamizer.spleen-creation.be\/b2b\/leau-biodynamisee-dans-des-poulaillers\/"},"modified":"2025-07-11T09:26:36","modified_gmt":"2025-07-11T09:26:36","slug":"wasser-dynamisiert-im-milchviehbetrieben","status":"publish","type":"page","link":"https:\/\/biodynamizer.com\/de\/b2b\/wasser-dynamisiert-im-milchviehbetrieben\/","title":{"rendered":"Biodynamisiertes Wasser auf Milchviehbetrieben"},"content":{"rendered":"<section class=\"l-section wpb_row us_custom_916fdabd height_small\"><div class=\"l-section-h i-cf\"><div class=\"g-cols vc_row via_flex valign_top type_default stacking_default\"><div class=\"vc_col-sm-12 wpb_column vc_column_container\"><div class=\"vc_column-inner\"><div class=\"wpb_wrapper\"><nav class=\"g-breadcrumbs separator_custom align_none\" itemscope itemtype=\"http:\/\/schema.org\/BreadcrumbList\"><div class=\"g-breadcrumbs-item\" itemscope itemprop=\"itemListElement\" itemtype=\"http:\/\/schema.org\/ListItem\"><a itemprop=\"item\" href=\"https:\/\/biodynamizer.com\/de\/\"><span itemprop=\"name\">Start<\/span><\/a><meta itemprop=\"position\" content=\"1\"\/><\/div><div class=\"g-breadcrumbs-separator\">\/<\/div><div class=\"g-breadcrumbs-item\">Seiten<\/div><\/nav><\/div><\/div><\/div><\/div><\/div><\/section><section class=\"l-section wpb_row max500 height_large width_full\"><div class=\"l-section-h i-cf\"><div class=\"g-cols vc_row via_flex valign_top type_default stacking_default\"><div class=\"vc_col-sm-6 wpb_column vc_column_container tekstsideblock\"><div class=\"vc_column-inner\"><div class=\"wpb_wrapper\"><div class=\"wpb_text_column\"><div class=\"wpb_wrapper\"><h2>Dynamisiertes Wasser auf Milchviehbetrieben<\/h2>\n<\/div><\/div><div class=\"wpb_text_column\"><div class=\"wpb_wrapper\"><p>Schlussfolgerungen aus Beobachtungen, die zwischen 2019 und 2021 durchgef\u00fchrt wurden:<\/p>\n<p>Eine vergleichende Beobachtung von 2 Gruppen von +\/- 60 K\u00fchen (Warz\u00e9e-Farm in Hamois, Belgien) mit gleicher Menge und Qualit\u00e4t des Futters in St\u00e4llen das ganze Jahr \u00fcber, von denen eine dynamisiertes Wasser trinkt und die andere nicht, f\u00fchrt zu Folgende Beobachtung: Die Gruppe, die dynamisiertes Wasser trinkt, sieht:<\/p>\n<ul>\n<li><strong>23 % Anstieg des Wasserverbrauchs,<\/strong><\/li>\n<li><strong>20 % Steigerung der Milchproduktion (und eine proportionale Steigerung von Fett und Eiwei\u00df)<\/strong><\/li>\n<\/ul>\n<\/div><\/div><div class=\"w-image align_none\"><div class=\"w-image-h\"><img decoding=\"async\" width=\"1024\" height=\"107\" src=\"https:\/\/biodynamizer.com\/wp-content\/uploads\/2024\/04\/Water-consumption-Dynamized-Milk-EN-1024x107.png\" class=\"attachment-large size-large\" alt=\"Consommation eau Lait dynamis\u00e9\" loading=\"lazy\" srcset=\"https:\/\/biodynamizer.com\/wp-content\/uploads\/2024\/04\/Water-consumption-Dynamized-Milk-EN-1024x107.png 1024w, https:\/\/biodynamizer.com\/wp-content\/uploads\/2024\/04\/Water-consumption-Dynamized-Milk-EN-300x31.png 300w, https:\/\/biodynamizer.com\/wp-content\/uploads\/2024\/04\/Water-consumption-Dynamized-Milk-EN-600x63.png 600w\" sizes=\"auto, (max-width: 1024px) 100vw, 1024px\" \/><\/div><\/div><div class=\"w-separator size_small\"><\/div><div class=\"w-image align_none\"><div class=\"w-image-h\"><img decoding=\"async\" width=\"1024\" height=\"203\" src=\"https:\/\/biodynamizer.com\/wp-content\/uploads\/2024\/04\/Milk-dynamized-water-EN-1-1024x203.png\" class=\"attachment-large size-large\" alt=\"Consommation eau Lait dynamis\u00e9\" loading=\"lazy\" srcset=\"https:\/\/biodynamizer.com\/wp-content\/uploads\/2024\/04\/Milk-dynamized-water-EN-1-1024x203.png 1024w, https:\/\/biodynamizer.com\/wp-content\/uploads\/2024\/04\/Milk-dynamized-water-EN-1-300x59.png 300w, https:\/\/biodynamizer.com\/wp-content\/uploads\/2024\/04\/Milk-dynamized-water-EN-1-600x119.png 600w\" sizes=\"auto, (max-width: 1024px) 100vw, 1024px\" \/><\/div><\/div><\/div><\/div><\/div><div class=\"vc_col-sm-6 wpb_column vc_column_container imagesideblock has_bg_color\"><div class=\"vc_column-inner us_custom_066a63ac\"><div class=\"wpb_wrapper\"><\/div><\/div><\/div><\/div><\/div><\/section>\n","protected":false},"excerpt":{"rendered":"Start\/SeitenDynamisiertes Wasser auf Milchviehbetrieben Schlussfolgerungen aus Beobachtungen, die zwischen 2019 und 2021 durchgef\u00fchrt wurden: Eine vergleichende Beobachtung von 2 Gruppen von +\/- 60 K\u00fchen (Warz\u00e9e-Farm in Hamois, Belgien) mit gleicher Menge und Qualit\u00e4t des Futters in St\u00e4llen das ganze Jahr \u00fcber, von denen eine dynamisiertes Wasser trinkt und die andere nicht, f\u00fchrt zu Folgende Beobachtung:...","protected":false},"author":3,"featured_media":0,"parent":5837,"menu_order":4,"comment_status":"closed","ping_status":"closed","template":"","meta":{"_monsterinsights_skip_tracking":false,"_monsterinsights_sitenote_active":false,"_monsterinsights_sitenote_note":"","_monsterinsights_sitenote_category":0,"footnotes":""},"class_list":["post-6065","page","type-page","status-publish","hentry"],"yoast_head":"<!-- This site is optimized with the Yoast SEO plugin v27.3 - https:\/\/yoast.com\/product\/yoast-seo-wordpress\/ -->\n<title>Biodynamisiertes Wasser auf Milchviehbetrieben - Biodynamizer<\/title>\n<meta name=\"description\" content=\"Biodynamizer - Biodynamisiertes Wasser auf Milchviehbetrieben - En savoir plus sur le biodynamizer et le biofiltre\" \/>\n<meta name=\"robots\" content=\"index, follow, max-snippet:-1, max-image-preview:large, max-video-preview:-1\" \/>\n<link rel=\"canonical\" href=\"https:\/\/biodynamizer.com\/de\/b2b\/wasser-dynamisiert-im-milchviehbetrieben\/\" \/>\n<meta property=\"og:locale\" content=\"de_DE\" \/>\n<meta property=\"og:type\" content=\"article\" \/>\n<meta property=\"og:title\" content=\"Biodynamisiertes Wasser auf Milchviehbetrieben - Biodynamizer\" \/>\n<meta property=\"og:description\" content=\"Biodynamizer - Biodynamisiertes Wasser auf Milchviehbetrieben - En savoir plus sur le biodynamizer et le biofiltre\" \/>\n<meta property=\"og:url\" content=\"https:\/\/biodynamizer.com\/de\/b2b\/wasser-dynamisiert-im-milchviehbetrieben\/\" \/>\n<meta property=\"og:site_name\" content=\"Biodynamizer\" \/>\n<meta property=\"article:modified_time\" content=\"2025-07-11T09:26:36+00:00\" \/>\n<meta property=\"og:image\" content=\"https:\/\/biodynamizer.com\/wp-content\/uploads\/2019\/11\/Depositphotos_15742931_xl-2015.jpg\" \/>\n\t<meta property=\"og:image:width\" content=\"2000\" \/>\n\t<meta property=\"og:image:height\" content=\"1333\" \/>\n\t<meta property=\"og:image:type\" content=\"image\/jpeg\" \/>\n<meta name=\"twitter:card\" content=\"summary_large_image\" \/>\n<meta name=\"twitter:label1\" content=\"Gesch\u00e4tzte Lesezeit\" \/>\n\t<meta name=\"twitter:data1\" content=\"1\u00a0Minute\" \/>\n<script type=\"application\/ld+json\" class=\"yoast-schema-graph\">{\"@context\":\"https:\\\/\\\/schema.org\",\"@graph\":[{\"@type\":\"WebPage\",\"@id\":\"https:\\\/\\\/biodynamizer.com\\\/de\\\/b2b\\\/wasser-dynamisiert-im-milchviehbetrieben\\\/\",\"url\":\"https:\\\/\\\/biodynamizer.com\\\/de\\\/b2b\\\/wasser-dynamisiert-im-milchviehbetrieben\\\/\",\"name\":\"Biodynamisiertes Wasser auf Milchviehbetrieben - Biodynamizer\",\"isPartOf\":{\"@id\":\"https:\\\/\\\/biodynamizer.com\\\/de\\\/#website\"},\"datePublished\":\"2020-01-28T11:51:45+00:00\",\"dateModified\":\"2025-07-11T09:26:36+00:00\",\"description\":\"Biodynamizer - Biodynamisiertes Wasser auf Milchviehbetrieben - En savoir plus sur le biodynamizer et le biofiltre\",\"breadcrumb\":{\"@id\":\"https:\\\/\\\/biodynamizer.com\\\/de\\\/b2b\\\/wasser-dynamisiert-im-milchviehbetrieben\\\/#breadcrumb\"},\"inLanguage\":\"de\",\"potentialAction\":[{\"@type\":\"ReadAction\",\"target\":[\"https:\\\/\\\/biodynamizer.com\\\/de\\\/b2b\\\/wasser-dynamisiert-im-milchviehbetrieben\\\/\"]}]},{\"@type\":\"BreadcrumbList\",\"@id\":\"https:\\\/\\\/biodynamizer.com\\\/de\\\/b2b\\\/wasser-dynamisiert-im-milchviehbetrieben\\\/#breadcrumb\",\"itemListElement\":[{\"@type\":\"ListItem\",\"position\":1,\"name\":\"Home\",\"item\":\"https:\\\/\\\/biodynamizer.com\\\/de\\\/\"},{\"@type\":\"ListItem\",\"position\":2,\"name\":\"B2B Sektoren\",\"item\":\"https:\\\/\\\/biodynamizer.com\\\/de\\\/b2b\\\/\"},{\"@type\":\"ListItem\",\"position\":3,\"name\":\"Biodynamisiertes Wasser auf Milchviehbetrieben\"}]},{\"@type\":\"WebSite\",\"@id\":\"https:\\\/\\\/biodynamizer.com\\\/de\\\/#website\",\"url\":\"https:\\\/\\\/biodynamizer.com\\\/de\\\/\",\"name\":\"Biodynamizer\",\"description\":\"Filtrez et dynamisez votre eau\",\"potentialAction\":[{\"@type\":\"SearchAction\",\"target\":{\"@type\":\"EntryPoint\",\"urlTemplate\":\"https:\\\/\\\/biodynamizer.com\\\/de\\\/?s={search_term_string}\"},\"query-input\":{\"@type\":\"PropertyValueSpecification\",\"valueRequired\":true,\"valueName\":\"search_term_string\"}}],\"inLanguage\":\"de\"}]}<\/script>\n<!-- \/ Yoast SEO plugin. -->","yoast_head_json":{"title":"Biodynamisiertes Wasser auf Milchviehbetrieben - Biodynamizer","description":"Biodynamizer - Biodynamisiertes Wasser auf Milchviehbetrieben - En savoir plus sur le biodynamizer et le biofiltre","robots":{"index":"index","follow":"follow","max-snippet":"max-snippet:-1","max-image-preview":"max-image-preview:large","max-video-preview":"max-video-preview:-1"},"canonical":"https:\/\/biodynamizer.com\/de\/b2b\/wasser-dynamisiert-im-milchviehbetrieben\/","og_locale":"de_DE","og_type":"article","og_title":"Biodynamisiertes Wasser auf Milchviehbetrieben - Biodynamizer","og_description":"Biodynamizer - Biodynamisiertes Wasser auf Milchviehbetrieben - En savoir plus sur le biodynamizer et le biofiltre","og_url":"https:\/\/biodynamizer.com\/de\/b2b\/wasser-dynamisiert-im-milchviehbetrieben\/","og_site_name":"Biodynamizer","article_modified_time":"2025-07-11T09:26:36+00:00","og_image":[{"width":2000,"height":1333,"url":"https:\/\/biodynamizer.com\/wp-content\/uploads\/2019\/11\/Depositphotos_15742931_xl-2015.jpg","type":"image\/jpeg"}],"twitter_card":"summary_large_image","twitter_misc":{"Gesch\u00e4tzte Lesezeit":"1\u00a0Minute"},"schema":{"@context":"https:\/\/schema.org","@graph":[{"@type":"WebPage","@id":"https:\/\/biodynamizer.com\/de\/b2b\/wasser-dynamisiert-im-milchviehbetrieben\/","url":"https:\/\/biodynamizer.com\/de\/b2b\/wasser-dynamisiert-im-milchviehbetrieben\/","name":"Biodynamisiertes Wasser auf Milchviehbetrieben - Biodynamizer","isPartOf":{"@id":"https:\/\/biodynamizer.com\/de\/#website"},"datePublished":"2020-01-28T11:51:45+00:00","dateModified":"2025-07-11T09:26:36+00:00","description":"Biodynamizer - Biodynamisiertes Wasser auf Milchviehbetrieben - En savoir plus sur le biodynamizer et le biofiltre","breadcrumb":{"@id":"https:\/\/biodynamizer.com\/de\/b2b\/wasser-dynamisiert-im-milchviehbetrieben\/#breadcrumb"},"inLanguage":"de","potentialAction":[{"@type":"ReadAction","target":["https:\/\/biodynamizer.com\/de\/b2b\/wasser-dynamisiert-im-milchviehbetrieben\/"]}]},{"@type":"BreadcrumbList","@id":"https:\/\/biodynamizer.com\/de\/b2b\/wasser-dynamisiert-im-milchviehbetrieben\/#breadcrumb","itemListElement":[{"@type":"ListItem","position":1,"name":"Home","item":"https:\/\/biodynamizer.com\/de\/"},{"@type":"ListItem","position":2,"name":"B2B Sektoren","item":"https:\/\/biodynamizer.com\/de\/b2b\/"},{"@type":"ListItem","position":3,"name":"Biodynamisiertes Wasser auf Milchviehbetrieben"}]},{"@type":"WebSite","@id":"https:\/\/biodynamizer.com\/de\/#website","url":"https:\/\/biodynamizer.com\/de\/","name":"Biodynamizer","description":"Filtrez et dynamisez votre eau","potentialAction":[{"@type":"SearchAction","target":{"@type":"EntryPoint","urlTemplate":"https:\/\/biodynamizer.com\/de\/?s={search_term_string}"},"query-input":{"@type":"PropertyValueSpecification","valueRequired":true,"valueName":"search_term_string"}}],"inLanguage":"de"}]}},"_links":{"self":[{"href":"https:\/\/biodynamizer.com\/de\/wp-json\/wp\/v2\/pages\/6065","targetHints":{"allow":["GET"]}}],"collection":[{"href":"https:\/\/biodynamizer.com\/de\/wp-json\/wp\/v2\/pages"}],"about":[{"href":"https:\/\/biodynamizer.com\/de\/wp-json\/wp\/v2\/types\/page"}],"author":[{"embeddable":true,"href":"https:\/\/biodynamizer.com\/de\/wp-json\/wp\/v2\/users\/3"}],"replies":[{"embeddable":true,"href":"https:\/\/biodynamizer.com\/de\/wp-json\/wp\/v2\/comments?post=6065"}],"version-history":[{"count":6,"href":"https:\/\/biodynamizer.com\/de\/wp-json\/wp\/v2\/pages\/6065\/revisions"}],"predecessor-version":[{"id":27578,"href":"https:\/\/biodynamizer.com\/de\/wp-json\/wp\/v2\/pages\/6065\/revisions\/27578"}],"up":[{"embeddable":true,"href":"https:\/\/biodynamizer.com\/de\/wp-json\/wp\/v2\/pages\/5837"}],"wp:attachment":[{"href":"https:\/\/biodynamizer.com\/de\/wp-json\/wp\/v2\/media?parent=6065"}],"curies":[{"name":"wp","href":"https:\/\/api.w.org\/{rel}","templated":true}]}}