{"id":6083,"date":"2020-01-28T10:52:57","date_gmt":"2020-01-28T10:52:57","guid":{"rendered":"https:\/\/biodynamizer.spleen-creation.be\/b2b\/leau-biodynamisee-en-boulangerie-patisserie\/"},"modified":"2021-03-06T13:08:27","modified_gmt":"2021-03-06T13:08:27","slug":"wasser-dynamisiert-im-backwaren-teig","status":"publish","type":"page","link":"https:\/\/biodynamizer.com\/de\/b2b\/wasser-dynamisiert-im-backwaren-teig\/","title":{"rendered":"Biodynamisiertes Wasser in B\u00e4ckereien und Konditoreien"},"content":{"rendered":"<section class=\"l-section wpb_row us_custom_916fdabd height_small\"><div class=\"l-section-h i-cf\"><div class=\"g-cols vc_row via_flex valign_top type_default stacking_default\"><div class=\"vc_col-sm-12 wpb_column vc_column_container\"><div class=\"vc_column-inner\"><div class=\"wpb_wrapper\"><nav class=\"g-breadcrumbs separator_custom align_none\" itemscope itemtype=\"http:\/\/schema.org\/BreadcrumbList\"><div class=\"g-breadcrumbs-item\" itemscope itemprop=\"itemListElement\" itemtype=\"http:\/\/schema.org\/ListItem\"><a itemprop=\"item\" href=\"https:\/\/biodynamizer.com\/de\/\"><span itemprop=\"name\">Start<\/span><\/a><meta itemprop=\"position\" content=\"1\"\/><\/div><div class=\"g-breadcrumbs-separator\">\/<\/div><div class=\"g-breadcrumbs-item\">Seiten<\/div><\/nav><\/div><\/div><\/div><\/div><\/div><\/section><section class=\"l-section wpb_row max500 height_large width_full\"><div class=\"l-section-h i-cf\"><div class=\"g-cols vc_row via_flex valign_top type_default reversed stacking_default\"><div class=\"vc_col-sm-6 wpb_column vc_column_container tekstsideblock\"><div class=\"vc_column-inner\"><div class=\"wpb_wrapper\"><div class=\"wpb_text_column\"><div class=\"wpb_wrapper\"><h2><b>Biodynamisiertes Wasser in B\u00e4ckereien und Konditoreien<\/b><\/h2>\n<\/div><\/div><div class=\"wpb_text_column\"><div class=\"wpb_wrapper\"><p><b>Vergleichende Analyse zwischen biodynamisiertem und nichtdynamisiertem Brot in handwerklichen B\u00e4ckereien (24.01.2020)<\/b><\/p>\n<p><b>Biodynamisierte Paste:<\/b><\/p>\n<ul>\n<li>Eine alveolare Struktur (Luftblasen) viel besser verteilt, strukturierter, regelm\u00e4\u00dfiger, harmonischer und feiner, die durch die molekulare Struktur des biodynamisierten Wassers hervorgerufen wird!<\/li>\n<li>Kompakter und fester, weniger Sauerstoff (weniger Oxidation) und ein h\u00f6herer Feuchtigkeitsgehalt (87% &gt;&lt; 81%), der den Teig geschmeidiger und klebriger macht.<\/li>\n<\/ul>\n<p><b>Biodynamisiertes Brot:<\/b><\/p>\n<ul>\n<li>Eine im Laufe der Zeit signifikant h\u00f6here Hygrometrie-Rate von +\/- 20% (83,8% &gt;&lt; 69,2%: f\u00fcr 8 Tage), die dem dynamisierten Brot eine feinere Textur, eine kompaktere und geschmeidigere Krume verleiht.<\/li>\n<li>Ein Brot, das die Aromen von frischem Brot besser bewahrt, ein weicherer Aspekt, der mehr Feldsalat hat und weniger schnell rei\u00dft.<\/li>\n<\/ul>\n<p><b>Biodynamischer Zauberstab:<\/b><\/p>\n<ul>\n<li>Beim Sauerteigbaguette ist die Nase durch das dynamisierte Wasser intensiver,<\/li>\n<li>Die Wabe ist besser verteilt.<\/li>\n<\/ul>\n<p>Im Allgemeinen ist die Knetzeit bei Teig aus biodynamisiertem Wasser k\u00fcrzer.<\/p>\n<\/div><\/div><\/div><\/div><\/div><div class=\"vc_col-sm-6 wpb_column vc_column_container imagesideblock has_bg_color\"><div class=\"vc_column-inner us_custom_f0cd2e11\"><div class=\"wpb_wrapper\"><\/div><\/div><\/div><\/div><\/div><\/section><section class=\"l-section wpb_row height_auto\"><div class=\"l-section-h i-cf\"><div class=\"g-cols vc_row via_flex valign_top type_default stacking_default\"><div class=\"vc_col-sm-12 wpb_column vc_column_container\"><div class=\"vc_column-inner\"><div class=\"wpb_wrapper\"><div class=\"w-grid us_carousel type_carousel layout_1008 preload_style_spinner items_3 ratio_1x1\" id=\"us_grid_1\" style=\"--items:3;--gap:1.5rem;--item-ratio:1;\"><style>.layout_1008 .w-grid-item-h{background:rgba(255,255,255,0.1)}.layout_1008 .usg_post_image_1{transition-duration:0.35s;transform-origin:50% 50%;transform:scale(1) translate(0%,0%)}.layout_1008 .w-grid-item-h:focus-within .usg_post_image_1,.layout_1008 .w-grid-item-h:hover .usg_post_image_1{transform:scale(1.1) translate(0%,0%);opacity:0.8}.layout_1008 .usg_post_image_1{position:absolute!important;left:0!important;top:0!important;bottom:0!important;right:0!important}.layout_1008 .usg_vwrapper_1{background:linear-gradient(transparent,rgba(30,30,30,0.8))!important;position:absolute!important;right:0!important;bottom:0!important;left:0!important;padding:4rem 2rem 1.5rem 2rem!important}<\/style><div class=\"w-grid-list owl-carousel valign_stretch dotstyle_circle navstyle_circle arrows-ver-pos_middle arrows-hor-pos_on_sides_inside arrows-disabled_hide owl-responsive-2000 with_arrows\" style=\"--transition-duration:350ms;--arrows-size:1.5rem;--arrows-hor-offset:calc(0px - 1.5rem);--arrows-gap:10px;\">\t<article class=\"w-grid-item post-9569 attachment type-attachment status-inherit hentry\" data-id=\"9569\">\r\n\t\t<div class=\"w-grid-item-h\">\r\n\t\t\t\t\t\t<div class=\"w-post-elm post_image usg_post_image_1 stretched\"><img loading=\"lazy\" decoding=\"async\" width=\"1024\" height=\"768\" src=\"https:\/\/biodynamizer.com\/wp-content\/uploads\/2020\/09\/Pain-non-dynamis\u00e9-Biodynamis\u00e9-1024x768.jpg\" class=\"attachment-large size-large\" alt=\"\" srcset=\"https:\/\/biodynamizer.com\/wp-content\/uploads\/2020\/09\/Pain-non-dynamis\u00e9-Biodynamis\u00e9-1024x768.jpg 1024w, https:\/\/biodynamizer.com\/wp-content\/uploads\/2020\/09\/Pain-non-dynamis\u00e9-Biodynamis\u00e9-300x225.jpg 300w, https:\/\/biodynamizer.com\/wp-content\/uploads\/2020\/09\/Pain-non-dynamis\u00e9-Biodynamis\u00e9-1536x1152.jpg 1536w, https:\/\/biodynamizer.com\/wp-content\/uploads\/2020\/09\/Pain-non-dynamis\u00e9-Biodynamis\u00e9-2048x1536.jpg 2048w\" sizes=\"auto, (max-width: 1024px) 100vw, 1024px\" \/><\/div><div class=\"w-vwrapper usg_vwrapper_1 align_left valign_top\"><\/div>\t\t<\/div>\r\n\t\t\t<\/article>\r\n\t<article class=\"w-grid-item post-9567 attachment type-attachment status-inherit hentry\" data-id=\"9567\">\r\n\t\t<div class=\"w-grid-item-h\">\r\n\t\t\t\t\t\t<div class=\"w-post-elm post_image usg_post_image_1 stretched\"><img loading=\"lazy\" decoding=\"async\" width=\"1024\" height=\"768\" src=\"https:\/\/biodynamizer.com\/wp-content\/uploads\/2020\/09\/Fr\u00e9d\u00e9ric-Mortagne-1024x768.jpg\" class=\"attachment-large size-large\" alt=\"\" srcset=\"https:\/\/biodynamizer.com\/wp-content\/uploads\/2020\/09\/Fr\u00e9d\u00e9ric-Mortagne-1024x768.jpg 1024w, https:\/\/biodynamizer.com\/wp-content\/uploads\/2020\/09\/Fr\u00e9d\u00e9ric-Mortagne-300x225.jpg 300w, https:\/\/biodynamizer.com\/wp-content\/uploads\/2020\/09\/Fr\u00e9d\u00e9ric-Mortagne-1536x1152.jpg 1536w, https:\/\/biodynamizer.com\/wp-content\/uploads\/2020\/09\/Fr\u00e9d\u00e9ric-Mortagne-2048x1536.jpg 2048w\" sizes=\"auto, (max-width: 1024px) 100vw, 1024px\" \/><\/div><div class=\"w-vwrapper usg_vwrapper_1 align_left valign_top\"><\/div>\t\t<\/div>\r\n\t\t\t<\/article>\r\n\t<article class=\"w-grid-item post-9565 attachment type-attachment status-inherit hentry\" data-id=\"9565\">\r\n\t\t<div class=\"w-grid-item-h\">\r\n\t\t\t\t\t\t<div class=\"w-post-elm post_image usg_post_image_1 stretched\"><img loading=\"lazy\" decoding=\"async\" width=\"1024\" height=\"768\" src=\"https:\/\/biodynamizer.com\/wp-content\/uploads\/2020\/09\/P\u00e2te-non-dynamis\u00e9e-1024x768.jpg\" class=\"attachment-large size-large\" alt=\"\" srcset=\"https:\/\/biodynamizer.com\/wp-content\/uploads\/2020\/09\/P\u00e2te-non-dynamis\u00e9e-1024x768.jpg 1024w, https:\/\/biodynamizer.com\/wp-content\/uploads\/2020\/09\/P\u00e2te-non-dynamis\u00e9e-300x225.jpg 300w, https:\/\/biodynamizer.com\/wp-content\/uploads\/2020\/09\/P\u00e2te-non-dynamis\u00e9e-1536x1152.jpg 1536w, https:\/\/biodynamizer.com\/wp-content\/uploads\/2020\/09\/P\u00e2te-non-dynamis\u00e9e-2048x1536.jpg 2048w\" sizes=\"auto, (max-width: 1024px) 100vw, 1024px\" \/><\/div><div class=\"w-vwrapper usg_vwrapper_1 align_left valign_top\"><\/div>\t\t<\/div>\r\n\t\t\t<\/article>\r\n\t<article class=\"w-grid-item post-9563 attachment type-attachment status-inherit hentry\" data-id=\"9563\">\r\n\t\t<div class=\"w-grid-item-h\">\r\n\t\t\t\t\t\t<div class=\"w-post-elm post_image usg_post_image_1 stretched\"><img loading=\"lazy\" decoding=\"async\" width=\"1024\" height=\"768\" src=\"https:\/\/biodynamizer.com\/wp-content\/uploads\/2020\/09\/P\u00e2te-biodynamis\u00e9e-1024x768.jpg\" class=\"attachment-large size-large\" alt=\"\" srcset=\"https:\/\/biodynamizer.com\/wp-content\/uploads\/2020\/09\/P\u00e2te-biodynamis\u00e9e-1024x768.jpg 1024w, https:\/\/biodynamizer.com\/wp-content\/uploads\/2020\/09\/P\u00e2te-biodynamis\u00e9e-300x225.jpg 300w, https:\/\/biodynamizer.com\/wp-content\/uploads\/2020\/09\/P\u00e2te-biodynamis\u00e9e-1536x1152.jpg 1536w, https:\/\/biodynamizer.com\/wp-content\/uploads\/2020\/09\/P\u00e2te-biodynamis\u00e9e-2048x1536.jpg 2048w\" sizes=\"auto, (max-width: 1024px) 100vw, 1024px\" \/><\/div><div class=\"w-vwrapper usg_vwrapper_1 align_left valign_top\"><\/div>\t\t<\/div>\r\n\t\t\t<\/article>\r\n\t<article class=\"w-grid-item post-9561 attachment type-attachment status-inherit hentry\" data-id=\"9561\">\r\n\t\t<div class=\"w-grid-item-h\">\r\n\t\t\t\t\t\t<div class=\"w-post-elm post_image usg_post_image_1 stretched\"><img loading=\"lazy\" decoding=\"async\" width=\"768\" height=\"1024\" src=\"https:\/\/biodynamizer.com\/wp-content\/uploads\/2020\/09\/Pain-non-dynamis\u00e9-haut-02.02-768x1024.jpg\" class=\"attachment-large size-large\" alt=\"\" srcset=\"https:\/\/biodynamizer.com\/wp-content\/uploads\/2020\/09\/Pain-non-dynamis\u00e9-haut-02.02-768x1024.jpg 768w, https:\/\/biodynamizer.com\/wp-content\/uploads\/2020\/09\/Pain-non-dynamis\u00e9-haut-02.02-225x300.jpg 225w, https:\/\/biodynamizer.com\/wp-content\/uploads\/2020\/09\/Pain-non-dynamis\u00e9-haut-02.02-1152x1536.jpg 1152w, https:\/\/biodynamizer.com\/wp-content\/uploads\/2020\/09\/Pain-non-dynamis\u00e9-haut-02.02-1536x2048.jpg 1536w, https:\/\/biodynamizer.com\/wp-content\/uploads\/2020\/09\/Pain-non-dynamis\u00e9-haut-02.02-scaled.jpg 1920w\" sizes=\"auto, (max-width: 768px) 100vw, 768px\" \/><\/div><div class=\"w-vwrapper usg_vwrapper_1 align_left valign_top\"><\/div>\t\t<\/div>\r\n\t\t\t<\/article>\r\n\t<article class=\"w-grid-item post-9559 attachment type-attachment status-inherit hentry\" data-id=\"9559\">\r\n\t\t<div class=\"w-grid-item-h\">\r\n\t\t\t\t\t\t<div class=\"w-post-elm post_image usg_post_image_1 stretched\"><img loading=\"lazy\" decoding=\"async\" width=\"768\" height=\"1024\" src=\"https:\/\/biodynamizer.com\/wp-content\/uploads\/2020\/09\/Pain-Biodynamis\u00e9-haut-02.02-768x1024.jpg\" class=\"attachment-large size-large\" alt=\"\" srcset=\"https:\/\/biodynamizer.com\/wp-content\/uploads\/2020\/09\/Pain-Biodynamis\u00e9-haut-02.02-768x1024.jpg 768w, https:\/\/biodynamizer.com\/wp-content\/uploads\/2020\/09\/Pain-Biodynamis\u00e9-haut-02.02-225x300.jpg 225w, https:\/\/biodynamizer.com\/wp-content\/uploads\/2020\/09\/Pain-Biodynamis\u00e9-haut-02.02-1152x1536.jpg 1152w, https:\/\/biodynamizer.com\/wp-content\/uploads\/2020\/09\/Pain-Biodynamis\u00e9-haut-02.02-1536x2048.jpg 1536w, https:\/\/biodynamizer.com\/wp-content\/uploads\/2020\/09\/Pain-Biodynamis\u00e9-haut-02.02-scaled.jpg 1920w\" sizes=\"auto, (max-width: 768px) 100vw, 768px\" \/><\/div><div class=\"w-vwrapper usg_vwrapper_1 align_left valign_top\"><\/div>\t\t<\/div>\r\n\t\t\t<\/article>\r\n\t<article class=\"w-grid-item post-9557 attachment type-attachment status-inherit hentry\" data-id=\"9557\">\r\n\t\t<div class=\"w-grid-item-h\">\r\n\t\t\t\t\t\t<div class=\"w-post-elm post_image usg_post_image_1 stretched\"><img loading=\"lazy\" decoding=\"async\" width=\"768\" height=\"1024\" src=\"https:\/\/biodynamizer.com\/wp-content\/uploads\/2020\/09\/Biodynamizer-boulangerie-768x1024.jpg\" class=\"attachment-large size-large\" alt=\"\" srcset=\"https:\/\/biodynamizer.com\/wp-content\/uploads\/2020\/09\/Biodynamizer-boulangerie-768x1024.jpg 768w, https:\/\/biodynamizer.com\/wp-content\/uploads\/2020\/09\/Biodynamizer-boulangerie-225x300.jpg 225w, https:\/\/biodynamizer.com\/wp-content\/uploads\/2020\/09\/Biodynamizer-boulangerie-1152x1536.jpg 1152w, https:\/\/biodynamizer.com\/wp-content\/uploads\/2020\/09\/Biodynamizer-boulangerie-1536x2048.jpg 1536w, https:\/\/biodynamizer.com\/wp-content\/uploads\/2020\/09\/Biodynamizer-boulangerie-scaled.jpg 1920w\" sizes=\"auto, (max-width: 768px) 100vw, 768px\" \/><\/div><div class=\"w-vwrapper usg_vwrapper_1 align_left valign_top\"><\/div>\t\t<\/div>\r\n\t\t\t<\/article>\r\n<\/div><div class=\"w-grid-carousel-json hidden\" onclick='return {&quot;carousel_settings&quot;:{&quot;aria_labels&quot;:{&quot;prev&quot;:&quot;Zur\\u00fcck&quot;,&quot;next&quot;:&quot;Weiter&quot;},&quot;autoplayContinual&quot;:false,&quot;autoplayHoverPause&quot;:false,&quot;autoplayTimeout&quot;:3000,&quot;autoWidth&quot;:false,&quot;smartSpeed&quot;:350,&quot;margin&quot;:0,&quot;mouseDrag&quot;:true,&quot;rtl&quot;:false,&quot;slideBy&quot;:&quot;1&quot;,&quot;touchDrag&quot;:true,&quot;slideTransition&quot;:&quot;&quot;,&quot;responsive&quot;:{&quot;0&quot;:{&quot;autoHeight&quot;:false,&quot;autoplay&quot;:true,&quot;autoWidth&quot;:false,&quot;center&quot;:false,&quot;dots&quot;:false,&quot;items&quot;:1,&quot;loop&quot;:true,&quot;nav&quot;:false,&quot;stagePadding&quot;:0,&quot;slideBy&quot;:&quot;1&quot;},&quot;601&quot;:{&quot;autoHeight&quot;:false,&quot;autoplay&quot;:true,&quot;autoWidth&quot;:false,&quot;center&quot;:false,&quot;dots&quot;:false,&quot;items&quot;:2,&quot;loop&quot;:true,&quot;nav&quot;:true,&quot;stagePadding&quot;:0,&quot;slideBy&quot;:&quot;1&quot;},&quot;1025&quot;:{&quot;autoHeight&quot;:false,&quot;autoplay&quot;:true,&quot;autoWidth&quot;:false,&quot;center&quot;:false,&quot;dots&quot;:false,&quot;items&quot;:3,&quot;loop&quot;:true,&quot;nav&quot;:true,&quot;stagePadding&quot;:0,&quot;slideBy&quot;:&quot;1&quot;},&quot;1381&quot;:{&quot;items&quot;:3,&quot;autoplay&quot;:false,&quot;center&quot;:false,&quot;dots&quot;:false,&quot;nav&quot;:true,&quot;autoHeight&quot;:false,&quot;autoWidth&quot;:false,&quot;loop&quot;:true,&quot;stagePadding&quot;:0}}}}'><\/div><\/div><\/div><\/div><\/div><\/div><\/div><\/section>\n","protected":false},"excerpt":{"rendered":"","protected":false},"author":3,"featured_media":0,"parent":5837,"menu_order":3,"comment_status":"closed","ping_status":"closed","template":"","meta":{"_monsterinsights_skip_tracking":false,"_monsterinsights_sitenote_active":false,"_monsterinsights_sitenote_note":"","_monsterinsights_sitenote_category":0,"footnotes":""},"class_list":["post-6083","page","type-page","status-publish","hentry"],"yoast_head":"<!-- This site is optimized with the Yoast SEO plugin v27.3 - https:\/\/yoast.com\/product\/yoast-seo-wordpress\/ -->\n<title>Biodynamisiertes Wasser in B\u00e4ckereien und Konditoreien - Biodynamizer<\/title>\n<meta name=\"description\" content=\"Le pain biodynamis\u00e9 conserve nettement plus longtemps sa fra\u00eecheur !\" \/>\n<meta name=\"robots\" content=\"index, follow, max-snippet:-1, max-image-preview:large, max-video-preview:-1\" \/>\n<link rel=\"canonical\" href=\"https:\/\/biodynamizer.com\/de\/b2b\/wasser-dynamisiert-im-backwaren-teig\/\" \/>\n<meta property=\"og:locale\" content=\"de_DE\" \/>\n<meta property=\"og:type\" content=\"article\" \/>\n<meta property=\"og:title\" content=\"Biodynamisiertes Wasser in B\u00e4ckereien und Konditoreien - Biodynamizer\" \/>\n<meta property=\"og:description\" content=\"Le pain biodynamis\u00e9 conserve nettement plus longtemps sa fra\u00eecheur !\" \/>\n<meta property=\"og:url\" content=\"https:\/\/biodynamizer.com\/de\/b2b\/wasser-dynamisiert-im-backwaren-teig\/\" \/>\n<meta property=\"og:site_name\" content=\"Biodynamizer\" \/>\n<meta property=\"article:modified_time\" content=\"2021-03-06T13:08:27+00:00\" \/>\n<meta property=\"og:image\" content=\"https:\/\/biodynamizer.com\/wp-content\/uploads\/2019\/11\/Depositphotos_15742931_xl-2015.jpg\" \/>\n\t<meta property=\"og:image:width\" content=\"2000\" \/>\n\t<meta property=\"og:image:height\" content=\"1333\" \/>\n\t<meta property=\"og:image:type\" content=\"image\/jpeg\" \/>\n<meta name=\"twitter:card\" content=\"summary_large_image\" \/>\n<meta name=\"twitter:label1\" content=\"Gesch\u00e4tzte Lesezeit\" \/>\n\t<meta name=\"twitter:data1\" content=\"1\u00a0Minute\" \/>\n<script type=\"application\/ld+json\" class=\"yoast-schema-graph\">{\"@context\":\"https:\\\/\\\/schema.org\",\"@graph\":[{\"@type\":\"WebPage\",\"@id\":\"https:\\\/\\\/biodynamizer.com\\\/de\\\/b2b\\\/wasser-dynamisiert-im-backwaren-teig\\\/\",\"url\":\"https:\\\/\\\/biodynamizer.com\\\/de\\\/b2b\\\/wasser-dynamisiert-im-backwaren-teig\\\/\",\"name\":\"Biodynamisiertes Wasser in B\u00e4ckereien und Konditoreien - Biodynamizer\",\"isPartOf\":{\"@id\":\"https:\\\/\\\/biodynamizer.com\\\/de\\\/#website\"},\"datePublished\":\"2020-01-28T10:52:57+00:00\",\"dateModified\":\"2021-03-06T13:08:27+00:00\",\"description\":\"Le pain biodynamis\u00e9 conserve nettement plus longtemps sa fra\u00eecheur !\",\"breadcrumb\":{\"@id\":\"https:\\\/\\\/biodynamizer.com\\\/de\\\/b2b\\\/wasser-dynamisiert-im-backwaren-teig\\\/#breadcrumb\"},\"inLanguage\":\"de\",\"potentialAction\":[{\"@type\":\"ReadAction\",\"target\":[\"https:\\\/\\\/biodynamizer.com\\\/de\\\/b2b\\\/wasser-dynamisiert-im-backwaren-teig\\\/\"]}]},{\"@type\":\"BreadcrumbList\",\"@id\":\"https:\\\/\\\/biodynamizer.com\\\/de\\\/b2b\\\/wasser-dynamisiert-im-backwaren-teig\\\/#breadcrumb\",\"itemListElement\":[{\"@type\":\"ListItem\",\"position\":1,\"name\":\"Home\",\"item\":\"https:\\\/\\\/biodynamizer.com\\\/de\\\/\"},{\"@type\":\"ListItem\",\"position\":2,\"name\":\"B2B Sektoren\",\"item\":\"https:\\\/\\\/biodynamizer.com\\\/de\\\/b2b\\\/\"},{\"@type\":\"ListItem\",\"position\":3,\"name\":\"Biodynamisiertes Wasser in B\u00e4ckereien und Konditoreien\"}]},{\"@type\":\"WebSite\",\"@id\":\"https:\\\/\\\/biodynamizer.com\\\/de\\\/#website\",\"url\":\"https:\\\/\\\/biodynamizer.com\\\/de\\\/\",\"name\":\"Biodynamizer\",\"description\":\"Filtrez et dynamisez votre eau\",\"potentialAction\":[{\"@type\":\"SearchAction\",\"target\":{\"@type\":\"EntryPoint\",\"urlTemplate\":\"https:\\\/\\\/biodynamizer.com\\\/de\\\/?s={search_term_string}\"},\"query-input\":{\"@type\":\"PropertyValueSpecification\",\"valueRequired\":true,\"valueName\":\"search_term_string\"}}],\"inLanguage\":\"de\"}]}<\/script>\n<!-- \/ Yoast SEO plugin. -->","yoast_head_json":{"title":"Biodynamisiertes Wasser in B\u00e4ckereien und Konditoreien - Biodynamizer","description":"Le pain biodynamis\u00e9 conserve nettement plus longtemps sa fra\u00eecheur !","robots":{"index":"index","follow":"follow","max-snippet":"max-snippet:-1","max-image-preview":"max-image-preview:large","max-video-preview":"max-video-preview:-1"},"canonical":"https:\/\/biodynamizer.com\/de\/b2b\/wasser-dynamisiert-im-backwaren-teig\/","og_locale":"de_DE","og_type":"article","og_title":"Biodynamisiertes Wasser in B\u00e4ckereien und Konditoreien - Biodynamizer","og_description":"Le pain biodynamis\u00e9 conserve nettement plus longtemps sa fra\u00eecheur !","og_url":"https:\/\/biodynamizer.com\/de\/b2b\/wasser-dynamisiert-im-backwaren-teig\/","og_site_name":"Biodynamizer","article_modified_time":"2021-03-06T13:08:27+00:00","og_image":[{"width":2000,"height":1333,"url":"https:\/\/biodynamizer.com\/wp-content\/uploads\/2019\/11\/Depositphotos_15742931_xl-2015.jpg","type":"image\/jpeg"}],"twitter_card":"summary_large_image","twitter_misc":{"Gesch\u00e4tzte Lesezeit":"1\u00a0Minute"},"schema":{"@context":"https:\/\/schema.org","@graph":[{"@type":"WebPage","@id":"https:\/\/biodynamizer.com\/de\/b2b\/wasser-dynamisiert-im-backwaren-teig\/","url":"https:\/\/biodynamizer.com\/de\/b2b\/wasser-dynamisiert-im-backwaren-teig\/","name":"Biodynamisiertes Wasser in B\u00e4ckereien und Konditoreien - Biodynamizer","isPartOf":{"@id":"https:\/\/biodynamizer.com\/de\/#website"},"datePublished":"2020-01-28T10:52:57+00:00","dateModified":"2021-03-06T13:08:27+00:00","description":"Le pain biodynamis\u00e9 conserve nettement plus longtemps sa fra\u00eecheur !","breadcrumb":{"@id":"https:\/\/biodynamizer.com\/de\/b2b\/wasser-dynamisiert-im-backwaren-teig\/#breadcrumb"},"inLanguage":"de","potentialAction":[{"@type":"ReadAction","target":["https:\/\/biodynamizer.com\/de\/b2b\/wasser-dynamisiert-im-backwaren-teig\/"]}]},{"@type":"BreadcrumbList","@id":"https:\/\/biodynamizer.com\/de\/b2b\/wasser-dynamisiert-im-backwaren-teig\/#breadcrumb","itemListElement":[{"@type":"ListItem","position":1,"name":"Home","item":"https:\/\/biodynamizer.com\/de\/"},{"@type":"ListItem","position":2,"name":"B2B Sektoren","item":"https:\/\/biodynamizer.com\/de\/b2b\/"},{"@type":"ListItem","position":3,"name":"Biodynamisiertes Wasser in B\u00e4ckereien und Konditoreien"}]},{"@type":"WebSite","@id":"https:\/\/biodynamizer.com\/de\/#website","url":"https:\/\/biodynamizer.com\/de\/","name":"Biodynamizer","description":"Filtrez et dynamisez votre eau","potentialAction":[{"@type":"SearchAction","target":{"@type":"EntryPoint","urlTemplate":"https:\/\/biodynamizer.com\/de\/?s={search_term_string}"},"query-input":{"@type":"PropertyValueSpecification","valueRequired":true,"valueName":"search_term_string"}}],"inLanguage":"de"}]}},"_links":{"self":[{"href":"https:\/\/biodynamizer.com\/de\/wp-json\/wp\/v2\/pages\/6083","targetHints":{"allow":["GET"]}}],"collection":[{"href":"https:\/\/biodynamizer.com\/de\/wp-json\/wp\/v2\/pages"}],"about":[{"href":"https:\/\/biodynamizer.com\/de\/wp-json\/wp\/v2\/types\/page"}],"author":[{"embeddable":true,"href":"https:\/\/biodynamizer.com\/de\/wp-json\/wp\/v2\/users\/3"}],"replies":[{"embeddable":true,"href":"https:\/\/biodynamizer.com\/de\/wp-json\/wp\/v2\/comments?post=6083"}],"version-history":[{"count":3,"href":"https:\/\/biodynamizer.com\/de\/wp-json\/wp\/v2\/pages\/6083\/revisions"}],"predecessor-version":[{"id":8247,"href":"https:\/\/biodynamizer.com\/de\/wp-json\/wp\/v2\/pages\/6083\/revisions\/8247"}],"up":[{"embeddable":true,"href":"https:\/\/biodynamizer.com\/de\/wp-json\/wp\/v2\/pages\/5837"}],"wp:attachment":[{"href":"https:\/\/biodynamizer.com\/de\/wp-json\/wp\/v2\/media?parent=6083"}],"curies":[{"name":"wp","href":"https:\/\/api.w.org\/{rel}","templated":true}]}}