{"id":6087,"date":"2020-01-28T10:40:03","date_gmt":"2020-01-28T10:40:03","guid":{"rendered":"https:\/\/biodynamizer.spleen-creation.be\/b2b\/leau-biodynamisee-dans-lhoreca\/"},"modified":"2021-03-06T13:04:32","modified_gmt":"2021-03-06T13:04:32","slug":"wasser-biodynamisiertes-im-horeca","status":"publish","type":"page","link":"https:\/\/biodynamizer.com\/de\/b2b\/wasser-biodynamisiertes-im-horeca\/","title":{"rendered":"Biodynamisiertes Wasser in der Horeca"},"content":{"rendered":"<section class=\"l-section wpb_row us_custom_916fdabd height_small\"><div class=\"l-section-h i-cf\"><div class=\"g-cols vc_row via_flex valign_top type_default stacking_default\"><div class=\"vc_col-sm-12 wpb_column vc_column_container\"><div class=\"vc_column-inner\"><div class=\"wpb_wrapper\"><nav class=\"g-breadcrumbs separator_custom align_none\" itemscope itemtype=\"http:\/\/schema.org\/BreadcrumbList\"><div class=\"g-breadcrumbs-item\" itemscope itemprop=\"itemListElement\" itemtype=\"http:\/\/schema.org\/ListItem\"><a itemprop=\"item\" href=\"https:\/\/biodynamizer.com\/de\/\"><span itemprop=\"name\">Start<\/span><\/a><meta itemprop=\"position\" content=\"1\"\/><\/div><div class=\"g-breadcrumbs-separator\">\/<\/div><div class=\"g-breadcrumbs-item\">Seiten<\/div><\/nav><\/div><\/div><\/div><\/div><\/div><\/section><section class=\"l-section wpb_row max500 height_large width_full\"><div class=\"l-section-h i-cf\"><div class=\"g-cols vc_row via_flex valign_top type_default stacking_default\"><div class=\"vc_col-sm-6 wpb_column vc_column_container tekstsideblock\"><div class=\"vc_column-inner\"><div class=\"wpb_wrapper\"><div class=\"wpb_text_column\"><div class=\"wpb_wrapper\"><h2><b>Biodynamisiertes Wasser in der Horeca<\/b><\/h2>\n<\/div><\/div><div class=\"wpb_text_column\"><div class=\"wpb_wrapper\"><ul>\n<li>Qualit\u00e4tswasser, das vor Ort produziert wird, ohne Lagerung oder Recycling<\/li>\n<li>M\u00f6glichkeit, Ihre eigene Marke oder das Etikett Ihrer Einrichtung (personalisiertes Branding) auf einer Flasche oder Karaffe anzubringen.<\/li>\n<li>Ger\u00e4te, die den Anforderungen der internationalen Vorschriften entsprechen (Einhaltung der europ\u00e4ischen Richtlinien f\u00fcr Trinkwasser und Konformit\u00e4t der Materialien in Kontakt mit Wasser)<\/li>\n<li>Trennen Sie die Wassernetze f\u00fcr die:\n<ul>\n<li>Dampfger\u00e4te, die m\u00f6glicherweise durch Enth\u00e4rter oder Osmoseanlagen enth\u00e4rtetes Wasser ben\u00f6tigen<\/li>\n<li>und das &#8222;Trinkwasser&#8220;-Netz, das mit gefiltertem und dynamisiertem Wasser versorgt wird<\/li>\n<\/ul>\n<\/li>\n<\/ul>\n<\/div><\/div><\/div><\/div><\/div><div class=\"vc_col-sm-6 wpb_column vc_column_container imagesideblock has_bg_color\"><div class=\"vc_column-inner us_custom_f2ff3d02\"><div class=\"wpb_wrapper\"><\/div><\/div><\/div><\/div><\/div><\/section>\n","protected":false},"excerpt":{"rendered":"Start\/SeitenBiodynamisiertes Wasser in der Horeca Qualit\u00e4tswasser, das vor Ort produziert wird, ohne Lagerung oder Recycling M\u00f6glichkeit, Ihre eigene Marke oder das Etikett Ihrer Einrichtung (personalisiertes Branding) auf einer Flasche oder Karaffe anzubringen. Ger\u00e4te, die den Anforderungen der internationalen Vorschriften entsprechen (Einhaltung der europ\u00e4ischen Richtlinien f\u00fcr Trinkwasser und Konformit\u00e4t der Materialien in Kontakt mit Wasser) Trennen...","protected":false},"author":3,"featured_media":0,"parent":5837,"menu_order":2,"comment_status":"closed","ping_status":"closed","template":"","meta":{"_monsterinsights_skip_tracking":false,"_monsterinsights_sitenote_active":false,"_monsterinsights_sitenote_note":"","_monsterinsights_sitenote_category":0,"footnotes":""},"class_list":["post-6087","page","type-page","status-publish","hentry"],"yoast_head":"<!-- This site is optimized with the Yoast SEO plugin v27.3 - https:\/\/yoast.com\/product\/yoast-seo-wordpress\/ -->\n<title>Biodynamisiertes Wasser in der Horeca - Biodynamizer<\/title>\n<meta name=\"description\" content=\"Biodynamizer - Biodynamisiertes Wasser in der Horeca - En savoir plus sur le biodynamizer et le biofiltre\" \/>\n<meta name=\"robots\" content=\"index, follow, max-snippet:-1, max-image-preview:large, max-video-preview:-1\" \/>\n<link rel=\"canonical\" href=\"https:\/\/biodynamizer.com\/de\/b2b\/wasser-biodynamisiertes-im-horeca\/\" \/>\n<meta property=\"og:locale\" content=\"de_DE\" \/>\n<meta property=\"og:type\" content=\"article\" \/>\n<meta property=\"og:title\" content=\"Biodynamisiertes Wasser in der Horeca - Biodynamizer\" \/>\n<meta property=\"og:description\" content=\"Biodynamizer - Biodynamisiertes Wasser in der Horeca - En savoir plus sur le biodynamizer et le biofiltre\" \/>\n<meta property=\"og:url\" content=\"https:\/\/biodynamizer.com\/de\/b2b\/wasser-biodynamisiertes-im-horeca\/\" \/>\n<meta property=\"og:site_name\" content=\"Biodynamizer\" \/>\n<meta property=\"article:modified_time\" content=\"2021-03-06T13:04:32+00:00\" \/>\n<meta property=\"og:image\" content=\"https:\/\/biodynamizer.com\/wp-content\/uploads\/2019\/11\/Depositphotos_15742931_xl-2015.jpg\" \/>\n\t<meta property=\"og:image:width\" content=\"2000\" \/>\n\t<meta property=\"og:image:height\" content=\"1333\" \/>\n\t<meta property=\"og:image:type\" content=\"image\/jpeg\" \/>\n<meta name=\"twitter:card\" content=\"summary_large_image\" \/>\n<meta name=\"twitter:label1\" content=\"Gesch\u00e4tzte Lesezeit\" \/>\n\t<meta name=\"twitter:data1\" content=\"1\u00a0Minute\" \/>\n<script type=\"application\/ld+json\" class=\"yoast-schema-graph\">{\"@context\":\"https:\\\/\\\/schema.org\",\"@graph\":[{\"@type\":\"WebPage\",\"@id\":\"https:\\\/\\\/biodynamizer.com\\\/de\\\/b2b\\\/wasser-biodynamisiertes-im-horeca\\\/\",\"url\":\"https:\\\/\\\/biodynamizer.com\\\/de\\\/b2b\\\/wasser-biodynamisiertes-im-horeca\\\/\",\"name\":\"Biodynamisiertes Wasser in der Horeca - Biodynamizer\",\"isPartOf\":{\"@id\":\"https:\\\/\\\/biodynamizer.com\\\/de\\\/#website\"},\"datePublished\":\"2020-01-28T10:40:03+00:00\",\"dateModified\":\"2021-03-06T13:04:32+00:00\",\"description\":\"Biodynamizer - Biodynamisiertes Wasser in der Horeca - En savoir plus sur le biodynamizer et le biofiltre\",\"breadcrumb\":{\"@id\":\"https:\\\/\\\/biodynamizer.com\\\/de\\\/b2b\\\/wasser-biodynamisiertes-im-horeca\\\/#breadcrumb\"},\"inLanguage\":\"de\",\"potentialAction\":[{\"@type\":\"ReadAction\",\"target\":[\"https:\\\/\\\/biodynamizer.com\\\/de\\\/b2b\\\/wasser-biodynamisiertes-im-horeca\\\/\"]}]},{\"@type\":\"BreadcrumbList\",\"@id\":\"https:\\\/\\\/biodynamizer.com\\\/de\\\/b2b\\\/wasser-biodynamisiertes-im-horeca\\\/#breadcrumb\",\"itemListElement\":[{\"@type\":\"ListItem\",\"position\":1,\"name\":\"Home\",\"item\":\"https:\\\/\\\/biodynamizer.com\\\/de\\\/\"},{\"@type\":\"ListItem\",\"position\":2,\"name\":\"B2B Sektoren\",\"item\":\"https:\\\/\\\/biodynamizer.com\\\/de\\\/b2b\\\/\"},{\"@type\":\"ListItem\",\"position\":3,\"name\":\"Biodynamisiertes Wasser in der Horeca\"}]},{\"@type\":\"WebSite\",\"@id\":\"https:\\\/\\\/biodynamizer.com\\\/de\\\/#website\",\"url\":\"https:\\\/\\\/biodynamizer.com\\\/de\\\/\",\"name\":\"Biodynamizer\",\"description\":\"Filtrez et dynamisez votre eau\",\"potentialAction\":[{\"@type\":\"SearchAction\",\"target\":{\"@type\":\"EntryPoint\",\"urlTemplate\":\"https:\\\/\\\/biodynamizer.com\\\/de\\\/?s={search_term_string}\"},\"query-input\":{\"@type\":\"PropertyValueSpecification\",\"valueRequired\":true,\"valueName\":\"search_term_string\"}}],\"inLanguage\":\"de\"}]}<\/script>\n<!-- \/ Yoast SEO plugin. -->","yoast_head_json":{"title":"Biodynamisiertes Wasser in der Horeca - Biodynamizer","description":"Biodynamizer - Biodynamisiertes Wasser in der Horeca - En savoir plus sur le biodynamizer et le biofiltre","robots":{"index":"index","follow":"follow","max-snippet":"max-snippet:-1","max-image-preview":"max-image-preview:large","max-video-preview":"max-video-preview:-1"},"canonical":"https:\/\/biodynamizer.com\/de\/b2b\/wasser-biodynamisiertes-im-horeca\/","og_locale":"de_DE","og_type":"article","og_title":"Biodynamisiertes Wasser in der Horeca - Biodynamizer","og_description":"Biodynamizer - Biodynamisiertes Wasser in der Horeca - En savoir plus sur le biodynamizer et le biofiltre","og_url":"https:\/\/biodynamizer.com\/de\/b2b\/wasser-biodynamisiertes-im-horeca\/","og_site_name":"Biodynamizer","article_modified_time":"2021-03-06T13:04:32+00:00","og_image":[{"width":2000,"height":1333,"url":"https:\/\/biodynamizer.com\/wp-content\/uploads\/2019\/11\/Depositphotos_15742931_xl-2015.jpg","type":"image\/jpeg"}],"twitter_card":"summary_large_image","twitter_misc":{"Gesch\u00e4tzte Lesezeit":"1\u00a0Minute"},"schema":{"@context":"https:\/\/schema.org","@graph":[{"@type":"WebPage","@id":"https:\/\/biodynamizer.com\/de\/b2b\/wasser-biodynamisiertes-im-horeca\/","url":"https:\/\/biodynamizer.com\/de\/b2b\/wasser-biodynamisiertes-im-horeca\/","name":"Biodynamisiertes Wasser in der Horeca - Biodynamizer","isPartOf":{"@id":"https:\/\/biodynamizer.com\/de\/#website"},"datePublished":"2020-01-28T10:40:03+00:00","dateModified":"2021-03-06T13:04:32+00:00","description":"Biodynamizer - Biodynamisiertes Wasser in der Horeca - En savoir plus sur le biodynamizer et le biofiltre","breadcrumb":{"@id":"https:\/\/biodynamizer.com\/de\/b2b\/wasser-biodynamisiertes-im-horeca\/#breadcrumb"},"inLanguage":"de","potentialAction":[{"@type":"ReadAction","target":["https:\/\/biodynamizer.com\/de\/b2b\/wasser-biodynamisiertes-im-horeca\/"]}]},{"@type":"BreadcrumbList","@id":"https:\/\/biodynamizer.com\/de\/b2b\/wasser-biodynamisiertes-im-horeca\/#breadcrumb","itemListElement":[{"@type":"ListItem","position":1,"name":"Home","item":"https:\/\/biodynamizer.com\/de\/"},{"@type":"ListItem","position":2,"name":"B2B Sektoren","item":"https:\/\/biodynamizer.com\/de\/b2b\/"},{"@type":"ListItem","position":3,"name":"Biodynamisiertes Wasser in der Horeca"}]},{"@type":"WebSite","@id":"https:\/\/biodynamizer.com\/de\/#website","url":"https:\/\/biodynamizer.com\/de\/","name":"Biodynamizer","description":"Filtrez et dynamisez votre eau","potentialAction":[{"@type":"SearchAction","target":{"@type":"EntryPoint","urlTemplate":"https:\/\/biodynamizer.com\/de\/?s={search_term_string}"},"query-input":{"@type":"PropertyValueSpecification","valueRequired":true,"valueName":"search_term_string"}}],"inLanguage":"de"}]}},"_links":{"self":[{"href":"https:\/\/biodynamizer.com\/de\/wp-json\/wp\/v2\/pages\/6087","targetHints":{"allow":["GET"]}}],"collection":[{"href":"https:\/\/biodynamizer.com\/de\/wp-json\/wp\/v2\/pages"}],"about":[{"href":"https:\/\/biodynamizer.com\/de\/wp-json\/wp\/v2\/types\/page"}],"author":[{"embeddable":true,"href":"https:\/\/biodynamizer.com\/de\/wp-json\/wp\/v2\/users\/3"}],"replies":[{"embeddable":true,"href":"https:\/\/biodynamizer.com\/de\/wp-json\/wp\/v2\/comments?post=6087"}],"version-history":[{"count":3,"href":"https:\/\/biodynamizer.com\/de\/wp-json\/wp\/v2\/pages\/6087\/revisions"}],"predecessor-version":[{"id":8245,"href":"https:\/\/biodynamizer.com\/de\/wp-json\/wp\/v2\/pages\/6087\/revisions\/8245"}],"up":[{"embeddable":true,"href":"https:\/\/biodynamizer.com\/de\/wp-json\/wp\/v2\/pages\/5837"}],"wp:attachment":[{"href":"https:\/\/biodynamizer.com\/de\/wp-json\/wp\/v2\/media?parent=6087"}],"curies":[{"name":"wp","href":"https:\/\/api.w.org\/{rel}","templated":true}]}}