{"id":6097,"date":"2020-01-28T10:22:21","date_gmt":"2020-01-28T10:22:21","guid":{"rendered":"https:\/\/biodynamizer.spleen-creation.be\/les-bienfaits\/une-solution-economique\/"},"modified":"2025-05-12T13:47:45","modified_gmt":"2025-05-12T13:47:45","slug":"a-loesung-wirtschaftlich","status":"publish","type":"page","link":"https:\/\/biodynamizer.com\/de\/die-vorteile\/a-loesung-wirtschaftlich\/","title":{"rendered":"Eine wirtschaftliche L\u00f6sung!"},"content":{"rendered":"<section class=\"l-section wpb_row us_custom_916fdabd height_small\"><div class=\"l-section-h i-cf\"><div class=\"g-cols vc_row via_flex valign_top type_default stacking_default\"><div class=\"vc_col-sm-12 wpb_column vc_column_container\"><div class=\"vc_column-inner\"><div class=\"wpb_wrapper\"><nav class=\"g-breadcrumbs separator_custom align_none\" itemscope itemtype=\"http:\/\/schema.org\/BreadcrumbList\"><div class=\"g-breadcrumbs-item\" itemscope itemprop=\"itemListElement\" itemtype=\"http:\/\/schema.org\/ListItem\"><a itemprop=\"item\" href=\"https:\/\/biodynamizer.com\/de\/\"><span itemprop=\"name\">Start<\/span><\/a><meta itemprop=\"position\" content=\"1\"\/><\/div><div class=\"g-breadcrumbs-separator\">\/<\/div><div class=\"g-breadcrumbs-item\">Seiten<\/div><\/nav><\/div><\/div><\/div><\/div><\/div><\/section><section class=\"l-section wpb_row max500 height_large width_full\"><div class=\"l-section-h i-cf\"><div class=\"g-cols vc_row via_flex valign_top type_default stacking_default\"><div class=\"vc_col-sm-6 wpb_column vc_column_container tekstsideblock\"><div class=\"vc_column-inner\"><div class=\"wpb_wrapper\"><div class=\"wpb_text_column\"><div class=\"wpb_wrapper\"><h2><strong>Eine wirtschaftliche L\u00f6sung!<\/strong><\/h2>\n<ul>\n<li>Erhebliche Einsparungen werden beim Kauf von abgef\u00fclltem Wasser erzielt. Tats\u00e4chlich kostet Leitungswasser (das gefiltert und dynamisiert wird) <strong>150 Mal weniger<\/strong> (~ \u20ac 0,004\/L) als Mineralwasser in Flaschen (~ \u20ac 0,60\/L)! Mit diesem Argument spart eine Familie von 5 Personen durch den Austausch der Flaschen gegen das Paket Biofilter + Biodynamizer mehr als 1.000 \u20ac\/Jahr. Diese Ger\u00e4te werden daher in weniger als 4 Jahren erstattet!<\/li>\n<li>Der Biodynamizer ist wartungsfrei und verursacht daher keine zus\u00e4tzlichen Kosten. Andererseits ist es ratsam, die Kartusche des Biofilters mindestens jedes Jahr zu wechseln (abh\u00e4ngig von Ihrem Verbrauch).<\/li>\n<\/ul>\n<\/div><\/div><div class=\"w-image align_none\"><div class=\"w-image-h\"><img decoding=\"async\" width=\"1024\" height=\"281\" src=\"https:\/\/biodynamizer.com\/wp-content\/uploads\/2025\/05\/Einsparung-dynamisiertes-Wasser-DE-1024x281.png\" class=\"attachment-large size-large\" alt=\"Tableau pr\u00e9sentant les \u00e9conomies associ\u00e9es \u00e0 l\u2019utilisation d\u2019eau dynamis\u00e9e, avec des chiffres et comparaisons illustrant les gains potentiels.\" loading=\"lazy\" srcset=\"https:\/\/biodynamizer.com\/wp-content\/uploads\/2025\/05\/Einsparung-dynamisiertes-Wasser-DE-1024x281.png 1024w, https:\/\/biodynamizer.com\/wp-content\/uploads\/2025\/05\/Einsparung-dynamisiertes-Wasser-DE-300x82.png 300w, https:\/\/biodynamizer.com\/wp-content\/uploads\/2025\/05\/Einsparung-dynamisiertes-Wasser-DE-600x165.png 600w, https:\/\/biodynamizer.com\/wp-content\/uploads\/2025\/05\/Einsparung-dynamisiertes-Wasser-DE-640x176.png 640w, https:\/\/biodynamizer.com\/wp-content\/uploads\/2025\/05\/Einsparung-dynamisiertes-Wasser-DE.png 1597w\" sizes=\"auto, (max-width: 1024px) 100vw, 1024px\" \/><\/div><\/div><\/div><\/div><\/div><div class=\"vc_col-sm-6 wpb_column vc_column_container\"><div class=\"vc_column-inner\"><div class=\"wpb_wrapper\"><div class=\"w-image align_left\"><div class=\"w-image-h\"><img decoding=\"async\" width=\"910\" height=\"727\" src=\"https:\/\/biodynamizer.com\/wp-content\/uploads\/2020\/01\/bienfaits7.png\" class=\"attachment-large size-large\" alt=\"robinet qui fais couler des pi\u00e8ces de monnaie\" loading=\"lazy\" srcset=\"https:\/\/biodynamizer.com\/wp-content\/uploads\/2020\/01\/bienfaits7.png 910w, https:\/\/biodynamizer.com\/wp-content\/uploads\/2020\/01\/bienfaits7-300x240.png 300w\" sizes=\"auto, (max-width: 910px) 100vw, 910px\" \/><\/div><\/div><\/div><\/div><\/div><\/div><\/div><\/section><section class=\"l-section wpb_row height_auto\"><div class=\"l-section-h i-cf\"><div class=\"g-cols vc_row via_flex valign_top type_default stacking_default\"><div class=\"vc_col-sm-12 wpb_column vc_column_container\"><div class=\"vc_column-inner\"><div class=\"wpb_wrapper\"><\/div><\/div><\/div><\/div><\/div><\/section>\n","protected":false},"excerpt":{"rendered":"Start\/SeitenEine wirtschaftliche L\u00f6sung! Erhebliche Einsparungen werden beim Kauf von abgef\u00fclltem Wasser erzielt. Tats\u00e4chlich kostet Leitungswasser (das gefiltert und dynamisiert wird) 150 Mal weniger (~ \u20ac 0,004\/L) als Mineralwasser in Flaschen (~ \u20ac 0,60\/L)! Mit diesem Argument spart eine Familie von 5 Personen durch den Austausch der Flaschen gegen das Paket Biofilter + Biodynamizer mehr als...","protected":false},"author":3,"featured_media":0,"parent":5828,"menu_order":5,"comment_status":"closed","ping_status":"closed","template":"","meta":{"_monsterinsights_skip_tracking":false,"_monsterinsights_sitenote_active":false,"_monsterinsights_sitenote_note":"","_monsterinsights_sitenote_category":0,"footnotes":""},"class_list":["post-6097","page","type-page","status-publish","hentry"],"yoast_head":"<!-- This site is optimized with the Yoast SEO plugin v27.3 - https:\/\/yoast.com\/product\/yoast-seo-wordpress\/ -->\n<title>Eine wirtschaftliche L\u00f6sung! - Biodynamizer<\/title>\n<meta name=\"description\" content=\"Biodynamizer - Eine wirtschaftliche L\u00f6sung! - En savoir plus sur le biodynamizer et le biofiltre\" \/>\n<meta name=\"robots\" content=\"index, follow, max-snippet:-1, max-image-preview:large, max-video-preview:-1\" \/>\n<link rel=\"canonical\" href=\"https:\/\/biodynamizer.com\/de\/die-vorteile\/a-loesung-wirtschaftlich\/\" \/>\n<meta property=\"og:locale\" content=\"de_DE\" \/>\n<meta property=\"og:type\" content=\"article\" \/>\n<meta property=\"og:title\" content=\"Eine wirtschaftliche L\u00f6sung! - Biodynamizer\" \/>\n<meta property=\"og:description\" content=\"Biodynamizer - Eine wirtschaftliche L\u00f6sung! - En savoir plus sur le biodynamizer et le biofiltre\" \/>\n<meta property=\"og:url\" content=\"https:\/\/biodynamizer.com\/de\/die-vorteile\/a-loesung-wirtschaftlich\/\" \/>\n<meta property=\"og:site_name\" content=\"Biodynamizer\" \/>\n<meta property=\"article:modified_time\" content=\"2025-05-12T13:47:45+00:00\" \/>\n<meta property=\"og:image\" content=\"https:\/\/biodynamizer.com\/wp-content\/uploads\/2019\/11\/Depositphotos_15742931_xl-2015.jpg\" \/>\n\t<meta property=\"og:image:width\" content=\"2000\" \/>\n\t<meta property=\"og:image:height\" content=\"1333\" \/>\n\t<meta property=\"og:image:type\" content=\"image\/jpeg\" \/>\n<meta name=\"twitter:card\" content=\"summary_large_image\" \/>\n<meta name=\"twitter:label1\" content=\"Gesch\u00e4tzte Lesezeit\" \/>\n\t<meta name=\"twitter:data1\" content=\"1\u00a0Minute\" \/>\n<script type=\"application\/ld+json\" class=\"yoast-schema-graph\">{\"@context\":\"https:\\\/\\\/schema.org\",\"@graph\":[{\"@type\":\"WebPage\",\"@id\":\"https:\\\/\\\/biodynamizer.com\\\/de\\\/die-vorteile\\\/a-loesung-wirtschaftlich\\\/\",\"url\":\"https:\\\/\\\/biodynamizer.com\\\/de\\\/die-vorteile\\\/a-loesung-wirtschaftlich\\\/\",\"name\":\"Eine wirtschaftliche L\u00f6sung! - Biodynamizer\",\"isPartOf\":{\"@id\":\"https:\\\/\\\/biodynamizer.com\\\/de\\\/#website\"},\"datePublished\":\"2020-01-28T10:22:21+00:00\",\"dateModified\":\"2025-05-12T13:47:45+00:00\",\"description\":\"Biodynamizer - Eine wirtschaftliche L\u00f6sung! - En savoir plus sur le biodynamizer et le biofiltre\",\"breadcrumb\":{\"@id\":\"https:\\\/\\\/biodynamizer.com\\\/de\\\/die-vorteile\\\/a-loesung-wirtschaftlich\\\/#breadcrumb\"},\"inLanguage\":\"de\",\"potentialAction\":[{\"@type\":\"ReadAction\",\"target\":[\"https:\\\/\\\/biodynamizer.com\\\/de\\\/die-vorteile\\\/a-loesung-wirtschaftlich\\\/\"]}]},{\"@type\":\"BreadcrumbList\",\"@id\":\"https:\\\/\\\/biodynamizer.com\\\/de\\\/die-vorteile\\\/a-loesung-wirtschaftlich\\\/#breadcrumb\",\"itemListElement\":[{\"@type\":\"ListItem\",\"position\":1,\"name\":\"Home\",\"item\":\"https:\\\/\\\/biodynamizer.com\\\/de\\\/\"},{\"@type\":\"ListItem\",\"position\":2,\"name\":\"Die Vorteile\",\"item\":\"https:\\\/\\\/biodynamizer.com\\\/de\\\/die-vorteile\\\/\"},{\"@type\":\"ListItem\",\"position\":3,\"name\":\"Eine wirtschaftliche L\u00f6sung!\"}]},{\"@type\":\"WebSite\",\"@id\":\"https:\\\/\\\/biodynamizer.com\\\/de\\\/#website\",\"url\":\"https:\\\/\\\/biodynamizer.com\\\/de\\\/\",\"name\":\"Biodynamizer\",\"description\":\"Filtrez et dynamisez votre eau\",\"potentialAction\":[{\"@type\":\"SearchAction\",\"target\":{\"@type\":\"EntryPoint\",\"urlTemplate\":\"https:\\\/\\\/biodynamizer.com\\\/de\\\/?s={search_term_string}\"},\"query-input\":{\"@type\":\"PropertyValueSpecification\",\"valueRequired\":true,\"valueName\":\"search_term_string\"}}],\"inLanguage\":\"de\"}]}<\/script>\n<!-- \/ Yoast SEO plugin. -->","yoast_head_json":{"title":"Eine wirtschaftliche L\u00f6sung! - Biodynamizer","description":"Biodynamizer - Eine wirtschaftliche L\u00f6sung! - En savoir plus sur le biodynamizer et le biofiltre","robots":{"index":"index","follow":"follow","max-snippet":"max-snippet:-1","max-image-preview":"max-image-preview:large","max-video-preview":"max-video-preview:-1"},"canonical":"https:\/\/biodynamizer.com\/de\/die-vorteile\/a-loesung-wirtschaftlich\/","og_locale":"de_DE","og_type":"article","og_title":"Eine wirtschaftliche L\u00f6sung! - Biodynamizer","og_description":"Biodynamizer - Eine wirtschaftliche L\u00f6sung! - En savoir plus sur le biodynamizer et le biofiltre","og_url":"https:\/\/biodynamizer.com\/de\/die-vorteile\/a-loesung-wirtschaftlich\/","og_site_name":"Biodynamizer","article_modified_time":"2025-05-12T13:47:45+00:00","og_image":[{"width":2000,"height":1333,"url":"https:\/\/biodynamizer.com\/wp-content\/uploads\/2019\/11\/Depositphotos_15742931_xl-2015.jpg","type":"image\/jpeg"}],"twitter_card":"summary_large_image","twitter_misc":{"Gesch\u00e4tzte Lesezeit":"1\u00a0Minute"},"schema":{"@context":"https:\/\/schema.org","@graph":[{"@type":"WebPage","@id":"https:\/\/biodynamizer.com\/de\/die-vorteile\/a-loesung-wirtschaftlich\/","url":"https:\/\/biodynamizer.com\/de\/die-vorteile\/a-loesung-wirtschaftlich\/","name":"Eine wirtschaftliche L\u00f6sung! - Biodynamizer","isPartOf":{"@id":"https:\/\/biodynamizer.com\/de\/#website"},"datePublished":"2020-01-28T10:22:21+00:00","dateModified":"2025-05-12T13:47:45+00:00","description":"Biodynamizer - Eine wirtschaftliche L\u00f6sung! - En savoir plus sur le biodynamizer et le biofiltre","breadcrumb":{"@id":"https:\/\/biodynamizer.com\/de\/die-vorteile\/a-loesung-wirtschaftlich\/#breadcrumb"},"inLanguage":"de","potentialAction":[{"@type":"ReadAction","target":["https:\/\/biodynamizer.com\/de\/die-vorteile\/a-loesung-wirtschaftlich\/"]}]},{"@type":"BreadcrumbList","@id":"https:\/\/biodynamizer.com\/de\/die-vorteile\/a-loesung-wirtschaftlich\/#breadcrumb","itemListElement":[{"@type":"ListItem","position":1,"name":"Home","item":"https:\/\/biodynamizer.com\/de\/"},{"@type":"ListItem","position":2,"name":"Die Vorteile","item":"https:\/\/biodynamizer.com\/de\/die-vorteile\/"},{"@type":"ListItem","position":3,"name":"Eine wirtschaftliche L\u00f6sung!"}]},{"@type":"WebSite","@id":"https:\/\/biodynamizer.com\/de\/#website","url":"https:\/\/biodynamizer.com\/de\/","name":"Biodynamizer","description":"Filtrez et dynamisez votre eau","potentialAction":[{"@type":"SearchAction","target":{"@type":"EntryPoint","urlTemplate":"https:\/\/biodynamizer.com\/de\/?s={search_term_string}"},"query-input":{"@type":"PropertyValueSpecification","valueRequired":true,"valueName":"search_term_string"}}],"inLanguage":"de"}]}},"_links":{"self":[{"href":"https:\/\/biodynamizer.com\/de\/wp-json\/wp\/v2\/pages\/6097","targetHints":{"allow":["GET"]}}],"collection":[{"href":"https:\/\/biodynamizer.com\/de\/wp-json\/wp\/v2\/pages"}],"about":[{"href":"https:\/\/biodynamizer.com\/de\/wp-json\/wp\/v2\/types\/page"}],"author":[{"embeddable":true,"href":"https:\/\/biodynamizer.com\/de\/wp-json\/wp\/v2\/users\/3"}],"replies":[{"embeddable":true,"href":"https:\/\/biodynamizer.com\/de\/wp-json\/wp\/v2\/comments?post=6097"}],"version-history":[{"count":7,"href":"https:\/\/biodynamizer.com\/de\/wp-json\/wp\/v2\/pages\/6097\/revisions"}],"predecessor-version":[{"id":27101,"href":"https:\/\/biodynamizer.com\/de\/wp-json\/wp\/v2\/pages\/6097\/revisions\/27101"}],"up":[{"embeddable":true,"href":"https:\/\/biodynamizer.com\/de\/wp-json\/wp\/v2\/pages\/5828"}],"wp:attachment":[{"href":"https:\/\/biodynamizer.com\/de\/wp-json\/wp\/v2\/media?parent=6097"}],"curies":[{"name":"wp","href":"https:\/\/api.w.org\/{rel}","templated":true}]}}