{"id":6117,"date":"2020-01-28T09:34:23","date_gmt":"2020-01-28T09:34:23","guid":{"rendered":"https:\/\/biodynamizer.spleen-creation.be\/les-bienfaits\/une-solution-globale\/"},"modified":"2024-06-27T15:31:31","modified_gmt":"2024-06-27T15:31:31","slug":"eine-globale-loesung","status":"publish","type":"page","link":"https:\/\/biodynamizer.com\/de\/die-vorteile\/eine-globale-loesung\/","title":{"rendered":"Eine globale und \u00d6kologische L\u00f6sung!"},"content":{"rendered":"<section class=\"l-section wpb_row us_custom_916fdabd height_small\"><div class=\"l-section-h i-cf\"><div class=\"g-cols vc_row via_flex valign_top type_default stacking_default\"><div class=\"vc_col-sm-12 wpb_column vc_column_container\"><div class=\"vc_column-inner\"><div class=\"wpb_wrapper\"><nav class=\"g-breadcrumbs separator_custom align_none\" itemscope itemtype=\"http:\/\/schema.org\/BreadcrumbList\"><div class=\"g-breadcrumbs-item\" itemscope itemprop=\"itemListElement\" itemtype=\"http:\/\/schema.org\/ListItem\"><a itemprop=\"item\" href=\"https:\/\/biodynamizer.com\/de\/\"><span itemprop=\"name\">Start<\/span><\/a><meta itemprop=\"position\" content=\"1\"\/><\/div><div class=\"g-breadcrumbs-separator\">\/<\/div><div class=\"g-breadcrumbs-item\">Seiten<\/div><\/nav><\/div><\/div><\/div><\/div><\/div><\/section><section class=\"l-section wpb_row fullheader height_huge with_img\"><div class=\"l-section-img\" role=\"img\" aria-label=\"Bild\" data-img-width=\"2000\" data-img-height=\"1075\" style=\"background-image: url(https:\/\/biodynamizer.com\/wp-content\/uploads\/2019\/12\/Picture-4.png);background-repeat: no-repeat;\"><\/div><div class=\"l-section-h i-cf\"><div class=\"g-cols vc_row via_flex valign_top type_default stacking_default\"><div class=\"vc_col-sm-12 wpb_column vc_column_container has_text_color\"><div class=\"vc_column-inner us_custom_6df4bc3a\"><div class=\"wpb_wrapper\"><div class=\"wpb_text_column us_custom_a574d586 has_text_color\"><div class=\"wpb_wrapper\"><h3><b>Eine <\/b><b>globale und \u00f6kologische L\u00f6sung!<\/b><\/h3>\n<\/div><\/div><\/div><\/div><\/div><\/div><\/div><\/section><section class=\"l-section wpb_row max500 height_large\"><div class=\"l-section-h i-cf\"><div class=\"g-cols vc_row via_flex valign_top type_default stacking_default\"><div class=\"vc_col-sm-6 wpb_column vc_column_container\"><div class=\"vc_column-inner\"><div class=\"wpb_wrapper\"><div class=\"wpb_text_column\"><div class=\"wpb_wrapper\"><h2><b>Eine globale L\u00f6sung!<\/b><\/h2>\n<p>Sie profitieren von Bergwasser-\u00e4hnlichem Wasser aus allen Wasserh\u00e4hnen im Haus! Entweder gefiltertes und dynamisiertes Wasser:<\/p>\n<ul>\n<li>Zum <strong>Trinken<\/strong> (keine Mineralwasserflaschen erforderlich)<\/li>\n<li>Zum <strong>Duschen<\/strong>, <strong>Baden<\/strong> (gefiltertes und dynamisiertes Wasser), das verhindert, dass Chlorr\u00fcckst\u00e4nde \u00fcber die Haut in den K\u00f6rper gelangen<\/li>\n<li>Beseitigt <a href=\"https:\/\/biodynamizer.com\/de\/wissenschaftliche-analyse\/kalkbehandlung\/\"><span style=\"text-decoration: underline;\"><strong>Kalkablagerungen<\/strong><\/span><\/a> auf intelligente Weise (kein Weichsp\u00fcler mehr n\u00f6tig). Der Kalk wird nicht entfernt, sondern umgewandelt (pulverisiert), sodass er unsch\u00e4dlich wird (viel weniger verkrustet), wodurch Ihre Rohre und Wasserh\u00e4hne geschont werden<\/li>\n<\/ul>\n<\/div><\/div><div class=\"w-image align_center\"><div class=\"w-image-h\"><img decoding=\"async\" width=\"1024\" height=\"378\" src=\"https:\/\/biodynamizer.com\/wp-content\/uploads\/2024\/05\/Picto-Biodynamiseur_DE-vect-transparent-1024x378.png\" class=\"attachment-large size-large\" alt=\"Ic\u00f4ne vectorielle transparente repr\u00e9sentant un biodynamiseur, stylis\u00e9e pour un usage graphique\" loading=\"lazy\" srcset=\"https:\/\/biodynamizer.com\/wp-content\/uploads\/2024\/05\/Picto-Biodynamiseur_DE-vect-transparent-1024x378.png 1024w, https:\/\/biodynamizer.com\/wp-content\/uploads\/2024\/05\/Picto-Biodynamiseur_DE-vect-transparent-300x111.png 300w, https:\/\/biodynamizer.com\/wp-content\/uploads\/2024\/05\/Picto-Biodynamiseur_DE-vect-transparent-600x222.png 600w\" sizes=\"auto, (max-width: 1024px) 100vw, 1024px\" \/><\/div><\/div><\/div><\/div><\/div><div class=\"vc_col-sm-6 wpb_column vc_column_container\"><div class=\"vc_column-inner\"><div class=\"wpb_wrapper\"><div class=\"w-image align_center\"><div class=\"w-image-h\"><img decoding=\"async\" width=\"300\" height=\"200\" src=\"https:\/\/biodynamizer.com\/wp-content\/uploads\/2024\/05\/bigstock-Beautiful-girl-drinking-water-145210439-300x200.jpg\" class=\"attachment-medium size-medium\" alt=\"Femme qu iboit un verre d&#039;eau avec un fond blnc\" loading=\"lazy\" srcset=\"https:\/\/biodynamizer.com\/wp-content\/uploads\/2024\/05\/bigstock-Beautiful-girl-drinking-water-145210439-300x200.jpg 300w, https:\/\/biodynamizer.com\/wp-content\/uploads\/2024\/05\/bigstock-Beautiful-girl-drinking-water-145210439-1024x683.jpg 1024w, https:\/\/biodynamizer.com\/wp-content\/uploads\/2024\/05\/bigstock-Beautiful-girl-drinking-water-145210439-600x400.jpg 600w\" sizes=\"auto, (max-width: 300px) 100vw, 300px\" \/><\/div><\/div><div class=\"w-separator size_small\"><\/div><div class=\"w-image align_center\"><div class=\"w-image-h\"><img decoding=\"async\" width=\"300\" height=\"199\" src=\"https:\/\/biodynamizer.com\/wp-content\/uploads\/2024\/05\/shutterstock_289979372-300x199.jpg\" class=\"attachment-medium size-medium\" alt=\"femme qui prend une douche\" loading=\"lazy\" srcset=\"https:\/\/biodynamizer.com\/wp-content\/uploads\/2024\/05\/shutterstock_289979372-300x199.jpg 300w, https:\/\/biodynamizer.com\/wp-content\/uploads\/2024\/05\/shutterstock_289979372-1024x678.jpg 1024w, https:\/\/biodynamizer.com\/wp-content\/uploads\/2024\/05\/shutterstock_289979372-600x397.jpg 600w\" sizes=\"auto, (max-width: 300px) 100vw, 300px\" \/><\/div><\/div><div class=\"w-separator size_small\"><\/div><div class=\"w-image align_center\"><div class=\"w-image-h\"><img decoding=\"async\" width=\"300\" height=\"200\" src=\"https:\/\/biodynamizer.com\/wp-content\/uploads\/2024\/05\/Depositphotos_93095260_xl-2015-1-300x200.jpg\" class=\"attachment-medium size-medium\" alt=\"Main d\u2019un r\u00e9parateur tenant un \u00e9l\u00e9ment chauffant tubulaire d\u2019un lave-linge, illustrant la r\u00e9paration et l\u2019entretien d\u2019appareils \u00e9lectrom\u00e9nagers.\" loading=\"lazy\" srcset=\"https:\/\/biodynamizer.com\/wp-content\/uploads\/2024\/05\/Depositphotos_93095260_xl-2015-1-300x200.jpg 300w, https:\/\/biodynamizer.com\/wp-content\/uploads\/2024\/05\/Depositphotos_93095260_xl-2015-1-1024x684.jpg 1024w, https:\/\/biodynamizer.com\/wp-content\/uploads\/2024\/05\/Depositphotos_93095260_xl-2015-1-600x400.jpg 600w\" sizes=\"auto, (max-width: 300px) 100vw, 300px\" \/><\/div><\/div><\/div><\/div><\/div><\/div><\/div><\/section><section class=\"l-section wpb_row height_medium\"><div class=\"l-section-h i-cf\"><div class=\"g-cols vc_row via_flex valign_top type_default stacking_default\"><div class=\"vc_col-sm-6 wpb_column vc_column_container\"><div class=\"vc_column-inner\"><div class=\"wpb_wrapper\"><div class=\"w-image align_center\"><div class=\"w-image-h\"><img decoding=\"async\" width=\"300\" height=\"300\" src=\"https:\/\/biodynamizer.com\/wp-content\/uploads\/2024\/05\/shutterstock_1958485030-300x300.jpeg\" class=\"attachment-medium size-medium\" alt=\"Illustration d&#039;une boutelle d&#039;eau g\u00e9ante dans un caddie de supermarch\u00e9\" loading=\"lazy\" srcset=\"https:\/\/biodynamizer.com\/wp-content\/uploads\/2024\/05\/shutterstock_1958485030-300x300.jpeg 300w, https:\/\/biodynamizer.com\/wp-content\/uploads\/2024\/05\/shutterstock_1958485030-1024x1024.jpeg 1024w, https:\/\/biodynamizer.com\/wp-content\/uploads\/2024\/05\/shutterstock_1958485030-150x150.jpeg 150w, https:\/\/biodynamizer.com\/wp-content\/uploads\/2024\/05\/shutterstock_1958485030-600x600.jpeg 600w, https:\/\/biodynamizer.com\/wp-content\/uploads\/2024\/05\/shutterstock_1958485030-350x350.jpeg 350w, https:\/\/biodynamizer.com\/wp-content\/uploads\/2024\/05\/shutterstock_1958485030-400x400.jpeg 400w, https:\/\/biodynamizer.com\/wp-content\/uploads\/2024\/05\/shutterstock_1958485030-200x200.jpeg 200w\" sizes=\"auto, (max-width: 300px) 100vw, 300px\" \/><\/div><\/div><div class=\"w-separator size_small\"><\/div><div class=\"w-image align_center\"><div class=\"w-image-h\"><img decoding=\"async\" width=\"228\" height=\"300\" src=\"https:\/\/biodynamizer.com\/wp-content\/uploads\/2024\/05\/Adoucisseur-228x300.jpg\" class=\"attachment-medium size-medium\" alt=\"Adoucisseur d&#039;eau\" loading=\"lazy\" srcset=\"https:\/\/biodynamizer.com\/wp-content\/uploads\/2024\/05\/Adoucisseur-228x300.jpg 228w, https:\/\/biodynamizer.com\/wp-content\/uploads\/2024\/05\/Adoucisseur-305x400.jpg 305w, https:\/\/biodynamizer.com\/wp-content\/uploads\/2024\/05\/Adoucisseur.jpg 431w\" sizes=\"auto, (max-width: 228px) 100vw, 228px\" \/><\/div><\/div><\/div><\/div><\/div><div class=\"vc_col-sm-6 wpb_column vc_column_container\"><div class=\"vc_column-inner\"><div class=\"wpb_wrapper\"><div class=\"wpb_text_column\"><div class=\"wpb_wrapper\"><h2><b>Eine \u00f6kologische Anlage!<\/b><\/h2>\n<ul>\n<li>Keine <a href=\"https:\/\/biodynamizer.com\/de\/wasser\/verschmutzung\/\"><span style=\"text-decoration: underline;\"><strong>Plastikflaschen<\/strong><\/span><\/a> mehr (eine Plastikwasserflasche enth\u00e4lt durchschnittlich 325 Plastikmikropartikel\/l und endokrine Disruptoren): Keine <strong>Produktion und kein Transport von Plastikwasserflaschen<\/strong> mehr (Wasser kommt jetzt aus dem bestehenden Stadtnetz), wodurch +\/- 150 kg CO2\/Jahr\/Person vermieden werden, 70 % entfallen auf die Verpackung, 20 % auf den Transport und 10 % auf die Verteilung )<\/li>\n<li>Kein <strong>Salz<\/strong> (Natrium) mehr, da kein Enth\u00e4rter mehr erforderlich ist (ein Enth\u00e4rter verbraucht +\/- 150 kg Salz pro Jahr, das er in die Wasserkreisl\u00e4ufe Ihres Hauses einspeist).<\/li>\n<\/ul>\n<\/div><\/div><\/div><\/div><\/div><\/div><\/div><\/section><section class=\"l-section wpb_row height_large\"><div class=\"l-section-overlay\" style=\"background:rgba(172,172,172,0.2)\"><\/div><div class=\"l-section-h i-cf\"><div class=\"g-cols vc_row via_flex valign_top type_default stacking_default\"><div class=\"vc_col-sm-6 wpb_column vc_column_container\"><div class=\"vc_column-inner\"><div class=\"wpb_wrapper\"><div class=\"wpb_text_column\"><div class=\"wpb_wrapper\"><h2><b>Gute Nachrichten f\u00fcr Feinschmecker und Feinschmeckerinnen<\/b><\/h2>\n<ul>\n<li>Gerichte, die mit dynamisiertem Wasser gekocht werden, gewinnen an Geschmack und Frische.<\/li>\n<li>Es stellt sich heraus, dass die Garzeit von Gem\u00fcse, Reis, Kartoffeln&#8230; in dynamisiertem Wasser verk\u00fcrzt wird.<\/li>\n<\/ul>\n<\/div><\/div><div class=\"w-separator size_medium\"><\/div><div class=\"wpb_text_column\"><div class=\"wpb_wrapper\"><p>Es ist jedoch zu beachten, dass die Qualit\u00e4ten der Wasserdynamisierung (Struktur &amp; Energie) bis zu einer maximalen Temperatur von 80\u00b0C erhalten bleiben und dass sie verschwinden, sobald das Wasser beim Sieden verdampft (bei 100\u00b0C).<\/p>\n<\/div><\/div><\/div><\/div><\/div><div class=\"vc_col-sm-6 wpb_column vc_column_container\"><div class=\"vc_column-inner\"><div class=\"wpb_wrapper\"><div class=\"w-image align_center\"><div class=\"w-image-h\"><img decoding=\"async\" width=\"947\" height=\"631\" src=\"https:\/\/biodynamizer.com\/wp-content\/uploads\/2020\/01\/bienfaits5.png\" class=\"attachment-large size-large\" alt=\"\" loading=\"lazy\" srcset=\"https:\/\/biodynamizer.com\/wp-content\/uploads\/2020\/01\/bienfaits5.png 947w, https:\/\/biodynamizer.com\/wp-content\/uploads\/2020\/01\/bienfaits5-300x200.png 300w\" sizes=\"auto, (max-width: 947px) 100vw, 947px\" \/><\/div><\/div><\/div><\/div><\/div><\/div><\/div><\/section><section class=\"l-section wpb_row height_large\"><div class=\"l-section-h i-cf\"><div class=\"g-cols vc_row via_flex valign_top type_default stacking_default\"><div class=\"vc_col-sm-6 wpb_column vc_column_container\"><div class=\"vc_column-inner\"><div class=\"wpb_wrapper\"><div class=\"w-image align_center\"><div class=\"w-image-h\"><img decoding=\"async\" width=\"1024\" height=\"681\" src=\"https:\/\/biodynamizer.com\/wp-content\/uploads\/2020\/01\/bienfaits6-1024x681.png\" class=\"attachment-large size-large\" alt=\"\" loading=\"lazy\" srcset=\"https:\/\/biodynamizer.com\/wp-content\/uploads\/2020\/01\/bienfaits6-1024x681.png 1024w, https:\/\/biodynamizer.com\/wp-content\/uploads\/2020\/01\/bienfaits6-300x200.png 300w, https:\/\/biodynamizer.com\/wp-content\/uploads\/2020\/01\/bienfaits6.png 1033w\" sizes=\"auto, (max-width: 1024px) 100vw, 1024px\" \/><\/div><\/div><\/div><\/div><\/div><div class=\"vc_col-sm-6 wpb_column vc_column_container\"><div class=\"vc_column-inner\"><div class=\"wpb_wrapper\"><div class=\"wpb_text_column\"><div class=\"wpb_wrapper\"><h2><b>Ihre W\u00e4sche noch weicher und sauberer<\/b><\/h2>\n<ul>\n<li>Dynamisiertes Wasser hat eine erh\u00f6hte Reinigungskraft.<\/li>\n<li>Das Wasser dringt besser in das Gewebe ein und reinigt tiefer.<\/li>\n<li>Unsere Kunden berichten, dass ihre W\u00e4sche weicher ist.<\/li>\n<\/ul>\n<\/div><\/div><\/div><\/div><\/div><\/div><\/div><\/section>\n","protected":false},"excerpt":{"rendered":"Start\/SeitenEine globale und \u00f6kologische L\u00f6sung! Eine globale L\u00f6sung! Sie profitieren von Bergwasser-\u00e4hnlichem Wasser aus allen Wasserh\u00e4hnen im Haus! Entweder gefiltertes und dynamisiertes Wasser: Zum Trinken (keine Mineralwasserflaschen erforderlich) Zum Duschen, Baden (gefiltertes und dynamisiertes Wasser), das verhindert, dass Chlorr\u00fcckst\u00e4nde \u00fcber die Haut in den K\u00f6rper gelangen Beseitigt Kalkablagerungen auf intelligente Weise (kein Weichsp\u00fcler mehr n\u00f6tig)....","protected":false},"author":3,"featured_media":0,"parent":5828,"menu_order":2,"comment_status":"closed","ping_status":"closed","template":"","meta":{"_monsterinsights_skip_tracking":false,"_monsterinsights_sitenote_active":false,"_monsterinsights_sitenote_note":"","_monsterinsights_sitenote_category":0,"footnotes":""},"class_list":["post-6117","page","type-page","status-publish","hentry"],"yoast_head":"<!-- This site is optimized with the Yoast SEO plugin v27.3 - https:\/\/yoast.com\/product\/yoast-seo-wordpress\/ -->\n<title>Eine globale und \u00d6kologische L\u00f6sung! - Biodynamizer<\/title>\n<meta name=\"description\" content=\"Biodynamizer - Eine globale und \u00d6kologische L\u00f6sung! - En savoir plus sur le biodynamizer et le biofiltre\" \/>\n<meta name=\"robots\" content=\"index, follow, max-snippet:-1, max-image-preview:large, max-video-preview:-1\" \/>\n<link rel=\"canonical\" href=\"https:\/\/biodynamizer.com\/de\/die-vorteile\/eine-globale-loesung\/\" \/>\n<meta property=\"og:locale\" content=\"de_DE\" \/>\n<meta property=\"og:type\" content=\"article\" \/>\n<meta property=\"og:title\" content=\"Eine globale und \u00d6kologische L\u00f6sung! - Biodynamizer\" \/>\n<meta property=\"og:description\" content=\"Biodynamizer - Eine globale und \u00d6kologische L\u00f6sung! - En savoir plus sur le biodynamizer et le biofiltre\" \/>\n<meta property=\"og:url\" content=\"https:\/\/biodynamizer.com\/de\/die-vorteile\/eine-globale-loesung\/\" \/>\n<meta property=\"og:site_name\" content=\"Biodynamizer\" \/>\n<meta property=\"article:modified_time\" content=\"2024-06-27T15:31:31+00:00\" \/>\n<meta property=\"og:image\" content=\"https:\/\/biodynamizer.com\/wp-content\/uploads\/2019\/11\/Depositphotos_15742931_xl-2015.jpg\" \/>\n\t<meta property=\"og:image:width\" content=\"2000\" \/>\n\t<meta property=\"og:image:height\" content=\"1333\" \/>\n\t<meta property=\"og:image:type\" content=\"image\/jpeg\" \/>\n<meta name=\"twitter:card\" content=\"summary_large_image\" \/>\n<meta name=\"twitter:label1\" content=\"Gesch\u00e4tzte Lesezeit\" \/>\n\t<meta name=\"twitter:data1\" content=\"2\u00a0Minuten\" \/>\n<script type=\"application\/ld+json\" class=\"yoast-schema-graph\">{\"@context\":\"https:\\\/\\\/schema.org\",\"@graph\":[{\"@type\":\"WebPage\",\"@id\":\"https:\\\/\\\/biodynamizer.com\\\/de\\\/die-vorteile\\\/eine-globale-loesung\\\/\",\"url\":\"https:\\\/\\\/biodynamizer.com\\\/de\\\/die-vorteile\\\/eine-globale-loesung\\\/\",\"name\":\"Eine globale und \u00d6kologische L\u00f6sung! - Biodynamizer\",\"isPartOf\":{\"@id\":\"https:\\\/\\\/biodynamizer.com\\\/de\\\/#website\"},\"datePublished\":\"2020-01-28T09:34:23+00:00\",\"dateModified\":\"2024-06-27T15:31:31+00:00\",\"description\":\"Biodynamizer - Eine globale und \u00d6kologische L\u00f6sung! - En savoir plus sur le biodynamizer et le biofiltre\",\"breadcrumb\":{\"@id\":\"https:\\\/\\\/biodynamizer.com\\\/de\\\/die-vorteile\\\/eine-globale-loesung\\\/#breadcrumb\"},\"inLanguage\":\"de\",\"potentialAction\":[{\"@type\":\"ReadAction\",\"target\":[\"https:\\\/\\\/biodynamizer.com\\\/de\\\/die-vorteile\\\/eine-globale-loesung\\\/\"]}]},{\"@type\":\"BreadcrumbList\",\"@id\":\"https:\\\/\\\/biodynamizer.com\\\/de\\\/die-vorteile\\\/eine-globale-loesung\\\/#breadcrumb\",\"itemListElement\":[{\"@type\":\"ListItem\",\"position\":1,\"name\":\"Home\",\"item\":\"https:\\\/\\\/biodynamizer.com\\\/de\\\/\"},{\"@type\":\"ListItem\",\"position\":2,\"name\":\"Die Vorteile\",\"item\":\"https:\\\/\\\/biodynamizer.com\\\/de\\\/die-vorteile\\\/\"},{\"@type\":\"ListItem\",\"position\":3,\"name\":\"Eine globale und \u00d6kologische L\u00f6sung!\"}]},{\"@type\":\"WebSite\",\"@id\":\"https:\\\/\\\/biodynamizer.com\\\/de\\\/#website\",\"url\":\"https:\\\/\\\/biodynamizer.com\\\/de\\\/\",\"name\":\"Biodynamizer\",\"description\":\"Filtrez et dynamisez votre eau\",\"potentialAction\":[{\"@type\":\"SearchAction\",\"target\":{\"@type\":\"EntryPoint\",\"urlTemplate\":\"https:\\\/\\\/biodynamizer.com\\\/de\\\/?s={search_term_string}\"},\"query-input\":{\"@type\":\"PropertyValueSpecification\",\"valueRequired\":true,\"valueName\":\"search_term_string\"}}],\"inLanguage\":\"de\"}]}<\/script>\n<!-- \/ Yoast SEO plugin. -->","yoast_head_json":{"title":"Eine globale und \u00d6kologische L\u00f6sung! - Biodynamizer","description":"Biodynamizer - Eine globale und \u00d6kologische L\u00f6sung! - En savoir plus sur le biodynamizer et le biofiltre","robots":{"index":"index","follow":"follow","max-snippet":"max-snippet:-1","max-image-preview":"max-image-preview:large","max-video-preview":"max-video-preview:-1"},"canonical":"https:\/\/biodynamizer.com\/de\/die-vorteile\/eine-globale-loesung\/","og_locale":"de_DE","og_type":"article","og_title":"Eine globale und \u00d6kologische L\u00f6sung! - Biodynamizer","og_description":"Biodynamizer - Eine globale und \u00d6kologische L\u00f6sung! - En savoir plus sur le biodynamizer et le biofiltre","og_url":"https:\/\/biodynamizer.com\/de\/die-vorteile\/eine-globale-loesung\/","og_site_name":"Biodynamizer","article_modified_time":"2024-06-27T15:31:31+00:00","og_image":[{"width":2000,"height":1333,"url":"https:\/\/biodynamizer.com\/wp-content\/uploads\/2019\/11\/Depositphotos_15742931_xl-2015.jpg","type":"image\/jpeg"}],"twitter_card":"summary_large_image","twitter_misc":{"Gesch\u00e4tzte Lesezeit":"2\u00a0Minuten"},"schema":{"@context":"https:\/\/schema.org","@graph":[{"@type":"WebPage","@id":"https:\/\/biodynamizer.com\/de\/die-vorteile\/eine-globale-loesung\/","url":"https:\/\/biodynamizer.com\/de\/die-vorteile\/eine-globale-loesung\/","name":"Eine globale und \u00d6kologische L\u00f6sung! - Biodynamizer","isPartOf":{"@id":"https:\/\/biodynamizer.com\/de\/#website"},"datePublished":"2020-01-28T09:34:23+00:00","dateModified":"2024-06-27T15:31:31+00:00","description":"Biodynamizer - Eine globale und \u00d6kologische L\u00f6sung! - En savoir plus sur le biodynamizer et le biofiltre","breadcrumb":{"@id":"https:\/\/biodynamizer.com\/de\/die-vorteile\/eine-globale-loesung\/#breadcrumb"},"inLanguage":"de","potentialAction":[{"@type":"ReadAction","target":["https:\/\/biodynamizer.com\/de\/die-vorteile\/eine-globale-loesung\/"]}]},{"@type":"BreadcrumbList","@id":"https:\/\/biodynamizer.com\/de\/die-vorteile\/eine-globale-loesung\/#breadcrumb","itemListElement":[{"@type":"ListItem","position":1,"name":"Home","item":"https:\/\/biodynamizer.com\/de\/"},{"@type":"ListItem","position":2,"name":"Die Vorteile","item":"https:\/\/biodynamizer.com\/de\/die-vorteile\/"},{"@type":"ListItem","position":3,"name":"Eine globale und \u00d6kologische L\u00f6sung!"}]},{"@type":"WebSite","@id":"https:\/\/biodynamizer.com\/de\/#website","url":"https:\/\/biodynamizer.com\/de\/","name":"Biodynamizer","description":"Filtrez et dynamisez votre eau","potentialAction":[{"@type":"SearchAction","target":{"@type":"EntryPoint","urlTemplate":"https:\/\/biodynamizer.com\/de\/?s={search_term_string}"},"query-input":{"@type":"PropertyValueSpecification","valueRequired":true,"valueName":"search_term_string"}}],"inLanguage":"de"}]}},"_links":{"self":[{"href":"https:\/\/biodynamizer.com\/de\/wp-json\/wp\/v2\/pages\/6117","targetHints":{"allow":["GET"]}}],"collection":[{"href":"https:\/\/biodynamizer.com\/de\/wp-json\/wp\/v2\/pages"}],"about":[{"href":"https:\/\/biodynamizer.com\/de\/wp-json\/wp\/v2\/types\/page"}],"author":[{"embeddable":true,"href":"https:\/\/biodynamizer.com\/de\/wp-json\/wp\/v2\/users\/3"}],"replies":[{"embeddable":true,"href":"https:\/\/biodynamizer.com\/de\/wp-json\/wp\/v2\/comments?post=6117"}],"version-history":[{"count":14,"href":"https:\/\/biodynamizer.com\/de\/wp-json\/wp\/v2\/pages\/6117\/revisions"}],"predecessor-version":[{"id":24774,"href":"https:\/\/biodynamizer.com\/de\/wp-json\/wp\/v2\/pages\/6117\/revisions\/24774"}],"up":[{"embeddable":true,"href":"https:\/\/biodynamizer.com\/de\/wp-json\/wp\/v2\/pages\/5828"}],"wp:attachment":[{"href":"https:\/\/biodynamizer.com\/de\/wp-json\/wp\/v2\/media?parent=6117"}],"curies":[{"name":"wp","href":"https:\/\/api.w.org\/{rel}","templated":true}]}}