{"id":6127,"date":"2020-01-28T08:34:18","date_gmt":"2020-01-28T08:34:18","guid":{"rendered":"https:\/\/biodynamizer.spleen-creation.be\/les-bienfaits\/un-gout-pur-doux-et-rond-pour-toute-la-famille\/"},"modified":"2024-05-27T06:32:04","modified_gmt":"2024-05-27T06:32:04","slug":"reiner-suesser-runder-geschmack-fuer-die-ganze-familie","status":"publish","type":"page","link":"https:\/\/biodynamizer.com\/de\/die-vorteile\/reiner-suesser-runder-geschmack-fuer-die-ganze-familie\/","title":{"rendered":"Ein reiner, s\u00fc\u00dfer und runder Geschmack f\u00fcr die ganze Familie!"},"content":{"rendered":"<section class=\"l-section wpb_row us_custom_916fdabd height_small\"><div class=\"l-section-h i-cf\"><div class=\"g-cols vc_row via_flex valign_top type_default stacking_default\"><div class=\"vc_col-sm-12 wpb_column vc_column_container\"><div class=\"vc_column-inner\"><div class=\"wpb_wrapper\"><nav class=\"g-breadcrumbs separator_custom align_none\" itemscope itemtype=\"http:\/\/schema.org\/BreadcrumbList\"><div class=\"g-breadcrumbs-item\" itemscope itemprop=\"itemListElement\" itemtype=\"http:\/\/schema.org\/ListItem\"><a itemprop=\"item\" href=\"https:\/\/biodynamizer.com\/de\/\"><span itemprop=\"name\">Start<\/span><\/a><meta itemprop=\"position\" content=\"1\"\/><\/div><div class=\"g-breadcrumbs-separator\">\/<\/div><div class=\"g-breadcrumbs-item\">Seiten<\/div><\/nav><\/div><\/div><\/div><\/div><\/div><\/section><section class=\"l-section wpb_row max500 height_auto width_full\"><div class=\"l-section-h i-cf\"><div class=\"g-cols vc_row via_flex valign_top type_default reversed stacking_default\"><div class=\"vc_col-sm-6 wpb_column vc_column_container tekstsideblock\"><div class=\"vc_column-inner\"><div class=\"wpb_wrapper\"><div class=\"w-image align_center\"><div class=\"w-image-h\"><img decoding=\"async\" width=\"1024\" height=\"691\" src=\"https:\/\/biodynamizer.com\/wp-content\/uploads\/2019\/11\/kindwater-1024x691.jpg\" class=\"attachment-large size-large\" alt=\"Petite fille qui boit un verre d&#039;eau dans un champs de bl\u00e9\" loading=\"lazy\" srcset=\"https:\/\/biodynamizer.com\/wp-content\/uploads\/2019\/11\/kindwater-1024x691.jpg 1024w, https:\/\/biodynamizer.com\/wp-content\/uploads\/2019\/11\/kindwater-300x203.jpg 300w, https:\/\/biodynamizer.com\/wp-content\/uploads\/2019\/11\/kindwater-1536x1037.jpg 1536w, https:\/\/biodynamizer.com\/wp-content\/uploads\/2019\/11\/kindwater.jpg 2000w\" sizes=\"auto, (max-width: 1024px) 100vw, 1024px\" \/><\/div><\/div><\/div><\/div><\/div><div class=\"vc_col-sm-6 wpb_column vc_column_container imagesideblock\"><div class=\"vc_column-inner\"><div class=\"wpb_wrapper\"><div class=\"wpb_text_column\"><div class=\"wpb_wrapper\"><h2><b>Ein reiner, s\u00fc\u00dfer und runder Geschmack f\u00fcr die ganze Familie!<\/b><\/h2>\n<\/div><\/div><div class=\"wpb_text_column\"><div class=\"wpb_wrapper\"><ul>\n<li style=\"text-align: left;\">Das durch den <strong><a href=\"https:\/\/biodynamizer.com\/de\/unsere-loesungen\/der-biofilter\/\">Biofilter<\/a> <\/strong>gefilterte und durch den <strong><a href=\"https:\/\/biodynamizer.com\/de\/unsere-loesungen\/der-biodynamizer\/\">Biodynamizer<\/a><\/strong> hat einen weicheren, runden, seidigen, samtigen Geschmack, ohne Nachgeschmack und Geruch.<\/li>\n<li style=\"text-align: left;\">Es ist Wasser, das durstig macht und den K\u00f6rper rehydriert<\/li>\n<\/ul>\n<\/div><\/div><\/div><\/div><\/div><\/div><\/div><\/section>\n","protected":false},"excerpt":{"rendered":"Start\/SeitenEin reiner, s\u00fc\u00dfer und runder Geschmack f\u00fcr die ganze Familie! Das durch den Biofilter gefilterte und durch den Biodynamizer hat einen weicheren, runden, seidigen, samtigen Geschmack, ohne Nachgeschmack und Geruch. Es ist Wasser, das durstig macht und den K\u00f6rper rehydriert","protected":false},"author":3,"featured_media":0,"parent":5828,"menu_order":0,"comment_status":"closed","ping_status":"closed","template":"","meta":{"_monsterinsights_skip_tracking":false,"_monsterinsights_sitenote_active":false,"_monsterinsights_sitenote_note":"","_monsterinsights_sitenote_category":0,"footnotes":""},"class_list":["post-6127","page","type-page","status-publish","hentry"],"yoast_head":"<!-- This site is optimized with the Yoast SEO plugin v27.3 - https:\/\/yoast.com\/product\/yoast-seo-wordpress\/ -->\n<title>Ein reiner, s\u00fc\u00dfer und runder Geschmack f\u00fcr die ganze Familie! - Biodynamizer<\/title>\n<meta name=\"description\" content=\"Biodynamizer - Ein reiner, s\u00fc\u00dfer und runder Geschmack f\u00fcr die ganze Familie! - En savoir plus sur le biodynamizer et le biofiltre\" \/>\n<meta name=\"robots\" content=\"index, follow, max-snippet:-1, max-image-preview:large, max-video-preview:-1\" \/>\n<link rel=\"canonical\" href=\"https:\/\/biodynamizer.com\/de\/die-vorteile\/reiner-suesser-runder-geschmack-fuer-die-ganze-familie\/\" \/>\n<meta property=\"og:locale\" content=\"de_DE\" \/>\n<meta property=\"og:type\" content=\"article\" \/>\n<meta property=\"og:title\" content=\"Ein reiner, s\u00fc\u00dfer und runder Geschmack f\u00fcr die ganze Familie! - Biodynamizer\" \/>\n<meta property=\"og:description\" content=\"Biodynamizer - Ein reiner, s\u00fc\u00dfer und runder Geschmack f\u00fcr die ganze Familie! - En savoir plus sur le biodynamizer et le biofiltre\" \/>\n<meta property=\"og:url\" content=\"https:\/\/biodynamizer.com\/de\/die-vorteile\/reiner-suesser-runder-geschmack-fuer-die-ganze-familie\/\" \/>\n<meta property=\"og:site_name\" content=\"Biodynamizer\" \/>\n<meta property=\"article:modified_time\" content=\"2024-05-27T06:32:04+00:00\" \/>\n<meta property=\"og:image\" content=\"https:\/\/biodynamizer.com\/wp-content\/uploads\/2019\/11\/Depositphotos_15742931_xl-2015.jpg\" \/>\n\t<meta property=\"og:image:width\" content=\"2000\" \/>\n\t<meta property=\"og:image:height\" content=\"1333\" \/>\n\t<meta property=\"og:image:type\" content=\"image\/jpeg\" \/>\n<meta name=\"twitter:card\" content=\"summary_large_image\" \/>\n<meta name=\"twitter:label1\" content=\"Gesch\u00e4tzte Lesezeit\" \/>\n\t<meta name=\"twitter:data1\" content=\"1\u00a0Minute\" \/>\n<script type=\"application\/ld+json\" class=\"yoast-schema-graph\">{\"@context\":\"https:\\\/\\\/schema.org\",\"@graph\":[{\"@type\":\"WebPage\",\"@id\":\"https:\\\/\\\/biodynamizer.com\\\/de\\\/die-vorteile\\\/reiner-suesser-runder-geschmack-fuer-die-ganze-familie\\\/\",\"url\":\"https:\\\/\\\/biodynamizer.com\\\/de\\\/die-vorteile\\\/reiner-suesser-runder-geschmack-fuer-die-ganze-familie\\\/\",\"name\":\"Ein reiner, s\u00fc\u00dfer und runder Geschmack f\u00fcr die ganze Familie! - Biodynamizer\",\"isPartOf\":{\"@id\":\"https:\\\/\\\/biodynamizer.com\\\/de\\\/#website\"},\"datePublished\":\"2020-01-28T08:34:18+00:00\",\"dateModified\":\"2024-05-27T06:32:04+00:00\",\"description\":\"Biodynamizer - Ein reiner, s\u00fc\u00dfer und runder Geschmack f\u00fcr die ganze Familie! - En savoir plus sur le biodynamizer et le biofiltre\",\"breadcrumb\":{\"@id\":\"https:\\\/\\\/biodynamizer.com\\\/de\\\/die-vorteile\\\/reiner-suesser-runder-geschmack-fuer-die-ganze-familie\\\/#breadcrumb\"},\"inLanguage\":\"de\",\"potentialAction\":[{\"@type\":\"ReadAction\",\"target\":[\"https:\\\/\\\/biodynamizer.com\\\/de\\\/die-vorteile\\\/reiner-suesser-runder-geschmack-fuer-die-ganze-familie\\\/\"]}]},{\"@type\":\"BreadcrumbList\",\"@id\":\"https:\\\/\\\/biodynamizer.com\\\/de\\\/die-vorteile\\\/reiner-suesser-runder-geschmack-fuer-die-ganze-familie\\\/#breadcrumb\",\"itemListElement\":[{\"@type\":\"ListItem\",\"position\":1,\"name\":\"Home\",\"item\":\"https:\\\/\\\/biodynamizer.com\\\/de\\\/\"},{\"@type\":\"ListItem\",\"position\":2,\"name\":\"Die Vorteile\",\"item\":\"https:\\\/\\\/biodynamizer.com\\\/de\\\/die-vorteile\\\/\"},{\"@type\":\"ListItem\",\"position\":3,\"name\":\"Ein reiner, s\u00fc\u00dfer und runder Geschmack f\u00fcr die ganze Familie!\"}]},{\"@type\":\"WebSite\",\"@id\":\"https:\\\/\\\/biodynamizer.com\\\/de\\\/#website\",\"url\":\"https:\\\/\\\/biodynamizer.com\\\/de\\\/\",\"name\":\"Biodynamizer\",\"description\":\"Filtrez et dynamisez votre eau\",\"potentialAction\":[{\"@type\":\"SearchAction\",\"target\":{\"@type\":\"EntryPoint\",\"urlTemplate\":\"https:\\\/\\\/biodynamizer.com\\\/de\\\/?s={search_term_string}\"},\"query-input\":{\"@type\":\"PropertyValueSpecification\",\"valueRequired\":true,\"valueName\":\"search_term_string\"}}],\"inLanguage\":\"de\"}]}<\/script>\n<!-- \/ Yoast SEO plugin. -->","yoast_head_json":{"title":"Ein reiner, s\u00fc\u00dfer und runder Geschmack f\u00fcr die ganze Familie! - Biodynamizer","description":"Biodynamizer - Ein reiner, s\u00fc\u00dfer und runder Geschmack f\u00fcr die ganze Familie! - En savoir plus sur le biodynamizer et le biofiltre","robots":{"index":"index","follow":"follow","max-snippet":"max-snippet:-1","max-image-preview":"max-image-preview:large","max-video-preview":"max-video-preview:-1"},"canonical":"https:\/\/biodynamizer.com\/de\/die-vorteile\/reiner-suesser-runder-geschmack-fuer-die-ganze-familie\/","og_locale":"de_DE","og_type":"article","og_title":"Ein reiner, s\u00fc\u00dfer und runder Geschmack f\u00fcr die ganze Familie! - Biodynamizer","og_description":"Biodynamizer - Ein reiner, s\u00fc\u00dfer und runder Geschmack f\u00fcr die ganze Familie! - En savoir plus sur le biodynamizer et le biofiltre","og_url":"https:\/\/biodynamizer.com\/de\/die-vorteile\/reiner-suesser-runder-geschmack-fuer-die-ganze-familie\/","og_site_name":"Biodynamizer","article_modified_time":"2024-05-27T06:32:04+00:00","og_image":[{"width":2000,"height":1333,"url":"https:\/\/biodynamizer.com\/wp-content\/uploads\/2019\/11\/Depositphotos_15742931_xl-2015.jpg","type":"image\/jpeg"}],"twitter_card":"summary_large_image","twitter_misc":{"Gesch\u00e4tzte Lesezeit":"1\u00a0Minute"},"schema":{"@context":"https:\/\/schema.org","@graph":[{"@type":"WebPage","@id":"https:\/\/biodynamizer.com\/de\/die-vorteile\/reiner-suesser-runder-geschmack-fuer-die-ganze-familie\/","url":"https:\/\/biodynamizer.com\/de\/die-vorteile\/reiner-suesser-runder-geschmack-fuer-die-ganze-familie\/","name":"Ein reiner, s\u00fc\u00dfer und runder Geschmack f\u00fcr die ganze Familie! - Biodynamizer","isPartOf":{"@id":"https:\/\/biodynamizer.com\/de\/#website"},"datePublished":"2020-01-28T08:34:18+00:00","dateModified":"2024-05-27T06:32:04+00:00","description":"Biodynamizer - Ein reiner, s\u00fc\u00dfer und runder Geschmack f\u00fcr die ganze Familie! - En savoir plus sur le biodynamizer et le biofiltre","breadcrumb":{"@id":"https:\/\/biodynamizer.com\/de\/die-vorteile\/reiner-suesser-runder-geschmack-fuer-die-ganze-familie\/#breadcrumb"},"inLanguage":"de","potentialAction":[{"@type":"ReadAction","target":["https:\/\/biodynamizer.com\/de\/die-vorteile\/reiner-suesser-runder-geschmack-fuer-die-ganze-familie\/"]}]},{"@type":"BreadcrumbList","@id":"https:\/\/biodynamizer.com\/de\/die-vorteile\/reiner-suesser-runder-geschmack-fuer-die-ganze-familie\/#breadcrumb","itemListElement":[{"@type":"ListItem","position":1,"name":"Home","item":"https:\/\/biodynamizer.com\/de\/"},{"@type":"ListItem","position":2,"name":"Die Vorteile","item":"https:\/\/biodynamizer.com\/de\/die-vorteile\/"},{"@type":"ListItem","position":3,"name":"Ein reiner, s\u00fc\u00dfer und runder Geschmack f\u00fcr die ganze Familie!"}]},{"@type":"WebSite","@id":"https:\/\/biodynamizer.com\/de\/#website","url":"https:\/\/biodynamizer.com\/de\/","name":"Biodynamizer","description":"Filtrez et dynamisez votre eau","potentialAction":[{"@type":"SearchAction","target":{"@type":"EntryPoint","urlTemplate":"https:\/\/biodynamizer.com\/de\/?s={search_term_string}"},"query-input":{"@type":"PropertyValueSpecification","valueRequired":true,"valueName":"search_term_string"}}],"inLanguage":"de"}]}},"_links":{"self":[{"href":"https:\/\/biodynamizer.com\/de\/wp-json\/wp\/v2\/pages\/6127","targetHints":{"allow":["GET"]}}],"collection":[{"href":"https:\/\/biodynamizer.com\/de\/wp-json\/wp\/v2\/pages"}],"about":[{"href":"https:\/\/biodynamizer.com\/de\/wp-json\/wp\/v2\/types\/page"}],"author":[{"embeddable":true,"href":"https:\/\/biodynamizer.com\/de\/wp-json\/wp\/v2\/users\/3"}],"replies":[{"embeddable":true,"href":"https:\/\/biodynamizer.com\/de\/wp-json\/wp\/v2\/comments?post=6127"}],"version-history":[{"count":3,"href":"https:\/\/biodynamizer.com\/de\/wp-json\/wp\/v2\/pages\/6127\/revisions"}],"predecessor-version":[{"id":23995,"href":"https:\/\/biodynamizer.com\/de\/wp-json\/wp\/v2\/pages\/6127\/revisions\/23995"}],"up":[{"embeddable":true,"href":"https:\/\/biodynamizer.com\/de\/wp-json\/wp\/v2\/pages\/5828"}],"wp:attachment":[{"href":"https:\/\/biodynamizer.com\/de\/wp-json\/wp\/v2\/media?parent=6127"}],"curies":[{"name":"wp","href":"https:\/\/api.w.org\/{rel}","templated":true}]}}