{"id":6165,"date":"2020-01-27T13:56:39","date_gmt":"2020-01-27T13:56:39","guid":{"rendered":"https:\/\/biodynamizer.spleen-creation.be\/analyses-scientifiques\/analyse-bev-bio-electronique-de-vincent-observe-un-caractere-antioxydant-de-leau-dynamisee\/"},"modified":"2025-12-07T15:12:11","modified_gmt":"2025-12-07T15:12:11","slug":"analyse-bev-bio-elektronik-von-vinzen-beobachtet-ein-dynamisiertes-wasser-antioxidantien-charakter-analysee","status":"publish","type":"page","link":"https:\/\/biodynamizer.com\/de\/wissenschaftliche-analyse\/analyse-bev-bio-elektronik-von-vinzen-beobachtet-ein-dynamisiertes-wasser-antioxidantien-charakter-analysee\/","title":{"rendered":"Die Bioelektronische Analyse"},"content":{"rendered":"<section class=\"l-section wpb_row us_custom_916fdabd height_small\"><div class=\"l-section-h i-cf\"><div class=\"g-cols vc_row via_flex valign_top type_default stacking_default\"><div class=\"vc_col-sm-12 wpb_column vc_column_container\"><div class=\"vc_column-inner\"><div class=\"wpb_wrapper\"><nav class=\"g-breadcrumbs separator_custom align_none\" itemscope itemtype=\"http:\/\/schema.org\/BreadcrumbList\"><div class=\"g-breadcrumbs-item\" itemscope itemprop=\"itemListElement\" itemtype=\"http:\/\/schema.org\/ListItem\"><a itemprop=\"item\" href=\"https:\/\/biodynamizer.com\/de\/\"><span itemprop=\"name\">Start<\/span><\/a><meta itemprop=\"position\" content=\"1\"\/><\/div><div class=\"g-breadcrumbs-separator\">\/<\/div><div class=\"g-breadcrumbs-item\">Seiten<\/div><\/nav><\/div><\/div><\/div><\/div><\/div><\/section><section class=\"l-section wpb_row fullheader height_huge with_img\"><div class=\"l-section-img\" role=\"img\" aria-label=\"Bild\" data-img-width=\"1519\" data-img-height=\"371\" style=\"background-image: url(https:\/\/biodynamizer.com\/wp-content\/uploads\/2020\/03\/New-Project-40.jpg);background-repeat: no-repeat;\"><\/div><div class=\"l-section-h i-cf\"><div class=\"g-cols vc_row via_flex valign_top type_default stacking_default\"><div class=\"vc_col-sm-12 wpb_column vc_column_container has_text_color\"><div class=\"vc_column-inner us_custom_6df4bc3a\"><div class=\"wpb_wrapper\"><div class=\"wpb_text_column\"><div class=\"wpb_wrapper\"><h3><b>Die Bioelektronische Analyse beobachtet einen antioxidativer Charakter von dynamisiertem Wasser<\/b><\/h3>\n<\/div><\/div><\/div><\/div><\/div><\/div><\/div><\/section><section class=\"l-section wpb_row max500 height_large\"><div class=\"l-section-h i-cf\"><div class=\"g-cols vc_row via_flex valign_top type_default stacking_default\"><div class=\"vc_col-sm-4 wpb_column vc_column_container\"><div class=\"vc_column-inner\"><div class=\"wpb_wrapper\"><div class=\"w-separator size_medium\"><\/div><div class=\"w-image align_none\"><div class=\"w-image-h\"><img decoding=\"async\" width=\"308\" height=\"497\" src=\"https:\/\/biodynamizer.com\/wp-content\/uploads\/2020\/05\/Image1.jpg\" class=\"attachment-large size-large\" alt=\"\" loading=\"lazy\" srcset=\"https:\/\/biodynamizer.com\/wp-content\/uploads\/2020\/05\/Image1.jpg 308w, https:\/\/biodynamizer.com\/wp-content\/uploads\/2020\/05\/Image1-186x300.jpg 186w\" sizes=\"auto, (max-width: 308px) 100vw, 308px\" \/><\/div><\/div><div class=\"w-separator size_small\"><\/div><div class=\"w-image align_center\"><div class=\"w-image-h\"><img decoding=\"async\" width=\"1024\" height=\"1024\" src=\"https:\/\/biodynamizer.com\/wp-content\/uploads\/2020\/05\/5_ZnJlZV9yYWRpY2Fscw-1024x1024.jpg\" class=\"attachment-large size-large\" alt=\"\" loading=\"lazy\" srcset=\"https:\/\/biodynamizer.com\/wp-content\/uploads\/2020\/05\/5_ZnJlZV9yYWRpY2Fscw-1024x1024.jpg 1024w, https:\/\/biodynamizer.com\/wp-content\/uploads\/2020\/05\/5_ZnJlZV9yYWRpY2Fscw-300x300.jpg 300w, https:\/\/biodynamizer.com\/wp-content\/uploads\/2020\/05\/5_ZnJlZV9yYWRpY2Fscw-150x150.jpg 150w, https:\/\/biodynamizer.com\/wp-content\/uploads\/2020\/05\/5_ZnJlZV9yYWRpY2Fscw-1536x1536.jpg 1536w, https:\/\/biodynamizer.com\/wp-content\/uploads\/2020\/05\/5_ZnJlZV9yYWRpY2Fscw-2048x2048.jpg 2048w, https:\/\/biodynamizer.com\/wp-content\/uploads\/2020\/05\/5_ZnJlZV9yYWRpY2Fscw-600x600.jpg 600w, https:\/\/biodynamizer.com\/wp-content\/uploads\/2020\/05\/5_ZnJlZV9yYWRpY2Fscw-350x350.jpg 350w, https:\/\/biodynamizer.com\/wp-content\/uploads\/2020\/05\/5_ZnJlZV9yYWRpY2Fscw-400x400.jpg 400w, https:\/\/biodynamizer.com\/wp-content\/uploads\/2020\/05\/5_ZnJlZV9yYWRpY2Fscw-200x200.jpg 200w\" sizes=\"auto, (max-width: 1024px) 100vw, 1024px\" \/><\/div><\/div><div class=\"w-separator size_small\"><\/div><div class=\"w-image align_center\"><div class=\"w-image-h\"><img decoding=\"async\" width=\"1024\" height=\"626\" src=\"https:\/\/biodynamizer.com\/wp-content\/uploads\/2021\/08\/Depositphotos_95016836_xl-2015-1024x626.jpg\" class=\"attachment-large size-large\" alt=\"Jeune femme avec le visage et les mains au-dessus d\u2019\u00e9claboussures d\u2019eau, illustrant les soins de la peau, l\u2019hydratation et la sant\u00e9.\" loading=\"lazy\" srcset=\"https:\/\/biodynamizer.com\/wp-content\/uploads\/2021\/08\/Depositphotos_95016836_xl-2015-1024x626.jpg 1024w, https:\/\/biodynamizer.com\/wp-content\/uploads\/2021\/08\/Depositphotos_95016836_xl-2015-300x184.jpg 300w\" sizes=\"auto, (max-width: 1024px) 100vw, 1024px\" \/><\/div><\/div><div class=\"w-separator size_small\"><\/div><div class=\"w-image align_center\"><div class=\"w-image-h\"><img decoding=\"async\" width=\"1024\" height=\"1024\" src=\"https:\/\/biodynamizer.com\/wp-content\/uploads\/2021\/08\/Depositphotos_58733167_xl-2015-1024x1024.jpg\" class=\"attachment-large size-large\" alt=\"Urinary System - Female Organs - Human Anatomy\" loading=\"lazy\" srcset=\"https:\/\/biodynamizer.com\/wp-content\/uploads\/2021\/08\/Depositphotos_58733167_xl-2015-1024x1024.jpg 1024w, https:\/\/biodynamizer.com\/wp-content\/uploads\/2021\/08\/Depositphotos_58733167_xl-2015-300x300.jpg 300w, https:\/\/biodynamizer.com\/wp-content\/uploads\/2021\/08\/Depositphotos_58733167_xl-2015-150x150.jpg 150w, https:\/\/biodynamizer.com\/wp-content\/uploads\/2021\/08\/Depositphotos_58733167_xl-2015-600x600.jpg 600w, https:\/\/biodynamizer.com\/wp-content\/uploads\/2021\/08\/Depositphotos_58733167_xl-2015-350x350.jpg 350w, https:\/\/biodynamizer.com\/wp-content\/uploads\/2021\/08\/Depositphotos_58733167_xl-2015-400x400.jpg 400w, https:\/\/biodynamizer.com\/wp-content\/uploads\/2021\/08\/Depositphotos_58733167_xl-2015-200x200.jpg 200w\" sizes=\"auto, (max-width: 1024px) 100vw, 1024px\" \/><\/div><\/div><\/div><\/div><\/div><div class=\"vc_col-sm-8 wpb_column vc_column_container\"><div class=\"vc_column-inner\"><div class=\"wpb_wrapper\"><div class=\"wpb_text_column\"><div class=\"wpb_wrapper\"><p><b>BEV-Analyse (<\/b><b>Bioelectronics<\/b><b> of Vincent* mit Hanna Instruments kalibrierte Elektroden und den Formeln des Professor Joseph Orszagh an der Universit\u00e4t Mons-Hainaut in Belgien) <\/b><b>durchgef\u00fchrt<\/b><b> von Sylvie Henry R\u00e9ant, <\/b><b>Chemieingenieurin<\/b><b> ENSCP, Master 2 Biologie, in Rhode Saint Gen\u00e8se (<\/b><b>Belgien<\/b><b>) <\/b><b>am<\/b><b> 19.05.2020 <\/b>*Louis Claude Vincent: Hydrologe, Ingenieur und Absolvent der Ecole Sup\u00e9rieure des Travaux Publics in Frankreich<\/p>\n<p>Die BEV-Analyse (Bioelectronics Analyse von Vincent) best\u00e4tigt, dass der Biodynamizer einen echten Einfluss auf das Wasser hat, indem er es <strong>reduzierender und biokompatibler<\/strong> macht. Basierend auf den w\u00e4hrend der BEV-Analyse gemessenen Parametern kann gesagt werden, dass der Biodynamizer:<\/p>\n<ul>\n<li><strong><b>reduziert das Oxidationspotential von Wasser sehr deutlich<\/b>verringert sehr stark <\/strong>(beobachtet in Vincent&#8217;s Bioelectronics durch den starken Abfall des rh2-Faktors in dynamisiertem Wasser. Messung, die von der Entwicklung des pH-Werts ausgeht, die sich nicht \u00e4ndert, und vom Wert des Redoxpotentials (Oxido-Reduktionspotential), das stark abnimmt) =&gt; Dynamisiertes Wasser reduziert die Oxidation, weil es ionisiert wurde (seine elektrische Ladung hat sich haupts\u00e4chlich durch die Wirkung von Magnetismus ge\u00e4ndert). Es hat daher <strong>mehr verf\u00fcgbare Elektronen<\/strong> (<strong>die elektronegativ sind<\/strong>), siehe die identischen Schlussfolgerungen zu diesem Thema in der <strong><a href=\"https:\/\/biodynamizer.com\/de\/wissenschaftliche-analyse\/bioskop-spektrometer\/\">spektrometrischen Bioscope-Analyse<\/a><\/strong> (Abfall der spektralen Phase in dynamisiertem Wasser), die auf das Medium \u00fcbertragen werden k\u00f6nnen, das aus anorganischen Mineralien (in ihm) und organischen Mineralien (die es umgibt) besteht. Wir k\u00f6nnen daher denken, dass dynamisiertes Wasser dazu beitragen kann, die Oxidation von Wasser und damit des K\u00f6rpers zu verringern,<\/li>\n<li><strong>erh\u00f6ht den \u00dcberschuss an im Wasser verf\u00fcgbaren Elektronen und hilft daher, freie Radikale zu bek\u00e4mpfen<\/strong> (da dynamisiertes Wasser die Oxidation reduziert, hat es mehr \u201efreie\u201c Elektronen um das Wassermolek\u00fcl herum, die daher wahrscheinlich \u201egespendet\u201c werden, wodurch die freien Radikale* wieder ins Gleichgewicht gebracht werden und damit neutralisieren *instabile Atome aufgrund des Vorhandenseins eines ungepaarten\/einzelnen Elektrons auf der \u00e4u\u00dferen H\u00fclle des Atoms des Molek\u00fcls. Sie oxidieren den K\u00f6rper und verursachen Zelldegeneration = Zellalterung,<\/li>\n<li><strong>soll eine bessere Verstoffwechselung von N\u00e4hrstoffen erm\u00f6glichen und die zellul\u00e4re Entgiftung f\u00f6rdern<\/strong>. <strong><a href=\"https:\/\/biodynamizer.com\/de\/wasser\/studien-zum-einfluss-von-magnetismus-auf-wasser-dynamized-technologies\/\"><span style=\"text-decoration: underline;\">Studien \u00fcber den Einfluss von Magnetismus auf Wasser<\/span><\/a><\/strong> sowie seine reduzierenden Eigenschaften lassen uns vermuten, dass Wasser, wenn es von mehr verf\u00fcgbaren Elektronen mit elektronegativer Ladung profitiert, die N\u00e4hrstoffe (organische und anorganische Mineralien) umgeben, eine Potentialdifferenz zwischen den extrazellul\u00e4ren ( positive) und intrazellul\u00e4re (negative) Umgebung, die (mit dem Unterschied in den Ionenkonzentrationsgradienten) dazu beitragen sollten, das \u00d6ffnen\/Schlie\u00dfen der transmembranen Ionenkan\u00e4le (die spannungsabh\u00e4ngig sind) auszul\u00f6sen und so den Eintrag von N\u00e4hrstoffen in die Zellen und die zu f\u00f6rdern Austritt von Stoffwechselschlacken aus den Zellen (die Heidelberger Professoren Neher und Sakmann, Nobelpreis f\u00fcr Medizin 1991, zeigten in den 1980er Jahren mit ihrer Patch-Clamp-Methode, dass der Stoffwechsel \u00fcber transmembran\u00f6se Ionenkan\u00e4le mit unterschiedlichen Potentialen funktioniert),<\/li>\n<li><strong>wandelt einige der anorganischen Mineralien in Kolloide um (<\/strong>deutlich kleinere Partikel, von 10 bis 1.000 nm, elektromagnetisch geladen).\n<ul>\n<li>Kolloidale Mineralien <strong>&lt; 50 nm<\/strong> werden vom K\u00f6rper um bis zu +\/- <strong>75 %<\/strong> leichter <strong>aufgenommen<\/strong> (im Vergleich zu 5 % bis 25 % bei anorganischen Mineralien)!<\/li>\n<li>Kolloidale Mineralien <strong>&gt; 50 nm<\/strong> werden schlechter aufgenommen und verbleiben haupts\u00e4chlich im <strong>Darm<\/strong> (da sie die Darmwand nicht passieren k\u00f6nnen) und werden daher \u00fcber den <strong>Stuhl<\/strong> und nicht \u00fcber den Urin (Nieren) <strong>ausgeschieden<\/strong>. Die \u00fcbersch\u00fcssigen anorganischen Mineralien (75 % bis 95 % der im Wasser enthaltenen Mineralien) passieren die Darmwand und werden haupts\u00e4chlich \u00fcber die Nieren mit dem Urin ausgeschieden!<\/li>\n<\/ul>\n<\/li>\n<li><strong>bewahrt viel besser die Energie in dynamisiertem Wasser<\/strong> (durch Verringerung der Energiedissipation, siehe auch zu diesem Thema die <a href=\"https:\/\/biodynamizer.com\/de\/wissenschaftliche-analyse\/lanalyse-biophotonique\/\"><strong>Biofotonische Analyse<\/strong><\/a> und die <strong><a href=\"https:\/\/biodynamizer.com\/de\/wissenschaftliche-analyse\/la-kamera-elektrophotonische-coramp-loesungen\/\">elektrophotonische Analyse<\/a><\/strong>, die dies best\u00e4tigt!)<\/li>\n<\/ul>\n<p><strong>Erkl\u00e4rungen zu den Ergebnissen der Analyse :<\/strong><\/p>\n<ul>\n<li>Faktor rH2 des unbehandelten Leitungswassers aus Rhode Saint Gen\u00e8se (Belgien) = 36,3 -&gt; 29,7 f\u00fcr dynamisiertes Leitungswasser, d.h. eine exponentielle Abnahme der Wasseroxidation um 6,6 Einheiten (davon +\/-4 f\u00fcr den Biodynamizer und +\/- 2,5 f\u00fcr den Biofilter) oder 10-6,6 oder praktisch 4.000.000 mal weniger oxidierend! Der rH2 (der die Aktivit\u00e4t des Elektrons im Wasser quantifiziert* und den oxidierenden oder antioxidierenden Aspekt des Wassers charakterisiert, er wird von einer spezifischen Elektrode aus berechnet), wird auf der Grundlage der Messungen pH = 7,6 (Wasserhahn) -&gt; 7,5 (dynamisiert), Temperatur (13,5\u00b0C: Wasserhahn im Keller -&gt; 16,5\u00b0C) berechnet: dynamisches Wasser), und <strong>das Redoxpotential = 385,2 mV (Wasserhahn) -&gt; 209,5 mV (dynamisiertes)<\/strong> = Potentialdifferenz gemessen mit einem Voltmeter <strong>(es wird allgemein angenommen, dass die L\u00f6sung umso st\u00e4rker \u201e<em>oxidiert<\/em>\u201c, je h\u00f6her der ORP ist; je niedriger er ist, desto st\u00e4rker reduzierend oder \u201e<em>antioxidierend<\/em>\u201c ist die L\u00f6sung)<\/strong>, wobei die Leitf\u00e4higkeit unver\u00e4ndert bei 750 \u00b5s\/cm bleibt; Analysen \u00fcber den Tag wiederholt mit Messungen alle 3 Minuten und mit Kalibrierung der Ger\u00e4te, ohne Elektrosmog; ideales Gleichgewicht nach BEV= pH 7 &amp; rH2 \u2264 28 * Andr\u00e9 Fougerousse (Honorarprofessor f\u00fcr Chemie an der Universit\u00e4t Stra\u00dfburg und ehemaliger Direktor der Fakult\u00e4t f\u00fcr Stra\u00dfburger Chemie (1999-2004)), in einem Artikel im Bulletin de l&#8217;Union des Physiciens aus dem Jahr 1996: \u201e<em>Der rH2 ist eine eindeutige thermodynamische Gr\u00f6\u00dfe, die es erm\u00f6glicht, im Gegensatz zum klassischen Potential E nur den Austausch von Elektronen in einer w\u00e4ssrigen Phase zu identifizieren wird durch Protonenaustausch verschmutzt<\/em>\u201c<\/li>\n<li>Die Energiequantifizierung von Vincent (W von Vincent = energetische Dissipationskraft von Wasser, eine Funktion seiner Leitf\u00e4higkeit, pH und rH2) steigt von 400 \u00b5W\/cm3 f\u00fcr unbehandeltes Leitungswasser auf 180 \u00b5W\/cm3 f\u00fcr dynamisiertes Leitungswasser. Das bedeutet, dass in dynamisiertem Wasser mehr Energie gespeichert wird, was sich g\u00fcnstig auf die Zellfunktionen auswirkt (siehe Bedeutung der <a href=\"https:\/\/biodynamizer.com\/de\/wasser\/\"><strong>Membranspannung<\/strong>)<\/a>.<\/li>\n<\/ul>\n<\/div><\/div><div class=\"wpb_text_column\"><div class=\"wpb_wrapper\"><p><b>Bedeutung der Wasserreduzierung zur Bek\u00e4mpfung freier Radikale, die den K\u00f6rper oxidieren:<\/b><\/p>\n<p>Sauerstoff (Atmung), Entz\u00fcndungen (Hitze oder Schmerzen durch Infektionen oder andere) oder oxidativer Stress (verursacht durch Alkohol, Tabak, &#8222;industrielle&#8220; Lebensmittel, &#8230;) k\u00f6nnen zur Produktion von freien Radikalen f\u00fchren. Diese freien Radikale sind instabile Molek\u00fcle, denen ein Elektron fehlt und die sich selbst wieder ins Gleichgewicht bringen, indem sie sie von unseren anderen (stabilen) Zellen stehlen. Durch die Suche nach dieser elektronischen Stabilit\u00e4t und durch die R\u00fcckgewinnung von 1 Elektron in unseren Zellen oxidiert dieses freie Radikal sie! Wenn eine Zelle oxidiert wird, f\u00fchrt dies zu einer vorzeitigen Alterung unseres gesamten K\u00f6rpers, und dies kann bestimmte Krankheiten verursachen oder zu Rissen in der Haut f\u00fchren.<\/p>\n<p>Nur Molek\u00fcle mit leicht mobilisierbaren Elektronen (antioxidative Molek\u00fcle) sind in der Lage, freie Radikale zu neutralisieren (indem sie eines ihrer freien Elektronen auf sie \u00fcbertragen, wodurch sie wieder ins Gleichgewicht gebracht werden). Antioxidantien erm\u00f6glichen es unseren Zellen, eine Degeneration zu vermeiden und gesund zu bleiben. Obst und Gem\u00fcse enthalten eine gro\u00dfe Menge an Antioxidantien, wenn sie biologisch und frisch geerntet sind.\u00a0 Biodynamisiertes Reduktionswasser kann die gleiche Wirkung haben. Die Messung des rH2-Faktors erlaubt es, die reduktive Qualit\u00e4t des Wassers zu quantifizieren.<\/p>\n<\/div><\/div><\/div><\/div><\/div><\/div><\/div><\/section>\n","protected":false},"excerpt":{"rendered":"Start\/SeitenDie Bioelektronische Analyse beobachtet einen antioxidativer Charakter von dynamisiertem Wasser BEV-Analyse (Bioelectronics of Vincent* mit Hanna Instruments kalibrierte Elektroden und den Formeln des Professor Joseph Orszagh an der Universit\u00e4t Mons-Hainaut in Belgien) durchgef\u00fchrt von Sylvie Henry R\u00e9ant, Chemieingenieurin ENSCP, Master 2 Biologie, in Rhode Saint Gen\u00e8se (Belgien) am 19.05.2020 *Louis Claude Vincent: Hydrologe, Ingenieur und...","protected":false},"author":3,"featured_media":0,"parent":5816,"menu_order":10,"comment_status":"closed","ping_status":"closed","template":"","meta":{"_monsterinsights_skip_tracking":false,"_monsterinsights_sitenote_active":false,"_monsterinsights_sitenote_note":"","_monsterinsights_sitenote_category":0,"footnotes":""},"class_list":["post-6165","page","type-page","status-publish","hentry"],"yoast_head":"<!-- This site is optimized with the Yoast SEO plugin v27.3 - https:\/\/yoast.com\/product\/yoast-seo-wordpress\/ -->\n<title>Die Bioelektronische Analyse - Biodynamizer<\/title>\n<meta name=\"description\" content=\"L&#039;analyse bio\u00e9lectronique de Vincent confirme que l\u2019eau Biodynamis\u00e9e est une eau r\u00e9ductrice &amp; moins oxydante et biocompatible, qui participe \u00e0 la r\u00e9g\u00e9n\u00e9ration cellulaire et pr\u00e9serve nettement mieux l\u2019\u00e9nergie dans l\u2019eau !\" \/>\n<meta name=\"robots\" content=\"index, follow, max-snippet:-1, max-image-preview:large, max-video-preview:-1\" \/>\n<link rel=\"canonical\" href=\"https:\/\/biodynamizer.com\/de\/wissenschaftliche-analyse\/analyse-bev-bio-elektronik-von-vinzen-beobachtet-ein-dynamisiertes-wasser-antioxidantien-charakter-analysee\/\" \/>\n<meta property=\"og:locale\" content=\"de_DE\" \/>\n<meta property=\"og:type\" content=\"article\" \/>\n<meta property=\"og:title\" content=\"Die Bioelektronische Analyse - Biodynamizer\" \/>\n<meta property=\"og:description\" content=\"L&#039;analyse bio\u00e9lectronique de Vincent confirme que l\u2019eau Biodynamis\u00e9e est une eau r\u00e9ductrice &amp; moins oxydante et biocompatible, qui participe \u00e0 la r\u00e9g\u00e9n\u00e9ration cellulaire et pr\u00e9serve nettement mieux l\u2019\u00e9nergie dans l\u2019eau !\" \/>\n<meta property=\"og:url\" content=\"https:\/\/biodynamizer.com\/de\/wissenschaftliche-analyse\/analyse-bev-bio-elektronik-von-vinzen-beobachtet-ein-dynamisiertes-wasser-antioxidantien-charakter-analysee\/\" \/>\n<meta property=\"og:site_name\" content=\"Biodynamizer\" \/>\n<meta property=\"article:modified_time\" content=\"2025-12-07T15:12:11+00:00\" \/>\n<meta property=\"og:image\" content=\"https:\/\/biodynamizer.com\/wp-content\/uploads\/2019\/11\/Depositphotos_15742931_xl-2015.jpg\" \/>\n\t<meta property=\"og:image:width\" content=\"2000\" \/>\n\t<meta property=\"og:image:height\" content=\"1333\" \/>\n\t<meta property=\"og:image:type\" content=\"image\/jpeg\" \/>\n<meta name=\"twitter:card\" content=\"summary_large_image\" \/>\n<meta name=\"twitter:label1\" content=\"Gesch\u00e4tzte Lesezeit\" \/>\n\t<meta name=\"twitter:data1\" content=\"6\u00a0Minuten\" \/>\n<script type=\"application\/ld+json\" class=\"yoast-schema-graph\">{\"@context\":\"https:\\\/\\\/schema.org\",\"@graph\":[{\"@type\":\"WebPage\",\"@id\":\"https:\\\/\\\/biodynamizer.com\\\/de\\\/wissenschaftliche-analyse\\\/analyse-bev-bio-elektronik-von-vinzen-beobachtet-ein-dynamisiertes-wasser-antioxidantien-charakter-analysee\\\/\",\"url\":\"https:\\\/\\\/biodynamizer.com\\\/de\\\/wissenschaftliche-analyse\\\/analyse-bev-bio-elektronik-von-vinzen-beobachtet-ein-dynamisiertes-wasser-antioxidantien-charakter-analysee\\\/\",\"name\":\"Die Bioelektronische Analyse - Biodynamizer\",\"isPartOf\":{\"@id\":\"https:\\\/\\\/biodynamizer.com\\\/de\\\/#website\"},\"datePublished\":\"2020-01-27T13:56:39+00:00\",\"dateModified\":\"2025-12-07T15:12:11+00:00\",\"description\":\"L'analyse bio\u00e9lectronique de Vincent confirme que l\u2019eau Biodynamis\u00e9e est une eau r\u00e9ductrice & moins oxydante et biocompatible, qui participe \u00e0 la r\u00e9g\u00e9n\u00e9ration cellulaire et pr\u00e9serve nettement mieux l\u2019\u00e9nergie dans l\u2019eau !\",\"breadcrumb\":{\"@id\":\"https:\\\/\\\/biodynamizer.com\\\/de\\\/wissenschaftliche-analyse\\\/analyse-bev-bio-elektronik-von-vinzen-beobachtet-ein-dynamisiertes-wasser-antioxidantien-charakter-analysee\\\/#breadcrumb\"},\"inLanguage\":\"de\",\"potentialAction\":[{\"@type\":\"ReadAction\",\"target\":[\"https:\\\/\\\/biodynamizer.com\\\/de\\\/wissenschaftliche-analyse\\\/analyse-bev-bio-elektronik-von-vinzen-beobachtet-ein-dynamisiertes-wasser-antioxidantien-charakter-analysee\\\/\"]}]},{\"@type\":\"BreadcrumbList\",\"@id\":\"https:\\\/\\\/biodynamizer.com\\\/de\\\/wissenschaftliche-analyse\\\/analyse-bev-bio-elektronik-von-vinzen-beobachtet-ein-dynamisiertes-wasser-antioxidantien-charakter-analysee\\\/#breadcrumb\",\"itemListElement\":[{\"@type\":\"ListItem\",\"position\":1,\"name\":\"Home\",\"item\":\"https:\\\/\\\/biodynamizer.com\\\/de\\\/\"},{\"@type\":\"ListItem\",\"position\":2,\"name\":\"Analyse\",\"item\":\"https:\\\/\\\/biodynamizer.com\\\/de\\\/wissenschaftliche-analyse\\\/\"},{\"@type\":\"ListItem\",\"position\":3,\"name\":\"Die Bioelektronische Analyse\"}]},{\"@type\":\"WebSite\",\"@id\":\"https:\\\/\\\/biodynamizer.com\\\/de\\\/#website\",\"url\":\"https:\\\/\\\/biodynamizer.com\\\/de\\\/\",\"name\":\"Biodynamizer\",\"description\":\"Filtrez et dynamisez votre eau\",\"potentialAction\":[{\"@type\":\"SearchAction\",\"target\":{\"@type\":\"EntryPoint\",\"urlTemplate\":\"https:\\\/\\\/biodynamizer.com\\\/de\\\/?s={search_term_string}\"},\"query-input\":{\"@type\":\"PropertyValueSpecification\",\"valueRequired\":true,\"valueName\":\"search_term_string\"}}],\"inLanguage\":\"de\"}]}<\/script>\n<!-- \/ Yoast SEO plugin. -->","yoast_head_json":{"title":"Die Bioelektronische Analyse - Biodynamizer","description":"L'analyse bio\u00e9lectronique de Vincent confirme que l\u2019eau Biodynamis\u00e9e est une eau r\u00e9ductrice & moins oxydante et biocompatible, qui participe \u00e0 la r\u00e9g\u00e9n\u00e9ration cellulaire et pr\u00e9serve nettement mieux l\u2019\u00e9nergie dans l\u2019eau !","robots":{"index":"index","follow":"follow","max-snippet":"max-snippet:-1","max-image-preview":"max-image-preview:large","max-video-preview":"max-video-preview:-1"},"canonical":"https:\/\/biodynamizer.com\/de\/wissenschaftliche-analyse\/analyse-bev-bio-elektronik-von-vinzen-beobachtet-ein-dynamisiertes-wasser-antioxidantien-charakter-analysee\/","og_locale":"de_DE","og_type":"article","og_title":"Die Bioelektronische Analyse - Biodynamizer","og_description":"L'analyse bio\u00e9lectronique de Vincent confirme que l\u2019eau Biodynamis\u00e9e est une eau r\u00e9ductrice & moins oxydante et biocompatible, qui participe \u00e0 la r\u00e9g\u00e9n\u00e9ration cellulaire et pr\u00e9serve nettement mieux l\u2019\u00e9nergie dans l\u2019eau !","og_url":"https:\/\/biodynamizer.com\/de\/wissenschaftliche-analyse\/analyse-bev-bio-elektronik-von-vinzen-beobachtet-ein-dynamisiertes-wasser-antioxidantien-charakter-analysee\/","og_site_name":"Biodynamizer","article_modified_time":"2025-12-07T15:12:11+00:00","og_image":[{"width":2000,"height":1333,"url":"https:\/\/biodynamizer.com\/wp-content\/uploads\/2019\/11\/Depositphotos_15742931_xl-2015.jpg","type":"image\/jpeg"}],"twitter_card":"summary_large_image","twitter_misc":{"Gesch\u00e4tzte Lesezeit":"6\u00a0Minuten"},"schema":{"@context":"https:\/\/schema.org","@graph":[{"@type":"WebPage","@id":"https:\/\/biodynamizer.com\/de\/wissenschaftliche-analyse\/analyse-bev-bio-elektronik-von-vinzen-beobachtet-ein-dynamisiertes-wasser-antioxidantien-charakter-analysee\/","url":"https:\/\/biodynamizer.com\/de\/wissenschaftliche-analyse\/analyse-bev-bio-elektronik-von-vinzen-beobachtet-ein-dynamisiertes-wasser-antioxidantien-charakter-analysee\/","name":"Die Bioelektronische Analyse - Biodynamizer","isPartOf":{"@id":"https:\/\/biodynamizer.com\/de\/#website"},"datePublished":"2020-01-27T13:56:39+00:00","dateModified":"2025-12-07T15:12:11+00:00","description":"L'analyse bio\u00e9lectronique de Vincent confirme que l\u2019eau Biodynamis\u00e9e est une eau r\u00e9ductrice & moins oxydante et biocompatible, qui participe \u00e0 la r\u00e9g\u00e9n\u00e9ration cellulaire et pr\u00e9serve nettement mieux l\u2019\u00e9nergie dans l\u2019eau !","breadcrumb":{"@id":"https:\/\/biodynamizer.com\/de\/wissenschaftliche-analyse\/analyse-bev-bio-elektronik-von-vinzen-beobachtet-ein-dynamisiertes-wasser-antioxidantien-charakter-analysee\/#breadcrumb"},"inLanguage":"de","potentialAction":[{"@type":"ReadAction","target":["https:\/\/biodynamizer.com\/de\/wissenschaftliche-analyse\/analyse-bev-bio-elektronik-von-vinzen-beobachtet-ein-dynamisiertes-wasser-antioxidantien-charakter-analysee\/"]}]},{"@type":"BreadcrumbList","@id":"https:\/\/biodynamizer.com\/de\/wissenschaftliche-analyse\/analyse-bev-bio-elektronik-von-vinzen-beobachtet-ein-dynamisiertes-wasser-antioxidantien-charakter-analysee\/#breadcrumb","itemListElement":[{"@type":"ListItem","position":1,"name":"Home","item":"https:\/\/biodynamizer.com\/de\/"},{"@type":"ListItem","position":2,"name":"Analyse","item":"https:\/\/biodynamizer.com\/de\/wissenschaftliche-analyse\/"},{"@type":"ListItem","position":3,"name":"Die Bioelektronische Analyse"}]},{"@type":"WebSite","@id":"https:\/\/biodynamizer.com\/de\/#website","url":"https:\/\/biodynamizer.com\/de\/","name":"Biodynamizer","description":"Filtrez et dynamisez votre eau","potentialAction":[{"@type":"SearchAction","target":{"@type":"EntryPoint","urlTemplate":"https:\/\/biodynamizer.com\/de\/?s={search_term_string}"},"query-input":{"@type":"PropertyValueSpecification","valueRequired":true,"valueName":"search_term_string"}}],"inLanguage":"de"}]}},"_links":{"self":[{"href":"https:\/\/biodynamizer.com\/de\/wp-json\/wp\/v2\/pages\/6165","targetHints":{"allow":["GET"]}}],"collection":[{"href":"https:\/\/biodynamizer.com\/de\/wp-json\/wp\/v2\/pages"}],"about":[{"href":"https:\/\/biodynamizer.com\/de\/wp-json\/wp\/v2\/types\/page"}],"author":[{"embeddable":true,"href":"https:\/\/biodynamizer.com\/de\/wp-json\/wp\/v2\/users\/3"}],"replies":[{"embeddable":true,"href":"https:\/\/biodynamizer.com\/de\/wp-json\/wp\/v2\/comments?post=6165"}],"version-history":[{"count":42,"href":"https:\/\/biodynamizer.com\/de\/wp-json\/wp\/v2\/pages\/6165\/revisions"}],"predecessor-version":[{"id":30417,"href":"https:\/\/biodynamizer.com\/de\/wp-json\/wp\/v2\/pages\/6165\/revisions\/30417"}],"up":[{"embeddable":true,"href":"https:\/\/biodynamizer.com\/de\/wp-json\/wp\/v2\/pages\/5816"}],"wp:attachment":[{"href":"https:\/\/biodynamizer.com\/de\/wp-json\/wp\/v2\/media?parent=6165"}],"curies":[{"name":"wp","href":"https:\/\/api.w.org\/{rel}","templated":true}]}}