{"id":6169,"date":"2020-01-27T13:43:10","date_gmt":"2020-01-27T13:43:10","guid":{"rendered":"https:\/\/biodynamizer.spleen-creation.be\/analyses-scientifiques\/le-bioscope-spectrometre\/"},"modified":"2025-09-09T10:59:11","modified_gmt":"2025-09-09T10:59:11","slug":"bioskop-spektrometer","status":"publish","type":"page","link":"https:\/\/biodynamizer.com\/de\/wissenschaftliche-analyse\/bioskop-spektrometer\/","title":{"rendered":"Die Spektralanalyse (Bioscope)"},"content":{"rendered":"<section class=\"l-section wpb_row us_custom_916fdabd height_small\"><div class=\"l-section-h i-cf\"><div class=\"g-cols vc_row via_flex valign_top type_default stacking_default\"><div class=\"vc_col-sm-12 wpb_column vc_column_container\"><div class=\"vc_column-inner\"><div class=\"wpb_wrapper\"><nav class=\"g-breadcrumbs separator_custom align_none\" itemscope itemtype=\"http:\/\/schema.org\/BreadcrumbList\"><div class=\"g-breadcrumbs-item\" itemscope itemprop=\"itemListElement\" itemtype=\"http:\/\/schema.org\/ListItem\"><a itemprop=\"item\" href=\"https:\/\/biodynamizer.com\/de\/\"><span itemprop=\"name\">Start<\/span><\/a><meta itemprop=\"position\" content=\"1\"\/><\/div><div class=\"g-breadcrumbs-separator\">\/<\/div><div class=\"g-breadcrumbs-item\">Seiten<\/div><\/nav><\/div><\/div><\/div><\/div><\/div><\/section><section class=\"l-section wpb_row fullheader height_huge with_img\"><div class=\"l-section-img\" role=\"img\" aria-label=\"Bild\" data-img-width=\"1519\" data-img-height=\"371\" style=\"background-image: url(https:\/\/biodynamizer.com\/wp-content\/uploads\/2020\/03\/New-Project-37.jpg);background-repeat: no-repeat;\"><\/div><div class=\"l-section-h i-cf\"><div class=\"g-cols vc_row via_flex valign_top type_default stacking_default\"><div class=\"vc_col-sm-12 wpb_column vc_column_container has_text_color\"><div class=\"vc_column-inner us_custom_6df4bc3a\"><div class=\"wpb_wrapper\"><div class=\"wpb_text_column\"><div class=\"wpb_wrapper\"><h3>Die Spektralanalyse (durch das Bioscope-Spektrometer)<\/h3>\n<\/div><\/div><\/div><\/div><\/div><\/div><\/div><\/section><section class=\"l-section wpb_row max500 height_large\"><div class=\"l-section-h i-cf\"><div class=\"g-cols vc_row via_flex valign_top type_default stacking_default\"><div class=\"vc_col-sm-12 wpb_column vc_column_container\"><div class=\"vc_column-inner\"><div class=\"wpb_wrapper\"><div class=\"wpb_text_column\"><div class=\"wpb_wrapper\"><p><strong><em>Bearbeiter: Pier Rubesa (Sound Ir.), Grandson, Schweiz<\/em><\/strong><\/p>\n<p>Bioskopische Studien im Auftrag der SA Dynamized Technologies vom 23.07.2025 &amp; 13.09.2016.<\/p>\n<p><strong>Verfahren<\/strong>: Das Bioscope ist ein Spektrometer, das Ver\u00e4nderungen in den elektrischen Eigenschaften von Wasser nach der Emission eines niederfrequenten (113 Hz) elektrischen Signals analysiert, das \u00fcber eine Elektrode in das Wasser gesendet wird. Die Interpretation der Messungen (Verzerrung zwischen dem gesendeten und empfangenen Signal) erfolgt computergest\u00fctzt. Die Analyse konzentriert sich haupts\u00e4chlich auf die Energieverschiebungen (in Bezug auf Elektronen\/Protonen), die Dynamik des elektrischen Feldes, insbesondere in Richtung der niedrigen Frequenzbereiche = Frequenzen, die von den &#8222;Lebenden &#8222;* = insbesondere den Zellen.<\/p>\n<\/div><\/div><\/div><\/div><\/div><\/div><\/div><\/section><section class=\"l-section wpb_row height_large\"><div class=\"l-section-overlay\" style=\"background:rgba(172,172,172,0.2)\"><\/div><div class=\"l-section-h i-cf\"><div class=\"g-cols vc_row via_flex valign_top type_default stacking_default\"><div class=\"vc_col-sm-12 wpb_column vc_column_container\"><div class=\"vc_column-inner\"><div class=\"wpb_wrapper\"><div class=\"wpb_text_column\"><div class=\"wpb_wrapper\"><h2>Das Bioscope beobachtet eine Energieverschiebung in Richtung bestimmter Frequenzbereiche, was auf eine organisiertere, strukturiertere und koh\u00e4rentere elektrodynamische Organisation im biodynamisierten Wassers hinweist<\/h2>\n<\/div><\/div><div class=\"w-separator size_medium\"><\/div><div class=\"w-image us_custom_057801f8 align_left has_bg_color\"><div class=\"w-image-h\"><img decoding=\"async\" width=\"1024\" height=\"464\" src=\"https:\/\/biodynamizer.com\/wp-content\/uploads\/2025\/08\/Surface-spectrum-Bioscope-Dynamized-water-1-1024x464.png\" class=\"attachment-large size-large\" alt=\"Image du spectre de surface d\u2019une eau dynamis\u00e9e observ\u00e9 au bioscope, montrant des motifs lumineux et des structures ondulatoires abstraites.\" loading=\"lazy\" srcset=\"https:\/\/biodynamizer.com\/wp-content\/uploads\/2025\/08\/Surface-spectrum-Bioscope-Dynamized-water-1-1024x464.png 1024w, https:\/\/biodynamizer.com\/wp-content\/uploads\/2025\/08\/Surface-spectrum-Bioscope-Dynamized-water-1-300x136.png 300w, https:\/\/biodynamizer.com\/wp-content\/uploads\/2025\/08\/Surface-spectrum-Bioscope-Dynamized-water-1-600x272.png 600w, https:\/\/biodynamizer.com\/wp-content\/uploads\/2025\/08\/Surface-spectrum-Bioscope-Dynamized-water-1-640x290.png 640w, https:\/\/biodynamizer.com\/wp-content\/uploads\/2025\/08\/Surface-spectrum-Bioscope-Dynamized-water-1.png 1509w\" sizes=\"auto, (max-width: 1024px) 100vw, 1024px\" \/><\/div><\/div><div class=\"wpb_text_column\"><div class=\"wpb_wrapper\"><p><em>Oberfl\u00e4chenspektrum vor und nach dem Durchlauf des Wassers durch den Biodynamizer: Wir beobachten eine Verschiebung der Energieintensit\u00e4t in Richtung bestimmter Frequenzb\u00e4nder (erkennbar an der Verschiebung der Amplitudenspitzen, Grafik 1).<\/em><\/p>\n<\/div><\/div><div class=\"w-image us_custom_057801f8 align_left has_bg_color\"><div class=\"w-image-h\"><img decoding=\"async\" width=\"1024\" height=\"518\" src=\"https:\/\/biodynamizer.com\/wp-content\/uploads\/2025\/08\/Surface-spectrum-Bioscope-Dynamized-water-2-1024x518.png\" class=\"attachment-large size-large\" alt=\"Image du spectre de surface d\u2019une eau dynamis\u00e9e observ\u00e9 au bioscope, montrant des motifs lumineux et des structures ondulatoires abstraites.\" loading=\"lazy\" srcset=\"https:\/\/biodynamizer.com\/wp-content\/uploads\/2025\/08\/Surface-spectrum-Bioscope-Dynamized-water-2-1024x518.png 1024w, https:\/\/biodynamizer.com\/wp-content\/uploads\/2025\/08\/Surface-spectrum-Bioscope-Dynamized-water-2-300x152.png 300w, https:\/\/biodynamizer.com\/wp-content\/uploads\/2025\/08\/Surface-spectrum-Bioscope-Dynamized-water-2-600x304.png 600w, https:\/\/biodynamizer.com\/wp-content\/uploads\/2025\/08\/Surface-spectrum-Bioscope-Dynamized-water-2-640x324.png 640w, https:\/\/biodynamizer.com\/wp-content\/uploads\/2025\/08\/Surface-spectrum-Bioscope-Dynamized-water-2.png 1423w\" sizes=\"auto, (max-width: 1024px) 100vw, 1024px\" \/><\/div><\/div><div class=\"wpb_text_column\"><div class=\"wpb_wrapper\"><p><em>Oberfl\u00e4chenspektrum vor und nach dem Durchlauf des Wassers durch den Biodynamizer: Wir beobachten eine Pulsation dieser Energie in regelm\u00e4\u00dfigen (periodischen) und systematischen Rhythmen, die eine strukturiertere und koh\u00e4rente elektrodynamische Organisation des biodynamisierten Wassers zeigt (Grafik 2).<\/em><\/p>\n<\/div><\/div><div class=\"w-separator size_medium\"><\/div><div class=\"wpb_text_column\"><div class=\"wpb_wrapper\"><p>Das Bioscope ist ein Spektrometer, das die <b>elektrodynamischen Eigenschaften von Wasser nach der Aussendung akustischer Signale misst <\/b>(seine dielektrische Permittivit\u00e4t oder die Neuanordnung elektrischer Ladungen im Wasser). Es beobachtet eine <b>Energieverschiebung<\/b> (die des niederfrequenten Anregungssignals von 113 Hz, das von einer Elektrode im biodynamisierten Wasser gesendet wird) <b>in Richtung bestimmter Frequenzb\u00e4nder (Hz), deren Amplituden <\/b>(eV), positiv und negativ, sich um bis zu 6 dB \u00e4ndern (d. h. die Intensit\u00e4t und Menge des pro Wellenl\u00e4nge reflektierten Lichts). Beim biodynamisierten Wasser treten diese Amplituden\u00e4nderungen (in Elektronenvolt) in Richtung bestimmter harmonischer (miteinander verbundener) Frequenzen (in Hertz) in <b>regelm\u00e4\u00dfigen<\/b> (periodischen) und <b>systematischen Rhythmen <\/b>auf, was auf eine <b>besser organisierte, strukturierte und koh\u00e4rente elektrodynamische Organisation des biodynamisierten Wassers hinweist <\/b>(= eine Modifikation des spektralen Profils des dynamisierten Wassers, die sich durch \u00c4nderungen der Amplituden oder Intensit\u00e4ten der Energie bei bestimmten akustischen Frequenzen manifestiert).<\/p>\n<p>Diese Beobachtung l\u00e4sst sich durch die durch die Dynamisierung hervorgerufene <b>Umstrukturierung der Wasserstoffbr\u00fccken in den Clustern der Wassermolek\u00fcle erkl\u00e4ren <\/b>(da die Umstrukturierung der Wassercluster Schwingungs-, Rotations- und kollektive Signalanregungen ver\u00e4ndert, k\u00f6nnte jede Neustrukturierung der Molek\u00fclstruktur die Art und Weise modulieren, wie Wasser Schall oder elektromagnetische Energie absorbiert\/\u00fcbertr\u00e4gt\/reflektiert \u2013 was sich in Amplituden\u00e4nderungen bei bestimmten Frequenzen \u00e4u\u00dfert).<\/p>\n<p><b>Diese Energieumverteilung ver\u00e4ndert die physikochemischen und biologischen Eigenschaften des Biodynamisiertem Wassers!<\/b><\/p>\n<\/div><\/div><div class=\"w-separator size_medium\"><\/div><div class=\"w-image align_none\"><div class=\"w-image-h\"><img decoding=\"async\" width=\"533\" height=\"400\" src=\"https:\/\/biodynamizer.com\/wp-content\/uploads\/2025\/08\/IMG_7934-533x400.jpeg\" class=\"attachment-us_600_400 size-us_600_400\" alt=\"Homme travaillant sur un ordinateur\" loading=\"lazy\" srcset=\"https:\/\/biodynamizer.com\/wp-content\/uploads\/2025\/08\/IMG_7934-533x400.jpeg 533w, https:\/\/biodynamizer.com\/wp-content\/uploads\/2025\/08\/IMG_7934-300x225.jpeg 300w, https:\/\/biodynamizer.com\/wp-content\/uploads\/2025\/08\/IMG_7934-1024x768.jpeg 1024w, https:\/\/biodynamizer.com\/wp-content\/uploads\/2025\/08\/IMG_7934-640x480.jpeg 640w, https:\/\/biodynamizer.com\/wp-content\/uploads\/2025\/08\/IMG_7934.jpeg 2048w\" sizes=\"auto, (max-width: 533px) 100vw, 533px\" \/><\/div><\/div><div class=\"wpb_text_column\"><div class=\"wpb_wrapper\"><p><i>Pier Rubesa + Bioscope<\/i><\/p>\n<\/div><\/div><div class=\"w-separator size_medium\"><\/div><div class=\"wpb_text_column\"><div class=\"wpb_wrapper\"><p><i>* William Ross Adey Professor f\u00fcr Anatomie und Physiologie an der Universit\u00e4t von Kalifornien Elektromagnetische Felder und das Wesen lebender Systeme\u00a0<\/i>\u00bb : \u00ab\u00a0<i>Laboratory studies have tested a spectrum of EM fields for bioeffects at cell and molecular levels, focusing on exposures at <\/i><i>athermal<\/i><i> levels. A clear emergent conclusion is that many observed interactions are not based on tissue heating. Modulation of cell surface chemical events by <\/i><i>weak EM fields <\/i><i>indicates a major amplification of initial weak triggers associated with binding of hormones, antibodies, and neurotransmitters to their specific binding sites. Calcium ions play a key role in this amplification. These studies support <\/i><i>new concepts of communication between cells across the barriers of cell membranes; and point with increasing certainty to an essential physical organization in living matter<\/i><i>, at a far finer level than the structural and functional image defined in the chemistry of <\/i><i>molecules.<\/i><i>There<\/i><i> is increasing evidence that these events relate to <\/i><i>quantum states and resonant responses in biomolecular systems, and not to equilibrium thermodynamics associated with thermal energy exchanges and tissue heating<\/i><i>.\u201d<\/i><\/p>\n<\/div><\/div><\/div><\/div><\/div><\/div><\/div><\/section><section class=\"l-section wpb_row height_auto\"><div class=\"l-section-h i-cf\"><div class=\"g-cols vc_row via_flex valign_top type_default stacking_default\"><div class=\"vc_col-sm-12 wpb_column vc_column_container\"><div class=\"vc_column-inner\"><div class=\"wpb_wrapper\"><\/div><\/div><\/div><\/div><\/div><\/section>\n","protected":false},"excerpt":{"rendered":"Start\/SeitenDie Spektralanalyse (durch das Bioscope-Spektrometer) Bearbeiter: Pier Rubesa (Sound Ir.), Grandson, Schweiz Bioskopische Studien im Auftrag der SA Dynamized Technologies vom 23.07.2025 &amp; 13.09.2016. Verfahren: Das Bioscope ist ein Spektrometer, das Ver\u00e4nderungen in den elektrischen Eigenschaften von Wasser nach der Emission eines niederfrequenten (113 Hz) elektrischen Signals analysiert, das \u00fcber eine Elektrode in das Wasser...","protected":false},"author":3,"featured_media":0,"parent":5816,"menu_order":8,"comment_status":"closed","ping_status":"closed","template":"","meta":{"_monsterinsights_skip_tracking":false,"_monsterinsights_sitenote_active":false,"_monsterinsights_sitenote_note":"","_monsterinsights_sitenote_category":0,"footnotes":""},"class_list":["post-6169","page","type-page","status-publish","hentry"],"yoast_head":"<!-- This site is optimized with the Yoast SEO plugin v27.4 - https:\/\/yoast.com\/product\/yoast-seo-wordpress\/ -->\n<title>Die Spektralanalyse (Bioscope) - Biodynamizer<\/title>\n<meta name=\"description\" content=\"Biodynamizer - Die Spektralanalyse (Bioscope) - En savoir plus sur le biodynamizer et le biofiltre\" \/>\n<meta name=\"robots\" content=\"index, follow, max-snippet:-1, max-image-preview:large, max-video-preview:-1\" \/>\n<link rel=\"canonical\" href=\"https:\/\/biodynamizer.com\/de\/wissenschaftliche-analyse\/bioskop-spektrometer\/\" \/>\n<meta property=\"og:locale\" content=\"de_DE\" \/>\n<meta property=\"og:type\" content=\"article\" \/>\n<meta property=\"og:title\" content=\"Die Spektralanalyse (Bioscope) - Biodynamizer\" \/>\n<meta property=\"og:description\" content=\"Biodynamizer - Die Spektralanalyse (Bioscope) - En savoir plus sur le biodynamizer et le biofiltre\" \/>\n<meta property=\"og:url\" content=\"https:\/\/biodynamizer.com\/de\/wissenschaftliche-analyse\/bioskop-spektrometer\/\" \/>\n<meta property=\"og:site_name\" content=\"Biodynamizer\" \/>\n<meta property=\"article:modified_time\" content=\"2025-09-09T10:59:11+00:00\" \/>\n<meta property=\"og:image\" content=\"https:\/\/biodynamizer.com\/wp-content\/uploads\/2019\/11\/Depositphotos_15742931_xl-2015.jpg\" \/>\n\t<meta property=\"og:image:width\" content=\"2000\" \/>\n\t<meta property=\"og:image:height\" content=\"1333\" \/>\n\t<meta property=\"og:image:type\" content=\"image\/jpeg\" \/>\n<meta name=\"twitter:card\" content=\"summary_large_image\" \/>\n<meta name=\"twitter:label1\" content=\"Gesch\u00e4tzte Lesezeit\" \/>\n\t<meta name=\"twitter:data1\" content=\"4\u00a0Minuten\" \/>\n<script type=\"application\/ld+json\" class=\"yoast-schema-graph\">{\"@context\":\"https:\\\/\\\/schema.org\",\"@graph\":[{\"@type\":\"WebPage\",\"@id\":\"https:\\\/\\\/biodynamizer.com\\\/de\\\/wissenschaftliche-analyse\\\/bioskop-spektrometer\\\/\",\"url\":\"https:\\\/\\\/biodynamizer.com\\\/de\\\/wissenschaftliche-analyse\\\/bioskop-spektrometer\\\/\",\"name\":\"Die Spektralanalyse (Bioscope) - Biodynamizer\",\"isPartOf\":{\"@id\":\"https:\\\/\\\/biodynamizer.com\\\/de\\\/#website\"},\"datePublished\":\"2020-01-27T13:43:10+00:00\",\"dateModified\":\"2025-09-09T10:59:11+00:00\",\"description\":\"Biodynamizer - Die Spektralanalyse (Bioscope) - En savoir plus sur le biodynamizer et le biofiltre\",\"breadcrumb\":{\"@id\":\"https:\\\/\\\/biodynamizer.com\\\/de\\\/wissenschaftliche-analyse\\\/bioskop-spektrometer\\\/#breadcrumb\"},\"inLanguage\":\"de\",\"potentialAction\":[{\"@type\":\"ReadAction\",\"target\":[\"https:\\\/\\\/biodynamizer.com\\\/de\\\/wissenschaftliche-analyse\\\/bioskop-spektrometer\\\/\"]}]},{\"@type\":\"BreadcrumbList\",\"@id\":\"https:\\\/\\\/biodynamizer.com\\\/de\\\/wissenschaftliche-analyse\\\/bioskop-spektrometer\\\/#breadcrumb\",\"itemListElement\":[{\"@type\":\"ListItem\",\"position\":1,\"name\":\"Home\",\"item\":\"https:\\\/\\\/biodynamizer.com\\\/de\\\/\"},{\"@type\":\"ListItem\",\"position\":2,\"name\":\"Analyse\",\"item\":\"https:\\\/\\\/biodynamizer.com\\\/de\\\/wissenschaftliche-analyse\\\/\"},{\"@type\":\"ListItem\",\"position\":3,\"name\":\"Die Spektralanalyse (Bioscope)\"}]},{\"@type\":\"WebSite\",\"@id\":\"https:\\\/\\\/biodynamizer.com\\\/de\\\/#website\",\"url\":\"https:\\\/\\\/biodynamizer.com\\\/de\\\/\",\"name\":\"Biodynamizer\",\"description\":\"Filtrez et dynamisez votre eau\",\"potentialAction\":[{\"@type\":\"SearchAction\",\"target\":{\"@type\":\"EntryPoint\",\"urlTemplate\":\"https:\\\/\\\/biodynamizer.com\\\/de\\\/?s={search_term_string}\"},\"query-input\":{\"@type\":\"PropertyValueSpecification\",\"valueRequired\":true,\"valueName\":\"search_term_string\"}}],\"inLanguage\":\"de\"}]}<\/script>\n<!-- \/ Yoast SEO plugin. -->","yoast_head_json":{"title":"Die Spektralanalyse (Bioscope) - Biodynamizer","description":"Biodynamizer - Die Spektralanalyse (Bioscope) - En savoir plus sur le biodynamizer et le biofiltre","robots":{"index":"index","follow":"follow","max-snippet":"max-snippet:-1","max-image-preview":"max-image-preview:large","max-video-preview":"max-video-preview:-1"},"canonical":"https:\/\/biodynamizer.com\/de\/wissenschaftliche-analyse\/bioskop-spektrometer\/","og_locale":"de_DE","og_type":"article","og_title":"Die Spektralanalyse (Bioscope) - Biodynamizer","og_description":"Biodynamizer - Die Spektralanalyse (Bioscope) - En savoir plus sur le biodynamizer et le biofiltre","og_url":"https:\/\/biodynamizer.com\/de\/wissenschaftliche-analyse\/bioskop-spektrometer\/","og_site_name":"Biodynamizer","article_modified_time":"2025-09-09T10:59:11+00:00","og_image":[{"width":2000,"height":1333,"url":"https:\/\/biodynamizer.com\/wp-content\/uploads\/2019\/11\/Depositphotos_15742931_xl-2015.jpg","type":"image\/jpeg"}],"twitter_card":"summary_large_image","twitter_misc":{"Gesch\u00e4tzte Lesezeit":"4\u00a0Minuten"},"schema":{"@context":"https:\/\/schema.org","@graph":[{"@type":"WebPage","@id":"https:\/\/biodynamizer.com\/de\/wissenschaftliche-analyse\/bioskop-spektrometer\/","url":"https:\/\/biodynamizer.com\/de\/wissenschaftliche-analyse\/bioskop-spektrometer\/","name":"Die Spektralanalyse (Bioscope) - Biodynamizer","isPartOf":{"@id":"https:\/\/biodynamizer.com\/de\/#website"},"datePublished":"2020-01-27T13:43:10+00:00","dateModified":"2025-09-09T10:59:11+00:00","description":"Biodynamizer - Die Spektralanalyse (Bioscope) - En savoir plus sur le biodynamizer et le biofiltre","breadcrumb":{"@id":"https:\/\/biodynamizer.com\/de\/wissenschaftliche-analyse\/bioskop-spektrometer\/#breadcrumb"},"inLanguage":"de","potentialAction":[{"@type":"ReadAction","target":["https:\/\/biodynamizer.com\/de\/wissenschaftliche-analyse\/bioskop-spektrometer\/"]}]},{"@type":"BreadcrumbList","@id":"https:\/\/biodynamizer.com\/de\/wissenschaftliche-analyse\/bioskop-spektrometer\/#breadcrumb","itemListElement":[{"@type":"ListItem","position":1,"name":"Home","item":"https:\/\/biodynamizer.com\/de\/"},{"@type":"ListItem","position":2,"name":"Analyse","item":"https:\/\/biodynamizer.com\/de\/wissenschaftliche-analyse\/"},{"@type":"ListItem","position":3,"name":"Die Spektralanalyse (Bioscope)"}]},{"@type":"WebSite","@id":"https:\/\/biodynamizer.com\/de\/#website","url":"https:\/\/biodynamizer.com\/de\/","name":"Biodynamizer","description":"Filtrez et dynamisez votre eau","potentialAction":[{"@type":"SearchAction","target":{"@type":"EntryPoint","urlTemplate":"https:\/\/biodynamizer.com\/de\/?s={search_term_string}"},"query-input":{"@type":"PropertyValueSpecification","valueRequired":true,"valueName":"search_term_string"}}],"inLanguage":"de"}]}},"_links":{"self":[{"href":"https:\/\/biodynamizer.com\/de\/wp-json\/wp\/v2\/pages\/6169","targetHints":{"allow":["GET"]}}],"collection":[{"href":"https:\/\/biodynamizer.com\/de\/wp-json\/wp\/v2\/pages"}],"about":[{"href":"https:\/\/biodynamizer.com\/de\/wp-json\/wp\/v2\/types\/page"}],"author":[{"embeddable":true,"href":"https:\/\/biodynamizer.com\/de\/wp-json\/wp\/v2\/users\/3"}],"replies":[{"embeddable":true,"href":"https:\/\/biodynamizer.com\/de\/wp-json\/wp\/v2\/comments?post=6169"}],"version-history":[{"count":22,"href":"https:\/\/biodynamizer.com\/de\/wp-json\/wp\/v2\/pages\/6169\/revisions"}],"predecessor-version":[{"id":28875,"href":"https:\/\/biodynamizer.com\/de\/wp-json\/wp\/v2\/pages\/6169\/revisions\/28875"}],"up":[{"embeddable":true,"href":"https:\/\/biodynamizer.com\/de\/wp-json\/wp\/v2\/pages\/5816"}],"wp:attachment":[{"href":"https:\/\/biodynamizer.com\/de\/wp-json\/wp\/v2\/media?parent=6169"}],"curies":[{"name":"wp","href":"https:\/\/api.w.org\/{rel}","templated":true}]}}