{"id":6173,"date":"2020-01-27T13:32:58","date_gmt":"2020-01-27T13:32:58","guid":{"rendered":"https:\/\/biodynamizer.spleen-creation.be\/analyses-scientifiques\/le-test-microtoxo-microbiologie-observe-une-biocompatibilite-microbiotique-nettement-plus-grande-de-leau-dynamisee\/"},"modified":"2024-04-26T08:29:04","modified_gmt":"2024-04-26T08:29:04","slug":"der-test-mikrotoxo-mikrobiologie-beobachtet-eine-biokompatibilitaet-mikrobiotischer-netze-groesser-als-wasser-dynamisiert","status":"publish","type":"page","link":"https:\/\/biodynamizer.com\/de\/wissenschaftliche-analyse\/der-test-mikrotoxo-mikrobiologie-beobachtet-eine-biokompatibilitaet-mikrobiotischer-netze-groesser-als-wasser-dynamisiert\/","title":{"rendered":"Der Mikrotoxo-Test (Mikrobiologie)"},"content":{"rendered":"<section class=\"l-section wpb_row us_custom_916fdabd height_small\"><div class=\"l-section-h i-cf\"><div class=\"g-cols vc_row via_flex valign_top type_default stacking_default\"><div class=\"vc_col-sm-12 wpb_column vc_column_container\"><div class=\"vc_column-inner\"><div class=\"wpb_wrapper\"><nav class=\"g-breadcrumbs separator_custom align_none\" itemscope itemtype=\"http:\/\/schema.org\/BreadcrumbList\"><div class=\"g-breadcrumbs-item\" itemscope itemprop=\"itemListElement\" itemtype=\"http:\/\/schema.org\/ListItem\"><a itemprop=\"item\" href=\"https:\/\/biodynamizer.com\/de\/\"><span itemprop=\"name\">Start<\/span><\/a><meta itemprop=\"position\" content=\"1\"\/><\/div><div class=\"g-breadcrumbs-separator\">\/<\/div><div class=\"g-breadcrumbs-item\">Seiten<\/div><\/nav><\/div><\/div><\/div><\/div><\/div><\/section><section class=\"l-section wpb_row fullheader height_huge with_img\"><div class=\"l-section-img\" role=\"img\" aria-label=\"Bild\" data-img-width=\"652\" data-img-height=\"375\" style=\"background-image: url(https:\/\/biodynamizer.com\/wp-content\/uploads\/2020\/01\/microxoto.png);background-repeat: no-repeat;\"><\/div><div class=\"l-section-h i-cf\"><div class=\"g-cols vc_row via_flex valign_top type_default stacking_default\"><div class=\"vc_col-sm-12 wpb_column vc_column_container has_text_color\"><div class=\"vc_column-inner us_custom_6df4bc3a\"><div class=\"wpb_wrapper\"><div class=\"wpb_text_column\"><div class=\"wpb_wrapper\"><h3><b>Der Mikrotoxo-Test (Mikrobiologie) beobachtet eine viel gr\u00f6\u00dfere mikrobiotische Biokompatibilit\u00e4t von dynamisiertem Wasser. <\/b><\/h3>\n<\/div><\/div><\/div><\/div><\/div><\/div><\/div><\/section><section class=\"l-section wpb_row max500 height_large\"><div class=\"l-section-h i-cf\"><div class=\"g-cols vc_row via_flex valign_top type_default stacking_default\"><div class=\"vc_col-sm-12 wpb_column vc_column_container\"><div class=\"vc_column-inner\"><div class=\"wpb_wrapper\"><div class=\"wpb_text_column\"><div class=\"wpb_wrapper\"><p><strong>Labor:<\/strong><\/p>\n<p>Mikrobiologisches Labor Berthet, Marignier, Frankreich; Professor Bernard Berthet, Apotheker, Doktor der Biowissenschaften und Bromatologie (Lebensmittelwissenschaften), Dozent an der Universit\u00e4t Lyon und Laborleiter. Die Analyse und Interpretation der Studienergebnisse erfolgte durch ein multidisziplin\u00e4res wissenschaftliches Team bestehend aus Dr. Marco Paya, Dr. Jean Fran\u00e7ois Le Bitoux, Prof. Bernard Berthet und Herr Jean Olivaux Biophysiker, Inhaber eines interuniversit\u00e4ren Diploms in nuklearer Magnetresonanz (NMR), angewandt auf Biologie und Medizin;<\/p>\n<p>Microtoxo-Studie im Auftrag der SA Dynamized Technologies vom 05.05.2017 auf der Grundlage eines Ger\u00e4tes, das die Prinzipien der Dynamisierung \u00e4hnlich dem Biodynamizer\u00ae anwendet.<\/p>\n<\/div><\/div><div class=\"w-separator size_medium\"><\/div><div class=\"w-image align_center\"><div class=\"w-image-h\"><img decoding=\"async\" width=\"1024\" height=\"292\" src=\"https:\/\/biodynamizer.com\/wp-content\/uploads\/2020\/06\/trilogie-site-web-2020.06-1024x292.png\" class=\"attachment-large size-large\" alt=\"\" loading=\"lazy\" srcset=\"https:\/\/biodynamizer.com\/wp-content\/uploads\/2020\/06\/trilogie-site-web-2020.06-1024x292.png 1024w, https:\/\/biodynamizer.com\/wp-content\/uploads\/2020\/06\/trilogie-site-web-2020.06-300x85.png 300w, https:\/\/biodynamizer.com\/wp-content\/uploads\/2020\/06\/trilogie-site-web-2020.06-1536x438.png 1536w, https:\/\/biodynamizer.com\/wp-content\/uploads\/2020\/06\/trilogie-site-web-2020.06-2048x583.png 2048w\" sizes=\"auto, (max-width: 1024px) 100vw, 1024px\" \/><\/div><\/div><div class=\"w-separator size_small\"><\/div><div class=\"wpb_text_column\"><div class=\"wpb_wrapper\"><p>Analyse der Entwicklung pathogener (sch\u00e4dlicher) &amp; biogener (n\u00fctzlicher) Bakterien der intestinalen Mikrobiota.<\/p>\n<p>Nachdem man sie f\u00fcr 48H00 in einem nahrhaften Agar auf der Basis von dynamisiertem Wasser f\u00fcr 48H00 wachsen lie\u00df, wurde ein :<\/p>\n<ul>\n<li>eine 60%ige Abnahme des Wachstums von E-coli-Bakterien<\/li>\n<li>10% R\u00fcckgang des Wachstums von Lactobacillus plantarum<\/li>\n<\/ul>\n<p>Und dies im Vergleich zu herk\u00f6mmlichem N\u00e4hrstoffagar!<\/p>\n<p>Obwohl dieser Test teilweise ist, scheint er die mikrobiologische Biokompatibilit\u00e4t zu best\u00e4tigen des dynamisierten Wassers, d.h. seine Hemmkraft auf das Wachstum des pathogenen Keims und seinen schwachen Einfluss auf den biogenen Keim!<\/p>\n<\/div><\/div><\/div><\/div><\/div><\/div><\/div><\/section>\n","protected":false},"excerpt":{"rendered":"Start\/SeitenDer Mikrotoxo-Test (Mikrobiologie) beobachtet eine viel gr\u00f6\u00dfere mikrobiotische Biokompatibilit\u00e4t von dynamisiertem Wasser. Labor: Mikrobiologisches Labor Berthet, Marignier, Frankreich; Professor Bernard Berthet, Apotheker, Doktor der Biowissenschaften und Bromatologie (Lebensmittelwissenschaften), Dozent an der Universit\u00e4t Lyon und Laborleiter. Die Analyse und Interpretation der Studienergebnisse erfolgte durch ein multidisziplin\u00e4res wissenschaftliches Team bestehend aus Dr. Marco Paya, Dr. Jean Fran\u00e7ois...","protected":false},"author":3,"featured_media":0,"parent":5816,"menu_order":7,"comment_status":"closed","ping_status":"closed","template":"","meta":{"_monsterinsights_skip_tracking":false,"_monsterinsights_sitenote_active":false,"_monsterinsights_sitenote_note":"","_monsterinsights_sitenote_category":0,"footnotes":""},"class_list":["post-6173","page","type-page","status-publish","hentry"],"yoast_head":"<!-- This site is optimized with the Yoast SEO plugin v27.3 - https:\/\/yoast.com\/product\/yoast-seo-wordpress\/ -->\n<title>Der Mikrotoxo-Test (Mikrobiologie) - Biodynamizer<\/title>\n<meta name=\"description\" content=\"Biodynamizer - Der Mikrotoxo-Test (Mikrobiologie) - En savoir plus sur le biodynamizer et le biofiltre\" \/>\n<meta name=\"robots\" content=\"index, follow, max-snippet:-1, max-image-preview:large, max-video-preview:-1\" \/>\n<link rel=\"canonical\" href=\"https:\/\/biodynamizer.com\/de\/wissenschaftliche-analyse\/der-test-mikrotoxo-mikrobiologie-beobachtet-eine-biokompatibilitaet-mikrobiotischer-netze-groesser-als-wasser-dynamisiert\/\" \/>\n<meta property=\"og:locale\" content=\"de_DE\" \/>\n<meta property=\"og:type\" content=\"article\" \/>\n<meta property=\"og:title\" content=\"Der Mikrotoxo-Test (Mikrobiologie) - Biodynamizer\" \/>\n<meta property=\"og:description\" content=\"Biodynamizer - Der Mikrotoxo-Test (Mikrobiologie) - En savoir plus sur le biodynamizer et le biofiltre\" \/>\n<meta property=\"og:url\" content=\"https:\/\/biodynamizer.com\/de\/wissenschaftliche-analyse\/der-test-mikrotoxo-mikrobiologie-beobachtet-eine-biokompatibilitaet-mikrobiotischer-netze-groesser-als-wasser-dynamisiert\/\" \/>\n<meta property=\"og:site_name\" content=\"Biodynamizer\" \/>\n<meta property=\"article:modified_time\" content=\"2024-04-26T08:29:04+00:00\" \/>\n<meta property=\"og:image\" content=\"https:\/\/biodynamizer.com\/wp-content\/uploads\/2019\/11\/Depositphotos_15742931_xl-2015.jpg\" \/>\n\t<meta property=\"og:image:width\" content=\"2000\" \/>\n\t<meta property=\"og:image:height\" content=\"1333\" \/>\n\t<meta property=\"og:image:type\" content=\"image\/jpeg\" \/>\n<meta name=\"twitter:card\" content=\"summary_large_image\" \/>\n<meta name=\"twitter:label1\" content=\"Gesch\u00e4tzte Lesezeit\" \/>\n\t<meta name=\"twitter:data1\" content=\"2\u00a0Minuten\" \/>\n<script type=\"application\/ld+json\" class=\"yoast-schema-graph\">{\"@context\":\"https:\\\/\\\/schema.org\",\"@graph\":[{\"@type\":\"WebPage\",\"@id\":\"https:\\\/\\\/biodynamizer.com\\\/de\\\/wissenschaftliche-analyse\\\/der-test-mikrotoxo-mikrobiologie-beobachtet-eine-biokompatibilitaet-mikrobiotischer-netze-groesser-als-wasser-dynamisiert\\\/\",\"url\":\"https:\\\/\\\/biodynamizer.com\\\/de\\\/wissenschaftliche-analyse\\\/der-test-mikrotoxo-mikrobiologie-beobachtet-eine-biokompatibilitaet-mikrobiotischer-netze-groesser-als-wasser-dynamisiert\\\/\",\"name\":\"Der Mikrotoxo-Test (Mikrobiologie) - Biodynamizer\",\"isPartOf\":{\"@id\":\"https:\\\/\\\/biodynamizer.com\\\/de\\\/#website\"},\"datePublished\":\"2020-01-27T13:32:58+00:00\",\"dateModified\":\"2024-04-26T08:29:04+00:00\",\"description\":\"Biodynamizer - Der Mikrotoxo-Test (Mikrobiologie) - En savoir plus sur le biodynamizer et le biofiltre\",\"breadcrumb\":{\"@id\":\"https:\\\/\\\/biodynamizer.com\\\/de\\\/wissenschaftliche-analyse\\\/der-test-mikrotoxo-mikrobiologie-beobachtet-eine-biokompatibilitaet-mikrobiotischer-netze-groesser-als-wasser-dynamisiert\\\/#breadcrumb\"},\"inLanguage\":\"de\",\"potentialAction\":[{\"@type\":\"ReadAction\",\"target\":[\"https:\\\/\\\/biodynamizer.com\\\/de\\\/wissenschaftliche-analyse\\\/der-test-mikrotoxo-mikrobiologie-beobachtet-eine-biokompatibilitaet-mikrobiotischer-netze-groesser-als-wasser-dynamisiert\\\/\"]}]},{\"@type\":\"BreadcrumbList\",\"@id\":\"https:\\\/\\\/biodynamizer.com\\\/de\\\/wissenschaftliche-analyse\\\/der-test-mikrotoxo-mikrobiologie-beobachtet-eine-biokompatibilitaet-mikrobiotischer-netze-groesser-als-wasser-dynamisiert\\\/#breadcrumb\",\"itemListElement\":[{\"@type\":\"ListItem\",\"position\":1,\"name\":\"Home\",\"item\":\"https:\\\/\\\/biodynamizer.com\\\/de\\\/\"},{\"@type\":\"ListItem\",\"position\":2,\"name\":\"Analyse\",\"item\":\"https:\\\/\\\/biodynamizer.com\\\/de\\\/wissenschaftliche-analyse\\\/\"},{\"@type\":\"ListItem\",\"position\":3,\"name\":\"Der Mikrotoxo-Test (Mikrobiologie)\"}]},{\"@type\":\"WebSite\",\"@id\":\"https:\\\/\\\/biodynamizer.com\\\/de\\\/#website\",\"url\":\"https:\\\/\\\/biodynamizer.com\\\/de\\\/\",\"name\":\"Biodynamizer\",\"description\":\"Filtrez et dynamisez votre eau\",\"potentialAction\":[{\"@type\":\"SearchAction\",\"target\":{\"@type\":\"EntryPoint\",\"urlTemplate\":\"https:\\\/\\\/biodynamizer.com\\\/de\\\/?s={search_term_string}\"},\"query-input\":{\"@type\":\"PropertyValueSpecification\",\"valueRequired\":true,\"valueName\":\"search_term_string\"}}],\"inLanguage\":\"de\"}]}<\/script>\n<!-- \/ Yoast SEO plugin. -->","yoast_head_json":{"title":"Der Mikrotoxo-Test (Mikrobiologie) - Biodynamizer","description":"Biodynamizer - Der Mikrotoxo-Test (Mikrobiologie) - En savoir plus sur le biodynamizer et le biofiltre","robots":{"index":"index","follow":"follow","max-snippet":"max-snippet:-1","max-image-preview":"max-image-preview:large","max-video-preview":"max-video-preview:-1"},"canonical":"https:\/\/biodynamizer.com\/de\/wissenschaftliche-analyse\/der-test-mikrotoxo-mikrobiologie-beobachtet-eine-biokompatibilitaet-mikrobiotischer-netze-groesser-als-wasser-dynamisiert\/","og_locale":"de_DE","og_type":"article","og_title":"Der Mikrotoxo-Test (Mikrobiologie) - Biodynamizer","og_description":"Biodynamizer - Der Mikrotoxo-Test (Mikrobiologie) - En savoir plus sur le biodynamizer et le biofiltre","og_url":"https:\/\/biodynamizer.com\/de\/wissenschaftliche-analyse\/der-test-mikrotoxo-mikrobiologie-beobachtet-eine-biokompatibilitaet-mikrobiotischer-netze-groesser-als-wasser-dynamisiert\/","og_site_name":"Biodynamizer","article_modified_time":"2024-04-26T08:29:04+00:00","og_image":[{"width":2000,"height":1333,"url":"https:\/\/biodynamizer.com\/wp-content\/uploads\/2019\/11\/Depositphotos_15742931_xl-2015.jpg","type":"image\/jpeg"}],"twitter_card":"summary_large_image","twitter_misc":{"Gesch\u00e4tzte Lesezeit":"2\u00a0Minuten"},"schema":{"@context":"https:\/\/schema.org","@graph":[{"@type":"WebPage","@id":"https:\/\/biodynamizer.com\/de\/wissenschaftliche-analyse\/der-test-mikrotoxo-mikrobiologie-beobachtet-eine-biokompatibilitaet-mikrobiotischer-netze-groesser-als-wasser-dynamisiert\/","url":"https:\/\/biodynamizer.com\/de\/wissenschaftliche-analyse\/der-test-mikrotoxo-mikrobiologie-beobachtet-eine-biokompatibilitaet-mikrobiotischer-netze-groesser-als-wasser-dynamisiert\/","name":"Der Mikrotoxo-Test (Mikrobiologie) - Biodynamizer","isPartOf":{"@id":"https:\/\/biodynamizer.com\/de\/#website"},"datePublished":"2020-01-27T13:32:58+00:00","dateModified":"2024-04-26T08:29:04+00:00","description":"Biodynamizer - Der Mikrotoxo-Test (Mikrobiologie) - En savoir plus sur le biodynamizer et le biofiltre","breadcrumb":{"@id":"https:\/\/biodynamizer.com\/de\/wissenschaftliche-analyse\/der-test-mikrotoxo-mikrobiologie-beobachtet-eine-biokompatibilitaet-mikrobiotischer-netze-groesser-als-wasser-dynamisiert\/#breadcrumb"},"inLanguage":"de","potentialAction":[{"@type":"ReadAction","target":["https:\/\/biodynamizer.com\/de\/wissenschaftliche-analyse\/der-test-mikrotoxo-mikrobiologie-beobachtet-eine-biokompatibilitaet-mikrobiotischer-netze-groesser-als-wasser-dynamisiert\/"]}]},{"@type":"BreadcrumbList","@id":"https:\/\/biodynamizer.com\/de\/wissenschaftliche-analyse\/der-test-mikrotoxo-mikrobiologie-beobachtet-eine-biokompatibilitaet-mikrobiotischer-netze-groesser-als-wasser-dynamisiert\/#breadcrumb","itemListElement":[{"@type":"ListItem","position":1,"name":"Home","item":"https:\/\/biodynamizer.com\/de\/"},{"@type":"ListItem","position":2,"name":"Analyse","item":"https:\/\/biodynamizer.com\/de\/wissenschaftliche-analyse\/"},{"@type":"ListItem","position":3,"name":"Der Mikrotoxo-Test (Mikrobiologie)"}]},{"@type":"WebSite","@id":"https:\/\/biodynamizer.com\/de\/#website","url":"https:\/\/biodynamizer.com\/de\/","name":"Biodynamizer","description":"Filtrez et dynamisez votre eau","potentialAction":[{"@type":"SearchAction","target":{"@type":"EntryPoint","urlTemplate":"https:\/\/biodynamizer.com\/de\/?s={search_term_string}"},"query-input":{"@type":"PropertyValueSpecification","valueRequired":true,"valueName":"search_term_string"}}],"inLanguage":"de"}]}},"_links":{"self":[{"href":"https:\/\/biodynamizer.com\/de\/wp-json\/wp\/v2\/pages\/6173","targetHints":{"allow":["GET"]}}],"collection":[{"href":"https:\/\/biodynamizer.com\/de\/wp-json\/wp\/v2\/pages"}],"about":[{"href":"https:\/\/biodynamizer.com\/de\/wp-json\/wp\/v2\/types\/page"}],"author":[{"embeddable":true,"href":"https:\/\/biodynamizer.com\/de\/wp-json\/wp\/v2\/users\/3"}],"replies":[{"embeddable":true,"href":"https:\/\/biodynamizer.com\/de\/wp-json\/wp\/v2\/comments?post=6173"}],"version-history":[{"count":8,"href":"https:\/\/biodynamizer.com\/de\/wp-json\/wp\/v2\/pages\/6173\/revisions"}],"predecessor-version":[{"id":21925,"href":"https:\/\/biodynamizer.com\/de\/wp-json\/wp\/v2\/pages\/6173\/revisions\/21925"}],"up":[{"embeddable":true,"href":"https:\/\/biodynamizer.com\/de\/wp-json\/wp\/v2\/pages\/5816"}],"wp:attachment":[{"href":"https:\/\/biodynamizer.com\/de\/wp-json\/wp\/v2\/media?parent=6173"}],"curies":[{"name":"wp","href":"https:\/\/api.w.org\/{rel}","templated":true}]}}