{"id":6195,"date":"2020-01-27T13:18:47","date_gmt":"2020-01-27T13:18:47","guid":{"rendered":"https:\/\/biodynamizer.spleen-creation.be\/analyses-scientifiques\/la-camera-gdv-gaz-discharge-visualization\/"},"modified":"2024-04-26T08:22:36","modified_gmt":"2024-04-26T08:22:36","slug":"la-camera-gdv-gas-entladungsvisualisierung","status":"publish","type":"page","link":"https:\/\/biodynamizer.com\/de\/wissenschaftliche-analyse\/la-camera-gdv-gas-entladungsvisualisierung\/","title":{"rendered":"Die GDV-Kamera (Gasentladungs-Visualisierung)"},"content":{"rendered":"<section class=\"l-section wpb_row us_custom_916fdabd height_small\"><div class=\"l-section-h i-cf\"><div class=\"g-cols vc_row via_flex valign_top type_default stacking_default\"><div class=\"vc_col-sm-12 wpb_column vc_column_container\"><div class=\"vc_column-inner\"><div class=\"wpb_wrapper\"><nav class=\"g-breadcrumbs separator_custom align_none\" itemscope itemtype=\"http:\/\/schema.org\/BreadcrumbList\"><div class=\"g-breadcrumbs-item\" itemscope itemprop=\"itemListElement\" itemtype=\"http:\/\/schema.org\/ListItem\"><a itemprop=\"item\" href=\"https:\/\/biodynamizer.com\/de\/\"><span itemprop=\"name\">Start<\/span><\/a><meta itemprop=\"position\" content=\"1\"\/><\/div><div class=\"g-breadcrumbs-separator\">\/<\/div><div class=\"g-breadcrumbs-item\">Seiten<\/div><\/nav><\/div><\/div><\/div><\/div><\/div><\/section><section class=\"l-section wpb_row fullheader height_huge with_img\"><div class=\"l-section-img\" role=\"img\" aria-label=\"Bild\" data-img-width=\"1519\" data-img-height=\"313\" style=\"background-image: url(https:\/\/biodynamizer.com\/wp-content\/uploads\/2020\/03\/New-Project-62.jpg);background-repeat: no-repeat;\"><\/div><div class=\"l-section-h i-cf\"><div class=\"g-cols vc_row via_flex valign_top type_default stacking_default\"><div class=\"vc_col-sm-12 wpb_column vc_column_container has_text_color\"><div class=\"vc_column-inner us_custom_6df4bc3a\"><div class=\"wpb_wrapper\"><div class=\"wpb_text_column\"><div class=\"wpb_wrapper\"><h3><em><b>Die GDV-<\/b><b>Kamera<\/b> (Gasentladungs-Visualisierung)<\/em><\/h3>\n<\/div><\/div><\/div><\/div><\/div><\/div><\/div><\/section><section class=\"l-section wpb_row max500 height_large\"><div class=\"l-section-h i-cf\"><div class=\"g-cols vc_row via_flex valign_top type_default stacking_default\"><div class=\"vc_col-sm-12 wpb_column vc_column_container\"><div class=\"vc_column-inner\"><div class=\"wpb_wrapper\"><div class=\"wpb_text_column\"><div class=\"wpb_wrapper\"><p><em><strong>Forscher: Konstantin Korotkov (russischer Physiker und Erfinder, Lehrstuhl an der Universit\u00e4t St. Petersburg)<\/strong><\/em><\/p>\n<p>GDV-Analyse, die von einem belgischen und einem franz\u00f6sischen Arzt im Auftrag der SA Dynamized Technologies am 09.09.2014 mit der Kamera proV2 in einem Faradayschen K\u00e4fig auf der Grundlage eines Ger\u00e4ts durchgef\u00fchrt wurde, das die Prinzipien der Dynamisierung \u00e4hnlich dem Biodynamizer\u00ae anwendet.<\/p>\n<p>Verfahren: Die GDV-Kamera erfasst die photonischen Emissionen (im sichtbaren Lichtspektrum) eines K\u00f6rpers, nachdem dieser einem elektrischen Feld ausgesetzt wurde, das wiederum ein elektromagnetisches Feld erzeugt; Prinzip des Koronaeffekts \/ Kirlian-Fotografie; die Kamera visualisiert die energiereiche Strahlung des K\u00f6rpers; sie nimmt die Photonen teilweise wahr (besser sichtbar im UV-Spektrum der <strong><a href=\"https:\/\/biodynamizer.com\/de\/wissenschaftliche-analyse\/la-kamera-elektrophotonische-coramp-loesungen\/\">elektrophotonischen Kamera<\/a><\/strong>), aber das System verf\u00fcgt \u00fcber eine gro\u00dfe Datenbank zur Interpretation.<\/p>\n<\/div><\/div><\/div><\/div><\/div><\/div><\/div><\/section><section class=\"l-section wpb_row height_large\"><div class=\"l-section-overlay\" style=\"background:rgba(172,172,172,0.2)\"><\/div><div class=\"l-section-h i-cf\"><div class=\"g-cols vc_row via_flex valign_top type_default stacking_default\"><div class=\"vc_col-sm-12 wpb_column vc_column_container\"><div class=\"vc_column-inner\"><div class=\"wpb_wrapper\"><div class=\"wpb_text_column\"><div class=\"wpb_wrapper\"><h2>Die GDV-Kamera zeigt oft einen deutlichen Anstieg der K\u00f6rperenergie nach dem Trinken von dynamisiertem Wasser:<\/h2>\n<\/div><\/div><div class=\"w-image align_center\"><div class=\"w-image-h\"><img decoding=\"async\" width=\"1024\" height=\"689\" src=\"https:\/\/biodynamizer.com\/wp-content\/uploads\/2022\/10\/Korperenergie-Korotkov-Kamera-Biodynamizer-DE-1024x689.png\" class=\"attachment-large size-large\" alt=\"K\u00f6rperenergie - Korotkov Kamera - Biodynamizer\" loading=\"lazy\" srcset=\"https:\/\/biodynamizer.com\/wp-content\/uploads\/2022\/10\/Korperenergie-Korotkov-Kamera-Biodynamizer-DE-1024x689.png 1024w, https:\/\/biodynamizer.com\/wp-content\/uploads\/2022\/10\/Korperenergie-Korotkov-Kamera-Biodynamizer-DE-300x202.png 300w\" sizes=\"auto, (max-width: 1024px) 100vw, 1024px\" \/><\/div><\/div><div class=\"w-separator size_medium\"><\/div><div class=\"wpb_text_column\"><div class=\"wpb_wrapper\"><p>Wir k\u00f6nnen auf den Bildern sehen, dass nach dem Trinken von dynamisiertem Wasser das Energiefeld (das als energetische Vitalit\u00e4t interpretiert werden kann) der Person sehr stark zunimmt, d.h. um +\/- 50%! Und dies geschieht unmittelbar nach dem Trinken!<\/p>\n<\/div><\/div><\/div><\/div><\/div><\/div><\/div><\/section>\n","protected":false},"excerpt":{"rendered":"Start\/SeitenDie GDV-Kamera (Gasentladungs-Visualisierung) Forscher: Konstantin Korotkov (russischer Physiker und Erfinder, Lehrstuhl an der Universit\u00e4t St. Petersburg) GDV-Analyse, die von einem belgischen und einem franz\u00f6sischen Arzt im Auftrag der SA Dynamized Technologies am 09.09.2014 mit der Kamera proV2 in einem Faradayschen K\u00e4fig auf der Grundlage eines Ger\u00e4ts durchgef\u00fchrt wurde, das die Prinzipien der Dynamisierung \u00e4hnlich dem...","protected":false},"author":3,"featured_media":0,"parent":5816,"menu_order":5,"comment_status":"closed","ping_status":"closed","template":"","meta":{"_monsterinsights_skip_tracking":false,"_monsterinsights_sitenote_active":false,"_monsterinsights_sitenote_note":"","_monsterinsights_sitenote_category":0,"footnotes":""},"class_list":["post-6195","page","type-page","status-publish","hentry"],"yoast_head":"<!-- This site is optimized with the Yoast SEO plugin v27.4 - https:\/\/yoast.com\/product\/yoast-seo-wordpress\/ -->\n<title>Die GDV-Kamera (Gasentladungs-Visualisierung) - Biodynamizer<\/title>\n<meta name=\"description\" content=\"Biodynamizer - Die GDV-Kamera (Gasentladungs-Visualisierung) - En savoir plus sur le biodynamizer et le biofiltre\" \/>\n<meta name=\"robots\" content=\"index, follow, max-snippet:-1, max-image-preview:large, max-video-preview:-1\" \/>\n<link rel=\"canonical\" href=\"https:\/\/biodynamizer.com\/de\/wissenschaftliche-analyse\/la-camera-gdv-gas-entladungsvisualisierung\/\" \/>\n<meta property=\"og:locale\" content=\"de_DE\" \/>\n<meta property=\"og:type\" content=\"article\" \/>\n<meta property=\"og:title\" content=\"Die GDV-Kamera (Gasentladungs-Visualisierung) - Biodynamizer\" \/>\n<meta property=\"og:description\" content=\"Biodynamizer - Die GDV-Kamera (Gasentladungs-Visualisierung) - En savoir plus sur le biodynamizer et le biofiltre\" \/>\n<meta property=\"og:url\" content=\"https:\/\/biodynamizer.com\/de\/wissenschaftliche-analyse\/la-camera-gdv-gas-entladungsvisualisierung\/\" \/>\n<meta property=\"og:site_name\" content=\"Biodynamizer\" \/>\n<meta property=\"article:modified_time\" content=\"2024-04-26T08:22:36+00:00\" \/>\n<meta property=\"og:image\" content=\"https:\/\/biodynamizer.com\/wp-content\/uploads\/2019\/11\/Depositphotos_15742931_xl-2015.jpg\" \/>\n\t<meta property=\"og:image:width\" content=\"2000\" \/>\n\t<meta property=\"og:image:height\" content=\"1333\" \/>\n\t<meta property=\"og:image:type\" content=\"image\/jpeg\" \/>\n<meta name=\"twitter:card\" content=\"summary_large_image\" \/>\n<meta name=\"twitter:label1\" content=\"Gesch\u00e4tzte Lesezeit\" \/>\n\t<meta name=\"twitter:data1\" content=\"1\u00a0Minute\" \/>\n<script type=\"application\/ld+json\" class=\"yoast-schema-graph\">{\"@context\":\"https:\\\/\\\/schema.org\",\"@graph\":[{\"@type\":\"WebPage\",\"@id\":\"https:\\\/\\\/biodynamizer.com\\\/de\\\/wissenschaftliche-analyse\\\/la-camera-gdv-gas-entladungsvisualisierung\\\/\",\"url\":\"https:\\\/\\\/biodynamizer.com\\\/de\\\/wissenschaftliche-analyse\\\/la-camera-gdv-gas-entladungsvisualisierung\\\/\",\"name\":\"Die GDV-Kamera (Gasentladungs-Visualisierung) - Biodynamizer\",\"isPartOf\":{\"@id\":\"https:\\\/\\\/biodynamizer.com\\\/de\\\/#website\"},\"datePublished\":\"2020-01-27T13:18:47+00:00\",\"dateModified\":\"2024-04-26T08:22:36+00:00\",\"description\":\"Biodynamizer - Die GDV-Kamera (Gasentladungs-Visualisierung) - En savoir plus sur le biodynamizer et le biofiltre\",\"breadcrumb\":{\"@id\":\"https:\\\/\\\/biodynamizer.com\\\/de\\\/wissenschaftliche-analyse\\\/la-camera-gdv-gas-entladungsvisualisierung\\\/#breadcrumb\"},\"inLanguage\":\"de\",\"potentialAction\":[{\"@type\":\"ReadAction\",\"target\":[\"https:\\\/\\\/biodynamizer.com\\\/de\\\/wissenschaftliche-analyse\\\/la-camera-gdv-gas-entladungsvisualisierung\\\/\"]}]},{\"@type\":\"BreadcrumbList\",\"@id\":\"https:\\\/\\\/biodynamizer.com\\\/de\\\/wissenschaftliche-analyse\\\/la-camera-gdv-gas-entladungsvisualisierung\\\/#breadcrumb\",\"itemListElement\":[{\"@type\":\"ListItem\",\"position\":1,\"name\":\"Home\",\"item\":\"https:\\\/\\\/biodynamizer.com\\\/de\\\/\"},{\"@type\":\"ListItem\",\"position\":2,\"name\":\"Analyse\",\"item\":\"https:\\\/\\\/biodynamizer.com\\\/de\\\/wissenschaftliche-analyse\\\/\"},{\"@type\":\"ListItem\",\"position\":3,\"name\":\"Die GDV-Kamera (Gasentladungs-Visualisierung)\"}]},{\"@type\":\"WebSite\",\"@id\":\"https:\\\/\\\/biodynamizer.com\\\/de\\\/#website\",\"url\":\"https:\\\/\\\/biodynamizer.com\\\/de\\\/\",\"name\":\"Biodynamizer\",\"description\":\"Filtrez et dynamisez votre eau\",\"potentialAction\":[{\"@type\":\"SearchAction\",\"target\":{\"@type\":\"EntryPoint\",\"urlTemplate\":\"https:\\\/\\\/biodynamizer.com\\\/de\\\/?s={search_term_string}\"},\"query-input\":{\"@type\":\"PropertyValueSpecification\",\"valueRequired\":true,\"valueName\":\"search_term_string\"}}],\"inLanguage\":\"de\"}]}<\/script>\n<!-- \/ Yoast SEO plugin. -->","yoast_head_json":{"title":"Die GDV-Kamera (Gasentladungs-Visualisierung) - Biodynamizer","description":"Biodynamizer - Die GDV-Kamera (Gasentladungs-Visualisierung) - En savoir plus sur le biodynamizer et le biofiltre","robots":{"index":"index","follow":"follow","max-snippet":"max-snippet:-1","max-image-preview":"max-image-preview:large","max-video-preview":"max-video-preview:-1"},"canonical":"https:\/\/biodynamizer.com\/de\/wissenschaftliche-analyse\/la-camera-gdv-gas-entladungsvisualisierung\/","og_locale":"de_DE","og_type":"article","og_title":"Die GDV-Kamera (Gasentladungs-Visualisierung) - Biodynamizer","og_description":"Biodynamizer - Die GDV-Kamera (Gasentladungs-Visualisierung) - En savoir plus sur le biodynamizer et le biofiltre","og_url":"https:\/\/biodynamizer.com\/de\/wissenschaftliche-analyse\/la-camera-gdv-gas-entladungsvisualisierung\/","og_site_name":"Biodynamizer","article_modified_time":"2024-04-26T08:22:36+00:00","og_image":[{"width":2000,"height":1333,"url":"https:\/\/biodynamizer.com\/wp-content\/uploads\/2019\/11\/Depositphotos_15742931_xl-2015.jpg","type":"image\/jpeg"}],"twitter_card":"summary_large_image","twitter_misc":{"Gesch\u00e4tzte Lesezeit":"1\u00a0Minute"},"schema":{"@context":"https:\/\/schema.org","@graph":[{"@type":"WebPage","@id":"https:\/\/biodynamizer.com\/de\/wissenschaftliche-analyse\/la-camera-gdv-gas-entladungsvisualisierung\/","url":"https:\/\/biodynamizer.com\/de\/wissenschaftliche-analyse\/la-camera-gdv-gas-entladungsvisualisierung\/","name":"Die GDV-Kamera (Gasentladungs-Visualisierung) - Biodynamizer","isPartOf":{"@id":"https:\/\/biodynamizer.com\/de\/#website"},"datePublished":"2020-01-27T13:18:47+00:00","dateModified":"2024-04-26T08:22:36+00:00","description":"Biodynamizer - Die GDV-Kamera (Gasentladungs-Visualisierung) - En savoir plus sur le biodynamizer et le biofiltre","breadcrumb":{"@id":"https:\/\/biodynamizer.com\/de\/wissenschaftliche-analyse\/la-camera-gdv-gas-entladungsvisualisierung\/#breadcrumb"},"inLanguage":"de","potentialAction":[{"@type":"ReadAction","target":["https:\/\/biodynamizer.com\/de\/wissenschaftliche-analyse\/la-camera-gdv-gas-entladungsvisualisierung\/"]}]},{"@type":"BreadcrumbList","@id":"https:\/\/biodynamizer.com\/de\/wissenschaftliche-analyse\/la-camera-gdv-gas-entladungsvisualisierung\/#breadcrumb","itemListElement":[{"@type":"ListItem","position":1,"name":"Home","item":"https:\/\/biodynamizer.com\/de\/"},{"@type":"ListItem","position":2,"name":"Analyse","item":"https:\/\/biodynamizer.com\/de\/wissenschaftliche-analyse\/"},{"@type":"ListItem","position":3,"name":"Die GDV-Kamera (Gasentladungs-Visualisierung)"}]},{"@type":"WebSite","@id":"https:\/\/biodynamizer.com\/de\/#website","url":"https:\/\/biodynamizer.com\/de\/","name":"Biodynamizer","description":"Filtrez et dynamisez votre eau","potentialAction":[{"@type":"SearchAction","target":{"@type":"EntryPoint","urlTemplate":"https:\/\/biodynamizer.com\/de\/?s={search_term_string}"},"query-input":{"@type":"PropertyValueSpecification","valueRequired":true,"valueName":"search_term_string"}}],"inLanguage":"de"}]}},"_links":{"self":[{"href":"https:\/\/biodynamizer.com\/de\/wp-json\/wp\/v2\/pages\/6195","targetHints":{"allow":["GET"]}}],"collection":[{"href":"https:\/\/biodynamizer.com\/de\/wp-json\/wp\/v2\/pages"}],"about":[{"href":"https:\/\/biodynamizer.com\/de\/wp-json\/wp\/v2\/types\/page"}],"author":[{"embeddable":true,"href":"https:\/\/biodynamizer.com\/de\/wp-json\/wp\/v2\/users\/3"}],"replies":[{"embeddable":true,"href":"https:\/\/biodynamizer.com\/de\/wp-json\/wp\/v2\/comments?post=6195"}],"version-history":[{"count":8,"href":"https:\/\/biodynamizer.com\/de\/wp-json\/wp\/v2\/pages\/6195\/revisions"}],"predecessor-version":[{"id":21911,"href":"https:\/\/biodynamizer.com\/de\/wp-json\/wp\/v2\/pages\/6195\/revisions\/21911"}],"up":[{"embeddable":true,"href":"https:\/\/biodynamizer.com\/de\/wp-json\/wp\/v2\/pages\/5816"}],"wp:attachment":[{"href":"https:\/\/biodynamizer.com\/de\/wp-json\/wp\/v2\/media?parent=6195"}],"curies":[{"name":"wp","href":"https:\/\/api.w.org\/{rel}","templated":true}]}}