{"id":6215,"date":"2020-01-27T12:43:56","date_gmt":"2020-01-27T12:43:56","guid":{"rendered":"https:\/\/biodynamizer.spleen-creation.be\/analyses-scientifiques\/la-camera-electrophotonique-de-coramp-solutions\/"},"modified":"2026-01-21T13:09:11","modified_gmt":"2026-01-21T13:09:11","slug":"la-kamera-elektrophotonische-coramp-loesungen","status":"publish","type":"page","link":"https:\/\/biodynamizer.com\/de\/wissenschaftliche-analyse\/la-kamera-elektrophotonische-coramp-loesungen\/","title":{"rendered":"Elektrophotonische Analyse"},"content":{"rendered":"<section class=\"l-section wpb_row us_custom_916fdabd height_small\"><div class=\"l-section-h i-cf\"><div class=\"g-cols vc_row via_flex valign_top type_default stacking_default\"><div class=\"vc_col-sm-12 wpb_column vc_column_container\"><div class=\"vc_column-inner\"><div class=\"wpb_wrapper\"><nav class=\"g-breadcrumbs separator_custom align_none\" itemscope itemtype=\"http:\/\/schema.org\/BreadcrumbList\"><div class=\"g-breadcrumbs-item\" itemscope itemprop=\"itemListElement\" itemtype=\"http:\/\/schema.org\/ListItem\"><a itemprop=\"item\" href=\"https:\/\/biodynamizer.com\/de\/\"><span itemprop=\"name\">Start<\/span><\/a><meta itemprop=\"position\" content=\"1\"\/><\/div><div class=\"g-breadcrumbs-separator\">\/<\/div><div class=\"g-breadcrumbs-item\">Seiten<\/div><\/nav><\/div><\/div><\/div><\/div><\/div><\/section><section class=\"l-section wpb_row fullheader height_huge with_img\"><div class=\"l-section-img\" role=\"img\" aria-label=\"Bild\" data-img-width=\"1519\" data-img-height=\"313\" style=\"background-image: url(https:\/\/biodynamizer.com\/wp-content\/uploads\/2020\/03\/New-Project-56.jpg);background-repeat: no-repeat;\"><\/div><div class=\"l-section-h i-cf\"><div class=\"g-cols vc_row via_flex valign_top type_default stacking_default\"><div class=\"vc_col-sm-12 wpb_column vc_column_container has_text_color\"><div class=\"vc_column-inner us_custom_6df4bc3a\"><div class=\"wpb_wrapper\"><div class=\"wpb_text_column\"><div class=\"wpb_wrapper\"><h3><b>Die elektrophotonische Kamera<\/b><\/h3>\n<\/div><\/div><\/div><\/div><\/div><\/div><\/div><\/section><section class=\"l-section wpb_row height_large\" id=\"tensionsuperficielle\"><div class=\"l-section-h i-cf\"><div class=\"g-cols vc_row via_flex valign_top type_default stacking_default\"><div class=\"vc_col-sm-12 wpb_column vc_column_container\"><div class=\"vc_column-inner\"><div class=\"wpb_wrapper\"><div class=\"wpb_text_column\"><div class=\"wpb_wrapper\"><h2>Die elektrophotonische Kamera stellt eine Zunahme der Amplitude der Lichtstrahlung und eine Abnahme der Oberfl\u00e4chenspannung im Dynamisiertem Wasser fest<\/h2>\n<\/div><\/div><div class=\"w-image align_center\"><div class=\"w-image-h\"><img decoding=\"async\" width=\"2560\" height=\"1046\" src=\"https:\/\/biodynamizer.com\/wp-content\/uploads\/2025\/09\/Elektrofotonik-DE-scaled.png\" class=\"attachment-full size-full\" alt=\"Electrophtonique\" loading=\"lazy\" srcset=\"https:\/\/biodynamizer.com\/wp-content\/uploads\/2025\/09\/Elektrofotonik-DE-scaled.png 2560w, https:\/\/biodynamizer.com\/wp-content\/uploads\/2025\/09\/Elektrofotonik-DE-300x123.png 300w, https:\/\/biodynamizer.com\/wp-content\/uploads\/2025\/09\/Elektrofotonik-DE-1024x418.png 1024w, https:\/\/biodynamizer.com\/wp-content\/uploads\/2025\/09\/Elektrofotonik-DE-600x245.png 600w, https:\/\/biodynamizer.com\/wp-content\/uploads\/2025\/09\/Elektrofotonik-DE-640x261.png 640w\" sizes=\"auto, (max-width: 2560px) 100vw, 2560px\" \/><\/div><\/div><div class=\"w-separator size_medium\"><\/div><div class=\"wpb_text_column\"><div class=\"wpb_wrapper\"><p>Die Lumineszenzen von dynamisiertem Wasser um die Krone herum sind l\u00e4nger und intensiver <strong>(Die Amplitude der Lichtstrahlung ist gr\u00f6\u00dfer und das Wasser strahlt mehr Licht ab, siehe Tabelle unten)<\/strong> und sind zahlreicher und regelm\u00e4\u00dfiger als die von Leitungswasser. <strong>Das bedeutet, dass sie mehr Energie in Form von Photonen &#8211; Elektronen enthalten.<\/strong> Dies steht im Einklang mit den Erkenntnissen aus das <a href=\"https:\/\/biodynamizer.com\/de\/wissenschaftliche-analyse\/lanalyse-biophotonique\/\"><strong>Biophotonische analyse<\/strong><\/a> und das <strong><a href=\"https:\/\/biodynamizer.com\/de\/wissenschaftliche-analyse\/analyse-bev-bio-elektronik-von-vinzen-beobachtet-ein-dynamisiertes-wasser-antioxidantien-charakter-analysee\/\">Bioelektronische analyse<\/a> <\/strong>und insbesondere mit Vincents W-Faktor, der die h\u00f6here Energier\u00fcckhaltung in dynamisiertem Wasser best\u00e4tigt.<\/p>\n<p>Die Form des biodynamisierten Wassertropfens ist st\u00e4rker gespreizt\/gestreckt (der Wassertropfen breitet sich auf der Elektrode aus), weil seine <a href=\"https:\/\/biodynamizer.com\/de\/die-vorteile\/wasser-feuchtigkeitsspender\/\"><span style=\"text-decoration: underline;\"><strong>Oberfl\u00e4chenspannung niedriger ist =&gt; es ist wahrscheinlich, dass dies eine bessere Zellhydratation <\/strong><\/span><\/a><strong><a href=\"https:\/\/biodynamizer.com\/de\/die-vorteile\/wasser-feuchtigkeitsspender\/\">erm\u00f6glicht<\/a><\/strong>, weil er &#8222;nasser&#8220; ist, das dynamisierte Wasser dringt besser in das Gewebe ein.<\/p>\n<\/div><\/div><\/div><\/div><\/div><\/div><\/div><\/section><section class=\"l-section wpb_row height_large\"><div class=\"l-section-overlay\" style=\"background:#ffffff\"><\/div><div class=\"l-section-h i-cf\"><div class=\"g-cols vc_row via_flex valign_top type_default stacking_default\"><div class=\"vc_col-sm-12 wpb_column vc_column_container\"><div class=\"vc_column-inner\"><div class=\"wpb_wrapper\"><div class=\"wpb_text_column\"><div class=\"wpb_wrapper\"><h2>Photonische Br\u00fccken: Die Energie des dynamisierten Wassers scheint st\u00e4rker auf die Energie des K\u00f6rpers \u00fcbertragen zu werden<\/h2>\n<\/div><\/div><div class=\"w-image align_center\"><div class=\"w-image-h\"><img decoding=\"async\" width=\"1024\" height=\"452\" src=\"https:\/\/biodynamizer.com\/wp-content\/uploads\/2022\/10\/Elektrophotonische-Brucke-Biodynamizer-DE-1024x452.png\" class=\"attachment-large size-large\" alt=\"Elektrophotonische Br\u00fccke - Biodynamizer\" loading=\"lazy\" srcset=\"https:\/\/biodynamizer.com\/wp-content\/uploads\/2022\/10\/Elektrophotonische-Brucke-Biodynamizer-DE-1024x452.png 1024w, https:\/\/biodynamizer.com\/wp-content\/uploads\/2022\/10\/Elektrophotonische-Brucke-Biodynamizer-DE-300x132.png 300w\" sizes=\"auto, (max-width: 1024px) 100vw, 1024px\" \/><\/div><\/div><div class=\"w-separator size_medium\"><\/div><div class=\"wpb_text_column\"><div class=\"wpb_wrapper\"><p>Photonische Br\u00fccken erlauben es, den Grad der energetischen &#8222;Biokompatibilit\u00e4t&#8220; zwischen der Energie des dynamisierten Wassers und der Energie des menschlichen K\u00f6rpers (seine Affinit\u00e4t oder Resonanz) zu messen.<\/p>\n<p>Verfahren: Spezielle Quarzelektrode mit Leitungswasser &amp; Dynamisiertem Leitungswasser nacheinander + Anwendung der 10 Finger des menschlichen K\u00f6rpers. Beobachtung der photonischen Br\u00fccken (Ionenwinde = Energie\u00fcbertragungen) zwischen dem Wasser und den Fingern, die sich bei 3 mm befinden.<\/p>\n<p>Beobachtung: dynamisiertes Wasser hat eine viel gr\u00f6\u00dfere energetische Vertr\u00e4glichkeit, sichtbar an der systematischen Manifestation der photonischen Br\u00fccken und ihrer sehr gro\u00dfen Amplitude, die sogar weit \u00fcber die Peripherie der Finger hinausgeht! Die Beobachtung wird 20 Mal an 2 x 10 Fingern durchgef\u00fchrt. Bezogen auf die Gesamtenergie (im Sinne von Elektronen-Photonen) ist die Affinit\u00e4t zwischen Dynamisiertem Wasser und den Fingern &#8222;sehr viel h\u00f6her&#8220;! Dies ist das 1. Mal, dass dies in den 10 Jahren des Bestehens der elektrophotonischen Kamera beobachtet wurde.<\/p>\n<\/div><\/div><div class=\"wpb_text_column\"><div class=\"wpb_wrapper\"><p>Die im dynamisierten Wasser vorhandene Energie scheint \u00fcbertragen zu werden auf die Energie des K\u00f6rpers \u00fcbertragen! Dies wird im obigen Foto durch die &#8222;Br\u00fccken&#8220; des photonischen Lichts zwischen dem Wassergef\u00e4\u00df und dem Finger veranschaulicht, die in 100% der F\u00e4lle und in einer sehr deutlich \u00fcberlegenen und synthetischen Art und Weise f\u00fcr Biodynamisiertes Wasser &gt;&lt; Leitungswasser auftreten. Dies verdeutlicht die Energievertr\u00e4glichkeit von biodynamisch erzeugtem Wasser. Wir brauchen diese Energie f\u00fcr unsere zellul\u00e4re Funktion, siehe dazu die Bedeutung der <strong><a href=\"https:\/\/biodynamizer.com\/de\/wasser\/\">Membranspannung<\/a><\/strong>!<\/p>\n<\/div><\/div><\/div><\/div><\/div><\/div><\/div><\/section><section class=\"l-section wpb_row height_large\"><div class=\"l-section-overlay\" style=\"background:rgba(172,172,172,0.2)\"><\/div><div class=\"l-section-h i-cf\"><div class=\"g-cols vc_row via_flex valign_top type_default stacking_default\"><div class=\"vc_col-sm-12 wpb_column vc_column_container\"><div class=\"vc_column-inner\"><div class=\"wpb_wrapper\"><div class=\"wpb_text_column\"><div class=\"wpb_wrapper\"><h2>Die elektrophotonische Kamera beobachtet mehr eine viel breitere Energiestrahlung im Wasser dynamisiertes Wasser<\/h2>\n<\/div><\/div><div class=\"w-image align_center\"><div class=\"w-image-h\"><img decoding=\"async\" width=\"1024\" height=\"532\" src=\"https:\/\/biodynamizer.com\/wp-content\/uploads\/2022\/10\/Elektrophotonische-Amplituden-FFT-Biodynamizer-DE-1024x532.png\" class=\"attachment-large size-large\" alt=\"Elektrophotonische Amplituden-FFT - Biodynamizer\" loading=\"lazy\" srcset=\"https:\/\/biodynamizer.com\/wp-content\/uploads\/2022\/10\/Elektrophotonische-Amplituden-FFT-Biodynamizer-DE-1024x532.png 1024w, https:\/\/biodynamizer.com\/wp-content\/uploads\/2022\/10\/Elektrophotonische-Amplituden-FFT-Biodynamizer-DE-300x156.png 300w\" sizes=\"auto, (max-width: 1024px) 100vw, 1024px\" \/><\/div><\/div><div class=\"w-separator size_medium\"><\/div><div class=\"wpb_text_column\"><div class=\"wpb_wrapper\"><p>FFT-Frequenzbilder (Fast Fourier Transform im ICA-Format): Die Strahlung des sichtbaren Lichtspektrums (gelbe &amp; violette Farbe) ist in dynamisiertem Wasser &gt;&lt; Leitungswasser deutlich gr\u00f6\u00dfer und ausgedehnter, was auf eine gr\u00f6\u00dfere r\u00e4umliche Verteilung der Energie und damit auf eine gr\u00f6\u00dfere Abstrahlung dieser Energie hinweist. Dynamisiertes Wasser enth\u00e4lt mehr Photonen, die weiter strahlen (Hot Spot Pixel 14% h\u00f6her). Das sieht man auch bei Bildern im Tiff-Format!<\/p>\n<\/div><\/div><\/div><\/div><\/div><\/div><\/div><\/section><section class=\"l-section wpb_row height_large\"><div class=\"l-section-h i-cf\"><div class=\"g-cols vc_row via_flex valign_top type_default stacking_default\"><div class=\"vc_col-sm-12 wpb_column vc_column_container\"><div class=\"vc_column-inner\"><div class=\"wpb_wrapper\"><div class=\"wpb_text_column\"><div class=\"wpb_wrapper\"><h2>Die elektrophotonische Kamera beobachtet mehr eine gr\u00f6\u00dfere strukturelle &amp; vibrierende Harmonie im dynamisierten Wasser.<\/h2>\n<\/div><\/div><div class=\"w-image align_center\"><div class=\"w-image-h\"><img decoding=\"async\" width=\"1024\" height=\"606\" src=\"https:\/\/biodynamizer.com\/wp-content\/uploads\/2022\/10\/Photonische-Struktur-FFT-Biodynamizer-DE-1024x606.png\" class=\"attachment-large size-large\" alt=\"Photonische Struktur FFT - Biodynamizer\" loading=\"lazy\" srcset=\"https:\/\/biodynamizer.com\/wp-content\/uploads\/2022\/10\/Photonische-Struktur-FFT-Biodynamizer-DE-1024x606.png 1024w, https:\/\/biodynamizer.com\/wp-content\/uploads\/2022\/10\/Photonische-Struktur-FFT-Biodynamizer-DE-300x178.png 300w\" sizes=\"auto, (max-width: 1024px) 100vw, 1024px\" \/><\/div><\/div><div class=\"w-separator size_medium\"><\/div><div class=\"wpb_text_column\"><div class=\"wpb_wrapper\"><p>Die FFT-Frequenzbildgebung (Fast Fourier Transform) zeigt auch die intime geometrische Struktur des Wassers. Die Struktur von dynamisiertem Wasser ist symmetrischer, regelm\u00e4ssiger, koh\u00e4renter und harmonischer und hat in der Mitte oft eine sechseckige Form &gt;&lt; Leitungswasser. Diese geometrischen Formen, die durch die Energiefrequenz im Wasser gedruckt werden, enth\u00fcllen seine molekulare Struktur, die das &#8222;Lesegitter&#8220; der Energieinformation darstellt, die es durchl\u00e4uft. Wasser ist ein Magnetband, das diese Energie einf\u00e4ngt und \u00fcbertr\u00e4gt. Wir gehen davon aus, dass das Potential des Wassers zur \u00dcbertragung dieser Energie umso gr\u00f6\u00dfer ist, je harmonischer und koh\u00e4renter die geometrische Struktur des Wassers ist! &#8222;<strong>Energie kodiert, Wasser enkodiert, der Mensch dekodiert<\/strong><span>.<\/span>&#8222;; Siehe auch die \u00c4hnlichkeiten mit <strong><a href=\"https:\/\/biodynamizer.com\/de\/wissenschaftliche-analyse\/die-kristalle-des-wassers\/\">Wasserkristallen<\/a>,<\/strong> insbesondere die hexagonalen Formen!<\/p>\n<\/div><\/div><\/div><\/div><\/div><\/div><\/div><\/section><section class=\"l-section wpb_row max500 height_large\"><div class=\"l-section-h i-cf\"><div class=\"g-cols vc_row via_flex valign_top type_default stacking_default\"><div class=\"vc_col-sm-12 wpb_column vc_column_container\"><div class=\"vc_column-inner\"><div class=\"wpb_wrapper\"><div class=\"wpb_text_column\"><div class=\"wpb_wrapper\"><p><strong>Labor<\/strong>: Coramp-Labor mit wissenschaftlicher Bildverarbeitungssoftware, die von Raymond Herren, Elektronikingenieur am CNRS (Nationales Zentrum f\u00fcr wissenschaftliche Forschung, Frankreich), entwickelt wurde, um die durch den Koronaeffekt erhaltenen elektrophotonischen Bilder zu interpretieren; Diese Forschungs- und Entwicklungsarbeit wurde von der Regionalen Delegation f\u00fcr Forschung und Technologie Midi-Pyr\u00e9n\u00e9es, Frankreich (Ministerium f\u00fcr Hochschulbildung und Forschung) nach Validierung mit akademischen Experten im Bereich Biophotonik zertifiziert; Analyse durchgef\u00fchrt im Auftrag von SA Dynamized Technologies am 07.09.2019.<\/p>\n<p><b>Verfahren: <\/b>Die elektrophotonische Kamera misst die photonischen Entladungen von Wasser, das einem elektrischen Feld ausgesetzt ist (Signal 110 Hz = nahe der von Lebewesen gepulsten Frequenz!), das wiederum ein elektromagnetisches Feld erzeugt. Diese Pulse reflektieren die vom Wasser absorbierte und \u00fcbertragene Energie nach dem Prinzip des Koronaeffektes (Kirlian-Foto). Die Kamera nimmt im ultravioletten Lichtspektrum auf und nimmt praktisch alle Photonen in der Luft um die Wasserprobe herum wahr (die Informationen der Lebewesen gehen durch das UV-Spektrum)! F\u00fcr diese Analyse wurden 12 F\u00e4nge von 3 verschiedenen Gew\u00e4ssern (einmal dynamisiert und einmal nicht dynamisiert) aus jeder Fl\u00fcssigkeit entnommen, d.h. insgesamt 72 F\u00e4nge, was eine statistische Zuverl\u00e4ssigkeit erm\u00f6glicht. Die Fotos wurden in den Formaten Tiff (digitale Bildgebung) und FFT (wissenschaftliche Bildgebung) aufgenommen<b>.<\/b>).<\/p>\n<p><strong>Wissenschaftliche Validierung der Elektrophotonischen Analyse (EPA):<\/strong> Am 14. Oktober 2025 wurde die AEP-Methode durch eine peer-reviewte Ver\u00f6ffentlichung in der Fachzeitschrift Substantia der Universit\u00e4t Florenz wissenschaftlich validiert. Darin enthalten war der Artikel \u201eElektrophotonische Analyse (EPA) von Leitungswassertropfen im Vergleich zu hydroalkoholischen L\u00f6sungen\u201c von Marc Henry (\u2020), Pierre Dorfman, Michel Van Wassenhoven und Martine Goyens. Diese Ver\u00f6ffentlichung belegt die Reproduzierbarkeit der AEP-Methode und best\u00e4tigt sie somit wissenschaftlich!<\/p>\n<\/div><\/div><div class=\"w-separator size_small\"><\/div><div class=\"w-btn-wrapper align_center\"><a class=\"w-btn us-btn-style_1\" href=\"https:\/\/biodynamizer.com\/wp-content\/uploads\/2026\/01\/SUB-25-3597_AcceptedManuscript.pdf\"><span class=\"w-btn-label\">Ver\u00f6ffentlichung zur Validierung der elektrophotonischen Analysemethode, 14.10.2025, Universit\u00e4t Florenz<\/span><\/a><\/div><div class=\"w-separator size_small\"><\/div><div class=\"wpb_text_column\"><div class=\"wpb_wrapper\"><p>Dies best\u00e4tigt die Ergebnisse der Elektrophotonischen Analyse und best\u00e4tigt die Vorteile der Wasserbiodynamisierung mit dem Biodynamizer in Bezug auf:<\/p>\n<ol>\n<li>Energiemenge in Form von Lichtphotonen (h\u00f6her),<\/li>\n<li>Oberfl\u00e4chenspannung (niedriger),<\/li>\n<li>Elektronegativit\u00e4t (h\u00f6her), d. h. mehr verf\u00fcgbare Elektronen, was die Entstapelung der roten Blutk\u00f6rperchen beeinflusst.<\/li>\n<\/ol>\n<\/div><\/div><div class=\"w-image align_center\"><div class=\"w-image-h\"><img decoding=\"async\" width=\"1024\" height=\"359\" src=\"https:\/\/biodynamizer.com\/wp-content\/uploads\/2020\/01\/coramp-1024x359.png\" class=\"attachment-large size-large\" alt=\"\" loading=\"lazy\" srcset=\"https:\/\/biodynamizer.com\/wp-content\/uploads\/2020\/01\/coramp-1024x359.png 1024w, https:\/\/biodynamizer.com\/wp-content\/uploads\/2020\/01\/coramp-300x105.png 300w, https:\/\/biodynamizer.com\/wp-content\/uploads\/2020\/01\/coramp-1536x538.png 1536w, https:\/\/biodynamizer.com\/wp-content\/uploads\/2020\/01\/coramp-2048x718.png 2048w\" sizes=\"auto, (max-width: 1024px) 100vw, 1024px\" \/><\/div><\/div><\/div><\/div><\/div><\/div><\/div><\/section>\n","protected":false},"excerpt":{"rendered":"Start\/SeitenDie elektrophotonische Kamera Die elektrophotonische Kamera stellt eine Zunahme der Amplitude der Lichtstrahlung und eine Abnahme der Oberfl\u00e4chenspannung im Dynamisiertem Wasser fest Die Lumineszenzen von dynamisiertem Wasser um die Krone herum sind l\u00e4nger und intensiver (Die Amplitude der Lichtstrahlung ist gr\u00f6\u00dfer und das Wasser strahlt mehr Licht ab, siehe Tabelle unten) und sind zahlreicher und...","protected":false},"author":3,"featured_media":0,"parent":5816,"menu_order":3,"comment_status":"closed","ping_status":"closed","template":"","meta":{"_monsterinsights_skip_tracking":false,"_monsterinsights_sitenote_active":false,"_monsterinsights_sitenote_note":"","_monsterinsights_sitenote_category":0,"footnotes":""},"class_list":["post-6215","page","type-page","status-publish","hentry"],"yoast_head":"<!-- This site is optimized with the Yoast SEO plugin v27.3 - https:\/\/yoast.com\/product\/yoast-seo-wordpress\/ -->\n<title>Elektrophotonische Analyse - Biodynamizer<\/title>\n<meta name=\"description\" content=\"La cam\u00e9ra \u00e9lectrophotonique confirme que l&#039;eau biodynamis\u00e9e contient plus d&#039;\u00e9nergie et des propri\u00e9t\u00e9s hydratantes\" \/>\n<meta name=\"robots\" content=\"index, follow, max-snippet:-1, max-image-preview:large, max-video-preview:-1\" \/>\n<link rel=\"canonical\" href=\"https:\/\/biodynamizer.com\/de\/wissenschaftliche-analyse\/la-kamera-elektrophotonische-coramp-loesungen\/\" \/>\n<meta property=\"og:locale\" content=\"de_DE\" \/>\n<meta property=\"og:type\" content=\"article\" \/>\n<meta property=\"og:title\" content=\"Elektrophotonische Analyse - Biodynamizer\" \/>\n<meta property=\"og:description\" content=\"La cam\u00e9ra \u00e9lectrophotonique confirme que l&#039;eau biodynamis\u00e9e contient plus d&#039;\u00e9nergie et des propri\u00e9t\u00e9s hydratantes\" \/>\n<meta property=\"og:url\" content=\"https:\/\/biodynamizer.com\/de\/wissenschaftliche-analyse\/la-kamera-elektrophotonische-coramp-loesungen\/\" \/>\n<meta property=\"og:site_name\" content=\"Biodynamizer\" \/>\n<meta property=\"article:modified_time\" content=\"2026-01-21T13:09:11+00:00\" \/>\n<meta property=\"og:image\" content=\"https:\/\/biodynamizer.com\/wp-content\/uploads\/2019\/11\/Depositphotos_15742931_xl-2015.jpg\" \/>\n\t<meta property=\"og:image:width\" content=\"2000\" \/>\n\t<meta property=\"og:image:height\" content=\"1333\" \/>\n\t<meta property=\"og:image:type\" content=\"image\/jpeg\" \/>\n<meta name=\"twitter:card\" content=\"summary_large_image\" \/>\n<meta name=\"twitter:label1\" content=\"Gesch\u00e4tzte Lesezeit\" \/>\n\t<meta name=\"twitter:data1\" content=\"5\u00a0Minuten\" \/>\n<script type=\"application\/ld+json\" class=\"yoast-schema-graph\">{\"@context\":\"https:\\\/\\\/schema.org\",\"@graph\":[{\"@type\":\"WebPage\",\"@id\":\"https:\\\/\\\/biodynamizer.com\\\/de\\\/wissenschaftliche-analyse\\\/la-kamera-elektrophotonische-coramp-loesungen\\\/\",\"url\":\"https:\\\/\\\/biodynamizer.com\\\/de\\\/wissenschaftliche-analyse\\\/la-kamera-elektrophotonische-coramp-loesungen\\\/\",\"name\":\"Elektrophotonische Analyse - Biodynamizer\",\"isPartOf\":{\"@id\":\"https:\\\/\\\/biodynamizer.com\\\/de\\\/#website\"},\"datePublished\":\"2020-01-27T12:43:56+00:00\",\"dateModified\":\"2026-01-21T13:09:11+00:00\",\"description\":\"La cam\u00e9ra \u00e9lectrophotonique confirme que l'eau biodynamis\u00e9e contient plus d'\u00e9nergie et des propri\u00e9t\u00e9s hydratantes\",\"breadcrumb\":{\"@id\":\"https:\\\/\\\/biodynamizer.com\\\/de\\\/wissenschaftliche-analyse\\\/la-kamera-elektrophotonische-coramp-loesungen\\\/#breadcrumb\"},\"inLanguage\":\"de\",\"potentialAction\":[{\"@type\":\"ReadAction\",\"target\":[\"https:\\\/\\\/biodynamizer.com\\\/de\\\/wissenschaftliche-analyse\\\/la-kamera-elektrophotonische-coramp-loesungen\\\/\"]}]},{\"@type\":\"BreadcrumbList\",\"@id\":\"https:\\\/\\\/biodynamizer.com\\\/de\\\/wissenschaftliche-analyse\\\/la-kamera-elektrophotonische-coramp-loesungen\\\/#breadcrumb\",\"itemListElement\":[{\"@type\":\"ListItem\",\"position\":1,\"name\":\"Home\",\"item\":\"https:\\\/\\\/biodynamizer.com\\\/de\\\/\"},{\"@type\":\"ListItem\",\"position\":2,\"name\":\"Analyse\",\"item\":\"https:\\\/\\\/biodynamizer.com\\\/de\\\/wissenschaftliche-analyse\\\/\"},{\"@type\":\"ListItem\",\"position\":3,\"name\":\"Elektrophotonische Analyse\"}]},{\"@type\":\"WebSite\",\"@id\":\"https:\\\/\\\/biodynamizer.com\\\/de\\\/#website\",\"url\":\"https:\\\/\\\/biodynamizer.com\\\/de\\\/\",\"name\":\"Biodynamizer\",\"description\":\"Filtrez et dynamisez votre eau\",\"potentialAction\":[{\"@type\":\"SearchAction\",\"target\":{\"@type\":\"EntryPoint\",\"urlTemplate\":\"https:\\\/\\\/biodynamizer.com\\\/de\\\/?s={search_term_string}\"},\"query-input\":{\"@type\":\"PropertyValueSpecification\",\"valueRequired\":true,\"valueName\":\"search_term_string\"}}],\"inLanguage\":\"de\"}]}<\/script>\n<!-- \/ Yoast SEO plugin. -->","yoast_head_json":{"title":"Elektrophotonische Analyse - Biodynamizer","description":"La cam\u00e9ra \u00e9lectrophotonique confirme que l'eau biodynamis\u00e9e contient plus d'\u00e9nergie et des propri\u00e9t\u00e9s hydratantes","robots":{"index":"index","follow":"follow","max-snippet":"max-snippet:-1","max-image-preview":"max-image-preview:large","max-video-preview":"max-video-preview:-1"},"canonical":"https:\/\/biodynamizer.com\/de\/wissenschaftliche-analyse\/la-kamera-elektrophotonische-coramp-loesungen\/","og_locale":"de_DE","og_type":"article","og_title":"Elektrophotonische Analyse - Biodynamizer","og_description":"La cam\u00e9ra \u00e9lectrophotonique confirme que l'eau biodynamis\u00e9e contient plus d'\u00e9nergie et des propri\u00e9t\u00e9s hydratantes","og_url":"https:\/\/biodynamizer.com\/de\/wissenschaftliche-analyse\/la-kamera-elektrophotonische-coramp-loesungen\/","og_site_name":"Biodynamizer","article_modified_time":"2026-01-21T13:09:11+00:00","og_image":[{"width":2000,"height":1333,"url":"https:\/\/biodynamizer.com\/wp-content\/uploads\/2019\/11\/Depositphotos_15742931_xl-2015.jpg","type":"image\/jpeg"}],"twitter_card":"summary_large_image","twitter_misc":{"Gesch\u00e4tzte Lesezeit":"5\u00a0Minuten"},"schema":{"@context":"https:\/\/schema.org","@graph":[{"@type":"WebPage","@id":"https:\/\/biodynamizer.com\/de\/wissenschaftliche-analyse\/la-kamera-elektrophotonische-coramp-loesungen\/","url":"https:\/\/biodynamizer.com\/de\/wissenschaftliche-analyse\/la-kamera-elektrophotonische-coramp-loesungen\/","name":"Elektrophotonische Analyse - Biodynamizer","isPartOf":{"@id":"https:\/\/biodynamizer.com\/de\/#website"},"datePublished":"2020-01-27T12:43:56+00:00","dateModified":"2026-01-21T13:09:11+00:00","description":"La cam\u00e9ra \u00e9lectrophotonique confirme que l'eau biodynamis\u00e9e contient plus d'\u00e9nergie et des propri\u00e9t\u00e9s hydratantes","breadcrumb":{"@id":"https:\/\/biodynamizer.com\/de\/wissenschaftliche-analyse\/la-kamera-elektrophotonische-coramp-loesungen\/#breadcrumb"},"inLanguage":"de","potentialAction":[{"@type":"ReadAction","target":["https:\/\/biodynamizer.com\/de\/wissenschaftliche-analyse\/la-kamera-elektrophotonische-coramp-loesungen\/"]}]},{"@type":"BreadcrumbList","@id":"https:\/\/biodynamizer.com\/de\/wissenschaftliche-analyse\/la-kamera-elektrophotonische-coramp-loesungen\/#breadcrumb","itemListElement":[{"@type":"ListItem","position":1,"name":"Home","item":"https:\/\/biodynamizer.com\/de\/"},{"@type":"ListItem","position":2,"name":"Analyse","item":"https:\/\/biodynamizer.com\/de\/wissenschaftliche-analyse\/"},{"@type":"ListItem","position":3,"name":"Elektrophotonische Analyse"}]},{"@type":"WebSite","@id":"https:\/\/biodynamizer.com\/de\/#website","url":"https:\/\/biodynamizer.com\/de\/","name":"Biodynamizer","description":"Filtrez et dynamisez votre eau","potentialAction":[{"@type":"SearchAction","target":{"@type":"EntryPoint","urlTemplate":"https:\/\/biodynamizer.com\/de\/?s={search_term_string}"},"query-input":{"@type":"PropertyValueSpecification","valueRequired":true,"valueName":"search_term_string"}}],"inLanguage":"de"}]}},"_links":{"self":[{"href":"https:\/\/biodynamizer.com\/de\/wp-json\/wp\/v2\/pages\/6215","targetHints":{"allow":["GET"]}}],"collection":[{"href":"https:\/\/biodynamizer.com\/de\/wp-json\/wp\/v2\/pages"}],"about":[{"href":"https:\/\/biodynamizer.com\/de\/wp-json\/wp\/v2\/types\/page"}],"author":[{"embeddable":true,"href":"https:\/\/biodynamizer.com\/de\/wp-json\/wp\/v2\/users\/3"}],"replies":[{"embeddable":true,"href":"https:\/\/biodynamizer.com\/de\/wp-json\/wp\/v2\/comments?post=6215"}],"version-history":[{"count":55,"href":"https:\/\/biodynamizer.com\/de\/wp-json\/wp\/v2\/pages\/6215\/revisions"}],"predecessor-version":[{"id":30962,"href":"https:\/\/biodynamizer.com\/de\/wp-json\/wp\/v2\/pages\/6215\/revisions\/30962"}],"up":[{"embeddable":true,"href":"https:\/\/biodynamizer.com\/de\/wp-json\/wp\/v2\/pages\/5816"}],"wp:attachment":[{"href":"https:\/\/biodynamizer.com\/de\/wp-json\/wp\/v2\/media?parent=6215"}],"curies":[{"name":"wp","href":"https:\/\/api.w.org\/{rel}","templated":true}]}}