{"id":6223,"date":"2020-01-27T10:22:24","date_gmt":"2020-01-27T10:22:24","guid":{"rendered":"https:\/\/biodynamizer.spleen-creation.be\/leau\/lenergie\/les-ondes-scalaires-une-energie-qui-provient-de-lunivers\/"},"modified":"2021-02-18T14:24:39","modified_gmt":"2021-02-18T14:24:39","slug":"skalarwellen-eine-energie-was-ist-aus-der-welt","status":"publish","type":"page","link":"https:\/\/biodynamizer.com\/de\/wasser\/energie\/skalarwellen-eine-energie-was-ist-aus-der-welt\/","title":{"rendered":"Skalar-Wellen, eine Energie, die aus dem Universum kommt"},"content":{"rendered":"<section class=\"l-section wpb_row us_custom_916fdabd height_small\"><div class=\"l-section-h i-cf\"><div class=\"g-cols vc_row via_flex valign_top type_default stacking_default\"><div class=\"vc_col-sm-12 wpb_column vc_column_container\"><div class=\"vc_column-inner\"><div class=\"wpb_wrapper\"><nav class=\"g-breadcrumbs separator_custom align_none\" itemscope itemtype=\"http:\/\/schema.org\/BreadcrumbList\"><div class=\"g-breadcrumbs-item\" itemscope itemprop=\"itemListElement\" itemtype=\"http:\/\/schema.org\/ListItem\"><a itemprop=\"item\" href=\"https:\/\/biodynamizer.com\/de\/\"><span itemprop=\"name\">Start<\/span><\/a><meta itemprop=\"position\" content=\"1\"\/><\/div><div class=\"g-breadcrumbs-separator\">\/<\/div><div class=\"g-breadcrumbs-item\">Seiten<\/div><\/nav><\/div><\/div><\/div><\/div><\/div><\/section><section class=\"l-section wpb_row fullheader height_huge with_img\"><div class=\"l-section-img\" role=\"img\" aria-label=\"Champs magn\u00e9tique terrestre\" data-img-width=\"1519\" data-img-height=\"371\" style=\"background-image: url(https:\/\/biodynamizer.com\/wp-content\/uploads\/2020\/03\/New-Project-27.jpg);background-repeat: no-repeat;\"><\/div><div class=\"l-section-h i-cf\"><div class=\"g-cols vc_row via_flex valign_top type_default stacking_default\"><div class=\"vc_col-sm-12 wpb_column vc_column_container has_text_color\"><div class=\"vc_column-inner us_custom_6df4bc3a\"><div class=\"wpb_wrapper\"><div class=\"wpb_text_column\"><div class=\"wpb_wrapper\"><h3>Skalar-Wellen, eine Energie, die aus dem Universum kommt<\/h3>\n<\/div><\/div><\/div><\/div><\/div><\/div><\/div><\/section><section class=\"l-section wpb_row max500 height_large\"><div class=\"l-section-h i-cf\"><div class=\"g-cols vc_row via_flex valign_top type_default stacking_default\"><div class=\"vc_col-sm-3\/5 wpb_column vc_column_container\"><div class=\"vc_column-inner\"><div class=\"wpb_wrapper\"><div class=\"w-image align_center\"><div class=\"w-image-h\"><img decoding=\"async\" width=\"914\" height=\"472\" src=\"https:\/\/biodynamizer.com\/wp-content\/uploads\/2020\/01\/univers2.png\" class=\"attachment-large size-large\" alt=\"\" loading=\"lazy\" srcset=\"https:\/\/biodynamizer.com\/wp-content\/uploads\/2020\/01\/univers2.png 914w, https:\/\/biodynamizer.com\/wp-content\/uploads\/2020\/01\/univers2-300x155.png 300w\" sizes=\"auto, (max-width: 914px) 100vw, 914px\" \/><\/div><\/div><div class=\"w-separator size_medium\"><\/div><\/div><\/div><\/div><div class=\"vc_col-sm-2\/5 wpb_column vc_column_container\"><div class=\"vc_column-inner\"><div class=\"wpb_wrapper\"><div class=\"w-image align_center\"><div class=\"w-image-h\"><img decoding=\"async\" width=\"427\" height=\"343\" src=\"https:\/\/biodynamizer.com\/wp-content\/uploads\/2020\/03\/New-Project-28.jpg\" class=\"attachment-large size-large\" alt=\"\" loading=\"lazy\" srcset=\"https:\/\/biodynamizer.com\/wp-content\/uploads\/2020\/03\/New-Project-28.jpg 427w, https:\/\/biodynamizer.com\/wp-content\/uploads\/2020\/03\/New-Project-28-300x241.jpg 300w\" sizes=\"auto, (max-width: 427px) 100vw, 427px\" \/><\/div><\/div><div class=\"w-separator size_medium\"><\/div><\/div><\/div><\/div><div class=\"vc_col-sm-12 wpb_column vc_column_container\"><div class=\"vc_column-inner\"><div class=\"wpb_wrapper\"><div class=\"wpb_text_column\"><div class=\"wpb_wrapper\"><ul>\n<li>Skalarwellen oder Torsionsfelder (weil diese Longitudinalwellen sich in einem Spiralwirbel ausbreiten w\u00fcrden) w\u00fcrden aus Biophotonen, Neutrinos &amp; Tachyonen bestehen, die sich mit &gt; 300.000 km\/sec ausbreiten und sich im Raum orientieren w\u00fcrden, wenn eine Resonanz zwischen Quelle und Ziel entsteht (diese Resonanz w\u00e4re eine Funktion der Form des Ziels, die mit der Form der Welle identisch sein muss, damit eine Resonanz entsteht!) F\u00fcr den Menschen w\u00e4re es vor allem die Doppelhelix der DNA oder Spiralproteine! Dies erm\u00f6glicht eine gezielte Ausrichtung der Energie ohne Verlust. Die Vakuumenergie w\u00fcrde so in den Kern der Zellen eindringen. (Theorie von Prof. Konstantin Meyl &amp; N. Tesla)<\/li>\n<li>Diese Wellen w\u00e4ren Vektoren von Informationen, die unser Gewissen n\u00e4hren w\u00fcrden!<\/li>\n<li>Dar\u00fcber hinaus w\u00e4re jedes Objekt, dessen geometrische Formen den Proportionsgesetzen des Goldenen Schnittes Phi (1,618) entsprechen, auch ein passiver Generator von Torsionsfeldern und w\u00fcrde so genannte Formwellen erzeugen (weshalb alle Proportionen des Biodynamisierers\u00ae unter Einhaltung des Goldenen Schnittes hergestellt wurden!)<\/li>\n<\/ul>\n<\/div><\/div><\/div><\/div><\/div><\/div><\/div><\/section>\n","protected":false},"excerpt":{"rendered":"Start\/SeitenSkalar-Wellen, eine Energie, die aus dem Universum kommt Skalarwellen oder Torsionsfelder (weil diese Longitudinalwellen sich in einem Spiralwirbel ausbreiten w\u00fcrden) w\u00fcrden aus Biophotonen, Neutrinos &amp; Tachyonen bestehen, die sich mit &gt; 300.000 km\/sec ausbreiten und sich im Raum orientieren w\u00fcrden, wenn eine Resonanz zwischen Quelle und Ziel entsteht (diese Resonanz w\u00e4re eine Funktion der Form...","protected":false},"author":3,"featured_media":0,"parent":5925,"menu_order":0,"comment_status":"closed","ping_status":"closed","template":"","meta":{"_monsterinsights_skip_tracking":false,"_monsterinsights_sitenote_active":false,"_monsterinsights_sitenote_note":"","_monsterinsights_sitenote_category":0,"footnotes":""},"class_list":["post-6223","page","type-page","status-publish","hentry"],"yoast_head":"<!-- This site is optimized with the Yoast SEO plugin v27.3 - https:\/\/yoast.com\/product\/yoast-seo-wordpress\/ -->\n<title>Skalar-Wellen, eine Energie, die aus dem Universum kommt - Biodynamizer<\/title>\n<meta name=\"description\" content=\"Biodynamizer - Skalar-Wellen, eine Energie, die aus dem Universum kommt - En savoir plus sur le biodynamizer et le biofiltre\" \/>\n<meta name=\"robots\" content=\"index, follow, max-snippet:-1, max-image-preview:large, max-video-preview:-1\" \/>\n<link rel=\"canonical\" href=\"https:\/\/biodynamizer.com\/de\/wasser\/energie\/skalarwellen-eine-energie-was-ist-aus-der-welt\/\" \/>\n<meta property=\"og:locale\" content=\"de_DE\" \/>\n<meta property=\"og:type\" content=\"article\" \/>\n<meta property=\"og:title\" content=\"Skalar-Wellen, eine Energie, die aus dem Universum kommt - Biodynamizer\" \/>\n<meta property=\"og:description\" content=\"Biodynamizer - Skalar-Wellen, eine Energie, die aus dem Universum kommt - En savoir plus sur le biodynamizer et le biofiltre\" \/>\n<meta property=\"og:url\" content=\"https:\/\/biodynamizer.com\/de\/wasser\/energie\/skalarwellen-eine-energie-was-ist-aus-der-welt\/\" \/>\n<meta property=\"og:site_name\" content=\"Biodynamizer\" \/>\n<meta property=\"article:modified_time\" content=\"2021-02-18T14:24:39+00:00\" \/>\n<meta property=\"og:image\" content=\"https:\/\/biodynamizer.com\/wp-content\/uploads\/2019\/11\/Depositphotos_15742931_xl-2015.jpg\" \/>\n\t<meta property=\"og:image:width\" content=\"2000\" \/>\n\t<meta property=\"og:image:height\" content=\"1333\" \/>\n\t<meta property=\"og:image:type\" content=\"image\/jpeg\" \/>\n<meta name=\"twitter:card\" content=\"summary_large_image\" \/>\n<meta name=\"twitter:label1\" content=\"Gesch\u00e4tzte Lesezeit\" \/>\n\t<meta name=\"twitter:data1\" content=\"1\u00a0Minute\" \/>\n<script type=\"application\/ld+json\" class=\"yoast-schema-graph\">{\"@context\":\"https:\\\/\\\/schema.org\",\"@graph\":[{\"@type\":\"WebPage\",\"@id\":\"https:\\\/\\\/biodynamizer.com\\\/de\\\/wasser\\\/energie\\\/skalarwellen-eine-energie-was-ist-aus-der-welt\\\/\",\"url\":\"https:\\\/\\\/biodynamizer.com\\\/de\\\/wasser\\\/energie\\\/skalarwellen-eine-energie-was-ist-aus-der-welt\\\/\",\"name\":\"Skalar-Wellen, eine Energie, die aus dem Universum kommt - Biodynamizer\",\"isPartOf\":{\"@id\":\"https:\\\/\\\/biodynamizer.com\\\/de\\\/#website\"},\"datePublished\":\"2020-01-27T10:22:24+00:00\",\"dateModified\":\"2021-02-18T14:24:39+00:00\",\"description\":\"Biodynamizer - Skalar-Wellen, eine Energie, die aus dem Universum kommt - En savoir plus sur le biodynamizer et le biofiltre\",\"breadcrumb\":{\"@id\":\"https:\\\/\\\/biodynamizer.com\\\/de\\\/wasser\\\/energie\\\/skalarwellen-eine-energie-was-ist-aus-der-welt\\\/#breadcrumb\"},\"inLanguage\":\"de\",\"potentialAction\":[{\"@type\":\"ReadAction\",\"target\":[\"https:\\\/\\\/biodynamizer.com\\\/de\\\/wasser\\\/energie\\\/skalarwellen-eine-energie-was-ist-aus-der-welt\\\/\"]}]},{\"@type\":\"BreadcrumbList\",\"@id\":\"https:\\\/\\\/biodynamizer.com\\\/de\\\/wasser\\\/energie\\\/skalarwellen-eine-energie-was-ist-aus-der-welt\\\/#breadcrumb\",\"itemListElement\":[{\"@type\":\"ListItem\",\"position\":1,\"name\":\"Home\",\"item\":\"https:\\\/\\\/biodynamizer.com\\\/de\\\/\"},{\"@type\":\"ListItem\",\"position\":2,\"name\":\"Wasser\",\"item\":\"https:\\\/\\\/biodynamizer.com\\\/de\\\/leau\\\/\"},{\"@type\":\"ListItem\",\"position\":3,\"name\":\"Energie\",\"item\":\"https:\\\/\\\/biodynamizer.com\\\/de\\\/leau\\\/lenergie\\\/\"},{\"@type\":\"ListItem\",\"position\":4,\"name\":\"Skalar-Wellen, eine Energie, die aus dem Universum kommt\"}]},{\"@type\":\"WebSite\",\"@id\":\"https:\\\/\\\/biodynamizer.com\\\/de\\\/#website\",\"url\":\"https:\\\/\\\/biodynamizer.com\\\/de\\\/\",\"name\":\"Biodynamizer\",\"description\":\"Filtrez et dynamisez votre eau\",\"potentialAction\":[{\"@type\":\"SearchAction\",\"target\":{\"@type\":\"EntryPoint\",\"urlTemplate\":\"https:\\\/\\\/biodynamizer.com\\\/de\\\/?s={search_term_string}\"},\"query-input\":{\"@type\":\"PropertyValueSpecification\",\"valueRequired\":true,\"valueName\":\"search_term_string\"}}],\"inLanguage\":\"de\"}]}<\/script>\n<!-- \/ Yoast SEO plugin. -->","yoast_head_json":{"title":"Skalar-Wellen, eine Energie, die aus dem Universum kommt - Biodynamizer","description":"Biodynamizer - Skalar-Wellen, eine Energie, die aus dem Universum kommt - En savoir plus sur le biodynamizer et le biofiltre","robots":{"index":"index","follow":"follow","max-snippet":"max-snippet:-1","max-image-preview":"max-image-preview:large","max-video-preview":"max-video-preview:-1"},"canonical":"https:\/\/biodynamizer.com\/de\/wasser\/energie\/skalarwellen-eine-energie-was-ist-aus-der-welt\/","og_locale":"de_DE","og_type":"article","og_title":"Skalar-Wellen, eine Energie, die aus dem Universum kommt - Biodynamizer","og_description":"Biodynamizer - Skalar-Wellen, eine Energie, die aus dem Universum kommt - En savoir plus sur le biodynamizer et le biofiltre","og_url":"https:\/\/biodynamizer.com\/de\/wasser\/energie\/skalarwellen-eine-energie-was-ist-aus-der-welt\/","og_site_name":"Biodynamizer","article_modified_time":"2021-02-18T14:24:39+00:00","og_image":[{"width":2000,"height":1333,"url":"https:\/\/biodynamizer.com\/wp-content\/uploads\/2019\/11\/Depositphotos_15742931_xl-2015.jpg","type":"image\/jpeg"}],"twitter_card":"summary_large_image","twitter_misc":{"Gesch\u00e4tzte Lesezeit":"1\u00a0Minute"},"schema":{"@context":"https:\/\/schema.org","@graph":[{"@type":"WebPage","@id":"https:\/\/biodynamizer.com\/de\/wasser\/energie\/skalarwellen-eine-energie-was-ist-aus-der-welt\/","url":"https:\/\/biodynamizer.com\/de\/wasser\/energie\/skalarwellen-eine-energie-was-ist-aus-der-welt\/","name":"Skalar-Wellen, eine Energie, die aus dem Universum kommt - Biodynamizer","isPartOf":{"@id":"https:\/\/biodynamizer.com\/de\/#website"},"datePublished":"2020-01-27T10:22:24+00:00","dateModified":"2021-02-18T14:24:39+00:00","description":"Biodynamizer - Skalar-Wellen, eine Energie, die aus dem Universum kommt - En savoir plus sur le biodynamizer et le biofiltre","breadcrumb":{"@id":"https:\/\/biodynamizer.com\/de\/wasser\/energie\/skalarwellen-eine-energie-was-ist-aus-der-welt\/#breadcrumb"},"inLanguage":"de","potentialAction":[{"@type":"ReadAction","target":["https:\/\/biodynamizer.com\/de\/wasser\/energie\/skalarwellen-eine-energie-was-ist-aus-der-welt\/"]}]},{"@type":"BreadcrumbList","@id":"https:\/\/biodynamizer.com\/de\/wasser\/energie\/skalarwellen-eine-energie-was-ist-aus-der-welt\/#breadcrumb","itemListElement":[{"@type":"ListItem","position":1,"name":"Home","item":"https:\/\/biodynamizer.com\/de\/"},{"@type":"ListItem","position":2,"name":"Wasser","item":"https:\/\/biodynamizer.com\/de\/leau\/"},{"@type":"ListItem","position":3,"name":"Energie","item":"https:\/\/biodynamizer.com\/de\/leau\/lenergie\/"},{"@type":"ListItem","position":4,"name":"Skalar-Wellen, eine Energie, die aus dem Universum kommt"}]},{"@type":"WebSite","@id":"https:\/\/biodynamizer.com\/de\/#website","url":"https:\/\/biodynamizer.com\/de\/","name":"Biodynamizer","description":"Filtrez et dynamisez votre eau","potentialAction":[{"@type":"SearchAction","target":{"@type":"EntryPoint","urlTemplate":"https:\/\/biodynamizer.com\/de\/?s={search_term_string}"},"query-input":{"@type":"PropertyValueSpecification","valueRequired":true,"valueName":"search_term_string"}}],"inLanguage":"de"}]}},"_links":{"self":[{"href":"https:\/\/biodynamizer.com\/de\/wp-json\/wp\/v2\/pages\/6223","targetHints":{"allow":["GET"]}}],"collection":[{"href":"https:\/\/biodynamizer.com\/de\/wp-json\/wp\/v2\/pages"}],"about":[{"href":"https:\/\/biodynamizer.com\/de\/wp-json\/wp\/v2\/types\/page"}],"author":[{"embeddable":true,"href":"https:\/\/biodynamizer.com\/de\/wp-json\/wp\/v2\/users\/3"}],"replies":[{"embeddable":true,"href":"https:\/\/biodynamizer.com\/de\/wp-json\/wp\/v2\/comments?post=6223"}],"version-history":[{"count":2,"href":"https:\/\/biodynamizer.com\/de\/wp-json\/wp\/v2\/pages\/6223\/revisions"}],"predecessor-version":[{"id":7344,"href":"https:\/\/biodynamizer.com\/de\/wp-json\/wp\/v2\/pages\/6223\/revisions\/7344"}],"up":[{"embeddable":true,"href":"https:\/\/biodynamizer.com\/de\/wp-json\/wp\/v2\/pages\/5925"}],"wp:attachment":[{"href":"https:\/\/biodynamizer.com\/de\/wp-json\/wp\/v2\/media?parent=6223"}],"curies":[{"name":"wp","href":"https:\/\/api.w.org\/{rel}","templated":true}]}}