{"id":6281,"date":"2020-01-27T09:58:54","date_gmt":"2020-01-27T09:58:54","guid":{"rendered":"https:\/\/biodynamizer.spleen-creation.be\/information-additionnelle\/le-nombre-dor-dans-le-biodynamizer\/"},"modified":"2022-10-14T12:48:30","modified_gmt":"2022-10-14T12:48:30","slug":"zusaetzliche-informationen-die-goldene-zahl-im-biodynamizer","status":"publish","type":"page","link":"https:\/\/biodynamizer.com\/de\/zusatzinformationen\/zusaetzliche-informationen-die-goldene-zahl-im-biodynamizer\/","title":{"rendered":"Der goldene Schnitt im Biodynamizer\u00ae"},"content":{"rendered":"<section class=\"l-section wpb_row us_custom_916fdabd height_small\"><div class=\"l-section-h i-cf\"><div class=\"g-cols vc_row via_flex valign_top type_default stacking_default\"><div class=\"vc_col-sm-12 wpb_column vc_column_container\"><div class=\"vc_column-inner\"><div class=\"wpb_wrapper\"><nav class=\"g-breadcrumbs separator_custom align_none\" itemscope itemtype=\"http:\/\/schema.org\/BreadcrumbList\"><div class=\"g-breadcrumbs-item\" itemscope itemprop=\"itemListElement\" itemtype=\"http:\/\/schema.org\/ListItem\"><a itemprop=\"item\" href=\"https:\/\/biodynamizer.com\/de\/\"><span itemprop=\"name\">Start<\/span><\/a><meta itemprop=\"position\" content=\"1\"\/><\/div><div class=\"g-breadcrumbs-separator\">\/<\/div><div class=\"g-breadcrumbs-item\">Seiten<\/div><\/nav><\/div><\/div><\/div><\/div><\/div><\/section><section class=\"l-section wpb_row fullheader height_huge with_img\"><div class=\"l-section-img\" role=\"img\" aria-label=\"un gros plan d&#039;une feuille verte\" data-img-width=\"700\" data-img-height=\"481\" style=\"background-image: url(https:\/\/biodynamizer.com\/wp-content\/uploads\/2020\/01\/nature2.png);background-repeat: no-repeat;\"><\/div><div class=\"l-section-h i-cf\"><div class=\"g-cols vc_row via_flex valign_top type_default stacking_default\"><div class=\"vc_col-sm-12 wpb_column vc_column_container has_text_color\"><div class=\"vc_column-inner us_custom_6df4bc3a\"><div class=\"wpb_wrapper\"><div class=\"wpb_text_column\"><div class=\"wpb_wrapper\"><h3><b>Der goldene Schnitt im Biodynamizer\u00ae <\/b><\/h3>\n<\/div><\/div><\/div><\/div><\/div><\/div><\/div><\/section><section class=\"l-section wpb_row max500 height_large\"><div class=\"l-section-h i-cf\"><div class=\"g-cols vc_row via_flex valign_top type_default stacking_default\"><div class=\"vc_col-sm-12 wpb_column vc_column_container\"><div class=\"vc_column-inner\"><div class=\"wpb_wrapper\"><div class=\"wpb_text_column\"><div class=\"wpb_wrapper\"><h1><b>Der goldene Schnitt im Biodynamizer\u00ae = PHI (1,618) die g\u00f6ttlichen Proportionen der Natur<\/b><\/h1>\n<\/div><\/div><div class=\"w-separator size_medium\"><\/div><div class=\"wpb_text_column\"><div class=\"wpb_wrapper\"><p>Alle Proportionen der Formen des Biodynamizers (Trichter, f\u00fcnfeckiges Ei, Magnete, \u2026), seine Winkel (goldener Winkel 137,5\u00b0) wurden berechnet, um gem\u00e4\u00df den Proportionen des goldenen Schnitts PHI 1 &#8211; 1,618 zu messen, der die universelle Geometrie ist des Lebens und des Universums! (= Formwellen)<\/p>\n<\/div><\/div><div class=\"w-grid us_grid type_grid layout_1008 cols_4 preload_style_spinner ratio_1x1\" id=\"us_grid_1\" style=\"--columns:4;--gap:1.5rem;--item-ratio:1;\" data-filterable=\"true\"><style>@media (max-width:1380px){#us_grid_1{--columns:3!important}}@media (max-width:1024px){#us_grid_1{--columns:2!important}}@media (max-width:600px){#us_grid_1{--columns:1!important}}.layout_1008 .w-grid-item-h{background:rgba(255,255,255,0.1)}.layout_1008 .usg_post_image_1{transition-duration:0.35s;transform-origin:50% 50%;transform:scale(1) translate(0%,0%)}.layout_1008 .w-grid-item-h:focus-within .usg_post_image_1,.layout_1008 .w-grid-item-h:hover .usg_post_image_1{transform:scale(1.1) translate(0%,0%);opacity:0.8}.layout_1008 .usg_post_image_1{position:absolute!important;left:0!important;top:0!important;bottom:0!important;right:0!important}.layout_1008 .usg_vwrapper_1{background:linear-gradient(transparent,rgba(30,30,30,0.8))!important;position:absolute!important;right:0!important;bottom:0!important;left:0!important;padding:4rem 2rem 1.5rem 2rem!important}<\/style><div class=\"w-grid-list\">\t<article class=\"w-grid-item size_1x1 post-6291 attachment type-attachment status-inherit hentry\" data-id=\"6291\">\r\n\t\t<div class=\"w-grid-item-h\">\r\n\t\t\t\t\t\t\t<a ref=\"magnificPopupGrid\" href=\"https:\/\/biodynamizer.com\/wp-content\/uploads\/2020\/01\/schemaei.png\" class=\"w-grid-item-anchor\" aria-label=\"proportion du nombre d&#8217;or\"><\/a>\r\n\t\t\t\t\t\t<div class=\"w-post-elm post_image usg_post_image_1 stretched\"><img loading=\"lazy\" decoding=\"async\" width=\"552\" height=\"545\" src=\"https:\/\/biodynamizer.com\/wp-content\/uploads\/2020\/01\/schemaei.png\" class=\"attachment-large size-large\" alt=\"\" srcset=\"https:\/\/biodynamizer.com\/wp-content\/uploads\/2020\/01\/schemaei.png 552w, https:\/\/biodynamizer.com\/wp-content\/uploads\/2020\/01\/schemaei-300x296.png 300w\" sizes=\"auto, (max-width: 552px) 100vw, 552px\" \/><\/div><div class=\"w-vwrapper usg_vwrapper_1 align_left valign_top\"><\/div>\t\t<\/div>\r\n\t\t\t<\/article>\r\n\t<article class=\"w-grid-item size_1x1 post-6491 attachment type-attachment status-inherit hentry\" data-id=\"6491\">\r\n\t\t<div class=\"w-grid-item-h\">\r\n\t\t\t\t\t\t\t<a ref=\"magnificPopupGrid\" href=\"https:\/\/biodynamizer.com\/wp-content\/uploads\/2020\/01\/oeuf2.png\" class=\"w-grid-item-anchor\" aria-label=\"oeuf2\"><\/a>\r\n\t\t\t\t\t\t<div class=\"w-post-elm post_image usg_post_image_1 stretched\"><img loading=\"lazy\" decoding=\"async\" width=\"529\" height=\"610\" src=\"https:\/\/biodynamizer.com\/wp-content\/uploads\/2020\/01\/oeuf2.png\" class=\"attachment-large size-large\" alt=\"\" srcset=\"https:\/\/biodynamizer.com\/wp-content\/uploads\/2020\/01\/oeuf2.png 529w, https:\/\/biodynamizer.com\/wp-content\/uploads\/2020\/01\/oeuf2-260x300.png 260w\" sizes=\"auto, (max-width: 529px) 100vw, 529px\" \/><\/div><div class=\"w-vwrapper usg_vwrapper_1 align_left valign_top\"><\/div>\t\t<\/div>\r\n\t\t\t<\/article>\r\n\t<article class=\"w-grid-item size_1x1 post-6526 attachment type-attachment status-inherit hentry\" data-id=\"6526\">\r\n\t\t<div class=\"w-grid-item-h\">\r\n\t\t\t\t\t\t\t<a ref=\"magnificPopupGrid\" href=\"https:\/\/biodynamizer.com\/wp-content\/uploads\/2020\/01\/vortex2.png\" class=\"w-grid-item-anchor\" aria-label=\"Coquillage en forme de Turitelle\"><\/a>\r\n\t\t\t\t\t\t<div class=\"w-post-elm post_image usg_post_image_1 stretched\"><img loading=\"lazy\" decoding=\"async\" width=\"266\" height=\"783\" src=\"https:\/\/biodynamizer.com\/wp-content\/uploads\/2020\/01\/vortex2.png\" class=\"attachment-large size-large\" alt=\"\" srcset=\"https:\/\/biodynamizer.com\/wp-content\/uploads\/2020\/01\/vortex2.png 266w, https:\/\/biodynamizer.com\/wp-content\/uploads\/2020\/01\/vortex2-102x300.png 102w\" sizes=\"auto, (max-width: 266px) 100vw, 266px\" \/><\/div><div class=\"w-vwrapper usg_vwrapper_1 align_left valign_top\"><\/div>\t\t<\/div>\r\n\t\t\t<\/article>\r\n<\/div>\t<div class=\"w-grid-preloader\">\r\n\t\t<div class=\"g-preloader type_1\">\r\n\t\t\t<div><\/div>\r\n\t\t<\/div>\r\n\t<\/div>\r\n\t\t<div class=\"w-grid-json hidden\" onclick='return {&quot;action&quot;:&quot;us_ajax_grid&quot;,&quot;infinite_scroll&quot;:0,&quot;max_num_pages&quot;:1,&quot;pagination&quot;:&quot;none&quot;,&quot;template_vars&quot;:{&quot;columns&quot;:&quot;4&quot;,&quot;exclude_items&quot;:&quot;none&quot;,&quot;img_size&quot;:&quot;default&quot;,&quot;ignore_items_size&quot;:0,&quot;items_layout&quot;:&quot;1008&quot;,&quot;items_offset&quot;:&quot;1&quot;,&quot;load_animation&quot;:&quot;none&quot;,&quot;overriding_link&quot;:&quot;%7B%22type%22%3A%22popup_image%22%7D&quot;,&quot;post_id&quot;:0,&quot;query_args&quot;:{&quot;post_type&quot;:[&quot;attachment&quot;],&quot;post__in&quot;:[&quot;1240&quot;,&quot;1027&quot;,&quot;986&quot;],&quot;post_status&quot;:&quot;inherit&quot;,&quot;post_mime_type&quot;:&quot;image&quot;,&quot;posts_per_page&quot;:&quot;10&quot;},&quot;orderby_query_args&quot;:{&quot;orderby&quot;:{&quot;date&quot;:&quot;DESC&quot;}},&quot;type&quot;:&quot;grid&quot;,&quot;us_grid_post_type&quot;:&quot;attachment&quot;,&quot;us_grid_ajax_index&quot;:1,&quot;us_grid_filter_query_string&quot;:null,&quot;us_grid_index&quot;:1,&quot;page_args&quot;:[],&quot;lang&quot;:&quot;de&quot;}}'><\/div>\r\n\t<\/div><\/div><\/div><\/div><\/div><\/div><\/section><section class=\"l-section wpb_row height_large\"><div class=\"l-section-overlay\" style=\"background:rgba(172,172,172,0.2)\"><\/div><div class=\"l-section-h i-cf\"><div class=\"g-cols vc_row via_flex valign_middle type_default stacking_default\"><div class=\"vc_col-sm-6 wpb_column vc_column_container\"><div class=\"vc_column-inner\"><div class=\"wpb_wrapper\"><div class=\"wpb_text_column\"><div class=\"wpb_wrapper\"><p><strong>Der Goldene Schnitt steht auch im Zentrum der Energie des Universums, des Wassers und der Menschheit.\u00a0<\/strong><\/p>\n<p>Das Pentagramm (Stern in gelber Farbe im Bild unten) in einem F\u00fcnfeck (Geometrie in blauer Farbe im Bild unten) veranschaulicht die verschiedenen schwingenden Manifestationen von Energie in der Natur. Dieses Bild erh\u00e4lt man durch die Umwandlung elektromagnetischer Wellen in Schallwellen (Hertz), die dem Wasser ausgesetzt werden (wir machen den Schall sichtbar!). Diese Wellen werden Wellen im Wasser erzeugen. Indem wir die Schnittpunkte dieser Wellen mit Geraden verbinden, k\u00f6nnen wir gemeinsame geometrische Figuren und Verh\u00e4ltnisse extrahieren, einschlie\u00dflich des goldenen Schnittes \u03a6 ! Wenn wir diese Technik (die zymatische: Reid, Lauterwasser und Chladni) anwenden, erkennen wir, dass die Proportionen des goldenen Schnittes in den von den Sternen ausgestrahlten Frequenzen, im Schlagen des menschlichen Herzens und in der Schwingung der menschlichen Zellen zu finden sind!<\/p>\n<\/div><\/div><\/div><\/div><\/div><div class=\"vc_col-sm-6 wpb_column vc_column_container\"><div class=\"vc_column-inner\"><div class=\"wpb_wrapper\"><div class=\"w-image align_center\"><div class=\"w-image-h\"><img decoding=\"async\" width=\"718\" height=\"562\" src=\"https:\/\/biodynamizer.com\/wp-content\/uploads\/2020\/01\/nombre.png\" class=\"attachment-large size-large\" alt=\"\" loading=\"lazy\" srcset=\"https:\/\/biodynamizer.com\/wp-content\/uploads\/2020\/01\/nombre.png 718w, https:\/\/biodynamizer.com\/wp-content\/uploads\/2020\/01\/nombre-300x235.png 300w\" sizes=\"auto, (max-width: 718px) 100vw, 718px\" \/><\/div><\/div><div class=\"wpb_text_column\"><div class=\"wpb_wrapper\"><p><em><span class=\"TextRun BCX0 SCXP33973587\" lang=\"FR-BE\" xml:lang=\"FR-BE\" data-usefontface=\"true\" data-contrast=\"none\"><span class=\"NormalTextRun BCX0 SCXP33973587\">Photo : cr\u00e9dit\u00a0<\/span><\/span><span class=\"TextRun BCX0 SCXP33973587\" lang=\"FR-BE\" xml:lang=\"FR-BE\" data-usefontface=\"true\" data-contrast=\"none\"><span class=\"SpellingError BCX0 SCXP33973587\">cymatics-cymascope<\/span><\/span><span class=\"TextRun BCX0 SCXP33973587\" lang=\"FR-BE\" xml:lang=\"FR-BE\" data-usefontface=\"true\" data-contrast=\"none\"><span class=\"NormalTextRun BCX0 SCXP33973587\">\u00a0John Stuart Reid\u00a0<\/span><\/span><span class=\"TextRun BCX0 SCXP33973587\" lang=\"FR-BE\" xml:lang=\"FR-BE\" data-usefontface=\"true\" data-contrast=\"none\"><span class=\"NormalTextRun BCX0 SCXP33973587\">(<\/span><\/span><span class=\"TextRun BCX0 SCXP33973587\" lang=\"FR-BE\" xml:lang=\"FR-BE\" data-usefontface=\"true\" data-contrast=\"none\"><span class=\"SpellingError BCX0 SCXP33973587\">Mereon<\/span><\/span><span class=\"TextRun BCX0 SCXP33973587\" lang=\"FR-BE\" xml:lang=\"FR-BE\" data-usefontface=\"true\" data-contrast=\"none\"><span class=\"NormalTextRun BCX0 SCXP33973587\">\u00a0<\/span><\/span><span class=\"TextRun BCX0 SCXP33973587\" lang=\"FR-BE\" xml:lang=\"FR-BE\" data-usefontface=\"true\" data-contrast=\"none\"><span class=\"SpellingError BCX0 SCXP33973587\">geometry<\/span><\/span><span class=\"TextRun BCX0 SCXP33973587\" lang=\"FR-BE\" xml:lang=\"FR-BE\" data-usefontface=\"true\" data-contrast=\"none\"><span class=\"NormalTextRun BCX0 SCXP33973587\">) 2015<\/span><\/span><span class=\"EOP BCX0 SCXP33973587\">\u200b<\/span><\/em><\/p>\n<\/div><\/div><\/div><\/div><\/div><\/div><\/div><\/section>\n","protected":false},"excerpt":{"rendered":"","protected":false},"author":3,"featured_media":0,"parent":5808,"menu_order":8,"comment_status":"closed","ping_status":"closed","template":"","meta":{"_monsterinsights_skip_tracking":false,"_monsterinsights_sitenote_active":false,"_monsterinsights_sitenote_note":"","_monsterinsights_sitenote_category":0,"footnotes":""},"class_list":["post-6281","page","type-page","status-publish","hentry"],"yoast_head":"<!-- This site is optimized with the Yoast SEO plugin v27.3 - https:\/\/yoast.com\/product\/yoast-seo-wordpress\/ -->\n<title>Der goldene Schnitt im Biodynamizer\u00ae - Biodynamizer<\/title>\n<meta name=\"description\" content=\"Biodynamizer - Der goldene Schnitt im Biodynamizer\u00ae - En savoir plus sur le biodynamizer et le biofiltre\" \/>\n<meta name=\"robots\" content=\"index, follow, max-snippet:-1, max-image-preview:large, max-video-preview:-1\" \/>\n<link rel=\"canonical\" href=\"https:\/\/biodynamizer.com\/de\/zusatzinformationen\/zusaetzliche-informationen-die-goldene-zahl-im-biodynamizer\/\" \/>\n<meta property=\"og:locale\" content=\"de_DE\" \/>\n<meta property=\"og:type\" content=\"article\" \/>\n<meta property=\"og:title\" content=\"Der goldene Schnitt im Biodynamizer\u00ae - Biodynamizer\" \/>\n<meta property=\"og:description\" content=\"Biodynamizer - Der goldene Schnitt im Biodynamizer\u00ae - En savoir plus sur le biodynamizer et le biofiltre\" \/>\n<meta property=\"og:url\" content=\"https:\/\/biodynamizer.com\/de\/zusatzinformationen\/zusaetzliche-informationen-die-goldene-zahl-im-biodynamizer\/\" \/>\n<meta property=\"og:site_name\" content=\"Biodynamizer\" \/>\n<meta property=\"article:modified_time\" content=\"2022-10-14T12:48:30+00:00\" \/>\n<meta property=\"og:image\" content=\"https:\/\/biodynamizer.com\/wp-content\/uploads\/2019\/11\/Depositphotos_15742931_xl-2015.jpg\" \/>\n\t<meta property=\"og:image:width\" content=\"2000\" \/>\n\t<meta property=\"og:image:height\" content=\"1333\" \/>\n\t<meta property=\"og:image:type\" content=\"image\/jpeg\" \/>\n<meta name=\"twitter:card\" content=\"summary_large_image\" \/>\n<meta name=\"twitter:label1\" content=\"Gesch\u00e4tzte Lesezeit\" \/>\n\t<meta name=\"twitter:data1\" content=\"2\u00a0Minuten\" \/>\n<script type=\"application\/ld+json\" class=\"yoast-schema-graph\">{\"@context\":\"https:\\\/\\\/schema.org\",\"@graph\":[{\"@type\":\"WebPage\",\"@id\":\"https:\\\/\\\/biodynamizer.com\\\/de\\\/zusatzinformationen\\\/zusaetzliche-informationen-die-goldene-zahl-im-biodynamizer\\\/\",\"url\":\"https:\\\/\\\/biodynamizer.com\\\/de\\\/zusatzinformationen\\\/zusaetzliche-informationen-die-goldene-zahl-im-biodynamizer\\\/\",\"name\":\"Der goldene Schnitt im Biodynamizer\u00ae - Biodynamizer\",\"isPartOf\":{\"@id\":\"https:\\\/\\\/biodynamizer.com\\\/de\\\/#website\"},\"datePublished\":\"2020-01-27T09:58:54+00:00\",\"dateModified\":\"2022-10-14T12:48:30+00:00\",\"description\":\"Biodynamizer - Der goldene Schnitt im Biodynamizer\u00ae - En savoir plus sur le biodynamizer et le biofiltre\",\"breadcrumb\":{\"@id\":\"https:\\\/\\\/biodynamizer.com\\\/de\\\/zusatzinformationen\\\/zusaetzliche-informationen-die-goldene-zahl-im-biodynamizer\\\/#breadcrumb\"},\"inLanguage\":\"de\",\"potentialAction\":[{\"@type\":\"ReadAction\",\"target\":[\"https:\\\/\\\/biodynamizer.com\\\/de\\\/zusatzinformationen\\\/zusaetzliche-informationen-die-goldene-zahl-im-biodynamizer\\\/\"]}]},{\"@type\":\"BreadcrumbList\",\"@id\":\"https:\\\/\\\/biodynamizer.com\\\/de\\\/zusatzinformationen\\\/zusaetzliche-informationen-die-goldene-zahl-im-biodynamizer\\\/#breadcrumb\",\"itemListElement\":[{\"@type\":\"ListItem\",\"position\":1,\"name\":\"Home\",\"item\":\"https:\\\/\\\/biodynamizer.com\\\/de\\\/\"},{\"@type\":\"ListItem\",\"position\":2,\"name\":\"Information additionnelle\",\"item\":\"https:\\\/\\\/biodynamizer.com\\\/de\\\/zusatzinformationen\\\/\"},{\"@type\":\"ListItem\",\"position\":3,\"name\":\"Der goldene Schnitt im Biodynamizer\u00ae\"}]},{\"@type\":\"WebSite\",\"@id\":\"https:\\\/\\\/biodynamizer.com\\\/de\\\/#website\",\"url\":\"https:\\\/\\\/biodynamizer.com\\\/de\\\/\",\"name\":\"Biodynamizer\",\"description\":\"Filtrez et dynamisez votre eau\",\"potentialAction\":[{\"@type\":\"SearchAction\",\"target\":{\"@type\":\"EntryPoint\",\"urlTemplate\":\"https:\\\/\\\/biodynamizer.com\\\/de\\\/?s={search_term_string}\"},\"query-input\":{\"@type\":\"PropertyValueSpecification\",\"valueRequired\":true,\"valueName\":\"search_term_string\"}}],\"inLanguage\":\"de\"}]}<\/script>\n<!-- \/ Yoast SEO plugin. -->","yoast_head_json":{"title":"Der goldene Schnitt im Biodynamizer\u00ae - Biodynamizer","description":"Biodynamizer - Der goldene Schnitt im Biodynamizer\u00ae - En savoir plus sur le biodynamizer et le biofiltre","robots":{"index":"index","follow":"follow","max-snippet":"max-snippet:-1","max-image-preview":"max-image-preview:large","max-video-preview":"max-video-preview:-1"},"canonical":"https:\/\/biodynamizer.com\/de\/zusatzinformationen\/zusaetzliche-informationen-die-goldene-zahl-im-biodynamizer\/","og_locale":"de_DE","og_type":"article","og_title":"Der goldene Schnitt im Biodynamizer\u00ae - Biodynamizer","og_description":"Biodynamizer - Der goldene Schnitt im Biodynamizer\u00ae - En savoir plus sur le biodynamizer et le biofiltre","og_url":"https:\/\/biodynamizer.com\/de\/zusatzinformationen\/zusaetzliche-informationen-die-goldene-zahl-im-biodynamizer\/","og_site_name":"Biodynamizer","article_modified_time":"2022-10-14T12:48:30+00:00","og_image":[{"width":2000,"height":1333,"url":"https:\/\/biodynamizer.com\/wp-content\/uploads\/2019\/11\/Depositphotos_15742931_xl-2015.jpg","type":"image\/jpeg"}],"twitter_card":"summary_large_image","twitter_misc":{"Gesch\u00e4tzte Lesezeit":"2\u00a0Minuten"},"schema":{"@context":"https:\/\/schema.org","@graph":[{"@type":"WebPage","@id":"https:\/\/biodynamizer.com\/de\/zusatzinformationen\/zusaetzliche-informationen-die-goldene-zahl-im-biodynamizer\/","url":"https:\/\/biodynamizer.com\/de\/zusatzinformationen\/zusaetzliche-informationen-die-goldene-zahl-im-biodynamizer\/","name":"Der goldene Schnitt im Biodynamizer\u00ae - Biodynamizer","isPartOf":{"@id":"https:\/\/biodynamizer.com\/de\/#website"},"datePublished":"2020-01-27T09:58:54+00:00","dateModified":"2022-10-14T12:48:30+00:00","description":"Biodynamizer - Der goldene Schnitt im Biodynamizer\u00ae - En savoir plus sur le biodynamizer et le biofiltre","breadcrumb":{"@id":"https:\/\/biodynamizer.com\/de\/zusatzinformationen\/zusaetzliche-informationen-die-goldene-zahl-im-biodynamizer\/#breadcrumb"},"inLanguage":"de","potentialAction":[{"@type":"ReadAction","target":["https:\/\/biodynamizer.com\/de\/zusatzinformationen\/zusaetzliche-informationen-die-goldene-zahl-im-biodynamizer\/"]}]},{"@type":"BreadcrumbList","@id":"https:\/\/biodynamizer.com\/de\/zusatzinformationen\/zusaetzliche-informationen-die-goldene-zahl-im-biodynamizer\/#breadcrumb","itemListElement":[{"@type":"ListItem","position":1,"name":"Home","item":"https:\/\/biodynamizer.com\/de\/"},{"@type":"ListItem","position":2,"name":"Information additionnelle","item":"https:\/\/biodynamizer.com\/de\/zusatzinformationen\/"},{"@type":"ListItem","position":3,"name":"Der goldene Schnitt im Biodynamizer\u00ae"}]},{"@type":"WebSite","@id":"https:\/\/biodynamizer.com\/de\/#website","url":"https:\/\/biodynamizer.com\/de\/","name":"Biodynamizer","description":"Filtrez et dynamisez votre eau","potentialAction":[{"@type":"SearchAction","target":{"@type":"EntryPoint","urlTemplate":"https:\/\/biodynamizer.com\/de\/?s={search_term_string}"},"query-input":{"@type":"PropertyValueSpecification","valueRequired":true,"valueName":"search_term_string"}}],"inLanguage":"de"}]}},"_links":{"self":[{"href":"https:\/\/biodynamizer.com\/de\/wp-json\/wp\/v2\/pages\/6281","targetHints":{"allow":["GET"]}}],"collection":[{"href":"https:\/\/biodynamizer.com\/de\/wp-json\/wp\/v2\/pages"}],"about":[{"href":"https:\/\/biodynamizer.com\/de\/wp-json\/wp\/v2\/types\/page"}],"author":[{"embeddable":true,"href":"https:\/\/biodynamizer.com\/de\/wp-json\/wp\/v2\/users\/3"}],"replies":[{"embeddable":true,"href":"https:\/\/biodynamizer.com\/de\/wp-json\/wp\/v2\/comments?post=6281"}],"version-history":[{"count":4,"href":"https:\/\/biodynamizer.com\/de\/wp-json\/wp\/v2\/pages\/6281\/revisions"}],"predecessor-version":[{"id":16904,"href":"https:\/\/biodynamizer.com\/de\/wp-json\/wp\/v2\/pages\/6281\/revisions\/16904"}],"up":[{"embeddable":true,"href":"https:\/\/biodynamizer.com\/de\/wp-json\/wp\/v2\/pages\/5808"}],"wp:attachment":[{"href":"https:\/\/biodynamizer.com\/de\/wp-json\/wp\/v2\/media?parent=6281"}],"curies":[{"name":"wp","href":"https:\/\/api.w.org\/{rel}","templated":true}]}}