{"id":6299,"date":"2020-01-27T09:19:13","date_gmt":"2020-01-27T09:19:13","guid":{"rendered":"https:\/\/biodynamizer.spleen-creation.be\/information-additionnelle\/lenergie-electromagnetique-la-lumiere-solaire-illumine-leau\/"},"modified":"2021-02-18T13:31:33","modified_gmt":"2021-02-18T13:31:33","slug":"energie-elektromagnetisches-licht-solar-licht-wasser","status":"publish","type":"page","link":"https:\/\/biodynamizer.com\/de\/zusatzinformationen\/energie-elektromagnetisches-licht-solar-licht-wasser\/","title":{"rendered":"L\u2019\u00e9nergie Electromagn\u00e9tique, la lumi\u00e8re solaire illumine l\u2019eau"},"content":{"rendered":"<section class=\"l-section wpb_row us_custom_916fdabd height_small\"><div class=\"l-section-h i-cf\"><div class=\"g-cols vc_row via_flex valign_top type_default stacking_default\"><div class=\"vc_col-sm-12 wpb_column vc_column_container\"><div class=\"vc_column-inner\"><div class=\"wpb_wrapper\"><nav class=\"g-breadcrumbs separator_custom align_none\" itemscope itemtype=\"http:\/\/schema.org\/BreadcrumbList\"><div class=\"g-breadcrumbs-item\" itemscope itemprop=\"itemListElement\" itemtype=\"http:\/\/schema.org\/ListItem\"><a itemprop=\"item\" href=\"https:\/\/biodynamizer.com\/de\/\"><span itemprop=\"name\">Start<\/span><\/a><meta itemprop=\"position\" content=\"1\"\/><\/div><div class=\"g-breadcrumbs-separator\">\/<\/div><div class=\"g-breadcrumbs-item\">Seiten<\/div><\/nav><\/div><\/div><\/div><\/div><\/div><\/section><section class=\"l-section wpb_row fullheader height_huge with_img\"><div class=\"l-section-img\" role=\"img\" aria-label=\"Bild\" data-img-width=\"1156\" data-img-height=\"770\" style=\"background-image: url(https:\/\/biodynamizer.com\/wp-content\/uploads\/2020\/01\/energie4.png);background-repeat: no-repeat;\"><\/div><div class=\"l-section-h i-cf\"><div class=\"g-cols vc_row via_flex valign_top type_default stacking_default\"><div class=\"vc_col-sm-12 wpb_column vc_column_container has_text_color\"><div class=\"vc_column-inner us_custom_6df4bc3a\"><div class=\"wpb_wrapper\"><div class=\"wpb_text_column\"><div class=\"wpb_wrapper\"><h3>L\u2019\u00e9nergie Electromagn\u00e9tique, la lumi\u00e8re solaire illumine l\u2019eau<\/h3>\n<\/div><\/div><\/div><\/div><\/div><\/div><\/div><\/section><section class=\"l-section wpb_row max500 height_large\"><div class=\"l-section-h i-cf\"><div class=\"g-cols vc_row via_flex valign_top type_default stacking_default\"><div class=\"vc_col-sm-6 wpb_column vc_column_container\"><div class=\"vc_column-inner\"><div class=\"wpb_wrapper\"><div class=\"w-image align_center\"><div class=\"w-image-h\"><img decoding=\"async\" width=\"704\" height=\"943\" src=\"https:\/\/biodynamizer.com\/wp-content\/uploads\/2020\/01\/energie3.png\" class=\"attachment-large size-large\" alt=\"\" loading=\"lazy\" srcset=\"https:\/\/biodynamizer.com\/wp-content\/uploads\/2020\/01\/energie3.png 704w, https:\/\/biodynamizer.com\/wp-content\/uploads\/2020\/01\/energie3-224x300.png 224w\" sizes=\"auto, (max-width: 704px) 100vw, 704px\" \/><\/div><\/div><\/div><\/div><\/div><div class=\"vc_col-sm-6 wpb_column vc_column_container\"><div class=\"vc_column-inner\"><div class=\"wpb_wrapper\"><div class=\"w-image align_center\"><div class=\"w-image-h\"><img decoding=\"async\" width=\"1024\" height=\"682\" src=\"https:\/\/biodynamizer.com\/wp-content\/uploads\/2020\/01\/energie4-1024x682.png\" class=\"attachment-large size-large\" alt=\"\" loading=\"lazy\" srcset=\"https:\/\/biodynamizer.com\/wp-content\/uploads\/2020\/01\/energie4-1024x682.png 1024w, https:\/\/biodynamizer.com\/wp-content\/uploads\/2020\/01\/energie4-300x200.png 300w, https:\/\/biodynamizer.com\/wp-content\/uploads\/2020\/01\/energie4.png 1156w\" sizes=\"auto, (max-width: 1024px) 100vw, 1024px\" \/><\/div><\/div><\/div><\/div><\/div><\/div><\/div><\/section>\n","protected":false},"excerpt":{"rendered":"Start\/SeitenL\u2019\u00e9nergie Electromagn\u00e9tique, la lumi\u00e8re solaire illumine l\u2019eau","protected":false},"author":3,"featured_media":0,"parent":5808,"menu_order":4,"comment_status":"closed","ping_status":"closed","template":"","meta":{"_monsterinsights_skip_tracking":false,"_monsterinsights_sitenote_active":false,"_monsterinsights_sitenote_note":"","_monsterinsights_sitenote_category":0,"footnotes":""},"class_list":["post-6299","page","type-page","status-publish","hentry"],"yoast_head":"<!-- This site is optimized with the Yoast SEO plugin v27.3 - https:\/\/yoast.com\/product\/yoast-seo-wordpress\/ -->\n<title>L\u2019\u00e9nergie Electromagn\u00e9tique, la lumi\u00e8re solaire illumine l\u2019eau - Biodynamizer<\/title>\n<meta name=\"description\" content=\"Biodynamizer - L\u2019\u00e9nergie Electromagn\u00e9tique, la lumi\u00e8re solaire illumine l\u2019eau - En savoir plus sur le biodynamizer et le biofiltre\" \/>\n<meta name=\"robots\" content=\"index, follow, max-snippet:-1, max-image-preview:large, max-video-preview:-1\" \/>\n<link rel=\"canonical\" href=\"https:\/\/biodynamizer.com\/de\/zusatzinformationen\/energie-elektromagnetisches-licht-solar-licht-wasser\/\" \/>\n<meta property=\"og:locale\" content=\"de_DE\" \/>\n<meta property=\"og:type\" content=\"article\" \/>\n<meta property=\"og:title\" content=\"L\u2019\u00e9nergie Electromagn\u00e9tique, la lumi\u00e8re solaire illumine l\u2019eau - Biodynamizer\" \/>\n<meta property=\"og:description\" content=\"Biodynamizer - L\u2019\u00e9nergie Electromagn\u00e9tique, la lumi\u00e8re solaire illumine l\u2019eau - En savoir plus sur le biodynamizer et le biofiltre\" \/>\n<meta property=\"og:url\" content=\"https:\/\/biodynamizer.com\/de\/zusatzinformationen\/energie-elektromagnetisches-licht-solar-licht-wasser\/\" \/>\n<meta property=\"og:site_name\" content=\"Biodynamizer\" \/>\n<meta property=\"article:modified_time\" content=\"2021-02-18T13:31:33+00:00\" \/>\n<meta property=\"og:image\" content=\"https:\/\/biodynamizer.com\/wp-content\/uploads\/2019\/11\/Depositphotos_15742931_xl-2015.jpg\" \/>\n\t<meta property=\"og:image:width\" content=\"2000\" \/>\n\t<meta property=\"og:image:height\" content=\"1333\" \/>\n\t<meta property=\"og:image:type\" content=\"image\/jpeg\" \/>\n<meta name=\"twitter:card\" content=\"summary_large_image\" \/>\n<meta name=\"twitter:label1\" content=\"Gesch\u00e4tzte Lesezeit\" \/>\n\t<meta name=\"twitter:data1\" content=\"1\u00a0Minute\" \/>\n<script type=\"application\/ld+json\" class=\"yoast-schema-graph\">{\"@context\":\"https:\\\/\\\/schema.org\",\"@graph\":[{\"@type\":\"WebPage\",\"@id\":\"https:\\\/\\\/biodynamizer.com\\\/de\\\/zusatzinformationen\\\/energie-elektromagnetisches-licht-solar-licht-wasser\\\/\",\"url\":\"https:\\\/\\\/biodynamizer.com\\\/de\\\/zusatzinformationen\\\/energie-elektromagnetisches-licht-solar-licht-wasser\\\/\",\"name\":\"L\u2019\u00e9nergie Electromagn\u00e9tique, la lumi\u00e8re solaire illumine l\u2019eau - Biodynamizer\",\"isPartOf\":{\"@id\":\"https:\\\/\\\/biodynamizer.com\\\/de\\\/#website\"},\"datePublished\":\"2020-01-27T09:19:13+00:00\",\"dateModified\":\"2021-02-18T13:31:33+00:00\",\"description\":\"Biodynamizer - L\u2019\u00e9nergie Electromagn\u00e9tique, la lumi\u00e8re solaire illumine l\u2019eau - En savoir plus sur le biodynamizer et le biofiltre\",\"breadcrumb\":{\"@id\":\"https:\\\/\\\/biodynamizer.com\\\/de\\\/zusatzinformationen\\\/energie-elektromagnetisches-licht-solar-licht-wasser\\\/#breadcrumb\"},\"inLanguage\":\"de\",\"potentialAction\":[{\"@type\":\"ReadAction\",\"target\":[\"https:\\\/\\\/biodynamizer.com\\\/de\\\/zusatzinformationen\\\/energie-elektromagnetisches-licht-solar-licht-wasser\\\/\"]}]},{\"@type\":\"BreadcrumbList\",\"@id\":\"https:\\\/\\\/biodynamizer.com\\\/de\\\/zusatzinformationen\\\/energie-elektromagnetisches-licht-solar-licht-wasser\\\/#breadcrumb\",\"itemListElement\":[{\"@type\":\"ListItem\",\"position\":1,\"name\":\"Home\",\"item\":\"https:\\\/\\\/biodynamizer.com\\\/de\\\/\"},{\"@type\":\"ListItem\",\"position\":2,\"name\":\"Information additionnelle\",\"item\":\"https:\\\/\\\/biodynamizer.com\\\/de\\\/zusatzinformationen\\\/\"},{\"@type\":\"ListItem\",\"position\":3,\"name\":\"L\u2019\u00e9nergie Electromagn\u00e9tique, la lumi\u00e8re solaire illumine l\u2019eau\"}]},{\"@type\":\"WebSite\",\"@id\":\"https:\\\/\\\/biodynamizer.com\\\/de\\\/#website\",\"url\":\"https:\\\/\\\/biodynamizer.com\\\/de\\\/\",\"name\":\"Biodynamizer\",\"description\":\"Filtrez et dynamisez votre eau\",\"potentialAction\":[{\"@type\":\"SearchAction\",\"target\":{\"@type\":\"EntryPoint\",\"urlTemplate\":\"https:\\\/\\\/biodynamizer.com\\\/de\\\/?s={search_term_string}\"},\"query-input\":{\"@type\":\"PropertyValueSpecification\",\"valueRequired\":true,\"valueName\":\"search_term_string\"}}],\"inLanguage\":\"de\"}]}<\/script>\n<!-- \/ Yoast SEO plugin. -->","yoast_head_json":{"title":"L\u2019\u00e9nergie Electromagn\u00e9tique, la lumi\u00e8re solaire illumine l\u2019eau - Biodynamizer","description":"Biodynamizer - L\u2019\u00e9nergie Electromagn\u00e9tique, la lumi\u00e8re solaire illumine l\u2019eau - En savoir plus sur le biodynamizer et le biofiltre","robots":{"index":"index","follow":"follow","max-snippet":"max-snippet:-1","max-image-preview":"max-image-preview:large","max-video-preview":"max-video-preview:-1"},"canonical":"https:\/\/biodynamizer.com\/de\/zusatzinformationen\/energie-elektromagnetisches-licht-solar-licht-wasser\/","og_locale":"de_DE","og_type":"article","og_title":"L\u2019\u00e9nergie Electromagn\u00e9tique, la lumi\u00e8re solaire illumine l\u2019eau - Biodynamizer","og_description":"Biodynamizer - L\u2019\u00e9nergie Electromagn\u00e9tique, la lumi\u00e8re solaire illumine l\u2019eau - En savoir plus sur le biodynamizer et le biofiltre","og_url":"https:\/\/biodynamizer.com\/de\/zusatzinformationen\/energie-elektromagnetisches-licht-solar-licht-wasser\/","og_site_name":"Biodynamizer","article_modified_time":"2021-02-18T13:31:33+00:00","og_image":[{"width":2000,"height":1333,"url":"https:\/\/biodynamizer.com\/wp-content\/uploads\/2019\/11\/Depositphotos_15742931_xl-2015.jpg","type":"image\/jpeg"}],"twitter_card":"summary_large_image","twitter_misc":{"Gesch\u00e4tzte Lesezeit":"1\u00a0Minute"},"schema":{"@context":"https:\/\/schema.org","@graph":[{"@type":"WebPage","@id":"https:\/\/biodynamizer.com\/de\/zusatzinformationen\/energie-elektromagnetisches-licht-solar-licht-wasser\/","url":"https:\/\/biodynamizer.com\/de\/zusatzinformationen\/energie-elektromagnetisches-licht-solar-licht-wasser\/","name":"L\u2019\u00e9nergie Electromagn\u00e9tique, la lumi\u00e8re solaire illumine l\u2019eau - Biodynamizer","isPartOf":{"@id":"https:\/\/biodynamizer.com\/de\/#website"},"datePublished":"2020-01-27T09:19:13+00:00","dateModified":"2021-02-18T13:31:33+00:00","description":"Biodynamizer - L\u2019\u00e9nergie Electromagn\u00e9tique, la lumi\u00e8re solaire illumine l\u2019eau - En savoir plus sur le biodynamizer et le biofiltre","breadcrumb":{"@id":"https:\/\/biodynamizer.com\/de\/zusatzinformationen\/energie-elektromagnetisches-licht-solar-licht-wasser\/#breadcrumb"},"inLanguage":"de","potentialAction":[{"@type":"ReadAction","target":["https:\/\/biodynamizer.com\/de\/zusatzinformationen\/energie-elektromagnetisches-licht-solar-licht-wasser\/"]}]},{"@type":"BreadcrumbList","@id":"https:\/\/biodynamizer.com\/de\/zusatzinformationen\/energie-elektromagnetisches-licht-solar-licht-wasser\/#breadcrumb","itemListElement":[{"@type":"ListItem","position":1,"name":"Home","item":"https:\/\/biodynamizer.com\/de\/"},{"@type":"ListItem","position":2,"name":"Information additionnelle","item":"https:\/\/biodynamizer.com\/de\/zusatzinformationen\/"},{"@type":"ListItem","position":3,"name":"L\u2019\u00e9nergie Electromagn\u00e9tique, la lumi\u00e8re solaire illumine l\u2019eau"}]},{"@type":"WebSite","@id":"https:\/\/biodynamizer.com\/de\/#website","url":"https:\/\/biodynamizer.com\/de\/","name":"Biodynamizer","description":"Filtrez et dynamisez votre eau","potentialAction":[{"@type":"SearchAction","target":{"@type":"EntryPoint","urlTemplate":"https:\/\/biodynamizer.com\/de\/?s={search_term_string}"},"query-input":{"@type":"PropertyValueSpecification","valueRequired":true,"valueName":"search_term_string"}}],"inLanguage":"de"}]}},"_links":{"self":[{"href":"https:\/\/biodynamizer.com\/de\/wp-json\/wp\/v2\/pages\/6299","targetHints":{"allow":["GET"]}}],"collection":[{"href":"https:\/\/biodynamizer.com\/de\/wp-json\/wp\/v2\/pages"}],"about":[{"href":"https:\/\/biodynamizer.com\/de\/wp-json\/wp\/v2\/types\/page"}],"author":[{"embeddable":true,"href":"https:\/\/biodynamizer.com\/de\/wp-json\/wp\/v2\/users\/3"}],"replies":[{"embeddable":true,"href":"https:\/\/biodynamizer.com\/de\/wp-json\/wp\/v2\/comments?post=6299"}],"version-history":[{"count":1,"href":"https:\/\/biodynamizer.com\/de\/wp-json\/wp\/v2\/pages\/6299\/revisions"}],"predecessor-version":[{"id":6307,"href":"https:\/\/biodynamizer.com\/de\/wp-json\/wp\/v2\/pages\/6299\/revisions\/6307"}],"up":[{"embeddable":true,"href":"https:\/\/biodynamizer.com\/de\/wp-json\/wp\/v2\/pages\/5808"}],"wp:attachment":[{"href":"https:\/\/biodynamizer.com\/de\/wp-json\/wp\/v2\/media?parent=6299"}],"curies":[{"name":"wp","href":"https:\/\/api.w.org\/{rel}","templated":true}]}}