{"id":6301,"date":"2020-01-27T08:36:28","date_gmt":"2020-01-27T08:36:28","guid":{"rendered":"https:\/\/biodynamizer.spleen-creation.be\/information-additionnelle\/la-structure-de-la-matiere-est-plus-importante-que-sa-composition-chimique\/"},"modified":"2021-02-18T13:26:19","modified_gmt":"2021-02-18T13:26:19","slug":"der-materialaufbau-ist-mehr-wert-als-chemische-zusammensetzung","status":"publish","type":"page","link":"https:\/\/biodynamizer.com\/de\/zusatzinformationen\/der-materialaufbau-ist-mehr-wert-als-chemische-zusammensetzung\/","title":{"rendered":"Die struktur der materie ist wichtiger als ihre chemische zusammensetzung!"},"content":{"rendered":"<section class=\"l-section wpb_row us_custom_916fdabd height_small\"><div class=\"l-section-h i-cf\"><div class=\"g-cols vc_row via_flex valign_top type_default stacking_default\"><div class=\"vc_col-sm-12 wpb_column vc_column_container\"><div class=\"vc_column-inner\"><div class=\"wpb_wrapper\"><nav class=\"g-breadcrumbs separator_custom align_none\" itemscope itemtype=\"http:\/\/schema.org\/BreadcrumbList\"><div class=\"g-breadcrumbs-item\" itemscope itemprop=\"itemListElement\" itemtype=\"http:\/\/schema.org\/ListItem\"><a itemprop=\"item\" href=\"https:\/\/biodynamizer.com\/de\/\"><span itemprop=\"name\">Start<\/span><\/a><meta itemprop=\"position\" content=\"1\"\/><\/div><div class=\"g-breadcrumbs-separator\">\/<\/div><div class=\"g-breadcrumbs-item\">Seiten<\/div><\/nav><\/div><\/div><\/div><\/div><\/div><\/section><section class=\"l-section wpb_row fullheader height_huge with_img\"><div class=\"l-section-img\" role=\"img\" aria-label=\"3d illustration of molecule model. Science background with molecules and atoms\" data-img-width=\"2000\" data-img-height=\"1124\" style=\"background-image: url(https:\/\/biodynamizer.com\/wp-content\/uploads\/2020\/01\/Depositphotos_150563222_xl-2015.jpg);background-repeat: no-repeat;\"><\/div><div class=\"l-section-h i-cf\"><div class=\"g-cols vc_row via_flex valign_top type_default stacking_default\"><div class=\"vc_col-sm-12 wpb_column vc_column_container has_text_color\"><div class=\"vc_column-inner us_custom_6df4bc3a\"><div class=\"wpb_wrapper\"><div class=\"wpb_text_column\"><div class=\"wpb_wrapper\"><h3><b>Die <\/b><b>struktur<\/b><b> der <\/b><b>materie<\/b><b> ist wichtiger als ihre chemische <\/b><b>zusammensetzung<\/b><b>! <\/b><\/h3>\n<\/div><\/div><\/div><\/div><\/div><\/div><\/div><\/section><section class=\"l-section wpb_row max500 height_large\"><div class=\"l-section-h i-cf\"><div class=\"g-cols vc_row via_flex valign_top type_default stacking_default\"><div class=\"vc_col-sm-3 wpb_column vc_column_container\"><div class=\"vc_column-inner\"><div class=\"wpb_wrapper\"><div class=\"w-image max500 align_center\"><div class=\"w-image-h\"><img decoding=\"async\" width=\"291\" height=\"731\" src=\"https:\/\/biodynamizer.com\/wp-content\/uploads\/2020\/01\/chimique3.png\" class=\"attachment-large size-large\" alt=\"illustration d&#039;un corps rempli \u00e0 70% d&#039;eau\" loading=\"lazy\" srcset=\"https:\/\/biodynamizer.com\/wp-content\/uploads\/2020\/01\/chimique3.png 291w, https:\/\/biodynamizer.com\/wp-content\/uploads\/2020\/01\/chimique3-119x300.png 119w\" sizes=\"auto, (max-width: 291px) 100vw, 291px\" \/><\/div><\/div><\/div><\/div><\/div><div class=\"vc_col-sm-9 wpb_column vc_column_container\"><div class=\"vc_column-inner\"><div class=\"wpb_wrapper\"><div class=\"wpb_text_column\"><div class=\"wpb_wrapper\"><p>Die Anordnung der<strong> Struktur<\/strong> des Kohlenstoffs &#8222;C&#8220;, erlaubt es, v\u00f6llig unterschiedliche Materialien zu materialisieren! : Diamant, Graphit, Kohle<\/p>\n<p><i>Die Struktur des Wassers ist viel wichtiger als seine chemische Zusammensetzung&#8220; Prof. Rustum Roy, Univ. of Pennsylvania<\/i><\/p>\n<p><i>Wasser f\u00e4ngt Energie elektromagnetischen Ursprungs ein, speichert und \u00fcbertr\u00e4gt sie, Wasser ist vergleichbar mit einem Magnetband&#8220; J. Benveniste.<\/i><\/p>\n<\/div><\/div><div class=\"w-image align_center\"><div class=\"w-image-h\"><img decoding=\"async\" width=\"600\" height=\"300\" src=\"https:\/\/biodynamizer.com\/wp-content\/uploads\/2020\/03\/New-Project-4-3-600x300.jpg\" class=\"attachment-us_600_400_crop size-us_600_400_crop\" alt=\"\" loading=\"lazy\" \/><\/div><\/div><div class=\"w-separator size_large\"><\/div><div class=\"wpb_text_column\"><div class=\"wpb_wrapper\"><p>Die Aktivierung der zellul\u00e4ren Kommunikation unseres Stoffwechsels w\u00fcrde dank der im Wasser vorhandenen Energie erfolgen, die wie ein Informationscode in synchronisierter Weise schwingen w\u00fcrde. &#8222;<strong>Energiecodes, Wasser dekodiert.&#8220;<\/strong><\/p>\n<p>Daraus ergibt sich die Bedeutung der Qualit\u00e4t des Wassers, das wir trinken, in Bezug auf Reinheit, Struktur und Energie!<\/p>\n<\/div><\/div><\/div><\/div><\/div><\/div><\/div><\/section>\n","protected":false},"excerpt":{"rendered":"Start\/SeitenDie struktur der materie ist wichtiger als ihre chemische zusammensetzung! Die Anordnung der Struktur des Kohlenstoffs &#8222;C&#8220;, erlaubt es, v\u00f6llig unterschiedliche Materialien zu materialisieren! : Diamant, Graphit, Kohle Die Struktur des Wassers ist viel wichtiger als seine chemische Zusammensetzung&#8220; Prof. Rustum Roy, Univ. of Pennsylvania Wasser f\u00e4ngt Energie elektromagnetischen Ursprungs ein, speichert und \u00fcbertr\u00e4gt sie,...","protected":false},"author":3,"featured_media":0,"parent":5808,"menu_order":1,"comment_status":"closed","ping_status":"closed","template":"","meta":{"_monsterinsights_skip_tracking":false,"_monsterinsights_sitenote_active":false,"_monsterinsights_sitenote_note":"","_monsterinsights_sitenote_category":0,"footnotes":""},"class_list":["post-6301","page","type-page","status-publish","hentry"],"yoast_head":"<!-- This site is optimized with the Yoast SEO plugin v27.4 - https:\/\/yoast.com\/product\/yoast-seo-wordpress\/ -->\n<title>Die struktur der materie ist wichtiger als ihre chemische zusammensetzung! - Biodynamizer<\/title>\n<meta name=\"description\" content=\"Biodynamizer - Die struktur der materie ist wichtiger als ihre chemische zusammensetzung! - En savoir plus sur le biodynamizer et le biofiltre\" \/>\n<meta name=\"robots\" content=\"index, follow, max-snippet:-1, max-image-preview:large, max-video-preview:-1\" \/>\n<link rel=\"canonical\" href=\"https:\/\/biodynamizer.com\/de\/zusatzinformationen\/der-materialaufbau-ist-mehr-wert-als-chemische-zusammensetzung\/\" \/>\n<meta property=\"og:locale\" content=\"de_DE\" \/>\n<meta property=\"og:type\" content=\"article\" \/>\n<meta property=\"og:title\" content=\"Die struktur der materie ist wichtiger als ihre chemische zusammensetzung! - Biodynamizer\" \/>\n<meta property=\"og:description\" content=\"Biodynamizer - Die struktur der materie ist wichtiger als ihre chemische zusammensetzung! - En savoir plus sur le biodynamizer et le biofiltre\" \/>\n<meta property=\"og:url\" content=\"https:\/\/biodynamizer.com\/de\/zusatzinformationen\/der-materialaufbau-ist-mehr-wert-als-chemische-zusammensetzung\/\" \/>\n<meta property=\"og:site_name\" content=\"Biodynamizer\" \/>\n<meta property=\"article:modified_time\" content=\"2021-02-18T13:26:19+00:00\" \/>\n<meta property=\"og:image\" content=\"https:\/\/biodynamizer.com\/wp-content\/uploads\/2019\/11\/Depositphotos_15742931_xl-2015.jpg\" \/>\n\t<meta property=\"og:image:width\" content=\"2000\" \/>\n\t<meta property=\"og:image:height\" content=\"1333\" \/>\n\t<meta property=\"og:image:type\" content=\"image\/jpeg\" \/>\n<meta name=\"twitter:card\" content=\"summary_large_image\" \/>\n<meta name=\"twitter:label1\" content=\"Gesch\u00e4tzte Lesezeit\" \/>\n\t<meta name=\"twitter:data1\" content=\"1\u00a0Minute\" \/>\n<script type=\"application\/ld+json\" class=\"yoast-schema-graph\">{\"@context\":\"https:\\\/\\\/schema.org\",\"@graph\":[{\"@type\":\"WebPage\",\"@id\":\"https:\\\/\\\/biodynamizer.com\\\/de\\\/zusatzinformationen\\\/der-materialaufbau-ist-mehr-wert-als-chemische-zusammensetzung\\\/\",\"url\":\"https:\\\/\\\/biodynamizer.com\\\/de\\\/zusatzinformationen\\\/der-materialaufbau-ist-mehr-wert-als-chemische-zusammensetzung\\\/\",\"name\":\"Die struktur der materie ist wichtiger als ihre chemische zusammensetzung! - Biodynamizer\",\"isPartOf\":{\"@id\":\"https:\\\/\\\/biodynamizer.com\\\/de\\\/#website\"},\"datePublished\":\"2020-01-27T08:36:28+00:00\",\"dateModified\":\"2021-02-18T13:26:19+00:00\",\"description\":\"Biodynamizer - Die struktur der materie ist wichtiger als ihre chemische zusammensetzung! - En savoir plus sur le biodynamizer et le biofiltre\",\"breadcrumb\":{\"@id\":\"https:\\\/\\\/biodynamizer.com\\\/de\\\/zusatzinformationen\\\/der-materialaufbau-ist-mehr-wert-als-chemische-zusammensetzung\\\/#breadcrumb\"},\"inLanguage\":\"de\",\"potentialAction\":[{\"@type\":\"ReadAction\",\"target\":[\"https:\\\/\\\/biodynamizer.com\\\/de\\\/zusatzinformationen\\\/der-materialaufbau-ist-mehr-wert-als-chemische-zusammensetzung\\\/\"]}]},{\"@type\":\"BreadcrumbList\",\"@id\":\"https:\\\/\\\/biodynamizer.com\\\/de\\\/zusatzinformationen\\\/der-materialaufbau-ist-mehr-wert-als-chemische-zusammensetzung\\\/#breadcrumb\",\"itemListElement\":[{\"@type\":\"ListItem\",\"position\":1,\"name\":\"Home\",\"item\":\"https:\\\/\\\/biodynamizer.com\\\/de\\\/\"},{\"@type\":\"ListItem\",\"position\":2,\"name\":\"Information additionnelle\",\"item\":\"https:\\\/\\\/biodynamizer.com\\\/de\\\/zusatzinformationen\\\/\"},{\"@type\":\"ListItem\",\"position\":3,\"name\":\"Die struktur der materie ist wichtiger als ihre chemische zusammensetzung!\"}]},{\"@type\":\"WebSite\",\"@id\":\"https:\\\/\\\/biodynamizer.com\\\/de\\\/#website\",\"url\":\"https:\\\/\\\/biodynamizer.com\\\/de\\\/\",\"name\":\"Biodynamizer\",\"description\":\"Filtrez et dynamisez votre eau\",\"potentialAction\":[{\"@type\":\"SearchAction\",\"target\":{\"@type\":\"EntryPoint\",\"urlTemplate\":\"https:\\\/\\\/biodynamizer.com\\\/de\\\/?s={search_term_string}\"},\"query-input\":{\"@type\":\"PropertyValueSpecification\",\"valueRequired\":true,\"valueName\":\"search_term_string\"}}],\"inLanguage\":\"de\"}]}<\/script>\n<!-- \/ Yoast SEO plugin. -->","yoast_head_json":{"title":"Die struktur der materie ist wichtiger als ihre chemische zusammensetzung! - Biodynamizer","description":"Biodynamizer - Die struktur der materie ist wichtiger als ihre chemische zusammensetzung! - En savoir plus sur le biodynamizer et le biofiltre","robots":{"index":"index","follow":"follow","max-snippet":"max-snippet:-1","max-image-preview":"max-image-preview:large","max-video-preview":"max-video-preview:-1"},"canonical":"https:\/\/biodynamizer.com\/de\/zusatzinformationen\/der-materialaufbau-ist-mehr-wert-als-chemische-zusammensetzung\/","og_locale":"de_DE","og_type":"article","og_title":"Die struktur der materie ist wichtiger als ihre chemische zusammensetzung! - Biodynamizer","og_description":"Biodynamizer - Die struktur der materie ist wichtiger als ihre chemische zusammensetzung! - En savoir plus sur le biodynamizer et le biofiltre","og_url":"https:\/\/biodynamizer.com\/de\/zusatzinformationen\/der-materialaufbau-ist-mehr-wert-als-chemische-zusammensetzung\/","og_site_name":"Biodynamizer","article_modified_time":"2021-02-18T13:26:19+00:00","og_image":[{"width":2000,"height":1333,"url":"https:\/\/biodynamizer.com\/wp-content\/uploads\/2019\/11\/Depositphotos_15742931_xl-2015.jpg","type":"image\/jpeg"}],"twitter_card":"summary_large_image","twitter_misc":{"Gesch\u00e4tzte Lesezeit":"1\u00a0Minute"},"schema":{"@context":"https:\/\/schema.org","@graph":[{"@type":"WebPage","@id":"https:\/\/biodynamizer.com\/de\/zusatzinformationen\/der-materialaufbau-ist-mehr-wert-als-chemische-zusammensetzung\/","url":"https:\/\/biodynamizer.com\/de\/zusatzinformationen\/der-materialaufbau-ist-mehr-wert-als-chemische-zusammensetzung\/","name":"Die struktur der materie ist wichtiger als ihre chemische zusammensetzung! - Biodynamizer","isPartOf":{"@id":"https:\/\/biodynamizer.com\/de\/#website"},"datePublished":"2020-01-27T08:36:28+00:00","dateModified":"2021-02-18T13:26:19+00:00","description":"Biodynamizer - Die struktur der materie ist wichtiger als ihre chemische zusammensetzung! - En savoir plus sur le biodynamizer et le biofiltre","breadcrumb":{"@id":"https:\/\/biodynamizer.com\/de\/zusatzinformationen\/der-materialaufbau-ist-mehr-wert-als-chemische-zusammensetzung\/#breadcrumb"},"inLanguage":"de","potentialAction":[{"@type":"ReadAction","target":["https:\/\/biodynamizer.com\/de\/zusatzinformationen\/der-materialaufbau-ist-mehr-wert-als-chemische-zusammensetzung\/"]}]},{"@type":"BreadcrumbList","@id":"https:\/\/biodynamizer.com\/de\/zusatzinformationen\/der-materialaufbau-ist-mehr-wert-als-chemische-zusammensetzung\/#breadcrumb","itemListElement":[{"@type":"ListItem","position":1,"name":"Home","item":"https:\/\/biodynamizer.com\/de\/"},{"@type":"ListItem","position":2,"name":"Information additionnelle","item":"https:\/\/biodynamizer.com\/de\/zusatzinformationen\/"},{"@type":"ListItem","position":3,"name":"Die struktur der materie ist wichtiger als ihre chemische zusammensetzung!"}]},{"@type":"WebSite","@id":"https:\/\/biodynamizer.com\/de\/#website","url":"https:\/\/biodynamizer.com\/de\/","name":"Biodynamizer","description":"Filtrez et dynamisez votre eau","potentialAction":[{"@type":"SearchAction","target":{"@type":"EntryPoint","urlTemplate":"https:\/\/biodynamizer.com\/de\/?s={search_term_string}"},"query-input":{"@type":"PropertyValueSpecification","valueRequired":true,"valueName":"search_term_string"}}],"inLanguage":"de"}]}},"_links":{"self":[{"href":"https:\/\/biodynamizer.com\/de\/wp-json\/wp\/v2\/pages\/6301","targetHints":{"allow":["GET"]}}],"collection":[{"href":"https:\/\/biodynamizer.com\/de\/wp-json\/wp\/v2\/pages"}],"about":[{"href":"https:\/\/biodynamizer.com\/de\/wp-json\/wp\/v2\/types\/page"}],"author":[{"embeddable":true,"href":"https:\/\/biodynamizer.com\/de\/wp-json\/wp\/v2\/users\/3"}],"replies":[{"embeddable":true,"href":"https:\/\/biodynamizer.com\/de\/wp-json\/wp\/v2\/comments?post=6301"}],"version-history":[{"count":2,"href":"https:\/\/biodynamizer.com\/de\/wp-json\/wp\/v2\/pages\/6301\/revisions"}],"predecessor-version":[{"id":7972,"href":"https:\/\/biodynamizer.com\/de\/wp-json\/wp\/v2\/pages\/6301\/revisions\/7972"}],"up":[{"embeddable":true,"href":"https:\/\/biodynamizer.com\/de\/wp-json\/wp\/v2\/pages\/5808"}],"wp:attachment":[{"href":"https:\/\/biodynamizer.com\/de\/wp-json\/wp\/v2\/media?parent=6301"}],"curies":[{"name":"wp","href":"https:\/\/api.w.org\/{rel}","templated":true}]}}