{"id":6321,"date":"2020-01-27T07:35:44","date_gmt":"2020-01-27T07:35:44","guid":{"rendered":"https:\/\/biodynamizer.spleen-creation.be\/information-additionnelle\/le-magnetisme-dans-le-biodynamizer\/"},"modified":"2022-11-03T11:13:38","modified_gmt":"2022-11-03T11:13:38","slug":"der-magnetismus-im-biodynamisator","status":"publish","type":"page","link":"https:\/\/biodynamizer.com\/de\/zusatzinformationen\/der-magnetismus-im-biodynamisator\/","title":{"rendered":"Magnetismus im Biodynamizer\u00ae."},"content":{"rendered":"<section class=\"l-section wpb_row us_custom_916fdabd height_small\"><div class=\"l-section-h i-cf\"><div class=\"g-cols vc_row via_flex valign_top type_default stacking_default\"><div class=\"vc_col-sm-12 wpb_column vc_column_container\"><div class=\"vc_column-inner\"><div class=\"wpb_wrapper\"><nav class=\"g-breadcrumbs separator_custom align_none\" itemscope itemtype=\"http:\/\/schema.org\/BreadcrumbList\"><div class=\"g-breadcrumbs-item\" itemscope itemprop=\"itemListElement\" itemtype=\"http:\/\/schema.org\/ListItem\"><a itemprop=\"item\" href=\"https:\/\/biodynamizer.com\/de\/\"><span itemprop=\"name\">Start<\/span><\/a><meta itemprop=\"position\" content=\"1\"\/><\/div><div class=\"g-breadcrumbs-separator\">\/<\/div><div class=\"g-breadcrumbs-item\">Seiten<\/div><\/nav><\/div><\/div><\/div><\/div><\/div><\/section><section class=\"l-section wpb_row fullheader height_huge with_img\"><div class=\"l-section-img\" role=\"img\" aria-label=\"Space waves\" data-img-width=\"1029\" data-img-height=\"581\" style=\"background-image: url(https:\/\/biodynamizer.com\/wp-content\/uploads\/2020\/01\/spacewaves.png);background-repeat: no-repeat;\"><\/div><div class=\"l-section-h i-cf\"><div class=\"g-cols vc_row via_flex valign_top type_default stacking_default\"><div class=\"vc_col-sm-12 wpb_column vc_column_container has_text_color\"><div class=\"vc_column-inner us_custom_6df4bc3a\"><div class=\"wpb_wrapper\"><div class=\"wpb_text_column\"><div class=\"wpb_wrapper\"><h3>Magnetismus im Biodynamizer\u00ae.<\/h3>\n<\/div><\/div><\/div><\/div><\/div><\/div><\/div><\/section><section class=\"l-section wpb_row height_large\"><div class=\"l-section-h i-cf\"><div class=\"g-cols vc_row via_flex valign_top type_default stacking_default\"><div class=\"vc_col-sm-12 wpb_column vc_column_container\"><div class=\"vc_column-inner\"><div class=\"wpb_wrapper\"><div class=\"wpb_text_column\"><div class=\"wpb_wrapper\"><p>Der Magnetismus im Biodynamizer\u00ae wird :<\/p>\n<ol>\n<li>Wasser ionisieren (seine elektrische Ladung ver\u00e4ndern) und damit die <strong><a href=\"https:\/\/biodynamizer.com\/de\/wasser\/\">Membranspannung<\/a><\/strong> (die Polarit\u00e4t der Plasmamembran, die unsere Zellen umgibt) ver\u00e4ndern. Dies tr\u00e4gt dazu bei (mit dem Unterschied der intra- und extrazellul\u00e4ren Ionenkonzentration), die Ionenkan\u00e4le zu aktivieren, die den zellul\u00e4ren Metabolismus funktionieren lassen (Ern\u00e4hrung\/Entgiftung); in der Tat sieht jede leitende Fl\u00fcssigkeit (mineralisiertes Wasser) in Bewegung (Wirbel) in einem leitenden Rohr (Kupfer) und Magnetfeldern (Permanentmagneten) ausgesetzt, die Geburt von elektrischen Str\u00f6men mit elektronegativer Ladung, die Wasser ionisieren (Elektronen\u00fcbertragungen) und dies im Verh\u00e4ltnis zur Geschwindigkeit des Wasserflusses<\/li>\n<li>\u00dcbertragung von Energie auf das Wasser (in Form von Photonen = Joule) durch die Wechselwirkung zwischen der von den Permanentmagneten abgegebenen magnetischen Energie und der kinetischen Energie der Wirbelbewegung. Diese Energie w\u00fcrde kommuniziert werden an:\n<ul>\n<li>nanometrische Wasserfilme um unsere Proteine -&gt; diese magnetische Energie w\u00fcrde in elektrische Energie umgewandelt werden, die den Zellstoffwechsel zum Funktionieren bringt (vgl. Pr. G. Pollack)<\/li>\n<li>im Wasser vorhandene Mineralsalze -&gt; Energie wird haupts\u00e4chlich in ionisierten Salzen eingefangen und gespeichert (Pr. Kozyrev)<\/li>\n<\/ul>\n<\/li>\n<li>H2O-Molek\u00fcle umstrukturieren: durch Erh\u00f6hung der Polarisationskoh\u00e4renz ihrer Elektronen (Ausrichtung der Dipole der Wassermolek\u00fcle in Richtung des Magnetfeldes), durch Verlangsamung ihrer Rotationsgeschwindigkeit (Spin) und durch Erh\u00f6hung der Wasserstoffbr\u00fccken und Molek\u00fclbindungen (durch den \u00dcberschuss an delokalisierten Elektronen). Als Ergebnis wird die durchschnittliche Gr\u00f6\u00dfe der Wasser-Makro-Cluster zunehmen und ihre molekulare Struktur wird stabiler werden (st\u00e4rkere, stabile und organisierte Wasserstoffbr\u00fccken -&gt; <strong><a href=\"https:\/\/biodynamizer.com\/de\/wissenschaftliche-analyse\/die-kristalle-des-wassers\/\">Wasserkristalle<\/a><\/strong><\/li>\n<li>Verringerung der Oberfl\u00e4chenspannung des Wassers = gr\u00f6\u00dfere Benetzbarkeit\/Zellhydratation (siehe geometrische Form des gespreizten und verzerrten Wassertropfens auf dem <strong><a href=\"https:\/\/biodynamizer.com\/de\/wissenschaftliche-analyse\/la-kamera-elektrophotonische-coramp-loesungen\/\">elektrophotonischen<\/a><\/strong> Foto)<\/li>\n<li>Ver\u00e4nderung der Morphologie des Kalksteins (rundere Form und gr\u00f6\u00dfere Kristallgr\u00f6\u00dfe = fr\u00fchzeitiges Auskeimen von kolloidalen Kalksteinpartikeln), was seine Haftung an den W\u00e4nden verringert (andere Kristallstruktur)<\/li>\n<li>Die &#8222;<strong><a href=\"https:\/\/biodynamizer.com\/de\/wissenschaftliche-analyse\/das-wasser-gedaechtnis\/\">kontaminierenden Schimmelpilze<\/a><\/strong>&#8220; zu l\u00f6schen, die die elektromagnetischen Signaturen (SEM) der Schadstoffe sind, die im Wasser vorhanden sind oder waren (Ged\u00e4chtnisabdruck, der aufgrund der Arbeit \u00fcber das &#8222;Ged\u00e4chtnis des Wassers&#8220; von J. Benveniste festgestellt wurde)<\/li>\n<\/ol>\n<\/div><\/div><div class=\"w-separator size_medium\"><\/div><div class=\"wpb_text_column\"><div class=\"wpb_wrapper\"><p>Die Magnetisierung erfolgt im Biodynamizer\u00ae dreidimensional.<\/p>\n<ul>\n<li>3 Achsen der Magnetisierung (Polarisation) :\n<ul>\n<li>Rotierende X- &amp; Y-Achse: senkrecht zur Wasserstr\u00f6mung um 90\u00b0 im Uhrzeigersinn drehend (= magnetischer Wirbel)<\/li>\n<li>Alternierende N\/S &amp; S\/N Z-Achsen: toroidal mit kreisf\u00f6rmiger Bewegung des Wassers innerhalb der Magnetfeldlinien f\u00fcr den letzten Ringmagneten (S\u00e4ulenwirbel);<\/li>\n<\/ul>\n<\/li>\n<li>Die Magnete haben unterschiedliche &amp; wechselnde Kr\u00e4fte: 1 Neodym, 10 Ferrite, 1 Neodym<\/li>\n<li>Der Kupfer-Aquifer-Teil ist diamagnetisch: Sehr schwaches Magnetfeld entgegengesetzt zum \u00e4u\u00dferen Feld. Diese Magnetisierung endet, sobald das Magnetisierungsfeld entfernt wird.<\/li>\n<\/ul>\n<\/div><\/div><div class=\"w-separator size_medium\"><\/div><div class=\"g-cols wpb_row via_flex valign_top type_default stacking_default\"><div class=\"vc_col-sm-6 wpb_column vc_column_container\"><div class=\"vc_column-inner\"><div class=\"wpb_wrapper\"><div class=\"w-image align_center\"><div class=\"w-image-h\"><img decoding=\"async\" width=\"479\" height=\"479\" src=\"https:\/\/biodynamizer.com\/wp-content\/uploads\/2020\/01\/tridem.png\" class=\"attachment-large size-large\" alt=\"\" loading=\"lazy\" srcset=\"https:\/\/biodynamizer.com\/wp-content\/uploads\/2020\/01\/tridem.png 479w, https:\/\/biodynamizer.com\/wp-content\/uploads\/2020\/01\/tridem-300x300.png 300w, https:\/\/biodynamizer.com\/wp-content\/uploads\/2020\/01\/tridem-150x150.png 150w\" sizes=\"auto, (max-width: 479px) 100vw, 479px\" \/><\/div><\/div><div class=\"wpb_text_column\"><div class=\"wpb_wrapper\"><p style=\"text-align: center;\">Elektrophotographische Aufnahme von nicht magnetisiertem Kupfer<\/p>\n<\/div><\/div><\/div><\/div><\/div><div class=\"vc_col-sm-6 wpb_column vc_column_container\"><div class=\"vc_column-inner\"><div class=\"wpb_wrapper\"><div class=\"w-image align_center\"><div class=\"w-image-h\"><img decoding=\"async\" width=\"474\" height=\"479\" src=\"https:\/\/biodynamizer.com\/wp-content\/uploads\/2020\/01\/tridem2.png\" class=\"attachment-large size-large\" alt=\"\" loading=\"lazy\" srcset=\"https:\/\/biodynamizer.com\/wp-content\/uploads\/2020\/01\/tridem2.png 474w, https:\/\/biodynamizer.com\/wp-content\/uploads\/2020\/01\/tridem2-297x300.png 297w\" sizes=\"auto, (max-width: 474px) 100vw, 474px\" \/><\/div><\/div><div class=\"wpb_text_column\"><div class=\"wpb_wrapper\"><p style=\"text-align: center;\">Elektrophotographische Aufnahme von magnetisiertem Kupfer<\/p>\n<\/div><\/div><\/div><\/div><\/div><\/div><\/div><\/div><\/div><\/div><\/div><\/section>\n","protected":false},"excerpt":{"rendered":"Start\/Seiten Magnetismus im Biodynamizer\u00ae. Der Magnetismus im Biodynamizer\u00ae wird : Wasser ionisieren (seine elektrische Ladung ver\u00e4ndern) und damit die Membranspannung (die Polarit\u00e4t der Plasmamembran, die unsere Zellen umgibt) ver\u00e4ndern. Dies tr\u00e4gt dazu bei (mit dem Unterschied der intra- und extrazellul\u00e4ren Ionenkonzentration), die Ionenkan\u00e4le zu aktivieren, die den zellul\u00e4ren Metabolismus funktionieren lassen (Ern\u00e4hrung\/Entgiftung); in der Tat...","protected":false},"author":3,"featured_media":0,"parent":5808,"menu_order":0,"comment_status":"closed","ping_status":"closed","template":"","meta":{"_monsterinsights_skip_tracking":false,"_monsterinsights_sitenote_active":false,"_monsterinsights_sitenote_note":"","_monsterinsights_sitenote_category":0,"footnotes":""},"class_list":["post-6321","page","type-page","status-publish","hentry"],"yoast_head":"<!-- This site is optimized with the Yoast SEO plugin v27.3 - https:\/\/yoast.com\/product\/yoast-seo-wordpress\/ -->\n<title>Magnetismus im Biodynamizer\u00ae. - Biodynamizer<\/title>\n<meta name=\"description\" content=\"Biodynamizer - Magnetismus im Biodynamizer\u00ae. - En savoir plus sur le biodynamizer et le biofiltre\" \/>\n<meta name=\"robots\" content=\"index, follow, max-snippet:-1, max-image-preview:large, max-video-preview:-1\" \/>\n<link rel=\"canonical\" href=\"https:\/\/biodynamizer.com\/de\/zusatzinformationen\/der-magnetismus-im-biodynamisator\/\" \/>\n<meta property=\"og:locale\" content=\"de_DE\" \/>\n<meta property=\"og:type\" content=\"article\" \/>\n<meta property=\"og:title\" content=\"Magnetismus im Biodynamizer\u00ae. - Biodynamizer\" \/>\n<meta property=\"og:description\" content=\"Biodynamizer - Magnetismus im Biodynamizer\u00ae. - En savoir plus sur le biodynamizer et le biofiltre\" \/>\n<meta property=\"og:url\" content=\"https:\/\/biodynamizer.com\/de\/zusatzinformationen\/der-magnetismus-im-biodynamisator\/\" \/>\n<meta property=\"og:site_name\" content=\"Biodynamizer\" \/>\n<meta property=\"article:modified_time\" content=\"2022-11-03T11:13:38+00:00\" \/>\n<meta property=\"og:image\" content=\"https:\/\/biodynamizer.com\/wp-content\/uploads\/2019\/11\/Depositphotos_15742931_xl-2015.jpg\" \/>\n\t<meta property=\"og:image:width\" content=\"2000\" \/>\n\t<meta property=\"og:image:height\" content=\"1333\" \/>\n\t<meta property=\"og:image:type\" content=\"image\/jpeg\" \/>\n<meta name=\"twitter:card\" content=\"summary_large_image\" \/>\n<meta name=\"twitter:label1\" content=\"Gesch\u00e4tzte Lesezeit\" \/>\n\t<meta name=\"twitter:data1\" content=\"2\u00a0Minuten\" \/>\n<script type=\"application\/ld+json\" class=\"yoast-schema-graph\">{\"@context\":\"https:\\\/\\\/schema.org\",\"@graph\":[{\"@type\":\"WebPage\",\"@id\":\"https:\\\/\\\/biodynamizer.com\\\/de\\\/zusatzinformationen\\\/der-magnetismus-im-biodynamisator\\\/\",\"url\":\"https:\\\/\\\/biodynamizer.com\\\/de\\\/zusatzinformationen\\\/der-magnetismus-im-biodynamisator\\\/\",\"name\":\"Magnetismus im Biodynamizer\u00ae. - Biodynamizer\",\"isPartOf\":{\"@id\":\"https:\\\/\\\/biodynamizer.com\\\/de\\\/#website\"},\"datePublished\":\"2020-01-27T07:35:44+00:00\",\"dateModified\":\"2022-11-03T11:13:38+00:00\",\"description\":\"Biodynamizer - Magnetismus im Biodynamizer\u00ae. - En savoir plus sur le biodynamizer et le biofiltre\",\"breadcrumb\":{\"@id\":\"https:\\\/\\\/biodynamizer.com\\\/de\\\/zusatzinformationen\\\/der-magnetismus-im-biodynamisator\\\/#breadcrumb\"},\"inLanguage\":\"de\",\"potentialAction\":[{\"@type\":\"ReadAction\",\"target\":[\"https:\\\/\\\/biodynamizer.com\\\/de\\\/zusatzinformationen\\\/der-magnetismus-im-biodynamisator\\\/\"]}]},{\"@type\":\"BreadcrumbList\",\"@id\":\"https:\\\/\\\/biodynamizer.com\\\/de\\\/zusatzinformationen\\\/der-magnetismus-im-biodynamisator\\\/#breadcrumb\",\"itemListElement\":[{\"@type\":\"ListItem\",\"position\":1,\"name\":\"Home\",\"item\":\"https:\\\/\\\/biodynamizer.com\\\/de\\\/\"},{\"@type\":\"ListItem\",\"position\":2,\"name\":\"Information additionnelle\",\"item\":\"https:\\\/\\\/biodynamizer.com\\\/de\\\/zusatzinformationen\\\/\"},{\"@type\":\"ListItem\",\"position\":3,\"name\":\"Magnetismus im Biodynamizer\u00ae.\"}]},{\"@type\":\"WebSite\",\"@id\":\"https:\\\/\\\/biodynamizer.com\\\/de\\\/#website\",\"url\":\"https:\\\/\\\/biodynamizer.com\\\/de\\\/\",\"name\":\"Biodynamizer\",\"description\":\"Filtrez et dynamisez votre eau\",\"potentialAction\":[{\"@type\":\"SearchAction\",\"target\":{\"@type\":\"EntryPoint\",\"urlTemplate\":\"https:\\\/\\\/biodynamizer.com\\\/de\\\/?s={search_term_string}\"},\"query-input\":{\"@type\":\"PropertyValueSpecification\",\"valueRequired\":true,\"valueName\":\"search_term_string\"}}],\"inLanguage\":\"de\"}]}<\/script>\n<!-- \/ Yoast SEO plugin. -->","yoast_head_json":{"title":"Magnetismus im Biodynamizer\u00ae. - Biodynamizer","description":"Biodynamizer - Magnetismus im Biodynamizer\u00ae. - En savoir plus sur le biodynamizer et le biofiltre","robots":{"index":"index","follow":"follow","max-snippet":"max-snippet:-1","max-image-preview":"max-image-preview:large","max-video-preview":"max-video-preview:-1"},"canonical":"https:\/\/biodynamizer.com\/de\/zusatzinformationen\/der-magnetismus-im-biodynamisator\/","og_locale":"de_DE","og_type":"article","og_title":"Magnetismus im Biodynamizer\u00ae. - Biodynamizer","og_description":"Biodynamizer - Magnetismus im Biodynamizer\u00ae. - En savoir plus sur le biodynamizer et le biofiltre","og_url":"https:\/\/biodynamizer.com\/de\/zusatzinformationen\/der-magnetismus-im-biodynamisator\/","og_site_name":"Biodynamizer","article_modified_time":"2022-11-03T11:13:38+00:00","og_image":[{"width":2000,"height":1333,"url":"https:\/\/biodynamizer.com\/wp-content\/uploads\/2019\/11\/Depositphotos_15742931_xl-2015.jpg","type":"image\/jpeg"}],"twitter_card":"summary_large_image","twitter_misc":{"Gesch\u00e4tzte Lesezeit":"2\u00a0Minuten"},"schema":{"@context":"https:\/\/schema.org","@graph":[{"@type":"WebPage","@id":"https:\/\/biodynamizer.com\/de\/zusatzinformationen\/der-magnetismus-im-biodynamisator\/","url":"https:\/\/biodynamizer.com\/de\/zusatzinformationen\/der-magnetismus-im-biodynamisator\/","name":"Magnetismus im Biodynamizer\u00ae. - Biodynamizer","isPartOf":{"@id":"https:\/\/biodynamizer.com\/de\/#website"},"datePublished":"2020-01-27T07:35:44+00:00","dateModified":"2022-11-03T11:13:38+00:00","description":"Biodynamizer - Magnetismus im Biodynamizer\u00ae. - En savoir plus sur le biodynamizer et le biofiltre","breadcrumb":{"@id":"https:\/\/biodynamizer.com\/de\/zusatzinformationen\/der-magnetismus-im-biodynamisator\/#breadcrumb"},"inLanguage":"de","potentialAction":[{"@type":"ReadAction","target":["https:\/\/biodynamizer.com\/de\/zusatzinformationen\/der-magnetismus-im-biodynamisator\/"]}]},{"@type":"BreadcrumbList","@id":"https:\/\/biodynamizer.com\/de\/zusatzinformationen\/der-magnetismus-im-biodynamisator\/#breadcrumb","itemListElement":[{"@type":"ListItem","position":1,"name":"Home","item":"https:\/\/biodynamizer.com\/de\/"},{"@type":"ListItem","position":2,"name":"Information additionnelle","item":"https:\/\/biodynamizer.com\/de\/zusatzinformationen\/"},{"@type":"ListItem","position":3,"name":"Magnetismus im Biodynamizer\u00ae."}]},{"@type":"WebSite","@id":"https:\/\/biodynamizer.com\/de\/#website","url":"https:\/\/biodynamizer.com\/de\/","name":"Biodynamizer","description":"Filtrez et dynamisez votre eau","potentialAction":[{"@type":"SearchAction","target":{"@type":"EntryPoint","urlTemplate":"https:\/\/biodynamizer.com\/de\/?s={search_term_string}"},"query-input":{"@type":"PropertyValueSpecification","valueRequired":true,"valueName":"search_term_string"}}],"inLanguage":"de"}]}},"_links":{"self":[{"href":"https:\/\/biodynamizer.com\/de\/wp-json\/wp\/v2\/pages\/6321","targetHints":{"allow":["GET"]}}],"collection":[{"href":"https:\/\/biodynamizer.com\/de\/wp-json\/wp\/v2\/pages"}],"about":[{"href":"https:\/\/biodynamizer.com\/de\/wp-json\/wp\/v2\/types\/page"}],"author":[{"embeddable":true,"href":"https:\/\/biodynamizer.com\/de\/wp-json\/wp\/v2\/users\/3"}],"replies":[{"embeddable":true,"href":"https:\/\/biodynamizer.com\/de\/wp-json\/wp\/v2\/comments?post=6321"}],"version-history":[{"count":4,"href":"https:\/\/biodynamizer.com\/de\/wp-json\/wp\/v2\/pages\/6321\/revisions"}],"predecessor-version":[{"id":17362,"href":"https:\/\/biodynamizer.com\/de\/wp-json\/wp\/v2\/pages\/6321\/revisions\/17362"}],"up":[{"embeddable":true,"href":"https:\/\/biodynamizer.com\/de\/wp-json\/wp\/v2\/pages\/5808"}],"wp:attachment":[{"href":"https:\/\/biodynamizer.com\/de\/wp-json\/wp\/v2\/media?parent=6321"}],"curies":[{"name":"wp","href":"https:\/\/api.w.org\/{rel}","templated":true}]}}