{"id":6324,"date":"2020-01-24T14:10:04","date_gmt":"2020-01-24T14:10:04","guid":{"rendered":"https:\/\/biodynamizer.spleen-creation.be\/information-additionnelle\/efficacite-du-biofiltre\/"},"modified":"2026-01-05T09:52:37","modified_gmt":"2026-01-05T09:52:37","slug":"biofilterwirkung","status":"publish","type":"page","link":"https:\/\/biodynamizer.com\/de\/zusatzinformationen\/biofilterwirkung\/","title":{"rendered":"Biofilter-Effizienz"},"content":{"rendered":"<section class=\"l-section wpb_row us_custom_916fdabd height_small\"><div class=\"l-section-h i-cf\"><div class=\"g-cols vc_row via_flex valign_top type_default stacking_default\"><div class=\"vc_col-sm-12 wpb_column vc_column_container\"><div class=\"vc_column-inner\"><div class=\"wpb_wrapper\"><nav class=\"g-breadcrumbs separator_custom align_none\" itemscope itemtype=\"http:\/\/schema.org\/BreadcrumbList\"><div class=\"g-breadcrumbs-item\" itemscope itemprop=\"itemListElement\" itemtype=\"http:\/\/schema.org\/ListItem\"><a itemprop=\"item\" href=\"https:\/\/biodynamizer.com\/de\/\"><span itemprop=\"name\">Start<\/span><\/a><meta itemprop=\"position\" content=\"1\"\/><\/div><div class=\"g-breadcrumbs-separator\">\/<\/div><div class=\"g-breadcrumbs-item\">Seiten<\/div><\/nav><\/div><\/div><\/div><\/div><\/div><\/section><section class=\"l-section wpb_row fullheader height_huge with_img\"><div class=\"l-section-img\" role=\"img\" aria-label=\"eau avec quelques bulles\" data-img-width=\"1920\" data-img-height=\"1282\" style=\"background-image: url(https:\/\/biodynamizer.com\/wp-content\/uploads\/2019\/11\/eau4.jpg);background-repeat: no-repeat;\"><\/div><div class=\"l-section-h i-cf\"><div class=\"g-cols vc_row via_flex valign_top type_default stacking_default\"><div class=\"vc_col-sm-12 wpb_column vc_column_container has_text_color\"><div class=\"vc_column-inner us_custom_6df4bc3a\"><div class=\"wpb_wrapper\"><div class=\"wpb_text_column us_custom_8b3d6790 has_text_color\"><div class=\"wpb_wrapper\"><h3 style=\"text-shadow: #000000 2px 2px 1px; text-align: center;\">Biofilter-Effizienz<\/h3>\n<\/div><\/div><\/div><\/div><\/div><\/div><\/div><\/section><section class=\"l-section wpb_row max500 height_large\"><div class=\"l-section-h i-cf\"><div class=\"g-cols vc_row via_flex valign_top type_default stacking_default\"><div class=\"vc_col-sm-6 wpb_column vc_column_container\"><div class=\"vc_column-inner\"><div class=\"wpb_wrapper\"><div class=\"w-image align_none\"><div class=\"w-image-h\"><img decoding=\"async\" width=\"768\" height=\"1024\" src=\"https:\/\/biodynamizer.com\/wp-content\/uploads\/2023\/02\/Photo-illustration-768x1024.jpg\" class=\"attachment-large size-large\" alt=\"boites de p\u00e9tri pos\u00e9es sur une table blanche\" loading=\"lazy\" srcset=\"https:\/\/biodynamizer.com\/wp-content\/uploads\/2023\/02\/Photo-illustration-768x1024.jpg 768w, https:\/\/biodynamizer.com\/wp-content\/uploads\/2023\/02\/Photo-illustration-225x300.jpg 225w, https:\/\/biodynamizer.com\/wp-content\/uploads\/2023\/02\/Photo-illustration-scaled.jpg 1920w\" sizes=\"auto, (max-width: 768px) 100vw, 768px\" \/><\/div><\/div><\/div><\/div><\/div><div class=\"vc_col-sm-6 wpb_column vc_column_container\"><div class=\"vc_column-inner\"><div class=\"wpb_wrapper\"><div class=\"wpb_text_column\"><div class=\"wpb_wrapper\"><ul>\n<li><b>Im Dezember 2022 lie\u00df <\/b><b>Dynamized<\/b><b> Technologies <\/b>von einem unabh\u00e4ngigen belgischen akkreditierten Labor (Euraceta) <b>310 Schadstoffe <\/b>(Schwermetalle, Pestizide, Medikamente, Weichmacher, Phthalate, Chlor usw.) <b>in legal trinkbarem Leitungswasser in Belgien analysieren<\/b>, was deutlich mehr ist als die Zahl der Parameter, \u00fcber die st\u00e4dtische Wasserversorgungsunternehmen Auskunft geben! Diese Analyse best\u00e4tigt, dass <b>Leitungswasser dennoch <\/b><b>mehrere zehn Restschadstoffe enth\u00e4lt<\/b>\u00a0(Pestizide, schwarze Metalle&#8230;), <b><\/b><b>deren Konzentrationswerte \u00fcber den gesetzlichen Grenzwerten<\/b> (gem\u00e4\u00df der europ\u00e4ischen Richtlinie 2020\/2184 \u00fcber Wasser f\u00fcr den menschlichen Gebrauch) <b>liegen oder die zul\u00e4ssigen Vorsorgeschwellen \u00fcberschreiten (maximale Gesundheitswerte) aufgrund der hygienischen Vorsichtsma\u00dfnahmen, die uns dazu veranlassen, Pestizidmetaboliten als relevant einzustufen<\/b>. Diese Schadstoffe k\u00f6nnten daher von st\u00e4dtischen Kl\u00e4ranlagen nicht herausgefiltert werden. Dies ist besorgniserregend, da einige von ihnen endokrine Disruptoren sind, die schlie\u00dflich (durch chronischen Konsum) ein <b>Gesundheitsrisiko verursachen k\u00f6nnen<\/b>.<\/li>\n<\/ul>\n<\/div><\/div><\/div><\/div><\/div><\/div><\/div><\/section><section class=\"l-section wpb_row max500 height_large\"><div class=\"l-section-h i-cf\"><div class=\"g-cols vc_row via_flex valign_top type_default stacking_default\"><div class=\"vc_col-sm-6 wpb_column vc_column_container\"><div class=\"vc_column-inner\"><div class=\"wpb_wrapper\"><div class=\"wpb_text_column\"><div class=\"wpb_wrapper\"><ul>\n<li><b>Nach der Filterung &amp; Dynamisierung des Wassers durch den Biofilter und Biodynamizer werden die Restschadstoffe <\/b><b>neutralisiert<\/b> (ihre Konzentration sinkt unter die messbaren Quantifizierungsschwellen), wodurch das Stadtwasser f\u00fcr die \u00fcbersch\u00fcssigen Parameter wieder zu einem <a href=\"https:\/\/biodynamizer.com\/de\/die-vorteile\/a-wasser-biokompatibel\/\"><b>biokompatiblen Wasser <\/b><\/a>wird!<\/li>\n<li>Diese Analyse best\u00e4tigt, dass die Kombination <b>Biofilter<\/b> (Filtration) + <b>Biodynamizer<\/b> (Dynamisierung) eindeutig zu einem <b>sehr breiten Spektrum der Wasserreinigung f\u00fchrt.<\/b><\/li>\n<\/ul>\n<\/div><\/div><div class=\"w-btn-wrapper align_none\"><a class=\"w-btn us-btn-style_1\" href=\"https:\/\/biodynamizer.com\/wp-content\/uploads\/2025\/06\/Filtration-efficiency-of-the-Biofilter-Biodynamizer-2025.07-EN-2.pdf\"><span class=\"w-btn-label\">Laden Sie unser E-Book zur Wirksamkeit des Biofilters herunter<\/span><\/a><\/div><\/div><\/div><\/div><div class=\"vc_col-sm-6 wpb_column vc_column_container\"><div class=\"vc_column-inner\"><div class=\"wpb_wrapper\"><div class=\"w-image align_none\"><div class=\"w-image-h\"><img decoding=\"async\" width=\"1024\" height=\"1009\" src=\"https:\/\/biodynamizer.com\/wp-content\/uploads\/2026\/01\/Table-20-Pollutants-EN-1024x1009.png\" class=\"attachment-large size-large\" alt=\"Tableau 20 Polluants\" loading=\"lazy\" srcset=\"https:\/\/biodynamizer.com\/wp-content\/uploads\/2026\/01\/Table-20-Pollutants-EN-1024x1009.png 1024w, https:\/\/biodynamizer.com\/wp-content\/uploads\/2026\/01\/Table-20-Pollutants-EN-300x296.png 300w, https:\/\/biodynamizer.com\/wp-content\/uploads\/2026\/01\/Table-20-Pollutants-EN-406x400.png 406w, https:\/\/biodynamizer.com\/wp-content\/uploads\/2026\/01\/Table-20-Pollutants-EN-640x631.png 640w, https:\/\/biodynamizer.com\/wp-content\/uploads\/2026\/01\/Table-20-Pollutants-EN.png 1158w\" sizes=\"auto, (max-width: 1024px) 100vw, 1024px\" \/><\/div><\/div><\/div><\/div><\/div><\/div><\/div><\/section><section class=\"l-section wpb_row max500 height_large\"><div class=\"l-section-h i-cf\"><div class=\"g-cols vc_row via_flex valign_top type_default stacking_default\"><div class=\"vc_col-sm-6 wpb_column vc_column_container\"><div class=\"vc_column-inner\"><div class=\"wpb_wrapper\"><div class=\"w-image align_center\"><div class=\"w-image-h\"><img decoding=\"async\" width=\"600\" height=\"400\" src=\"https:\/\/biodynamizer.com\/wp-content\/uploads\/2024\/11\/Depositphotos_740740528_XL-600x400.jpg\" class=\"attachment-us_600_400 size-us_600_400\" alt=\"Bulles d&#039;eau avec marqu\u00e9 PFAS dedans\" loading=\"lazy\" srcset=\"https:\/\/biodynamizer.com\/wp-content\/uploads\/2024\/11\/Depositphotos_740740528_XL-600x400.jpg 600w, https:\/\/biodynamizer.com\/wp-content\/uploads\/2024\/11\/Depositphotos_740740528_XL-300x200.jpg 300w, https:\/\/biodynamizer.com\/wp-content\/uploads\/2024\/11\/Depositphotos_740740528_XL-1024x683.jpg 1024w, https:\/\/biodynamizer.com\/wp-content\/uploads\/2024\/11\/Depositphotos_740740528_XL-640x427.jpg 640w\" sizes=\"auto, (max-width: 600px) 100vw, 600px\" \/><\/div><\/div><\/div><\/div><\/div><div class=\"vc_col-sm-6 wpb_column vc_column_container\"><div class=\"vc_column-inner\"><div class=\"wpb_wrapper\"><div class=\"wpb_text_column\"><div class=\"wpb_wrapper\"><p><b>Der Biofilter h\u00e4lt PFAS zur\u00fcck<\/b>:<\/p>\n<ul>\n<li><b>Aktivkohle<\/b> gilt aufgrund der spezifischen Eigenschaften von Aktivkohle als das <b>beste Medium zum Filtern von PFAS (&gt; 80 % Wirkungsgrad)<\/b>: elektrostatische und hydrophobe Wechselwirkungen und anschlie\u00dfende Adsorption (Retention\/Einfang) von PFAS in seiner por\u00f6sen Oberfl\u00e4che (abh\u00e4ngig von der Gr\u00f6\u00dfe seiner Mikroporen). Die Adsorptionsoberfl\u00e4che des Biofilters betr\u00e4gt 3.000 m2\/g Aktivkohle x 3 kg, d. h. eine Adsorptionsoberfl\u00e4che, die <b>33-mal gr\u00f6\u00dfer ist als die von Standardfiltern, sodass er PFAS noch effektiver filtert<\/b>!<\/li>\n<li><b>Mehrere internationale wissenschaftliche Analysen best\u00e4tigen die \u00fcberlegene Wirksamkeit von Aktivkohle bei der R\u00fcckhaltung von PFAS im Wasser.<\/b><\/li>\n<li>Die europ\u00e4ische Trinkwasserrichtlinie (Richtlinie 2020\/2184 des Europ\u00e4ischen Parlaments und des Rates vom 16. Dezember 2020 \u00fcber die Qualit\u00e4t von Wasser f\u00fcr den menschlichen Gebrauch) legt den Grenzwert f\u00fcr PFAS im Wasser auf 100 Nanogramm pro Liter ( ng\/l) fest die Summe der Konzentrationen von 20 PFAS und <b>500 <\/b><b>ng<\/b><b>\/L f\u00fcr alle PFAS<\/b><\/li>\n<\/ul>\n<\/div><\/div><\/div><\/div><\/div><\/div><\/div><\/section>\n","protected":false},"excerpt":{"rendered":"Start\/SeitenBiofilter-Effizienz Im Dezember 2022 lie\u00df Dynamized Technologies von einem unabh\u00e4ngigen belgischen akkreditierten Labor (Euraceta) 310 Schadstoffe (Schwermetalle, Pestizide, Medikamente, Weichmacher, Phthalate, Chlor usw.) in legal trinkbarem Leitungswasser in Belgien analysieren, was deutlich mehr ist als die Zahl der Parameter, \u00fcber die st\u00e4dtische Wasserversorgungsunternehmen Auskunft geben! Diese Analyse best\u00e4tigt, dass Leitungswasser dennoch mehrere zehn Restschadstoffe enth\u00e4lt\u00a0(Pestizide,...","protected":false},"author":3,"featured_media":0,"parent":5808,"menu_order":16,"comment_status":"closed","ping_status":"closed","template":"","meta":{"_monsterinsights_skip_tracking":false,"_monsterinsights_sitenote_active":false,"_monsterinsights_sitenote_note":"","_monsterinsights_sitenote_category":0,"footnotes":""},"class_list":["post-6324","page","type-page","status-publish","hentry"],"yoast_head":"<!-- This site is optimized with the Yoast SEO plugin v27.3 - https:\/\/yoast.com\/product\/yoast-seo-wordpress\/ -->\n<title>Biofilter-Effizienz - Biodynamizer<\/title>\n<meta name=\"description\" content=\"Biodynamizer - Biofilter-Effizienz - En savoir plus sur le biodynamizer et le biofiltre\" \/>\n<meta name=\"robots\" content=\"index, follow, max-snippet:-1, max-image-preview:large, max-video-preview:-1\" \/>\n<link rel=\"canonical\" href=\"https:\/\/biodynamizer.com\/de\/zusatzinformationen\/biofilterwirkung\/\" \/>\n<meta property=\"og:locale\" content=\"de_DE\" \/>\n<meta property=\"og:type\" content=\"article\" \/>\n<meta property=\"og:title\" content=\"Biofilter-Effizienz - Biodynamizer\" \/>\n<meta property=\"og:description\" content=\"Biodynamizer - Biofilter-Effizienz - En savoir plus sur le biodynamizer et le biofiltre\" \/>\n<meta property=\"og:url\" content=\"https:\/\/biodynamizer.com\/de\/zusatzinformationen\/biofilterwirkung\/\" \/>\n<meta property=\"og:site_name\" content=\"Biodynamizer\" \/>\n<meta property=\"article:modified_time\" content=\"2026-01-05T09:52:37+00:00\" \/>\n<meta property=\"og:image\" content=\"https:\/\/biodynamizer.com\/wp-content\/uploads\/2019\/11\/Depositphotos_15742931_xl-2015.jpg\" \/>\n\t<meta property=\"og:image:width\" content=\"2000\" \/>\n\t<meta property=\"og:image:height\" content=\"1333\" \/>\n\t<meta property=\"og:image:type\" content=\"image\/jpeg\" \/>\n<meta name=\"twitter:card\" content=\"summary_large_image\" \/>\n<meta name=\"twitter:label1\" content=\"Gesch\u00e4tzte Lesezeit\" \/>\n\t<meta name=\"twitter:data1\" content=\"2\u00a0Minuten\" \/>\n<script type=\"application\/ld+json\" class=\"yoast-schema-graph\">{\"@context\":\"https:\\\/\\\/schema.org\",\"@graph\":[{\"@type\":\"WebPage\",\"@id\":\"https:\\\/\\\/biodynamizer.com\\\/de\\\/zusatzinformationen\\\/biofilterwirkung\\\/\",\"url\":\"https:\\\/\\\/biodynamizer.com\\\/de\\\/zusatzinformationen\\\/biofilterwirkung\\\/\",\"name\":\"Biofilter-Effizienz - Biodynamizer\",\"isPartOf\":{\"@id\":\"https:\\\/\\\/biodynamizer.com\\\/de\\\/#website\"},\"datePublished\":\"2020-01-24T14:10:04+00:00\",\"dateModified\":\"2026-01-05T09:52:37+00:00\",\"description\":\"Biodynamizer - Biofilter-Effizienz - En savoir plus sur le biodynamizer et le biofiltre\",\"breadcrumb\":{\"@id\":\"https:\\\/\\\/biodynamizer.com\\\/de\\\/zusatzinformationen\\\/biofilterwirkung\\\/#breadcrumb\"},\"inLanguage\":\"de\",\"potentialAction\":[{\"@type\":\"ReadAction\",\"target\":[\"https:\\\/\\\/biodynamizer.com\\\/de\\\/zusatzinformationen\\\/biofilterwirkung\\\/\"]}]},{\"@type\":\"BreadcrumbList\",\"@id\":\"https:\\\/\\\/biodynamizer.com\\\/de\\\/zusatzinformationen\\\/biofilterwirkung\\\/#breadcrumb\",\"itemListElement\":[{\"@type\":\"ListItem\",\"position\":1,\"name\":\"Home\",\"item\":\"https:\\\/\\\/biodynamizer.com\\\/de\\\/\"},{\"@type\":\"ListItem\",\"position\":2,\"name\":\"Information additionnelle\",\"item\":\"https:\\\/\\\/biodynamizer.com\\\/de\\\/zusatzinformationen\\\/\"},{\"@type\":\"ListItem\",\"position\":3,\"name\":\"Biofilter-Effizienz\"}]},{\"@type\":\"WebSite\",\"@id\":\"https:\\\/\\\/biodynamizer.com\\\/de\\\/#website\",\"url\":\"https:\\\/\\\/biodynamizer.com\\\/de\\\/\",\"name\":\"Biodynamizer\",\"description\":\"Filtrez et dynamisez votre eau\",\"potentialAction\":[{\"@type\":\"SearchAction\",\"target\":{\"@type\":\"EntryPoint\",\"urlTemplate\":\"https:\\\/\\\/biodynamizer.com\\\/de\\\/?s={search_term_string}\"},\"query-input\":{\"@type\":\"PropertyValueSpecification\",\"valueRequired\":true,\"valueName\":\"search_term_string\"}}],\"inLanguage\":\"de\"}]}<\/script>\n<!-- \/ Yoast SEO plugin. -->","yoast_head_json":{"title":"Biofilter-Effizienz - Biodynamizer","description":"Biodynamizer - Biofilter-Effizienz - En savoir plus sur le biodynamizer et le biofiltre","robots":{"index":"index","follow":"follow","max-snippet":"max-snippet:-1","max-image-preview":"max-image-preview:large","max-video-preview":"max-video-preview:-1"},"canonical":"https:\/\/biodynamizer.com\/de\/zusatzinformationen\/biofilterwirkung\/","og_locale":"de_DE","og_type":"article","og_title":"Biofilter-Effizienz - Biodynamizer","og_description":"Biodynamizer - Biofilter-Effizienz - En savoir plus sur le biodynamizer et le biofiltre","og_url":"https:\/\/biodynamizer.com\/de\/zusatzinformationen\/biofilterwirkung\/","og_site_name":"Biodynamizer","article_modified_time":"2026-01-05T09:52:37+00:00","og_image":[{"width":2000,"height":1333,"url":"https:\/\/biodynamizer.com\/wp-content\/uploads\/2019\/11\/Depositphotos_15742931_xl-2015.jpg","type":"image\/jpeg"}],"twitter_card":"summary_large_image","twitter_misc":{"Gesch\u00e4tzte Lesezeit":"2\u00a0Minuten"},"schema":{"@context":"https:\/\/schema.org","@graph":[{"@type":"WebPage","@id":"https:\/\/biodynamizer.com\/de\/zusatzinformationen\/biofilterwirkung\/","url":"https:\/\/biodynamizer.com\/de\/zusatzinformationen\/biofilterwirkung\/","name":"Biofilter-Effizienz - Biodynamizer","isPartOf":{"@id":"https:\/\/biodynamizer.com\/de\/#website"},"datePublished":"2020-01-24T14:10:04+00:00","dateModified":"2026-01-05T09:52:37+00:00","description":"Biodynamizer - Biofilter-Effizienz - En savoir plus sur le biodynamizer et le biofiltre","breadcrumb":{"@id":"https:\/\/biodynamizer.com\/de\/zusatzinformationen\/biofilterwirkung\/#breadcrumb"},"inLanguage":"de","potentialAction":[{"@type":"ReadAction","target":["https:\/\/biodynamizer.com\/de\/zusatzinformationen\/biofilterwirkung\/"]}]},{"@type":"BreadcrumbList","@id":"https:\/\/biodynamizer.com\/de\/zusatzinformationen\/biofilterwirkung\/#breadcrumb","itemListElement":[{"@type":"ListItem","position":1,"name":"Home","item":"https:\/\/biodynamizer.com\/de\/"},{"@type":"ListItem","position":2,"name":"Information additionnelle","item":"https:\/\/biodynamizer.com\/de\/zusatzinformationen\/"},{"@type":"ListItem","position":3,"name":"Biofilter-Effizienz"}]},{"@type":"WebSite","@id":"https:\/\/biodynamizer.com\/de\/#website","url":"https:\/\/biodynamizer.com\/de\/","name":"Biodynamizer","description":"Filtrez et dynamisez votre eau","potentialAction":[{"@type":"SearchAction","target":{"@type":"EntryPoint","urlTemplate":"https:\/\/biodynamizer.com\/de\/?s={search_term_string}"},"query-input":{"@type":"PropertyValueSpecification","valueRequired":true,"valueName":"search_term_string"}}],"inLanguage":"de"}]}},"_links":{"self":[{"href":"https:\/\/biodynamizer.com\/de\/wp-json\/wp\/v2\/pages\/6324","targetHints":{"allow":["GET"]}}],"collection":[{"href":"https:\/\/biodynamizer.com\/de\/wp-json\/wp\/v2\/pages"}],"about":[{"href":"https:\/\/biodynamizer.com\/de\/wp-json\/wp\/v2\/types\/page"}],"author":[{"embeddable":true,"href":"https:\/\/biodynamizer.com\/de\/wp-json\/wp\/v2\/users\/3"}],"replies":[{"embeddable":true,"href":"https:\/\/biodynamizer.com\/de\/wp-json\/wp\/v2\/comments?post=6324"}],"version-history":[{"count":31,"href":"https:\/\/biodynamizer.com\/de\/wp-json\/wp\/v2\/pages\/6324\/revisions"}],"predecessor-version":[{"id":30709,"href":"https:\/\/biodynamizer.com\/de\/wp-json\/wp\/v2\/pages\/6324\/revisions\/30709"}],"up":[{"embeddable":true,"href":"https:\/\/biodynamizer.com\/de\/wp-json\/wp\/v2\/pages\/5808"}],"wp:attachment":[{"href":"https:\/\/biodynamizer.com\/de\/wp-json\/wp\/v2\/media?parent=6324"}],"curies":[{"name":"wp","href":"https:\/\/api.w.org\/{rel}","templated":true}]}}