{"id":6335,"date":"2020-01-24T13:34:47","date_gmt":"2020-01-24T13:34:47","guid":{"rendered":"https:\/\/biodynamizer.spleen-creation.be\/information-additionnelle\/fonctionnement-du-biofiltre-aquaphor-ultrafiltration-selective-par-adsorption-oxygenation\/"},"modified":"2026-02-11T10:27:18","modified_gmt":"2026-02-11T10:27:18","slug":"funktionsweise-des-biofilters-ultrafiltration-selektive-par-adsorption-sauerstoffanreicherung","status":"publish","type":"page","link":"https:\/\/biodynamizer.com\/de\/zusatzinformationen\/funktionsweise-des-biofilters-ultrafiltration-selektive-par-adsorption-sauerstoffanreicherung\/","title":{"rendered":"Hochleistungs-Dreifachfiltrationstechnologie"},"content":{"rendered":"<section class=\"l-section wpb_row us_custom_916fdabd height_small\"><div class=\"l-section-h i-cf\"><div class=\"g-cols vc_row via_flex valign_top type_default stacking_default\"><div class=\"vc_col-sm-12 wpb_column vc_column_container\"><div class=\"vc_column-inner\"><div class=\"wpb_wrapper\"><nav class=\"g-breadcrumbs separator_custom align_none\" itemscope itemtype=\"http:\/\/schema.org\/BreadcrumbList\"><div class=\"g-breadcrumbs-item\" itemscope itemprop=\"itemListElement\" itemtype=\"http:\/\/schema.org\/ListItem\"><a itemprop=\"item\" href=\"https:\/\/biodynamizer.com\/de\/\"><span itemprop=\"name\">Start<\/span><\/a><meta itemprop=\"position\" content=\"1\"\/><\/div><div class=\"g-breadcrumbs-separator\">\/<\/div><div class=\"g-breadcrumbs-item\">Seiten<\/div><\/nav><\/div><\/div><\/div><\/div><\/div><\/section><section class=\"l-section wpb_row fullheader height_huge with_img\"><div class=\"l-section-img\" role=\"img\" aria-label=\"Bild\" data-img-width=\"2000\" data-img-height=\"1333\" style=\"background-image: url(https:\/\/biodynamizer.com\/wp-content\/uploads\/2019\/11\/Depositphotos_25642859_xl-2015.jpg);background-repeat: no-repeat;\"><\/div><div class=\"l-section-h i-cf\"><div class=\"g-cols vc_row via_flex valign_top type_default stacking_default\"><div class=\"vc_col-sm-12 wpb_column vc_column_container has_text_color\"><div class=\"vc_column-inner us_custom_6df4bc3a\"><div class=\"wpb_wrapper\"><div class=\"wpb_text_column\"><div class=\"wpb_wrapper\"><h3>So funktioniert der Biofilter: Hochleistungs-Dreifachfiltrationstechnologie<\/h3>\n<\/div><\/div><\/div><\/div><\/div><\/div><\/div><\/section><section class=\"l-section wpb_row max500 height_auto\"><div class=\"l-section-h i-cf\"><div class=\"g-cols vc_row via_flex valign_top type_default stacking_default\"><div class=\"vc_col-sm-8 wpb_column vc_column_container\"><div class=\"vc_column-inner\"><div class=\"wpb_wrapper\"><div class=\"w-separator size_medium\"><\/div><div class=\"wpb_text_column\"><div class=\"wpb_wrapper\"><h4>Biofilter : Hochleistungs-Triple-Filtrationstechnologie<\/h4>\n<ul>\n<li><b>Filtration 1: <\/b><b>physikalische Vorfiltration: <\/b><b><i>Spunbond<\/i><\/b> (Gewebe, dessen Filamente thermisch verschwei\u00dft sind, 100 % Polypropylen) <strong>gemischt mit fasern<\/strong>. Sedimentfilter, der Eisen-, Sand-, Schlammpartikel zur\u00fcckh\u00e4lt, die Entwicklung von Keimen, Bakterien usw. neutralisiert und den Aktivkohleblock sch\u00fctzt<\/li>\n<li><b>Filtration 2<\/b> <b>:<\/b> Der <b>Carbon Fiber Block <\/b>(Patent Nr. 2282494) besteht aus <b>Aktivkohle in gesintertem Granulat (Porosit\u00e4t 20 \u00b5m) und einer faser<\/b>. Aktivkohle wird nach der Kalzinierung von <b>Kokosnussschalen<\/b> (erh\u00f6ht die Anzahl der Mikroporen) durch Einspritzen von unter Druck stehendem hei\u00dfem Wasserdampf gewonnen (Aktivierung der Kohle durch unterschiedliche Temperaturniveaus von 900\u00b0C-1.000\u00b0C f\u00fcr mehrere Stunden; Aktivkohle wird durch <b>Oxidation<\/b> regeneriert). Chemische Filterung von Chlor, Nitraten, Nitriten, organischen Pestiziden und Herbiziden, Geschmacks- und Geruchsstoffen\n<ul>\n<li><b>aktivkohle beh\u00e4lt h\u00e4lt Schadstoffe physikalisch <\/b>in seiner Struktur bis zu einem Durchmesser von <b>5 \u00b5m <\/b>(physikalische Filtration von Schwermetallen: Blei, Aluminium\u2026, Bakterien, Arsen und Parasiten) ; (patent n\u00b0 2429067)<\/li>\n<\/ul>\n<\/li>\n<li><b>Filtration 3<\/b> <b>:<\/b> <b>Aqualen faser <\/b>(patents n\u00b0 20704036 &amp; US n\u00b0 6514413) ; Faser mit einem Durchmesser von <b>10 \u00b5m<\/b>, <b>gemischt mit Aktivkohle<\/b>. Diese Faser \u00e4hnelt den Wurzeln eines Baumes, die das Aktivkohle-Granulat zu einer dichten Struktur binden. Seine Funktion ist dreifach, es:\n<ul>\n<li>erm\u00f6glicht eine <b>sehr gro\u00dfe Adsorptionsoberfl\u00e4che<\/b>, also eine gute Verteilung des Wassers \u00fcber die gesamte Oberfl\u00e4che der Aktivkohle (dadurch werden <b>bevorzugte Wasserkan\u00e4le vermieden<\/b>)<\/li>\n<li>enth\u00e4lt in seiner Struktur <b>ionisiertes Silber<\/b>, das <b>bakterizid<\/b> ist (neutralisiert Mikroorganismen, Antibiotika, Medikamente usw.), das Silber wird daher nicht mit der Aktivkohle vermischt, sondern in der Mikrofaser zur\u00fcckgehalten ; (patent n\u00b0 2172720)<\/li>\n<\/ul>\n<\/li>\n<\/ul>\n<\/div><\/div><div class=\"w-separator size_large\"><\/div><\/div><\/div><\/div><div class=\"vc_col-sm-4 wpb_column vc_column_container\"><div class=\"vc_column-inner\"><div class=\"wpb_wrapper\"><div class=\"w-separator size_medium\"><\/div><div class=\"w-image align_center\"><div class=\"w-image-h\"><img decoding=\"async\" width=\"131\" height=\"300\" src=\"https:\/\/biodynamizer.com\/wp-content\/uploads\/2021\/05\/Biofiltre-Spunbound-131x300.png\" class=\"attachment-medium size-medium\" alt=\"Biofiltre\" loading=\"lazy\" srcset=\"https:\/\/biodynamizer.com\/wp-content\/uploads\/2021\/05\/Biofiltre-Spunbound-131x300.png 131w, https:\/\/biodynamizer.com\/wp-content\/uploads\/2021\/05\/Biofiltre-Spunbound.png 216w\" sizes=\"auto, (max-width: 131px) 100vw, 131px\" \/><\/div><\/div><div class=\"w-separator size_medium\"><\/div><div class=\"w-image align_center\"><div class=\"w-image-h\"><img decoding=\"async\" width=\"285\" height=\"170\" src=\"https:\/\/biodynamizer.com\/wp-content\/uploads\/2023\/12\/Fibre-creuse-Site-web.png\" class=\"attachment-medium size-medium\" alt=\"Fibre creuse vue au microscope\" loading=\"lazy\" \/><\/div><\/div><div class=\"w-separator size_medium\"><\/div><div class=\"w-image align_center\"><div class=\"w-image-h\"><img decoding=\"async\" width=\"285\" height=\"120\" src=\"https:\/\/biodynamizer.com\/wp-content\/uploads\/2023\/12\/Argent-ionise-Site-web.png\" class=\"attachment-medium size-medium\" alt=\"Argent ionis\u00e9  vue au microscope\" loading=\"lazy\" \/><\/div><\/div><\/div><\/div><\/div><\/div><\/div><\/section><section class=\"l-section wpb_row max500 height_auto\"><div class=\"l-section-h i-cf\"><div class=\"g-cols vc_row via_flex valign_middle type_default stacking_default\"><div class=\"vc_col-sm-8 wpb_column vc_column_container\"><div class=\"vc_column-inner\"><div class=\"wpb_wrapper\"><div class=\"wpb_text_column\"><div class=\"wpb_wrapper\"><h4>Prinzip der Aktivkohlefiltration = Adsorptionsfl\u00e4che<\/h4>\n<p><b>Aktivkohle: Prinzip der physikalischen Filterung (<\/b><b>Physisorption<\/b><b>) von Schadstoffen <\/b>(organische Pestizide, Schwermetalle, PFAS, Medikamente, Hormone etc. gemessen in <b>\u00b5g\/l<\/b>)<\/p>\n<ul>\n<li><u><b>Elektroadsorptionsoberfl\u00e4che<\/b><\/u><\/li>\n<\/ul>\n<p>Die Schadstoffe (ihre elektropositiven Teile) werden durch <b>Potentialdifferenz <\/b>von der elektronegativen Oberfl\u00e4che der Aktivkohle \u201e<b><i>Angezogen<\/i><\/b>\u201c (der Kohlenstoff verf\u00fcgt \u00fcber verf\u00fcgbare Elektronen auf seiner Oberfl\u00e4che, die die elektropositiven Teile der Schadstoffmolek\u00fcle anziehen = <b>Van-der-Waals-Kr\u00e4fte<\/b>: intermolekulare Bindungskr\u00e4fte aufgrund elektrischer Wechselwirkungen geringer Intensit\u00e4t = elektrostatisch)<\/p>\n<ul>\n<li><u><b>Physikalische Adsorptionsoberfl\u00e4che<\/b><\/u><\/li>\n<\/ul>\n<p>Aktivkohle \u201e<b><i>H\u00e4lt<\/i><\/b>\u201c auch <b>nicht l\u00f6sliche Schadstoffe <\/b>(hydrophob), d. h. nicht polarisierte oder schwach polarisierte Schadstoffe, in ihrer <b>por\u00f6sen Struktur <\/b>(au\u00dfen und innen). Diese besteht aus Mikroporen (Millionen leerer mikroskopisch kleiner Alveolen), deren Gr\u00f6\u00dfe zwischen &lt;2 nm und 50 nm Durchmesser liegt. <b>Je mehr Mikroporen vorhanden sind, desto mehr Leerr\u00e4ume gibt es, die Schadstoffe fixieren k\u00f6nnen und desto gr\u00f6\u00dfer ist die Adsorptionsoberfl\u00e4che.<\/b><\/p>\n<p><b>Gr\u00f6\u00dfe der Adsorptionsfl\u00e4che im Biofilter<\/b><\/p>\n<p>Die 3 kg Aktivkohle aus Kokosn\u00fcssen im Biofilter ergeben zusammen mit der <strong>faser eine Adsorptionsfl\u00e4che, die 900 Fu\u00dfballfeldern von 1-Hektar entspricht !!! (3.000 m2\/g Aktivkohle x 3 kg), also eine 33-mal gr\u00f6\u00dfere Oberfl\u00e4che als herk\u00f6mmliche Filter<\/strong>!<\/p>\n<\/div><\/div><div class=\"w-separator size_medium\"><\/div><\/div><\/div><\/div><div class=\"vc_col-sm-4 wpb_column vc_column_container\"><div class=\"vc_column-inner\"><div class=\"wpb_wrapper\"><div class=\"w-separator size_medium\"><\/div><div class=\"w-image align_center\"><div class=\"w-image-h\"><img decoding=\"async\" width=\"1024\" height=\"692\" src=\"https:\/\/biodynamizer.com\/wp-content\/uploads\/2023\/12\/Van-Der-Waals-Forces-EN-1024x692.png\" class=\"attachment-large size-large\" alt=\"Illustration repr\u00e9sentant la surface d\u2019adsorption d\u2019un mat\u00e9riau, montrant comment les particules se fixent et interagissent avec sa surface.\" loading=\"lazy\" srcset=\"https:\/\/biodynamizer.com\/wp-content\/uploads\/2023\/12\/Van-Der-Waals-Forces-EN-1024x692.png 1024w, https:\/\/biodynamizer.com\/wp-content\/uploads\/2023\/12\/Van-Der-Waals-Forces-EN-300x203.png 300w, https:\/\/biodynamizer.com\/wp-content\/uploads\/2023\/12\/Van-Der-Waals-Forces-EN-592x400.png 592w, https:\/\/biodynamizer.com\/wp-content\/uploads\/2023\/12\/Van-Der-Waals-Forces-EN.png 1030w\" sizes=\"auto, (max-width: 1024px) 100vw, 1024px\" \/><\/div><\/div><div class=\"w-separator size_medium\"><\/div><div class=\"w-image align_center\"><div class=\"w-image-h\"><img decoding=\"async\" width=\"1024\" height=\"602\" src=\"https:\/\/biodynamizer.com\/wp-content\/uploads\/2023\/12\/Activated-Carbon-big-EN-1024x602.png\" class=\"attachment-large size-large\" alt=\"Illustration repr\u00e9sentant la surface d\u2019adsorption d\u2019un mat\u00e9riau, montrant comment les particules se fixent et interagissent avec sa surface.\" loading=\"lazy\" srcset=\"https:\/\/biodynamizer.com\/wp-content\/uploads\/2023\/12\/Activated-Carbon-big-EN-1024x602.png 1024w, https:\/\/biodynamizer.com\/wp-content\/uploads\/2023\/12\/Activated-Carbon-big-EN-300x176.png 300w, https:\/\/biodynamizer.com\/wp-content\/uploads\/2023\/12\/Activated-Carbon-big-EN-600x353.png 600w\" sizes=\"auto, (max-width: 1024px) 100vw, 1024px\" \/><\/div><\/div><div class=\"w-separator size_medium\"><\/div><div class=\"w-image align_center\"><div class=\"w-image-h\"><img decoding=\"async\" width=\"960\" height=\"640\" src=\"https:\/\/biodynamizer.com\/wp-content\/uploads\/2023\/12\/Terrain-de-foot-x-900.png\" class=\"attachment-large size-large\" alt=\"terrain de foot vue a\u00e9rienne\" loading=\"lazy\" srcset=\"https:\/\/biodynamizer.com\/wp-content\/uploads\/2023\/12\/Terrain-de-foot-x-900.png 960w, https:\/\/biodynamizer.com\/wp-content\/uploads\/2023\/12\/Terrain-de-foot-x-900-300x200.png 300w, https:\/\/biodynamizer.com\/wp-content\/uploads\/2023\/12\/Terrain-de-foot-x-900-600x400.png 600w\" sizes=\"auto, (max-width: 960px) 100vw, 960px\" \/><\/div><\/div><\/div><\/div><\/div><\/div><\/div><\/section><section class=\"l-section wpb_row height_auto\"><div class=\"l-section-h i-cf\"><div class=\"g-cols vc_row via_flex valign_top type_default stacking_default\"><div class=\"vc_col-sm-12 wpb_column vc_column_container\"><div class=\"vc_column-inner\"><div class=\"wpb_wrapper\"><div class=\"w-btn-wrapper align_none\"><a class=\"w-btn us-btn-style_1\" href=\"https:\/\/biodynamizer.com\/de\/bestellung\/\"><span class=\"w-btn-label\">Bestellung<\/span><\/a><\/div><div class=\"w-btn-wrapper align_none\"><a class=\"w-btn us-btn-style_1\" href=\"https:\/\/biodynamizer.com\/wp-content\/uploads\/2021\/03\/Replacement-procedure-Biofilter-cartridge-EN-2021.03.pdf\"><span class=\"w-btn-label\">Austausch der Kartusche<\/span><\/a><\/div><div class=\"w-separator size_medium\"><\/div><\/div><\/div><\/div><\/div><\/div><\/section>\n","protected":false},"excerpt":{"rendered":"Start\/SeitenSo funktioniert der Biofilter: Hochleistungs-Dreifachfiltrationstechnologie Biofilter : Hochleistungs-Triple-Filtrationstechnologie Filtration 1: physikalische Vorfiltration: Spunbond (Gewebe, dessen Filamente thermisch verschwei\u00dft sind, 100 % Polypropylen) gemischt mit fasern. Sedimentfilter, der Eisen-, Sand-, Schlammpartikel zur\u00fcckh\u00e4lt, die Entwicklung von Keimen, Bakterien usw. neutralisiert und den Aktivkohleblock sch\u00fctzt Filtration 2 : Der Carbon Fiber Block (Patent Nr. 2282494) besteht aus Aktivkohle...","protected":false},"author":3,"featured_media":0,"parent":5808,"menu_order":15,"comment_status":"closed","ping_status":"closed","template":"","meta":{"_monsterinsights_skip_tracking":false,"_monsterinsights_sitenote_active":false,"_monsterinsights_sitenote_note":"","_monsterinsights_sitenote_category":0,"footnotes":""},"class_list":["post-6335","page","type-page","status-publish","hentry"],"yoast_head":"<!-- This site is optimized with the Yoast SEO plugin v27.4 - https:\/\/yoast.com\/product\/yoast-seo-wordpress\/ -->\n<title>Hochleistungs-Dreifachfiltrationstechnologie - Biodynamizer<\/title>\n<meta name=\"description\" content=\"Biodynamizer - Hochleistungs-Dreifachfiltrationstechnologie - En savoir plus sur le biodynamizer et le biofiltre\" \/>\n<meta name=\"robots\" content=\"index, follow, max-snippet:-1, max-image-preview:large, max-video-preview:-1\" \/>\n<link rel=\"canonical\" href=\"https:\/\/biodynamizer.com\/de\/zusatzinformationen\/funktionsweise-des-biofilters-ultrafiltration-selektive-par-adsorption-sauerstoffanreicherung\/\" \/>\n<meta property=\"og:locale\" content=\"de_DE\" \/>\n<meta property=\"og:type\" content=\"article\" \/>\n<meta property=\"og:title\" content=\"Hochleistungs-Dreifachfiltrationstechnologie - Biodynamizer\" \/>\n<meta property=\"og:description\" content=\"Biodynamizer - Hochleistungs-Dreifachfiltrationstechnologie - En savoir plus sur le biodynamizer et le biofiltre\" \/>\n<meta property=\"og:url\" content=\"https:\/\/biodynamizer.com\/de\/zusatzinformationen\/funktionsweise-des-biofilters-ultrafiltration-selektive-par-adsorption-sauerstoffanreicherung\/\" \/>\n<meta property=\"og:site_name\" content=\"Biodynamizer\" \/>\n<meta property=\"article:modified_time\" content=\"2026-02-11T10:27:18+00:00\" \/>\n<meta property=\"og:image\" content=\"https:\/\/biodynamizer.com\/wp-content\/uploads\/2019\/11\/Depositphotos_15742931_xl-2015.jpg\" \/>\n\t<meta property=\"og:image:width\" content=\"2000\" \/>\n\t<meta property=\"og:image:height\" content=\"1333\" \/>\n\t<meta property=\"og:image:type\" content=\"image\/jpeg\" \/>\n<meta name=\"twitter:card\" content=\"summary_large_image\" \/>\n<meta name=\"twitter:label1\" content=\"Gesch\u00e4tzte Lesezeit\" \/>\n\t<meta name=\"twitter:data1\" content=\"3\u00a0Minuten\" \/>\n<script type=\"application\/ld+json\" class=\"yoast-schema-graph\">{\"@context\":\"https:\\\/\\\/schema.org\",\"@graph\":[{\"@type\":\"WebPage\",\"@id\":\"https:\\\/\\\/biodynamizer.com\\\/de\\\/zusatzinformationen\\\/funktionsweise-des-biofilters-ultrafiltration-selektive-par-adsorption-sauerstoffanreicherung\\\/\",\"url\":\"https:\\\/\\\/biodynamizer.com\\\/de\\\/zusatzinformationen\\\/funktionsweise-des-biofilters-ultrafiltration-selektive-par-adsorption-sauerstoffanreicherung\\\/\",\"name\":\"Hochleistungs-Dreifachfiltrationstechnologie - Biodynamizer\",\"isPartOf\":{\"@id\":\"https:\\\/\\\/biodynamizer.com\\\/de\\\/#website\"},\"datePublished\":\"2020-01-24T13:34:47+00:00\",\"dateModified\":\"2026-02-11T10:27:18+00:00\",\"description\":\"Biodynamizer - Hochleistungs-Dreifachfiltrationstechnologie - En savoir plus sur le biodynamizer et le biofiltre\",\"breadcrumb\":{\"@id\":\"https:\\\/\\\/biodynamizer.com\\\/de\\\/zusatzinformationen\\\/funktionsweise-des-biofilters-ultrafiltration-selektive-par-adsorption-sauerstoffanreicherung\\\/#breadcrumb\"},\"inLanguage\":\"de\",\"potentialAction\":[{\"@type\":\"ReadAction\",\"target\":[\"https:\\\/\\\/biodynamizer.com\\\/de\\\/zusatzinformationen\\\/funktionsweise-des-biofilters-ultrafiltration-selektive-par-adsorption-sauerstoffanreicherung\\\/\"]}]},{\"@type\":\"BreadcrumbList\",\"@id\":\"https:\\\/\\\/biodynamizer.com\\\/de\\\/zusatzinformationen\\\/funktionsweise-des-biofilters-ultrafiltration-selektive-par-adsorption-sauerstoffanreicherung\\\/#breadcrumb\",\"itemListElement\":[{\"@type\":\"ListItem\",\"position\":1,\"name\":\"Home\",\"item\":\"https:\\\/\\\/biodynamizer.com\\\/de\\\/\"},{\"@type\":\"ListItem\",\"position\":2,\"name\":\"Information additionnelle\",\"item\":\"https:\\\/\\\/biodynamizer.com\\\/de\\\/zusatzinformationen\\\/\"},{\"@type\":\"ListItem\",\"position\":3,\"name\":\"Hochleistungs-Dreifachfiltrationstechnologie\"}]},{\"@type\":\"WebSite\",\"@id\":\"https:\\\/\\\/biodynamizer.com\\\/de\\\/#website\",\"url\":\"https:\\\/\\\/biodynamizer.com\\\/de\\\/\",\"name\":\"Biodynamizer\",\"description\":\"Filtrez et dynamisez votre eau\",\"potentialAction\":[{\"@type\":\"SearchAction\",\"target\":{\"@type\":\"EntryPoint\",\"urlTemplate\":\"https:\\\/\\\/biodynamizer.com\\\/de\\\/?s={search_term_string}\"},\"query-input\":{\"@type\":\"PropertyValueSpecification\",\"valueRequired\":true,\"valueName\":\"search_term_string\"}}],\"inLanguage\":\"de\"}]}<\/script>\n<!-- \/ Yoast SEO plugin. -->","yoast_head_json":{"title":"Hochleistungs-Dreifachfiltrationstechnologie - Biodynamizer","description":"Biodynamizer - Hochleistungs-Dreifachfiltrationstechnologie - En savoir plus sur le biodynamizer et le biofiltre","robots":{"index":"index","follow":"follow","max-snippet":"max-snippet:-1","max-image-preview":"max-image-preview:large","max-video-preview":"max-video-preview:-1"},"canonical":"https:\/\/biodynamizer.com\/de\/zusatzinformationen\/funktionsweise-des-biofilters-ultrafiltration-selektive-par-adsorption-sauerstoffanreicherung\/","og_locale":"de_DE","og_type":"article","og_title":"Hochleistungs-Dreifachfiltrationstechnologie - Biodynamizer","og_description":"Biodynamizer - Hochleistungs-Dreifachfiltrationstechnologie - En savoir plus sur le biodynamizer et le biofiltre","og_url":"https:\/\/biodynamizer.com\/de\/zusatzinformationen\/funktionsweise-des-biofilters-ultrafiltration-selektive-par-adsorption-sauerstoffanreicherung\/","og_site_name":"Biodynamizer","article_modified_time":"2026-02-11T10:27:18+00:00","og_image":[{"width":2000,"height":1333,"url":"https:\/\/biodynamizer.com\/wp-content\/uploads\/2019\/11\/Depositphotos_15742931_xl-2015.jpg","type":"image\/jpeg"}],"twitter_card":"summary_large_image","twitter_misc":{"Gesch\u00e4tzte Lesezeit":"3\u00a0Minuten"},"schema":{"@context":"https:\/\/schema.org","@graph":[{"@type":"WebPage","@id":"https:\/\/biodynamizer.com\/de\/zusatzinformationen\/funktionsweise-des-biofilters-ultrafiltration-selektive-par-adsorption-sauerstoffanreicherung\/","url":"https:\/\/biodynamizer.com\/de\/zusatzinformationen\/funktionsweise-des-biofilters-ultrafiltration-selektive-par-adsorption-sauerstoffanreicherung\/","name":"Hochleistungs-Dreifachfiltrationstechnologie - Biodynamizer","isPartOf":{"@id":"https:\/\/biodynamizer.com\/de\/#website"},"datePublished":"2020-01-24T13:34:47+00:00","dateModified":"2026-02-11T10:27:18+00:00","description":"Biodynamizer - Hochleistungs-Dreifachfiltrationstechnologie - En savoir plus sur le biodynamizer et le biofiltre","breadcrumb":{"@id":"https:\/\/biodynamizer.com\/de\/zusatzinformationen\/funktionsweise-des-biofilters-ultrafiltration-selektive-par-adsorption-sauerstoffanreicherung\/#breadcrumb"},"inLanguage":"de","potentialAction":[{"@type":"ReadAction","target":["https:\/\/biodynamizer.com\/de\/zusatzinformationen\/funktionsweise-des-biofilters-ultrafiltration-selektive-par-adsorption-sauerstoffanreicherung\/"]}]},{"@type":"BreadcrumbList","@id":"https:\/\/biodynamizer.com\/de\/zusatzinformationen\/funktionsweise-des-biofilters-ultrafiltration-selektive-par-adsorption-sauerstoffanreicherung\/#breadcrumb","itemListElement":[{"@type":"ListItem","position":1,"name":"Home","item":"https:\/\/biodynamizer.com\/de\/"},{"@type":"ListItem","position":2,"name":"Information additionnelle","item":"https:\/\/biodynamizer.com\/de\/zusatzinformationen\/"},{"@type":"ListItem","position":3,"name":"Hochleistungs-Dreifachfiltrationstechnologie"}]},{"@type":"WebSite","@id":"https:\/\/biodynamizer.com\/de\/#website","url":"https:\/\/biodynamizer.com\/de\/","name":"Biodynamizer","description":"Filtrez et dynamisez votre eau","potentialAction":[{"@type":"SearchAction","target":{"@type":"EntryPoint","urlTemplate":"https:\/\/biodynamizer.com\/de\/?s={search_term_string}"},"query-input":{"@type":"PropertyValueSpecification","valueRequired":true,"valueName":"search_term_string"}}],"inLanguage":"de"}]}},"_links":{"self":[{"href":"https:\/\/biodynamizer.com\/de\/wp-json\/wp\/v2\/pages\/6335","targetHints":{"allow":["GET"]}}],"collection":[{"href":"https:\/\/biodynamizer.com\/de\/wp-json\/wp\/v2\/pages"}],"about":[{"href":"https:\/\/biodynamizer.com\/de\/wp-json\/wp\/v2\/types\/page"}],"author":[{"embeddable":true,"href":"https:\/\/biodynamizer.com\/de\/wp-json\/wp\/v2\/users\/3"}],"replies":[{"embeddable":true,"href":"https:\/\/biodynamizer.com\/de\/wp-json\/wp\/v2\/comments?post=6335"}],"version-history":[{"count":32,"href":"https:\/\/biodynamizer.com\/de\/wp-json\/wp\/v2\/pages\/6335\/revisions"}],"predecessor-version":[{"id":31230,"href":"https:\/\/biodynamizer.com\/de\/wp-json\/wp\/v2\/pages\/6335\/revisions\/31230"}],"up":[{"embeddable":true,"href":"https:\/\/biodynamizer.com\/de\/wp-json\/wp\/v2\/pages\/5808"}],"wp:attachment":[{"href":"https:\/\/biodynamizer.com\/de\/wp-json\/wp\/v2\/media?parent=6335"}],"curies":[{"name":"wp","href":"https:\/\/api.w.org\/{rel}","templated":true}]}}