{"id":6442,"date":"2020-01-24T09:41:12","date_gmt":"2020-01-24T09:41:12","guid":{"rendered":"https:\/\/biodynamizer.spleen-creation.be\/information-additionnelle\/les-courants-marins-en-mediterrannee-et-dans-latlantique\/"},"modified":"2021-02-18T13:41:19","modified_gmt":"2021-02-18T13:41:19","slug":"die-see-stroeme-im-mittelmeer-und-im-atlantik","status":"publish","type":"page","link":"https:\/\/biodynamizer.com\/de\/zusatzinformationen\/die-see-stroeme-im-mittelmeer-und-im-atlantik\/","title":{"rendered":"Les courants marins en M\u00e9diterrann\u00e9e et dans l\u2019Atlantique."},"content":{"rendered":"<section class=\"l-section wpb_row us_custom_916fdabd height_small\"><div class=\"l-section-h i-cf\"><div class=\"g-cols vc_row via_flex valign_top type_default stacking_default\"><div class=\"vc_col-sm-12 wpb_column vc_column_container\"><div class=\"vc_column-inner\"><div class=\"wpb_wrapper\"><nav class=\"g-breadcrumbs separator_custom align_none\" itemscope itemtype=\"http:\/\/schema.org\/BreadcrumbList\"><div class=\"g-breadcrumbs-item\" itemscope itemprop=\"itemListElement\" itemtype=\"http:\/\/schema.org\/ListItem\"><a itemprop=\"item\" href=\"https:\/\/biodynamizer.com\/de\/\"><span itemprop=\"name\">Start<\/span><\/a><meta itemprop=\"position\" content=\"1\"\/><\/div><div class=\"g-breadcrumbs-separator\">\/<\/div><div class=\"g-breadcrumbs-item\">Seiten<\/div><\/nav><\/div><\/div><\/div><\/div><\/div><\/section><section class=\"l-section wpb_row fullheader height_huge with_img\"><div class=\"l-section-img\" role=\"img\" aria-label=\"Trombe marine\" data-img-width=\"479\" data-img-height=\"359\" style=\"background-image: url(https:\/\/biodynamizer.com\/wp-content\/uploads\/2019\/11\/GettyImages-1029369210.jpg);background-repeat: no-repeat;\"><\/div><div class=\"l-section-h i-cf\"><div class=\"g-cols vc_row via_flex valign_top type_default stacking_default\"><div class=\"vc_col-sm-12 wpb_column vc_column_container has_text_color\"><div class=\"vc_column-inner us_custom_6df4bc3a\"><div class=\"wpb_wrapper\"><div class=\"wpb_text_column\"><div class=\"wpb_wrapper\"><h3>Les courants marins en M\u00e9diterrann\u00e9e et dans l\u2019Atlantique.<\/h3>\n<\/div><\/div><\/div><\/div><\/div><\/div><\/div><\/section><section class=\"l-section wpb_row height_medium full_height valign_top\"><div class=\"l-section-h i-cf\"><div class=\"g-cols vc_row via_flex valign_top type_default stacking_default\"><div class=\"vc_col-sm-12 wpb_column vc_column_container\"><div class=\"vc_column-inner\"><div class=\"wpb_wrapper\"><div class=\"wpb_text_column\"><div class=\"wpb_wrapper\"><p>Chaque seconde de la video dure 3 jours en r\u00e9alit\u00e9. Les diff\u00e9rentes couleurs repr\u00e9sentent la profondeur des courants \u2013 les flots blancs sont proches de la surface, les couleurs plus fonc\u00e9es sont des eaux plus profondes. Cr\u00e9dit NASA (2013)<\/p>\n<\/div><\/div><div class=\"w-video align_none ratio_21x9 has_iframe\"><div class=\"w-video-h\"><iframe title=\"Youtube video player\" src=\"\/\/www.youtube.com\/embed\/C_Y5-uzSNcM?autoplay=0&controls=1&origin=https:\/\/biodynamizer.com\/de\/&loop=0&mute=0\" allowfullscreen=\"1\" loading=\"lazy\"><\/iframe><\/div><\/div><\/div><\/div><\/div><\/div><\/div><\/section>\n","protected":false},"excerpt":{"rendered":"Start\/SeitenLes courants marins en M\u00e9diterrann\u00e9e et dans l\u2019Atlantique. Chaque seconde de la video dure 3 jours en r\u00e9alit\u00e9. Les diff\u00e9rentes couleurs repr\u00e9sentent la profondeur des courants \u2013 les flots blancs sont proches de la surface, les couleurs plus fonc\u00e9es sont des eaux plus profondes. Cr\u00e9dit NASA (2013)","protected":false},"author":3,"featured_media":0,"parent":5808,"menu_order":10,"comment_status":"closed","ping_status":"closed","template":"","meta":{"_monsterinsights_skip_tracking":false,"_monsterinsights_sitenote_active":false,"_monsterinsights_sitenote_note":"","_monsterinsights_sitenote_category":0,"footnotes":""},"class_list":["post-6442","page","type-page","status-publish","hentry"],"yoast_head":"<!-- This site is optimized with the Yoast SEO plugin v27.4 - https:\/\/yoast.com\/product\/yoast-seo-wordpress\/ -->\n<title>Les courants marins en M\u00e9diterrann\u00e9e et dans l\u2019Atlantique. - Biodynamizer<\/title>\n<meta name=\"description\" content=\"Biodynamizer - Les courants marins en M\u00e9diterrann\u00e9e et dans l\u2019Atlantique. - En savoir plus sur le biodynamizer et le biofiltre\" \/>\n<meta name=\"robots\" content=\"index, follow, max-snippet:-1, max-image-preview:large, max-video-preview:-1\" \/>\n<link rel=\"canonical\" href=\"https:\/\/biodynamizer.com\/de\/zusatzinformationen\/die-see-stroeme-im-mittelmeer-und-im-atlantik\/\" \/>\n<meta property=\"og:locale\" content=\"de_DE\" \/>\n<meta property=\"og:type\" content=\"article\" \/>\n<meta property=\"og:title\" content=\"Les courants marins en M\u00e9diterrann\u00e9e et dans l\u2019Atlantique. - Biodynamizer\" \/>\n<meta property=\"og:description\" content=\"Biodynamizer - Les courants marins en M\u00e9diterrann\u00e9e et dans l\u2019Atlantique. - En savoir plus sur le biodynamizer et le biofiltre\" \/>\n<meta property=\"og:url\" content=\"https:\/\/biodynamizer.com\/de\/zusatzinformationen\/die-see-stroeme-im-mittelmeer-und-im-atlantik\/\" \/>\n<meta property=\"og:site_name\" content=\"Biodynamizer\" \/>\n<meta property=\"article:modified_time\" content=\"2021-02-18T13:41:19+00:00\" \/>\n<meta property=\"og:image\" content=\"https:\/\/biodynamizer.com\/wp-content\/uploads\/2019\/11\/Depositphotos_15742931_xl-2015.jpg\" \/>\n\t<meta property=\"og:image:width\" content=\"2000\" \/>\n\t<meta property=\"og:image:height\" content=\"1333\" \/>\n\t<meta property=\"og:image:type\" content=\"image\/jpeg\" \/>\n<meta name=\"twitter:card\" content=\"summary_large_image\" \/>\n<meta name=\"twitter:label1\" content=\"Gesch\u00e4tzte Lesezeit\" \/>\n\t<meta name=\"twitter:data1\" content=\"1\u00a0Minute\" \/>\n<script type=\"application\/ld+json\" class=\"yoast-schema-graph\">{\"@context\":\"https:\\\/\\\/schema.org\",\"@graph\":[{\"@type\":\"WebPage\",\"@id\":\"https:\\\/\\\/biodynamizer.com\\\/de\\\/zusatzinformationen\\\/die-see-stroeme-im-mittelmeer-und-im-atlantik\\\/\",\"url\":\"https:\\\/\\\/biodynamizer.com\\\/de\\\/zusatzinformationen\\\/die-see-stroeme-im-mittelmeer-und-im-atlantik\\\/\",\"name\":\"Les courants marins en M\u00e9diterrann\u00e9e et dans l\u2019Atlantique. - Biodynamizer\",\"isPartOf\":{\"@id\":\"https:\\\/\\\/biodynamizer.com\\\/de\\\/#website\"},\"datePublished\":\"2020-01-24T09:41:12+00:00\",\"dateModified\":\"2021-02-18T13:41:19+00:00\",\"description\":\"Biodynamizer - Les courants marins en M\u00e9diterrann\u00e9e et dans l\u2019Atlantique. - En savoir plus sur le biodynamizer et le biofiltre\",\"breadcrumb\":{\"@id\":\"https:\\\/\\\/biodynamizer.com\\\/de\\\/zusatzinformationen\\\/die-see-stroeme-im-mittelmeer-und-im-atlantik\\\/#breadcrumb\"},\"inLanguage\":\"de\",\"potentialAction\":[{\"@type\":\"ReadAction\",\"target\":[\"https:\\\/\\\/biodynamizer.com\\\/de\\\/zusatzinformationen\\\/die-see-stroeme-im-mittelmeer-und-im-atlantik\\\/\"]}]},{\"@type\":\"BreadcrumbList\",\"@id\":\"https:\\\/\\\/biodynamizer.com\\\/de\\\/zusatzinformationen\\\/die-see-stroeme-im-mittelmeer-und-im-atlantik\\\/#breadcrumb\",\"itemListElement\":[{\"@type\":\"ListItem\",\"position\":1,\"name\":\"Home\",\"item\":\"https:\\\/\\\/biodynamizer.com\\\/de\\\/\"},{\"@type\":\"ListItem\",\"position\":2,\"name\":\"Information additionnelle\",\"item\":\"https:\\\/\\\/biodynamizer.com\\\/de\\\/zusatzinformationen\\\/\"},{\"@type\":\"ListItem\",\"position\":3,\"name\":\"Les courants marins en M\u00e9diterrann\u00e9e et dans l\u2019Atlantique.\"}]},{\"@type\":\"WebSite\",\"@id\":\"https:\\\/\\\/biodynamizer.com\\\/de\\\/#website\",\"url\":\"https:\\\/\\\/biodynamizer.com\\\/de\\\/\",\"name\":\"Biodynamizer\",\"description\":\"Filtrez et dynamisez votre eau\",\"potentialAction\":[{\"@type\":\"SearchAction\",\"target\":{\"@type\":\"EntryPoint\",\"urlTemplate\":\"https:\\\/\\\/biodynamizer.com\\\/de\\\/?s={search_term_string}\"},\"query-input\":{\"@type\":\"PropertyValueSpecification\",\"valueRequired\":true,\"valueName\":\"search_term_string\"}}],\"inLanguage\":\"de\"}]}<\/script>\n<!-- \/ Yoast SEO plugin. -->","yoast_head_json":{"title":"Les courants marins en M\u00e9diterrann\u00e9e et dans l\u2019Atlantique. - Biodynamizer","description":"Biodynamizer - Les courants marins en M\u00e9diterrann\u00e9e et dans l\u2019Atlantique. - En savoir plus sur le biodynamizer et le biofiltre","robots":{"index":"index","follow":"follow","max-snippet":"max-snippet:-1","max-image-preview":"max-image-preview:large","max-video-preview":"max-video-preview:-1"},"canonical":"https:\/\/biodynamizer.com\/de\/zusatzinformationen\/die-see-stroeme-im-mittelmeer-und-im-atlantik\/","og_locale":"de_DE","og_type":"article","og_title":"Les courants marins en M\u00e9diterrann\u00e9e et dans l\u2019Atlantique. - Biodynamizer","og_description":"Biodynamizer - Les courants marins en M\u00e9diterrann\u00e9e et dans l\u2019Atlantique. - En savoir plus sur le biodynamizer et le biofiltre","og_url":"https:\/\/biodynamizer.com\/de\/zusatzinformationen\/die-see-stroeme-im-mittelmeer-und-im-atlantik\/","og_site_name":"Biodynamizer","article_modified_time":"2021-02-18T13:41:19+00:00","og_image":[{"width":2000,"height":1333,"url":"https:\/\/biodynamizer.com\/wp-content\/uploads\/2019\/11\/Depositphotos_15742931_xl-2015.jpg","type":"image\/jpeg"}],"twitter_card":"summary_large_image","twitter_misc":{"Gesch\u00e4tzte Lesezeit":"1\u00a0Minute"},"schema":{"@context":"https:\/\/schema.org","@graph":[{"@type":"WebPage","@id":"https:\/\/biodynamizer.com\/de\/zusatzinformationen\/die-see-stroeme-im-mittelmeer-und-im-atlantik\/","url":"https:\/\/biodynamizer.com\/de\/zusatzinformationen\/die-see-stroeme-im-mittelmeer-und-im-atlantik\/","name":"Les courants marins en M\u00e9diterrann\u00e9e et dans l\u2019Atlantique. - Biodynamizer","isPartOf":{"@id":"https:\/\/biodynamizer.com\/de\/#website"},"datePublished":"2020-01-24T09:41:12+00:00","dateModified":"2021-02-18T13:41:19+00:00","description":"Biodynamizer - Les courants marins en M\u00e9diterrann\u00e9e et dans l\u2019Atlantique. - En savoir plus sur le biodynamizer et le biofiltre","breadcrumb":{"@id":"https:\/\/biodynamizer.com\/de\/zusatzinformationen\/die-see-stroeme-im-mittelmeer-und-im-atlantik\/#breadcrumb"},"inLanguage":"de","potentialAction":[{"@type":"ReadAction","target":["https:\/\/biodynamizer.com\/de\/zusatzinformationen\/die-see-stroeme-im-mittelmeer-und-im-atlantik\/"]}]},{"@type":"BreadcrumbList","@id":"https:\/\/biodynamizer.com\/de\/zusatzinformationen\/die-see-stroeme-im-mittelmeer-und-im-atlantik\/#breadcrumb","itemListElement":[{"@type":"ListItem","position":1,"name":"Home","item":"https:\/\/biodynamizer.com\/de\/"},{"@type":"ListItem","position":2,"name":"Information additionnelle","item":"https:\/\/biodynamizer.com\/de\/zusatzinformationen\/"},{"@type":"ListItem","position":3,"name":"Les courants marins en M\u00e9diterrann\u00e9e et dans l\u2019Atlantique."}]},{"@type":"WebSite","@id":"https:\/\/biodynamizer.com\/de\/#website","url":"https:\/\/biodynamizer.com\/de\/","name":"Biodynamizer","description":"Filtrez et dynamisez votre eau","potentialAction":[{"@type":"SearchAction","target":{"@type":"EntryPoint","urlTemplate":"https:\/\/biodynamizer.com\/de\/?s={search_term_string}"},"query-input":{"@type":"PropertyValueSpecification","valueRequired":true,"valueName":"search_term_string"}}],"inLanguage":"de"}]}},"_links":{"self":[{"href":"https:\/\/biodynamizer.com\/de\/wp-json\/wp\/v2\/pages\/6442","targetHints":{"allow":["GET"]}}],"collection":[{"href":"https:\/\/biodynamizer.com\/de\/wp-json\/wp\/v2\/pages"}],"about":[{"href":"https:\/\/biodynamizer.com\/de\/wp-json\/wp\/v2\/types\/page"}],"author":[{"embeddable":true,"href":"https:\/\/biodynamizer.com\/de\/wp-json\/wp\/v2\/users\/3"}],"replies":[{"embeddable":true,"href":"https:\/\/biodynamizer.com\/de\/wp-json\/wp\/v2\/comments?post=6442"}],"version-history":[{"count":1,"href":"https:\/\/biodynamizer.com\/de\/wp-json\/wp\/v2\/pages\/6442\/revisions"}],"predecessor-version":[{"id":6448,"href":"https:\/\/biodynamizer.com\/de\/wp-json\/wp\/v2\/pages\/6442\/revisions\/6448"}],"up":[{"embeddable":true,"href":"https:\/\/biodynamizer.com\/de\/wp-json\/wp\/v2\/pages\/5808"}],"wp:attachment":[{"href":"https:\/\/biodynamizer.com\/de\/wp-json\/wp\/v2\/media?parent=6442"}],"curies":[{"name":"wp","href":"https:\/\/api.w.org\/{rel}","templated":true}]}}