{"id":6479,"date":"2020-01-24T08:32:10","date_gmt":"2020-01-24T08:32:10","guid":{"rendered":"https:\/\/biodynamizer.spleen-creation.be\/leau\/le-vortex\/loeuf-le-vortex-colonnaire-a-lidentique-dune-trombe-marine\/"},"modified":"2022-11-28T13:53:29","modified_gmt":"2022-11-28T13:53:29","slug":"eier-wirbel-saeulen-wirbel-identisch-mit-einem-wasserspeier","status":"publish","type":"page","link":"https:\/\/biodynamizer.com\/de\/wasser\/der-wirbel\/eier-wirbel-saeulen-wirbel-identisch-mit-einem-wasserspeier\/","title":{"rendered":"L\u2019\u0153uf : le vortex colonnaire \u00e0 l\u2019identique d\u2019une trombe marine"},"content":{"rendered":"<section class=\"l-section wpb_row us_custom_916fdabd height_small\"><div class=\"l-section-h i-cf\"><div class=\"g-cols vc_row via_flex valign_top type_default stacking_default\"><div class=\"vc_col-sm-12 wpb_column vc_column_container\"><div class=\"vc_column-inner\"><div class=\"wpb_wrapper\"><nav class=\"g-breadcrumbs separator_custom align_none\" itemscope itemtype=\"http:\/\/schema.org\/BreadcrumbList\"><div class=\"g-breadcrumbs-item\" itemscope itemprop=\"itemListElement\" itemtype=\"http:\/\/schema.org\/ListItem\"><a itemprop=\"item\" href=\"https:\/\/biodynamizer.com\/de\/\"><span itemprop=\"name\">Start<\/span><\/a><meta itemprop=\"position\" content=\"1\"\/><\/div><div class=\"g-breadcrumbs-separator\">\/<\/div><div class=\"g-breadcrumbs-item\">Seiten<\/div><\/nav><\/div><\/div><\/div><\/div><\/div><\/section><section class=\"l-section wpb_row fullheader height_huge with_img\"><div class=\"l-section-img\" role=\"img\" aria-label=\"Trombe marine\" data-img-width=\"479\" data-img-height=\"359\" style=\"background-image: url(https:\/\/biodynamizer.com\/wp-content\/uploads\/2019\/11\/GettyImages-1029369210.jpg);background-repeat: no-repeat;\"><\/div><div class=\"l-section-h i-cf\"><div class=\"g-cols vc_row via_flex valign_top type_default stacking_default\"><div class=\"vc_col-sm-12 wpb_column vc_column_container has_text_color\"><div class=\"vc_column-inner us_custom_6df4bc3a\"><div class=\"wpb_wrapper\"><div class=\"wpb_text_column\"><div class=\"wpb_wrapper\"><h3>L\u2019\u0153uf\u00a0: le vortex colonnaire \u00e0 l\u2019identique d\u2019une trombe marine<\/h3>\n<\/div><\/div><\/div><\/div><\/div><\/div><\/div><\/section><section class=\"l-section wpb_row max500 height_large\"><div class=\"l-section-h i-cf\"><div class=\"g-cols vc_row via_flex valign_top type_default stacking_default\"><div class=\"vc_col-sm-6 wpb_column vc_column_container\"><div class=\"vc_column-inner\"><div class=\"wpb_wrapper\"><div class=\"w-image align_center\"><div class=\"w-image-h\"><img decoding=\"async\" width=\"1024\" height=\"856\" src=\"https:\/\/biodynamizer.com\/wp-content\/uploads\/2022\/11\/zoom-4-1024x856.jpg\" class=\"attachment-large size-large\" alt=\"Zoom sur le biodynamizer\" loading=\"lazy\" srcset=\"https:\/\/biodynamizer.com\/wp-content\/uploads\/2022\/11\/zoom-4-1024x856.jpg 1024w, https:\/\/biodynamizer.com\/wp-content\/uploads\/2022\/11\/zoom-4-300x251.jpg 300w\" sizes=\"auto, (max-width: 1024px) 100vw, 1024px\" \/><\/div><\/div><\/div><\/div><\/div><div class=\"vc_col-sm-6 wpb_column vc_column_container\"><div class=\"vc_column-inner\"><div class=\"wpb_wrapper\"><div class=\"w-image align_center\"><div class=\"w-image-h\"><img decoding=\"async\" width=\"385\" height=\"610\" src=\"https:\/\/biodynamizer.com\/wp-content\/uploads\/2020\/01\/oeuf3.png\" class=\"attachment-large size-large\" alt=\"\" loading=\"lazy\" srcset=\"https:\/\/biodynamizer.com\/wp-content\/uploads\/2020\/01\/oeuf3.png 385w, https:\/\/biodynamizer.com\/wp-content\/uploads\/2020\/01\/oeuf3-189x300.png 189w\" sizes=\"auto, (max-width: 385px) 100vw, 385px\" \/><\/div><\/div><\/div><\/div><\/div><\/div><\/div><\/section><section class=\"l-section wpb_row height_auto\"><div class=\"l-section-h i-cf\"><div class=\"g-cols vc_row via_flex valign_top type_default stacking_default\"><div class=\"vc_col-sm-12 wpb_column vc_column_container\"><div class=\"vc_column-inner\"><div class=\"wpb_wrapper\"><div class=\"w-video align_center ratio_21x9 has_iframe\"><div class=\"w-video-h\"><iframe title=\"Youtube video player\" src=\"\/\/www.youtube.com\/embed\/VVBA-THrAwo?autoplay=0&controls=1&origin=https:\/\/biodynamizer.com\/de\/&loop=0&mute=0\" allowfullscreen=\"1\" loading=\"lazy\"><\/iframe><\/div><\/div><div class=\"wpb_text_column\"><div class=\"wpb_wrapper\"><p style=\"text-align: center;\"><em><span class=\"TextRun BCX0 SCXW266266095\" lang=\"FR-BE\" xml:lang=\"FR-BE\" data-contrast=\"none\"><span class=\"NormalTextRun BCX0 SCXW266266095\">L<\/span><\/span><span class=\"TextRun BCX0 SCXW266266095\" lang=\"FR-BE\" xml:lang=\"FR-BE\" data-contrast=\"none\"><span class=\"NormalTextRun BCX0 SCXW266266095\">e vortex colonnaire dans le prototype en r\u00e9sine transparente du\u00a0<\/span><\/span><span class=\"TextRun BCX0 SCXW266266095\" lang=\"FR-BE\" xml:lang=\"FR-BE\" data-contrast=\"none\"><span class=\"SpellingError BCX0 SCXW266266095\">Biodynamizer<\/span><\/span><span class=\"TextRun BCX0 SCXW266266095\" lang=\"FR-BE\" xml:lang=\"FR-BE\" data-contrast=\"none\"><span class=\"NormalTextRun BCX0 SCXW266266095\">\u00ae<\/span><\/span><\/em><\/p>\n<\/div><\/div><\/div><\/div><\/div><\/div><\/div><\/section><section class=\"l-section wpb_row height_medium\"><div class=\"l-section-h i-cf\"><div class=\"g-cols vc_row via_flex valign_top type_default stacking_default\"><div class=\"vc_col-sm-12 wpb_column vc_column_container\"><div class=\"vc_column-inner\"><div class=\"wpb_wrapper\"><div class=\"wpb_text_column\"><div class=\"wpb_wrapper\"><p><strong>Vortex colonnaire en flux libre :<\/strong><\/p>\n<ul>\n<li>Le tourbillonnement de l\u2019eau s\u2019acc\u00e9l\u00e8re \u00e0 l\u2019extr\u00eame \u00e0 l\u2019int\u00e9rieur de l\u2019\u0153uf. L\u2019eau y est en rotation autour de son propre axe et sa vitesse augmente de fa\u00e7on exponentielle pour atteindre un climax lorsque l\u2019\u0153uf est rempli d\u2019eau (ce qui est permanent dans le Biodynamizer<sup> \u00ae<\/sup>). A cet endroit l\u2019eau tourbillonne en flux libre avec une tr\u00e8s forte intensit\u00e9 dans le centre de l\u2019\u0153uf. L\u2019\u00e9nergie cin\u00e9tique y est \u00e0 son apog\u00e9e et se manifeste par des milliers de vortex qui continuent bien au-del\u00e0 du Biodynamiseur dans les conduites sanitaires. Il y a aussi une tr\u00e8s forte interaction et amplification d\u2019\u00e9nergie entre le champ magn\u00e9tique toro\u00efdal \u00e9mis par l\u2019aimant annulaire plaqu\u00e9 or qui est couliss\u00e9 autour de l\u2019entonnoir &amp; le vortex colonnaire !<\/li>\n<li>Le vortex colonnaire est un ph\u00e9nom\u00e8ne de d\u00e9pression d\u2019air qui fait entrer l\u2019air contenu dans l\u2019eau de ville \u00e0 l\u2019int\u00e9rieur du vortex par succion. Cela cr\u00e9e un ph\u00e9nom\u00e8ne de cavitation = vapeur d\u2019eau o\u00f9 les mol\u00e9cules H2O sont en phase gazeuse (comme dans les nuages) =&gt; les mol\u00e9cules d\u2019eau sont plus espac\u00e9es-\u00e9loign\u00e9es\u00a0 il y a peu de pression \u00e0 l\u2019int\u00e9rieur du vortex colonnaire et une forte pression \u00e0 l\u2019ext\u00e9rieur du vortex.<\/li>\n<\/ul>\n<\/div><\/div><\/div><\/div><\/div><\/div><\/div><\/section>\n","protected":false},"excerpt":{"rendered":"Start\/SeitenL\u2019\u0153uf\u00a0: le vortex colonnaire \u00e0 l\u2019identique d\u2019une trombe marine Le vortex colonnaire dans le prototype en r\u00e9sine transparente du\u00a0Biodynamizer\u00ae Vortex colonnaire en flux libre : Le tourbillonnement de l\u2019eau s\u2019acc\u00e9l\u00e8re \u00e0 l\u2019extr\u00eame \u00e0 l\u2019int\u00e9rieur de l\u2019\u0153uf. L\u2019eau y est en rotation autour de son propre axe et sa vitesse augmente de fa\u00e7on exponentielle pour atteindre...","protected":false},"author":3,"featured_media":0,"parent":5877,"menu_order":4,"comment_status":"closed","ping_status":"closed","template":"","meta":{"_monsterinsights_skip_tracking":false,"_monsterinsights_sitenote_active":false,"_monsterinsights_sitenote_note":"","_monsterinsights_sitenote_category":0,"footnotes":""},"class_list":["post-6479","page","type-page","status-publish","hentry"],"yoast_head":"<!-- This site is optimized with the Yoast SEO plugin v27.3 - https:\/\/yoast.com\/product\/yoast-seo-wordpress\/ -->\n<title>L\u2019\u0153uf : le vortex colonnaire \u00e0 l\u2019identique d\u2019une trombe marine - Biodynamizer<\/title>\n<meta name=\"description\" content=\"Biodynamizer - L\u2019\u0153uf : le vortex colonnaire \u00e0 l\u2019identique d\u2019une trombe marine - En savoir plus sur le biodynamizer et le biofiltre\" \/>\n<meta name=\"robots\" content=\"index, follow, max-snippet:-1, max-image-preview:large, max-video-preview:-1\" \/>\n<link rel=\"canonical\" href=\"https:\/\/biodynamizer.com\/de\/wasser\/der-wirbel\/eier-wirbel-saeulen-wirbel-identisch-mit-einem-wasserspeier\/\" \/>\n<meta property=\"og:locale\" content=\"de_DE\" \/>\n<meta property=\"og:type\" content=\"article\" \/>\n<meta property=\"og:title\" content=\"L\u2019\u0153uf : le vortex colonnaire \u00e0 l\u2019identique d\u2019une trombe marine - Biodynamizer\" \/>\n<meta property=\"og:description\" content=\"Biodynamizer - L\u2019\u0153uf : le vortex colonnaire \u00e0 l\u2019identique d\u2019une trombe marine - En savoir plus sur le biodynamizer et le biofiltre\" \/>\n<meta property=\"og:url\" content=\"https:\/\/biodynamizer.com\/de\/wasser\/der-wirbel\/eier-wirbel-saeulen-wirbel-identisch-mit-einem-wasserspeier\/\" \/>\n<meta property=\"og:site_name\" content=\"Biodynamizer\" \/>\n<meta property=\"article:modified_time\" content=\"2022-11-28T13:53:29+00:00\" \/>\n<meta property=\"og:image\" content=\"https:\/\/biodynamizer.com\/wp-content\/uploads\/2019\/11\/Depositphotos_15742931_xl-2015.jpg\" \/>\n\t<meta property=\"og:image:width\" content=\"2000\" \/>\n\t<meta property=\"og:image:height\" content=\"1333\" \/>\n\t<meta property=\"og:image:type\" content=\"image\/jpeg\" \/>\n<meta name=\"twitter:card\" content=\"summary_large_image\" \/>\n<meta name=\"twitter:label1\" content=\"Gesch\u00e4tzte Lesezeit\" \/>\n\t<meta name=\"twitter:data1\" content=\"2\u00a0Minuten\" \/>\n<script type=\"application\/ld+json\" class=\"yoast-schema-graph\">{\"@context\":\"https:\\\/\\\/schema.org\",\"@graph\":[{\"@type\":\"WebPage\",\"@id\":\"https:\\\/\\\/biodynamizer.com\\\/de\\\/wasser\\\/der-wirbel\\\/eier-wirbel-saeulen-wirbel-identisch-mit-einem-wasserspeier\\\/\",\"url\":\"https:\\\/\\\/biodynamizer.com\\\/de\\\/wasser\\\/der-wirbel\\\/eier-wirbel-saeulen-wirbel-identisch-mit-einem-wasserspeier\\\/\",\"name\":\"L\u2019\u0153uf : le vortex colonnaire \u00e0 l\u2019identique d\u2019une trombe marine - Biodynamizer\",\"isPartOf\":{\"@id\":\"https:\\\/\\\/biodynamizer.com\\\/de\\\/#website\"},\"datePublished\":\"2020-01-24T08:32:10+00:00\",\"dateModified\":\"2022-11-28T13:53:29+00:00\",\"description\":\"Biodynamizer - L\u2019\u0153uf : le vortex colonnaire \u00e0 l\u2019identique d\u2019une trombe marine - En savoir plus sur le biodynamizer et le biofiltre\",\"breadcrumb\":{\"@id\":\"https:\\\/\\\/biodynamizer.com\\\/de\\\/wasser\\\/der-wirbel\\\/eier-wirbel-saeulen-wirbel-identisch-mit-einem-wasserspeier\\\/#breadcrumb\"},\"inLanguage\":\"de\",\"potentialAction\":[{\"@type\":\"ReadAction\",\"target\":[\"https:\\\/\\\/biodynamizer.com\\\/de\\\/wasser\\\/der-wirbel\\\/eier-wirbel-saeulen-wirbel-identisch-mit-einem-wasserspeier\\\/\"]}]},{\"@type\":\"BreadcrumbList\",\"@id\":\"https:\\\/\\\/biodynamizer.com\\\/de\\\/wasser\\\/der-wirbel\\\/eier-wirbel-saeulen-wirbel-identisch-mit-einem-wasserspeier\\\/#breadcrumb\",\"itemListElement\":[{\"@type\":\"ListItem\",\"position\":1,\"name\":\"Home\",\"item\":\"https:\\\/\\\/biodynamizer.com\\\/de\\\/\"},{\"@type\":\"ListItem\",\"position\":2,\"name\":\"Wasser\",\"item\":\"https:\\\/\\\/biodynamizer.com\\\/de\\\/leau\\\/\"},{\"@type\":\"ListItem\",\"position\":3,\"name\":\"Der Wirbel\",\"item\":\"https:\\\/\\\/biodynamizer.com\\\/de\\\/leau\\\/le-vortex\\\/\"},{\"@type\":\"ListItem\",\"position\":4,\"name\":\"L\u2019\u0153uf : le vortex colonnaire \u00e0 l\u2019identique d\u2019une trombe marine\"}]},{\"@type\":\"WebSite\",\"@id\":\"https:\\\/\\\/biodynamizer.com\\\/de\\\/#website\",\"url\":\"https:\\\/\\\/biodynamizer.com\\\/de\\\/\",\"name\":\"Biodynamizer\",\"description\":\"Filtrez et dynamisez votre eau\",\"potentialAction\":[{\"@type\":\"SearchAction\",\"target\":{\"@type\":\"EntryPoint\",\"urlTemplate\":\"https:\\\/\\\/biodynamizer.com\\\/de\\\/?s={search_term_string}\"},\"query-input\":{\"@type\":\"PropertyValueSpecification\",\"valueRequired\":true,\"valueName\":\"search_term_string\"}}],\"inLanguage\":\"de\"}]}<\/script>\n<!-- \/ Yoast SEO plugin. -->","yoast_head_json":{"title":"L\u2019\u0153uf : le vortex colonnaire \u00e0 l\u2019identique d\u2019une trombe marine - Biodynamizer","description":"Biodynamizer - L\u2019\u0153uf : le vortex colonnaire \u00e0 l\u2019identique d\u2019une trombe marine - En savoir plus sur le biodynamizer et le biofiltre","robots":{"index":"index","follow":"follow","max-snippet":"max-snippet:-1","max-image-preview":"max-image-preview:large","max-video-preview":"max-video-preview:-1"},"canonical":"https:\/\/biodynamizer.com\/de\/wasser\/der-wirbel\/eier-wirbel-saeulen-wirbel-identisch-mit-einem-wasserspeier\/","og_locale":"de_DE","og_type":"article","og_title":"L\u2019\u0153uf : le vortex colonnaire \u00e0 l\u2019identique d\u2019une trombe marine - Biodynamizer","og_description":"Biodynamizer - L\u2019\u0153uf : le vortex colonnaire \u00e0 l\u2019identique d\u2019une trombe marine - En savoir plus sur le biodynamizer et le biofiltre","og_url":"https:\/\/biodynamizer.com\/de\/wasser\/der-wirbel\/eier-wirbel-saeulen-wirbel-identisch-mit-einem-wasserspeier\/","og_site_name":"Biodynamizer","article_modified_time":"2022-11-28T13:53:29+00:00","og_image":[{"width":2000,"height":1333,"url":"https:\/\/biodynamizer.com\/wp-content\/uploads\/2019\/11\/Depositphotos_15742931_xl-2015.jpg","type":"image\/jpeg"}],"twitter_card":"summary_large_image","twitter_misc":{"Gesch\u00e4tzte Lesezeit":"2\u00a0Minuten"},"schema":{"@context":"https:\/\/schema.org","@graph":[{"@type":"WebPage","@id":"https:\/\/biodynamizer.com\/de\/wasser\/der-wirbel\/eier-wirbel-saeulen-wirbel-identisch-mit-einem-wasserspeier\/","url":"https:\/\/biodynamizer.com\/de\/wasser\/der-wirbel\/eier-wirbel-saeulen-wirbel-identisch-mit-einem-wasserspeier\/","name":"L\u2019\u0153uf : le vortex colonnaire \u00e0 l\u2019identique d\u2019une trombe marine - Biodynamizer","isPartOf":{"@id":"https:\/\/biodynamizer.com\/de\/#website"},"datePublished":"2020-01-24T08:32:10+00:00","dateModified":"2022-11-28T13:53:29+00:00","description":"Biodynamizer - L\u2019\u0153uf : le vortex colonnaire \u00e0 l\u2019identique d\u2019une trombe marine - En savoir plus sur le biodynamizer et le biofiltre","breadcrumb":{"@id":"https:\/\/biodynamizer.com\/de\/wasser\/der-wirbel\/eier-wirbel-saeulen-wirbel-identisch-mit-einem-wasserspeier\/#breadcrumb"},"inLanguage":"de","potentialAction":[{"@type":"ReadAction","target":["https:\/\/biodynamizer.com\/de\/wasser\/der-wirbel\/eier-wirbel-saeulen-wirbel-identisch-mit-einem-wasserspeier\/"]}]},{"@type":"BreadcrumbList","@id":"https:\/\/biodynamizer.com\/de\/wasser\/der-wirbel\/eier-wirbel-saeulen-wirbel-identisch-mit-einem-wasserspeier\/#breadcrumb","itemListElement":[{"@type":"ListItem","position":1,"name":"Home","item":"https:\/\/biodynamizer.com\/de\/"},{"@type":"ListItem","position":2,"name":"Wasser","item":"https:\/\/biodynamizer.com\/de\/leau\/"},{"@type":"ListItem","position":3,"name":"Der Wirbel","item":"https:\/\/biodynamizer.com\/de\/leau\/le-vortex\/"},{"@type":"ListItem","position":4,"name":"L\u2019\u0153uf : le vortex colonnaire \u00e0 l\u2019identique d\u2019une trombe marine"}]},{"@type":"WebSite","@id":"https:\/\/biodynamizer.com\/de\/#website","url":"https:\/\/biodynamizer.com\/de\/","name":"Biodynamizer","description":"Filtrez et dynamisez votre eau","potentialAction":[{"@type":"SearchAction","target":{"@type":"EntryPoint","urlTemplate":"https:\/\/biodynamizer.com\/de\/?s={search_term_string}"},"query-input":{"@type":"PropertyValueSpecification","valueRequired":true,"valueName":"search_term_string"}}],"inLanguage":"de"}]}},"_links":{"self":[{"href":"https:\/\/biodynamizer.com\/de\/wp-json\/wp\/v2\/pages\/6479","targetHints":{"allow":["GET"]}}],"collection":[{"href":"https:\/\/biodynamizer.com\/de\/wp-json\/wp\/v2\/pages"}],"about":[{"href":"https:\/\/biodynamizer.com\/de\/wp-json\/wp\/v2\/types\/page"}],"author":[{"embeddable":true,"href":"https:\/\/biodynamizer.com\/de\/wp-json\/wp\/v2\/users\/3"}],"replies":[{"embeddable":true,"href":"https:\/\/biodynamizer.com\/de\/wp-json\/wp\/v2\/comments?post=6479"}],"version-history":[{"count":2,"href":"https:\/\/biodynamizer.com\/de\/wp-json\/wp\/v2\/pages\/6479\/revisions"}],"predecessor-version":[{"id":17956,"href":"https:\/\/biodynamizer.com\/de\/wp-json\/wp\/v2\/pages\/6479\/revisions\/17956"}],"up":[{"embeddable":true,"href":"https:\/\/biodynamizer.com\/de\/wp-json\/wp\/v2\/pages\/5877"}],"wp:attachment":[{"href":"https:\/\/biodynamizer.com\/de\/wp-json\/wp\/v2\/media?parent=6479"}],"curies":[{"name":"wp","href":"https:\/\/api.w.org\/{rel}","templated":true}]}}