{"id":6503,"date":"2020-01-22T14:49:57","date_gmt":"2020-01-22T14:49:57","guid":{"rendered":"https:\/\/biodynamizer.spleen-creation.be\/leau\/le-vortex\/les-mouvements-dans-le-biodynamizer-les-accelerations-decelerations-du-tube-rythmique%e2%80%8b\/"},"modified":"2021-02-18T14:01:01","modified_gmt":"2021-02-18T14:01:01","slug":"bewegung-im-biodynamiker-beschleunigungen-verlangsamungen-rohr-rhythmik","status":"publish","type":"page","link":"https:\/\/biodynamizer.com\/de\/wasser\/der-wirbel\/bewegung-im-biodynamiker-beschleunigungen-verlangsamungen-rohr-rhythmik\/","title":{"rendered":"Les mouvements dans le Biodynamizer\u00ae : Les acc\u00e9l\u00e9rations \u2013 d\u00e9c\u00e9l\u00e9rations du TUBE RYTHMIQUE\u200b"},"content":{"rendered":"<section class=\"l-section wpb_row us_custom_916fdabd height_small\"><div class=\"l-section-h i-cf\"><div class=\"g-cols vc_row via_flex valign_top type_default stacking_default\"><div class=\"vc_col-sm-12 wpb_column vc_column_container\"><div class=\"vc_column-inner\"><div class=\"wpb_wrapper\"><nav class=\"g-breadcrumbs separator_custom align_none\" itemscope itemtype=\"http:\/\/schema.org\/BreadcrumbList\"><div class=\"g-breadcrumbs-item\" itemscope itemprop=\"itemListElement\" itemtype=\"http:\/\/schema.org\/ListItem\"><a itemprop=\"item\" href=\"https:\/\/biodynamizer.com\/de\/\"><span itemprop=\"name\">Start<\/span><\/a><meta itemprop=\"position\" content=\"1\"\/><\/div><div class=\"g-breadcrumbs-separator\">\/<\/div><div class=\"g-breadcrumbs-item\">Seiten<\/div><\/nav><\/div><\/div><\/div><\/div><\/div><\/section><section class=\"l-section wpb_row fullheader height_huge with_img\"><div class=\"l-section-img\" role=\"img\" aria-label=\"Cascade d&#039;eau\" data-img-width=\"1519\" data-img-height=\"313\" style=\"background-image: url(https:\/\/biodynamizer.com\/wp-content\/uploads\/2020\/03\/New-Project-55.jpg);background-repeat: no-repeat;\"><\/div><div class=\"l-section-h i-cf\"><div class=\"g-cols vc_row via_flex valign_top type_default stacking_default\"><div class=\"vc_col-sm-12 wpb_column vc_column_container has_text_color\"><div class=\"vc_column-inner us_custom_6df4bc3a\"><div class=\"wpb_wrapper\"><div class=\"wpb_text_column\"><div class=\"wpb_wrapper\"><h3><span class=\"TextRun BCX0 SCXP163538187\" lang=\"FR-BE\" xml:lang=\"FR-BE\" data-usefontface=\"true\" data-contrast=\"none\"><span class=\"NormalTextRun BCX0 SCXP163538187\">Les mouvements dans le\u00a0<\/span><span class=\"SpellingError BCX0 SCXP163538187\">Biodynamizer<\/span><\/span><span class=\"TextRun BCX0 SCXP163538187\" lang=\"FR-BE\" xml:lang=\"FR-BE\" data-usefontface=\"true\" data-contrast=\"none\"><span class=\"NormalTextRun Superscript BCX0 SCXP163538187\" data-fontsize=\"16\">\u00a0<\/span><\/span><span class=\"TextRun BCX0 SCXP163538187\" lang=\"FR-BE\" xml:lang=\"FR-BE\" data-usefontface=\"true\" data-contrast=\"none\"><span class=\"NormalTextRun BCX0 SCXP163538187\">: Les\u00a0<\/span><\/span><span class=\"TextRun BCX0 SCXP163538187\" lang=\"FR-BE\" xml:lang=\"FR-BE\" data-usefontface=\"true\" data-contrast=\"none\"><span class=\"NormalTextRun BCX0 SCXP163538187\">acc\u00e9l\u00e9rations \u2013 d\u00e9c\u00e9l\u00e9rations\u00a0<\/span><\/span><span class=\"TextRun BCX0 SCXP163538187\" lang=\"FR-BE\" xml:lang=\"FR-BE\" data-usefontface=\"true\" data-contrast=\"none\"><span class=\"NormalTextRun BCX0 SCXP163538187\">du\u00a0<\/span><\/span><span class=\"TextRun BCX0 SCXP163538187\" lang=\"FR-BE\" xml:lang=\"FR-BE\" data-usefontface=\"true\" data-contrast=\"none\"><span class=\"NormalTextRun BCX0 SCXP163538187\">TUBE RYTHMIQUE<\/span><\/span><span class=\"EOP BCX0 SCXP163538187\">\u200b<\/span><\/h3>\n<\/div><\/div><\/div><\/div><\/div><\/div><\/div><\/section><section class=\"l-section wpb_row max500 height_large\"><div class=\"l-section-h i-cf\"><div class=\"g-cols vc_row via_flex valign_top type_default stacking_default\"><div class=\"vc_col-sm-6 wpb_column vc_column_container\"><div class=\"vc_column-inner\"><div class=\"wpb_wrapper\"><div class=\"w-image align_center\"><div class=\"w-image-h\"><img decoding=\"async\" width=\"210\" height=\"924\" src=\"https:\/\/biodynamizer.com\/wp-content\/uploads\/2020\/01\/movement.png\" class=\"attachment-large size-large\" alt=\"\" loading=\"lazy\" srcset=\"https:\/\/biodynamizer.com\/wp-content\/uploads\/2020\/01\/movement.png 210w, https:\/\/biodynamizer.com\/wp-content\/uploads\/2020\/01\/movement-68x300.png 68w\" sizes=\"auto, (max-width: 210px) 100vw, 210px\" \/><\/div><\/div><\/div><\/div><\/div><div class=\"vc_col-sm-6 wpb_column vc_column_container\"><div class=\"vc_column-inner\"><div class=\"wpb_wrapper\"><div class=\"w-image align_center\"><div class=\"w-image-h\"><img decoding=\"async\" width=\"684\" height=\"1024\" src=\"https:\/\/biodynamizer.com\/wp-content\/uploads\/2019\/11\/water_flow-684x1024.jpg\" class=\"attachment-large size-large\" alt=\"\" loading=\"lazy\" srcset=\"https:\/\/biodynamizer.com\/wp-content\/uploads\/2019\/11\/water_flow-684x1024.jpg 684w, https:\/\/biodynamizer.com\/wp-content\/uploads\/2019\/11\/water_flow-200x300.jpg 200w, https:\/\/biodynamizer.com\/wp-content\/uploads\/2019\/11\/water_flow.jpg 1002w\" sizes=\"auto, (max-width: 684px) 100vw, 684px\" \/><\/div><\/div><\/div><\/div><\/div><\/div><\/div><\/section>\n","protected":false},"excerpt":{"rendered":"Start\/SeitenLes mouvements dans le\u00a0Biodynamizer\u00a0: Les\u00a0acc\u00e9l\u00e9rations \u2013 d\u00e9c\u00e9l\u00e9rations\u00a0du\u00a0TUBE RYTHMIQUE\u200b","protected":false},"author":3,"featured_media":0,"parent":5877,"menu_order":1,"comment_status":"closed","ping_status":"closed","template":"","meta":{"_monsterinsights_skip_tracking":false,"_monsterinsights_sitenote_active":false,"_monsterinsights_sitenote_note":"","_monsterinsights_sitenote_category":0,"footnotes":""},"class_list":["post-6503","page","type-page","status-publish","hentry"],"yoast_head":"<!-- This site is optimized with the Yoast SEO plugin v27.3 - https:\/\/yoast.com\/product\/yoast-seo-wordpress\/ -->\n<title>Les mouvements dans le Biodynamizer\u00ae : Les acc\u00e9l\u00e9rations \u2013 d\u00e9c\u00e9l\u00e9rations du TUBE RYTHMIQUE\u200b - Biodynamizer<\/title>\n<meta name=\"description\" content=\"Biodynamizer - Les mouvements dans le Biodynamizer\u00ae : Les acc\u00e9l\u00e9rations \u2013 d\u00e9c\u00e9l\u00e9rations du TUBE RYTHMIQUE\u200b - En savoir plus sur le biodynamizer et le biofiltre\" \/>\n<meta name=\"robots\" content=\"index, follow, max-snippet:-1, max-image-preview:large, max-video-preview:-1\" \/>\n<link rel=\"canonical\" href=\"https:\/\/biodynamizer.com\/de\/wasser\/der-wirbel\/bewegung-im-biodynamiker-beschleunigungen-verlangsamungen-rohr-rhythmik\/\" \/>\n<meta property=\"og:locale\" content=\"de_DE\" \/>\n<meta property=\"og:type\" content=\"article\" \/>\n<meta property=\"og:title\" content=\"Les mouvements dans le Biodynamizer\u00ae : Les acc\u00e9l\u00e9rations \u2013 d\u00e9c\u00e9l\u00e9rations du TUBE RYTHMIQUE\u200b - Biodynamizer\" \/>\n<meta property=\"og:description\" content=\"Biodynamizer - Les mouvements dans le Biodynamizer\u00ae : Les acc\u00e9l\u00e9rations \u2013 d\u00e9c\u00e9l\u00e9rations du TUBE RYTHMIQUE\u200b - En savoir plus sur le biodynamizer et le biofiltre\" \/>\n<meta property=\"og:url\" content=\"https:\/\/biodynamizer.com\/de\/wasser\/der-wirbel\/bewegung-im-biodynamiker-beschleunigungen-verlangsamungen-rohr-rhythmik\/\" \/>\n<meta property=\"og:site_name\" content=\"Biodynamizer\" \/>\n<meta property=\"article:modified_time\" content=\"2021-02-18T14:01:01+00:00\" \/>\n<meta property=\"og:image\" content=\"https:\/\/biodynamizer.com\/wp-content\/uploads\/2019\/11\/Depositphotos_15742931_xl-2015.jpg\" \/>\n\t<meta property=\"og:image:width\" content=\"2000\" \/>\n\t<meta property=\"og:image:height\" content=\"1333\" \/>\n\t<meta property=\"og:image:type\" content=\"image\/jpeg\" \/>\n<meta name=\"twitter:card\" content=\"summary_large_image\" \/>\n<meta name=\"twitter:label1\" content=\"Gesch\u00e4tzte Lesezeit\" \/>\n\t<meta name=\"twitter:data1\" content=\"1\u00a0Minute\" \/>\n<script type=\"application\/ld+json\" class=\"yoast-schema-graph\">{\"@context\":\"https:\\\/\\\/schema.org\",\"@graph\":[{\"@type\":\"WebPage\",\"@id\":\"https:\\\/\\\/biodynamizer.com\\\/de\\\/wasser\\\/der-wirbel\\\/bewegung-im-biodynamiker-beschleunigungen-verlangsamungen-rohr-rhythmik\\\/\",\"url\":\"https:\\\/\\\/biodynamizer.com\\\/de\\\/wasser\\\/der-wirbel\\\/bewegung-im-biodynamiker-beschleunigungen-verlangsamungen-rohr-rhythmik\\\/\",\"name\":\"Les mouvements dans le Biodynamizer\u00ae : Les acc\u00e9l\u00e9rations \u2013 d\u00e9c\u00e9l\u00e9rations du TUBE RYTHMIQUE\u200b - Biodynamizer\",\"isPartOf\":{\"@id\":\"https:\\\/\\\/biodynamizer.com\\\/de\\\/#website\"},\"datePublished\":\"2020-01-22T14:49:57+00:00\",\"dateModified\":\"2021-02-18T14:01:01+00:00\",\"description\":\"Biodynamizer - Les mouvements dans le Biodynamizer\u00ae : Les acc\u00e9l\u00e9rations \u2013 d\u00e9c\u00e9l\u00e9rations du TUBE RYTHMIQUE\u200b - En savoir plus sur le biodynamizer et le biofiltre\",\"breadcrumb\":{\"@id\":\"https:\\\/\\\/biodynamizer.com\\\/de\\\/wasser\\\/der-wirbel\\\/bewegung-im-biodynamiker-beschleunigungen-verlangsamungen-rohr-rhythmik\\\/#breadcrumb\"},\"inLanguage\":\"de\",\"potentialAction\":[{\"@type\":\"ReadAction\",\"target\":[\"https:\\\/\\\/biodynamizer.com\\\/de\\\/wasser\\\/der-wirbel\\\/bewegung-im-biodynamiker-beschleunigungen-verlangsamungen-rohr-rhythmik\\\/\"]}]},{\"@type\":\"BreadcrumbList\",\"@id\":\"https:\\\/\\\/biodynamizer.com\\\/de\\\/wasser\\\/der-wirbel\\\/bewegung-im-biodynamiker-beschleunigungen-verlangsamungen-rohr-rhythmik\\\/#breadcrumb\",\"itemListElement\":[{\"@type\":\"ListItem\",\"position\":1,\"name\":\"Home\",\"item\":\"https:\\\/\\\/biodynamizer.com\\\/de\\\/\"},{\"@type\":\"ListItem\",\"position\":2,\"name\":\"Wasser\",\"item\":\"https:\\\/\\\/biodynamizer.com\\\/de\\\/leau\\\/\"},{\"@type\":\"ListItem\",\"position\":3,\"name\":\"Der Wirbel\",\"item\":\"https:\\\/\\\/biodynamizer.com\\\/de\\\/leau\\\/le-vortex\\\/\"},{\"@type\":\"ListItem\",\"position\":4,\"name\":\"Les mouvements dans le Biodynamizer\u00ae : Les acc\u00e9l\u00e9rations \u2013 d\u00e9c\u00e9l\u00e9rations du TUBE RYTHMIQUE\u200b\"}]},{\"@type\":\"WebSite\",\"@id\":\"https:\\\/\\\/biodynamizer.com\\\/de\\\/#website\",\"url\":\"https:\\\/\\\/biodynamizer.com\\\/de\\\/\",\"name\":\"Biodynamizer\",\"description\":\"Filtrez et dynamisez votre eau\",\"potentialAction\":[{\"@type\":\"SearchAction\",\"target\":{\"@type\":\"EntryPoint\",\"urlTemplate\":\"https:\\\/\\\/biodynamizer.com\\\/de\\\/?s={search_term_string}\"},\"query-input\":{\"@type\":\"PropertyValueSpecification\",\"valueRequired\":true,\"valueName\":\"search_term_string\"}}],\"inLanguage\":\"de\"}]}<\/script>\n<!-- \/ Yoast SEO plugin. -->","yoast_head_json":{"title":"Les mouvements dans le Biodynamizer\u00ae : Les acc\u00e9l\u00e9rations \u2013 d\u00e9c\u00e9l\u00e9rations du TUBE RYTHMIQUE\u200b - Biodynamizer","description":"Biodynamizer - Les mouvements dans le Biodynamizer\u00ae : Les acc\u00e9l\u00e9rations \u2013 d\u00e9c\u00e9l\u00e9rations du TUBE RYTHMIQUE\u200b - En savoir plus sur le biodynamizer et le biofiltre","robots":{"index":"index","follow":"follow","max-snippet":"max-snippet:-1","max-image-preview":"max-image-preview:large","max-video-preview":"max-video-preview:-1"},"canonical":"https:\/\/biodynamizer.com\/de\/wasser\/der-wirbel\/bewegung-im-biodynamiker-beschleunigungen-verlangsamungen-rohr-rhythmik\/","og_locale":"de_DE","og_type":"article","og_title":"Les mouvements dans le Biodynamizer\u00ae : Les acc\u00e9l\u00e9rations \u2013 d\u00e9c\u00e9l\u00e9rations du TUBE RYTHMIQUE\u200b - Biodynamizer","og_description":"Biodynamizer - Les mouvements dans le Biodynamizer\u00ae : Les acc\u00e9l\u00e9rations \u2013 d\u00e9c\u00e9l\u00e9rations du TUBE RYTHMIQUE\u200b - En savoir plus sur le biodynamizer et le biofiltre","og_url":"https:\/\/biodynamizer.com\/de\/wasser\/der-wirbel\/bewegung-im-biodynamiker-beschleunigungen-verlangsamungen-rohr-rhythmik\/","og_site_name":"Biodynamizer","article_modified_time":"2021-02-18T14:01:01+00:00","og_image":[{"width":2000,"height":1333,"url":"https:\/\/biodynamizer.com\/wp-content\/uploads\/2019\/11\/Depositphotos_15742931_xl-2015.jpg","type":"image\/jpeg"}],"twitter_card":"summary_large_image","twitter_misc":{"Gesch\u00e4tzte Lesezeit":"1\u00a0Minute"},"schema":{"@context":"https:\/\/schema.org","@graph":[{"@type":"WebPage","@id":"https:\/\/biodynamizer.com\/de\/wasser\/der-wirbel\/bewegung-im-biodynamiker-beschleunigungen-verlangsamungen-rohr-rhythmik\/","url":"https:\/\/biodynamizer.com\/de\/wasser\/der-wirbel\/bewegung-im-biodynamiker-beschleunigungen-verlangsamungen-rohr-rhythmik\/","name":"Les mouvements dans le Biodynamizer\u00ae : Les acc\u00e9l\u00e9rations \u2013 d\u00e9c\u00e9l\u00e9rations du TUBE RYTHMIQUE\u200b - Biodynamizer","isPartOf":{"@id":"https:\/\/biodynamizer.com\/de\/#website"},"datePublished":"2020-01-22T14:49:57+00:00","dateModified":"2021-02-18T14:01:01+00:00","description":"Biodynamizer - Les mouvements dans le Biodynamizer\u00ae : Les acc\u00e9l\u00e9rations \u2013 d\u00e9c\u00e9l\u00e9rations du TUBE RYTHMIQUE\u200b - En savoir plus sur le biodynamizer et le biofiltre","breadcrumb":{"@id":"https:\/\/biodynamizer.com\/de\/wasser\/der-wirbel\/bewegung-im-biodynamiker-beschleunigungen-verlangsamungen-rohr-rhythmik\/#breadcrumb"},"inLanguage":"de","potentialAction":[{"@type":"ReadAction","target":["https:\/\/biodynamizer.com\/de\/wasser\/der-wirbel\/bewegung-im-biodynamiker-beschleunigungen-verlangsamungen-rohr-rhythmik\/"]}]},{"@type":"BreadcrumbList","@id":"https:\/\/biodynamizer.com\/de\/wasser\/der-wirbel\/bewegung-im-biodynamiker-beschleunigungen-verlangsamungen-rohr-rhythmik\/#breadcrumb","itemListElement":[{"@type":"ListItem","position":1,"name":"Home","item":"https:\/\/biodynamizer.com\/de\/"},{"@type":"ListItem","position":2,"name":"Wasser","item":"https:\/\/biodynamizer.com\/de\/leau\/"},{"@type":"ListItem","position":3,"name":"Der Wirbel","item":"https:\/\/biodynamizer.com\/de\/leau\/le-vortex\/"},{"@type":"ListItem","position":4,"name":"Les mouvements dans le Biodynamizer\u00ae : Les acc\u00e9l\u00e9rations \u2013 d\u00e9c\u00e9l\u00e9rations du TUBE RYTHMIQUE\u200b"}]},{"@type":"WebSite","@id":"https:\/\/biodynamizer.com\/de\/#website","url":"https:\/\/biodynamizer.com\/de\/","name":"Biodynamizer","description":"Filtrez et dynamisez votre eau","potentialAction":[{"@type":"SearchAction","target":{"@type":"EntryPoint","urlTemplate":"https:\/\/biodynamizer.com\/de\/?s={search_term_string}"},"query-input":{"@type":"PropertyValueSpecification","valueRequired":true,"valueName":"search_term_string"}}],"inLanguage":"de"}]}},"_links":{"self":[{"href":"https:\/\/biodynamizer.com\/de\/wp-json\/wp\/v2\/pages\/6503","targetHints":{"allow":["GET"]}}],"collection":[{"href":"https:\/\/biodynamizer.com\/de\/wp-json\/wp\/v2\/pages"}],"about":[{"href":"https:\/\/biodynamizer.com\/de\/wp-json\/wp\/v2\/types\/page"}],"author":[{"embeddable":true,"href":"https:\/\/biodynamizer.com\/de\/wp-json\/wp\/v2\/users\/3"}],"replies":[{"embeddable":true,"href":"https:\/\/biodynamizer.com\/de\/wp-json\/wp\/v2\/comments?post=6503"}],"version-history":[{"count":1,"href":"https:\/\/biodynamizer.com\/de\/wp-json\/wp\/v2\/pages\/6503\/revisions"}],"predecessor-version":[{"id":6521,"href":"https:\/\/biodynamizer.com\/de\/wp-json\/wp\/v2\/pages\/6503\/revisions\/6521"}],"up":[{"embeddable":true,"href":"https:\/\/biodynamizer.com\/de\/wp-json\/wp\/v2\/pages\/5877"}],"wp:attachment":[{"href":"https:\/\/biodynamizer.com\/de\/wp-json\/wp\/v2\/media?parent=6503"}],"curies":[{"name":"wp","href":"https:\/\/api.w.org\/{rel}","templated":true}]}}