{"id":6541,"date":"2020-01-22T14:07:40","date_gmt":"2020-01-22T14:07:40","guid":{"rendered":"https:\/\/biodynamizer.spleen-creation.be\/leau\/composition-moleculaire-de-leau-structure-chimique\/"},"modified":"2025-05-05T07:39:26","modified_gmt":"2025-05-05T07:39:26","slug":"zusammensetzung-molekulare-wasser-struktur-chemisch","status":"publish","type":"page","link":"https:\/\/biodynamizer.com\/de\/wasser\/zusammensetzung-molekulare-wasser-struktur-chemisch\/","title":{"rendered":"Molekulare Zusammensetzung von Wasser = chemische Struktur"},"content":{"rendered":"<section class=\"l-section wpb_row us_custom_916fdabd height_small\"><div class=\"l-section-h i-cf\"><div class=\"g-cols vc_row via_flex valign_top type_default stacking_default\"><div class=\"vc_col-sm-12 wpb_column vc_column_container\"><div class=\"vc_column-inner\"><div class=\"wpb_wrapper\"><nav class=\"g-breadcrumbs separator_custom align_none\" itemscope itemtype=\"http:\/\/schema.org\/BreadcrumbList\"><div class=\"g-breadcrumbs-item\" itemscope itemprop=\"itemListElement\" itemtype=\"http:\/\/schema.org\/ListItem\"><a itemprop=\"item\" href=\"https:\/\/biodynamizer.com\/de\/\"><span itemprop=\"name\">Start<\/span><\/a><meta itemprop=\"position\" content=\"1\"\/><\/div><div class=\"g-breadcrumbs-separator\">\/<\/div><div class=\"g-breadcrumbs-item\">Seiten<\/div><\/nav><\/div><\/div><\/div><\/div><\/div><\/section><section class=\"l-section wpb_row height_auto width_full\"><div class=\"l-section-h i-cf\"><div class=\"g-cols vc_row via_flex valign_bottom type_default stacking_default\"><div class=\"vc_col-sm-6 wpb_column vc_column_container imagesideblock has_text_color has_bg_color\"><div class=\"vc_column-inner us_custom_5994dea5\"><div class=\"wpb_wrapper\"><\/div><\/div><\/div><div class=\"vc_col-sm-6 wpb_column vc_column_container tekstsideblock\"><div class=\"vc_column-inner\"><div class=\"wpb_wrapper\"><div class=\"wpb_text_column\"><div class=\"wpb_wrapper\"><h1><b>Molekulare Zusammensetzung von Wasser = chemische Struktur<\/b><\/h1>\n<\/div><\/div><div class=\"wpb_text_column\"><div class=\"wpb_wrapper\"><p>Das H2O-Molek\u00fcl (Wasser) besteht aus :<\/p>\n<ul>\n<li>Sauerstoffatom &#8222;O&#8220; (elektro-negative Ladung)\n<ul>\n<li>1 Kern aus 8 Protonen &amp; 8 Neutronen (positive elektrische Ladung)<\/li>\n<li>8 Elektronen (negative elektrische Ladung), die um sich selbst rotieren und das O-Atom (Spin) umkreisen = Elektronenwolke<\/li>\n<\/ul>\n<\/li>\n<li>&#8222;H&#8220;-Wasserstoffatome (elektro-positiv geladen)\n<ul>\n<li>1 Proton &amp; 1 Neutronenkern (positive elektrische Ladung)<\/li>\n<li>1 Elektron (negative elektrische Ladung), das um sich selbst rotiert und jedes Atom H (Spin) umkreist = elektronische Wolke<\/li>\n<\/ul>\n<\/li>\n<\/ul>\n<p>&nbsp;<\/p>\n<\/div><\/div><\/div><\/div><\/div><\/div><\/div><\/section><section class=\"l-section wpb_row height_small\"><div class=\"l-section-h i-cf\"><div class=\"g-cols vc_row via_flex valign_top type_default stacking_default\"><div class=\"vc_col-sm-12 wpb_column vc_column_container\"><div class=\"vc_column-inner\"><div class=\"wpb_wrapper\"><\/div><\/div><\/div><\/div><\/div><\/section><section class=\"l-section wpb_row height_medium\"><div class=\"l-section-h i-cf\"><div class=\"g-cols vc_row via_flex valign_middle type_default reversed stacking_default\"><div class=\"vc_col-sm-6 wpb_column vc_column_container\"><div class=\"vc_column-inner\"><div class=\"wpb_wrapper\"><div class=\"wpb_text_column\"><div class=\"wpb_wrapper\"><p>Das H2O-Molek\u00fcl ist ein Dipol, weil es eine Potentialdifferenz zwischen dem O-Atom (negative Ladung) &amp; den 2 H-Atomen (positive Ladung) gibt, die eine kovalente Bindung zwischen ihnen eingehen (die 2 Kerne teilen sich ihre Elektronen). Tats\u00e4chlich flie\u00dft Energie von einem Pol zum anderen, und ihr Weg wird in der <strong><a href=\"https:\/\/biodynamizer.com\/de\/nos-solutions\/le-biodynamizer\/la-restructuration\/\"><u>Struktur<\/u> <\/a><\/strong><u>des<\/u> <u>Wassers<\/u> visualisiert. Das Wassermolek\u00fcl macht auch nicht-kovalente Bindungen durch Wasserstoffbr\u00fccken zwischen Wassermolek\u00fclen und molekulare Bindungen zwischen H2O und Mineralien, Schadstoffen &#8230; .<\/p>\n<p>Solange es fl\u00fcssig ist, befindet sich das Wassermolek\u00fcl in Rotation um seinen Massenschwerpunkt (Spin).<\/p>\n<p>Der Durchmesser des H2O-Molek\u00fcls (zwischen den 2 Wasserstoffatomen) betr\u00e4gt <span>0,343\u00a0<\/span><abbr class=\"abbr\" title=\"nanom\u00e8tre\">nm<\/abbr> (Nanometer).<\/p>\n<\/div><\/div><\/div><\/div><\/div><div class=\"vc_col-sm-6 wpb_column vc_column_container has_text_color\"><div class=\"vc_column-inner us_custom_522c9e9f\"><div class=\"wpb_wrapper\"><div class=\"w-image align_center\"><div class=\"w-image-h\"><img decoding=\"async\" width=\"706\" height=\"487\" src=\"https:\/\/biodynamizer.com\/wp-content\/uploads\/2020\/01\/MOLECULE.png\" class=\"attachment-large size-large\" alt=\"\" loading=\"lazy\" srcset=\"https:\/\/biodynamizer.com\/wp-content\/uploads\/2020\/01\/MOLECULE.png 706w, https:\/\/biodynamizer.com\/wp-content\/uploads\/2020\/01\/MOLECULE-300x207.png 300w\" sizes=\"auto, (max-width: 706px) 100vw, 706px\" \/><\/div><\/div><\/div><\/div><\/div><\/div><\/div><\/section>\n","protected":false},"excerpt":{"rendered":"Start\/SeitenMolekulare Zusammensetzung von Wasser = chemische Struktur Das H2O-Molek\u00fcl (Wasser) besteht aus : Sauerstoffatom &#8222;O&#8220; (elektro-negative Ladung) 1 Kern aus 8 Protonen &amp; 8 Neutronen (positive elektrische Ladung) 8 Elektronen (negative elektrische Ladung), die um sich selbst rotieren und das O-Atom (Spin) umkreisen = Elektronenwolke &#8222;H&#8220;-Wasserstoffatome (elektro-positiv geladen) 1 Proton &amp; 1 Neutronenkern (positive elektrische...","protected":false},"author":3,"featured_media":0,"parent":5844,"menu_order":4,"comment_status":"closed","ping_status":"closed","template":"","meta":{"_monsterinsights_skip_tracking":false,"_monsterinsights_sitenote_active":false,"_monsterinsights_sitenote_note":"","_monsterinsights_sitenote_category":0,"footnotes":""},"class_list":["post-6541","page","type-page","status-publish","hentry"],"yoast_head":"<!-- This site is optimized with the Yoast SEO plugin v27.3 - https:\/\/yoast.com\/product\/yoast-seo-wordpress\/ -->\n<title>Molekulare Zusammensetzung von Wasser = chemische Struktur - Biodynamizer<\/title>\n<meta name=\"description\" content=\"Biodynamizer - Molekulare Zusammensetzung von Wasser = chemische Struktur - En savoir plus sur le biodynamizer et le biofiltre\" \/>\n<meta name=\"robots\" content=\"index, follow, max-snippet:-1, max-image-preview:large, max-video-preview:-1\" \/>\n<link rel=\"canonical\" href=\"https:\/\/biodynamizer.com\/de\/wasser\/zusammensetzung-molekulare-wasser-struktur-chemisch\/\" \/>\n<meta property=\"og:locale\" content=\"de_DE\" \/>\n<meta property=\"og:type\" content=\"article\" \/>\n<meta property=\"og:title\" content=\"Molekulare Zusammensetzung von Wasser = chemische Struktur - Biodynamizer\" \/>\n<meta property=\"og:description\" content=\"Biodynamizer - Molekulare Zusammensetzung von Wasser = chemische Struktur - En savoir plus sur le biodynamizer et le biofiltre\" \/>\n<meta property=\"og:url\" content=\"https:\/\/biodynamizer.com\/de\/wasser\/zusammensetzung-molekulare-wasser-struktur-chemisch\/\" \/>\n<meta property=\"og:site_name\" content=\"Biodynamizer\" \/>\n<meta property=\"article:modified_time\" content=\"2025-05-05T07:39:26+00:00\" \/>\n<meta property=\"og:image\" content=\"https:\/\/biodynamizer.com\/wp-content\/uploads\/2019\/11\/Depositphotos_15742931_xl-2015.jpg\" \/>\n\t<meta property=\"og:image:width\" content=\"2000\" \/>\n\t<meta property=\"og:image:height\" content=\"1333\" \/>\n\t<meta property=\"og:image:type\" content=\"image\/jpeg\" \/>\n<meta name=\"twitter:card\" content=\"summary_large_image\" \/>\n<meta name=\"twitter:label1\" content=\"Gesch\u00e4tzte Lesezeit\" \/>\n\t<meta name=\"twitter:data1\" content=\"1\u00a0Minute\" \/>\n<script type=\"application\/ld+json\" class=\"yoast-schema-graph\">{\"@context\":\"https:\\\/\\\/schema.org\",\"@graph\":[{\"@type\":\"WebPage\",\"@id\":\"https:\\\/\\\/biodynamizer.com\\\/de\\\/wasser\\\/zusammensetzung-molekulare-wasser-struktur-chemisch\\\/\",\"url\":\"https:\\\/\\\/biodynamizer.com\\\/de\\\/wasser\\\/zusammensetzung-molekulare-wasser-struktur-chemisch\\\/\",\"name\":\"Molekulare Zusammensetzung von Wasser = chemische Struktur - Biodynamizer\",\"isPartOf\":{\"@id\":\"https:\\\/\\\/biodynamizer.com\\\/de\\\/#website\"},\"datePublished\":\"2020-01-22T14:07:40+00:00\",\"dateModified\":\"2025-05-05T07:39:26+00:00\",\"description\":\"Biodynamizer - Molekulare Zusammensetzung von Wasser = chemische Struktur - En savoir plus sur le biodynamizer et le biofiltre\",\"breadcrumb\":{\"@id\":\"https:\\\/\\\/biodynamizer.com\\\/de\\\/wasser\\\/zusammensetzung-molekulare-wasser-struktur-chemisch\\\/#breadcrumb\"},\"inLanguage\":\"de\",\"potentialAction\":[{\"@type\":\"ReadAction\",\"target\":[\"https:\\\/\\\/biodynamizer.com\\\/de\\\/wasser\\\/zusammensetzung-molekulare-wasser-struktur-chemisch\\\/\"]}]},{\"@type\":\"BreadcrumbList\",\"@id\":\"https:\\\/\\\/biodynamizer.com\\\/de\\\/wasser\\\/zusammensetzung-molekulare-wasser-struktur-chemisch\\\/#breadcrumb\",\"itemListElement\":[{\"@type\":\"ListItem\",\"position\":1,\"name\":\"Home\",\"item\":\"https:\\\/\\\/biodynamizer.com\\\/de\\\/\"},{\"@type\":\"ListItem\",\"position\":2,\"name\":\"Wasser\",\"item\":\"https:\\\/\\\/biodynamizer.com\\\/de\\\/leau\\\/\"},{\"@type\":\"ListItem\",\"position\":3,\"name\":\"Molekulare Zusammensetzung von Wasser = chemische Struktur\"}]},{\"@type\":\"WebSite\",\"@id\":\"https:\\\/\\\/biodynamizer.com\\\/de\\\/#website\",\"url\":\"https:\\\/\\\/biodynamizer.com\\\/de\\\/\",\"name\":\"Biodynamizer\",\"description\":\"Filtrez et dynamisez votre eau\",\"potentialAction\":[{\"@type\":\"SearchAction\",\"target\":{\"@type\":\"EntryPoint\",\"urlTemplate\":\"https:\\\/\\\/biodynamizer.com\\\/de\\\/?s={search_term_string}\"},\"query-input\":{\"@type\":\"PropertyValueSpecification\",\"valueRequired\":true,\"valueName\":\"search_term_string\"}}],\"inLanguage\":\"de\"}]}<\/script>\n<!-- \/ Yoast SEO plugin. -->","yoast_head_json":{"title":"Molekulare Zusammensetzung von Wasser = chemische Struktur - Biodynamizer","description":"Biodynamizer - Molekulare Zusammensetzung von Wasser = chemische Struktur - En savoir plus sur le biodynamizer et le biofiltre","robots":{"index":"index","follow":"follow","max-snippet":"max-snippet:-1","max-image-preview":"max-image-preview:large","max-video-preview":"max-video-preview:-1"},"canonical":"https:\/\/biodynamizer.com\/de\/wasser\/zusammensetzung-molekulare-wasser-struktur-chemisch\/","og_locale":"de_DE","og_type":"article","og_title":"Molekulare Zusammensetzung von Wasser = chemische Struktur - Biodynamizer","og_description":"Biodynamizer - Molekulare Zusammensetzung von Wasser = chemische Struktur - En savoir plus sur le biodynamizer et le biofiltre","og_url":"https:\/\/biodynamizer.com\/de\/wasser\/zusammensetzung-molekulare-wasser-struktur-chemisch\/","og_site_name":"Biodynamizer","article_modified_time":"2025-05-05T07:39:26+00:00","og_image":[{"width":2000,"height":1333,"url":"https:\/\/biodynamizer.com\/wp-content\/uploads\/2019\/11\/Depositphotos_15742931_xl-2015.jpg","type":"image\/jpeg"}],"twitter_card":"summary_large_image","twitter_misc":{"Gesch\u00e4tzte Lesezeit":"1\u00a0Minute"},"schema":{"@context":"https:\/\/schema.org","@graph":[{"@type":"WebPage","@id":"https:\/\/biodynamizer.com\/de\/wasser\/zusammensetzung-molekulare-wasser-struktur-chemisch\/","url":"https:\/\/biodynamizer.com\/de\/wasser\/zusammensetzung-molekulare-wasser-struktur-chemisch\/","name":"Molekulare Zusammensetzung von Wasser = chemische Struktur - Biodynamizer","isPartOf":{"@id":"https:\/\/biodynamizer.com\/de\/#website"},"datePublished":"2020-01-22T14:07:40+00:00","dateModified":"2025-05-05T07:39:26+00:00","description":"Biodynamizer - Molekulare Zusammensetzung von Wasser = chemische Struktur - En savoir plus sur le biodynamizer et le biofiltre","breadcrumb":{"@id":"https:\/\/biodynamizer.com\/de\/wasser\/zusammensetzung-molekulare-wasser-struktur-chemisch\/#breadcrumb"},"inLanguage":"de","potentialAction":[{"@type":"ReadAction","target":["https:\/\/biodynamizer.com\/de\/wasser\/zusammensetzung-molekulare-wasser-struktur-chemisch\/"]}]},{"@type":"BreadcrumbList","@id":"https:\/\/biodynamizer.com\/de\/wasser\/zusammensetzung-molekulare-wasser-struktur-chemisch\/#breadcrumb","itemListElement":[{"@type":"ListItem","position":1,"name":"Home","item":"https:\/\/biodynamizer.com\/de\/"},{"@type":"ListItem","position":2,"name":"Wasser","item":"https:\/\/biodynamizer.com\/de\/leau\/"},{"@type":"ListItem","position":3,"name":"Molekulare Zusammensetzung von Wasser = chemische Struktur"}]},{"@type":"WebSite","@id":"https:\/\/biodynamizer.com\/de\/#website","url":"https:\/\/biodynamizer.com\/de\/","name":"Biodynamizer","description":"Filtrez et dynamisez votre eau","potentialAction":[{"@type":"SearchAction","target":{"@type":"EntryPoint","urlTemplate":"https:\/\/biodynamizer.com\/de\/?s={search_term_string}"},"query-input":{"@type":"PropertyValueSpecification","valueRequired":true,"valueName":"search_term_string"}}],"inLanguage":"de"}]}},"_links":{"self":[{"href":"https:\/\/biodynamizer.com\/de\/wp-json\/wp\/v2\/pages\/6541","targetHints":{"allow":["GET"]}}],"collection":[{"href":"https:\/\/biodynamizer.com\/de\/wp-json\/wp\/v2\/pages"}],"about":[{"href":"https:\/\/biodynamizer.com\/de\/wp-json\/wp\/v2\/types\/page"}],"author":[{"embeddable":true,"href":"https:\/\/biodynamizer.com\/de\/wp-json\/wp\/v2\/users\/3"}],"replies":[{"embeddable":true,"href":"https:\/\/biodynamizer.com\/de\/wp-json\/wp\/v2\/comments?post=6541"}],"version-history":[{"count":4,"href":"https:\/\/biodynamizer.com\/de\/wp-json\/wp\/v2\/pages\/6541\/revisions"}],"predecessor-version":[{"id":27003,"href":"https:\/\/biodynamizer.com\/de\/wp-json\/wp\/v2\/pages\/6541\/revisions\/27003"}],"up":[{"embeddable":true,"href":"https:\/\/biodynamizer.com\/de\/wp-json\/wp\/v2\/pages\/5844"}],"wp:attachment":[{"href":"https:\/\/biodynamizer.com\/de\/wp-json\/wp\/v2\/media?parent=6541"}],"curies":[{"name":"wp","href":"https:\/\/api.w.org\/{rel}","templated":true}]}}