{"id":6547,"date":"2020-01-22T13:43:51","date_gmt":"2020-01-22T13:43:51","guid":{"rendered":"https:\/\/biodynamizer.spleen-creation.be\/leau\/lenergie\/lhumain-est-avant-tout-une-vibration-consciente\/composition-de-leau\/"},"modified":"2021-12-16T08:49:35","modified_gmt":"2021-12-16T08:49:35","slug":"wasser-zusammensetzung","status":"publish","type":"page","link":"https:\/\/biodynamizer.com\/de\/wasser\/energie\/mensch-ist-alles-bewusst-schwingung\/wasser-zusammensetzung\/","title":{"rendered":"Zusammensetzung von Wassers"},"content":{"rendered":"<section class=\"l-section wpb_row us_custom_916fdabd height_small\"><div class=\"l-section-h i-cf\"><div class=\"g-cols vc_row via_flex valign_top type_default stacking_default\"><div class=\"vc_col-sm-12 wpb_column vc_column_container\"><div class=\"vc_column-inner\"><div class=\"wpb_wrapper\"><nav class=\"g-breadcrumbs separator_custom align_none\" itemscope itemtype=\"http:\/\/schema.org\/BreadcrumbList\"><div class=\"g-breadcrumbs-item\" itemscope itemprop=\"itemListElement\" itemtype=\"http:\/\/schema.org\/ListItem\"><a itemprop=\"item\" href=\"https:\/\/biodynamizer.com\/de\/\"><span itemprop=\"name\">Start<\/span><\/a><meta itemprop=\"position\" content=\"1\"\/><\/div><div class=\"g-breadcrumbs-separator\">\/<\/div><div class=\"g-breadcrumbs-item\">Seiten<\/div><\/nav><\/div><\/div><\/div><\/div><\/div><\/section><section class=\"l-section wpb_row fullheader height_huge with_img\"><div class=\"l-section-img\" role=\"img\" aria-label=\"eau avec quelques bulles\" data-img-width=\"1920\" data-img-height=\"1118\" style=\"background-image: url(https:\/\/biodynamizer.com\/wp-content\/uploads\/2020\/01\/eau4-copy-e1578996737425.jpg);background-repeat: no-repeat;\"><\/div><div class=\"l-section-h i-cf\"><div class=\"g-cols vc_row via_flex valign_top type_default stacking_default\"><div class=\"vc_col-sm-12 wpb_column vc_column_container has_text_color\"><div class=\"vc_column-inner us_custom_6df4bc3a\"><div class=\"wpb_wrapper\"><div class=\"wpb_text_column\"><div class=\"wpb_wrapper\"><h3><b>Zusammensetzung von Wasser<\/b><\/h3>\n<\/div><\/div><\/div><\/div><\/div><\/div><\/div><\/section><section class=\"l-section wpb_row height_large\"><div class=\"l-section-h i-cf\"><div class=\"g-cols vc_row via_flex valign_top type_default stacking_default\"><div class=\"vc_col-sm-12 wpb_column vc_column_container\"><div class=\"vc_column-inner\"><div class=\"wpb_wrapper\"><div class=\"w-image align_center\"><div class=\"w-image-h\"><img decoding=\"async\" width=\"448\" height=\"259\" src=\"https:\/\/biodynamizer.com\/wp-content\/uploads\/2020\/01\/MINERALEN.jpg\" class=\"attachment-large size-large\" alt=\"\" loading=\"lazy\" srcset=\"https:\/\/biodynamizer.com\/wp-content\/uploads\/2020\/01\/MINERALEN.jpg 448w, https:\/\/biodynamizer.com\/wp-content\/uploads\/2020\/01\/MINERALEN-300x173.jpg 300w\" sizes=\"auto, (max-width: 448px) 100vw, 448px\" \/><\/div><\/div><div class=\"wpb_text_column\"><div class=\"wpb_wrapper\"><p><b>Die Zusammensetzung des Wassers ist:<\/b><\/p>\n<ul>\n<li>75% H2O-Molek\u00fcle (65% Sauerstoff &amp; 10% Wasserstoff).<\/li>\n<li>18% Kohlenstoff (in Wasser gel\u00f6st)<\/li>\n<li>4% der in Wasser gel\u00f6sten Trockenr\u00fcckst\u00e4nde: Mineralien (ionisierte Salze) &amp; Spurenelemente\n<ul>\n<li>Mineralien im Wasser (Ionen = elektrisch geladene Teilchen) sind der trockene R\u00fcckstand, der nach der Verdampfung bei 180\u00b0C im Wasser verbleibt. Der Trockenr\u00fcckstand wird anhand der elektrischen Leitf\u00e4higkeit des Wassers, ausgedr\u00fcckt in \u00b5S cm-1, berechnet. Zum Beispiel: Leitungswasser mit einer H\u00e4rte von 37 \u00b0f hat eine Leitf\u00e4higkeit von +\/- 647 \u00b5Scm-1, d.h. 670 x 0,71592 = 463 mg\/L Trockenr\u00fcckst\u00e4nde (einschlie\u00dflich 370 mg Kalkstein); die WHO empfiehlt maximal 1.000 mg\/L Trockenr\u00fcckst\u00e4nde. Anorganische Mineralien (ihr Vorkommen im Wasser variiert je nach den geografischen Gebieten, aus denen das Wasser entnommen wurde!): Kalzium, Magnesium, Natrium, Kalium, Phosphor, Bikarbonate; gemessen in mg\/L.\n<ul>\n<li>Zwischen 5% und 25% von ihnen werden vom K\u00f6rper assimiliert (sie werden \u00fcber die Nieren-Urin ausgeschieden), und dies umso leichter, als sie in kolloidaler Form restrukturiert und durch den Biodynamizer\u00ae ionisiert wurden.<\/li>\n<li>80% dieser Mineralien bestehen aus Kalkstein oder Kesselstein = CaCO3 (Kalziumkarbonat) + MgCO3 (Magnesiumkarbonat), der \u00fcber die H\u00e4rte des Wassers gemessen wird, ausgedr\u00fcckt in TH (franz\u00f6sische Grade); 1\u00b0 f H\u00e4rte = 10 mg\/l CaCO3<\/li>\n<\/ul>\n<\/li>\n<li>Spurenelemente: nat\u00fcrliche Synergie von Fluor, Selen, Silizium, Eisen, Kupfer, Zink, Kobalt, Brom, Mangan, Jod, Chrom, Molybd\u00e4n,&#8230; ; gemessen in \u00b5g\/L und vollst\u00e4ndig assimilierbar.<\/li>\n<\/ul>\n<\/li>\n<li>3% Stickstoff<\/li>\n<\/ul>\n<\/div><\/div><div class=\"wpb_text_column\"><div class=\"wpb_wrapper\"><p><b>Bedeutung von Mineralien im Trinkwasser :<\/b><\/p>\n<ul>\n<li>Kalkwasser liefert die Menge an Kalzium und Magnesium, die der K\u00f6rper ben\u00f6tigt, um den Knochenaufbau zu f\u00f6rdern, die Muskeln und das Nervensystem zu unterst\u00fctzen und dem Risiko von Herz-Kreislauf-Erkrankungen oder Osteoporose vorzubeugen. Es hilft auch bei der Verteidigung des K\u00f6rpers. &#8222;Die im Leitungswasser enthaltenen Mineralelemente haben durch ihre Beteiligung an der t\u00e4glichen Mineralstoffzufuhr, die f\u00fcr das einwandfreie Funktionieren des K\u00f6rpers notwendig ist, eine eindeutig positive Rolle f\u00fcr die Gesundheit. Kalzium im Wasser kann auch beim Schutz vor Herz-Kreislauf-Erkrankungen eine Rolle spielen. Die Rolle von Kalzium bei der Eliminierung von Fetten und der Regulierung des Cholesterinspiegels im Blut wird ebenfalls anerkannt&#8220; (Quelle Gesundheitsministerium Frankreich 2006).<\/li>\n<li>Nat\u00fcrliche W\u00e4sser enthalten Mineralsalze, haupts\u00e4chlich Kalzium und Magnesium (+\/- 80%). Diese Mineralstoffe sind <strong>bioverf\u00fcgbar<\/strong> und werden daher vom K\u00f6rper <strong>leicht aufgenommen<\/strong> (intestinale Aufnahme) wie mineralstoffhaltige Nahrungsmittel. Studien zu diesem Thema sch\u00e4tzen diese <strong>Absorptionsrate<\/strong> auf etwa <strong>+\/- 25 %<\/strong>! Die in nat\u00fcrlichem Wasser enthaltenen Mineralstoffe beteiligen sich daher zwischen 20% und 50%* an der empfohlenen Nahrungsaufnahme (ENA) von Calcium und Magnesium f\u00fcr eine Person (f\u00fcr einen Erwachsenen M\/W: Calciumbedarf +\/- 900 mg\/d, in Magnesium +\/- 400 mg\/d)! (* abh\u00e4ngig vom Mineralgehalt des Wassers und dem Alter der betroffenen Personen). Calcium und Magnesium sind daher f\u00fcr die <strong>Gesundheit<\/strong> n\u00fctzlich. Calcium tr\u00e4gt zur Knochengesundheit bei, hat eine positive Rolle bei Bluthochdruck, Herz-Kreislauf-Unf\u00e4llen und Dickdarmkrebs. Magnesium ist an der Aktivierung von mehr als 300 enzymatischen Systemen beteiligt, bek\u00e4mpft M\u00fcdigkeit, Diabetes und koronare Herzinsuffizienz sowie Osteoporose &#8230; In dem Wissen, dass die durchschnittliche Bev\u00f6lkerung einen durchschnittlichen Kalziummangel von +\/- 40% hat (durchschnittlicher N\u00e4hrstoffbedarf) und sogar 70 % f\u00fcr Magnesium ist es unerl\u00e4sslich, es erscheint uns unabdingbar Wasser mit einem Mineralstoffgehalt von ca. <strong>+\/- 400 bis 500 mg \/ L<\/strong> zu trinken! <em>Quelle: Studie zur Aufnahme von Calcium und Magnesium in nat\u00fcrlichen Mineralw\u00e4ssern, Patrice Fardellone, CHU Amiens, Universit\u00e9 Picardie Jules-Verne, 2015<\/em><\/li>\n<li>In Frankreich liegen die N\u00e4hrwertreferenzen f\u00fcr anorganische Mineralien f\u00fcr die Bev\u00f6lkerung (RNP) bei 950 mg\/Tag f\u00fcr Erwachsene \u00fcber 25 Jahre und 1000 mg\/Tag zwischen 18 und 25 Jahren (Quelle: ANPES 2017). Die WHO (Weltgesundheitsorganisation) spricht von einem &#8222;Optimum unter <strong>1.000 mg\/Liter<\/strong>&#8222;.<\/li>\n<li>In seinen Dekreten von 1990 und 1995 \u00fcber die Qualit\u00e4t von Wasser f\u00fcr den menschlichen Gebrauch legt der franz\u00f6sische Hohe Rat f\u00fcr \u00f6ffentliche Hygiene die Menge der Trockenr\u00fcckst\u00e4nde nach Trocknung bei 180\u00b0C auf maximal <strong>1.500 mg\/Liter<\/strong> fest.<\/li>\n<li>Es ist auch wichtig, dass Kalzium-Magnesium (Bestandteile von Kalkstein) im Wasser enthalten ist, da es einen runderen, samtigen <strong>Geschmack<\/strong> von mineralstoffhaltigem Wasser hat.<\/li>\n<\/ul>\n<\/div><\/div><\/div><\/div><\/div><\/div><\/div><\/section>\n","protected":false},"excerpt":{"rendered":"Start\/SeitenZusammensetzung von Wasser Die Zusammensetzung des Wassers ist: 75% H2O-Molek\u00fcle (65% Sauerstoff &amp; 10% Wasserstoff). 18% Kohlenstoff (in Wasser gel\u00f6st) 4% der in Wasser gel\u00f6sten Trockenr\u00fcckst\u00e4nde: Mineralien (ionisierte Salze) &amp; Spurenelemente Mineralien im Wasser (Ionen = elektrisch geladene Teilchen) sind der trockene R\u00fcckstand, der nach der Verdampfung bei 180\u00b0C im Wasser verbleibt. Der Trockenr\u00fcckstand wird...","protected":false},"author":3,"featured_media":0,"parent":5943,"menu_order":0,"comment_status":"closed","ping_status":"closed","template":"","meta":{"_monsterinsights_skip_tracking":false,"_monsterinsights_sitenote_active":false,"_monsterinsights_sitenote_note":"","_monsterinsights_sitenote_category":0,"footnotes":""},"class_list":["post-6547","page","type-page","status-publish","hentry"],"yoast_head":"<!-- This site is optimized with the Yoast SEO plugin v27.3 - https:\/\/yoast.com\/product\/yoast-seo-wordpress\/ -->\n<title>Zusammensetzung von Wassers - Biodynamizer<\/title>\n<meta name=\"description\" content=\"Biodynamizer - Zusammensetzung von Wassers - En savoir plus sur le biodynamizer et le biofiltre\" \/>\n<meta name=\"robots\" content=\"index, follow, max-snippet:-1, max-image-preview:large, max-video-preview:-1\" \/>\n<link rel=\"canonical\" href=\"https:\/\/biodynamizer.com\/de\/wasser\/energie\/mensch-ist-alles-bewusst-schwingung\/wasser-zusammensetzung\/\" \/>\n<meta property=\"og:locale\" content=\"de_DE\" \/>\n<meta property=\"og:type\" content=\"article\" \/>\n<meta property=\"og:title\" content=\"Zusammensetzung von Wassers - Biodynamizer\" \/>\n<meta property=\"og:description\" content=\"Biodynamizer - Zusammensetzung von Wassers - En savoir plus sur le biodynamizer et le biofiltre\" \/>\n<meta property=\"og:url\" content=\"https:\/\/biodynamizer.com\/de\/wasser\/energie\/mensch-ist-alles-bewusst-schwingung\/wasser-zusammensetzung\/\" \/>\n<meta property=\"og:site_name\" content=\"Biodynamizer\" \/>\n<meta property=\"article:modified_time\" content=\"2021-12-16T08:49:35+00:00\" \/>\n<meta property=\"og:image\" content=\"https:\/\/biodynamizer.com\/wp-content\/uploads\/2019\/11\/Depositphotos_15742931_xl-2015.jpg\" \/>\n\t<meta property=\"og:image:width\" content=\"2000\" \/>\n\t<meta property=\"og:image:height\" content=\"1333\" \/>\n\t<meta property=\"og:image:type\" content=\"image\/jpeg\" \/>\n<meta name=\"twitter:card\" content=\"summary_large_image\" \/>\n<meta name=\"twitter:label1\" content=\"Gesch\u00e4tzte Lesezeit\" \/>\n\t<meta name=\"twitter:data1\" content=\"4\u00a0Minuten\" \/>\n<script type=\"application\/ld+json\" class=\"yoast-schema-graph\">{\"@context\":\"https:\\\/\\\/schema.org\",\"@graph\":[{\"@type\":\"WebPage\",\"@id\":\"https:\\\/\\\/biodynamizer.com\\\/de\\\/wasser\\\/energie\\\/mensch-ist-alles-bewusst-schwingung\\\/wasser-zusammensetzung\\\/\",\"url\":\"https:\\\/\\\/biodynamizer.com\\\/de\\\/wasser\\\/energie\\\/mensch-ist-alles-bewusst-schwingung\\\/wasser-zusammensetzung\\\/\",\"name\":\"Zusammensetzung von Wassers - Biodynamizer\",\"isPartOf\":{\"@id\":\"https:\\\/\\\/biodynamizer.com\\\/de\\\/#website\"},\"datePublished\":\"2020-01-22T13:43:51+00:00\",\"dateModified\":\"2021-12-16T08:49:35+00:00\",\"description\":\"Biodynamizer - Zusammensetzung von Wassers - En savoir plus sur le biodynamizer et le biofiltre\",\"breadcrumb\":{\"@id\":\"https:\\\/\\\/biodynamizer.com\\\/de\\\/wasser\\\/energie\\\/mensch-ist-alles-bewusst-schwingung\\\/wasser-zusammensetzung\\\/#breadcrumb\"},\"inLanguage\":\"de\",\"potentialAction\":[{\"@type\":\"ReadAction\",\"target\":[\"https:\\\/\\\/biodynamizer.com\\\/de\\\/wasser\\\/energie\\\/mensch-ist-alles-bewusst-schwingung\\\/wasser-zusammensetzung\\\/\"]}]},{\"@type\":\"BreadcrumbList\",\"@id\":\"https:\\\/\\\/biodynamizer.com\\\/de\\\/wasser\\\/energie\\\/mensch-ist-alles-bewusst-schwingung\\\/wasser-zusammensetzung\\\/#breadcrumb\",\"itemListElement\":[{\"@type\":\"ListItem\",\"position\":1,\"name\":\"Home\",\"item\":\"https:\\\/\\\/biodynamizer.com\\\/de\\\/\"},{\"@type\":\"ListItem\",\"position\":2,\"name\":\"Wasser\",\"item\":\"https:\\\/\\\/biodynamizer.com\\\/de\\\/leau\\\/\"},{\"@type\":\"ListItem\",\"position\":3,\"name\":\"Energie\",\"item\":\"https:\\\/\\\/biodynamizer.com\\\/de\\\/leau\\\/lenergie\\\/\"},{\"@type\":\"ListItem\",\"position\":4,\"name\":\"Der Mensch ist vor allem eine bewusste Schwingung!\",\"item\":\"https:\\\/\\\/biodynamizer.com\\\/de\\\/wasser\\\/energie\\\/mensch-ist-alles-bewusst-schwingung\\\/\"},{\"@type\":\"ListItem\",\"position\":5,\"name\":\"Zusammensetzung von Wassers\"}]},{\"@type\":\"WebSite\",\"@id\":\"https:\\\/\\\/biodynamizer.com\\\/de\\\/#website\",\"url\":\"https:\\\/\\\/biodynamizer.com\\\/de\\\/\",\"name\":\"Biodynamizer\",\"description\":\"Filtrez et dynamisez votre eau\",\"potentialAction\":[{\"@type\":\"SearchAction\",\"target\":{\"@type\":\"EntryPoint\",\"urlTemplate\":\"https:\\\/\\\/biodynamizer.com\\\/de\\\/?s={search_term_string}\"},\"query-input\":{\"@type\":\"PropertyValueSpecification\",\"valueRequired\":true,\"valueName\":\"search_term_string\"}}],\"inLanguage\":\"de\"}]}<\/script>\n<!-- \/ Yoast SEO plugin. -->","yoast_head_json":{"title":"Zusammensetzung von Wassers - Biodynamizer","description":"Biodynamizer - Zusammensetzung von Wassers - En savoir plus sur le biodynamizer et le biofiltre","robots":{"index":"index","follow":"follow","max-snippet":"max-snippet:-1","max-image-preview":"max-image-preview:large","max-video-preview":"max-video-preview:-1"},"canonical":"https:\/\/biodynamizer.com\/de\/wasser\/energie\/mensch-ist-alles-bewusst-schwingung\/wasser-zusammensetzung\/","og_locale":"de_DE","og_type":"article","og_title":"Zusammensetzung von Wassers - Biodynamizer","og_description":"Biodynamizer - Zusammensetzung von Wassers - En savoir plus sur le biodynamizer et le biofiltre","og_url":"https:\/\/biodynamizer.com\/de\/wasser\/energie\/mensch-ist-alles-bewusst-schwingung\/wasser-zusammensetzung\/","og_site_name":"Biodynamizer","article_modified_time":"2021-12-16T08:49:35+00:00","og_image":[{"width":2000,"height":1333,"url":"https:\/\/biodynamizer.com\/wp-content\/uploads\/2019\/11\/Depositphotos_15742931_xl-2015.jpg","type":"image\/jpeg"}],"twitter_card":"summary_large_image","twitter_misc":{"Gesch\u00e4tzte Lesezeit":"4\u00a0Minuten"},"schema":{"@context":"https:\/\/schema.org","@graph":[{"@type":"WebPage","@id":"https:\/\/biodynamizer.com\/de\/wasser\/energie\/mensch-ist-alles-bewusst-schwingung\/wasser-zusammensetzung\/","url":"https:\/\/biodynamizer.com\/de\/wasser\/energie\/mensch-ist-alles-bewusst-schwingung\/wasser-zusammensetzung\/","name":"Zusammensetzung von Wassers - Biodynamizer","isPartOf":{"@id":"https:\/\/biodynamizer.com\/de\/#website"},"datePublished":"2020-01-22T13:43:51+00:00","dateModified":"2021-12-16T08:49:35+00:00","description":"Biodynamizer - Zusammensetzung von Wassers - En savoir plus sur le biodynamizer et le biofiltre","breadcrumb":{"@id":"https:\/\/biodynamizer.com\/de\/wasser\/energie\/mensch-ist-alles-bewusst-schwingung\/wasser-zusammensetzung\/#breadcrumb"},"inLanguage":"de","potentialAction":[{"@type":"ReadAction","target":["https:\/\/biodynamizer.com\/de\/wasser\/energie\/mensch-ist-alles-bewusst-schwingung\/wasser-zusammensetzung\/"]}]},{"@type":"BreadcrumbList","@id":"https:\/\/biodynamizer.com\/de\/wasser\/energie\/mensch-ist-alles-bewusst-schwingung\/wasser-zusammensetzung\/#breadcrumb","itemListElement":[{"@type":"ListItem","position":1,"name":"Home","item":"https:\/\/biodynamizer.com\/de\/"},{"@type":"ListItem","position":2,"name":"Wasser","item":"https:\/\/biodynamizer.com\/de\/leau\/"},{"@type":"ListItem","position":3,"name":"Energie","item":"https:\/\/biodynamizer.com\/de\/leau\/lenergie\/"},{"@type":"ListItem","position":4,"name":"Der Mensch ist vor allem eine bewusste Schwingung!","item":"https:\/\/biodynamizer.com\/de\/wasser\/energie\/mensch-ist-alles-bewusst-schwingung\/"},{"@type":"ListItem","position":5,"name":"Zusammensetzung von Wassers"}]},{"@type":"WebSite","@id":"https:\/\/biodynamizer.com\/de\/#website","url":"https:\/\/biodynamizer.com\/de\/","name":"Biodynamizer","description":"Filtrez et dynamisez votre eau","potentialAction":[{"@type":"SearchAction","target":{"@type":"EntryPoint","urlTemplate":"https:\/\/biodynamizer.com\/de\/?s={search_term_string}"},"query-input":{"@type":"PropertyValueSpecification","valueRequired":true,"valueName":"search_term_string"}}],"inLanguage":"de"}]}},"_links":{"self":[{"href":"https:\/\/biodynamizer.com\/de\/wp-json\/wp\/v2\/pages\/6547","targetHints":{"allow":["GET"]}}],"collection":[{"href":"https:\/\/biodynamizer.com\/de\/wp-json\/wp\/v2\/pages"}],"about":[{"href":"https:\/\/biodynamizer.com\/de\/wp-json\/wp\/v2\/types\/page"}],"author":[{"embeddable":true,"href":"https:\/\/biodynamizer.com\/de\/wp-json\/wp\/v2\/users\/3"}],"replies":[{"embeddable":true,"href":"https:\/\/biodynamizer.com\/de\/wp-json\/wp\/v2\/comments?post=6547"}],"version-history":[{"count":5,"href":"https:\/\/biodynamizer.com\/de\/wp-json\/wp\/v2\/pages\/6547\/revisions"}],"predecessor-version":[{"id":14615,"href":"https:\/\/biodynamizer.com\/de\/wp-json\/wp\/v2\/pages\/6547\/revisions\/14615"}],"up":[{"embeddable":true,"href":"https:\/\/biodynamizer.com\/de\/wp-json\/wp\/v2\/pages\/5943"}],"wp:attachment":[{"href":"https:\/\/biodynamizer.com\/de\/wp-json\/wp\/v2\/media?parent=6547"}],"curies":[{"name":"wp","href":"https:\/\/api.w.org\/{rel}","templated":true}]}}