{"id":6549,"date":"2020-01-22T13:36:31","date_gmt":"2020-01-22T13:36:31","guid":{"rendered":"https:\/\/biodynamizer.spleen-creation.be\/leau\/notre-consommation-deau-quotidienne\/"},"modified":"2023-04-13T09:08:41","modified_gmt":"2023-04-13T09:08:41","slug":"unser-taeglicher-wasserverbrauch","status":"publish","type":"page","link":"https:\/\/biodynamizer.com\/de\/wasser\/unser-taeglicher-wasserverbrauch\/","title":{"rendered":"Unser t\u00e4glicher Wasserverbrauch"},"content":{"rendered":"<section class=\"l-section wpb_row us_custom_916fdabd height_small\"><div class=\"l-section-h i-cf\"><div class=\"g-cols vc_row via_flex valign_top type_default stacking_default\"><div class=\"vc_col-sm-12 wpb_column vc_column_container\"><div class=\"vc_column-inner\"><div class=\"wpb_wrapper\"><nav class=\"g-breadcrumbs separator_custom align_none\" itemscope itemtype=\"http:\/\/schema.org\/BreadcrumbList\"><div class=\"g-breadcrumbs-item\" itemscope itemprop=\"itemListElement\" itemtype=\"http:\/\/schema.org\/ListItem\"><a itemprop=\"item\" href=\"https:\/\/biodynamizer.com\/de\/\"><span itemprop=\"name\">Start<\/span><\/a><meta itemprop=\"position\" content=\"1\"\/><\/div><div class=\"g-breadcrumbs-separator\">\/<\/div><div class=\"g-breadcrumbs-item\">Seiten<\/div><\/nav><\/div><\/div><\/div><\/div><\/div><\/section><section class=\"l-section wpb_row fullheader height_huge with_img\"><div class=\"l-section-img\" role=\"img\" aria-label=\"Femme dans la nature qui boit une eau pure\" data-img-width=\"2000\" data-img-height=\"1333\" style=\"background-image: url(https:\/\/biodynamizer.com\/wp-content\/uploads\/2019\/11\/Depositphotos_15742931_xl-2015.jpg);background-repeat: no-repeat;\"><\/div><div class=\"l-section-h i-cf\"><div class=\"g-cols vc_row via_flex valign_top type_default stacking_default\"><div class=\"vc_col-sm-12 wpb_column vc_column_container has_text_color\"><div class=\"vc_column-inner us_custom_6df4bc3a\"><div class=\"wpb_wrapper\"><div class=\"wpb_text_column\"><div class=\"wpb_wrapper\"><h3>Unser t\u00e4glicher Wasserverbrauch<\/h3>\n<\/div><\/div><\/div><\/div><\/div><\/div><\/div><\/section><section class=\"l-section wpb_row height_large\"><div class=\"l-section-h i-cf\"><div class=\"g-cols vc_row via_flex valign_top type_default stacking_default\"><div class=\"vc_col-sm-12 wpb_column vc_column_container\"><div class=\"vc_column-inner\"><div class=\"wpb_wrapper\"><div class=\"wpb_text_column\"><div class=\"wpb_wrapper\"><p style=\"text-align: center;\">Damit Wasser gesund ist und am Stoffwechsel teilhaben kann, muss es zun\u00e4chst getrunken, <strong><a href=\"https:\/\/biodynamizer.com\/de\/nos-solutions\/le-biofiltre\/\">gefiltert<\/a><\/strong> (Schadstoffe entfernen) und wegen seiner <strong><a href=\"https:\/\/biodynamizer.com\/de\/leau\/lenergie\/lhumain-est-avant-tout-une-vibration-consciente\/composition-de-leau\/\">Mineralien<\/a> <\/strong>und Spurenelemente konserviert werden. Mineralsalze sind nicht nur wegen ihres physikalisch-chemischen Beitrags wichtig, sondern auch wegen der <strong><a href=\"https:\/\/biodynamizer.com\/de\/nos-solutions\/le-biodynamizer\/lenergetisation\/\">Energie<\/a><\/strong>, die sie enthalten! Wenn sie <strong><a href=\"https:\/\/biodynamizer.com\/de\/nos-solutions\/le-biodynamizer\/la-restructuration\/\">umstrukturiert<\/a><\/strong> werden, \u00fcberlasten sie die Nieren nicht und k\u00f6nnen leicht ausgeschieden werden (siehe <strong><a href=\"https:\/\/biodynamizer.com\/de\/wissenschaftliche-analyse\/analyse-bev-bio-elektronik-von-vinzen-beobachtet-ein-dynamisiertes-wasser-antioxidantien-charakter-analysee\/\">Vincents Bioelektronik-Studie<\/a><\/strong> zur Harnwiderstandsf\u00e4higkeit, die von Dynamized Technologies in Auftrag gegeben wurde).<\/p>\n<\/div><\/div><div class=\"w-separator size_medium\"><\/div><div class=\"g-cols wpb_row via_flex valign_middle type_default reversed stacking_default\"><div class=\"vc_col-sm-6 wpb_column vc_column_container\"><div class=\"vc_column-inner\"><div class=\"wpb_wrapper\"><div class=\"wpb_text_column\"><div class=\"wpb_wrapper\"><p>T\u00e4glicher K\u00f6rperwasserverlust = +\/- 2,5 L\/Tag :<\/p>\n<ul>\n<li>Urin: von +\/- 0,5 L\/Tag bis 2,5 L (abh\u00e4ngig von der ausge\u00fcbten Sportart)<\/li>\n<li>Schweiss: von +\/- 0,3 L\/Tag bis +\/- 2,5 L (je nach ausge\u00fcbter Sportart)<\/li>\n<li>Haut: +\/- 0,45 L\/Tag<\/li>\n<li>Atmung: +\/- 0,3 L\/Tag<\/li>\n<li>F\u00e4kalien: +\/- 0,2 L\/Tag<\/li>\n<\/ul>\n<p>Um diesen Wasserverlust auszugleichen, m\u00fcssen Sie qualitativ hochwertiges Wasser aus :<\/p>\n<ul>\n<li>Trinkwasser (75%): +\/- 2,5 L\/Tag (Empfehlung der EFSA)<\/li>\n<li>von Lebensmitteln (25%): +\/- 0,5 L\/Tag<\/li>\n<\/ul>\n<p>Wenn Sie warmes oder<strong> warmes Wasser trinken m\u00f6chten,<\/strong> empfehlen wir Ihnen, kaltes Wasser zu erw\u00e4rmen, anstatt warmes Leitungswasser zu nehmen, das durch den Boiler (Warmwasserbereiter) erw\u00e4rmt wurde. Wenn die Kesseltemperatur nicht &gt; 50\u00b0C eingestellt ist, besteht die Gefahr des Bakterienwachstums im Wasser. Dar\u00fcber hinaus stagniert das Wasser \u00fcber Nacht im Kessel und kann durch die Innenw\u00e4nde des Kessels (abh\u00e4ngig von den Kesselmaterialien) korrodieren und sich \u00fcbersch\u00fcssiger Kalk im Kessel ablagern.<\/p>\n<\/div><\/div><\/div><\/div><\/div><div class=\"vc_col-sm-6 wpb_column vc_column_container\"><div class=\"vc_column-inner\"><div class=\"wpb_wrapper\"><div class=\"w-image align_center\"><div class=\"w-image-h\"><img decoding=\"async\" width=\"631\" height=\"341\" src=\"https:\/\/biodynamizer.com\/wp-content\/uploads\/2020\/01\/consommation.png\" class=\"attachment-large size-large\" alt=\"\" loading=\"lazy\" srcset=\"https:\/\/biodynamizer.com\/wp-content\/uploads\/2020\/01\/consommation.png 631w, https:\/\/biodynamizer.com\/wp-content\/uploads\/2020\/01\/consommation-300x162.png 300w\" sizes=\"auto, (max-width: 631px) 100vw, 631px\" \/><\/div><\/div><\/div><\/div><\/div><\/div><\/div><\/div><\/div><\/div><\/div><\/section>\n","protected":false},"excerpt":{"rendered":"Start\/SeitenUnser t\u00e4glicher Wasserverbrauch Damit Wasser gesund ist und am Stoffwechsel teilhaben kann, muss es zun\u00e4chst getrunken, gefiltert (Schadstoffe entfernen) und wegen seiner Mineralien und Spurenelemente konserviert werden. Mineralsalze sind nicht nur wegen ihres physikalisch-chemischen Beitrags wichtig, sondern auch wegen der Energie, die sie enthalten! Wenn sie umstrukturiert werden, \u00fcberlasten sie die Nieren nicht und k\u00f6nnen...","protected":false},"author":3,"featured_media":0,"parent":5844,"menu_order":5,"comment_status":"closed","ping_status":"closed","template":"","meta":{"_monsterinsights_skip_tracking":false,"_monsterinsights_sitenote_active":false,"_monsterinsights_sitenote_note":"","_monsterinsights_sitenote_category":0,"footnotes":""},"class_list":["post-6549","page","type-page","status-publish","hentry"],"yoast_head":"<!-- This site is optimized with the Yoast SEO plugin v27.3 - https:\/\/yoast.com\/product\/yoast-seo-wordpress\/ -->\n<title>Unser t\u00e4glicher Wasserverbrauch - Biodynamizer<\/title>\n<meta name=\"description\" content=\"Biodynamizer - Unser t\u00e4glicher Wasserverbrauch - En savoir plus sur le biodynamizer et le biofiltre\" \/>\n<meta name=\"robots\" content=\"index, follow, max-snippet:-1, max-image-preview:large, max-video-preview:-1\" \/>\n<link rel=\"canonical\" href=\"https:\/\/biodynamizer.com\/de\/wasser\/unser-taeglicher-wasserverbrauch\/\" \/>\n<meta property=\"og:locale\" content=\"de_DE\" \/>\n<meta property=\"og:type\" content=\"article\" \/>\n<meta property=\"og:title\" content=\"Unser t\u00e4glicher Wasserverbrauch - Biodynamizer\" \/>\n<meta property=\"og:description\" content=\"Biodynamizer - Unser t\u00e4glicher Wasserverbrauch - En savoir plus sur le biodynamizer et le biofiltre\" \/>\n<meta property=\"og:url\" content=\"https:\/\/biodynamizer.com\/de\/wasser\/unser-taeglicher-wasserverbrauch\/\" \/>\n<meta property=\"og:site_name\" content=\"Biodynamizer\" \/>\n<meta property=\"article:modified_time\" content=\"2023-04-13T09:08:41+00:00\" \/>\n<meta property=\"og:image\" content=\"https:\/\/biodynamizer.com\/wp-content\/uploads\/2019\/11\/Depositphotos_15742931_xl-2015.jpg\" \/>\n\t<meta property=\"og:image:width\" content=\"2000\" \/>\n\t<meta property=\"og:image:height\" content=\"1333\" \/>\n\t<meta property=\"og:image:type\" content=\"image\/jpeg\" \/>\n<meta name=\"twitter:card\" content=\"summary_large_image\" \/>\n<meta name=\"twitter:label1\" content=\"Gesch\u00e4tzte Lesezeit\" \/>\n\t<meta name=\"twitter:data1\" content=\"2\u00a0Minuten\" \/>\n<script type=\"application\/ld+json\" class=\"yoast-schema-graph\">{\"@context\":\"https:\\\/\\\/schema.org\",\"@graph\":[{\"@type\":\"WebPage\",\"@id\":\"https:\\\/\\\/biodynamizer.com\\\/de\\\/wasser\\\/unser-taeglicher-wasserverbrauch\\\/\",\"url\":\"https:\\\/\\\/biodynamizer.com\\\/de\\\/wasser\\\/unser-taeglicher-wasserverbrauch\\\/\",\"name\":\"Unser t\u00e4glicher Wasserverbrauch - Biodynamizer\",\"isPartOf\":{\"@id\":\"https:\\\/\\\/biodynamizer.com\\\/de\\\/#website\"},\"datePublished\":\"2020-01-22T13:36:31+00:00\",\"dateModified\":\"2023-04-13T09:08:41+00:00\",\"description\":\"Biodynamizer - Unser t\u00e4glicher Wasserverbrauch - En savoir plus sur le biodynamizer et le biofiltre\",\"breadcrumb\":{\"@id\":\"https:\\\/\\\/biodynamizer.com\\\/de\\\/wasser\\\/unser-taeglicher-wasserverbrauch\\\/#breadcrumb\"},\"inLanguage\":\"de\",\"potentialAction\":[{\"@type\":\"ReadAction\",\"target\":[\"https:\\\/\\\/biodynamizer.com\\\/de\\\/wasser\\\/unser-taeglicher-wasserverbrauch\\\/\"]}]},{\"@type\":\"BreadcrumbList\",\"@id\":\"https:\\\/\\\/biodynamizer.com\\\/de\\\/wasser\\\/unser-taeglicher-wasserverbrauch\\\/#breadcrumb\",\"itemListElement\":[{\"@type\":\"ListItem\",\"position\":1,\"name\":\"Home\",\"item\":\"https:\\\/\\\/biodynamizer.com\\\/de\\\/\"},{\"@type\":\"ListItem\",\"position\":2,\"name\":\"Wasser\",\"item\":\"https:\\\/\\\/biodynamizer.com\\\/de\\\/leau\\\/\"},{\"@type\":\"ListItem\",\"position\":3,\"name\":\"Unser t\u00e4glicher Wasserverbrauch\"}]},{\"@type\":\"WebSite\",\"@id\":\"https:\\\/\\\/biodynamizer.com\\\/de\\\/#website\",\"url\":\"https:\\\/\\\/biodynamizer.com\\\/de\\\/\",\"name\":\"Biodynamizer\",\"description\":\"Filtrez et dynamisez votre eau\",\"potentialAction\":[{\"@type\":\"SearchAction\",\"target\":{\"@type\":\"EntryPoint\",\"urlTemplate\":\"https:\\\/\\\/biodynamizer.com\\\/de\\\/?s={search_term_string}\"},\"query-input\":{\"@type\":\"PropertyValueSpecification\",\"valueRequired\":true,\"valueName\":\"search_term_string\"}}],\"inLanguage\":\"de\"}]}<\/script>\n<!-- \/ Yoast SEO plugin. -->","yoast_head_json":{"title":"Unser t\u00e4glicher Wasserverbrauch - Biodynamizer","description":"Biodynamizer - Unser t\u00e4glicher Wasserverbrauch - En savoir plus sur le biodynamizer et le biofiltre","robots":{"index":"index","follow":"follow","max-snippet":"max-snippet:-1","max-image-preview":"max-image-preview:large","max-video-preview":"max-video-preview:-1"},"canonical":"https:\/\/biodynamizer.com\/de\/wasser\/unser-taeglicher-wasserverbrauch\/","og_locale":"de_DE","og_type":"article","og_title":"Unser t\u00e4glicher Wasserverbrauch - Biodynamizer","og_description":"Biodynamizer - Unser t\u00e4glicher Wasserverbrauch - En savoir plus sur le biodynamizer et le biofiltre","og_url":"https:\/\/biodynamizer.com\/de\/wasser\/unser-taeglicher-wasserverbrauch\/","og_site_name":"Biodynamizer","article_modified_time":"2023-04-13T09:08:41+00:00","og_image":[{"width":2000,"height":1333,"url":"https:\/\/biodynamizer.com\/wp-content\/uploads\/2019\/11\/Depositphotos_15742931_xl-2015.jpg","type":"image\/jpeg"}],"twitter_card":"summary_large_image","twitter_misc":{"Gesch\u00e4tzte Lesezeit":"2\u00a0Minuten"},"schema":{"@context":"https:\/\/schema.org","@graph":[{"@type":"WebPage","@id":"https:\/\/biodynamizer.com\/de\/wasser\/unser-taeglicher-wasserverbrauch\/","url":"https:\/\/biodynamizer.com\/de\/wasser\/unser-taeglicher-wasserverbrauch\/","name":"Unser t\u00e4glicher Wasserverbrauch - Biodynamizer","isPartOf":{"@id":"https:\/\/biodynamizer.com\/de\/#website"},"datePublished":"2020-01-22T13:36:31+00:00","dateModified":"2023-04-13T09:08:41+00:00","description":"Biodynamizer - Unser t\u00e4glicher Wasserverbrauch - En savoir plus sur le biodynamizer et le biofiltre","breadcrumb":{"@id":"https:\/\/biodynamizer.com\/de\/wasser\/unser-taeglicher-wasserverbrauch\/#breadcrumb"},"inLanguage":"de","potentialAction":[{"@type":"ReadAction","target":["https:\/\/biodynamizer.com\/de\/wasser\/unser-taeglicher-wasserverbrauch\/"]}]},{"@type":"BreadcrumbList","@id":"https:\/\/biodynamizer.com\/de\/wasser\/unser-taeglicher-wasserverbrauch\/#breadcrumb","itemListElement":[{"@type":"ListItem","position":1,"name":"Home","item":"https:\/\/biodynamizer.com\/de\/"},{"@type":"ListItem","position":2,"name":"Wasser","item":"https:\/\/biodynamizer.com\/de\/leau\/"},{"@type":"ListItem","position":3,"name":"Unser t\u00e4glicher Wasserverbrauch"}]},{"@type":"WebSite","@id":"https:\/\/biodynamizer.com\/de\/#website","url":"https:\/\/biodynamizer.com\/de\/","name":"Biodynamizer","description":"Filtrez et dynamisez votre eau","potentialAction":[{"@type":"SearchAction","target":{"@type":"EntryPoint","urlTemplate":"https:\/\/biodynamizer.com\/de\/?s={search_term_string}"},"query-input":{"@type":"PropertyValueSpecification","valueRequired":true,"valueName":"search_term_string"}}],"inLanguage":"de"}]}},"_links":{"self":[{"href":"https:\/\/biodynamizer.com\/de\/wp-json\/wp\/v2\/pages\/6549","targetHints":{"allow":["GET"]}}],"collection":[{"href":"https:\/\/biodynamizer.com\/de\/wp-json\/wp\/v2\/pages"}],"about":[{"href":"https:\/\/biodynamizer.com\/de\/wp-json\/wp\/v2\/types\/page"}],"author":[{"embeddable":true,"href":"https:\/\/biodynamizer.com\/de\/wp-json\/wp\/v2\/users\/3"}],"replies":[{"embeddable":true,"href":"https:\/\/biodynamizer.com\/de\/wp-json\/wp\/v2\/comments?post=6549"}],"version-history":[{"count":4,"href":"https:\/\/biodynamizer.com\/de\/wp-json\/wp\/v2\/pages\/6549\/revisions"}],"predecessor-version":[{"id":18726,"href":"https:\/\/biodynamizer.com\/de\/wp-json\/wp\/v2\/pages\/6549\/revisions\/18726"}],"up":[{"embeddable":true,"href":"https:\/\/biodynamizer.com\/de\/wp-json\/wp\/v2\/pages\/5844"}],"wp:attachment":[{"href":"https:\/\/biodynamizer.com\/de\/wp-json\/wp\/v2\/media?parent=6549"}],"curies":[{"name":"wp","href":"https:\/\/api.w.org\/{rel}","templated":true}]}}