{"id":6553,"date":"2020-01-22T07:54:15","date_gmt":"2020-01-22T07:54:15","guid":{"rendered":"https:\/\/biodynamizer.spleen-creation.be\/contact\/"},"modified":"2024-06-05T09:45:40","modified_gmt":"2024-06-05T09:45:40","slug":"kontakt","status":"publish","type":"page","link":"https:\/\/biodynamizer.com\/de\/kontakt\/","title":{"rendered":"Kontakt"},"content":{"rendered":"<section class=\"l-section wpb_row us_custom_916fdabd height_small\"><div class=\"l-section-h i-cf\"><div class=\"g-cols vc_row via_flex valign_top type_default stacking_default\"><div class=\"vc_col-sm-12 wpb_column vc_column_container\"><div class=\"vc_column-inner\"><div class=\"wpb_wrapper\"><nav class=\"g-breadcrumbs separator_custom align_none\" itemscope itemtype=\"http:\/\/schema.org\/BreadcrumbList\"><div class=\"g-breadcrumbs-item\" itemscope itemprop=\"itemListElement\" itemtype=\"http:\/\/schema.org\/ListItem\"><a itemprop=\"item\" href=\"https:\/\/biodynamizer.com\/de\/\"><span itemprop=\"name\">Start<\/span><\/a><meta itemprop=\"position\" content=\"1\"\/><\/div><div class=\"g-breadcrumbs-separator\">\/<\/div><div class=\"g-breadcrumbs-item\">Seiten<\/div><\/nav><\/div><\/div><\/div><\/div><\/div><\/section><section class=\"l-section wpb_row height_auto\"><div class=\"l-section-h i-cf\"><div class=\"g-cols vc_row via_flex valign_top type_default stacking_default\"><div class=\"vc_col-sm-12 wpb_column vc_column_container contact\"><div class=\"vc_column-inner\"><div class=\"wpb_wrapper\"><div class=\"w-html\"><style>@media only screen and (min-width : 320px) and (max-width : 768px) {\n.contact {\nheight: 1600px !important;\n}\n#contact {\nheight: 1600px !important;\n}\n}<\/style>\n<iframe id=\"contact\" src=\"https:\/\/shop.biodynamizer.com\/de\/iframe\/contactus\" style=\"width:100%;height: 1150px;\"><\/iframe><\/div><\/div><\/div><\/div><\/div><\/div><\/section><section class=\"l-section wpb_row fullheader height_auto\"><div class=\"l-section-h i-cf\"><div class=\"g-cols vc_row via_flex valign_top type_default stacking_default\"><div class=\"vc_col-sm-12 wpb_column vc_column_container has_text_color\"><div class=\"vc_column-inner us_custom_6df4bc3a\"><div class=\"wpb_wrapper\"><div class=\"wpb_text_column us_custom_95ebd667 has_text_color\"><div class=\"wpb_wrapper\"><h2 style=\"text-align: center;\"><strong>Wer sind wir?<\/strong><\/h2>\n<\/div><\/div><div class=\"w-separator size_medium\"><\/div><\/div><\/div><\/div><\/div><\/div><\/section><section class=\"l-section wpb_row height_medium\"><div class=\"l-section-h i-cf\"><div class=\"g-cols vc_row via_flex valign_top type_default stacking_default\"><div class=\"vc_col-sm-12 wpb_column vc_column_container\"><div class=\"vc_column-inner\"><div class=\"wpb_wrapper\"><div class=\"wpb_text_column\"><div class=\"wpb_wrapper\"><h2><b>Ein komplement\u00e4res und erfahrenes Team<\/b><\/h2>\n<\/div><\/div><div class=\"w-separator size_medium\"><\/div><div class=\"g-cols wpb_row us_custom_f029a2ba via_flex valign_top type_default stacking_default\"><div class=\"vc_col-sm-4 wpb_column vc_column_container\"><div class=\"vc_column-inner\"><div class=\"wpb_wrapper\"><div class=\"w-image align_center\"><div class=\"w-image-h\"><img decoding=\"async\" width=\"229\" height=\"335\" src=\"https:\/\/biodynamizer.com\/wp-content\/uploads\/2020\/01\/chris.png\" class=\"attachment-large size-large\" alt=\"\" loading=\"lazy\" srcset=\"https:\/\/biodynamizer.com\/wp-content\/uploads\/2020\/01\/chris.png 229w, https:\/\/biodynamizer.com\/wp-content\/uploads\/2020\/01\/chris-205x300.png 205w\" sizes=\"auto, (max-width: 229px) 100vw, 229px\" \/><\/div><\/div><\/div><\/div><\/div><div class=\"vc_col-sm-8 wpb_column vc_column_container\"><div class=\"vc_column-inner\"><div class=\"wpb_wrapper\"><div class=\"wpb_text_column\"><div class=\"wpb_wrapper\"><p><b>CHRISTOPHE CARRETTE &#8211; Managing Partner &#8211; Gr\u00fcnder<\/b><\/p>\n<p>Naturforscher, Philosoph und Forscher. Er hat einen juristischen Hintergrund und ist seit 25 Jahren im Bank-, Finanz- und Versicherungswesen t\u00e4tig. Im Jahr 2012 machte er eine berufliche Wende um 180\u00b0 und verlie\u00df seine &#8222;klassische Karriere&#8220;, um ein philosophisches Buch \u00fcber den Sinn des Lebens (&#8222;Ainsi va la vie&#8220;) zu schreiben, bevor er 2014 zu 100% in die Geheimnisse der Wasserdynamisierung einstieg. Seitdem hat er sich zusammen mit europ\u00e4ischen Wissenschaftlern und Forschern aktiv an Studien \u00fcber dynamisiertes Wasser und seine Vorteile beteiligt. Er ist auch der Sch\u00f6pfer des <strong>Biodynamizer<\/strong>, mit dessen Entwicklung er 2015 begann und das Anfang 2020 kommerziell eingef\u00fchrt wurde. Er legte all sein Wissen, seine \u00dcberzeugungen, seine Intuitionen und sein Herz hinein. Er ist auch der Sch\u00f6pfer des <strong><a href=\"https:\/\/www.houblonde.com\/en\/\">Houblonde<\/a><\/strong>, dem 1. dynamisierten Bier der Welt, und der Firma H2O Benelux, mit der er 2014 mit der Vermarktung von Wasserdynamisierungsger\u00e4ten begann und aus der sp\u00e4ter Dynamized Technologies wurde.Als Referent auf dem Gebiet der Wasserdynamisierung und aller Fl\u00fcssigkeiten im Allgemeinen ist sein Ansatz Teil der Bereitschaft zur Zusammenarbeit, zum Austausch und zur Strukturierung der neuesten und objektiven Informationen \u00fcber die Wasserdynamisierung.F\u00fcr ihn sind &#8222;Energiecodes, Wasser entschl\u00fcsselt und Menschen kodieren&#8220; alle Informationen im Universum.<\/p>\n<\/div><\/div><\/div><\/div><\/div><\/div><\/div><\/div><\/div><\/div><\/div><\/section>\n","protected":false},"excerpt":{"rendered":"Start\/Seiten Wer sind wir? Ein komplement\u00e4res und erfahrenes Team CHRISTOPHE CARRETTE &#8211; Managing Partner &#8211; Gr\u00fcnder Naturforscher, Philosoph und Forscher. Er hat einen juristischen Hintergrund und ist seit 25 Jahren im Bank-, Finanz- und Versicherungswesen t\u00e4tig. Im Jahr 2012 machte er eine berufliche Wende um 180\u00b0 und verlie\u00df seine &#8222;klassische Karriere&#8220;, um ein philosophisches Buch...","protected":false},"author":3,"featured_media":0,"parent":0,"menu_order":10,"comment_status":"closed","ping_status":"closed","template":"","meta":{"_monsterinsights_skip_tracking":false,"_monsterinsights_sitenote_active":false,"_monsterinsights_sitenote_note":"","_monsterinsights_sitenote_category":0,"footnotes":""},"class_list":["post-6553","page","type-page","status-publish","hentry"],"yoast_head":"<!-- This site is optimized with the Yoast SEO plugin v27.4 - https:\/\/yoast.com\/product\/yoast-seo-wordpress\/ -->\n<title>Kontakt - Biodynamizer<\/title>\n<meta name=\"description\" content=\"Dynamized Technologies ist das Unternehmen, das den Biodynamizer (Dynamizer oder Stadtwasserbeleber) mit Hilfe mehrerer europ\u00e4ischer Fabriken herstellt. Christophe Carrette ist Naturforscher, Philosoph und Forscher. Mit juristischem Hintergrund war er 25 Jahre lang im Bank-, Finanz- und Versicherungswesen t\u00e4tig. 2012 machte er beruflich eine 180\u00b0-Wende und verlie\u00df seine \u201eklassische Karriere\u201c, um ein philosophisches Buch \u00fcber den Sinn des Lebens zu schreiben (\u201eSo geht das Leben\u201c), bevor er sich 2014 zu 100 % auf die Geheimnisse der Wasserdynamisierung einlie\u00df. Ich bin der Sch\u00f6pfer des Biodynamizer\u00ae. Tanguy De Prest ist Absolvent in Marketing und Kommunikation und hat sein gesamtes Know-how in den Dienst der gr\u00f6\u00dften Marken auf dem belgischen und internationalen Markt gestellt. Unter anderem war er an der Lancierung mehrerer internationaler Gro\u00dfprojekte sowie Start-ups beteiligt. Gemeinsam brachten sie 2020 den Biodynamizer\u00ae auf den Markt.\" \/>\n<meta name=\"robots\" content=\"index, follow, max-snippet:-1, max-image-preview:large, max-video-preview:-1\" \/>\n<link rel=\"canonical\" href=\"https:\/\/biodynamizer.com\/de\/kontakt\/\" \/>\n<meta property=\"og:locale\" content=\"de_DE\" \/>\n<meta property=\"og:type\" content=\"article\" \/>\n<meta property=\"og:title\" content=\"Kontakt - Biodynamizer\" \/>\n<meta property=\"og:description\" content=\"Dynamized Technologies ist das Unternehmen, das den Biodynamizer (Dynamizer oder Stadtwasserbeleber) mit Hilfe mehrerer europ\u00e4ischer Fabriken herstellt. Christophe Carrette ist Naturforscher, Philosoph und Forscher. Mit juristischem Hintergrund war er 25 Jahre lang im Bank-, Finanz- und Versicherungswesen t\u00e4tig. 2012 machte er beruflich eine 180\u00b0-Wende und verlie\u00df seine \u201eklassische Karriere\u201c, um ein philosophisches Buch \u00fcber den Sinn des Lebens zu schreiben (\u201eSo geht das Leben\u201c), bevor er sich 2014 zu 100 % auf die Geheimnisse der Wasserdynamisierung einlie\u00df. Ich bin der Sch\u00f6pfer des Biodynamizer\u00ae. Tanguy De Prest ist Absolvent in Marketing und Kommunikation und hat sein gesamtes Know-how in den Dienst der gr\u00f6\u00dften Marken auf dem belgischen und internationalen Markt gestellt. Unter anderem war er an der Lancierung mehrerer internationaler Gro\u00dfprojekte sowie Start-ups beteiligt. Gemeinsam brachten sie 2020 den Biodynamizer\u00ae auf den Markt.\" \/>\n<meta property=\"og:url\" content=\"https:\/\/biodynamizer.com\/de\/kontakt\/\" \/>\n<meta property=\"og:site_name\" content=\"Biodynamizer\" \/>\n<meta property=\"article:modified_time\" content=\"2024-06-05T09:45:40+00:00\" \/>\n<meta property=\"og:image\" content=\"https:\/\/biodynamizer.com\/wp-content\/uploads\/2019\/11\/Depositphotos_15742931_xl-2015.jpg\" \/>\n\t<meta property=\"og:image:width\" content=\"2000\" \/>\n\t<meta property=\"og:image:height\" content=\"1333\" \/>\n\t<meta property=\"og:image:type\" content=\"image\/jpeg\" \/>\n<meta name=\"twitter:card\" content=\"summary_large_image\" \/>\n<meta name=\"twitter:label1\" content=\"Gesch\u00e4tzte Lesezeit\" \/>\n\t<meta name=\"twitter:data1\" content=\"7\u00a0Minuten\" \/>\n<script type=\"application\/ld+json\" class=\"yoast-schema-graph\">{\"@context\":\"https:\\\/\\\/schema.org\",\"@graph\":[{\"@type\":\"WebPage\",\"@id\":\"https:\\\/\\\/biodynamizer.com\\\/de\\\/kontakt\\\/\",\"url\":\"https:\\\/\\\/biodynamizer.com\\\/de\\\/kontakt\\\/\",\"name\":\"Kontakt - Biodynamizer\",\"isPartOf\":{\"@id\":\"https:\\\/\\\/biodynamizer.com\\\/de\\\/#website\"},\"datePublished\":\"2020-01-22T07:54:15+00:00\",\"dateModified\":\"2024-06-05T09:45:40+00:00\",\"description\":\"Dynamized Technologies ist das Unternehmen, das den Biodynamizer (Dynamizer oder Stadtwasserbeleber) mit Hilfe mehrerer europ\u00e4ischer Fabriken herstellt. Christophe Carrette ist Naturforscher, Philosoph und Forscher. Mit juristischem Hintergrund war er 25 Jahre lang im Bank-, Finanz- und Versicherungswesen t\u00e4tig. 2012 machte er beruflich eine 180\u00b0-Wende und verlie\u00df seine \u201eklassische Karriere\u201c, um ein philosophisches Buch \u00fcber den Sinn des Lebens zu schreiben (\u201eSo geht das Leben\u201c), bevor er sich 2014 zu 100 % auf die Geheimnisse der Wasserdynamisierung einlie\u00df. Ich bin der Sch\u00f6pfer des Biodynamizer\u00ae. Tanguy De Prest ist Absolvent in Marketing und Kommunikation und hat sein gesamtes Know-how in den Dienst der gr\u00f6\u00dften Marken auf dem belgischen und internationalen Markt gestellt. Unter anderem war er an der Lancierung mehrerer internationaler Gro\u00dfprojekte sowie Start-ups beteiligt. Gemeinsam brachten sie 2020 den Biodynamizer\u00ae auf den Markt.\",\"breadcrumb\":{\"@id\":\"https:\\\/\\\/biodynamizer.com\\\/de\\\/kontakt\\\/#breadcrumb\"},\"inLanguage\":\"de\",\"potentialAction\":[{\"@type\":\"ReadAction\",\"target\":[\"https:\\\/\\\/biodynamizer.com\\\/de\\\/kontakt\\\/\"]}]},{\"@type\":\"BreadcrumbList\",\"@id\":\"https:\\\/\\\/biodynamizer.com\\\/de\\\/kontakt\\\/#breadcrumb\",\"itemListElement\":[{\"@type\":\"ListItem\",\"position\":1,\"name\":\"Home\",\"item\":\"https:\\\/\\\/biodynamizer.com\\\/de\\\/\"},{\"@type\":\"ListItem\",\"position\":2,\"name\":\"Kontakt\"}]},{\"@type\":\"WebSite\",\"@id\":\"https:\\\/\\\/biodynamizer.com\\\/de\\\/#website\",\"url\":\"https:\\\/\\\/biodynamizer.com\\\/de\\\/\",\"name\":\"Biodynamizer\",\"description\":\"Filtrez et dynamisez votre eau\",\"potentialAction\":[{\"@type\":\"SearchAction\",\"target\":{\"@type\":\"EntryPoint\",\"urlTemplate\":\"https:\\\/\\\/biodynamizer.com\\\/de\\\/?s={search_term_string}\"},\"query-input\":{\"@type\":\"PropertyValueSpecification\",\"valueRequired\":true,\"valueName\":\"search_term_string\"}}],\"inLanguage\":\"de\"}]}<\/script>\n<!-- \/ Yoast SEO plugin. -->","yoast_head_json":{"title":"Kontakt - Biodynamizer","description":"Dynamized Technologies ist das Unternehmen, das den Biodynamizer (Dynamizer oder Stadtwasserbeleber) mit Hilfe mehrerer europ\u00e4ischer Fabriken herstellt. Christophe Carrette ist Naturforscher, Philosoph und Forscher. Mit juristischem Hintergrund war er 25 Jahre lang im Bank-, Finanz- und Versicherungswesen t\u00e4tig. 2012 machte er beruflich eine 180\u00b0-Wende und verlie\u00df seine \u201eklassische Karriere\u201c, um ein philosophisches Buch \u00fcber den Sinn des Lebens zu schreiben (\u201eSo geht das Leben\u201c), bevor er sich 2014 zu 100 % auf die Geheimnisse der Wasserdynamisierung einlie\u00df. Ich bin der Sch\u00f6pfer des Biodynamizer\u00ae. Tanguy De Prest ist Absolvent in Marketing und Kommunikation und hat sein gesamtes Know-how in den Dienst der gr\u00f6\u00dften Marken auf dem belgischen und internationalen Markt gestellt. Unter anderem war er an der Lancierung mehrerer internationaler Gro\u00dfprojekte sowie Start-ups beteiligt. Gemeinsam brachten sie 2020 den Biodynamizer\u00ae auf den Markt.","robots":{"index":"index","follow":"follow","max-snippet":"max-snippet:-1","max-image-preview":"max-image-preview:large","max-video-preview":"max-video-preview:-1"},"canonical":"https:\/\/biodynamizer.com\/de\/kontakt\/","og_locale":"de_DE","og_type":"article","og_title":"Kontakt - Biodynamizer","og_description":"Dynamized Technologies ist das Unternehmen, das den Biodynamizer (Dynamizer oder Stadtwasserbeleber) mit Hilfe mehrerer europ\u00e4ischer Fabriken herstellt. Christophe Carrette ist Naturforscher, Philosoph und Forscher. Mit juristischem Hintergrund war er 25 Jahre lang im Bank-, Finanz- und Versicherungswesen t\u00e4tig. 2012 machte er beruflich eine 180\u00b0-Wende und verlie\u00df seine \u201eklassische Karriere\u201c, um ein philosophisches Buch \u00fcber den Sinn des Lebens zu schreiben (\u201eSo geht das Leben\u201c), bevor er sich 2014 zu 100 % auf die Geheimnisse der Wasserdynamisierung einlie\u00df. Ich bin der Sch\u00f6pfer des Biodynamizer\u00ae. Tanguy De Prest ist Absolvent in Marketing und Kommunikation und hat sein gesamtes Know-how in den Dienst der gr\u00f6\u00dften Marken auf dem belgischen und internationalen Markt gestellt. Unter anderem war er an der Lancierung mehrerer internationaler Gro\u00dfprojekte sowie Start-ups beteiligt. Gemeinsam brachten sie 2020 den Biodynamizer\u00ae auf den Markt.","og_url":"https:\/\/biodynamizer.com\/de\/kontakt\/","og_site_name":"Biodynamizer","article_modified_time":"2024-06-05T09:45:40+00:00","og_image":[{"width":2000,"height":1333,"url":"https:\/\/biodynamizer.com\/wp-content\/uploads\/2019\/11\/Depositphotos_15742931_xl-2015.jpg","type":"image\/jpeg"}],"twitter_card":"summary_large_image","twitter_misc":{"Gesch\u00e4tzte Lesezeit":"7\u00a0Minuten"},"schema":{"@context":"https:\/\/schema.org","@graph":[{"@type":"WebPage","@id":"https:\/\/biodynamizer.com\/de\/kontakt\/","url":"https:\/\/biodynamizer.com\/de\/kontakt\/","name":"Kontakt - Biodynamizer","isPartOf":{"@id":"https:\/\/biodynamizer.com\/de\/#website"},"datePublished":"2020-01-22T07:54:15+00:00","dateModified":"2024-06-05T09:45:40+00:00","description":"Dynamized Technologies ist das Unternehmen, das den Biodynamizer (Dynamizer oder Stadtwasserbeleber) mit Hilfe mehrerer europ\u00e4ischer Fabriken herstellt. Christophe Carrette ist Naturforscher, Philosoph und Forscher. Mit juristischem Hintergrund war er 25 Jahre lang im Bank-, Finanz- und Versicherungswesen t\u00e4tig. 2012 machte er beruflich eine 180\u00b0-Wende und verlie\u00df seine \u201eklassische Karriere\u201c, um ein philosophisches Buch \u00fcber den Sinn des Lebens zu schreiben (\u201eSo geht das Leben\u201c), bevor er sich 2014 zu 100 % auf die Geheimnisse der Wasserdynamisierung einlie\u00df. Ich bin der Sch\u00f6pfer des Biodynamizer\u00ae. Tanguy De Prest ist Absolvent in Marketing und Kommunikation und hat sein gesamtes Know-how in den Dienst der gr\u00f6\u00dften Marken auf dem belgischen und internationalen Markt gestellt. Unter anderem war er an der Lancierung mehrerer internationaler Gro\u00dfprojekte sowie Start-ups beteiligt. Gemeinsam brachten sie 2020 den Biodynamizer\u00ae auf den Markt.","breadcrumb":{"@id":"https:\/\/biodynamizer.com\/de\/kontakt\/#breadcrumb"},"inLanguage":"de","potentialAction":[{"@type":"ReadAction","target":["https:\/\/biodynamizer.com\/de\/kontakt\/"]}]},{"@type":"BreadcrumbList","@id":"https:\/\/biodynamizer.com\/de\/kontakt\/#breadcrumb","itemListElement":[{"@type":"ListItem","position":1,"name":"Home","item":"https:\/\/biodynamizer.com\/de\/"},{"@type":"ListItem","position":2,"name":"Kontakt"}]},{"@type":"WebSite","@id":"https:\/\/biodynamizer.com\/de\/#website","url":"https:\/\/biodynamizer.com\/de\/","name":"Biodynamizer","description":"Filtrez et dynamisez votre eau","potentialAction":[{"@type":"SearchAction","target":{"@type":"EntryPoint","urlTemplate":"https:\/\/biodynamizer.com\/de\/?s={search_term_string}"},"query-input":{"@type":"PropertyValueSpecification","valueRequired":true,"valueName":"search_term_string"}}],"inLanguage":"de"}]}},"_links":{"self":[{"href":"https:\/\/biodynamizer.com\/de\/wp-json\/wp\/v2\/pages\/6553","targetHints":{"allow":["GET"]}}],"collection":[{"href":"https:\/\/biodynamizer.com\/de\/wp-json\/wp\/v2\/pages"}],"about":[{"href":"https:\/\/biodynamizer.com\/de\/wp-json\/wp\/v2\/types\/page"}],"author":[{"embeddable":true,"href":"https:\/\/biodynamizer.com\/de\/wp-json\/wp\/v2\/users\/3"}],"replies":[{"embeddable":true,"href":"https:\/\/biodynamizer.com\/de\/wp-json\/wp\/v2\/comments?post=6553"}],"version-history":[{"count":30,"href":"https:\/\/biodynamizer.com\/de\/wp-json\/wp\/v2\/pages\/6553\/revisions"}],"predecessor-version":[{"id":24700,"href":"https:\/\/biodynamizer.com\/de\/wp-json\/wp\/v2\/pages\/6553\/revisions\/24700"}],"wp:attachment":[{"href":"https:\/\/biodynamizer.com\/de\/wp-json\/wp\/v2\/media?parent=6553"}],"curies":[{"name":"wp","href":"https:\/\/api.w.org\/{rel}","templated":true}]}}