{"id":6601,"date":"2020-01-21T08:21:23","date_gmt":"2020-01-21T08:21:23","guid":{"rendered":"https:\/\/biodynamizer.spleen-creation.be\/installation-entretien\/"},"modified":"2025-08-27T13:30:34","modified_gmt":"2025-08-27T13:30:34","slug":"installation-wartung","status":"publish","type":"page","link":"https:\/\/biodynamizer.com\/de\/installation-wartung\/","title":{"rendered":"Installation &#038; Wartung"},"content":{"rendered":"<section class=\"l-section wpb_row us_custom_916fdabd height_small\"><div class=\"l-section-h i-cf\"><div class=\"g-cols vc_row via_flex valign_top type_default stacking_default\"><div class=\"vc_col-sm-12 wpb_column vc_column_container\"><div class=\"vc_column-inner\"><div class=\"wpb_wrapper\"><nav class=\"g-breadcrumbs separator_custom align_none\" itemscope itemtype=\"http:\/\/schema.org\/BreadcrumbList\"><div class=\"g-breadcrumbs-item\" itemscope itemprop=\"itemListElement\" itemtype=\"http:\/\/schema.org\/ListItem\"><a itemprop=\"item\" href=\"https:\/\/biodynamizer.com\/de\/\"><span itemprop=\"name\">Start<\/span><\/a><meta itemprop=\"position\" content=\"1\"\/><\/div><div class=\"g-breadcrumbs-separator\">\/<\/div><div class=\"g-breadcrumbs-item\">Seiten<\/div><\/nav><\/div><\/div><\/div><\/div><\/div><\/section><section class=\"l-section wpb_row height_medium width_full\"><div class=\"l-section-h i-cf\"><div class=\"g-cols vc_row via_flex valign_bottom type_default stacking_default\"><div class=\"vc_col-sm-6 wpb_column vc_column_container imagesideblock has_text_color has_bg_color\"><div class=\"vc_column-inner us_custom_25b91bd2\"><div class=\"wpb_wrapper\"><\/div><\/div><\/div><div class=\"vc_col-sm-6 wpb_column vc_column_container tekstsideblock\"><div class=\"vc_column-inner\"><div class=\"wpb_wrapper\"><div class=\"wpb_text_column\"><div class=\"wpb_wrapper\"><h2>Installation &amp; Wartung<\/h2>\n<\/div><\/div><div class=\"w-separator size_large\"><\/div><div class=\"wpb_text_column\"><div class=\"wpb_wrapper\"><p>Die Installation des Biofilters und Biodynamisierers\u00ae ist einfach und kann von jedem Klempner oder professionellen Installateur durchgef\u00fchrt werden. Der Biodynamizer\u00ae ben\u00f6tigt keine Wartung, keine Verbrauchsmaterialien, keinen Strom und produziert keinen Wasserverlust. Lediglich die Filterpatrone muss alle 100.000 Liter oder max. jedes Jahr gewechselt werden.<\/p>\n<\/div><\/div><div class=\"w-separator size_large\"><\/div><div class=\"w-btn-wrapper align_none\"><a class=\"w-btn us-btn-style_1\" target=\"_blank\" rel=\"nofollow\" title=\"Platzierungsanleitung\" href=\"https:\/\/biodynamizer.com\/wp-content\/uploads\/2024\/12\/Platzierungsanleitung-Biofilter-Biodynamizer-DE-2025.01-1.pdf\"><span class=\"w-btn-label\">Platzierungsanleitung Ger\u00e4te<\/span><\/a><\/div><div class=\"w-btn-wrapper align_none\"><a class=\"w-btn us-btn-style_1\" target=\"_blank\" rel=\"nofollow\" title=\"Platzierungsanleitung\" href=\"https:\/\/biodynamizer.com\/wp-content\/uploads\/2024\/12\/Anleitung-zum-Ersatz-der-Bio-Pro-kartusche-Biofilter-DE-\u2013-2024.01.pdf\"><span class=\"w-btn-label\">Anleitung zum Ersatz der Bio Pro kartusche<\/span><\/a><\/div><\/div><\/div><\/div><\/div><\/div><\/section><section class=\"l-section wpb_row height_medium\"><div class=\"l-section-h i-cf\"><div class=\"g-cols vc_row via_flex valign_middle type_default stacking_default\"><div class=\"vc_col-sm-6 wpb_column vc_column_container\"><div class=\"vc_column-inner\"><div class=\"wpb_wrapper\"><div class=\"wpb_text_column\"><div class=\"wpb_wrapper\"><p>Der Biofilter und Biodynamizer\u00ae kann von jedem Klempner oder professionellen Sanit\u00e4rinstallateur direkt hinter der st\u00e4dtischen Wasseruhr platziert werden. F\u00fcr ihre Platzierung wird eine Fl\u00e4che von +\/- 1 m2 ben\u00f6tigt.<\/p>\n<p>EINFACHHEIT :<\/p>\n<ul>\n<li style=\"list-style-type: none;\">\n<ul>\n<li>Vermittlung durch jeden professionellen Klempner<\/li>\n<li>Standardanschl\u00fcsse (3\/4&#8242; Messinganschl\u00fcsse)<\/li>\n<li>Die Ger\u00e4te arbeiten ohne Elektrizit\u00e4t, ohne Wasserablauf und ohne den Einsatz von Salz oder chemischen Mitteln (nur die Filterpatrone muss alle 100m3 und max. jedes Jahr gewechselt werden).<\/li>\n<\/ul>\n<\/li>\n<\/ul>\n<ul>\n<li style=\"list-style-type: none;\"><\/li>\n<\/ul>\n<\/div><\/div><div class=\"w-separator size_large\"><\/div><\/div><\/div><\/div><div class=\"vc_col-sm-6 wpb_column vc_column_container\"><div class=\"vc_column-inner\"><div class=\"wpb_wrapper\"><div class=\"w-image align_center\"><div class=\"w-image-h\"><img decoding=\"async\" width=\"768\" height=\"1024\" src=\"https:\/\/biodynamizer.com\/wp-content\/uploads\/2025\/08\/IMG_3097-768x1024.jpeg\" class=\"attachment-large size-large\" alt=\"filtre biodynamizer\" loading=\"lazy\" srcset=\"https:\/\/biodynamizer.com\/wp-content\/uploads\/2025\/08\/IMG_3097-768x1024.jpeg 768w, https:\/\/biodynamizer.com\/wp-content\/uploads\/2025\/08\/IMG_3097-225x300.jpeg 225w, https:\/\/biodynamizer.com\/wp-content\/uploads\/2025\/08\/IMG_3097-300x400.jpeg 300w, https:\/\/biodynamizer.com\/wp-content\/uploads\/2025\/08\/IMG_3097-640x853.jpeg 640w, https:\/\/biodynamizer.com\/wp-content\/uploads\/2025\/08\/IMG_3097.jpeg 1536w\" sizes=\"auto, (max-width: 768px) 100vw, 768px\" \/><\/div><\/div><div class=\"w-separator size_medium\"><\/div><\/div><\/div><\/div><\/div><\/div><\/section><section class=\"l-section wpb_row height_auto\"><div class=\"l-section-h i-cf\"><div class=\"g-cols vc_row via_flex valign_top type_default stacking_default\"><div class=\"vc_col-sm-12 wpb_column vc_column_container\"><div class=\"vc_column-inner\"><div class=\"wpb_wrapper\"><div class=\"wpb_text_column\"><div class=\"wpb_wrapper\"><h4 style=\"text-align: center;\">Wartung des Biofilters: Austausch der Filterpatrone<\/h4>\n<\/div><\/div><div class=\"w-separator size_medium\"><\/div><\/div><\/div><\/div><\/div><\/div><\/section><section class=\"l-section wpb_row height_auto\"><div class=\"l-section-h i-cf\"><div class=\"g-cols vc_row via_flex valign_top type_default stacking_default\"><div class=\"vc_col-sm-8 wpb_column vc_column_container\"><div class=\"vc_column-inner\"><div class=\"wpb_wrapper\"><div class=\"wpb_text_column\"><div class=\"wpb_wrapper\"><p>Der Biofilter enth\u00e4lt eine Filterpatrone (B520-13) mit einem Fassungsverm\u00f6gen von 100 m3 (100.000 Liter) und einer H\u00f6chstdauer von 1 Jahr. Abh\u00e4ngig von der Anzahl der Verbraucher entspricht dies einem Wasserverbrauch von +\/- 8 Monaten bis 5 Personen (bei einem durchschnittlichen Verbrauch von 30m3\/Jahr\/Person). Es ist wichtig, die Filterpatrone nach Erreichen dieser Parameter zu ersetzen, da die Patrone \u00fcber die angegebene Kapazit\u00e4t hinaus verstopft und an Effizienz verliert, mit der Folge, dass ihre mikrobielle Belastung zu gro\u00df werden kann! Die Patrone kann in 5 Minuten ohne den Eingriff eines Klempners gewechselt werden! Es ist ratsam, das Wasser nach dem Auswechseln der Patrone 10 Minuten lang laufen zu lassen! Luft wird durch den offenen Wasserhahn entweichen (das undurchsichtige Aussehen des Wassers ist in Wirklichkeit mit Wasser vermischte Luft). Nach einigen Minuten Wasserfluss verschwindet die Luft in den Rohren und das Wasser ist sofort wieder durchsichtig!<\/p>\n<p>Angesichts der Variablen Verbrauch, Wasserqualit\u00e4t und Sanit\u00e4rinstallation liegt die Verantwortung f\u00fcr die Erneuerung der Kartuschen beim Kunden und nicht bei SA Dynamized Technologies.<\/p>\n<p>Beim Austausch der Patrone ist es auch n\u00fctzlich, die Effizienz der O-Ringe zu \u00fcberpr\u00fcfen, die das Filtergeh\u00e4use abdichten (um die Wasserdichtigkeit des Filters zu gew\u00e4hrleisten).<\/p>\n<\/div><\/div><div class=\"w-separator size_medium\"><\/div><div class=\"w-btn-wrapper align_justify\"><a class=\"w-btn us-btn-style_4 us_custom_8d5aa4e2 buttonicoon\" title=\"Commander\" href=\"https:\/\/biodynamizer.com\/de\/bestellung\/\"><span class=\"w-btn-label\">Bestellen Sie eine Filterpatrone<\/span><\/a><\/div><div class=\"w-separator size_large\"><\/div><\/div><\/div><\/div><div class=\"vc_col-sm-4 wpb_column vc_column_container\"><div class=\"vc_column-inner\"><div class=\"wpb_wrapper\"><div class=\"w-image align_center\"><div class=\"w-image-h\"><img decoding=\"async\" width=\"768\" height=\"1024\" src=\"https:\/\/biodynamizer.com\/wp-content\/uploads\/2020\/08\/IMG_3283-768x1024.jpg\" class=\"attachment-large size-large\" alt=\"\" loading=\"lazy\" srcset=\"https:\/\/biodynamizer.com\/wp-content\/uploads\/2020\/08\/IMG_3283-768x1024.jpg 768w, https:\/\/biodynamizer.com\/wp-content\/uploads\/2020\/08\/IMG_3283-225x300.jpg 225w, https:\/\/biodynamizer.com\/wp-content\/uploads\/2020\/08\/IMG_3283-1152x1536.jpg 1152w, https:\/\/biodynamizer.com\/wp-content\/uploads\/2020\/08\/IMG_3283-1536x2048.jpg 1536w, https:\/\/biodynamizer.com\/wp-content\/uploads\/2020\/08\/IMG_3283-scaled.jpg 1920w\" sizes=\"auto, (max-width: 768px) 100vw, 768px\" \/><\/div><\/div><\/div><\/div><\/div><\/div><\/div><\/section>\n","protected":false},"excerpt":{"rendered":"Start\/SeitenInstallation &amp; Wartung Die Installation des Biofilters und Biodynamisierers\u00ae ist einfach und kann von jedem Klempner oder professionellen Installateur durchgef\u00fchrt werden. Der Biodynamizer\u00ae ben\u00f6tigt keine Wartung, keine Verbrauchsmaterialien, keinen Strom und produziert keinen Wasserverlust. Lediglich die Filterpatrone muss alle 100.000 Liter oder max. jedes Jahr gewechselt werden. Platzierungsanleitung Ger\u00e4teAnleitung zum Ersatz der Bio Pro kartuscheDer...","protected":false},"author":3,"featured_media":0,"parent":0,"menu_order":20,"comment_status":"closed","ping_status":"closed","template":"","meta":{"_monsterinsights_skip_tracking":false,"_monsterinsights_sitenote_active":false,"_monsterinsights_sitenote_note":"","_monsterinsights_sitenote_category":0,"footnotes":""},"class_list":["post-6601","page","type-page","status-publish","hentry"],"yoast_head":"<!-- This site is optimized with the Yoast SEO plugin v27.3 - https:\/\/yoast.com\/product\/yoast-seo-wordpress\/ -->\n<title>Installation &amp; Wartung - Biodynamizer<\/title>\n<meta name=\"description\" content=\"Biodynamizer - Installation &amp; Wartung - En savoir plus sur le biodynamizer et le biofiltre\" \/>\n<meta name=\"robots\" content=\"index, follow, max-snippet:-1, max-image-preview:large, max-video-preview:-1\" \/>\n<link rel=\"canonical\" href=\"https:\/\/biodynamizer.com\/de\/installation-wartung\/\" \/>\n<meta property=\"og:locale\" content=\"de_DE\" \/>\n<meta property=\"og:type\" content=\"article\" \/>\n<meta property=\"og:title\" content=\"Installation &amp; Wartung - Biodynamizer\" \/>\n<meta property=\"og:description\" content=\"Biodynamizer - Installation &amp; Wartung - En savoir plus sur le biodynamizer et le biofiltre\" \/>\n<meta property=\"og:url\" content=\"https:\/\/biodynamizer.com\/de\/installation-wartung\/\" \/>\n<meta property=\"og:site_name\" content=\"Biodynamizer\" \/>\n<meta property=\"article:modified_time\" content=\"2025-08-27T13:30:34+00:00\" \/>\n<meta property=\"og:image\" content=\"https:\/\/biodynamizer.com\/wp-content\/uploads\/2019\/11\/Depositphotos_15742931_xl-2015.jpg\" \/>\n\t<meta property=\"og:image:width\" content=\"2000\" \/>\n\t<meta property=\"og:image:height\" content=\"1333\" \/>\n\t<meta property=\"og:image:type\" content=\"image\/jpeg\" \/>\n<meta name=\"twitter:card\" content=\"summary_large_image\" \/>\n<meta name=\"twitter:label1\" content=\"Gesch\u00e4tzte Lesezeit\" \/>\n\t<meta name=\"twitter:data1\" content=\"2\u00a0Minuten\" \/>\n<script type=\"application\/ld+json\" class=\"yoast-schema-graph\">{\"@context\":\"https:\\\/\\\/schema.org\",\"@graph\":[{\"@type\":\"WebPage\",\"@id\":\"https:\\\/\\\/biodynamizer.com\\\/de\\\/installation-wartung\\\/\",\"url\":\"https:\\\/\\\/biodynamizer.com\\\/de\\\/installation-wartung\\\/\",\"name\":\"Installation & Wartung - Biodynamizer\",\"isPartOf\":{\"@id\":\"https:\\\/\\\/biodynamizer.com\\\/de\\\/#website\"},\"datePublished\":\"2020-01-21T08:21:23+00:00\",\"dateModified\":\"2025-08-27T13:30:34+00:00\",\"description\":\"Biodynamizer - Installation & Wartung - En savoir plus sur le biodynamizer et le biofiltre\",\"breadcrumb\":{\"@id\":\"https:\\\/\\\/biodynamizer.com\\\/de\\\/installation-wartung\\\/#breadcrumb\"},\"inLanguage\":\"de\",\"potentialAction\":[{\"@type\":\"ReadAction\",\"target\":[\"https:\\\/\\\/biodynamizer.com\\\/de\\\/installation-wartung\\\/\"]}]},{\"@type\":\"BreadcrumbList\",\"@id\":\"https:\\\/\\\/biodynamizer.com\\\/de\\\/installation-wartung\\\/#breadcrumb\",\"itemListElement\":[{\"@type\":\"ListItem\",\"position\":1,\"name\":\"Home\",\"item\":\"https:\\\/\\\/biodynamizer.com\\\/de\\\/\"},{\"@type\":\"ListItem\",\"position\":2,\"name\":\"Installation &#038; Wartung\"}]},{\"@type\":\"WebSite\",\"@id\":\"https:\\\/\\\/biodynamizer.com\\\/de\\\/#website\",\"url\":\"https:\\\/\\\/biodynamizer.com\\\/de\\\/\",\"name\":\"Biodynamizer\",\"description\":\"Filtrez et dynamisez votre eau\",\"potentialAction\":[{\"@type\":\"SearchAction\",\"target\":{\"@type\":\"EntryPoint\",\"urlTemplate\":\"https:\\\/\\\/biodynamizer.com\\\/de\\\/?s={search_term_string}\"},\"query-input\":{\"@type\":\"PropertyValueSpecification\",\"valueRequired\":true,\"valueName\":\"search_term_string\"}}],\"inLanguage\":\"de\"}]}<\/script>\n<!-- \/ Yoast SEO plugin. -->","yoast_head_json":{"title":"Installation & Wartung - Biodynamizer","description":"Biodynamizer - Installation & Wartung - En savoir plus sur le biodynamizer et le biofiltre","robots":{"index":"index","follow":"follow","max-snippet":"max-snippet:-1","max-image-preview":"max-image-preview:large","max-video-preview":"max-video-preview:-1"},"canonical":"https:\/\/biodynamizer.com\/de\/installation-wartung\/","og_locale":"de_DE","og_type":"article","og_title":"Installation & Wartung - Biodynamizer","og_description":"Biodynamizer - Installation & Wartung - En savoir plus sur le biodynamizer et le biofiltre","og_url":"https:\/\/biodynamizer.com\/de\/installation-wartung\/","og_site_name":"Biodynamizer","article_modified_time":"2025-08-27T13:30:34+00:00","og_image":[{"width":2000,"height":1333,"url":"https:\/\/biodynamizer.com\/wp-content\/uploads\/2019\/11\/Depositphotos_15742931_xl-2015.jpg","type":"image\/jpeg"}],"twitter_card":"summary_large_image","twitter_misc":{"Gesch\u00e4tzte Lesezeit":"2\u00a0Minuten"},"schema":{"@context":"https:\/\/schema.org","@graph":[{"@type":"WebPage","@id":"https:\/\/biodynamizer.com\/de\/installation-wartung\/","url":"https:\/\/biodynamizer.com\/de\/installation-wartung\/","name":"Installation & Wartung - Biodynamizer","isPartOf":{"@id":"https:\/\/biodynamizer.com\/de\/#website"},"datePublished":"2020-01-21T08:21:23+00:00","dateModified":"2025-08-27T13:30:34+00:00","description":"Biodynamizer - Installation & Wartung - En savoir plus sur le biodynamizer et le biofiltre","breadcrumb":{"@id":"https:\/\/biodynamizer.com\/de\/installation-wartung\/#breadcrumb"},"inLanguage":"de","potentialAction":[{"@type":"ReadAction","target":["https:\/\/biodynamizer.com\/de\/installation-wartung\/"]}]},{"@type":"BreadcrumbList","@id":"https:\/\/biodynamizer.com\/de\/installation-wartung\/#breadcrumb","itemListElement":[{"@type":"ListItem","position":1,"name":"Home","item":"https:\/\/biodynamizer.com\/de\/"},{"@type":"ListItem","position":2,"name":"Installation &#038; Wartung"}]},{"@type":"WebSite","@id":"https:\/\/biodynamizer.com\/de\/#website","url":"https:\/\/biodynamizer.com\/de\/","name":"Biodynamizer","description":"Filtrez et dynamisez votre eau","potentialAction":[{"@type":"SearchAction","target":{"@type":"EntryPoint","urlTemplate":"https:\/\/biodynamizer.com\/de\/?s={search_term_string}"},"query-input":{"@type":"PropertyValueSpecification","valueRequired":true,"valueName":"search_term_string"}}],"inLanguage":"de"}]}},"_links":{"self":[{"href":"https:\/\/biodynamizer.com\/de\/wp-json\/wp\/v2\/pages\/6601","targetHints":{"allow":["GET"]}}],"collection":[{"href":"https:\/\/biodynamizer.com\/de\/wp-json\/wp\/v2\/pages"}],"about":[{"href":"https:\/\/biodynamizer.com\/de\/wp-json\/wp\/v2\/types\/page"}],"author":[{"embeddable":true,"href":"https:\/\/biodynamizer.com\/de\/wp-json\/wp\/v2\/users\/3"}],"replies":[{"embeddable":true,"href":"https:\/\/biodynamizer.com\/de\/wp-json\/wp\/v2\/comments?post=6601"}],"version-history":[{"count":27,"href":"https:\/\/biodynamizer.com\/de\/wp-json\/wp\/v2\/pages\/6601\/revisions"}],"predecessor-version":[{"id":28272,"href":"https:\/\/biodynamizer.com\/de\/wp-json\/wp\/v2\/pages\/6601\/revisions\/28272"}],"wp:attachment":[{"href":"https:\/\/biodynamizer.com\/de\/wp-json\/wp\/v2\/media?parent=6601"}],"curies":[{"name":"wp","href":"https:\/\/api.w.org\/{rel}","templated":true}]}}