{"id":6633,"date":"2020-01-20T10:17:44","date_gmt":"2020-01-20T10:17:44","guid":{"rendered":"https:\/\/biodynamizer.spleen-creation.be\/nos-solutions\/le-biodynamizer\/eau-osmosee\/"},"modified":"2023-04-13T09:55:42","modified_gmt":"2023-04-13T09:55:42","slug":"wasser-osmose","status":"publish","type":"page","link":"https:\/\/biodynamizer.com\/de\/unsere-loesungen\/der-biodynamizer\/wasser-osmose\/","title":{"rendered":"Osmose-Wasser"},"content":{"rendered":"<section class=\"l-section wpb_row us_custom_916fdabd height_small\"><div class=\"l-section-h i-cf\"><div class=\"g-cols vc_row via_flex valign_top type_default stacking_default\"><div class=\"vc_col-sm-12 wpb_column vc_column_container\"><div class=\"vc_column-inner\"><div class=\"wpb_wrapper\"><nav class=\"g-breadcrumbs separator_custom align_none\" itemscope itemtype=\"http:\/\/schema.org\/BreadcrumbList\"><div class=\"g-breadcrumbs-item\" itemscope itemprop=\"itemListElement\" itemtype=\"http:\/\/schema.org\/ListItem\"><a itemprop=\"item\" href=\"https:\/\/biodynamizer.com\/de\/\"><span itemprop=\"name\">Start<\/span><\/a><meta itemprop=\"position\" content=\"1\"\/><\/div><div class=\"g-breadcrumbs-separator\">\/<\/div><div class=\"g-breadcrumbs-item\">Seiten<\/div><\/nav><\/div><\/div><\/div><\/div><\/div><\/section><section class=\"l-section wpb_row us_custom_6df4bc3a lichtelink has_text_color height_medium\"><div class=\"l-section-overlay\" style=\"background:#24549d\"><\/div><div class=\"l-section-h i-cf\"><div class=\"g-cols vc_row via_flex valign_middle type_default stacking_default\"><div class=\"vc_col-sm-12 wpb_column vc_column_container\"><div class=\"vc_column-inner\"><div class=\"wpb_wrapper\"><div class=\"w-image align_right\"><div class=\"w-image-h\"><img decoding=\"async\" width=\"400\" height=\"400\" src=\"https:\/\/biodynamizer.com\/wp-content\/uploads\/2020\/01\/Osmosis.jpg\" class=\"attachment-us_400_400_crop size-us_400_400_crop\" alt=\"\" loading=\"lazy\" srcset=\"https:\/\/biodynamizer.com\/wp-content\/uploads\/2020\/01\/Osmosis.jpg 2000w, https:\/\/biodynamizer.com\/wp-content\/uploads\/2020\/01\/Osmosis-300x300.jpg 300w, https:\/\/biodynamizer.com\/wp-content\/uploads\/2020\/01\/Osmosis-1024x1024.jpg 1024w, https:\/\/biodynamizer.com\/wp-content\/uploads\/2020\/01\/Osmosis-150x150.jpg 150w, https:\/\/biodynamizer.com\/wp-content\/uploads\/2020\/01\/Osmosis-1536x1536.jpg 1536w\" sizes=\"auto, (max-width: 400px) 100vw, 400px\" \/><\/div><\/div><div class=\"wpb_text_column\"><div class=\"wpb_wrapper\"><h1>Was ist mit Osmose oder demineralisiertem Wasser?<\/h1>\n<\/div><\/div><div class=\"wpb_text_column\"><div class=\"wpb_wrapper\"><p>Der Durchmesser der Kunststoff-Umkehrosmosemembran ist mit 0,10 nm (Nanometer) kleiner als der Durchmesser des H2O-Molek\u00fcls (gemessen zwischen den 2 Wasserstoffatomen), der 0,30 nm (3 \u00c5ngstr\u00f6m) betr\u00e4gt, was folgende Konsequenzen hat:<\/p>\n<ul>\n<li>Verlust der meisten Mineralien (es gibt &lt; 10 mg\/L oder ppm an Mineralien in osmosiertem Wasser gegen\u00fcber +\/- 400 mg\/L in Leitungswasser!), einschlie\u00dflich der Spurenelemente (die vollst\u00e4ndig assimilierbar sind):\n<ul>\n<li>Osmosedes Wasser wird &#8222;minerophag&#8220;: entmineralisiert &#8211; osmosedes Wasser wird, um sich selbst wieder ins Gleichgewicht zu bringen, Mineralien von dort abziehen, wo sie sich in Ihrem K\u00f6rper befinden, wodurch es entmineralisiert wird.<\/li>\n<li>Osmosedes Wasser hat keine Energie mehr (die haupts\u00e4chlich in ionisierten Salzen gespeichert ist, siehe Pr. Kozyrev).<\/li>\n<\/ul>\n<\/li>\n<li>Molekularer Zusammenbruch (Unf\u00e4higkeit, Energie zu speichern und zu transportieren)<\/li>\n<li>Das Wasser verliert sein biologisches Gleichgewicht:\n<ul>\n<li>Die Keimbelastung steigt im Osmosewasser (entsteht im Wasserhahn und in der Wasserversorgung).<\/li>\n<li>Abnahme der Entwicklung von Pflanzenwurzelgewebe (siehe vergleichende Studie zur Keimung von wei\u00dfem Senfsaatgut, die am 19.08.2019 vom Cebedeau-Labor auf Anfrage von Dynamized Technologies durchgef\u00fchrt wurde).<\/li>\n<\/ul>\n<\/li>\n<li>\u00a0Im Inneren des Ger\u00e4ts kommt das Wasser mit dem Kunststoff der Filter und Membranen in Kontakt, was aufgrund des &#8222;Ged\u00e4chtnisses&#8220; des Wassers kontraindiziert ist.<\/li>\n<li>Das Ger\u00e4t arbeitet mit einem Stromkreis, der eine elektromagnetische Verschmutzung des Wassers verursacht.<br \/>\nBei der Umkehrosmose kommt es zu einem erheblichen Wasserverlust durch Sp\u00fclung der Membran (Flushing), d.h. 3 L Wasserverlust f\u00fcr 1 L Osmosewasser.<\/li>\n<li>RO wird von nur 1 Wasserhahn geliefert, ohne dass reines Wasser f\u00fcr den ganzen K\u00f6rper w\u00e4hrend des Badens, Duschens (unser Gewebe absorbiert auch bei dieser Gelegenheit Wasser) zur Verf\u00fcgung steht.<\/li>\n<\/ul>\n<p><strong>Fazit:<\/strong><\/p>\n<p>Aus diesen Gr\u00fcnden haben wir uns nicht f\u00fcr die Umkehrosmose-Filtration entschieden, sondern die Aktivkohle- und Membranfiltration, also den Biofilter, bevorzugt. Die Dynamisierung des Wassers durch den Biodynamizer wird umso effizienter und verst\u00e4rkter sein, als das Wasser seine Mineralien behalten hat und richtig gereinigt wurde.<\/p>\n<\/div><\/div><\/div><\/div><\/div><\/div><\/div><\/section><section class=\"l-section wpb_row height_auto\"><div class=\"l-section-h i-cf\"><div class=\"g-cols vc_row via_flex valign_top type_default stacking_default\"><div class=\"vc_col-sm-12 wpb_column vc_column_container\"><div class=\"vc_column-inner\"><div class=\"wpb_wrapper\"><div class=\"w-separator size_medium\"><\/div><\/div><\/div><\/div><\/div><\/div><\/section><section class=\"l-section wpb_row height_auto\"><div class=\"l-section-h i-cf\"><div class=\"g-cols vc_row via_flex valign_top type_default stacking_default\"><div class=\"vc_col-sm-12 wpb_column vc_column_container\"><div class=\"vc_column-inner\"><div class=\"wpb_wrapper\"><div class=\"wpb_text_column\"><div class=\"wpb_wrapper\"><p>Nachfolgend sehen Sie den Unterschied in der Wurzelentwicklung zwischen Samen, die mit Umkehrosmosewasser Wasser (demineralisiertem) bew\u00e4ssert wurden, und Samen, die mit mineralhaltigem Leitungswasser bew\u00e4ssert wurden.<\/p>\n<\/div><\/div><\/div><\/div><\/div><\/div><\/div><\/section><section class=\"l-section wpb_row height_small\"><div class=\"l-section-h i-cf\"><div class=\"g-cols vc_row via_flex valign_top type_default stacking_default\"><div class=\"vc_col-sm-12 wpb_column vc_column_container\"><div class=\"vc_column-inner\"><div class=\"wpb_wrapper\"><div class=\"w-image align_center\"><div class=\"w-image-h\"><img decoding=\"async\" width=\"981\" height=\"569\" src=\"https:\/\/biodynamizer.com\/wp-content\/uploads\/2021\/03\/graine-osmosee-ALL.png\" class=\"attachment-large size-large\" alt=\"Photos graines germ\u00e9es\" loading=\"lazy\" srcset=\"https:\/\/biodynamizer.com\/wp-content\/uploads\/2021\/03\/graine-osmosee-ALL.png 981w, https:\/\/biodynamizer.com\/wp-content\/uploads\/2021\/03\/graine-osmosee-ALL-300x174.png 300w\" sizes=\"auto, (max-width: 981px) 100vw, 981px\" \/><\/div><\/div><\/div><\/div><\/div><\/div><\/div><\/section>\n","protected":false},"excerpt":{"rendered":"Start\/SeitenWas ist mit Osmose oder demineralisiertem Wasser? Der Durchmesser der Kunststoff-Umkehrosmosemembran ist mit 0,10 nm (Nanometer) kleiner als der Durchmesser des H2O-Molek\u00fcls (gemessen zwischen den 2 Wasserstoffatomen), der 0,30 nm (3 \u00c5ngstr\u00f6m) betr\u00e4gt, was folgende Konsequenzen hat: Verlust der meisten Mineralien (es gibt &lt; 10 mg\/L oder ppm an Mineralien in osmosiertem Wasser gegen\u00fcber +\/-...","protected":false},"author":3,"featured_media":0,"parent":5977,"menu_order":10,"comment_status":"closed","ping_status":"closed","template":"","meta":{"_monsterinsights_skip_tracking":false,"_monsterinsights_sitenote_active":false,"_monsterinsights_sitenote_note":"","_monsterinsights_sitenote_category":0,"footnotes":""},"class_list":["post-6633","page","type-page","status-publish","hentry"],"yoast_head":"<!-- This site is optimized with the Yoast SEO plugin v27.3 - https:\/\/yoast.com\/product\/yoast-seo-wordpress\/ -->\n<title>Osmose-Wasser - Biodynamizer<\/title>\n<meta name=\"description\" content=\"Une eau osmos\u00e9e (principe de l&#039;osmose inverse) est une eau vid\u00e9e de ses min\u00e9raux (moins de 10 mg\/L), d\u00e9structur\u00e9e et sans \u00e9nergie. Au contraire d&#039;une eau dynamis\u00e9e !\" \/>\n<meta name=\"robots\" content=\"index, follow, max-snippet:-1, max-image-preview:large, max-video-preview:-1\" \/>\n<link rel=\"canonical\" href=\"https:\/\/biodynamizer.com\/de\/unsere-loesungen\/der-biodynamizer\/wasser-osmose\/\" \/>\n<meta property=\"og:locale\" content=\"de_DE\" \/>\n<meta property=\"og:type\" content=\"article\" \/>\n<meta property=\"og:title\" content=\"Osmose-Wasser - Biodynamizer\" \/>\n<meta property=\"og:description\" content=\"Une eau osmos\u00e9e (principe de l&#039;osmose inverse) est une eau vid\u00e9e de ses min\u00e9raux (moins de 10 mg\/L), d\u00e9structur\u00e9e et sans \u00e9nergie. Au contraire d&#039;une eau dynamis\u00e9e !\" \/>\n<meta property=\"og:url\" content=\"https:\/\/biodynamizer.com\/de\/unsere-loesungen\/der-biodynamizer\/wasser-osmose\/\" \/>\n<meta property=\"og:site_name\" content=\"Biodynamizer\" \/>\n<meta property=\"article:modified_time\" content=\"2023-04-13T09:55:42+00:00\" \/>\n<meta property=\"og:image\" content=\"https:\/\/biodynamizer.com\/wp-content\/uploads\/2019\/11\/Depositphotos_15742931_xl-2015.jpg\" \/>\n\t<meta property=\"og:image:width\" content=\"2000\" \/>\n\t<meta property=\"og:image:height\" content=\"1333\" \/>\n\t<meta property=\"og:image:type\" content=\"image\/jpeg\" \/>\n<meta name=\"twitter:card\" content=\"summary_large_image\" \/>\n<meta name=\"twitter:label1\" content=\"Gesch\u00e4tzte Lesezeit\" \/>\n\t<meta name=\"twitter:data1\" content=\"2\u00a0Minuten\" \/>\n<script type=\"application\/ld+json\" class=\"yoast-schema-graph\">{\"@context\":\"https:\\\/\\\/schema.org\",\"@graph\":[{\"@type\":\"WebPage\",\"@id\":\"https:\\\/\\\/biodynamizer.com\\\/de\\\/unsere-loesungen\\\/der-biodynamizer\\\/wasser-osmose\\\/\",\"url\":\"https:\\\/\\\/biodynamizer.com\\\/de\\\/unsere-loesungen\\\/der-biodynamizer\\\/wasser-osmose\\\/\",\"name\":\"Osmose-Wasser - Biodynamizer\",\"isPartOf\":{\"@id\":\"https:\\\/\\\/biodynamizer.com\\\/de\\\/#website\"},\"datePublished\":\"2020-01-20T10:17:44+00:00\",\"dateModified\":\"2023-04-13T09:55:42+00:00\",\"description\":\"Une eau osmos\u00e9e (principe de l'osmose inverse) est une eau vid\u00e9e de ses min\u00e9raux (moins de 10 mg\\\/L), d\u00e9structur\u00e9e et sans \u00e9nergie. Au contraire d'une eau dynamis\u00e9e !\",\"breadcrumb\":{\"@id\":\"https:\\\/\\\/biodynamizer.com\\\/de\\\/unsere-loesungen\\\/der-biodynamizer\\\/wasser-osmose\\\/#breadcrumb\"},\"inLanguage\":\"de\",\"potentialAction\":[{\"@type\":\"ReadAction\",\"target\":[\"https:\\\/\\\/biodynamizer.com\\\/de\\\/unsere-loesungen\\\/der-biodynamizer\\\/wasser-osmose\\\/\"]}]},{\"@type\":\"BreadcrumbList\",\"@id\":\"https:\\\/\\\/biodynamizer.com\\\/de\\\/unsere-loesungen\\\/der-biodynamizer\\\/wasser-osmose\\\/#breadcrumb\",\"itemListElement\":[{\"@type\":\"ListItem\",\"position\":1,\"name\":\"Home\",\"item\":\"https:\\\/\\\/biodynamizer.com\\\/de\\\/\"},{\"@type\":\"ListItem\",\"position\":2,\"name\":\"Unsere L\u00f6sungen\",\"item\":\"https:\\\/\\\/biodynamizer.com\\\/de\\\/unsere-loesungen\\\/\"},{\"@type\":\"ListItem\",\"position\":3,\"name\":\"Der Biodynamizer\",\"item\":\"https:\\\/\\\/biodynamizer.com\\\/de\\\/unsere-loesungen\\\/der-biodynamizer\\\/\"},{\"@type\":\"ListItem\",\"position\":4,\"name\":\"Osmose-Wasser\"}]},{\"@type\":\"WebSite\",\"@id\":\"https:\\\/\\\/biodynamizer.com\\\/de\\\/#website\",\"url\":\"https:\\\/\\\/biodynamizer.com\\\/de\\\/\",\"name\":\"Biodynamizer\",\"description\":\"Filtrez et dynamisez votre eau\",\"potentialAction\":[{\"@type\":\"SearchAction\",\"target\":{\"@type\":\"EntryPoint\",\"urlTemplate\":\"https:\\\/\\\/biodynamizer.com\\\/de\\\/?s={search_term_string}\"},\"query-input\":{\"@type\":\"PropertyValueSpecification\",\"valueRequired\":true,\"valueName\":\"search_term_string\"}}],\"inLanguage\":\"de\"}]}<\/script>\n<!-- \/ Yoast SEO plugin. -->","yoast_head_json":{"title":"Osmose-Wasser - Biodynamizer","description":"Une eau osmos\u00e9e (principe de l'osmose inverse) est une eau vid\u00e9e de ses min\u00e9raux (moins de 10 mg\/L), d\u00e9structur\u00e9e et sans \u00e9nergie. Au contraire d'une eau dynamis\u00e9e !","robots":{"index":"index","follow":"follow","max-snippet":"max-snippet:-1","max-image-preview":"max-image-preview:large","max-video-preview":"max-video-preview:-1"},"canonical":"https:\/\/biodynamizer.com\/de\/unsere-loesungen\/der-biodynamizer\/wasser-osmose\/","og_locale":"de_DE","og_type":"article","og_title":"Osmose-Wasser - Biodynamizer","og_description":"Une eau osmos\u00e9e (principe de l'osmose inverse) est une eau vid\u00e9e de ses min\u00e9raux (moins de 10 mg\/L), d\u00e9structur\u00e9e et sans \u00e9nergie. Au contraire d'une eau dynamis\u00e9e !","og_url":"https:\/\/biodynamizer.com\/de\/unsere-loesungen\/der-biodynamizer\/wasser-osmose\/","og_site_name":"Biodynamizer","article_modified_time":"2023-04-13T09:55:42+00:00","og_image":[{"width":2000,"height":1333,"url":"https:\/\/biodynamizer.com\/wp-content\/uploads\/2019\/11\/Depositphotos_15742931_xl-2015.jpg","type":"image\/jpeg"}],"twitter_card":"summary_large_image","twitter_misc":{"Gesch\u00e4tzte Lesezeit":"2\u00a0Minuten"},"schema":{"@context":"https:\/\/schema.org","@graph":[{"@type":"WebPage","@id":"https:\/\/biodynamizer.com\/de\/unsere-loesungen\/der-biodynamizer\/wasser-osmose\/","url":"https:\/\/biodynamizer.com\/de\/unsere-loesungen\/der-biodynamizer\/wasser-osmose\/","name":"Osmose-Wasser - Biodynamizer","isPartOf":{"@id":"https:\/\/biodynamizer.com\/de\/#website"},"datePublished":"2020-01-20T10:17:44+00:00","dateModified":"2023-04-13T09:55:42+00:00","description":"Une eau osmos\u00e9e (principe de l'osmose inverse) est une eau vid\u00e9e de ses min\u00e9raux (moins de 10 mg\/L), d\u00e9structur\u00e9e et sans \u00e9nergie. Au contraire d'une eau dynamis\u00e9e !","breadcrumb":{"@id":"https:\/\/biodynamizer.com\/de\/unsere-loesungen\/der-biodynamizer\/wasser-osmose\/#breadcrumb"},"inLanguage":"de","potentialAction":[{"@type":"ReadAction","target":["https:\/\/biodynamizer.com\/de\/unsere-loesungen\/der-biodynamizer\/wasser-osmose\/"]}]},{"@type":"BreadcrumbList","@id":"https:\/\/biodynamizer.com\/de\/unsere-loesungen\/der-biodynamizer\/wasser-osmose\/#breadcrumb","itemListElement":[{"@type":"ListItem","position":1,"name":"Home","item":"https:\/\/biodynamizer.com\/de\/"},{"@type":"ListItem","position":2,"name":"Unsere L\u00f6sungen","item":"https:\/\/biodynamizer.com\/de\/unsere-loesungen\/"},{"@type":"ListItem","position":3,"name":"Der Biodynamizer","item":"https:\/\/biodynamizer.com\/de\/unsere-loesungen\/der-biodynamizer\/"},{"@type":"ListItem","position":4,"name":"Osmose-Wasser"}]},{"@type":"WebSite","@id":"https:\/\/biodynamizer.com\/de\/#website","url":"https:\/\/biodynamizer.com\/de\/","name":"Biodynamizer","description":"Filtrez et dynamisez votre eau","potentialAction":[{"@type":"SearchAction","target":{"@type":"EntryPoint","urlTemplate":"https:\/\/biodynamizer.com\/de\/?s={search_term_string}"},"query-input":{"@type":"PropertyValueSpecification","valueRequired":true,"valueName":"search_term_string"}}],"inLanguage":"de"}]}},"_links":{"self":[{"href":"https:\/\/biodynamizer.com\/de\/wp-json\/wp\/v2\/pages\/6633","targetHints":{"allow":["GET"]}}],"collection":[{"href":"https:\/\/biodynamizer.com\/de\/wp-json\/wp\/v2\/pages"}],"about":[{"href":"https:\/\/biodynamizer.com\/de\/wp-json\/wp\/v2\/types\/page"}],"author":[{"embeddable":true,"href":"https:\/\/biodynamizer.com\/de\/wp-json\/wp\/v2\/users\/3"}],"replies":[{"embeddable":true,"href":"https:\/\/biodynamizer.com\/de\/wp-json\/wp\/v2\/comments?post=6633"}],"version-history":[{"count":6,"href":"https:\/\/biodynamizer.com\/de\/wp-json\/wp\/v2\/pages\/6633\/revisions"}],"predecessor-version":[{"id":18744,"href":"https:\/\/biodynamizer.com\/de\/wp-json\/wp\/v2\/pages\/6633\/revisions\/18744"}],"up":[{"embeddable":true,"href":"https:\/\/biodynamizer.com\/de\/wp-json\/wp\/v2\/pages\/5977"}],"wp:attachment":[{"href":"https:\/\/biodynamizer.com\/de\/wp-json\/wp\/v2\/media?parent=6633"}],"curies":[{"name":"wp","href":"https:\/\/api.w.org\/{rel}","templated":true}]}}