{"id":6653,"date":"2020-01-20T07:48:03","date_gmt":"2020-01-20T07:48:03","guid":{"rendered":"https:\/\/biodynamizer.spleen-creation.be\/nos-solutions\/le-biodynamizer\/lenergetisation\/"},"modified":"2022-11-03T11:12:27","modified_gmt":"2022-11-03T11:12:27","slug":"energetisierung","status":"publish","type":"page","link":"https:\/\/biodynamizer.com\/de\/unsere-loesungen\/der-biodynamizer\/energetisierung\/","title":{"rendered":"Energetisierung"},"content":{"rendered":"<section class=\"l-section wpb_row us_custom_916fdabd height_small\"><div class=\"l-section-h i-cf\"><div class=\"g-cols vc_row via_flex valign_top type_default stacking_default\"><div class=\"vc_col-sm-12 wpb_column vc_column_container\"><div class=\"vc_column-inner\"><div class=\"wpb_wrapper\"><nav class=\"g-breadcrumbs separator_custom align_none\" itemscope itemtype=\"http:\/\/schema.org\/BreadcrumbList\"><div class=\"g-breadcrumbs-item\" itemscope itemprop=\"itemListElement\" itemtype=\"http:\/\/schema.org\/ListItem\"><a itemprop=\"item\" href=\"https:\/\/biodynamizer.com\/de\/\"><span itemprop=\"name\">Start<\/span><\/a><meta itemprop=\"position\" content=\"1\"\/><\/div><div class=\"g-breadcrumbs-separator\">\/<\/div><div class=\"g-breadcrumbs-item\">Seiten<\/div><\/nav><\/div><\/div><\/div><\/div><\/div><\/section><section class=\"l-section wpb_row fullheader height_huge with_img\"><div class=\"l-section-img\" role=\"img\" aria-label=\"structure de l&#039;eau\" data-img-width=\"989\" data-img-height=\"556\" style=\"background-image: url(https:\/\/biodynamizer.com\/wp-content\/uploads\/2020\/01\/energisation.png);background-repeat: no-repeat;\"><\/div><div class=\"l-section-h i-cf\"><div class=\"g-cols vc_row via_flex valign_top type_default stacking_default\"><div class=\"vc_col-sm-12 wpb_column vc_column_container has_text_color\"><div class=\"vc_column-inner us_custom_6df4bc3a\"><div class=\"wpb_wrapper\"><div class=\"wpb_text_column\"><div class=\"wpb_wrapper\"><h3 data-ccp-props=\"{&quot;335551550&quot;:1,&quot;335551620&quot;:1,&quot;335559683&quot;:0,&quot;335559685&quot;:0,&quot;335559731&quot;:0,&quot;335559737&quot;:0,&quot;335562764&quot;:2,&quot;335562765&quot;:1,&quot;335562766&quot;:4,&quot;335562767&quot;:0,&quot;335562768&quot;:4,&quot;335562769&quot;:0}\">Energetisierung Wasser-Informationen<\/h3>\n<\/div><\/div><\/div><\/div><\/div><\/div><\/div><\/section><section class=\"l-section wpb_row nomobile height_small\"><div class=\"l-section-h i-cf\"><div class=\"g-cols vc_row via_flex valign_top type_default stacking_default\"><div class=\"vc_col-sm-12 wpb_column vc_column_container\"><div class=\"vc_column-inner\"><div class=\"wpb_wrapper\"><\/div><\/div><\/div><\/div><\/div><\/section><section class=\"l-section wpb_row height_auto width_full\"><div class=\"l-section-h i-cf\"><div class=\"g-cols vc_row via_flex valign_bottom type_default stacking_default\"><div class=\"vc_col-sm-4 wpb_column vc_column_container imagesideblock has_text_color has_bg_color\"><div class=\"vc_column-inner us_custom_2e6d6971\"><div class=\"wpb_wrapper\"><\/div><\/div><\/div><div class=\"vc_col-sm-8 wpb_column vc_column_container tekstsideblock\"><div class=\"vc_column-inner\"><div class=\"wpb_wrapper\"><div class=\"wpb_text_column\"><div class=\"wpb_wrapper\"><h2><b>Dynamisiertes Wasser ist voller Energie<\/b><\/h2>\n<\/div><\/div><div class=\"wpb_text_column\"><div class=\"wpb_wrapper\"><ul>\n<li>Biodynamisiertes Wasser ist energiegef\u00fclltes Wasser (in photonischer Hinsicht, siehe hierzu die <a href=\"https:\/\/biodynamizer.com\/de\/wissenschaftliche-analyse\/la-kamera-elektrophotonische-coramp-loesungen\/\"><span style=\"text-decoration: underline;\"><strong>elektrophotonische Analyse<\/strong><\/span><\/a>), genau wie Berg- oder Wasserfallwasser. Diese Energie stammt aus den <span style=\"text-decoration: underline;\"><strong><a href=\"https:\/\/biodynamizer.com\/de\/unsere-loesungen\/der-biodynamizer\/die-bewegungen\/\">Wirbelbewegungen<\/a><\/strong><\/span>, denen sie im Biodynamizer\u00ae folgt, sowie aus den <strong><a href=\"https:\/\/biodynamizer.com\/de\/unsere-loesungen\/der-biodynamizer\/der-magnetismus\/\"><span style=\"text-decoration: underline;\">Magnetfeldern<\/span><\/a><\/strong>, die von den darin enthaltenen Permanentmagneten abgestrahlt werden. Diese Energie beeinflusst die molekulare Struktur des Wassers und ionisiert die Mineralien, die es tr\u00e4gt. All diese Energie wird f\u00fcr die <span style=\"text-decoration: underline;\"><strong><a href=\"https:\/\/biodynamizer.com\/de\/wissenschaftliche-analyse\/bioskop-spektrometer\/\">zellul\u00e4re Kommunikation<\/a><\/strong><\/span> und das metabolische Funktionieren verwendet (<strong><a href=\"https:\/\/biodynamizer.com\/de\/wissenschaftliche-analyse\/la-kamera-elektrophotonische-coramp-loesungen\/\">siehe Studie \u00fcber <span style=\"text-decoration: underline;\">Biophotonen<\/span><\/a><\/strong>)!<\/li>\n<li>Es scheint, dass die Energie von biodynamisiertem Wasser eine <strong><a href=\"https:\/\/biodynamizer.com\/de\/wissenschaftliche-analyse\/elektrophotonik-expertise\/\">gr\u00f6\u00dfere Photodiversit\u00e4t<\/a><\/strong> (in Bezug auf Qualit\u00e4t und Stabilit\u00e4t) aufweist. Wir glauben, dass dadurch biodynamisiertes Wasser besser mit der Energie lebender Organismen vertr\u00e4glich wird.<\/li>\n<li>Wir glauben, dass diese zus\u00e4tzliche Energie das Energiefeld des Menschen st\u00e4rkt, was dazu <strong><a href=\"https:\/\/biodynamizer.com\/de\/wissenschaftliche-analyse\/der-test-mikrotoxo-mikrobiologie-beobachtet-eine-biokompatibilitaet-mikrobiotischer-netze-groesser-als-wasser-dynamisiert\/\"><span style=\"text-decoration: underline;\">beitr\u00e4gt, Bakterien<\/span><\/a><\/strong> und Viren zu bek\u00e4mpfen, die energiearme Umgebungen abbauen. &#8222;Die Mikrobe ist nichts, der Boden ist alles&#8220; Antoine B\u00e9champ<\/li>\n<li>Es scheint, dass die Qualit\u00e4ten der Wasserdynamisierung (Struktur &amp; Energie) bis zu einem Maximum von 80\u00b0C erhalten bleiben und dass sie verschwinden, sobald das Wasser beim Sieden verdampft (bei 100\u00b0C).<\/li>\n<\/ul>\n<\/div><\/div><div class=\"wpb_text_column\"><div class=\"wpb_wrapper\"><h2 data-ccp-props=\"{&quot;335551550&quot;:1,&quot;335551620&quot;:1,&quot;335559683&quot;:0,&quot;335559685&quot;:0,&quot;335559731&quot;:0,&quot;335559737&quot;:0,&quot;335562764&quot;:2,&quot;335562765&quot;:1,&quot;335562766&quot;:4,&quot;335562767&quot;:0,&quot;335562768&quot;:4,&quot;335562769&quot;:0}\">Lesen Sie mehr:<\/h2>\n<p data-ccp-props=\"{&quot;335551550&quot;:1,&quot;335551620&quot;:1,&quot;335559683&quot;:0,&quot;335559685&quot;:0,&quot;335559731&quot;:0,&quot;335559737&quot;:0,&quot;335562764&quot;:2,&quot;335562765&quot;:1,&quot;335562766&quot;:4,&quot;335562767&quot;:0,&quot;335562768&quot;:4,&quot;335562769&quot;:0}\"><a href=\"https:\/\/biodynamizer.com\/de\/wasser\/energie\/elektromagnetische-energie-solar-licht-beleuchtung-schall-wasser-energie\/\"><span style=\"text-decoration: underline;\">Elektromagnetische Energie im Biodynamizer<\/span><\/a><br \/>\n<a href=\"https:\/\/biodynamizer.com\/de\/unsere-loesungen\/der-biodynamizer\/der-magnetismus\/\"><span style=\"text-decoration: underline;\">Magnetische Energie im Biodynamizer<\/span><\/a><br \/>\n<a href=\"https:\/\/biodynamizer.com\/de\/unsere-loesungen\/der-biodynamizer\/die-frequenzen\/\"><span style=\"text-decoration: underline;\">Die Eigenfrequenzen im Biodynamizer<\/span><\/a><br \/>\n<span style=\"text-decoration: underline;\"><a href=\"https:\/\/biodynamizer.com\/de\/unsere-loesungen\/der-biodynamizer\/die-frequenzen\/\">Die Dynamisierungsfrequenzen von Kupfer, Gold &amp; Silber im Biodynamizer<\/a><\/span><br \/>\n<a href=\"https:\/\/biodynamizer.com\/de\/zusatzinformationen\/zusaetzliche-informationen-die-goldene-zahl-im-biodynamizer\/\"><span style=\"text-decoration: underline;\">Der Goldene zahl im Biodynamizer<\/span><\/a><br \/>\n<a href=\"https:\/\/biodynamizer.com\/de\/wasser\/energie\/skalarwellen-eine-energie-was-ist-aus-der-welt\/\"><span style=\"text-decoration: underline;\">Skalar-Wellen, eine Energie, die aus dem Universum kommt<\/span><\/a><br \/>\n<span style=\"text-decoration: underline;\"><a href=\"https:\/\/biodynamizer.com\/de\/wasser\/energie\/mensch-ist-alles-bewusst-schwingung\/\">Der Mensch ist vor allem eine bewusste Schwingung !<\/a><\/span><a href=\"\/information-additionnelle\/lhumain-est-avant-tout-une-vibration-consciente\/\">\u200b<\/a><\/p>\n<\/div><\/div><\/div><\/div><\/div><\/div><\/div><\/section><section class=\"l-section wpb_row height_auto width_full\"><div class=\"l-section-h i-cf\"><div class=\"g-cols vc_row via_flex valign_middle type_default reversed stacking_default\"><div class=\"vc_col-sm-8 wpb_column vc_column_container tekstsideblock\"><div class=\"vc_column-inner\"><div class=\"wpb_wrapper\"><div class=\"wpb_text_column\"><div class=\"wpb_wrapper\"><h2><b>Die Schlussfolgerungen zur Energetisierung von dynamisiertem Wasser<\/b><\/h2>\n<\/div><\/div><div class=\"wpb_text_column\"><div class=\"wpb_wrapper\"><p>Wir haben also gesehen, dass das Wasser eine vitale Energie besitzt, die aus den Bewegungen seiner nat\u00fcrlichen Dynamik und der nat\u00fcrlichen Energie der Umwelt, die es umgibt und die Schnittstelle mit den lebenden biologischen Systemen bildet, die in ihm trinken oder baden! Wasser f\u00e4ngt Wasser auf, speichert und \u00fcbertr\u00e4gt:<\/p>\n<ol>\n<li>elektromagnetische Energie von der Sonne (Elektronen-Photonen-Protonen),<\/li>\n<li>magnetische Energie terrestrischen Ursprungs (Magnetfelder) &amp; Gravitation,<\/li>\n<li>Quanten-Vakuum-Energie, die ihre Informationen \u00fcber elektromagnetische Energie tr\u00e4gt. Diese Energie w\u00fcrde in elektrische Energie umgewandelt, die biochemische Reaktionen im menschlichen K\u00f6rper ausl\u00f6sen w\u00fcrde. Diese \u00a0 Energie wird somit zum Funktionieren unseres Zellstoffwechsels beitragen (Aktivierung der zellul\u00e4ren \u00a0 Kommunikation). Wasser ist eine Schnittstelle (Empf\u00e4nger-Sender) zwischen der energetischen Strahlung aus der \u00a0 Natur und der Materie, die das Funktionieren biologischer Prozesse aktiviert. Wasser ist Leben!<\/li>\n<\/ol>\n<p>Der Biodynamisierer\u00ae reproduziert diese Bedingungen, um dem dynamisierten Wasser energetische Eigenschaften zu vermitteln, die mit Wasser vergleichbar sind, das in seiner nat\u00fcrlichen Umgebung sprudelt oder flie\u00dft. Diese Energie wird auf den Energiek\u00f6rper (Aura) \u00fcbertragen. Siehe die <strong><a href=\"https:\/\/biodynamizer.com\/de\/wissenschaftliche-analyse\/la-kamera-elektrophotonische-coramp-loesungen\/\"><span style=\"text-decoration: underline;\">elektrophotonischen Analysen<\/span><\/a><\/strong> zu diesem Thema. Denn jede leitende Fl\u00fcssigkeit (Wasser mit Mineralien = Stadtwasser), die sich in einem Metallrohr (Kupfer), das Magnetfeldern (Permanentmagneten) ausgesetzt ist, in Bewegung (Wirbel) befindet, erzeugt in seinem Inneren elektrische Str\u00f6me mit elektronegativer Ladung, die das Wasser ionisieren (Elektronentransfers, die seine elektrische Ladung ver\u00e4ndern), und zwar proportional zur Geschwindigkeit des Wasserflusses (Amplitude) und zur St\u00e4rke der emittierten Magnetfelder. Diese Energie speist die so genannte <strong><a href=\"https:\/\/biodynamizer.com\/de\/wasser\/\"><span style=\"text-decoration: underline;\">Membranspannung<\/span><\/a><\/strong> der Zellen (Elektronen-Negativladung zwischen &#8211; 50 mV &amp; &#8211; 90 mV), die dazu dient, ihre spannungsabh\u00e4ngigen Ionenkan\u00e4le zu \u00f6ffnen und zu schlie\u00dfen, \u00fcber die N\u00e4hrstoffe in den K\u00f6rper gelangen und Giftm\u00fcll den K\u00f6rper verlassen kann (= Aktivierung des zellul\u00e4ren Austauschs -&gt; Funktionieren des Stoffwechsels).<\/p>\n<\/div><\/div><\/div><\/div><\/div><div class=\"vc_col-sm-4 wpb_column vc_column_container imagesideblock has_text_color\"><div class=\"vc_column-inner us_custom_522c9e9f\"><div class=\"wpb_wrapper\"><div class=\"w-image align_center\"><div class=\"w-image-h\"><img decoding=\"async\" width=\"339\" height=\"509\" src=\"https:\/\/biodynamizer.com\/wp-content\/uploads\/2020\/04\/biodynamizer_information-de-l-eau.jpg\" class=\"attachment-full size-full\" alt=\"\" loading=\"lazy\" srcset=\"https:\/\/biodynamizer.com\/wp-content\/uploads\/2020\/04\/biodynamizer_information-de-l-eau.jpg 339w, https:\/\/biodynamizer.com\/wp-content\/uploads\/2020\/04\/biodynamizer_information-de-l-eau-200x300.jpg 200w\" sizes=\"auto, (max-width: 339px) 100vw, 339px\" \/><\/div><\/div><\/div><\/div><\/div><\/div><\/div><\/section>\n","protected":false},"excerpt":{"rendered":"Start\/Seiten Energetisierung Wasser-Informationen Dynamisiertes Wasser ist voller Energie Biodynamisiertes Wasser ist energiegef\u00fclltes Wasser (in photonischer Hinsicht, siehe hierzu die elektrophotonische Analyse), genau wie Berg- oder Wasserfallwasser. Diese Energie stammt aus den Wirbelbewegungen, denen sie im Biodynamizer\u00ae folgt, sowie aus den Magnetfeldern, die von den darin enthaltenen Permanentmagneten abgestrahlt werden. Diese Energie beeinflusst die molekulare Struktur...","protected":false},"author":3,"featured_media":0,"parent":5977,"menu_order":7,"comment_status":"closed","ping_status":"closed","template":"","meta":{"_monsterinsights_skip_tracking":false,"_monsterinsights_sitenote_active":false,"_monsterinsights_sitenote_note":"","_monsterinsights_sitenote_category":0,"footnotes":""},"class_list":["post-6653","page","type-page","status-publish","hentry"],"yoast_head":"<!-- This site is optimized with the Yoast SEO plugin v27.3 - https:\/\/yoast.com\/product\/yoast-seo-wordpress\/ -->\n<title>Energetisierung - Biodynamizer<\/title>\n<meta name=\"description\" content=\"Informer l\u2019eau c\u2019est lui transmettre une \u00e9nergie vibrante sous forme de fr\u00e9quences. Cette fr\u00e9quence est un code ou une information.\" \/>\n<meta name=\"robots\" content=\"index, follow, max-snippet:-1, max-image-preview:large, max-video-preview:-1\" \/>\n<link rel=\"canonical\" href=\"https:\/\/biodynamizer.com\/de\/unsere-loesungen\/der-biodynamizer\/energetisierung\/\" \/>\n<meta property=\"og:locale\" content=\"de_DE\" \/>\n<meta property=\"og:type\" content=\"article\" \/>\n<meta property=\"og:title\" content=\"Energetisierung - Biodynamizer\" \/>\n<meta property=\"og:description\" content=\"Informer l\u2019eau c\u2019est lui transmettre une \u00e9nergie vibrante sous forme de fr\u00e9quences. Cette fr\u00e9quence est un code ou une information.\" \/>\n<meta property=\"og:url\" content=\"https:\/\/biodynamizer.com\/de\/unsere-loesungen\/der-biodynamizer\/energetisierung\/\" \/>\n<meta property=\"og:site_name\" content=\"Biodynamizer\" \/>\n<meta property=\"article:modified_time\" content=\"2022-11-03T11:12:27+00:00\" \/>\n<meta property=\"og:image\" content=\"https:\/\/biodynamizer.com\/wp-content\/uploads\/2019\/11\/Depositphotos_15742931_xl-2015.jpg\" \/>\n\t<meta property=\"og:image:width\" content=\"2000\" \/>\n\t<meta property=\"og:image:height\" content=\"1333\" \/>\n\t<meta property=\"og:image:type\" content=\"image\/jpeg\" \/>\n<meta name=\"twitter:card\" content=\"summary_large_image\" \/>\n<meta name=\"twitter:label1\" content=\"Gesch\u00e4tzte Lesezeit\" \/>\n\t<meta name=\"twitter:data1\" content=\"3\u00a0Minuten\" \/>\n<script type=\"application\/ld+json\" class=\"yoast-schema-graph\">{\"@context\":\"https:\\\/\\\/schema.org\",\"@graph\":[{\"@type\":\"WebPage\",\"@id\":\"https:\\\/\\\/biodynamizer.com\\\/de\\\/unsere-loesungen\\\/der-biodynamizer\\\/energetisierung\\\/\",\"url\":\"https:\\\/\\\/biodynamizer.com\\\/de\\\/unsere-loesungen\\\/der-biodynamizer\\\/energetisierung\\\/\",\"name\":\"Energetisierung - Biodynamizer\",\"isPartOf\":{\"@id\":\"https:\\\/\\\/biodynamizer.com\\\/de\\\/#website\"},\"datePublished\":\"2020-01-20T07:48:03+00:00\",\"dateModified\":\"2022-11-03T11:12:27+00:00\",\"description\":\"Informer l\u2019eau c\u2019est lui transmettre une \u00e9nergie vibrante sous forme de fr\u00e9quences. Cette fr\u00e9quence est un code ou une information.\",\"breadcrumb\":{\"@id\":\"https:\\\/\\\/biodynamizer.com\\\/de\\\/unsere-loesungen\\\/der-biodynamizer\\\/energetisierung\\\/#breadcrumb\"},\"inLanguage\":\"de\",\"potentialAction\":[{\"@type\":\"ReadAction\",\"target\":[\"https:\\\/\\\/biodynamizer.com\\\/de\\\/unsere-loesungen\\\/der-biodynamizer\\\/energetisierung\\\/\"]}]},{\"@type\":\"BreadcrumbList\",\"@id\":\"https:\\\/\\\/biodynamizer.com\\\/de\\\/unsere-loesungen\\\/der-biodynamizer\\\/energetisierung\\\/#breadcrumb\",\"itemListElement\":[{\"@type\":\"ListItem\",\"position\":1,\"name\":\"Home\",\"item\":\"https:\\\/\\\/biodynamizer.com\\\/de\\\/\"},{\"@type\":\"ListItem\",\"position\":2,\"name\":\"Unsere L\u00f6sungen\",\"item\":\"https:\\\/\\\/biodynamizer.com\\\/de\\\/unsere-loesungen\\\/\"},{\"@type\":\"ListItem\",\"position\":3,\"name\":\"Der Biodynamizer\",\"item\":\"https:\\\/\\\/biodynamizer.com\\\/de\\\/unsere-loesungen\\\/der-biodynamizer\\\/\"},{\"@type\":\"ListItem\",\"position\":4,\"name\":\"Energetisierung\"}]},{\"@type\":\"WebSite\",\"@id\":\"https:\\\/\\\/biodynamizer.com\\\/de\\\/#website\",\"url\":\"https:\\\/\\\/biodynamizer.com\\\/de\\\/\",\"name\":\"Biodynamizer\",\"description\":\"Filtrez et dynamisez votre eau\",\"potentialAction\":[{\"@type\":\"SearchAction\",\"target\":{\"@type\":\"EntryPoint\",\"urlTemplate\":\"https:\\\/\\\/biodynamizer.com\\\/de\\\/?s={search_term_string}\"},\"query-input\":{\"@type\":\"PropertyValueSpecification\",\"valueRequired\":true,\"valueName\":\"search_term_string\"}}],\"inLanguage\":\"de\"}]}<\/script>\n<!-- \/ Yoast SEO plugin. -->","yoast_head_json":{"title":"Energetisierung - Biodynamizer","description":"Informer l\u2019eau c\u2019est lui transmettre une \u00e9nergie vibrante sous forme de fr\u00e9quences. Cette fr\u00e9quence est un code ou une information.","robots":{"index":"index","follow":"follow","max-snippet":"max-snippet:-1","max-image-preview":"max-image-preview:large","max-video-preview":"max-video-preview:-1"},"canonical":"https:\/\/biodynamizer.com\/de\/unsere-loesungen\/der-biodynamizer\/energetisierung\/","og_locale":"de_DE","og_type":"article","og_title":"Energetisierung - Biodynamizer","og_description":"Informer l\u2019eau c\u2019est lui transmettre une \u00e9nergie vibrante sous forme de fr\u00e9quences. Cette fr\u00e9quence est un code ou une information.","og_url":"https:\/\/biodynamizer.com\/de\/unsere-loesungen\/der-biodynamizer\/energetisierung\/","og_site_name":"Biodynamizer","article_modified_time":"2022-11-03T11:12:27+00:00","og_image":[{"width":2000,"height":1333,"url":"https:\/\/biodynamizer.com\/wp-content\/uploads\/2019\/11\/Depositphotos_15742931_xl-2015.jpg","type":"image\/jpeg"}],"twitter_card":"summary_large_image","twitter_misc":{"Gesch\u00e4tzte Lesezeit":"3\u00a0Minuten"},"schema":{"@context":"https:\/\/schema.org","@graph":[{"@type":"WebPage","@id":"https:\/\/biodynamizer.com\/de\/unsere-loesungen\/der-biodynamizer\/energetisierung\/","url":"https:\/\/biodynamizer.com\/de\/unsere-loesungen\/der-biodynamizer\/energetisierung\/","name":"Energetisierung - Biodynamizer","isPartOf":{"@id":"https:\/\/biodynamizer.com\/de\/#website"},"datePublished":"2020-01-20T07:48:03+00:00","dateModified":"2022-11-03T11:12:27+00:00","description":"Informer l\u2019eau c\u2019est lui transmettre une \u00e9nergie vibrante sous forme de fr\u00e9quences. Cette fr\u00e9quence est un code ou une information.","breadcrumb":{"@id":"https:\/\/biodynamizer.com\/de\/unsere-loesungen\/der-biodynamizer\/energetisierung\/#breadcrumb"},"inLanguage":"de","potentialAction":[{"@type":"ReadAction","target":["https:\/\/biodynamizer.com\/de\/unsere-loesungen\/der-biodynamizer\/energetisierung\/"]}]},{"@type":"BreadcrumbList","@id":"https:\/\/biodynamizer.com\/de\/unsere-loesungen\/der-biodynamizer\/energetisierung\/#breadcrumb","itemListElement":[{"@type":"ListItem","position":1,"name":"Home","item":"https:\/\/biodynamizer.com\/de\/"},{"@type":"ListItem","position":2,"name":"Unsere L\u00f6sungen","item":"https:\/\/biodynamizer.com\/de\/unsere-loesungen\/"},{"@type":"ListItem","position":3,"name":"Der Biodynamizer","item":"https:\/\/biodynamizer.com\/de\/unsere-loesungen\/der-biodynamizer\/"},{"@type":"ListItem","position":4,"name":"Energetisierung"}]},{"@type":"WebSite","@id":"https:\/\/biodynamizer.com\/de\/#website","url":"https:\/\/biodynamizer.com\/de\/","name":"Biodynamizer","description":"Filtrez et dynamisez votre eau","potentialAction":[{"@type":"SearchAction","target":{"@type":"EntryPoint","urlTemplate":"https:\/\/biodynamizer.com\/de\/?s={search_term_string}"},"query-input":{"@type":"PropertyValueSpecification","valueRequired":true,"valueName":"search_term_string"}}],"inLanguage":"de"}]}},"_links":{"self":[{"href":"https:\/\/biodynamizer.com\/de\/wp-json\/wp\/v2\/pages\/6653","targetHints":{"allow":["GET"]}}],"collection":[{"href":"https:\/\/biodynamizer.com\/de\/wp-json\/wp\/v2\/pages"}],"about":[{"href":"https:\/\/biodynamizer.com\/de\/wp-json\/wp\/v2\/types\/page"}],"author":[{"embeddable":true,"href":"https:\/\/biodynamizer.com\/de\/wp-json\/wp\/v2\/users\/3"}],"replies":[{"embeddable":true,"href":"https:\/\/biodynamizer.com\/de\/wp-json\/wp\/v2\/comments?post=6653"}],"version-history":[{"count":8,"href":"https:\/\/biodynamizer.com\/de\/wp-json\/wp\/v2\/pages\/6653\/revisions"}],"predecessor-version":[{"id":17361,"href":"https:\/\/biodynamizer.com\/de\/wp-json\/wp\/v2\/pages\/6653\/revisions\/17361"}],"up":[{"embeddable":true,"href":"https:\/\/biodynamizer.com\/de\/wp-json\/wp\/v2\/pages\/5977"}],"wp:attachment":[{"href":"https:\/\/biodynamizer.com\/de\/wp-json\/wp\/v2\/media?parent=6653"}],"curies":[{"name":"wp","href":"https:\/\/api.w.org\/{rel}","templated":true}]}}