{"id":6657,"date":"2020-01-16T14:50:49","date_gmt":"2020-01-16T14:50:49","guid":{"rendered":"https:\/\/biodynamizer.spleen-creation.be\/nos-solutions\/le-biodynamizer\/la-restructuration\/"},"modified":"2025-12-01T10:24:14","modified_gmt":"2025-12-01T10:24:14","slug":"die-restrukturierung","status":"publish","type":"page","link":"https:\/\/biodynamizer.com\/de\/unsere-loesungen\/der-biodynamizer\/die-restrukturierung\/","title":{"rendered":"Umstrukturierung"},"content":{"rendered":"<section class=\"l-section wpb_row us_custom_916fdabd height_small\"><div class=\"l-section-h i-cf\"><div class=\"g-cols vc_row via_flex valign_top type_default stacking_default\"><div class=\"vc_col-sm-12 wpb_column vc_column_container\"><div class=\"vc_column-inner\"><div class=\"wpb_wrapper\"><nav class=\"g-breadcrumbs separator_custom align_none\" itemscope itemtype=\"http:\/\/schema.org\/BreadcrumbList\"><div class=\"g-breadcrumbs-item\" itemscope itemprop=\"itemListElement\" itemtype=\"http:\/\/schema.org\/ListItem\"><a itemprop=\"item\" href=\"https:\/\/biodynamizer.com\/de\/\"><span itemprop=\"name\">Start<\/span><\/a><meta itemprop=\"position\" content=\"1\"\/><\/div><div class=\"g-breadcrumbs-separator\">\/<\/div><div class=\"g-breadcrumbs-item\">Seiten<\/div><\/nav><\/div><\/div><\/div><\/div><\/div><\/section><section class=\"l-section wpb_row fullheader height_huge with_img\"><div class=\"l-section-img\" role=\"img\" aria-label=\"Bild\" data-img-width=\"2000\" data-img-height=\"1124\" style=\"background-image: url(https:\/\/biodynamizer.com\/wp-content\/uploads\/2020\/01\/Depositphotos_150563222_xl-2015-1.jpg);background-repeat: no-repeat;\"><\/div><div class=\"l-section-h i-cf\"><div class=\"g-cols vc_row via_flex valign_top type_default stacking_default\"><div class=\"vc_col-sm-12 wpb_column vc_column_container has_text_color\"><div class=\"vc_column-inner us_custom_6df4bc3a\"><div class=\"wpb_wrapper\"><div class=\"wpb_text_column\"><div class=\"wpb_wrapper\"><h3 data-ccp-props=\"{&quot;335551550&quot;:1,&quot;335551620&quot;:1,&quot;335559683&quot;:0,&quot;335559685&quot;:0,&quot;335559731&quot;:0,&quot;335559737&quot;:0,&quot;335562764&quot;:2,&quot;335562765&quot;:1,&quot;335562766&quot;:4,&quot;335562767&quot;:0,&quot;335562768&quot;:4,&quot;335562769&quot;:0}\">Umstrukturierung der Wasserwirtschaft<\/h3>\n<\/div><\/div><\/div><\/div><\/div><\/div><\/div><\/section><section class=\"l-section wpb_row height_medium\"><div class=\"l-section-h i-cf\"><div class=\"g-cols vc_row via_flex valign_middle type_default stacking_default\"><div class=\"vc_col-sm-12 wpb_column vc_column_container\"><div class=\"vc_column-inner\"><div class=\"wpb_wrapper\"><div class=\"w-image align_none\"><div class=\"w-image-h\"><img decoding=\"async\" width=\"2560\" height=\"1438\" src=\"https:\/\/biodynamizer.com\/wp-content\/uploads\/2020\/09\/Depositphotos_150563222_xl-2015-scaled.jpg\" class=\"attachment-full size-full\" alt=\"\" loading=\"lazy\" srcset=\"https:\/\/biodynamizer.com\/wp-content\/uploads\/2020\/09\/Depositphotos_150563222_xl-2015-scaled.jpg 2560w, https:\/\/biodynamizer.com\/wp-content\/uploads\/2020\/09\/Depositphotos_150563222_xl-2015-300x169.jpg 300w, https:\/\/biodynamizer.com\/wp-content\/uploads\/2020\/09\/Depositphotos_150563222_xl-2015-1024x575.jpg 1024w, https:\/\/biodynamizer.com\/wp-content\/uploads\/2020\/09\/Depositphotos_150563222_xl-2015-1536x863.jpg 1536w, https:\/\/biodynamizer.com\/wp-content\/uploads\/2020\/09\/Depositphotos_150563222_xl-2015-2048x1151.jpg 2048w\" sizes=\"auto, (max-width: 2560px) 100vw, 2560px\" \/><\/div><\/div><div class=\"wpb_text_column\"><div class=\"wpb_wrapper\"><p style=\"text-align: center;\">Illustration der Struktur von Wasser durch Wasserstoffbr\u00fccken<\/p>\n<\/div><\/div><\/div><\/div><\/div><\/div><\/div><\/section><section class=\"l-section wpb_row us_custom_7704f25f height_large\"><div class=\"l-section-h i-cf\"><div class=\"g-cols vc_row via_flex valign_top type_default stacking_default\"><div class=\"vc_col-sm-12 wpb_column vc_column_container\"><div class=\"vc_column-inner\"><div class=\"wpb_wrapper\"><div class=\"wpb_text_column blauwtekst\"><div class=\"wpb_wrapper\"><h2>Die Struktur des Wasser<\/h2>\n<\/div><\/div><div class=\"wpb_text_column\"><div class=\"wpb_wrapper\"><p>Die Struktur des Wassers setzt sich also aus verschiedenen Formen von ephemeren, aber statistisch dauerhaften Assoziationen zusammen!<\/p>\n<p>Es scheint, dass es sich bei dynamisiertem Wasser um ein Wasser handelt, das sehr oft eine hexagonale Struktur hat, die mit der von nat\u00fcrlichem Wasser vergleichbar ist, das spontan aus seiner Quelle sprudelt<\/p>\n<ul>\n<li>Fl\u00fcssiges Wasser ist durch Wasserstoffbr\u00fcckenbindungen zu einem dreidimensionalen Netzwerk von Mikroclustern aus 2 bis 15 Wassermolek\u00fclen strukturiert, die sich jede Pikosekunde neu organisieren! Die Struktur des Wassers setzt sich also aus verschiedenen Formen von ephemeren, aber statistisch haltbaren Assoziationen zusammen! Diese Wassermikrocluster bilden dynamische polygonale Formen, abh\u00e4ngig von der Energie, die sie durchl\u00e4uft, und ihrer mineralischen Zusammensetzung (= ionisierte Salze, haupts\u00e4chlich Kalzium). Die nat\u00fcrlichste, ges\u00fcndeste und stabilste Form des Wassers ist laut Dr. Mu Shik Jhon die hexagonale Form (6 Molek\u00fcle H2O)!<\/li>\n<li>Diese Mikrocluster aus fl\u00fcssigem Wasser werden \u00fcber Wasserstoffbr\u00fccken (= Makrocluster) Makrostrukturen von +\/- 1.400 Wassermolek\u00fclen erzeugen. Auf dieser Skala w\u00fcrden wir die Phasenkoh\u00e4renzdom\u00e4nen finden, die aus 10 bis 30 Millionen Wassermolek\u00fclen bestehen w\u00fcrden (nach Prof. M. Henry), die mit der gleichen Frequenz (in Synchronizit\u00e4t) schwingen w\u00fcrden und deren &#8222;Information&#8220; sie an unsere DNA &amp; Proteine \u00fcbertragen w\u00fcrden, was eine zellul\u00e4re Kommunikation erm\u00f6glichen und sogar diese universelle Information an unser Bewusstsein weitergeben w\u00fcrde! Wasser ist eine Schnittstelle zwischen Energie und Materie. &#8222;Energie kodiert, Wasser dekodiert, Menschen kodieren&#8220;!<\/li>\n<li>Im festen Zustand (Schnee, Kristalle) k\u00f6nnen nat\u00fcrliche Wassercluster bis zu einigen hundert Wassermolek\u00fcle z\u00e4hlen (-&gt; +\/- 600 H2O-Molek\u00fcle; Quelle Thomas Zeuch am Institut f\u00fcr Physikalische Chemie in G\u00f6ttingen, Deutschland Analyse der Schwingungsspektroskopie), die meistens um einen <span style=\"text-decoration: underline;\">hexagonalen Kern<\/span> herum organisiert sind, der von 6 B\u00e4umen umgeben ist, die in fraktalen Vielfachen (symmetrische und redundante \u00dcberstrukturen), regelm\u00e4\u00dfig und harmonisch strukturiert sind (siehe Studie von <span style=\"text-decoration: underline;\"><a href=\"https:\/\/biodynamizer.com\/de\/wissenschaftliche-analyse\/die-kristalle-des-wassers\/\"><strong>Wasserkristallen<\/strong><\/a><\/span>).<\/li>\n<li>Ihr K\u00f6rperwasser (das 65 % Ihres K\u00f6rpergewichts und 96 % aller Molek\u00fcle in Ihrem K\u00f6rper ausmacht) ist strukturiert (Wasserstoffbr\u00fcckenbindungen mit geordneter Geometrie). Wenn Sie unstrukturiertes Wasser trinken (Flaschenwasser, Leitungswasser, Osmosewasser), muss dieses restrukturiert werden, um mit Ihrem K\u00f6rperwasser kompatibel zu sein. Dies geschieht mithilfe der Stoffwechselenergie Ihres K\u00f6rpers (ATP, produziert von den Mitochondrien). <strong>Biodynamisiertes Wasser, das strukturiert und energetisiert ist, erf\u00fcllt diese Funktion, da es vollst\u00e4ndig mit Ihrem K\u00f6rperwasser kompatibel ist!<\/strong><\/li>\n<\/ul>\n<\/div><\/div><div class=\"w-separator size_medium\"><\/div><div class=\"wpb_text_column\"><div class=\"wpb_wrapper\"><h2>Lesen Sie mehr:<\/h2>\n<\/div><\/div><div class=\"wpb_text_column\"><div class=\"wpb_wrapper\"><p><span style=\"text-decoration: underline;\"><a href=\"https:\/\/biodynamizer.com\/de\/wasser\/zusammensetzung-molekulare-wasser-struktur-chemisch\/\"><b>Molekulare Zusammensetzung von Wasser H2O = chemische Struktur<\/b><\/a><\/span><\/p>\n<p><span style=\"text-decoration: underline;\"><a href=\"https:\/\/biodynamizer.com\/de\/zusatzinformationen\/der-materialaufbau-ist-mehr-wert-als-chemische-zusammensetzung\/\"><b>Die Struktur der Materie ist wichtiger als ihre chemische Zusammensetzung! <\/b><\/a><\/span><\/p>\n<\/div><\/div><\/div><\/div><\/div><\/div><\/div><\/section><section class=\"l-section wpb_row height_auto\"><div class=\"l-section-h i-cf\"><div class=\"g-cols vc_row via_flex valign_top type_default stacking_default\"><div class=\"vc_col-sm-6 wpb_column vc_column_container\"><div class=\"vc_column-inner\"><div class=\"wpb_wrapper\"><div class=\"wpb_text_column\"><div class=\"wpb_wrapper\"><h2>Die Struktur des dynamisiertes Wassers<\/h2>\n<\/div><\/div><div class=\"wpb_text_column\"><div class=\"wpb_wrapper\"><p>Nat\u00fcrliches Wasser ist Wasser, das molekular strukturiert ist. Diese <strong>Umstrukturierung des Wassers<\/strong> ist m\u00f6glich dank der Kombination der Ionisierung des Wassers, die durch den <strong>Magnetismus<\/strong> der Permanentmagnete des Biodynamizers erzeugt wird (in dem Wissen, dass das Wassermolek\u00fcl ein Dipol ist), kombiniert mit den durch seine Formen hervorgerufenen <strong>Wirbelbewegungen<\/strong> des Wassers. Diese molekularen Bindungen entstehen nicht nur zwischen Wassermolek\u00fclen (Wasserstoffbr\u00fcckenbindungen), sondern auch zwischen diesen Wassermolek\u00fclen und anderen Molek\u00fclen (intermolekulare Bindungen, L\u00f6sungsverm\u00f6gen des Wassers). Diese Bindungen stellen die Struktur von Wasser dar, die Cluster bildet (Aggregate) von Molek\u00fclen, die in dynamischen polygonalen Formen strukturiert sind, die sich je nach der durch sie hindurchtretenden Energie unterscheiden Wassermolek\u00fcle organisieren sich alle Pikosekunden selbst! Die Struktur des Wassers besteht daher aus verschiedenen Formen ephemerer Assoziationen, aber statistisch dauerhaft!<\/p>\n<p>Die Strukturierung des Wassers scheint also von der Energie beeinflusst zu werden, der es ausgesetzt ist. Dies findet sich einerseits in den im Wasser vorhandenen ionisierten Salzen (also seinen Mineralien) und andererseits in der es umgebenden Natur (also elektromagnetische, magnetische, Gravitationsenergie etc.) wieder.<\/p>\n<p>Es scheint auch, dass dynamisiertes Wasser Wasser ist, das meistens eine hexagonale Struktur hat (wenn es in Form eines Kristalls beobachtet wird), vergleichbar mit der von nat\u00fcrlichem Wasser, das spontan aus seiner Quelle entspringt. Die hexagonale geometrische Struktur von Wasser scheint die konsistenteste molekulare Form davon zu sein. Diese hexagonale Struktur w\u00fcrde es ihm erm\u00f6glichen, Energiefrequenzen (=Informationen) zu erfassen, zu entschl\u00fcsseln und zu \u00fcbertragen, die durch ihn hindurchgehen (und die aus unserer Umgebung stammen) und die eine Rolle in der zellul\u00e4ren Kommunikation und damit im Leben spielen w\u00fcrden! (siehe hierzu die Werke von Mu Shik Jon, Emilio Del Giudice, Jacques Benveniste, Marc Henry und Luc Montagnier). Die Struktur von Wasser ist ein miteinander verbundenes fl\u00fcssiges Netzwerk, das als Informationstr\u00e4ger und Codeleser dient, das es erm\u00f6glicht, bioelektrische Signale zwischen Zellen zu \u00fcbertragen und zu interpretieren. Die Struktur von Wasser ist ein miteinander verbundenes fl\u00fcssiges Netzwerk, das als Informationstr\u00e4ger und Codeleser dient, das es erm\u00f6glicht, bioelektrische Signale zwischen Zellen zu \u00fcbertragen und zu interpretieren.<\/p>\n<p>Tats\u00e4chlich nehmen Wassermolek\u00fcle aufgrund ihrer Wechselwirkung mit der spiralf\u00f6rmigen Struktur der DNA eine chirale (Spiegel-) Helixstruktur an; Eine Ver\u00e4nderung der molekularen Struktur des Wassers (\u00fcber seine st\u00e4rkeren oder schw\u00e4cheren Wasserstoffbr\u00fccken), die um das DNA-Molek\u00fcl herum vorhanden ist, kann zu Ver\u00e4nderungen in der Struktur und Funktion der DNA f\u00fchren! Quelle: Steven A. Corcelli &#8211; Department of Chemistry and Biochemistry, University of Notre Dame, Notre Dame, Indiana, USA 2017<\/p>\n<p>&#8222;<em>Nichts geht verloren, nichts wird erschaffen, alles wird verwandelt<\/em>&#8220; Antoine Lavoisier<\/p>\n<\/div><\/div><\/div><\/div><\/div><div class=\"vc_col-sm-6 wpb_column vc_column_container\"><div class=\"vc_column-inner\"><div class=\"wpb_wrapper\"><div class=\"w-image align_none\"><div class=\"w-image-h\"><img decoding=\"async\" width=\"1024\" height=\"575\" src=\"https:\/\/biodynamizer.com\/wp-content\/uploads\/2021\/08\/Depositphotos_150692002_xl-2015-1024x575.jpg\" class=\"attachment-large size-large\" alt=\"Illustration 3d d&#039;une mol\u00e9cule d&#039;eau\" loading=\"lazy\" srcset=\"https:\/\/biodynamizer.com\/wp-content\/uploads\/2021\/08\/Depositphotos_150692002_xl-2015-1024x575.jpg 1024w, https:\/\/biodynamizer.com\/wp-content\/uploads\/2021\/08\/Depositphotos_150692002_xl-2015-300x169.jpg 300w\" sizes=\"auto, (max-width: 1024px) 100vw, 1024px\" \/><\/div><\/div><div class=\"w-separator size_medium\"><\/div><div class=\"w-image align_none\"><div class=\"w-image-h\"><img decoding=\"async\" width=\"300\" height=\"269\" src=\"https:\/\/biodynamizer.com\/wp-content\/uploads\/2021\/08\/22-UTTIGEN-Biodynamized-rognee-300x269.jpg\" class=\"attachment-medium size-medium\" alt=\"crystal d&#039;eau biodynamis\u00e9e\" loading=\"lazy\" srcset=\"https:\/\/biodynamizer.com\/wp-content\/uploads\/2021\/08\/22-UTTIGEN-Biodynamized-rognee-300x269.jpg 300w, https:\/\/biodynamizer.com\/wp-content\/uploads\/2021\/08\/22-UTTIGEN-Biodynamized-rognee-1024x917.jpg 1024w, https:\/\/biodynamizer.com\/wp-content\/uploads\/2021\/08\/22-UTTIGEN-Biodynamized-rognee.jpg 1548w\" sizes=\"auto, (max-width: 300px) 100vw, 300px\" \/><\/div><\/div><div class=\"w-separator size_medium\"><\/div><div class=\"w-image align_none\"><div class=\"w-image-h\"><img decoding=\"async\" width=\"199\" height=\"300\" src=\"https:\/\/biodynamizer.com\/wp-content\/uploads\/2021\/08\/ADN-molecules-eau-199x300.jpg\" class=\"attachment-medium size-medium\" alt=\"ADN mol\u00e9cules eau\" loading=\"lazy\" srcset=\"https:\/\/biodynamizer.com\/wp-content\/uploads\/2021\/08\/ADN-molecules-eau-199x300.jpg 199w, https:\/\/biodynamizer.com\/wp-content\/uploads\/2021\/08\/ADN-molecules-eau-678x1024.jpg 678w, https:\/\/biodynamizer.com\/wp-content\/uploads\/2021\/08\/ADN-molecules-eau-scaled.jpg 1694w\" sizes=\"auto, (max-width: 199px) 100vw, 199px\" \/><\/div><\/div><\/div><\/div><\/div><\/div><\/div><\/section><section class=\"l-section wpb_row height_medium\"><div class=\"l-section-h i-cf\"><div class=\"g-cols vc_row via_flex valign_top type_default stacking_default\"><div class=\"vc_col-sm-12 wpb_column vc_column_container\"><div class=\"vc_column-inner\"><div class=\"wpb_wrapper\"><div class=\"wpb_text_column\"><div class=\"wpb_wrapper\"><h2><b>Wasser-Umstrukturierung beinhaltet <a href=\"https:\/\/biodynamizer.com\/de\/unsere-loesungen\/der-biodynamizer\/die-bewegungen\/\"><span style=\"text-decoration: underline;\">BEWEGUNGEN<\/span><\/a> und <a href=\"https:\/\/biodynamizer.com\/de\/unsere-loesungen\/der-biodynamizer\/der-magnetismus\/\"><span style=\"text-decoration: underline;\">MAGNETISMUS<\/span><\/a><\/b><\/h2>\n<\/div><\/div><div class=\"wpb_text_column\"><div class=\"wpb_wrapper\"><p>Zwischen der kinetischen Energie einer Wirbelstr\u00f6mung (= Wirbel) und dem von Permanentmagneten abgestrahlten Magnetfeld besteht eine starke energetische Wechselwirkung (= gegenseitige und verst\u00e4rkte Energie\u00fcbertragung); die Wirbellinien sind hydrodynamische Kraftlinien. Das elektromagnetische Kraftpotential wird proportional zum Potential der Wirbelgeschwindigkeiten und der Leistung der Permanentmagnete sein! Die Kombination dieser 2 Kr\u00e4fte wird das Wasser umstrukturieren.<\/p>\n<p>Diese Umstrukturierung kommt von den <span style=\"text-decoration: underline;\"><a href=\"https:\/\/biodynamizer.com\/de\/unsere-loesungen\/der-biodynamizer\/die-bewegungen\/\"><strong>Bewegungen<\/strong><\/a><\/span> und dem <span style=\"text-decoration: underline;\"><strong><a href=\"https:\/\/biodynamizer.com\/de\/unsere-loesungen\/der-biodynamizer\/der-magnetismus\/\">Magnetismus<\/a><\/strong><\/span>, die durch den biodynamizer\u00ae erzeugt werden.<\/p>\n<p>Diese molekulare Struktur des Wassers ist eine Schnittstelle, ein &#8222;Informationsleser&#8220; und ein &#8222;<a href=\"https:\/\/biodynamizer.com\/de\/wasser\/energie\/mensch-ist-alles-bewusst-schwingung\/\">\u00dcbertr\u00e4ger&#8220; der nat\u00fcrlichen Energie<\/a> (einschlie\u00dflich Quanten-Vakuum-Energie), die uns umgibt.<\/p>\n<\/div><\/div><div class=\"g-cols wpb_row via_flex valign_top type_default stacking_default\"><div class=\"vc_col-sm-2 wpb_column vc_column_container\"><div class=\"vc_column-inner\"><div class=\"wpb_wrapper\"><\/div><\/div><\/div><div class=\"vc_col-sm-8 wpb_column vc_column_container\"><div class=\"vc_column-inner\"><div class=\"wpb_wrapper\"><div class=\"w-image align_center\"><div class=\"w-image-h\"><img decoding=\"async\" width=\"685\" height=\"1024\" src=\"https:\/\/biodynamizer.com\/wp-content\/uploads\/2022\/10\/Magnetisme-magnetism-Biodynamizer-685x1024.png\" class=\"attachment-large size-large\" alt=\"Magn\u00e9tisme - magnetism - Biodynamizer\" loading=\"lazy\" srcset=\"https:\/\/biodynamizer.com\/wp-content\/uploads\/2022\/10\/Magnetisme-magnetism-Biodynamizer-685x1024.png 685w, https:\/\/biodynamizer.com\/wp-content\/uploads\/2022\/10\/Magnetisme-magnetism-Biodynamizer-201x300.png 201w, https:\/\/biodynamizer.com\/wp-content\/uploads\/2022\/10\/Magnetisme-magnetism-Biodynamizer.png 1210w\" sizes=\"auto, (max-width: 685px) 100vw, 685px\" \/><\/div><\/div><\/div><\/div><\/div><div class=\"vc_col-sm-2 wpb_column vc_column_container\"><div class=\"vc_column-inner\"><div class=\"wpb_wrapper\"><\/div><\/div><\/div><\/div><\/div><\/div><\/div><\/div><\/div><\/section>\n","protected":false},"excerpt":{"rendered":"Start\/SeitenUmstrukturierung der Wasserwirtschaft Illustration der Struktur von Wasser durch Wasserstoffbr\u00fccken Die Struktur des Wasser Die Struktur des Wassers setzt sich also aus verschiedenen Formen von ephemeren, aber statistisch dauerhaften Assoziationen zusammen! Es scheint, dass es sich bei dynamisiertem Wasser um ein Wasser handelt, das sehr oft eine hexagonale Struktur hat, die mit der von nat\u00fcrlichem...","protected":false},"author":3,"featured_media":0,"parent":5977,"menu_order":6,"comment_status":"closed","ping_status":"closed","template":"","meta":{"_monsterinsights_skip_tracking":false,"_monsterinsights_sitenote_active":false,"_monsterinsights_sitenote_note":"","_monsterinsights_sitenote_category":0,"footnotes":""},"class_list":["post-6657","page","type-page","status-publish","hentry"],"yoast_head":"<!-- This site is optimized with the Yoast SEO plugin v27.3 - https:\/\/yoast.com\/product\/yoast-seo-wordpress\/ -->\n<title>Umstrukturierung - Biodynamizer<\/title>\n<meta name=\"description\" content=\"La restructuration mol\u00e9culaire de l\u2019eau implique le mouvement (g\u00e9n\u00e8re de l\u2019\u00e9nergie cin\u00e9tique) et le magn\u00e9tisme (g\u00e9n\u00e8re de l\u2019\u00e9nergie \u00e9lectro-magn\u00e9tique)\" \/>\n<meta name=\"robots\" content=\"index, follow, max-snippet:-1, max-image-preview:large, max-video-preview:-1\" \/>\n<link rel=\"canonical\" href=\"https:\/\/biodynamizer.com\/de\/unsere-loesungen\/der-biodynamizer\/die-restrukturierung\/\" \/>\n<meta property=\"og:locale\" content=\"de_DE\" \/>\n<meta property=\"og:type\" content=\"article\" \/>\n<meta property=\"og:title\" content=\"Umstrukturierung - Biodynamizer\" \/>\n<meta property=\"og:description\" content=\"La restructuration mol\u00e9culaire de l\u2019eau implique le mouvement (g\u00e9n\u00e8re de l\u2019\u00e9nergie cin\u00e9tique) et le magn\u00e9tisme (g\u00e9n\u00e8re de l\u2019\u00e9nergie \u00e9lectro-magn\u00e9tique)\" \/>\n<meta property=\"og:url\" content=\"https:\/\/biodynamizer.com\/de\/unsere-loesungen\/der-biodynamizer\/die-restrukturierung\/\" \/>\n<meta property=\"og:site_name\" content=\"Biodynamizer\" \/>\n<meta property=\"article:modified_time\" content=\"2025-12-01T10:24:14+00:00\" \/>\n<meta property=\"og:image\" content=\"https:\/\/biodynamizer.com\/wp-content\/uploads\/2019\/11\/Depositphotos_15742931_xl-2015.jpg\" \/>\n\t<meta property=\"og:image:width\" content=\"2000\" \/>\n\t<meta property=\"og:image:height\" content=\"1333\" \/>\n\t<meta property=\"og:image:type\" content=\"image\/jpeg\" \/>\n<meta name=\"twitter:card\" content=\"summary_large_image\" \/>\n<meta name=\"twitter:label1\" content=\"Gesch\u00e4tzte Lesezeit\" \/>\n\t<meta name=\"twitter:data1\" content=\"5\u00a0Minuten\" \/>\n<script type=\"application\/ld+json\" class=\"yoast-schema-graph\">{\"@context\":\"https:\\\/\\\/schema.org\",\"@graph\":[{\"@type\":\"WebPage\",\"@id\":\"https:\\\/\\\/biodynamizer.com\\\/de\\\/unsere-loesungen\\\/der-biodynamizer\\\/die-restrukturierung\\\/\",\"url\":\"https:\\\/\\\/biodynamizer.com\\\/de\\\/unsere-loesungen\\\/der-biodynamizer\\\/die-restrukturierung\\\/\",\"name\":\"Umstrukturierung - Biodynamizer\",\"isPartOf\":{\"@id\":\"https:\\\/\\\/biodynamizer.com\\\/de\\\/#website\"},\"datePublished\":\"2020-01-16T14:50:49+00:00\",\"dateModified\":\"2025-12-01T10:24:14+00:00\",\"description\":\"La restructuration mol\u00e9culaire de l\u2019eau implique le mouvement (g\u00e9n\u00e8re de l\u2019\u00e9nergie cin\u00e9tique) et le magn\u00e9tisme (g\u00e9n\u00e8re de l\u2019\u00e9nergie \u00e9lectro-magn\u00e9tique)\",\"breadcrumb\":{\"@id\":\"https:\\\/\\\/biodynamizer.com\\\/de\\\/unsere-loesungen\\\/der-biodynamizer\\\/die-restrukturierung\\\/#breadcrumb\"},\"inLanguage\":\"de\",\"potentialAction\":[{\"@type\":\"ReadAction\",\"target\":[\"https:\\\/\\\/biodynamizer.com\\\/de\\\/unsere-loesungen\\\/der-biodynamizer\\\/die-restrukturierung\\\/\"]}]},{\"@type\":\"BreadcrumbList\",\"@id\":\"https:\\\/\\\/biodynamizer.com\\\/de\\\/unsere-loesungen\\\/der-biodynamizer\\\/die-restrukturierung\\\/#breadcrumb\",\"itemListElement\":[{\"@type\":\"ListItem\",\"position\":1,\"name\":\"Home\",\"item\":\"https:\\\/\\\/biodynamizer.com\\\/de\\\/\"},{\"@type\":\"ListItem\",\"position\":2,\"name\":\"Unsere L\u00f6sungen\",\"item\":\"https:\\\/\\\/biodynamizer.com\\\/de\\\/unsere-loesungen\\\/\"},{\"@type\":\"ListItem\",\"position\":3,\"name\":\"Der Biodynamizer\",\"item\":\"https:\\\/\\\/biodynamizer.com\\\/de\\\/unsere-loesungen\\\/der-biodynamizer\\\/\"},{\"@type\":\"ListItem\",\"position\":4,\"name\":\"Umstrukturierung\"}]},{\"@type\":\"WebSite\",\"@id\":\"https:\\\/\\\/biodynamizer.com\\\/de\\\/#website\",\"url\":\"https:\\\/\\\/biodynamizer.com\\\/de\\\/\",\"name\":\"Biodynamizer\",\"description\":\"Filtrez et dynamisez votre eau\",\"potentialAction\":[{\"@type\":\"SearchAction\",\"target\":{\"@type\":\"EntryPoint\",\"urlTemplate\":\"https:\\\/\\\/biodynamizer.com\\\/de\\\/?s={search_term_string}\"},\"query-input\":{\"@type\":\"PropertyValueSpecification\",\"valueRequired\":true,\"valueName\":\"search_term_string\"}}],\"inLanguage\":\"de\"}]}<\/script>\n<!-- \/ Yoast SEO plugin. -->","yoast_head_json":{"title":"Umstrukturierung - Biodynamizer","description":"La restructuration mol\u00e9culaire de l\u2019eau implique le mouvement (g\u00e9n\u00e8re de l\u2019\u00e9nergie cin\u00e9tique) et le magn\u00e9tisme (g\u00e9n\u00e8re de l\u2019\u00e9nergie \u00e9lectro-magn\u00e9tique)","robots":{"index":"index","follow":"follow","max-snippet":"max-snippet:-1","max-image-preview":"max-image-preview:large","max-video-preview":"max-video-preview:-1"},"canonical":"https:\/\/biodynamizer.com\/de\/unsere-loesungen\/der-biodynamizer\/die-restrukturierung\/","og_locale":"de_DE","og_type":"article","og_title":"Umstrukturierung - Biodynamizer","og_description":"La restructuration mol\u00e9culaire de l\u2019eau implique le mouvement (g\u00e9n\u00e8re de l\u2019\u00e9nergie cin\u00e9tique) et le magn\u00e9tisme (g\u00e9n\u00e8re de l\u2019\u00e9nergie \u00e9lectro-magn\u00e9tique)","og_url":"https:\/\/biodynamizer.com\/de\/unsere-loesungen\/der-biodynamizer\/die-restrukturierung\/","og_site_name":"Biodynamizer","article_modified_time":"2025-12-01T10:24:14+00:00","og_image":[{"width":2000,"height":1333,"url":"https:\/\/biodynamizer.com\/wp-content\/uploads\/2019\/11\/Depositphotos_15742931_xl-2015.jpg","type":"image\/jpeg"}],"twitter_card":"summary_large_image","twitter_misc":{"Gesch\u00e4tzte Lesezeit":"5\u00a0Minuten"},"schema":{"@context":"https:\/\/schema.org","@graph":[{"@type":"WebPage","@id":"https:\/\/biodynamizer.com\/de\/unsere-loesungen\/der-biodynamizer\/die-restrukturierung\/","url":"https:\/\/biodynamizer.com\/de\/unsere-loesungen\/der-biodynamizer\/die-restrukturierung\/","name":"Umstrukturierung - Biodynamizer","isPartOf":{"@id":"https:\/\/biodynamizer.com\/de\/#website"},"datePublished":"2020-01-16T14:50:49+00:00","dateModified":"2025-12-01T10:24:14+00:00","description":"La restructuration mol\u00e9culaire de l\u2019eau implique le mouvement (g\u00e9n\u00e8re de l\u2019\u00e9nergie cin\u00e9tique) et le magn\u00e9tisme (g\u00e9n\u00e8re de l\u2019\u00e9nergie \u00e9lectro-magn\u00e9tique)","breadcrumb":{"@id":"https:\/\/biodynamizer.com\/de\/unsere-loesungen\/der-biodynamizer\/die-restrukturierung\/#breadcrumb"},"inLanguage":"de","potentialAction":[{"@type":"ReadAction","target":["https:\/\/biodynamizer.com\/de\/unsere-loesungen\/der-biodynamizer\/die-restrukturierung\/"]}]},{"@type":"BreadcrumbList","@id":"https:\/\/biodynamizer.com\/de\/unsere-loesungen\/der-biodynamizer\/die-restrukturierung\/#breadcrumb","itemListElement":[{"@type":"ListItem","position":1,"name":"Home","item":"https:\/\/biodynamizer.com\/de\/"},{"@type":"ListItem","position":2,"name":"Unsere L\u00f6sungen","item":"https:\/\/biodynamizer.com\/de\/unsere-loesungen\/"},{"@type":"ListItem","position":3,"name":"Der Biodynamizer","item":"https:\/\/biodynamizer.com\/de\/unsere-loesungen\/der-biodynamizer\/"},{"@type":"ListItem","position":4,"name":"Umstrukturierung"}]},{"@type":"WebSite","@id":"https:\/\/biodynamizer.com\/de\/#website","url":"https:\/\/biodynamizer.com\/de\/","name":"Biodynamizer","description":"Filtrez et dynamisez votre eau","potentialAction":[{"@type":"SearchAction","target":{"@type":"EntryPoint","urlTemplate":"https:\/\/biodynamizer.com\/de\/?s={search_term_string}"},"query-input":{"@type":"PropertyValueSpecification","valueRequired":true,"valueName":"search_term_string"}}],"inLanguage":"de"}]}},"_links":{"self":[{"href":"https:\/\/biodynamizer.com\/de\/wp-json\/wp\/v2\/pages\/6657","targetHints":{"allow":["GET"]}}],"collection":[{"href":"https:\/\/biodynamizer.com\/de\/wp-json\/wp\/v2\/pages"}],"about":[{"href":"https:\/\/biodynamizer.com\/de\/wp-json\/wp\/v2\/types\/page"}],"author":[{"embeddable":true,"href":"https:\/\/biodynamizer.com\/de\/wp-json\/wp\/v2\/users\/3"}],"replies":[{"embeddable":true,"href":"https:\/\/biodynamizer.com\/de\/wp-json\/wp\/v2\/comments?post=6657"}],"version-history":[{"count":26,"href":"https:\/\/biodynamizer.com\/de\/wp-json\/wp\/v2\/pages\/6657\/revisions"}],"predecessor-version":[{"id":30234,"href":"https:\/\/biodynamizer.com\/de\/wp-json\/wp\/v2\/pages\/6657\/revisions\/30234"}],"up":[{"embeddable":true,"href":"https:\/\/biodynamizer.com\/de\/wp-json\/wp\/v2\/pages\/5977"}],"wp:attachment":[{"href":"https:\/\/biodynamizer.com\/de\/wp-json\/wp\/v2\/media?parent=6657"}],"curies":[{"name":"wp","href":"https:\/\/api.w.org\/{rel}","templated":true}]}}