{"id":6723,"date":"2020-01-16T08:47:15","date_gmt":"2020-01-16T08:47:15","guid":{"rendered":"https:\/\/biodynamizer.spleen-creation.be\/nos-solutions\/le-biodynamizer\/le-magnetisme\/"},"modified":"2024-05-11T14:00:07","modified_gmt":"2024-05-11T14:00:07","slug":"der-magnetismus","status":"publish","type":"page","link":"https:\/\/biodynamizer.com\/de\/unsere-loesungen\/der-biodynamizer\/der-magnetismus\/","title":{"rendered":"Magnetismus"},"content":{"rendered":"<section class=\"l-section wpb_row us_custom_916fdabd height_small\"><div class=\"l-section-h i-cf\"><div class=\"g-cols vc_row via_flex valign_top type_default stacking_default\"><div class=\"vc_col-sm-12 wpb_column vc_column_container\"><div class=\"vc_column-inner\"><div class=\"wpb_wrapper\"><nav class=\"g-breadcrumbs separator_custom align_none\" itemscope itemtype=\"http:\/\/schema.org\/BreadcrumbList\"><div class=\"g-breadcrumbs-item\" itemscope itemprop=\"itemListElement\" itemtype=\"http:\/\/schema.org\/ListItem\"><a itemprop=\"item\" href=\"https:\/\/biodynamizer.com\/de\/\"><span itemprop=\"name\">Start<\/span><\/a><meta itemprop=\"position\" content=\"1\"\/><\/div><div class=\"g-breadcrumbs-separator\">\/<\/div><div class=\"g-breadcrumbs-item\">Seiten<\/div><\/nav><\/div><\/div><\/div><\/div><\/div><\/section><section class=\"l-section wpb_row fullheader height_huge with_img\"><div class=\"l-section-img\" role=\"img\" aria-label=\"Bild\" data-img-width=\"1029\" data-img-height=\"581\" style=\"background-image: url(https:\/\/biodynamizer.com\/wp-content\/uploads\/2020\/01\/spacewaves.png);background-repeat: no-repeat;\"><\/div><div class=\"l-section-h i-cf\"><div class=\"g-cols vc_row via_flex valign_top type_default stacking_default\"><div class=\"vc_col-sm-12 wpb_column vc_column_container has_text_color\"><div class=\"vc_column-inner us_custom_6df4bc3a\"><div class=\"wpb_wrapper\"><div class=\"wpb_text_column\"><div class=\"wpb_wrapper\"><h3>Magnetismus im Biodynamizer\u00ae<\/h3>\n<\/div><\/div><\/div><\/div><\/div><\/div><\/div><\/section><section class=\"l-section wpb_row height_medium\"><div class=\"l-section-h i-cf\"><div class=\"g-cols vc_row via_flex valign_middle type_default stacking_default\"><div class=\"vc_col-sm-6 wpb_column vc_column_container has_text_color\"><div class=\"vc_column-inner us_custom_4dcae655\"><div class=\"wpb_wrapper\"><div class=\"w-image align_center\"><div class=\"w-image-h\"><img decoding=\"async\" width=\"685\" height=\"1024\" src=\"https:\/\/biodynamizer.com\/wp-content\/uploads\/2022\/10\/Magnetisme-magnetism-Biodynamizer-685x1024.png\" class=\"attachment-large size-large\" alt=\"Magn\u00e9tisme - magnetism - Biodynamizer\" loading=\"lazy\" srcset=\"https:\/\/biodynamizer.com\/wp-content\/uploads\/2022\/10\/Magnetisme-magnetism-Biodynamizer-685x1024.png 685w, https:\/\/biodynamizer.com\/wp-content\/uploads\/2022\/10\/Magnetisme-magnetism-Biodynamizer-201x300.png 201w, https:\/\/biodynamizer.com\/wp-content\/uploads\/2022\/10\/Magnetisme-magnetism-Biodynamizer.png 1210w\" sizes=\"auto, (max-width: 685px) 100vw, 685px\" \/><\/div><\/div><\/div><\/div><\/div><div class=\"vc_col-sm-6 wpb_column vc_column_container\"><div class=\"vc_column-inner\"><div class=\"wpb_wrapper\"><div class=\"wpb_text_column\"><div class=\"wpb_wrapper\"><h1>Magnetismus im Biodynamizer\u00ae: Die Ringmagnete<\/h1>\n<\/div><\/div><div class=\"wpb_text_column\"><div class=\"wpb_wrapper\"><p>Emissionen von Magnetfeldern von <strong>verschiedene\u00a0nat\u00fcrlichen Ringmagneten<\/strong> in Seltenen Erden, von denen einer <strong>vergoldet<\/strong> ist;<\/p>\n<p>Es gibt eine s<strong>ehr starke Wechselwirkung und Energieverst\u00e4rkung zwischen dem toroidalen Magnetfeld und dem s\u00e4ulenf\u00f6rmigen Wasserwirbel<\/strong> im hyperbolischen Trichter!<\/p>\n<\/div><\/div><div class=\"w-btn-wrapper align_none\"><a class=\"w-btn us-btn-style_1\" title=\"Le magn\u00e9tisme dans le Biodynamizer\u00ae va\" href=\"https:\/\/biodynamizer.com\/de\/zusatzinformationen\/der-magnetismus-im-biodynamisator\/\"><span class=\"w-btn-label\">Mehr \u00fcber unsere Studien \u00fcber den Einfluss des Magnetismus auf Wasser<\/span><\/a><\/div><\/div><\/div><\/div><\/div><\/div><\/section><section class=\"l-section wpb_row height_medium\"><div class=\"l-section-h i-cf\"><div class=\"g-cols vc_row via_flex valign_middle type_default stacking_default\"><div class=\"vc_col-sm-6 wpb_column vc_column_container\"><div class=\"vc_column-inner us_custom_192de34e\"><div class=\"wpb_wrapper\"><div class=\"w-image align_center\"><div class=\"w-image-h\"><img decoding=\"async\" width=\"546\" height=\"400\" src=\"https:\/\/biodynamizer.com\/wp-content\/uploads\/2020\/03\/New-Project-11.jpg\" class=\"attachment-large size-large\" alt=\"une carte de la terre montrant l&#039;\u00e9nergie magn\u00e9tique\" loading=\"lazy\" srcset=\"https:\/\/biodynamizer.com\/wp-content\/uploads\/2020\/03\/New-Project-11.jpg 546w, https:\/\/biodynamizer.com\/wp-content\/uploads\/2020\/03\/New-Project-11-300x220.jpg 300w\" sizes=\"auto, (max-width: 546px) 100vw, 546px\" \/><\/div><\/div><div class=\"wpb_text_column\"><div class=\"wpb_wrapper\"><p style=\"text-align: center;\">credit &#8211; ESA\/ATG medialab<\/p>\n<\/div><\/div><\/div><\/div><\/div><div class=\"vc_col-sm-6 wpb_column vc_column_container\"><div class=\"vc_column-inner\"><div class=\"wpb_wrapper\"><div class=\"wpb_text_column\"><div class=\"wpb_wrapper\"><h1>Magnetische Energie, eine nat\u00fcrliche Energie unter unseren F\u00fc\u00dfen, die das Wasser energetisiert.<\/h1>\n<\/div><\/div><div class=\"wpb_text_column\"><div class=\"wpb_wrapper\"><p>Das Magnetfeld der Erde wird durch die Erdrotation (Bewegung gegen den Uhrzeigersinn) erzeugt, die die in 1.500 Metern Tiefe in der Erdkruste befindlichen geschmolzenen Metalle und Gesteine erzeugt, elektrische Str\u00f6me, die von den anorganischen Mineralien aufgenommen werden. Es sind diese Mineralien, die das Wasser w\u00e4hrend seines Kreislaufs mit sich f\u00fchrt. Der Magnetismus der Erde betr\u00e4gt etwa 0,5 Gauss (0,05 mT). Das Magnetfeld steht immer senkrecht zum elektromagnetischen Feld. Magnetismus ist Energie (in Form von Photonen), die vom Wasser in seiner Struktur und \u00fcber die Mineralien, die es tr\u00e4gt, eingefangen wird!<\/p>\n<\/div><\/div><\/div><\/div><\/div><\/div><\/div><\/section><section class=\"l-section wpb_row height_medium\"><div class=\"l-section-h i-cf\"><div class=\"g-cols vc_row via_flex valign_middle type_default stacking_default\"><div class=\"vc_col-sm-12 wpb_column vc_column_container\"><div class=\"vc_column-inner us_custom_192de34e\"><div class=\"wpb_wrapper\"><div class=\"wpb_text_column\"><div class=\"wpb_wrapper\"><h1>Magnetfelder und Wasser<\/h1>\n<\/div><\/div><div class=\"wpb_text_column\"><div class=\"wpb_wrapper\"><ul>\n<li>Magnetfelder flie\u00dfen vom magnetischen Nordpol (geografischer S\u00fcdpol) zum magnetischen S\u00fcdpol<\/li>\n<li>Das magnetische Feld ist mit dem elektrischen Feld eine der 2 Komponenten des elektromagnetischen Feldes (das durch seine Wellenl\u00e4ngen\/Frequenzen und seine Energie = Photonen gekennzeichnet ist)<\/li>\n<li>Die Magnetfelder polarisieren die Wassermolek\u00fcle (und neutralisieren dadurch die im Wasser vorhandene k\u00fcnstliche elektromagnetische Verschmutzung) und \u00fcbertragen Energie auf sie (Bewegungen von Elektronen, die virtuelle Photonen austauschen).<\/li>\n<\/ul>\n<\/div><\/div><div class=\"w-image align_center\"><div class=\"w-image-h\"><img decoding=\"async\" width=\"1024\" height=\"335\" src=\"https:\/\/biodynamizer.com\/wp-content\/uploads\/2024\/05\/Magnetisation-polarisation-molecules-Eau-1024x335.png\" class=\"attachment-large size-large\" alt=\"Magn\u00e9tisation - polarisation mol\u00e9cules Eau\" loading=\"lazy\" srcset=\"https:\/\/biodynamizer.com\/wp-content\/uploads\/2024\/05\/Magnetisation-polarisation-molecules-Eau-1024x335.png 1024w, https:\/\/biodynamizer.com\/wp-content\/uploads\/2024\/05\/Magnetisation-polarisation-molecules-Eau-300x98.png 300w, https:\/\/biodynamizer.com\/wp-content\/uploads\/2024\/05\/Magnetisation-polarisation-molecules-Eau-600x196.png 600w, https:\/\/biodynamizer.com\/wp-content\/uploads\/2024\/05\/Magnetisation-polarisation-molecules-Eau.png 1453w\" sizes=\"auto, (max-width: 1024px) 100vw, 1024px\" \/><\/div><\/div><div class=\"wpb_text_column\"><div class=\"wpb_wrapper\"><p style=\"text-align: center;\">Permanentmagnete restrukturieren Wasserstoffbr\u00fcckenbindungen, indem sie H2O-Dipole polarisieren<\/p>\n<\/div><\/div><div class=\"wpb_text_column\"><div class=\"wpb_wrapper\"><ul>\n<li>In der Tat sieht jede leitf\u00e4hige Fl\u00fcssigkeit (Wasser mit Mineralien = Stadtwasser) in Bewegung (Wirbel) in einem Metallrohr (Kupfer), das Magnetfeldern (Permanentmagneten) ausgesetzt ist, die Geburt von elektrischen Str\u00f6men mit elektronegativer Ladung, die das Wasser ionisieren (\u00dcbertragung von Elektronen, die seine elektrische Ladung \u00e4ndern) und Spannung an den Zellmembranen erzeugen und dies proportional zur Geschwindigkeit des Wasserflusses (Amplitude) und der St\u00e4rke der emittierten Magnetfelder: \u201e<em>wenn eine Fl\u00fcssigkeit mit ausreichender Leitf\u00e4higkeit in Bewegung ist , folgen die magnetischen Kraftlinien den Wasserstr\u00f6mungslinien und das magnetische Feld ist proportional zur Dehnung der Linien und daher wird das magnetische Feld auch st\u00e4rker, wenn die magnetischen Kraftlinien gedehnt werden<\/em>&#8222;; Control over nanocrystalization in turbulent flow in the presence of magnetic fields, S. Kobe 2003.<\/li>\n<li>Die Permanentmagnete des Biodynamizers bestehen aus nat\u00fcrlichen Seltenen Erden (sehr starke Neodym-Magnete). Sie haben eine tetragonale Kristallstruktur, die ihnen eine sehr hohe magnetische Anisotropie verleiht. Dies verleiht ihnen \u00fcberlegene magnetische Eigenschaften (Gradienten) in Richtung der flie\u00dfenden Wasser. Es besteht eine sehr starke Wechselwirkung zwischen der von den Permanentmagneten abgegebenen magnetischen Energie und der kinetischen Energie der Wirbelbewegung, der das Wasser im Biodynamizer folgt (ihre kinetische und magnetische Energie verst\u00e4rken sich gegenseitig.<\/li>\n<li>Zus\u00e4tzlich ist einer der Ringmagnete des Biodynamizers mit 24K Feingold plattiert, um eine spezifische Dynamisierungsfrequenz auf das Wasser zu \u00fcbertragen.<\/li>\n<\/ul>\n<\/div><\/div><\/div><\/div><\/div><\/div><\/div><\/section><section class=\"l-section wpb_row height_auto\"><div class=\"l-section-h i-cf\"><div class=\"g-cols vc_row via_flex valign_top type_default stacking_default\"><div class=\"vc_col-sm-12 wpb_column vc_column_container\"><div class=\"vc_column-inner\"><div class=\"wpb_wrapper\"><\/div><\/div><\/div><\/div><\/div><\/section>\n","protected":false},"excerpt":{"rendered":"Start\/SeitenMagnetismus im Biodynamizer\u00ae Magnetismus im Biodynamizer\u00ae: Die Ringmagnete Emissionen von Magnetfeldern von verschiedene\u00a0nat\u00fcrlichen Ringmagneten in Seltenen Erden, von denen einer vergoldet ist; Es gibt eine sehr starke Wechselwirkung und Energieverst\u00e4rkung zwischen dem toroidalen Magnetfeld und dem s\u00e4ulenf\u00f6rmigen Wasserwirbel im hyperbolischen Trichter! Mehr \u00fcber unsere Studien \u00fcber den Einfluss des Magnetismus auf Wassercredit &#8211; ESA\/ATG medialab...","protected":false},"author":3,"featured_media":0,"parent":5977,"menu_order":3,"comment_status":"closed","ping_status":"closed","template":"","meta":{"_monsterinsights_skip_tracking":false,"_monsterinsights_sitenote_active":false,"_monsterinsights_sitenote_note":"","_monsterinsights_sitenote_category":0,"footnotes":""},"class_list":["post-6723","page","type-page","status-publish","hentry"],"yoast_head":"<!-- This site is optimized with the Yoast SEO plugin v27.3 - https:\/\/yoast.com\/product\/yoast-seo-wordpress\/ -->\n<title>Magnetismus - Biodynamizer<\/title>\n<meta name=\"description\" content=\"Le champ magn\u00e9tique est toujours perpendiculaire au champ \u00e9lectromagn\u00e9tique (et vice versa). Le magn\u00e9tisme c\u2019est de l\u2019\u00e9nergie (sous forme de photons) qui est capt\u00e9e par l\u2019eau dans sa structure et via les min\u00e9raux qu\u2019elle transporte !\" \/>\n<meta name=\"robots\" content=\"index, follow, max-snippet:-1, max-image-preview:large, max-video-preview:-1\" \/>\n<link rel=\"canonical\" href=\"https:\/\/biodynamizer.com\/de\/unsere-loesungen\/der-biodynamizer\/der-magnetismus\/\" \/>\n<meta property=\"og:locale\" content=\"de_DE\" \/>\n<meta property=\"og:type\" content=\"article\" \/>\n<meta property=\"og:title\" content=\"Magnetismus - Biodynamizer\" \/>\n<meta property=\"og:description\" content=\"Le champ magn\u00e9tique est toujours perpendiculaire au champ \u00e9lectromagn\u00e9tique (et vice versa). Le magn\u00e9tisme c\u2019est de l\u2019\u00e9nergie (sous forme de photons) qui est capt\u00e9e par l\u2019eau dans sa structure et via les min\u00e9raux qu\u2019elle transporte !\" \/>\n<meta property=\"og:url\" content=\"https:\/\/biodynamizer.com\/de\/unsere-loesungen\/der-biodynamizer\/der-magnetismus\/\" \/>\n<meta property=\"og:site_name\" content=\"Biodynamizer\" \/>\n<meta property=\"article:modified_time\" content=\"2024-05-11T14:00:07+00:00\" \/>\n<meta property=\"og:image\" content=\"https:\/\/biodynamizer.com\/wp-content\/uploads\/2019\/11\/Depositphotos_15742931_xl-2015.jpg\" \/>\n\t<meta property=\"og:image:width\" content=\"2000\" \/>\n\t<meta property=\"og:image:height\" content=\"1333\" \/>\n\t<meta property=\"og:image:type\" content=\"image\/jpeg\" \/>\n<meta name=\"twitter:card\" content=\"summary_large_image\" \/>\n<meta name=\"twitter:label1\" content=\"Gesch\u00e4tzte Lesezeit\" \/>\n\t<meta name=\"twitter:data1\" content=\"3\u00a0Minuten\" \/>\n<script type=\"application\/ld+json\" class=\"yoast-schema-graph\">{\"@context\":\"https:\\\/\\\/schema.org\",\"@graph\":[{\"@type\":\"WebPage\",\"@id\":\"https:\\\/\\\/biodynamizer.com\\\/de\\\/unsere-loesungen\\\/der-biodynamizer\\\/der-magnetismus\\\/\",\"url\":\"https:\\\/\\\/biodynamizer.com\\\/de\\\/unsere-loesungen\\\/der-biodynamizer\\\/der-magnetismus\\\/\",\"name\":\"Magnetismus - Biodynamizer\",\"isPartOf\":{\"@id\":\"https:\\\/\\\/biodynamizer.com\\\/de\\\/#website\"},\"datePublished\":\"2020-01-16T08:47:15+00:00\",\"dateModified\":\"2024-05-11T14:00:07+00:00\",\"description\":\"Le champ magn\u00e9tique est toujours perpendiculaire au champ \u00e9lectromagn\u00e9tique (et vice versa). Le magn\u00e9tisme c\u2019est de l\u2019\u00e9nergie (sous forme de photons) qui est capt\u00e9e par l\u2019eau dans sa structure et via les min\u00e9raux qu\u2019elle transporte !\",\"breadcrumb\":{\"@id\":\"https:\\\/\\\/biodynamizer.com\\\/de\\\/unsere-loesungen\\\/der-biodynamizer\\\/der-magnetismus\\\/#breadcrumb\"},\"inLanguage\":\"de\",\"potentialAction\":[{\"@type\":\"ReadAction\",\"target\":[\"https:\\\/\\\/biodynamizer.com\\\/de\\\/unsere-loesungen\\\/der-biodynamizer\\\/der-magnetismus\\\/\"]}]},{\"@type\":\"BreadcrumbList\",\"@id\":\"https:\\\/\\\/biodynamizer.com\\\/de\\\/unsere-loesungen\\\/der-biodynamizer\\\/der-magnetismus\\\/#breadcrumb\",\"itemListElement\":[{\"@type\":\"ListItem\",\"position\":1,\"name\":\"Home\",\"item\":\"https:\\\/\\\/biodynamizer.com\\\/de\\\/\"},{\"@type\":\"ListItem\",\"position\":2,\"name\":\"Unsere L\u00f6sungen\",\"item\":\"https:\\\/\\\/biodynamizer.com\\\/de\\\/unsere-loesungen\\\/\"},{\"@type\":\"ListItem\",\"position\":3,\"name\":\"Der Biodynamizer\",\"item\":\"https:\\\/\\\/biodynamizer.com\\\/de\\\/unsere-loesungen\\\/der-biodynamizer\\\/\"},{\"@type\":\"ListItem\",\"position\":4,\"name\":\"Magnetismus\"}]},{\"@type\":\"WebSite\",\"@id\":\"https:\\\/\\\/biodynamizer.com\\\/de\\\/#website\",\"url\":\"https:\\\/\\\/biodynamizer.com\\\/de\\\/\",\"name\":\"Biodynamizer\",\"description\":\"Filtrez et dynamisez votre eau\",\"potentialAction\":[{\"@type\":\"SearchAction\",\"target\":{\"@type\":\"EntryPoint\",\"urlTemplate\":\"https:\\\/\\\/biodynamizer.com\\\/de\\\/?s={search_term_string}\"},\"query-input\":{\"@type\":\"PropertyValueSpecification\",\"valueRequired\":true,\"valueName\":\"search_term_string\"}}],\"inLanguage\":\"de\"}]}<\/script>\n<!-- \/ Yoast SEO plugin. -->","yoast_head_json":{"title":"Magnetismus - Biodynamizer","description":"Le champ magn\u00e9tique est toujours perpendiculaire au champ \u00e9lectromagn\u00e9tique (et vice versa). Le magn\u00e9tisme c\u2019est de l\u2019\u00e9nergie (sous forme de photons) qui est capt\u00e9e par l\u2019eau dans sa structure et via les min\u00e9raux qu\u2019elle transporte !","robots":{"index":"index","follow":"follow","max-snippet":"max-snippet:-1","max-image-preview":"max-image-preview:large","max-video-preview":"max-video-preview:-1"},"canonical":"https:\/\/biodynamizer.com\/de\/unsere-loesungen\/der-biodynamizer\/der-magnetismus\/","og_locale":"de_DE","og_type":"article","og_title":"Magnetismus - Biodynamizer","og_description":"Le champ magn\u00e9tique est toujours perpendiculaire au champ \u00e9lectromagn\u00e9tique (et vice versa). Le magn\u00e9tisme c\u2019est de l\u2019\u00e9nergie (sous forme de photons) qui est capt\u00e9e par l\u2019eau dans sa structure et via les min\u00e9raux qu\u2019elle transporte !","og_url":"https:\/\/biodynamizer.com\/de\/unsere-loesungen\/der-biodynamizer\/der-magnetismus\/","og_site_name":"Biodynamizer","article_modified_time":"2024-05-11T14:00:07+00:00","og_image":[{"width":2000,"height":1333,"url":"https:\/\/biodynamizer.com\/wp-content\/uploads\/2019\/11\/Depositphotos_15742931_xl-2015.jpg","type":"image\/jpeg"}],"twitter_card":"summary_large_image","twitter_misc":{"Gesch\u00e4tzte Lesezeit":"3\u00a0Minuten"},"schema":{"@context":"https:\/\/schema.org","@graph":[{"@type":"WebPage","@id":"https:\/\/biodynamizer.com\/de\/unsere-loesungen\/der-biodynamizer\/der-magnetismus\/","url":"https:\/\/biodynamizer.com\/de\/unsere-loesungen\/der-biodynamizer\/der-magnetismus\/","name":"Magnetismus - Biodynamizer","isPartOf":{"@id":"https:\/\/biodynamizer.com\/de\/#website"},"datePublished":"2020-01-16T08:47:15+00:00","dateModified":"2024-05-11T14:00:07+00:00","description":"Le champ magn\u00e9tique est toujours perpendiculaire au champ \u00e9lectromagn\u00e9tique (et vice versa). Le magn\u00e9tisme c\u2019est de l\u2019\u00e9nergie (sous forme de photons) qui est capt\u00e9e par l\u2019eau dans sa structure et via les min\u00e9raux qu\u2019elle transporte !","breadcrumb":{"@id":"https:\/\/biodynamizer.com\/de\/unsere-loesungen\/der-biodynamizer\/der-magnetismus\/#breadcrumb"},"inLanguage":"de","potentialAction":[{"@type":"ReadAction","target":["https:\/\/biodynamizer.com\/de\/unsere-loesungen\/der-biodynamizer\/der-magnetismus\/"]}]},{"@type":"BreadcrumbList","@id":"https:\/\/biodynamizer.com\/de\/unsere-loesungen\/der-biodynamizer\/der-magnetismus\/#breadcrumb","itemListElement":[{"@type":"ListItem","position":1,"name":"Home","item":"https:\/\/biodynamizer.com\/de\/"},{"@type":"ListItem","position":2,"name":"Unsere L\u00f6sungen","item":"https:\/\/biodynamizer.com\/de\/unsere-loesungen\/"},{"@type":"ListItem","position":3,"name":"Der Biodynamizer","item":"https:\/\/biodynamizer.com\/de\/unsere-loesungen\/der-biodynamizer\/"},{"@type":"ListItem","position":4,"name":"Magnetismus"}]},{"@type":"WebSite","@id":"https:\/\/biodynamizer.com\/de\/#website","url":"https:\/\/biodynamizer.com\/de\/","name":"Biodynamizer","description":"Filtrez et dynamisez votre eau","potentialAction":[{"@type":"SearchAction","target":{"@type":"EntryPoint","urlTemplate":"https:\/\/biodynamizer.com\/de\/?s={search_term_string}"},"query-input":{"@type":"PropertyValueSpecification","valueRequired":true,"valueName":"search_term_string"}}],"inLanguage":"de"}]}},"_links":{"self":[{"href":"https:\/\/biodynamizer.com\/de\/wp-json\/wp\/v2\/pages\/6723","targetHints":{"allow":["GET"]}}],"collection":[{"href":"https:\/\/biodynamizer.com\/de\/wp-json\/wp\/v2\/pages"}],"about":[{"href":"https:\/\/biodynamizer.com\/de\/wp-json\/wp\/v2\/types\/page"}],"author":[{"embeddable":true,"href":"https:\/\/biodynamizer.com\/de\/wp-json\/wp\/v2\/users\/3"}],"replies":[{"embeddable":true,"href":"https:\/\/biodynamizer.com\/de\/wp-json\/wp\/v2\/comments?post=6723"}],"version-history":[{"count":17,"href":"https:\/\/biodynamizer.com\/de\/wp-json\/wp\/v2\/pages\/6723\/revisions"}],"predecessor-version":[{"id":22756,"href":"https:\/\/biodynamizer.com\/de\/wp-json\/wp\/v2\/pages\/6723\/revisions\/22756"}],"up":[{"embeddable":true,"href":"https:\/\/biodynamizer.com\/de\/wp-json\/wp\/v2\/pages\/5977"}],"wp:attachment":[{"href":"https:\/\/biodynamizer.com\/de\/wp-json\/wp\/v2\/media?parent=6723"}],"curies":[{"name":"wp","href":"https:\/\/api.w.org\/{rel}","templated":true}]}}