{"id":6731,"date":"2020-01-14T10:37:18","date_gmt":"2020-01-14T10:37:18","guid":{"rendered":"https:\/\/biodynamizer.spleen-creation.be\/nos-solutions\/le-biofiltre\/"},"modified":"2025-07-11T08:44:53","modified_gmt":"2025-07-11T08:44:53","slug":"der-biofilter","status":"publish","type":"page","link":"https:\/\/biodynamizer.com\/de\/unsere-loesungen\/der-biofilter\/","title":{"rendered":"Der Biofilter"},"content":{"rendered":"<section class=\"l-section wpb_row us_custom_916fdabd height_small\"><div class=\"l-section-h i-cf\"><div class=\"g-cols vc_row via_flex valign_top type_default stacking_default\"><div class=\"vc_col-sm-12 wpb_column vc_column_container\"><div class=\"vc_column-inner\"><div class=\"wpb_wrapper\"><nav class=\"g-breadcrumbs separator_custom align_none\" itemscope itemtype=\"http:\/\/schema.org\/BreadcrumbList\"><div class=\"g-breadcrumbs-item\" itemscope itemprop=\"itemListElement\" itemtype=\"http:\/\/schema.org\/ListItem\"><a itemprop=\"item\" href=\"https:\/\/biodynamizer.com\/de\/\"><span itemprop=\"name\">Start<\/span><\/a><meta itemprop=\"position\" content=\"1\"\/><\/div><div class=\"g-breadcrumbs-separator\">\/<\/div><div class=\"g-breadcrumbs-item\">Seiten<\/div><\/nav><\/div><\/div><\/div><\/div><\/div><\/section><section class=\"l-section wpb_row us_custom_72fc42ef height_auto width_full\"><div class=\"l-section-h i-cf\"><div class=\"g-cols vc_row via_flex valign_top type_default stacking_default\"><div class=\"vc_col-sm-6 wpb_column vc_column_container max500 has_text_color\"><div class=\"vc_column-inner us_custom_4dcae655\"><div class=\"wpb_wrapper\"><div class=\"w-separator size_medium\"><\/div><div class=\"w-separator size_medium\"><\/div><div class=\"w-image align_right\"><div class=\"w-image-h\"><img decoding=\"async\" width=\"1024\" height=\"707\" src=\"https:\/\/biodynamizer.com\/wp-content\/uploads\/2024\/01\/Biofiltre-bleu-verre-deau-1024x707.png\" class=\"attachment-large size-large\" alt=\"Biofiltre bleu + verre d&#039;eau\" loading=\"lazy\" srcset=\"https:\/\/biodynamizer.com\/wp-content\/uploads\/2024\/01\/Biofiltre-bleu-verre-deau-1024x707.png 1024w, https:\/\/biodynamizer.com\/wp-content\/uploads\/2024\/01\/Biofiltre-bleu-verre-deau-300x207.png 300w, https:\/\/biodynamizer.com\/wp-content\/uploads\/2024\/01\/Biofiltre-bleu-verre-deau-579x400.png 579w, https:\/\/biodynamizer.com\/wp-content\/uploads\/2024\/01\/Biofiltre-bleu-verre-deau.png 1874w\" sizes=\"auto, (max-width: 1024px) 100vw, 1024px\" \/><\/div><\/div><\/div><\/div><\/div><div class=\"vc_col-sm-6 wpb_column vc_column_container tekstsideblock\"><div class=\"vc_column-inner\"><div class=\"wpb_wrapper\"><div class=\"wpb_text_column\"><div class=\"wpb_wrapper\"><h1><img loading=\"lazy\" decoding=\"async\" class=\"alignnone wp-image-20966 size-medium\" src=\"https:\/\/biodynamizer.com\/wp-content\/uploads\/2023\/12\/Logo-Biofilter-hor-300x108.png\" alt=\"\" width=\"300\" height=\"108\" srcset=\"https:\/\/biodynamizer.com\/wp-content\/uploads\/2023\/12\/Logo-Biofilter-hor-300x108.png 300w, https:\/\/biodynamizer.com\/wp-content\/uploads\/2023\/12\/Logo-Biofilter-hor-600x216.png 600w, https:\/\/biodynamizer.com\/wp-content\/uploads\/2023\/12\/Logo-Biofilter-hor.png 707w\" sizes=\"auto, (max-width: 300px) 100vw, 300px\" \/><\/h1>\n<\/div><\/div><div class=\"wpb_text_column\"><div class=\"wpb_wrapper\"><p>Bevor das gesamte Stadtwasser in einem Haus <span style=\"text-decoration: underline;\"><strong><a href=\"https:\/\/biodynamizer.com\/de\/unsere-loesungen\/\">dynamisiert<\/a> <\/strong><\/span>wird, ist es wichtig, alle darin enthaltenen <span style=\"text-decoration: underline;\"><strong><a href=\"https:\/\/biodynamizer.com\/de\/wasser\/verschmutzung\/\">Schadstoffe<\/a><\/strong> <\/span>zu entfernen.Diese k\u00f6nnen von Mikroverunreinigungen stammen, die von der Kl\u00e4ranlage oder den Wasserleitungen vor dem einzelnen Wasserz\u00e4hler nicht zur\u00fcckgehalten worden w\u00e4ren (Verunreinigungen durch stehendes Wasser, Undichtigkeiten, Arbeiten usw.). \u2026). Zu diesem Zweck bieten wir eine Filtration mit neuer Technologie unter Verwendung von Aktivkohle an, die in einer Hohlfaser komprimiert ist, die ionisiertes Silber enth\u00e4lt. Dieser Filter ist wahrscheinlich der effizienteste und effektivste auf dem Markt und entfernt die meisten Schadstoffe, die noch im Stadtwasser vorhanden w\u00e4ren (siehe dazu unsere Studie zur <a href=\"https:\/\/biodynamizer.com\/de\/zusatzinformationen\/biofilterwirkung\/\"><span style=\"text-decoration: underline;\"><strong>Wirksamkeit des Biofilters<\/strong><\/span><\/a>).<\/p>\n<\/div><\/div><div class=\"w-btn-wrapper align_none\"><a class=\"w-btn us-btn-style_1\" target=\"_blank\" rel=\"nofollow\" href=\"https:\/\/biodynamizer.com\/wp-content\/uploads\/2024\/10\/Biodynamizer-Flyer-160x160-DE-Client_2-web.pdf\"><span class=\"w-btn-label\">Biofilter-Brosch\u00fcre<\/span><\/a><\/div><div class=\"w-btn-wrapper align_none\"><a class=\"w-btn us-btn-style_1\" target=\"_blank\" rel=\"nofollow\" href=\"https:\/\/shop.biodynamizer.com\/de\/shop\"><span class=\"w-btn-label\">Jetzt bestellen<\/span><\/a><\/div><\/div><\/div><\/div><\/div><\/div><\/section><section class=\"l-section wpb_row height_auto width_full\"><div class=\"l-section-h i-cf\"><div class=\"g-cols vc_row via_flex valign_top type_default reversed stacking_default\"><div class=\"vc_col-sm-6 wpb_column vc_column_container tekstsideblock\"><div class=\"vc_column-inner\"><div class=\"wpb_wrapper\"><div class=\"wpb_text_column\"><div class=\"wpb_wrapper\"><h2>Warum Stadtwasser filtern?<\/h2>\n<\/div><\/div><div class=\"wpb_text_column\"><div class=\"wpb_wrapper\"><p>Bevor das gesamte Stadtwasser in einem Haus<span style=\"text-decoration: underline;\"><a href=\"https:\/\/biodynamizer.com\/de\/unsere-loesungen\/der-biodynamizer\/\"> <b>dynamisiert<\/b><\/a> <\/span>wird, ist es wichtig, alle darin enthaltenen <span style=\"text-decoration: underline;\"><a href=\"https:\/\/biodynamizer.com\/de\/unsere-loesungen\/der-biofilter\/\"><b>Schadstoffe<\/b><\/a><\/span> zu entfernen. Diese k\u00f6nnen von Mikroverunreinigungen stammen, die nicht von der Kl\u00e4ranlage zur\u00fcckgehalten wurden, oder von den Wasserleitungen vor dem einzelnen Wasserz\u00e4hler (Verunreinigungen durch stehendes Wasser, Leckagen, Arbeiten usw.).<\/p>\n<p><b>Aktivkohle-Filtration<\/b>:<\/p>\n<p>Zu diesem Zweck schlagen wir ein Aktivkohlefiltersystem vor, das in einer faser komprimiert ist, die ionisiertes Silber enth\u00e4lt, das die meisten Schadstoffe (gemessen in Mikrogramm \u00b5g\/L) entfernt, die noch im Stadtwasser vorhanden w\u00e4ren (B. Chlor, schlechter Geschmack und Geruch, Korrosion von Rohren, Bakterien, organische Pestizide, die PFAS, Schwermetalle &#8230;). Diese Filtration bewahrt die Spurenelemente (gemessen in \u00b5g\/L) im Wasser, die vom Organismus vollst\u00e4ndig assimiliert werden, sowie die anorganischen Mineralien (gemessen in mg\/L), die teilweise metabolisiert werden und die Rezeptoren der im Wasser vorhandenen Energie sind.<\/p>\n<p>Der Kalkstein wird also nicht wie ein <span style=\"text-decoration: underline;\"><strong><a href=\"https:\/\/biodynamizer.com\/de\/unsere-loesungen\/der-biodynamizer\/der-kalkstein\/\">Weichmacher<\/a><\/strong><\/span> durch den Filter entfernt, sondern durch den Biodynamisierer <strong><a href=\"https:\/\/biodynamizer.com\/de\/unsere-loesungen\/der-biodynamizer\/mineralienentfernung\/\"><span style=\"text-decoration: underline;\">umstrukturiert<\/span><\/a><\/strong>, indem er von Calcit in Aragonit umgewandelt wird, was verhindert, dass er sich in den Sanit\u00e4rleitungen einbettet.<\/p>\n<p>Die Mineralien werden auch nicht wie bei einer <span style=\"text-decoration: underline;\"><strong><a href=\"https:\/\/biodynamizer.com\/de\/unsere-loesungen\/der-biodynamizer\/wasser-osmose\/\">Osmoseanlage<\/a><\/strong><\/span> entfernt, sondern ihre ionische Form wird durch den Biodynamisierer in eine kolloidale Form umgewandelt, wodurch sie leichter \u00fcber den Kot (und teilweise \u00fcber den Urin, ohne die Nieren zu \u00fcberlasten, abgef\u00fchrt werden k\u00f6nnen (siehe <a href=\"https:\/\/biodynamizer.com\/de\/wissenschaftliche-analyse\/analyse-bev-bio-elektronik-von-vinzen-beobachtet-ein-dynamisiertes-wasser-antioxidantien-charakter-analysee\/\"><span style=\"text-decoration: underline;\">BEV<\/span><\/a>-Studie).\u200b<\/p>\n<\/div><\/div><div class=\"w-separator size_medium\"><\/div><\/div><\/div><\/div><div class=\"vc_col-sm-6 wpb_column vc_column_container imagesideblock has_bg_color\"><div class=\"vc_column-inner us_custom_c74c4f48\"><div class=\"wpb_wrapper\"><\/div><\/div><\/div><\/div><\/div><\/section><section class=\"l-section wpb_row us_custom_7704f25f height_medium\"><div class=\"l-section-h i-cf\"><div class=\"g-cols vc_row via_flex valign_top type_default stacking_default\"><div class=\"vc_col-sm-8 wpb_column vc_column_container\"><div class=\"vc_column-inner us_custom_19737bc8\"><div class=\"wpb_wrapper\"><div class=\"wpb_text_column blauwtekst\"><div class=\"wpb_wrapper\"><h2><strong><img loading=\"lazy\" decoding=\"async\" class=\"alignnone wp-image-20971 size-medium\" src=\"https:\/\/biodynamizer.com\/wp-content\/uploads\/2023\/12\/Logo-Biofilter-ver-300x238.png\" alt=\"\" width=\"300\" height=\"238\" srcset=\"https:\/\/biodynamizer.com\/wp-content\/uploads\/2023\/12\/Logo-Biofilter-ver-300x238.png 300w, https:\/\/biodynamizer.com\/wp-content\/uploads\/2023\/12\/Logo-Biofilter-ver-505x400.png 505w, https:\/\/biodynamizer.com\/wp-content\/uploads\/2023\/12\/Logo-Biofilter-ver.png 511w\" sizes=\"auto, (max-width: 300px) 100vw, 300px\" \/><\/strong><\/h2>\n<\/div><\/div><div class=\"wpb_text_column\"><div class=\"wpb_wrapper\"><h2><b>Technisches<\/b> <b>Datenblatt<\/b><\/h2>\n<ul>\n<li><a href=\"https:\/\/biodynamizer.com\/de\/zusatzinformationen\/funktionsweise-des-biofilters-ultrafiltration-selektive-par-adsorption-sauerstoffanreicherung\/\" target=\"_blank\" rel=\"noopener\"><span style=\"text-decoration: underline;\"><strong>Hochleistungs-Dreifachfiltrationstechnologie<\/strong><\/span><\/a><\/li>\n<li>Anschluss nach dem Kaltwasserz\u00e4hler (max 38 \u00b0C)<\/li>\n<li>Geh\u00e4use: Polypropylen mit Glasfaser verst\u00e4rkt (PP GF 10)<\/li>\n<li>Kapazit\u00e4t: 150 m3 und bis zu max. 1 Jahr<\/li>\n<li>Durchflussmenge: 1,5 m3 \/Stunde (oder 25 L\/mn)<\/li>\n<li>Max. Betriebsdruck: 6,5 bar,<\/li>\n<li>Druckverlust 0,1 bar bei Leitungswasserdruck: 1,5 &gt;&lt; 6 bar.Gesetzliche<\/li>\n<li>Gesetzliche Garantie (<strong>2 Jahre<\/strong>)<\/li>\n<li>3\/4 Zoll-Verschraubungen aus wei\u00dfem Messing<\/li>\n<li>Abmessungen :\n<ul>\n<li>H\u00f6he: 606 mm x Durchmesser: 225 mm<\/li>\n<li>Gewicht: Geh\u00e4use: 3,4 kg + Bio Pro-Kartusche: 3,5 kg = 6,9 kg<\/li>\n<\/ul>\n<\/li>\n<li>Bescheinigung \u00fcber die Einhaltung der Gesundheitsvorschriften, ausgestellt vom Labor Carso: Nr. 21 ACC LY 990<\/li>\n<\/ul>\n<\/div><\/div>[vc_raw_html]JTNDYSUyMG5hbWUlM0QlMjJjYXJ0b3VjaGUlMjIlM0UlM0MlMkZhJTNF[\/vc_raw_html]<div class=\"g-cols wpb_row us_custom_72fc42ef via_flex valign_top type_default stacking_default\"><div class=\"vc_col-sm-12 wpb_column vc_column_container\"><div class=\"vc_column-inner\"><div class=\"wpb_wrapper\"><div class=\"w-btn-wrapper align_justify\"><a class=\"w-btn us-btn-style_1\" title=\"Efficacit\u00e9 du Biofiltre Aquaphor\" href=\"https:\/\/biodynamizer.com\/de\/zusatzinformationen\/biofilterwirkung\/\"><span class=\"w-btn-label\">Biofilter-Effizienz<\/span><\/a><\/div><div class=\"w-btn-wrapper align_justify\"><a class=\"w-btn us-btn-style_1\" href=\"https:\/\/biodynamizer.com\/de\/zusatzinformationen\/funktionsweise-des-biofilters-ultrafiltration-selektive-par-adsorption-sauerstoffanreicherung\/\"><span class=\"w-btn-label\">Biofilter-Betrieb<\/span><\/a><\/div><\/div><\/div><\/div><\/div><\/div><\/div><\/div><div class=\"vc_col-sm-4 wpb_column vc_column_container\"><div class=\"vc_column-inner\"><div class=\"wpb_wrapper\"><div class=\"w-separator size_huge\"><\/div><div class=\"w-separator size_huge\"><\/div><div class=\"w-image align_center\"><div class=\"w-image-h\"><img decoding=\"async\" width=\"688\" height=\"1024\" src=\"https:\/\/biodynamizer.com\/wp-content\/uploads\/2024\/01\/Biofiltre-bleu-cartouche-Bio-Pro-transparent-688x1024.png\" class=\"attachment-large size-large\" alt=\"Biofiltre bleu + cartouche Bio Pro transparent\" loading=\"lazy\" srcset=\"https:\/\/biodynamizer.com\/wp-content\/uploads\/2024\/01\/Biofiltre-bleu-cartouche-Bio-Pro-transparent-688x1024.png 688w, https:\/\/biodynamizer.com\/wp-content\/uploads\/2024\/01\/Biofiltre-bleu-cartouche-Bio-Pro-transparent-202x300.png 202w, https:\/\/biodynamizer.com\/wp-content\/uploads\/2024\/01\/Biofiltre-bleu-cartouche-Bio-Pro-transparent-269x400.png 269w, https:\/\/biodynamizer.com\/wp-content\/uploads\/2024\/01\/Biofiltre-bleu-cartouche-Bio-Pro-transparent.png 1195w\" sizes=\"auto, (max-width: 688px) 100vw, 688px\" \/><\/div><\/div><\/div><\/div><\/div><\/div><\/div><\/section><section class=\"l-section wpb_row us_custom_19737bc8 height_medium width_full\"><div class=\"l-section-h i-cf\"><div class=\"g-cols vc_row via_flex valign_middle type_default reversed stacking_default\"><div class=\"vc_col-sm-6 wpb_column vc_column_container tekstsideblock\"><div class=\"vc_column-inner\"><div class=\"wpb_wrapper\"><div class=\"wpb_text_column\"><div class=\"wpb_wrapper\"><h2><b>Wartung des Biofilters: Austausch der Bio Pro Filterpatrone<\/b><\/h2>\n<\/div><\/div><div class=\"wpb_text_column us_custom_19737bc8\"><div class=\"wpb_wrapper\"><p>Der Biofilter enth\u00e4lt eine Bio Pro Filterpatrone mit einer Kapazit\u00e4t von 150 m3 (150.000 Liter) und maximal 1 Jahr. Abh\u00e4ngig von der Anzahl der Verbraucher entspricht dies einem Wasserverbrauch von +\/- 12 Monaten bis 5 Personen (bei einem durchschnittlichen Verbrauch von 30m3\/Jahr\/Person). Es ist wichtig, die Filterpatrone nach Erreichen dieser Parameter zu ersetzen, da sich die Patrone \u00fcber die angegebene Kapazit\u00e4t hinaus verstopfen und an Effizienz verlieren kann, mit der Folge, dass ihre mikrobielle Belastung zu gro\u00df werden kann! Die Patrone kann in 5 Minuten ohne den Eingriff eines Klempners gewechselt werden! Es ist ratsam, das Wasser nach dem Austausch der Patrone 5 Minuten laufen zu lassen! Luft wird durch den offenen Wasserhahn entweichen (das undurchsichtige Aussehen des Wassers ist in Wirklichkeit mit Wasser vermischte Luft). Nach einigen Minuten Wasserfluss verschwindet die Luft in den Rohren und das Wasser ist sofort wieder durchsichtig!<\/p>\n<p>Angesichts der Variablen Verbrauch, Wasserqualit\u00e4t und Sanit\u00e4rinstallation liegt die Verantwortung f\u00fcr die Erneuerung der Kartuschen beim Kunden und nicht bei SA Dynamized Technologies.<\/p>\n<p>Beim Austausch der Patrone ist es auch n\u00fctzlich, die Effizienz der O-Ringe zu \u00fcberpr\u00fcfen, die das Filtergeh\u00e4use abdichten (um die Wasserdichtigkeit des Filters zu gew\u00e4hrleisten).<\/p>\n<p><strong>Bitte beachten Sie die Anweisungen zum Austausch der Biofilter Bio Pro-Kartusche auf der Registerkarte \u201eBibliothek\u201c der Website!<\/strong><\/p>\n<\/div><\/div><\/div><\/div><\/div><div class=\"vc_col-sm-6 wpb_column vc_column_container\"><div class=\"vc_column-inner\"><div class=\"wpb_wrapper\"><div class=\"w-image max500 align_left\"><div class=\"w-image-h\"><img decoding=\"async\" width=\"1000\" height=\"1000\" src=\"https:\/\/biodynamizer.com\/wp-content\/uploads\/2023\/07\/B520_Pro_cut_fr_1000-1.jpg\" class=\"attachment-large size-large\" alt=\"Filtre b520 pro\" loading=\"lazy\" srcset=\"https:\/\/biodynamizer.com\/wp-content\/uploads\/2023\/07\/B520_Pro_cut_fr_1000-1.jpg 1000w, https:\/\/biodynamizer.com\/wp-content\/uploads\/2023\/07\/B520_Pro_cut_fr_1000-1-300x300.jpg 300w, https:\/\/biodynamizer.com\/wp-content\/uploads\/2023\/07\/B520_Pro_cut_fr_1000-1-150x150.jpg 150w, https:\/\/biodynamizer.com\/wp-content\/uploads\/2023\/07\/B520_Pro_cut_fr_1000-1-600x600.jpg 600w, https:\/\/biodynamizer.com\/wp-content\/uploads\/2023\/07\/B520_Pro_cut_fr_1000-1-350x350.jpg 350w, https:\/\/biodynamizer.com\/wp-content\/uploads\/2023\/07\/B520_Pro_cut_fr_1000-1-400x400.jpg 400w, https:\/\/biodynamizer.com\/wp-content\/uploads\/2023\/07\/B520_Pro_cut_fr_1000-1-200x200.jpg 200w\" sizes=\"auto, (max-width: 1000px) 100vw, 1000px\" \/><\/div><\/div><\/div><\/div><\/div><\/div><\/div><\/section><section class=\"l-section wpb_row height_auto\"><div class=\"l-section-h i-cf\"><div class=\"g-cols vc_row via_flex valign_top type_default stacking_default\"><div class=\"vc_col-sm-12 wpb_column vc_column_container tekstsideblock3\"><div class=\"vc_column-inner us_custom_50cc7d67\"><div class=\"wpb_wrapper\"><div class=\"w-btn-wrapper align_center\"><a class=\"w-btn us-btn-style_4 us_custom_8d5aa4e2 buttonicoon\" title=\"Commander\" href=\"https:\/\/biodynamizer.com\/de\/bestellung\/\"><span class=\"w-btn-label\">Bestellen Sie einen Filter oder eine Patrone<\/span><\/a><\/div><\/div><\/div><\/div><\/div><\/div><\/section>\n","protected":false},"excerpt":{"rendered":"Start\/Seiten Bevor das gesamte Stadtwasser in einem Haus dynamisiert wird, ist es wichtig, alle darin enthaltenen Schadstoffe zu entfernen.Diese k\u00f6nnen von Mikroverunreinigungen stammen, die von der Kl\u00e4ranlage oder den Wasserleitungen vor dem einzelnen Wasserz\u00e4hler nicht zur\u00fcckgehalten worden w\u00e4ren (Verunreinigungen durch stehendes Wasser, Undichtigkeiten, Arbeiten usw.). \u2026). Zu diesem Zweck bieten wir eine Filtration mit neuer...","protected":false},"author":3,"featured_media":0,"parent":5961,"menu_order":0,"comment_status":"closed","ping_status":"closed","template":"","meta":{"_monsterinsights_skip_tracking":false,"_monsterinsights_sitenote_active":false,"_monsterinsights_sitenote_note":"","_monsterinsights_sitenote_category":0,"footnotes":""},"class_list":["post-6731","page","type-page","status-publish","hentry"],"yoast_head":"<!-- This site is optimized with the Yoast SEO plugin v27.4 - https:\/\/yoast.com\/product\/yoast-seo-wordpress\/ -->\n<title>Der Biofilter - Biodynamizer<\/title>\n<meta name=\"description\" content=\"Le Biofiltre est un filtre au charbon actif dont la surface d&#039;adsorption permet de retenir la plupart des polluants pr\u00e9sents dans l&#039;&#039;eau du robinet. Il est fondamental de purifier l&#039;eau avant de la dynamiser !\" \/>\n<meta name=\"robots\" content=\"index, follow, max-snippet:-1, max-image-preview:large, max-video-preview:-1\" \/>\n<link rel=\"canonical\" href=\"https:\/\/biodynamizer.com\/de\/unsere-loesungen\/der-biofilter\/\" \/>\n<meta property=\"og:locale\" content=\"de_DE\" \/>\n<meta property=\"og:type\" content=\"article\" \/>\n<meta property=\"og:title\" content=\"Der Biofilter - Biodynamizer\" \/>\n<meta property=\"og:description\" content=\"Le Biofiltre est un filtre au charbon actif dont la surface d&#039;adsorption permet de retenir la plupart des polluants pr\u00e9sents dans l&#039;&#039;eau du robinet. Il est fondamental de purifier l&#039;eau avant de la dynamiser !\" \/>\n<meta property=\"og:url\" content=\"https:\/\/biodynamizer.com\/de\/unsere-loesungen\/der-biofilter\/\" \/>\n<meta property=\"og:site_name\" content=\"Biodynamizer\" \/>\n<meta property=\"article:modified_time\" content=\"2025-07-11T08:44:53+00:00\" \/>\n<meta property=\"og:image\" content=\"https:\/\/biodynamizer.com\/wp-content\/uploads\/2023\/12\/Logo-Biofilter-hor-300x108.png\" \/>\n<meta name=\"twitter:card\" content=\"summary_large_image\" \/>\n<meta name=\"twitter:label1\" content=\"Gesch\u00e4tzte Lesezeit\" \/>\n\t<meta name=\"twitter:data1\" content=\"4\u00a0Minuten\" \/>\n<script type=\"application\/ld+json\" class=\"yoast-schema-graph\">{\"@context\":\"https:\\\/\\\/schema.org\",\"@graph\":[{\"@type\":\"WebPage\",\"@id\":\"https:\\\/\\\/biodynamizer.com\\\/de\\\/unsere-loesungen\\\/der-biofilter\\\/\",\"url\":\"https:\\\/\\\/biodynamizer.com\\\/de\\\/unsere-loesungen\\\/der-biofilter\\\/\",\"name\":\"Der Biofilter - Biodynamizer\",\"isPartOf\":{\"@id\":\"https:\\\/\\\/biodynamizer.com\\\/de\\\/#website\"},\"primaryImageOfPage\":{\"@id\":\"https:\\\/\\\/biodynamizer.com\\\/de\\\/unsere-loesungen\\\/der-biofilter\\\/#primaryimage\"},\"image\":{\"@id\":\"https:\\\/\\\/biodynamizer.com\\\/de\\\/unsere-loesungen\\\/der-biofilter\\\/#primaryimage\"},\"thumbnailUrl\":\"https:\\\/\\\/biodynamizer.com\\\/wp-content\\\/uploads\\\/2023\\\/12\\\/Logo-Biofilter-hor-300x108.png\",\"datePublished\":\"2020-01-14T10:37:18+00:00\",\"dateModified\":\"2025-07-11T08:44:53+00:00\",\"description\":\"Le Biofiltre est un filtre au charbon actif dont la surface d'adsorption permet de retenir la plupart des polluants pr\u00e9sents dans l''eau du robinet. Il est fondamental de purifier l'eau avant de la dynamiser !\",\"breadcrumb\":{\"@id\":\"https:\\\/\\\/biodynamizer.com\\\/de\\\/unsere-loesungen\\\/der-biofilter\\\/#breadcrumb\"},\"inLanguage\":\"de\",\"potentialAction\":[{\"@type\":\"ReadAction\",\"target\":[\"https:\\\/\\\/biodynamizer.com\\\/de\\\/unsere-loesungen\\\/der-biofilter\\\/\"]}]},{\"@type\":\"ImageObject\",\"inLanguage\":\"de\",\"@id\":\"https:\\\/\\\/biodynamizer.com\\\/de\\\/unsere-loesungen\\\/der-biofilter\\\/#primaryimage\",\"url\":\"https:\\\/\\\/biodynamizer.com\\\/wp-content\\\/uploads\\\/2023\\\/12\\\/Logo-Biofilter-hor-300x108.png\",\"contentUrl\":\"https:\\\/\\\/biodynamizer.com\\\/wp-content\\\/uploads\\\/2023\\\/12\\\/Logo-Biofilter-hor-300x108.png\"},{\"@type\":\"BreadcrumbList\",\"@id\":\"https:\\\/\\\/biodynamizer.com\\\/de\\\/unsere-loesungen\\\/der-biofilter\\\/#breadcrumb\",\"itemListElement\":[{\"@type\":\"ListItem\",\"position\":1,\"name\":\"Home\",\"item\":\"https:\\\/\\\/biodynamizer.com\\\/de\\\/\"},{\"@type\":\"ListItem\",\"position\":2,\"name\":\"Unsere L\u00f6sungen\",\"item\":\"https:\\\/\\\/biodynamizer.com\\\/de\\\/unsere-loesungen\\\/\"},{\"@type\":\"ListItem\",\"position\":3,\"name\":\"Der Biofilter\"}]},{\"@type\":\"WebSite\",\"@id\":\"https:\\\/\\\/biodynamizer.com\\\/de\\\/#website\",\"url\":\"https:\\\/\\\/biodynamizer.com\\\/de\\\/\",\"name\":\"Biodynamizer\",\"description\":\"Filtrez et dynamisez votre eau\",\"potentialAction\":[{\"@type\":\"SearchAction\",\"target\":{\"@type\":\"EntryPoint\",\"urlTemplate\":\"https:\\\/\\\/biodynamizer.com\\\/de\\\/?s={search_term_string}\"},\"query-input\":{\"@type\":\"PropertyValueSpecification\",\"valueRequired\":true,\"valueName\":\"search_term_string\"}}],\"inLanguage\":\"de\"}]}<\/script>\n<!-- \/ Yoast SEO plugin. -->","yoast_head_json":{"title":"Der Biofilter - Biodynamizer","description":"Le Biofiltre est un filtre au charbon actif dont la surface d'adsorption permet de retenir la plupart des polluants pr\u00e9sents dans l''eau du robinet. Il est fondamental de purifier l'eau avant de la dynamiser !","robots":{"index":"index","follow":"follow","max-snippet":"max-snippet:-1","max-image-preview":"max-image-preview:large","max-video-preview":"max-video-preview:-1"},"canonical":"https:\/\/biodynamizer.com\/de\/unsere-loesungen\/der-biofilter\/","og_locale":"de_DE","og_type":"article","og_title":"Der Biofilter - Biodynamizer","og_description":"Le Biofiltre est un filtre au charbon actif dont la surface d'adsorption permet de retenir la plupart des polluants pr\u00e9sents dans l''eau du robinet. Il est fondamental de purifier l'eau avant de la dynamiser !","og_url":"https:\/\/biodynamizer.com\/de\/unsere-loesungen\/der-biofilter\/","og_site_name":"Biodynamizer","article_modified_time":"2025-07-11T08:44:53+00:00","og_image":[{"url":"https:\/\/biodynamizer.com\/wp-content\/uploads\/2023\/12\/Logo-Biofilter-hor-300x108.png","type":"","width":"","height":""}],"twitter_card":"summary_large_image","twitter_misc":{"Gesch\u00e4tzte Lesezeit":"4\u00a0Minuten"},"schema":{"@context":"https:\/\/schema.org","@graph":[{"@type":"WebPage","@id":"https:\/\/biodynamizer.com\/de\/unsere-loesungen\/der-biofilter\/","url":"https:\/\/biodynamizer.com\/de\/unsere-loesungen\/der-biofilter\/","name":"Der Biofilter - Biodynamizer","isPartOf":{"@id":"https:\/\/biodynamizer.com\/de\/#website"},"primaryImageOfPage":{"@id":"https:\/\/biodynamizer.com\/de\/unsere-loesungen\/der-biofilter\/#primaryimage"},"image":{"@id":"https:\/\/biodynamizer.com\/de\/unsere-loesungen\/der-biofilter\/#primaryimage"},"thumbnailUrl":"https:\/\/biodynamizer.com\/wp-content\/uploads\/2023\/12\/Logo-Biofilter-hor-300x108.png","datePublished":"2020-01-14T10:37:18+00:00","dateModified":"2025-07-11T08:44:53+00:00","description":"Le Biofiltre est un filtre au charbon actif dont la surface d'adsorption permet de retenir la plupart des polluants pr\u00e9sents dans l''eau du robinet. Il est fondamental de purifier l'eau avant de la dynamiser !","breadcrumb":{"@id":"https:\/\/biodynamizer.com\/de\/unsere-loesungen\/der-biofilter\/#breadcrumb"},"inLanguage":"de","potentialAction":[{"@type":"ReadAction","target":["https:\/\/biodynamizer.com\/de\/unsere-loesungen\/der-biofilter\/"]}]},{"@type":"ImageObject","inLanguage":"de","@id":"https:\/\/biodynamizer.com\/de\/unsere-loesungen\/der-biofilter\/#primaryimage","url":"https:\/\/biodynamizer.com\/wp-content\/uploads\/2023\/12\/Logo-Biofilter-hor-300x108.png","contentUrl":"https:\/\/biodynamizer.com\/wp-content\/uploads\/2023\/12\/Logo-Biofilter-hor-300x108.png"},{"@type":"BreadcrumbList","@id":"https:\/\/biodynamizer.com\/de\/unsere-loesungen\/der-biofilter\/#breadcrumb","itemListElement":[{"@type":"ListItem","position":1,"name":"Home","item":"https:\/\/biodynamizer.com\/de\/"},{"@type":"ListItem","position":2,"name":"Unsere L\u00f6sungen","item":"https:\/\/biodynamizer.com\/de\/unsere-loesungen\/"},{"@type":"ListItem","position":3,"name":"Der Biofilter"}]},{"@type":"WebSite","@id":"https:\/\/biodynamizer.com\/de\/#website","url":"https:\/\/biodynamizer.com\/de\/","name":"Biodynamizer","description":"Filtrez et dynamisez votre eau","potentialAction":[{"@type":"SearchAction","target":{"@type":"EntryPoint","urlTemplate":"https:\/\/biodynamizer.com\/de\/?s={search_term_string}"},"query-input":{"@type":"PropertyValueSpecification","valueRequired":true,"valueName":"search_term_string"}}],"inLanguage":"de"}]}},"_links":{"self":[{"href":"https:\/\/biodynamizer.com\/de\/wp-json\/wp\/v2\/pages\/6731","targetHints":{"allow":["GET"]}}],"collection":[{"href":"https:\/\/biodynamizer.com\/de\/wp-json\/wp\/v2\/pages"}],"about":[{"href":"https:\/\/biodynamizer.com\/de\/wp-json\/wp\/v2\/types\/page"}],"author":[{"embeddable":true,"href":"https:\/\/biodynamizer.com\/de\/wp-json\/wp\/v2\/users\/3"}],"replies":[{"embeddable":true,"href":"https:\/\/biodynamizer.com\/de\/wp-json\/wp\/v2\/comments?post=6731"}],"version-history":[{"count":48,"href":"https:\/\/biodynamizer.com\/de\/wp-json\/wp\/v2\/pages\/6731\/revisions"}],"predecessor-version":[{"id":27543,"href":"https:\/\/biodynamizer.com\/de\/wp-json\/wp\/v2\/pages\/6731\/revisions\/27543"}],"up":[{"embeddable":true,"href":"https:\/\/biodynamizer.com\/de\/wp-json\/wp\/v2\/pages\/5961"}],"wp:attachment":[{"href":"https:\/\/biodynamizer.com\/de\/wp-json\/wp\/v2\/media?parent=6731"}],"curies":[{"name":"wp","href":"https:\/\/api.w.org\/{rel}","templated":true}]}}